{"id":11276,"date":"2023-01-09T12:21:54","date_gmt":"2023-01-09T10:21:54","guid":{"rendered":"https:\/\/legandgo.com\/der-gruene-punkt\/"},"modified":"2023-01-09T12:23:13","modified_gmt":"2023-01-09T10:23:13","slug":"der-gruene-punkt","status":"publish","type":"page","link":"https:\/\/legandgo.com\/de\/der-gruene-punkt\/","title":{"rendered":"Der Gr\u00fcne Punkt"},"content":{"rendered":"\n<p>Mit diesem Logo m\u00f6chten wir zeigen, dass wir Kunde bei Der Gr\u00fcne Punkt \u2013 Duales System Deutschland GmbH sind und unsere Verkaufsverpackungen f\u00fcr Deutschland am dualen System Der Gr\u00fcne Punkt beteiligen.<\/p>\n\n\n<div class=\"wp-block-image\">\n<figure class=\"aligncenter size-full\"><img loading=\"lazy\" decoding=\"async\" width=\"534\" height=\"468\" src=\"https:\/\/legandgo.com\/wp-content\/uploads\/2023\/01\/2022ab1_DSD_GP_beteiligt_eng.png\" alt=\"\" class=\"wp-image-11243\" srcset=\"https:\/\/legandgo.com\/wp-content\/uploads\/2023\/01\/2022ab1_DSD_GP_beteiligt_eng.png 534w, https:\/\/legandgo.com\/wp-content\/uploads\/2023\/01\/2022ab1_DSD_GP_beteiligt_eng-300x263.png 300w\" sizes=\"auto, (max-width: 534px) 100vw, 534px\" \/><\/figure><\/div>","protected":false},"excerpt":{"rendered":"<p>Mit diesem Logo m\u00f6chten wir zeigen, dass wir Kunde bei Der Gr\u00fcne Punkt \u2013 Duales System Deutschland GmbH sind und unsere Verkaufsverpackungen f\u00fcr Deutschland am dualen System Der Gr\u00fcne Punkt beteiligen.<\/p>\n","protected":false},"author":16718,"featured_media":0,"parent":0,"menu_order":0,"comment_status":"closed","ping_status":"closed","template":"","meta":{"_acf_changed":false,"inline_featured_image":false,"footnotes":""},"class_list":["post-11276","page","type-page","status-publish","hentry"],"acf":[],"yoast_head":"<!-- This site is optimized with the Yoast SEO plugin v25.9 - https:\/\/yoast.com\/wordpress\/plugins\/seo\/ -->\n<title>Der Gr\u00fcne Punkt &#183; leg&amp;go<\/title>\n<meta name=\"robots\" content=\"index, follow, max-snippet:-1, max-image-preview:large, max-video-preview:-1\" \/>\n<link rel=\"canonical\" href=\"https:\/\/legandgo.com\/de\/der-gruene-punkt\/\" \/>\n<meta property=\"og:locale\" content=\"de_DE\" \/>\n<meta property=\"og:type\" content=\"article\" \/>\n<meta property=\"og:title\" content=\"Der Gr\u00fcne Punkt &#183; leg&amp;go\" \/>\n<meta property=\"og:description\" content=\"Mit diesem Logo m\u00f6chten wir zeigen, dass wir Kunde bei Der Gr\u00fcne Punkt \u2013 Duales System Deutschland GmbH sind und unsere Verkaufsverpackungen f\u00fcr Deutschland am dualen System Der Gr\u00fcne Punkt beteiligen.\" \/>\n<meta property=\"og:url\" content=\"https:\/\/legandgo.com\/de\/der-gruene-punkt\/\" \/>\n<meta property=\"og:site_name\" content=\"leg&amp;go\" \/>\n<meta property=\"article:publisher\" content=\"https:\/\/www.facebook.com\/legandgo\" \/>\n<meta property=\"article:modified_time\" content=\"2023-01-09T10:23:13+00:00\" \/>\n<meta property=\"og:image\" content=\"https:\/\/legandgo.com\/wp-content\/uploads\/2023\/01\/2022ab1_DSD_GP_beteiligt_eng.png\" \/>\n<meta name=\"twitter:card\" content=\"summary_large_image\" \/>\n<script type=\"application\/ld+json\" class=\"yoast-schema-graph\">{\"@context\":\"https:\/\/schema.org\",\"@graph\":[{\"@type\":\"WebPage\",\"@id\":\"https:\/\/legandgo.com\/de\/der-gruene-punkt\/\",\"url\":\"https:\/\/legandgo.com\/de\/der-gruene-punkt\/\",\"name\":\"Der Gr\u00fcne Punkt &#183; leg&amp;go\",\"isPartOf\":{\"@id\":\"https:\/\/legandgo.com\/de\/#website\"},\"primaryImageOfPage\":{\"@id\":\"https:\/\/legandgo.com\/de\/der-gruene-punkt\/#primaryimage\"},\"image\":{\"@id\":\"https:\/\/legandgo.com\/de\/der-gruene-punkt\/#primaryimage\"},\"thumbnailUrl\":\"https:\/\/legandgo.com\/wp-content\/uploads\/2023\/01\/2022ab1_DSD_GP_beteiligt_eng.png\",\"datePublished\":\"2023-01-09T10:21:54+00:00\",\"dateModified\":\"2023-01-09T10:23:13+00:00\",\"breadcrumb\":{\"@id\":\"https:\/\/legandgo.com\/de\/der-gruene-punkt\/#breadcrumb\"},\"inLanguage\":\"de-DE\",\"potentialAction\":[{\"@type\":\"ReadAction\",\"target\":[\"https:\/\/legandgo.com\/de\/der-gruene-punkt\/\"]}]},{\"@type\":\"ImageObject\",\"inLanguage\":\"de-DE\",\"@id\":\"https:\/\/legandgo.com\/de\/der-gruene-punkt\/#primaryimage\",\"url\":\"https:\/\/legandgo.com\/wp-content\/uploads\/2023\/01\/2022ab1_DSD_GP_beteiligt_eng.png\",\"contentUrl\":\"https:\/\/legandgo.com\/wp-content\/uploads\/2023\/01\/2022ab1_DSD_GP_beteiligt_eng.png\"},{\"@type\":\"BreadcrumbList\",\"@id\":\"https:\/\/legandgo.com\/de\/der-gruene-punkt\/#breadcrumb\",\"itemListElement\":[{\"@type\":\"ListItem\",\"position\":1,\"name\":\"Home\",\"item\":\"https:\/\/legandgo.com\/de\/\"},{\"@type\":\"ListItem\",\"position\":2,\"name\":\"Der Gr\u00fcne Punkt\"}]},{\"@type\":\"WebSite\",\"@id\":\"https:\/\/legandgo.com\/de\/#website\",\"url\":\"https:\/\/legandgo.com\/de\/\",\"name\":\"leg&amp;go\",\"description\":\"\",\"publisher\":{\"@id\":\"https:\/\/legandgo.com\/de\/#organization\"},\"potentialAction\":[{\"@type\":\"SearchAction\",\"target\":{\"@type\":\"EntryPoint\",\"urlTemplate\":\"https:\/\/legandgo.com\/de\/?s={search_term_string}\"},\"query-input\":{\"@type\":\"PropertyValueSpecification\",\"valueRequired\":true,\"valueName\":\"search_term_string\"}}],\"inLanguage\":\"de-DE\"},{\"@type\":\"Organization\",\"@id\":\"https:\/\/legandgo.com\/de\/#organization\",\"name\":\"leg&go bike\",\"url\":\"https:\/\/legandgo.com\/de\/\",\"logo\":{\"@type\":\"ImageObject\",\"inLanguage\":\"de-DE\",\"@id\":\"https:\/\/legandgo.com\/de\/#\/schema\/logo\/image\/\",\"url\":\"https:\/\/legandgo.com\/wp-content\/uploads\/2021\/03\/logorf.png\",\"contentUrl\":\"https:\/\/legandgo.com\/wp-content\/uploads\/2021\/03\/logorf.png\",\"width\":675,\"height\":216,\"caption\":\"leg&go bike\"},\"image\":{\"@id\":\"https:\/\/legandgo.com\/de\/#\/schema\/logo\/image\/\"},\"sameAs\":[\"https:\/\/www.facebook.com\/legandgo\",\"https:\/\/www.instagram.com\/legandgo\/\",\"https:\/\/www.linkedin.com\/company\/legandgo\/\",\"https:\/\/www.pinterest.com\/legandgo\/\",\"https:\/\/www.youtube.com\/channel\/UC_FBzWPmKWE0g7fcR4Xdfuw\/\"]}]}<\/script>\n<!-- \/ Yoast SEO plugin. -->","yoast_head_json":{"title":"Der Gr\u00fcne Punkt &#183; leg&amp;go","robots":{"index":"index","follow":"follow","max-snippet":"max-snippet:-1","max-image-preview":"max-image-preview:large","max-video-preview":"max-video-preview:-1"},"canonical":"https:\/\/legandgo.com\/de\/der-gruene-punkt\/","og_locale":"de_DE","og_type":"article","og_title":"Der Gr\u00fcne Punkt &#183; leg&amp;go","og_description":"Mit diesem Logo m\u00f6chten wir zeigen, dass wir Kunde bei Der Gr\u00fcne Punkt \u2013 Duales System Deutschland GmbH sind und unsere Verkaufsverpackungen f\u00fcr Deutschland am dualen System Der Gr\u00fcne Punkt beteiligen.","og_url":"https:\/\/legandgo.com\/de\/der-gruene-punkt\/","og_site_name":"leg&amp;go","article_publisher":"https:\/\/www.facebook.com\/legandgo","article_modified_time":"2023-01-09T10:23:13+00:00","og_image":[{"url":"https:\/\/legandgo.com\/wp-content\/uploads\/2023\/01\/2022ab1_DSD_GP_beteiligt_eng.png","type":"","width":"","height":""}],"twitter_card":"summary_large_image","schema":{"@context":"https:\/\/schema.org","@graph":[{"@type":"WebPage","@id":"https:\/\/legandgo.com\/de\/der-gruene-punkt\/","url":"https:\/\/legandgo.com\/de\/der-gruene-punkt\/","name":"Der Gr\u00fcne Punkt &#183; leg&amp;go","isPartOf":{"@id":"https:\/\/legandgo.com\/de\/#website"},"primaryImageOfPage":{"@id":"https:\/\/legandgo.com\/de\/der-gruene-punkt\/#primaryimage"},"image":{"@id":"https:\/\/legandgo.com\/de\/der-gruene-punkt\/#primaryimage"},"thumbnailUrl":"https:\/\/legandgo.com\/wp-content\/uploads\/2023\/01\/2022ab1_DSD_GP_beteiligt_eng.png","datePublished":"2023-01-09T10:21:54+00:00","dateModified":"2023-01-09T10:23:13+00:00","breadcrumb":{"@id":"https:\/\/legandgo.com\/de\/der-gruene-punkt\/#breadcrumb"},"inLanguage":"de-DE","potentialAction":[{"@type":"ReadAction","target":["https:\/\/legandgo.com\/de\/der-gruene-punkt\/"]}]},{"@type":"ImageObject","inLanguage":"de-DE","@id":"https:\/\/legandgo.com\/de\/der-gruene-punkt\/#primaryimage","url":"https:\/\/legandgo.com\/wp-content\/uploads\/2023\/01\/2022ab1_DSD_GP_beteiligt_eng.png","contentUrl":"https:\/\/legandgo.com\/wp-content\/uploads\/2023\/01\/2022ab1_DSD_GP_beteiligt_eng.png"},{"@type":"BreadcrumbList","@id":"https:\/\/legandgo.com\/de\/der-gruene-punkt\/#breadcrumb","itemListElement":[{"@type":"ListItem","position":1,"name":"Home","item":"https:\/\/legandgo.com\/de\/"},{"@type":"ListItem","position":2,"name":"Der Gr\u00fcne Punkt"}]},{"@type":"WebSite","@id":"https:\/\/legandgo.com\/de\/#website","url":"https:\/\/legandgo.com\/de\/","name":"leg&amp;go","description":"","publisher":{"@id":"https:\/\/legandgo.com\/de\/#organization"},"potentialAction":[{"@type":"SearchAction","target":{"@type":"EntryPoint","urlTemplate":"https:\/\/legandgo.com\/de\/?s={search_term_string}"},"query-input":{"@type":"PropertyValueSpecification","valueRequired":true,"valueName":"search_term_string"}}],"inLanguage":"de-DE"},{"@type":"Organization","@id":"https:\/\/legandgo.com\/de\/#organization","name":"leg&go bike","url":"https:\/\/legandgo.com\/de\/","logo":{"@type":"ImageObject","inLanguage":"de-DE","@id":"https:\/\/legandgo.com\/de\/#\/schema\/logo\/image\/","url":"https:\/\/legandgo.com\/wp-content\/uploads\/2021\/03\/logorf.png","contentUrl":"https:\/\/legandgo.com\/wp-content\/uploads\/2021\/03\/logorf.png","width":675,"height":216,"caption":"leg&go bike"},"image":{"@id":"https:\/\/legandgo.com\/de\/#\/schema\/logo\/image\/"},"sameAs":["https:\/\/www.facebook.com\/legandgo","https:\/\/www.instagram.com\/legandgo\/","https:\/\/www.linkedin.com\/company\/legandgo\/","https:\/\/www.pinterest.com\/legandgo\/","https:\/\/www.youtube.com\/channel\/UC_FBzWPmKWE0g7fcR4Xdfuw\/"]}]}},"_links":{"self":[{"href":"https:\/\/legandgo.com\/de\/wp-json\/wp\/v2\/pages\/11276","targetHints":{"allow":["GET"]}}],"collection":[{"href":"https:\/\/legandgo.com\/de\/wp-json\/wp\/v2\/pages"}],"about":[{"href":"https:\/\/legandgo.com\/de\/wp-json\/wp\/v2\/types\/page"}],"author":[{"embeddable":true,"href":"https:\/\/legandgo.com\/de\/wp-json\/wp\/v2\/users\/16718"}],"replies":[{"embeddable":true,"href":"https:\/\/legandgo.com\/de\/wp-json\/wp\/v2\/comments?post=11276"}],"version-history":[{"count":2,"href":"https:\/\/legandgo.com\/de\/wp-json\/wp\/v2\/pages\/11276\/revisions"}],"predecessor-version":[{"id":11278,"href":"https:\/\/legandgo.com\/de\/wp-json\/wp\/v2\/pages\/11276\/revisions\/11278"}],"wp:attachment":[{"href":"https:\/\/legandgo.com\/de\/wp-json\/wp\/v2\/media?parent=11276"}],"curies":[{"name":"wp","href":"https:\/\/api.w.org\/{rel}","templated":true}]}}