{"id":57,"date":"2020-08-30T07:45:54","date_gmt":"2020-08-30T07:45:54","guid":{"rendered":"http:\/\/legandgo.com\/?page_id=57"},"modified":"2026-01-15T11:59:23","modified_gmt":"2026-01-15T09:59:23","slug":"home","status":"publish","type":"page","link":"https:\/\/legandgo.com\/de\/","title":{"rendered":"Home Page"},"content":{"rendered":"\n<div class=\"wp-block-group\"><div class=\"wp-block-group__inner-container is-layout-flow wp-block-group-is-layout-flow\">\n<h1 class=\"wp-block-heading has-text-align-center\">Alles was ein erstes Laufrad<br>haben sollte!<\/h1>\n\n\n\n<div class=\"relative-position scroll-animation-div\"><div class=\"scroll-animation notscrolled\"><\/div><span>Scrollen Sie weiter, um die Transformation des Laufrads zu sehen<\/span><\/div>\n\n\n\n<div class=\"wrapper-common\">\n   <div class=\"front-slide-changer front-slide info-block\">\n      <div class=\"show-info-bl show-info-bl-1\">\n         <h3>Zusammen gro\u00df werden<\/h3>\n         <p>Dieses Laufrad w\u00e4chst und verwandelt sich zusammen mit Ihrem Kind!<\/p>\n         <a class=\"bike-bttn\" href=\"https:\/\/legandgo.com\/de\/shop\/laufrad3in1\/balance-bike-3in1\/\">Laufrad ansehen<\/a>\n      <\/div>\n      <div class=\"show-info-bl show-info-bl-2\" style=\"display: none;\">\n         <h3>Eine vorausschauende Investition<\/h3>\n         <p>Warum mehrere Laufr\u00e4der \u00fcber die Jahre hinweg kaufen, wenn Sie eines haben k\u00f6nnen \u2013 immer in der richtigen Gr\u00f6\u00dfe?<\/p>\n         <a class=\"bike-bttn\" href=\"https:\/\/legandgo.com\/de\/shop\/laufrad3in1\/balance-bike-3in1\/\">Laufrad ansehen<\/a>\n      <\/div>\n      <div class=\"show-info-bl show-info-bl-3\" style=\"display: none;\">\n         <h3>Sicherheit<br>in jedem Alter<\/h3>\n         <p>Bei allen Verwandlungen bleibt das Laufrad stabil und ergonomisch, damit die Fahrenden sicher neue F\u00e4higkeiten entwickeln k\u00f6nnen.<\/p>\n         <a class=\"bike-bttn\" href=\"https:\/\/legandgo.com\/de\/shop\/laufrad3in1\/balance-bike-3in1\/\">Laufrad ansehen<\/a>\n      <\/div>\n   <\/div>\n<\/div>\n<\/div><\/div>\n\n\n\n<div class=\"wp-block-group\"><div class=\"wp-block-group__inner-container is-layout-flow wp-block-group-is-layout-flow\">\n<div class=\"wp-block-columns is-layout-flex wp-container-core-columns-is-layout-9d6595d7 wp-block-columns-is-layout-flex\">\n<div class=\"wp-block-column is-layout-flow wp-block-column-is-layout-flow\">\n<h3 class=\"wp-block-heading has-text-align-center\">Wandelbarkeit<\/h3>\n\n\n\n<figure class=\"wp-block-image size-large\"><img decoding=\"async\" src=\"https:\/\/legandgo.com\/wp-content\/uploads\/2020\/08\/transformability-1.svg\" alt=\"\" class=\"wp-image-159\"\/><\/figure>\n\n\n\n<p class=\"has-text-align-center\">1 Minute und 0 Werkzeug \u2013 so wenig ist n\u00f6tig, um Ihr 3in1 Laufrad von einer sehr niedrigen Baby-Version in ein h\u00f6heres Setup oder mit mehr Federung umzubauen.<\/p>\n<\/div>\n\n\n\n<div class=\"wp-block-column is-layout-flow wp-block-column-is-layout-flow\">\n<h3 class=\"wp-block-heading has-text-align-center\">Langlebigkeit<\/h3>\n\n\n\n<figure class=\"wp-block-image size-large\"><img decoding=\"async\" src=\"https:\/\/legandgo.com\/wp-content\/uploads\/2020\/08\/longevity-1.svg\" alt=\"\" class=\"wp-image-162\"\/><\/figure>\n\n\n\n<p class=\"has-text-align-center\">Ein Laufrad von 1 Jahr bis 5 Jahre. Von 85 cm Gr\u00f6\u00dfe bis 115 cm. Von 25 cm Sattelh\u00f6he bis 47 cm.<\/p>\n<\/div>\n\n\n\n<div class=\"wp-block-column is-layout-flow wp-block-column-is-layout-flow\">\n<h3 class=\"wp-block-heading has-text-align-center\">Qualit\u00e4t<\/h3>\n\n\n\n<figure class=\"wp-block-image size-large\"><img decoding=\"async\" src=\"https:\/\/legandgo.com\/wp-content\/uploads\/2020\/08\/quality.svg\" alt=\"\" class=\"wp-image-165\"\/><\/figure>\n\n\n\n<p class=\"has-text-align-center\">Mit der Kombination aus sorgf\u00e4ltiger Verarbeitung und smarter Technologie dauert es 3 Monate von dem Moment, in dem unsere Handwerker ein massives St\u00fcck aus erstklassigem Birkensperrholz erhalten, bis zu dem Moment, in dem das fertiggestellte Laufrad in seiner ordentlich designten Verpackung liegt.<\/p>\n<\/div>\n<\/div>\n\n\n\n<p><\/p>\n<\/div><\/div>\n\n\n\n<div class=\"wp-block-group\"><div class=\"wp-block-group__inner-container is-layout-flow wp-block-group-is-layout-flow\">\n<h2 class=\"wp-block-heading has-text-align-center\">Unsere Auszeichnungen<\/h2>\n\n\n\n<p class=\"has-text-align-center\">Wir sind stolz und geehrt, diese Auszeichnungen erhalten zu haben<\/p>\n\n\n\n<div class=\"wp-block-columns is-layout-flex wp-container-core-columns-is-layout-9d6595d7 wp-block-columns-is-layout-flex\">\n<div class=\"wp-block-column is-layout-flow wp-block-column-is-layout-flow\">\n<figure class=\"wp-block-image size-large is-resized\"><img loading=\"lazy\" decoding=\"async\" width=\"976\" height=\"500\" src=\"https:\/\/legandgo.com\/wp-content\/uploads\/2020\/08\/award1.jpg\" alt=\"\" class=\"wp-image-171\" style=\"width:220px;height:111px\" srcset=\"https:\/\/legandgo.com\/wp-content\/uploads\/2020\/08\/award1.jpg 976w, https:\/\/legandgo.com\/wp-content\/uploads\/2020\/08\/award1-300x154.jpg 300w, https:\/\/legandgo.com\/wp-content\/uploads\/2020\/08\/award1-768x393.jpg 768w, https:\/\/legandgo.com\/wp-content\/uploads\/2020\/08\/award1-720x369.jpg 720w, https:\/\/legandgo.com\/wp-content\/uploads\/2020\/08\/award1-600x307.jpg 600w\" sizes=\"auto, (max-width: 976px) 100vw, 976px\" \/><\/figure>\n<\/div>\n\n\n\n<div class=\"wp-block-column is-layout-flow wp-block-column-is-layout-flow\">\n<figure class=\"wp-block-image size-large is-resized\"><img loading=\"lazy\" decoding=\"async\" width=\"266\" height=\"224\" src=\"https:\/\/legandgo.com\/wp-content\/uploads\/2020\/08\/award2-2.png\" alt=\"\" class=\"wp-image-173\" style=\"width:189px;height:156px\"\/><\/figure>\n<\/div>\n\n\n\n<div class=\"wp-block-column is-layout-flow wp-block-column-is-layout-flow\">\n<figure class=\"wp-block-image size-large is-resized\"><img loading=\"lazy\" decoding=\"async\" width=\"500\" height=\"901\" src=\"https:\/\/legandgo.com\/wp-content\/uploads\/2020\/08\/award3.jpg\" alt=\"\" class=\"wp-image-168\" style=\"width:93px;height:166px\" srcset=\"https:\/\/legandgo.com\/wp-content\/uploads\/2020\/08\/award3.jpg 500w, https:\/\/legandgo.com\/wp-content\/uploads\/2020\/08\/award3-166x300.jpg 166w, https:\/\/legandgo.com\/wp-content\/uploads\/2020\/08\/award3-266x480.jpg 266w\" sizes=\"auto, (max-width: 500px) 100vw, 500px\" \/><\/figure>\n<\/div>\n\n\n\n<div class=\"wp-block-column is-layout-flow wp-block-column-is-layout-flow\">\n<figure class=\"wp-block-image size-large is-resized\"><img loading=\"lazy\" decoding=\"async\" width=\"934\" height=\"501\" src=\"https:\/\/legandgo.com\/wp-content\/uploads\/2020\/08\/award4-2.png\" alt=\"\" class=\"wp-image-175\" style=\"width:315px;height:168px\" srcset=\"https:\/\/legandgo.com\/wp-content\/uploads\/2020\/08\/award4-2.png 934w, https:\/\/legandgo.com\/wp-content\/uploads\/2020\/08\/award4-2-300x161.png 300w, https:\/\/legandgo.com\/wp-content\/uploads\/2020\/08\/award4-2-768x412.png 768w, https:\/\/legandgo.com\/wp-content\/uploads\/2020\/08\/award4-2-720x386.png 720w, https:\/\/legandgo.com\/wp-content\/uploads\/2020\/08\/award4-2-600x322.png 600w\" sizes=\"auto, (max-width: 934px) 100vw, 934px\" \/><\/figure>\n<\/div>\n<\/div>\n\n\n\n<p><\/p>\n<\/div><\/div>\n\n\n\n<div class=\"wp-block-group\"><div class=\"wp-block-group__inner-container is-layout-flow wp-block-group-is-layout-flow\">\n<h2 class=\"wp-block-heading has-text-align-center\">Was Kunden und die Preisverleiher sagen<\/h2>\n\n\n\n<div class=\"wp-block-group\"><div class=\"wp-block-group__inner-container is-layout-flow wp-block-group-is-layout-flow\">\n<p>Einfach grossartig! Immer, wenn wir drau\u00dfen sind, sagt jemand: \u201eWow! Was f\u00fcr ein Laufrad!&#8221;. Mein Sohn liebt sein besonderes Laufrad, das jetzt alle haben m\u00f6chten. Und im Kundenservice sitzen nur fantastische Menschen, immer hilfsbereit!<\/p> <span class=\"author\">Sarah Cools Gallien, Schweiz<\/span>\n\n\n\n<p>Der Traum von jedem Fahrrad-Fan! Zukunftsweisend, nachhaltig, einfach und anpassbar \u2014 eines der innovativsten Produkte des Jahres!<\/p> <span class=\"author\">Jury des Design &amp; Innovation Awards 2019<\/span>\n\n\n\n<p>Das Laufrad ist beinahe ein Kunstwerk auf R\u00e4dern, so sch\u00f6n ist es.<\/p> <span class=\"author\">Bryan O Connell, Republik S\u00fcdafrika<\/span>\n\n\n\n<p>Wir waren sprachlos, als wir das neue Laufrad per Eintausch f\u00fcr unseren Sohn erhalten haben&#8230; Sie sind eine unglaubliche Firma.<\/p> <span class=\"author\">Dorit Breitfellner, \u00d6sterreich<\/span>\n<\/div><\/div>\n<\/div><\/div>\n","protected":false},"excerpt":{"rendered":"<p>Alles was ein erstes Laufradhaben sollte! Scrollen Sie weiter, um die Transformation des Laufrads zu sehen Zusammen gro\u00df werden Dieses Laufrad w\u00e4chst und verwandelt sich zusammen mit Ihrem Kind! Laufrad ansehen Eine vorausschauende Investition Warum mehrere Laufr\u00e4der \u00fcber die Jahre hinweg kaufen, wenn Sie eines haben k\u00f6nnen \u2013 immer in der richtigen Gr\u00f6\u00dfe? Laufrad ansehen<a class=\"excerpt-read-more\" href=\"https:\/\/legandgo.com\/de\/\" title=\"ReadHome Page\">&#8230; Read more &raquo;<\/a><\/p>\n","protected":false},"author":1,"featured_media":0,"parent":0,"menu_order":61,"comment_status":"closed","ping_status":"closed","template":"page-home.php","meta":{"_acf_changed":false,"inline_featured_image":false,"footnotes":""},"class_list":["post-57","page","type-page","status-publish","hentry"],"acf":[],"yoast_head":"<!-- This site is optimized with the Yoast SEO plugin v25.9 - https:\/\/yoast.com\/wordpress\/plugins\/seo\/ -->\n<title>leg&amp;go balance bike. Transformable. Long-lasting. Sustainable.<\/title>\n<meta name=\"description\" content=\"leg&amp;go balance bike. Transformable. Long-lasting. Sustainable. Everything your child&#039;s first bike should be!\" \/>\n<meta name=\"robots\" content=\"index, follow, max-snippet:-1, max-image-preview:large, max-video-preview:-1\" \/>\n<link rel=\"canonical\" href=\"https:\/\/legandgo.com\/de\/\" \/>\n<meta property=\"og:locale\" content=\"de_DE\" \/>\n<meta property=\"og:type\" content=\"article\" \/>\n<meta property=\"og:title\" content=\"leg&amp;go balance bike. Transformable. Long-lasting. Sustainable.\" \/>\n<meta property=\"og:description\" content=\"leg&amp;go balance bike. Transformable. Long-lasting. Sustainable. Everything your child&#039;s first bike should be!\" \/>\n<meta property=\"og:url\" content=\"https:\/\/legandgo.com\/de\/\" \/>\n<meta property=\"og:site_name\" content=\"leg&amp;go\" \/>\n<meta property=\"article:publisher\" content=\"https:\/\/www.facebook.com\/legandgo\" \/>\n<meta property=\"article:modified_time\" content=\"2026-01-15T09:59:23+00:00\" \/>\n<meta property=\"og:image\" content=\"https:\/\/legandgo.com\/wp-content\/uploads\/2021\/02\/572a9dff7e0dea6b91d5e27979d5f64e.jpg\" \/>\n\t<meta property=\"og:image:width\" content=\"1200\" \/>\n\t<meta property=\"og:image:height\" content=\"675\" \/>\n\t<meta property=\"og:image:type\" content=\"image\/jpeg\" \/>\n<meta name=\"twitter:card\" content=\"summary_large_image\" \/>\n<meta name=\"twitter:label1\" content=\"Gesch\u00e4tzte Lesezeit\" \/>\n\t<meta name=\"twitter:data1\" content=\"3 Minuten\" \/>\n<script type=\"application\/ld+json\" class=\"yoast-schema-graph\">{\"@context\":\"https:\/\/schema.org\",\"@graph\":[{\"@type\":\"WebPage\",\"@id\":\"https:\/\/legandgo.com\/de\/\",\"url\":\"https:\/\/legandgo.com\/de\/\",\"name\":\"leg&go balance bike. Transformable. Long-lasting. Sustainable.\",\"isPartOf\":{\"@id\":\"https:\/\/legandgo.com\/de\/#website\"},\"primaryImageOfPage\":{\"@id\":\"https:\/\/legandgo.com\/de\/#primaryimage\"},\"image\":{\"@id\":\"https:\/\/legandgo.com\/de\/#primaryimage\"},\"thumbnailUrl\":\"https:\/\/legandgo.com\/wp-content\/uploads\/2020\/08\/transformability-1.svg\",\"datePublished\":\"2020-08-30T07:45:54+00:00\",\"dateModified\":\"2026-01-15T09:59:23+00:00\",\"description\":\"leg&go balance bike. Transformable. Long-lasting. Sustainable. Everything your child's first bike should be!\",\"breadcrumb\":{\"@id\":\"https:\/\/legandgo.com\/de\/#breadcrumb\"},\"inLanguage\":\"de-DE\",\"potentialAction\":[{\"@type\":\"ReadAction\",\"target\":[\"https:\/\/legandgo.com\/de\/\"]}]},{\"@type\":\"ImageObject\",\"inLanguage\":\"de-DE\",\"@id\":\"https:\/\/legandgo.com\/de\/#primaryimage\",\"url\":\"https:\/\/legandgo.com\/wp-content\/uploads\/2020\/08\/transformability-1.svg\",\"contentUrl\":\"https:\/\/legandgo.com\/wp-content\/uploads\/2020\/08\/transformability-1.svg\"},{\"@type\":\"BreadcrumbList\",\"@id\":\"https:\/\/legandgo.com\/de\/#breadcrumb\",\"itemListElement\":[{\"@type\":\"ListItem\",\"position\":1,\"name\":\"Home\",\"item\":\"https:\/\/legandgo.com\/de\/\"},{\"@type\":\"ListItem\",\"position\":2,\"name\":\"Home Page\"}]},{\"@type\":\"WebSite\",\"@id\":\"https:\/\/legandgo.com\/de\/#website\",\"url\":\"https:\/\/legandgo.com\/de\/\",\"name\":\"leg&amp;go\",\"description\":\"\",\"publisher\":{\"@id\":\"https:\/\/legandgo.com\/de\/#organization\"},\"potentialAction\":[{\"@type\":\"SearchAction\",\"target\":{\"@type\":\"EntryPoint\",\"urlTemplate\":\"https:\/\/legandgo.com\/de\/?s={search_term_string}\"},\"query-input\":{\"@type\":\"PropertyValueSpecification\",\"valueRequired\":true,\"valueName\":\"search_term_string\"}}],\"inLanguage\":\"de-DE\"},{\"@type\":\"Organization\",\"@id\":\"https:\/\/legandgo.com\/de\/#organization\",\"name\":\"leg&go bike\",\"url\":\"https:\/\/legandgo.com\/de\/\",\"logo\":{\"@type\":\"ImageObject\",\"inLanguage\":\"de-DE\",\"@id\":\"https:\/\/legandgo.com\/de\/#\/schema\/logo\/image\/\",\"url\":\"https:\/\/legandgo.com\/wp-content\/uploads\/2021\/03\/logorf.png\",\"contentUrl\":\"https:\/\/legandgo.com\/wp-content\/uploads\/2021\/03\/logorf.png\",\"width\":675,\"height\":216,\"caption\":\"leg&go bike\"},\"image\":{\"@id\":\"https:\/\/legandgo.com\/de\/#\/schema\/logo\/image\/\"},\"sameAs\":[\"https:\/\/www.facebook.com\/legandgo\",\"https:\/\/www.instagram.com\/legandgo\/\",\"https:\/\/www.linkedin.com\/company\/legandgo\/\",\"https:\/\/www.pinterest.com\/legandgo\/\",\"https:\/\/www.youtube.com\/channel\/UC_FBzWPmKWE0g7fcR4Xdfuw\/\"]}]}<\/script>\n<!-- \/ Yoast SEO plugin. -->","yoast_head_json":{"title":"leg&go balance bike. Transformable. Long-lasting. Sustainable.","description":"leg&go balance bike. Transformable. Long-lasting. Sustainable. Everything your child's first bike should be!","robots":{"index":"index","follow":"follow","max-snippet":"max-snippet:-1","max-image-preview":"max-image-preview:large","max-video-preview":"max-video-preview:-1"},"canonical":"https:\/\/legandgo.com\/de\/","og_locale":"de_DE","og_type":"article","og_title":"leg&go balance bike. Transformable. Long-lasting. Sustainable.","og_description":"leg&go balance bike. Transformable. Long-lasting. Sustainable. Everything your child's first bike should be!","og_url":"https:\/\/legandgo.com\/de\/","og_site_name":"leg&amp;go","article_publisher":"https:\/\/www.facebook.com\/legandgo","article_modified_time":"2026-01-15T09:59:23+00:00","og_image":[{"width":1200,"height":675,"url":"https:\/\/legandgo.com\/wp-content\/uploads\/2021\/02\/572a9dff7e0dea6b91d5e27979d5f64e.jpg","type":"image\/jpeg"}],"twitter_card":"summary_large_image","twitter_misc":{"Gesch\u00e4tzte Lesezeit":"3 Minuten"},"schema":{"@context":"https:\/\/schema.org","@graph":[{"@type":"WebPage","@id":"https:\/\/legandgo.com\/de\/","url":"https:\/\/legandgo.com\/de\/","name":"leg&go balance bike. Transformable. Long-lasting. Sustainable.","isPartOf":{"@id":"https:\/\/legandgo.com\/de\/#website"},"primaryImageOfPage":{"@id":"https:\/\/legandgo.com\/de\/#primaryimage"},"image":{"@id":"https:\/\/legandgo.com\/de\/#primaryimage"},"thumbnailUrl":"https:\/\/legandgo.com\/wp-content\/uploads\/2020\/08\/transformability-1.svg","datePublished":"2020-08-30T07:45:54+00:00","dateModified":"2026-01-15T09:59:23+00:00","description":"leg&go balance bike. Transformable. Long-lasting. Sustainable. Everything your child's first bike should be!","breadcrumb":{"@id":"https:\/\/legandgo.com\/de\/#breadcrumb"},"inLanguage":"de-DE","potentialAction":[{"@type":"ReadAction","target":["https:\/\/legandgo.com\/de\/"]}]},{"@type":"ImageObject","inLanguage":"de-DE","@id":"https:\/\/legandgo.com\/de\/#primaryimage","url":"https:\/\/legandgo.com\/wp-content\/uploads\/2020\/08\/transformability-1.svg","contentUrl":"https:\/\/legandgo.com\/wp-content\/uploads\/2020\/08\/transformability-1.svg"},{"@type":"BreadcrumbList","@id":"https:\/\/legandgo.com\/de\/#breadcrumb","itemListElement":[{"@type":"ListItem","position":1,"name":"Home","item":"https:\/\/legandgo.com\/de\/"},{"@type":"ListItem","position":2,"name":"Home Page"}]},{"@type":"WebSite","@id":"https:\/\/legandgo.com\/de\/#website","url":"https:\/\/legandgo.com\/de\/","name":"leg&amp;go","description":"","publisher":{"@id":"https:\/\/legandgo.com\/de\/#organization"},"potentialAction":[{"@type":"SearchAction","target":{"@type":"EntryPoint","urlTemplate":"https:\/\/legandgo.com\/de\/?s={search_term_string}"},"query-input":{"@type":"PropertyValueSpecification","valueRequired":true,"valueName":"search_term_string"}}],"inLanguage":"de-DE"},{"@type":"Organization","@id":"https:\/\/legandgo.com\/de\/#organization","name":"leg&go bike","url":"https:\/\/legandgo.com\/de\/","logo":{"@type":"ImageObject","inLanguage":"de-DE","@id":"https:\/\/legandgo.com\/de\/#\/schema\/logo\/image\/","url":"https:\/\/legandgo.com\/wp-content\/uploads\/2021\/03\/logorf.png","contentUrl":"https:\/\/legandgo.com\/wp-content\/uploads\/2021\/03\/logorf.png","width":675,"height":216,"caption":"leg&go bike"},"image":{"@id":"https:\/\/legandgo.com\/de\/#\/schema\/logo\/image\/"},"sameAs":["https:\/\/www.facebook.com\/legandgo","https:\/\/www.instagram.com\/legandgo\/","https:\/\/www.linkedin.com\/company\/legandgo\/","https:\/\/www.pinterest.com\/legandgo\/","https:\/\/www.youtube.com\/channel\/UC_FBzWPmKWE0g7fcR4Xdfuw\/"]}]}},"_links":{"self":[{"href":"https:\/\/legandgo.com\/de\/wp-json\/wp\/v2\/pages\/57","targetHints":{"allow":["GET"]}}],"collection":[{"href":"https:\/\/legandgo.com\/de\/wp-json\/wp\/v2\/pages"}],"about":[{"href":"https:\/\/legandgo.com\/de\/wp-json\/wp\/v2\/types\/page"}],"author":[{"embeddable":true,"href":"https:\/\/legandgo.com\/de\/wp-json\/wp\/v2\/users\/1"}],"replies":[{"embeddable":true,"href":"https:\/\/legandgo.com\/de\/wp-json\/wp\/v2\/comments?post=57"}],"version-history":[{"count":18,"href":"https:\/\/legandgo.com\/de\/wp-json\/wp\/v2\/pages\/57\/revisions"}],"predecessor-version":[{"id":48126,"href":"https:\/\/legandgo.com\/de\/wp-json\/wp\/v2\/pages\/57\/revisions\/48126"}],"wp:attachment":[{"href":"https:\/\/legandgo.com\/de\/wp-json\/wp\/v2\/media?parent=57"}],"curies":[{"name":"wp","href":"https:\/\/api.w.org\/{rel}","templated":true}]}}