{"id":6090,"date":"2021-12-08T09:49:02","date_gmt":"2021-12-08T07:49:02","guid":{"rendered":"https:\/\/legandgo.com\/christmas\/"},"modified":"2021-12-09T13:53:26","modified_gmt":"2021-12-09T11:53:26","slug":"christmas","status":"publish","type":"page","link":"https:\/\/legandgo.com\/de\/christmas\/","title":{"rendered":"Weihnachten"},"content":{"rendered":"\n<p><span style=\"font-weight: 400;\">Es ist so weit \u2013 die sch\u00f6nste Zeit des Jahres ist hier! Es gibt keinen sch\u00f6neren Anblick als die freudigen Kinderaugen beim Auspacken eines speziell ausgew\u00e4hlten Geschenks, das noch lange nach Weihnachten f\u00fcr Begeisterung sorgen wird.<\/span>&#13;\n&#13;\n<span style=\"font-weight: 400;\">Unsere Weihnachtselfen waren flei\u00dfig und haben daf\u00fcr gesorgt, dass Ihr Einkaufserlebnis so einfach wie m\u00f6glich ist und Sie Ihren kleinen Sch\u00e4tzen nur das Beste schenken k\u00f6nnen!<\/span><\/p>\n","protected":false},"excerpt":{"rendered":"<p>Es ist so weit \u2013 die sch\u00f6nste Zeit des Jahres ist hier! Es gibt keinen sch\u00f6neren Anblick als die freudigen Kinderaugen beim Auspacken eines speziell ausgew\u00e4hlten Geschenks, das noch lange nach Weihnachten f\u00fcr Begeisterung sorgen wird.&#13; &#13; Unsere Weihnachtselfen waren flei\u00dfig und haben daf\u00fcr gesorgt, dass Ihr Einkaufserlebnis so einfach wie m\u00f6glich ist und Sie<a class=\"excerpt-read-more\" href=\"https:\/\/legandgo.com\/de\/christmas\/\" title=\"ReadWeihnachten\">&#8230; Read more &raquo;<\/a><\/p>\n","protected":false},"author":1,"featured_media":0,"parent":0,"menu_order":2,"comment_status":"closed","ping_status":"closed","template":"page-christmass.php","meta":{"_acf_changed":false,"inline_featured_image":false,"footnotes":""},"class_list":["post-6090","page","type-page","status-publish","hentry"],"acf":[],"yoast_head":"<!-- This site is optimized with the Yoast SEO plugin v25.9 - https:\/\/yoast.com\/wordpress\/plugins\/seo\/ -->\n<title>Weihnachten &#183; leg&amp;go<\/title>\n<meta name=\"robots\" content=\"index, follow, max-snippet:-1, max-image-preview:large, max-video-preview:-1\" \/>\n<link rel=\"canonical\" href=\"https:\/\/legandgo.com\/de\/christmas\/\" \/>\n<meta property=\"og:locale\" content=\"de_DE\" \/>\n<meta property=\"og:type\" content=\"article\" \/>\n<meta property=\"og:title\" content=\"Weihnachten &#183; leg&amp;go\" \/>\n<meta property=\"og:description\" content=\"Es ist so weit \u2013 die sch\u00f6nste Zeit des Jahres ist hier! Es gibt keinen sch\u00f6neren Anblick als die freudigen Kinderaugen beim Auspacken eines speziell ausgew\u00e4hlten Geschenks, das noch lange nach Weihnachten f\u00fcr Begeisterung sorgen wird.&#013; &#013; Unsere Weihnachtselfen waren flei\u00dfig und haben daf\u00fcr gesorgt, dass Ihr Einkaufserlebnis so einfach wie m\u00f6glich ist und Sie... Read more &raquo;\" \/>\n<meta property=\"og:url\" content=\"https:\/\/legandgo.com\/de\/christmas\/\" \/>\n<meta property=\"og:site_name\" content=\"leg&amp;go\" \/>\n<meta property=\"article:publisher\" content=\"https:\/\/www.facebook.com\/legandgo\" \/>\n<meta property=\"article:modified_time\" content=\"2021-12-09T11:53:26+00:00\" \/>\n<meta property=\"og:image\" content=\"https:\/\/legandgo.com\/wp-content\/uploads\/2021\/02\/572a9dff7e0dea6b91d5e27979d5f64e.jpg\" \/>\n\t<meta property=\"og:image:width\" content=\"1200\" \/>\n\t<meta property=\"og:image:height\" content=\"675\" \/>\n\t<meta property=\"og:image:type\" content=\"image\/jpeg\" \/>\n<meta name=\"twitter:card\" content=\"summary_large_image\" \/>\n<script type=\"application\/ld+json\" class=\"yoast-schema-graph\">{\"@context\":\"https:\/\/schema.org\",\"@graph\":[{\"@type\":\"WebPage\",\"@id\":\"https:\/\/legandgo.com\/de\/christmas\/\",\"url\":\"https:\/\/legandgo.com\/de\/christmas\/\",\"name\":\"Weihnachten &#183; leg&amp;go\",\"isPartOf\":{\"@id\":\"https:\/\/legandgo.com\/de\/#website\"},\"datePublished\":\"2021-12-08T07:49:02+00:00\",\"dateModified\":\"2021-12-09T11:53:26+00:00\",\"breadcrumb\":{\"@id\":\"https:\/\/legandgo.com\/de\/christmas\/#breadcrumb\"},\"inLanguage\":\"de-DE\",\"potentialAction\":[{\"@type\":\"ReadAction\",\"target\":[\"https:\/\/legandgo.com\/de\/christmas\/\"]}]},{\"@type\":\"BreadcrumbList\",\"@id\":\"https:\/\/legandgo.com\/de\/christmas\/#breadcrumb\",\"itemListElement\":[{\"@type\":\"ListItem\",\"position\":1,\"name\":\"Home\",\"item\":\"https:\/\/legandgo.com\/de\/\"},{\"@type\":\"ListItem\",\"position\":2,\"name\":\"Weihnachten\"}]},{\"@type\":\"WebSite\",\"@id\":\"https:\/\/legandgo.com\/de\/#website\",\"url\":\"https:\/\/legandgo.com\/de\/\",\"name\":\"leg&amp;go\",\"description\":\"\",\"publisher\":{\"@id\":\"https:\/\/legandgo.com\/de\/#organization\"},\"potentialAction\":[{\"@type\":\"SearchAction\",\"target\":{\"@type\":\"EntryPoint\",\"urlTemplate\":\"https:\/\/legandgo.com\/de\/?s={search_term_string}\"},\"query-input\":{\"@type\":\"PropertyValueSpecification\",\"valueRequired\":true,\"valueName\":\"search_term_string\"}}],\"inLanguage\":\"de-DE\"},{\"@type\":\"Organization\",\"@id\":\"https:\/\/legandgo.com\/de\/#organization\",\"name\":\"leg&go bike\",\"url\":\"https:\/\/legandgo.com\/de\/\",\"logo\":{\"@type\":\"ImageObject\",\"inLanguage\":\"de-DE\",\"@id\":\"https:\/\/legandgo.com\/de\/#\/schema\/logo\/image\/\",\"url\":\"https:\/\/legandgo.com\/wp-content\/uploads\/2021\/03\/logorf.png\",\"contentUrl\":\"https:\/\/legandgo.com\/wp-content\/uploads\/2021\/03\/logorf.png\",\"width\":675,\"height\":216,\"caption\":\"leg&go bike\"},\"image\":{\"@id\":\"https:\/\/legandgo.com\/de\/#\/schema\/logo\/image\/\"},\"sameAs\":[\"https:\/\/www.facebook.com\/legandgo\",\"https:\/\/www.instagram.com\/legandgo\/\",\"https:\/\/www.linkedin.com\/company\/legandgo\/\",\"https:\/\/www.pinterest.com\/legandgo\/\",\"https:\/\/www.youtube.com\/channel\/UC_FBzWPmKWE0g7fcR4Xdfuw\/\"]}]}<\/script>\n<!-- \/ Yoast SEO plugin. -->","yoast_head_json":{"title":"Weihnachten &#183; leg&amp;go","robots":{"index":"index","follow":"follow","max-snippet":"max-snippet:-1","max-image-preview":"max-image-preview:large","max-video-preview":"max-video-preview:-1"},"canonical":"https:\/\/legandgo.com\/de\/christmas\/","og_locale":"de_DE","og_type":"article","og_title":"Weihnachten &#183; leg&amp;go","og_description":"Es ist so weit \u2013 die sch\u00f6nste Zeit des Jahres ist hier! Es gibt keinen sch\u00f6neren Anblick als die freudigen Kinderaugen beim Auspacken eines speziell ausgew\u00e4hlten Geschenks, das noch lange nach Weihnachten f\u00fcr Begeisterung sorgen wird.&#13; &#13; Unsere Weihnachtselfen waren flei\u00dfig und haben daf\u00fcr gesorgt, dass Ihr Einkaufserlebnis so einfach wie m\u00f6glich ist und Sie... Read more &raquo;","og_url":"https:\/\/legandgo.com\/de\/christmas\/","og_site_name":"leg&amp;go","article_publisher":"https:\/\/www.facebook.com\/legandgo","article_modified_time":"2021-12-09T11:53:26+00:00","og_image":[{"width":1200,"height":675,"url":"https:\/\/legandgo.com\/wp-content\/uploads\/2021\/02\/572a9dff7e0dea6b91d5e27979d5f64e.jpg","type":"image\/jpeg"}],"twitter_card":"summary_large_image","schema":{"@context":"https:\/\/schema.org","@graph":[{"@type":"WebPage","@id":"https:\/\/legandgo.com\/de\/christmas\/","url":"https:\/\/legandgo.com\/de\/christmas\/","name":"Weihnachten &#183; leg&amp;go","isPartOf":{"@id":"https:\/\/legandgo.com\/de\/#website"},"datePublished":"2021-12-08T07:49:02+00:00","dateModified":"2021-12-09T11:53:26+00:00","breadcrumb":{"@id":"https:\/\/legandgo.com\/de\/christmas\/#breadcrumb"},"inLanguage":"de-DE","potentialAction":[{"@type":"ReadAction","target":["https:\/\/legandgo.com\/de\/christmas\/"]}]},{"@type":"BreadcrumbList","@id":"https:\/\/legandgo.com\/de\/christmas\/#breadcrumb","itemListElement":[{"@type":"ListItem","position":1,"name":"Home","item":"https:\/\/legandgo.com\/de\/"},{"@type":"ListItem","position":2,"name":"Weihnachten"}]},{"@type":"WebSite","@id":"https:\/\/legandgo.com\/de\/#website","url":"https:\/\/legandgo.com\/de\/","name":"leg&amp;go","description":"","publisher":{"@id":"https:\/\/legandgo.com\/de\/#organization"},"potentialAction":[{"@type":"SearchAction","target":{"@type":"EntryPoint","urlTemplate":"https:\/\/legandgo.com\/de\/?s={search_term_string}"},"query-input":{"@type":"PropertyValueSpecification","valueRequired":true,"valueName":"search_term_string"}}],"inLanguage":"de-DE"},{"@type":"Organization","@id":"https:\/\/legandgo.com\/de\/#organization","name":"leg&go bike","url":"https:\/\/legandgo.com\/de\/","logo":{"@type":"ImageObject","inLanguage":"de-DE","@id":"https:\/\/legandgo.com\/de\/#\/schema\/logo\/image\/","url":"https:\/\/legandgo.com\/wp-content\/uploads\/2021\/03\/logorf.png","contentUrl":"https:\/\/legandgo.com\/wp-content\/uploads\/2021\/03\/logorf.png","width":675,"height":216,"caption":"leg&go bike"},"image":{"@id":"https:\/\/legandgo.com\/de\/#\/schema\/logo\/image\/"},"sameAs":["https:\/\/www.facebook.com\/legandgo","https:\/\/www.instagram.com\/legandgo\/","https:\/\/www.linkedin.com\/company\/legandgo\/","https:\/\/www.pinterest.com\/legandgo\/","https:\/\/www.youtube.com\/channel\/UC_FBzWPmKWE0g7fcR4Xdfuw\/"]}]}},"_links":{"self":[{"href":"https:\/\/legandgo.com\/de\/wp-json\/wp\/v2\/pages\/6090","targetHints":{"allow":["GET"]}}],"collection":[{"href":"https:\/\/legandgo.com\/de\/wp-json\/wp\/v2\/pages"}],"about":[{"href":"https:\/\/legandgo.com\/de\/wp-json\/wp\/v2\/types\/page"}],"author":[{"embeddable":true,"href":"https:\/\/legandgo.com\/de\/wp-json\/wp\/v2\/users\/1"}],"replies":[{"embeddable":true,"href":"https:\/\/legandgo.com\/de\/wp-json\/wp\/v2\/comments?post=6090"}],"version-history":[{"count":3,"href":"https:\/\/legandgo.com\/de\/wp-json\/wp\/v2\/pages\/6090\/revisions"}],"predecessor-version":[{"id":6131,"href":"https:\/\/legandgo.com\/de\/wp-json\/wp\/v2\/pages\/6090\/revisions\/6131"}],"wp:attachment":[{"href":"https:\/\/legandgo.com\/de\/wp-json\/wp\/v2\/media?parent=6090"}],"curies":[{"name":"wp","href":"https:\/\/api.w.org\/{rel}","templated":true}]}}