{"id":925,"date":"2020-08-30T06:22:29","date_gmt":"2020-08-30T06:22:29","guid":{"rendered":"https:\/\/legandgo.com\/benefits\/"},"modified":"2021-03-19T23:05:23","modified_gmt":"2021-03-19T21:05:23","slug":"benefits","status":"publish","type":"page","link":"https:\/\/legandgo.com\/de\/benefits\/","title":{"rendered":"Warum leg&#038;go?"},"content":{"rendered":"\n<div class=\"benefitsHeader2\"><\/div>\n\n\n\n<div class=\"wp-block-group benefitsBlock\"><div class=\"wp-block-group__inner-container is-layout-flow wp-block-group-is-layout-flow\">\n<p class=\"benefitsLast\">leg&amp;go ist eine Innovation wie keine andere \u2013 es ist das einzige Laufrad der Welt, das sich komplett an die Bed\u00fcrfnisse von Kindern anpasst, wenn sie wachsen.<br><br>Das umr\u00fcstbare, h\u00f6lzerne Laufrad bringt Kindern im Alter von 6 Monaten bis 6 Jahren das Laufen, Erlernen des Gleichgewichtssinns und das Tretfahren bei, indem es mit ihnen w\u00e4chst. Dieses Rad hilft den kleinen Rackern, einen guten Gleichgewichtssinn, koordinierte Bewegungen und eine gerade Haltung zu entwickeln und bietet Sicherheit und Stabilit\u00e4t.<br><br>Und, es hat die l\u00e4ngste Lebensdauer aller Laufr\u00e4der. Wie kommt das? Zuallererst ist dies der genialen Konstruktion von Chefdesigner Egons Garklavs zu verdanken, der sich seit \u00fcber 30 Jahren den technischen Herausforderungen stellt und besonders stolz auf dieses supernachhaltige Design ist. Zweitens verl\u00e4sst keines unserer leg&amp;go Produkte unser Werk, ohne sich strengsten Qualit\u00e4tskontrollen zu unterziehen \u2013 unser F&amp;E- und Produktionsteam nimmt dies sehr ernst.&nbsp;<br><br>Wenn Sie bis ins kleinste Detail wissen m\u00f6chten, was uns so besonders macht, lesen Sie weiter.<\/p>\n<\/div><\/div>\n\n\n\n<div class=\"wp-block-group benefitsBlock\"><div class=\"wp-block-group__inner-container is-layout-flow wp-block-group-is-layout-flow\">\n<div class=\"benefitsimg\"><div class=\"benefitsIcon\"><img decoding=\"async\" src=\"https:\/\/legandgo.com\/wp-content\/uploads\/2020\/04\/a1-1.png\" alt=\"\" class=\"wp-image-1847\" srcset=\"https:\/\/legandgo.com\/wp-content\/uploads\/2020\/04\/a1-1.png 300w, https:\/\/legandgo.com\/wp-content\/uploads\/2020\/04\/a1-1-294x300.png 294w\" sizes=\"(max-width: 100px) 100vw, 100px\" style=\"height:auto;\"><\/div><div class=\"benefitsTitle\"><h2>leg&amp;go Balance Bike 3-in-1<\/h2><\/div><\/div>\n\n\n\n<ul class=\"benefitsList wp-block-list\"><li>Das leg&amp;go-Rad w\u00e4chst buchst\u00e4blich mit Ihrem Kind mit. Es l\u00e4sst sich schnell \u2013 ganz ohne Werkzeug oder Zubeh\u00f6r \u2013 auf drei verschiedene Arten zusammenbauen: Beginnen Sie mit dem Schaukeltier f\u00fcr die Kleinsten, verwandeln Sie sobald Ihr Kind w\u00e4chst dasselbe Rad in ein Laufrad und schlie\u00dflich ein Fahrrad und entdecken Sie&nbsp; stets Neues.<\/li><\/ul>\n<\/div><\/div>\n\n\n\n<div class=\"wp-block-group benefitsBlock\"><div class=\"wp-block-group__inner-container is-layout-flow wp-block-group-is-layout-flow\">\n<div class=\"benefitsimg\"><div class=\"benefitsIcon\"><img decoding=\"async\" src=\"https:\/\/legandgo.com\/wp-content\/uploads\/2020\/04\/a2-1.png\" alt=\"\" class=\"wp-image-1849\" srcset=\"https:\/\/legandgo.com\/wp-content\/uploads\/2020\/04\/a2-1.png 300w, https:\/\/legandgo.com\/wp-content\/uploads\/2020\/04\/a2-1-294x300.png 294w\" sizes=\"(max-width: 100px) 100vw, 100px\" style=\"height:auto;\"><\/div><div class=\"benefitsTitle\"><h2>Gewicht<\/h2><\/div><\/div>\n\n\n\n<ul class=\"benefitsList wp-block-list\"><li>K\u00f6nnen Sie sich vorstellen, mit einem Fahrrad zu fahren, das halb so schwer wie Sie selbst ist? Nehmen wir an Sie wiegen 80 kg, dann w\u00fcrde Ihr Fahrrad 40 kg wiegen. Es klingt absurd schwer, aber genau so viel wiegen viele Kinderfahrr\u00e4der im Vergleich zum Eigengewicht des Kindes.<\/li><li>Wir folgen der Faustregel, dass ein Fahrrad nicht mehr als 20% des Fahrergewichts wiegen sollte. Egal in welchem Alter und kleine Radler sind da keine Ausnahme. Deshalb wiegt ein leg&amp;go 3,3 kg \u2013 das Schaukeltier ist mit nur 2,9 kg sogar noch leichter. Bei einem Durchschnittsgewicht unserer kleinen Radler von 15 kg liegt dieses Gewicht durchaus im vertretbaren Rahmen.<\/li><li>Die erste Erfahrung beim Radfahren macht viel aus \u2013 je leichter das Fahrrad, desto leichter ist es auch damit zu fahren. Besonders wenn es bergauf geht! Wenn man nicht direkt zum Aufgeben verleitet wird, findet man schnell Begeisterung am Radfahren. Das Gewicht spielt auch bei der Sicherheit eine entscheidende Rolle \u2013 je leichter das Fahrrad ist, umso leichter wird jeder Sturz sein. Das trainiert auch die Selbstst\u00e4ndigkeit kleiner Fahrer \u2013 es l\u00e4sst sich aus eigener Kraft und ohne Hilfe von Erwachsenen vom Boden aufheben oder schieben.<\/li><\/ul>\n<\/div><\/div>\n\n\n\n<div class=\"wp-block-group benefitsBlock\"><div class=\"wp-block-group__inner-container is-layout-flow wp-block-group-is-layout-flow\">\n<div class=\"benefitsimg\"><div class=\"benefitsIcon\"><img decoding=\"async\" src=\"https:\/\/legandgo.com\/wp-content\/uploads\/2020\/04\/a3-1.png\" alt=\"\" class=\"wp-image-1851\" srcset=\"https:\/\/legandgo.com\/wp-content\/uploads\/2020\/04\/a3-1.png 300w, https:\/\/legandgo.com\/wp-content\/uploads\/2020\/04\/a3-1-294x300.png 294w\" sizes=\"(max-width: 100px) 100vw, 100px\" style=\"height:auto;\"><\/div><div class=\"benefitsTitle\"><h2>Sicherheit<\/h2><\/div><\/div>\n\n\n\n<ul class=\"benefitsList wp-block-list\"><li><strong>Nat\u00fcrliche Federung<\/strong><br>Die clevere Rahmenkonstruktion von leg&amp;go aus gebogenem Birken-Multiplexholz bietet eine hervorragende nat\u00fcrliche Federung, die den R\u00fccken des Kindes schont und die Wirbels\u00e4ule auch auf unebenem Gel\u00e4nde sanft vor St\u00f6\u00dfen sch\u00fctzt. Sie k\u00f6nnen Waldwege also unbeschwert erkunden! Sie k\u00f6nnen sicher sein, dass dieses Fahrrad sicher f\u00fcr die Knochenentwicklung Ihrer Kleinen ist.<br><br>Die urspr\u00fcngliche Inspirationsquelle f\u00fcr diese technische L\u00f6sung war \u00fcbrigens kein anderer als Alvar Aalto, der ikonische finnische Architekt und Designer. Er war der erste, der bei der Gestaltung seines Stuhls Paimio in den 1930er Jahren bewusst den nat\u00fcrlichen Federeffekt dieses Materials nutzte.<\/li><li><strong>Lenkungsbegrenzer<\/strong><br>Ma\u00dfgeschneiderte Soft-Lenkbegrenzer reduzieren sanft zu schnelle Lenkerbewegungen und begrenzen den Lenkwinkel, was sehr wichtig ist, um bei der Fahrt mit hoher Geschwindigkeit \u00fcber holpriges Gel\u00e4nde sicher in der Spur zu bleiben. Die L\u00f6sung, die wir f\u00fcr das leg&amp;go verwenden, kann mit dem Lenkungsd\u00e4mpfer eines Autos verglichen werden, und funktioniert tats\u00e4chlich auf dieselbe Weise. Wenn Ihr Kind \u00e4lter wird, k\u00f6nnen die Begrenzer ab einem Alter von 3 Jahren leicht entfernt werden, um den Lenkwinkel zu vergr\u00f6\u00dfern und sch\u00e4rferes Kurvenfahren zu erm\u00f6glichen.<\/li><li><strong>Gr\u00f6\u00dferes Vorderrad<\/strong><br>&nbsp;Wir haben festgestellt, dass die Verwendung eines 14-Zoll-Vorderrads und eines 12-Zoll-Hinterrads den Fahrern wirklich hilft, Hindernisse wie Baumwurzeln und L\u00f6cher im Boden zu \u00fcberwinden, und so die Sturzgefahr erheblich zu verringern.<\/li><\/ul>\n<\/div><\/div>\n\n\n\n<div class=\"wp-block-group benefitsBlock\"><div class=\"wp-block-group__inner-container is-layout-flow wp-block-group-is-layout-flow\">\n<div class=\"benefitsimg\"><div class=\"benefitsIcon\"><img decoding=\"async\" src=\"https:\/\/legandgo.com\/wp-content\/uploads\/2020\/04\/a4-1.png\" alt=\"\" class=\"wp-image-1853\" srcset=\"https:\/\/legandgo.com\/wp-content\/uploads\/2020\/04\/a4-1.png 300w, https:\/\/legandgo.com\/wp-content\/uploads\/2020\/04\/a4-1-294x300.png 294w\" sizes=\"(max-width: 100px) 100vw, 100px\" style=\"height:auto;\"><\/div><div class=\"benefitsTitle\"><h2>Ergonomie<\/h2><\/div><\/div>\n\n\n\n<ul class=\"benefitsList wp-block-list\"><li><strong>Intelligente Sitzform<\/strong><br>Die Form und das Material eines Fahrradsitzes ist von gr\u00f6\u00dfter Bedeutung. Sie sollte so gebogen sein, dass kein unn\u00f6tiger Druck auf das Becken und die Beckennerven ausge\u00fcbt wird. Nicht zu breit und auch nicht zu schmal. Weich genug und gleichzeitig hart genug. Bei unserer Version trifft alles zu. Wir sind uns auch bewusst, dass es manchmal unm\u00f6glich ist, die Kleinen dazu zu bringen, Hosen zu tragen, selbst wenn sie mit dem Fahrrad unterwegs sind. Deshalb haben wir besonders darauf geachtet, dass die Sitzmaterialien ungiftig und sicher f\u00fcr den direkten Kontakt mit der Haut sind.<br><\/li><li><strong>Hochwertige Reifen und Felgen<\/strong><br>Im Grunde haben wir bei leg&amp;go alles verbaut, was ein anst\u00e4ndiges Erwachsenenrad haben w\u00fcrde \u2013 aufblasbare Reifen, Aluminiumfelgen, ein klassisches Speichenschn\u00fcrmuster.&nbsp;<br><br>Die Reifen sind leicht, bestehen aus Qualit\u00e4tsgummi und haben einen hohen TPI-Wert \u2013 also mehr Gewebe, bei weniger Gummianteil, was auch zus\u00e4tzlichen Pannenschutz bietet. Das Profil, das wir gew\u00e4hlt haben, ist f\u00fcr alle Gel\u00e4ndearten geeignet, da unsere kleinen Fahrer in den unterschiedlichsten Gel\u00e4ndearten unterwegs sind.<br><br>Aufblasbare Reifen erm\u00f6glichen die Einstellung des Drucks f\u00fcr eine weichere Fahrt oder ein besseres Rollen. Ein optimaler Durchschnittsdruck liegt bei 1,4 bar \u2013 Sie k\u00f6nnen aber nach Belieben die von Ihrem kleinen Radler bevorzugte Reifenh\u00e4rte selbst einstellen.<br><br>Wie schwierig ist das Aufpumpen? Ganz unkompliziert \u2013 leg&amp;go-Reifen sind mit einem Schrader-Ventil (auch amerikanisches Ventil genannt) ausgestattet, so dass Sie sie an jeder Tankstelle aufpumpen k\u00f6nnen.<\/li><\/ul>\n<\/div><\/div>\n\n\n\n<div class=\"wp-block-group benefitsBlock\"><div class=\"wp-block-group__inner-container is-layout-flow wp-block-group-is-layout-flow\">\n<div class=\"benefitsimg\"><div class=\"benefitsIcon\"><img decoding=\"async\" src=\"https:\/\/legandgo.com\/wp-content\/uploads\/2020\/04\/a5-1.png\" alt=\"\" class=\"wp-image-1855\" srcset=\"https:\/\/legandgo.com\/wp-content\/uploads\/2020\/04\/a5-1.png 300w, https:\/\/legandgo.com\/wp-content\/uploads\/2020\/04\/a5-1-294x300.png 294w\" sizes=\"(max-width: 100px) 100vw, 100px\" style=\"height:auto;\"><\/div><div class=\"benefitsTitle\"><h2>Eine lange Nutzungsdauer<\/h2><\/div><\/div>\n\n\n\n<ul class=\"benefitsList wp-block-list\"><li>Alter: 1-5 Jahre (6 Monate bis 6 Jahre mit Zusatzteilen)<br>Fahrergr\u00f6\u00dfe: 85-110 cm \/ 33,4-43,3 Zoll<br>Sitzh\u00f6he: 25-47 cm \/ 9,8 &#8211; 18,5 Zoll<br><\/li><li>Unsere erfahrenen Ingenieure haben das Laufrad speziell an das Alter und die Gr\u00f6\u00dfe der Fahrer angepasst, um jederzeit ein ergonomisches und sicheres Fahren zu gew\u00e4hrleisten. Sie k\u00f6nnen die H\u00f6he des Sattels, den Winkel der Vordergabel und den Abstand zwischen Sitz und Lenker leicht einstellen.<\/li><\/ul>\n<\/div><\/div>\n\n\n\n<div class=\"wp-block-group benefitsBlock\"><div class=\"wp-block-group__inner-container is-layout-flow wp-block-group-is-layout-flow\">\n<div class=\"benefitsimg\"><div class=\"benefitsIcon\"><img decoding=\"async\" src=\"https:\/\/legandgo.com\/wp-content\/uploads\/2020\/04\/a6-1.png\" alt=\"\" class=\"wp-image-1857\" srcset=\"https:\/\/legandgo.com\/wp-content\/uploads\/2020\/04\/a6-1.png 300w, https:\/\/legandgo.com\/wp-content\/uploads\/2020\/04\/a6-1-294x300.png 294w\" sizes=\"(max-width: 100px) 100vw, 100px\" style=\"height:auto;\"><\/div><div class=\"benefitsTitle\"><h2>Kinderleichte Montage<\/h2><\/div><\/div>\n\n\n\n<ul class=\"benefitsList wp-block-list\"><li>Werkzeuglose Montage \u2013 zur Anpassung des Laufrads an die F\u00e4higkeiten und die K\u00f6rpergr\u00f6\u00dfe jedes Fahrers. Dank der intelligenten Rahmenkonstruktion und der vielseitigen Rahmenteile l\u00e4sst sich das Fahrrad in Sekundenschnelle von der niedrigen, \u00fcber die Laufrad- zu einer Bouncy-Version umr\u00fcsten. Zum Einstellen der Gr\u00f6\u00dfe bet\u00e4tigen Sie einfach den mittigen Knauf, der leicht von Hand ge\u00f6ffnet und festgezogen werden kann. Das Fahrrad l\u00e4sst sich ebenso leicht zerlegen und passt gut in Reisetaschen \u2013 perfekt f\u00fcr Familienreisen, sei es mit dem Auto oder mit dem Flugzeug.<\/li><\/ul>\n<\/div><\/div>\n\n\n\n<div class=\"wp-block-group benefitsBlock\"><div class=\"wp-block-group__inner-container is-layout-flow wp-block-group-is-layout-flow\">\n<div class=\"benefitsimg\"><div class=\"benefitsIcon\"><img decoding=\"async\" src=\"https:\/\/legandgo.com\/wp-content\/uploads\/2020\/04\/a7-1.png\" alt=\"\" class=\"wp-image-1861\" srcset=\"https:\/\/legandgo.com\/wp-content\/uploads\/2020\/04\/a7-1.png 300w, https:\/\/legandgo.com\/wp-content\/uploads\/2020\/04\/a7-1-294x300.png 294w\" sizes=\"(max-width: 100px) 100vw, 100px\" style=\"height:auto;\"><\/div><div class=\"benefitsTitle\"><h2>Funktionelles Design<\/h2><\/div><\/div>\n\n\n\n<ul class=\"benefitsList wp-block-list\"><li><strong>Skandinavische Designtradition<\/strong><br>Die minimalistische \u00c4sthetik von leg&amp;go ist stark vom nordischen Design inspiriert. Das gilt auch f\u00fcr die Wahl der Materialien \u2013 aufgrund seiner immensen Festigkeit und seines geringen Gewichts wurde das gleiche formgepresste Mehrschichtholz, das wir f\u00fcr unsere Fahrr\u00e4der verwenden, bereits in unz\u00e4hligen anderen Bereichen verwendet \u2013 von Designm\u00f6beln bis hin zur Luftfahrt. Um ein paar Beispiele aus der Designgeschichte zu nennen \u2013 der Long Chair von Marcel Breuer und der Organic Chair von Charles Eames und Eero Saarinen sind millionenfach verkaufte Klassiker, die auch heute noch produziert werden.<br><br>Ein weiterer Vorteil des leg&amp;go Laufradrahmens und des Formholzrahmens ist, dass er nicht ausleiert oder seine Flexibilit\u00e4t verlieren kann. Die nat\u00fcrliche Federung h\u00e4lt und h\u00e4lt \u2013 ohne dass irgendeine Wartung erforderlich ist.<br><\/li><li><strong>Preisgekr\u00f6nte Konstruktion<\/strong><br>Die Arbeit unserer Ingenieure, denen die Entwicklung und der Komfort von Kindern sehr am Herzen liegt, wurde ebenfalls mit Auszeichnungen gew\u00fcrdigt \u2013 leg&amp;go ist Gewinner des Eurobike 2015 in der Kategorie Urban Bike, ISPO M\u00fcnchen Brandnew Finalist in der Saison 2016\/2017 und hat den Design &amp; Innovation Award 2019 f\u00fcr Leichtbau und Verwandelbarkeit gewonnen.<br><\/li><li>&nbsp;<strong>Ride in Style<\/strong><br>Das zeitlose Design und die nordische \u00c4sthetik werden sicherlich Komplimente und m\u00f6glicherweise auch Fragen wie &#8220;Wo bekomme ich so ein Laufrad her?\u201d verursachen. Die klaren Linien und einfachen Formen bieten jedoch mehr als nur visuellen Charme \u2013 sie sorgen auch f\u00fcr eine sicherere Nutzung, da es f\u00fcr den kleinen Radfahrer weniger Chancen gibt, sich in etwas zu verfangen oder ein Bauteil zu zerbrechen.<\/li><\/ul>\n<\/div><\/div>\n\n\n\n<div class=\"wp-block-group benefitsBlock\"><div class=\"wp-block-group__inner-container is-layout-flow wp-block-group-is-layout-flow\">\n<div class=\"benefitsimg\"><div class=\"benefitsIcon\"><img decoding=\"async\" src=\"https:\/\/legandgo.com\/wp-content\/uploads\/2020\/04\/a8-1.png\" alt=\"\" class=\"wp-image-1859\" srcset=\"https:\/\/legandgo.com\/wp-content\/uploads\/2020\/04\/a8-1.png 300w, https:\/\/legandgo.com\/wp-content\/uploads\/2020\/04\/a8-1-294x300.png 294w\" sizes=\"(max-width: 100px) 100vw, 100px\" style=\"height:auto;\"><\/div><div class=\"benefitsTitle\"><h2>Das Sahneh\u00e4ubchen<\/h2><\/div><\/div>\n\n\n\n<ul class=\"benefitsList wp-block-list\"><li><strong>Qualit\u00e4t<\/strong><br>Mit Liebe in Nordeuropa hergestellt, wird leg&amp;go durch ein Verfahren gefertigt, das intelligente Technologien und eine menschliche Note miteinander verbindet. Jedes Laufrad wird einer gr\u00fcndlichen Qualit\u00e4tskontrolle unterzogen \u2013 wir k\u00f6nnen Ihnen versprechen, dass die Qualit\u00e4t einwandfrei ist und es f\u00fcr Ihre Kleinen sofort nach dem Kauf zum zuverl\u00e4ssigsten Begleiter werden wird.<br><\/li><li><strong>Testen<\/strong><br>Um wirklich zu sehen, wie weit leg&amp;go an die Grenzen gehen kann, haben wir eine Test-&#8220;Wundermaschine&#8221; gebaut, um sie auf eine Weltreise zu schicken, ohne tats\u00e4chlich um den Globus reisen zu m\u00fcssen \u2013 nur weil Ozeane im Weg w\u00e4ren.<br><br>Das Ger\u00e4t imitierte am Fahrradriemen eine holprige Stra\u00dfe, wobei ein Druckzylinder die Rolle eines 30 kg schweren Fahrers auf dem Sattel spielte. Das Ganze rollte dann 300 Tage hintereinander mit einer Geschwindigkeit von 6 km\/h immer weiter und legte dabei mehr als 40.000 km zur\u00fcck.<br><\/li><li><strong>Garantie<\/strong><br>Jedes leg&amp;go Balance Bike Laufrad beinhaltet eine 5-j\u00e4hrige Herstellergarantie, sowie das europ\u00e4ische CE-Konformit\u00e4tszertifikat, so dass Sie sicher sein k\u00f6nnen, dass Ihr Laufrad qualitativ in bestem Zustand bleibt. Es wurde sorgf\u00e4ltig konstruiert und f\u00fcr eine lange und gl\u00fcckliche Lebensdauer rigoros getestet.<\/li><\/ul>\n<\/div><\/div>\n\n\n\n<div class=\"wp-block-group benefitsBlock\"><div class=\"wp-block-group__inner-container is-layout-flow wp-block-group-is-layout-flow\">\n<p class=\"has-text-align-center benefitsLast\"><strong>Wir versprechen Ihnen, dass dieses Laufrad auch in den kommenden Jahre Ihrer Familie Freude bereiten wird!<\/strong><\/p>\n<\/div><\/div>\n","protected":false},"excerpt":{"rendered":"<p>leg&amp;go ist eine Innovation wie keine andere \u2013 es ist das einzige Laufrad der Welt, das sich komplett an die Bed\u00fcrfnisse von Kindern anpasst, wenn sie wachsen. Das umr\u00fcstbare, h\u00f6lzerne Laufrad bringt Kindern im Alter von 6 Monaten bis 6 Jahren das Laufen, Erlernen des Gleichgewichtssinns und das Tretfahren bei, indem es mit ihnen w\u00e4chst.<a class=\"excerpt-read-more\" href=\"https:\/\/legandgo.com\/de\/benefits\/\" title=\"ReadWarum leg&#038;go?\">&#8230; Read more &raquo;<\/a><\/p>\n","protected":false},"author":1,"featured_media":0,"parent":0,"menu_order":11,"comment_status":"closed","ping_status":"closed","template":"page-benefits.php","meta":{"_acf_changed":false,"inline_featured_image":false,"footnotes":""},"class_list":["post-925","page","type-page","status-publish","hentry"],"acf":[],"yoast_head":"<!-- This site is optimized with the Yoast SEO plugin v25.9 - https:\/\/yoast.com\/wordpress\/plugins\/seo\/ -->\n<title>Warum leg&amp;go? &#183; leg&amp;go<\/title>\n<meta name=\"robots\" content=\"index, follow, max-snippet:-1, max-image-preview:large, max-video-preview:-1\" \/>\n<link rel=\"canonical\" href=\"https:\/\/legandgo.com\/de\/benefits\/\" \/>\n<meta property=\"og:locale\" content=\"de_DE\" \/>\n<meta property=\"og:type\" content=\"article\" \/>\n<meta property=\"og:title\" content=\"Warum leg&amp;go? &#183; leg&amp;go\" \/>\n<meta property=\"og:description\" content=\"leg&amp;go ist eine Innovation wie keine andere \u2013 es ist das einzige Laufrad der Welt, das sich komplett an die Bed\u00fcrfnisse von Kindern anpasst, wenn sie wachsen. Das umr\u00fcstbare, h\u00f6lzerne Laufrad bringt Kindern im Alter von 6 Monaten bis 6 Jahren das Laufen, Erlernen des Gleichgewichtssinns und das Tretfahren bei, indem es mit ihnen w\u00e4chst.... Read more &raquo;\" \/>\n<meta property=\"og:url\" content=\"https:\/\/legandgo.com\/de\/benefits\/\" \/>\n<meta property=\"og:site_name\" content=\"leg&amp;go\" \/>\n<meta property=\"article:publisher\" content=\"https:\/\/www.facebook.com\/legandgo\" \/>\n<meta property=\"article:modified_time\" content=\"2021-03-19T21:05:23+00:00\" \/>\n<meta property=\"og:image\" content=\"https:\/\/legandgo.com\/wp-content\/uploads\/2020\/04\/a1-1.png\" \/>\n<meta name=\"twitter:card\" content=\"summary_large_image\" \/>\n<meta name=\"twitter:label1\" content=\"Gesch\u00e4tzte Lesezeit\" \/>\n\t<meta name=\"twitter:data1\" content=\"8 Minuten\" \/>\n<script type=\"application\/ld+json\" class=\"yoast-schema-graph\">{\"@context\":\"https:\/\/schema.org\",\"@graph\":[{\"@type\":\"WebPage\",\"@id\":\"https:\/\/legandgo.com\/de\/benefits\/\",\"url\":\"https:\/\/legandgo.com\/de\/benefits\/\",\"name\":\"Warum leg&go? &#183; leg&amp;go\",\"isPartOf\":{\"@id\":\"https:\/\/legandgo.com\/de\/#website\"},\"primaryImageOfPage\":{\"@id\":\"https:\/\/legandgo.com\/de\/benefits\/#primaryimage\"},\"image\":{\"@id\":\"https:\/\/legandgo.com\/de\/benefits\/#primaryimage\"},\"thumbnailUrl\":\"https:\/\/legandgo.com\/wp-content\/uploads\/2020\/04\/a1-1.png\",\"datePublished\":\"2020-08-30T06:22:29+00:00\",\"dateModified\":\"2021-03-19T21:05:23+00:00\",\"breadcrumb\":{\"@id\":\"https:\/\/legandgo.com\/de\/benefits\/#breadcrumb\"},\"inLanguage\":\"de-DE\",\"potentialAction\":[{\"@type\":\"ReadAction\",\"target\":[\"https:\/\/legandgo.com\/de\/benefits\/\"]}]},{\"@type\":\"ImageObject\",\"inLanguage\":\"de-DE\",\"@id\":\"https:\/\/legandgo.com\/de\/benefits\/#primaryimage\",\"url\":\"https:\/\/legandgo.com\/wp-content\/uploads\/2020\/04\/a1-1.png\",\"contentUrl\":\"https:\/\/legandgo.com\/wp-content\/uploads\/2020\/04\/a1-1.png\"},{\"@type\":\"BreadcrumbList\",\"@id\":\"https:\/\/legandgo.com\/de\/benefits\/#breadcrumb\",\"itemListElement\":[{\"@type\":\"ListItem\",\"position\":1,\"name\":\"Home\",\"item\":\"https:\/\/legandgo.com\/de\/\"},{\"@type\":\"ListItem\",\"position\":2,\"name\":\"Warum leg&#038;go?\"}]},{\"@type\":\"WebSite\",\"@id\":\"https:\/\/legandgo.com\/de\/#website\",\"url\":\"https:\/\/legandgo.com\/de\/\",\"name\":\"leg&amp;go\",\"description\":\"\",\"publisher\":{\"@id\":\"https:\/\/legandgo.com\/de\/#organization\"},\"potentialAction\":[{\"@type\":\"SearchAction\",\"target\":{\"@type\":\"EntryPoint\",\"urlTemplate\":\"https:\/\/legandgo.com\/de\/?s={search_term_string}\"},\"query-input\":{\"@type\":\"PropertyValueSpecification\",\"valueRequired\":true,\"valueName\":\"search_term_string\"}}],\"inLanguage\":\"de-DE\"},{\"@type\":\"Organization\",\"@id\":\"https:\/\/legandgo.com\/de\/#organization\",\"name\":\"leg&go bike\",\"url\":\"https:\/\/legandgo.com\/de\/\",\"logo\":{\"@type\":\"ImageObject\",\"inLanguage\":\"de-DE\",\"@id\":\"https:\/\/legandgo.com\/de\/#\/schema\/logo\/image\/\",\"url\":\"https:\/\/legandgo.com\/wp-content\/uploads\/2021\/03\/logorf.png\",\"contentUrl\":\"https:\/\/legandgo.com\/wp-content\/uploads\/2021\/03\/logorf.png\",\"width\":675,\"height\":216,\"caption\":\"leg&go bike\"},\"image\":{\"@id\":\"https:\/\/legandgo.com\/de\/#\/schema\/logo\/image\/\"},\"sameAs\":[\"https:\/\/www.facebook.com\/legandgo\",\"https:\/\/www.instagram.com\/legandgo\/\",\"https:\/\/www.linkedin.com\/company\/legandgo\/\",\"https:\/\/www.pinterest.com\/legandgo\/\",\"https:\/\/www.youtube.com\/channel\/UC_FBzWPmKWE0g7fcR4Xdfuw\/\"]}]}<\/script>\n<!-- \/ Yoast SEO plugin. -->","yoast_head_json":{"title":"Warum leg&go? &#183; leg&amp;go","robots":{"index":"index","follow":"follow","max-snippet":"max-snippet:-1","max-image-preview":"max-image-preview:large","max-video-preview":"max-video-preview:-1"},"canonical":"https:\/\/legandgo.com\/de\/benefits\/","og_locale":"de_DE","og_type":"article","og_title":"Warum leg&go? &#183; leg&amp;go","og_description":"leg&amp;go ist eine Innovation wie keine andere \u2013 es ist das einzige Laufrad der Welt, das sich komplett an die Bed\u00fcrfnisse von Kindern anpasst, wenn sie wachsen. Das umr\u00fcstbare, h\u00f6lzerne Laufrad bringt Kindern im Alter von 6 Monaten bis 6 Jahren das Laufen, Erlernen des Gleichgewichtssinns und das Tretfahren bei, indem es mit ihnen w\u00e4chst.... Read more &raquo;","og_url":"https:\/\/legandgo.com\/de\/benefits\/","og_site_name":"leg&amp;go","article_publisher":"https:\/\/www.facebook.com\/legandgo","article_modified_time":"2021-03-19T21:05:23+00:00","og_image":[{"url":"https:\/\/legandgo.com\/wp-content\/uploads\/2020\/04\/a1-1.png","type":"","width":"","height":""}],"twitter_card":"summary_large_image","twitter_misc":{"Gesch\u00e4tzte Lesezeit":"8 Minuten"},"schema":{"@context":"https:\/\/schema.org","@graph":[{"@type":"WebPage","@id":"https:\/\/legandgo.com\/de\/benefits\/","url":"https:\/\/legandgo.com\/de\/benefits\/","name":"Warum leg&go? &#183; leg&amp;go","isPartOf":{"@id":"https:\/\/legandgo.com\/de\/#website"},"primaryImageOfPage":{"@id":"https:\/\/legandgo.com\/de\/benefits\/#primaryimage"},"image":{"@id":"https:\/\/legandgo.com\/de\/benefits\/#primaryimage"},"thumbnailUrl":"https:\/\/legandgo.com\/wp-content\/uploads\/2020\/04\/a1-1.png","datePublished":"2020-08-30T06:22:29+00:00","dateModified":"2021-03-19T21:05:23+00:00","breadcrumb":{"@id":"https:\/\/legandgo.com\/de\/benefits\/#breadcrumb"},"inLanguage":"de-DE","potentialAction":[{"@type":"ReadAction","target":["https:\/\/legandgo.com\/de\/benefits\/"]}]},{"@type":"ImageObject","inLanguage":"de-DE","@id":"https:\/\/legandgo.com\/de\/benefits\/#primaryimage","url":"https:\/\/legandgo.com\/wp-content\/uploads\/2020\/04\/a1-1.png","contentUrl":"https:\/\/legandgo.com\/wp-content\/uploads\/2020\/04\/a1-1.png"},{"@type":"BreadcrumbList","@id":"https:\/\/legandgo.com\/de\/benefits\/#breadcrumb","itemListElement":[{"@type":"ListItem","position":1,"name":"Home","item":"https:\/\/legandgo.com\/de\/"},{"@type":"ListItem","position":2,"name":"Warum leg&#038;go?"}]},{"@type":"WebSite","@id":"https:\/\/legandgo.com\/de\/#website","url":"https:\/\/legandgo.com\/de\/","name":"leg&amp;go","description":"","publisher":{"@id":"https:\/\/legandgo.com\/de\/#organization"},"potentialAction":[{"@type":"SearchAction","target":{"@type":"EntryPoint","urlTemplate":"https:\/\/legandgo.com\/de\/?s={search_term_string}"},"query-input":{"@type":"PropertyValueSpecification","valueRequired":true,"valueName":"search_term_string"}}],"inLanguage":"de-DE"},{"@type":"Organization","@id":"https:\/\/legandgo.com\/de\/#organization","name":"leg&go bike","url":"https:\/\/legandgo.com\/de\/","logo":{"@type":"ImageObject","inLanguage":"de-DE","@id":"https:\/\/legandgo.com\/de\/#\/schema\/logo\/image\/","url":"https:\/\/legandgo.com\/wp-content\/uploads\/2021\/03\/logorf.png","contentUrl":"https:\/\/legandgo.com\/wp-content\/uploads\/2021\/03\/logorf.png","width":675,"height":216,"caption":"leg&go bike"},"image":{"@id":"https:\/\/legandgo.com\/de\/#\/schema\/logo\/image\/"},"sameAs":["https:\/\/www.facebook.com\/legandgo","https:\/\/www.instagram.com\/legandgo\/","https:\/\/www.linkedin.com\/company\/legandgo\/","https:\/\/www.pinterest.com\/legandgo\/","https:\/\/www.youtube.com\/channel\/UC_FBzWPmKWE0g7fcR4Xdfuw\/"]}]}},"_links":{"self":[{"href":"https:\/\/legandgo.com\/de\/wp-json\/wp\/v2\/pages\/925","targetHints":{"allow":["GET"]}}],"collection":[{"href":"https:\/\/legandgo.com\/de\/wp-json\/wp\/v2\/pages"}],"about":[{"href":"https:\/\/legandgo.com\/de\/wp-json\/wp\/v2\/types\/page"}],"author":[{"embeddable":true,"href":"https:\/\/legandgo.com\/de\/wp-json\/wp\/v2\/users\/1"}],"replies":[{"embeddable":true,"href":"https:\/\/legandgo.com\/de\/wp-json\/wp\/v2\/comments?post=925"}],"version-history":[{"count":7,"href":"https:\/\/legandgo.com\/de\/wp-json\/wp\/v2\/pages\/925\/revisions"}],"predecessor-version":[{"id":1957,"href":"https:\/\/legandgo.com\/de\/wp-json\/wp\/v2\/pages\/925\/revisions\/1957"}],"wp:attachment":[{"href":"https:\/\/legandgo.com\/de\/wp-json\/wp\/v2\/media?parent=925"}],"curies":[{"name":"wp","href":"https:\/\/api.w.org\/{rel}","templated":true}]}}