{"id":927,"date":"2020-08-30T06:21:54","date_gmt":"2020-08-30T06:21:54","guid":{"rendered":"https:\/\/legandgo.com\/contacts\/"},"modified":"2025-06-30T08:09:32","modified_gmt":"2025-06-30T06:09:32","slug":"kontakt","status":"publish","type":"page","link":"https:\/\/legandgo.com\/de\/ueber-uns\/kontakt\/","title":{"rendered":"Kontakt"},"content":{"rendered":"\n<h3 class=\"wp-block-heading\">Kundendienst<\/h3>\n\n\n\n<p><br><\/p>\n\n\n\n<p>Wenn Sie eine Frage zum Versand Ihrer Bestellung, Garantie, Reparaturen oder andere Fragen bez\u00fcglich der Wartung und Nutzung Ihres Fahrrads haben, dann z\u00f6gern Sie bitte nicht, uns zu kontaktieren. Wir k\u00fcmmern uns so gerne um unsere Kunden, mit denen wir die Leidenschaft f\u00fcr Fahrr\u00e4der teilen.<\/p>\n\n\n\n<h4 class=\"wp-block-heading\">KONTAKTIEREN SIE UNS \u00dcBER:<\/h4>\n\n\n\n<p style=\"font-size:30px\"><p style=\"font-size:30px\"><\/p><p style=\"font-size:20px\"><img decoding=\"async\" class=\"wp-image-892\" style=\"width: 0px;\" src=\"https:\/\/legandgo.com\/wp-content\/uploads\/2021\/02\/ph.svg\" alt=\"\"><a href=\"mailto:support@legandgo.com\">support@legandgo.com<\/a><\/p><p><\/p><\/p>\n\n\n\n<p style=\"font-size:30px\"><p style=\"font-size:20px\"><img decoding=\"async\" class=\"wp-image-894\" style=\"width: 0px;\" src=\"https:\/\/legandgo.com\/wp-content\/uploads\/2021\/02\/phh.svg\" alt=\"\"> +371 27 558 833<\/p><\/p>\n\n\n\n<div class=\"wp-block-columns my-columns is-layout-flex wp-container-core-columns-is-layout-9d6595d7 wp-block-columns-is-layout-flex\">\n<div class=\"wp-block-column my-columns is-layout-flow wp-block-column-is-layout-flow\">\n<div class=\"wp-block-group\"><div class=\"wp-block-group__inner-container is-layout-constrained wp-block-group-is-layout-constrained\">\n<h4 class=\"wp-block-heading\">VERKAUF<\/h4>\n\n\n\n<p>Lieber Einzelh\u00e4ndler oder Vermittler, bitte schicken Sie uns Ihre Anfrage zur Zusammenarbeit an <a href=\"mailto:sales@legandgo.com\">sales@legandgo.com<\/a><\/p>\n<\/div><\/div>\n<\/div>\n\n\n\n<div class=\"wp-block-column is-vertically-aligned-top my-columns is-layout-flow wp-block-column-is-layout-flow\">\n<div class=\"wp-block-group\"><div class=\"wp-block-group__inner-container is-layout-constrained wp-block-group-is-layout-constrained\">\n<h4 class=\"wp-block-heading\">MARKETING<\/h4>\n\n\n\n<p>Bei Fragen zu Werbung und Zusammenarbeit wenden Sie sich bitte an das leg&amp;go-Marketingteam unter<\/p>\n\n\n\n<p><a href=\"mailto:kristine.pramniece@legandgo.com\">info@legandgo.com<\/a><\/p>\n<\/div><\/div>\n<\/div>\n<\/div>\n\n\n\n<div class=\"wp-block-columns my-columns is-layout-flex wp-container-core-columns-is-layout-9d6595d7 wp-block-columns-is-layout-flex\">\n<div class=\"wp-block-column my-columns is-layout-flow wp-block-column-is-layout-flow\">\n<h4 class=\"wp-block-heading\">B\u00dcRO<\/h4>\n\n\n\n<p>Bei anderen allgemeinen Anfragen k\u00f6nnen Sie gerne unser B\u00fcro kontaktieren:<\/p>\n\n\n\n<p>Telefon: +371 27 558 833<br>E-mail: <a href=\"mailto:info@legandgo.com\">info@legandgo.com<\/a><br>12 Kalku St., Cesis,<br>LV-4101, Latvia<\/p>\n<\/div>\n\n\n\n<div class=\"wp-block-column my-columns is-layout-flow wp-block-column-is-layout-flow\">\n<h4 class=\"wp-block-heading\">IMPRESSUM<\/h4>\n\n\n\n<p>Shaman Inventions SIA<\/p>\n\n\n\n<p>Umsatzsteuer-Identifikationsnummer: LV40103795203<br>Handelsregister-Nummer: 40103795203<\/p>\n<\/div>\n<\/div>\n\n\n\n<p><\/p>\n","protected":false},"excerpt":{"rendered":"<p>Kundendienst Wenn Sie eine Frage zum Versand Ihrer Bestellung, Garantie, Reparaturen oder andere Fragen bez\u00fcglich der Wartung und Nutzung Ihres Fahrrads haben, dann z\u00f6gern Sie bitte nicht, uns zu kontaktieren. Wir k\u00fcmmern uns so gerne um unsere Kunden, mit denen wir die Leidenschaft f\u00fcr Fahrr\u00e4der teilen. KONTAKTIEREN SIE UNS \u00dcBER: support@legandgo.com +371 27 558 833<a class=\"excerpt-read-more\" href=\"https:\/\/legandgo.com\/de\/ueber-uns\/kontakt\/\" title=\"ReadKontakt\">&#8230; Read more &raquo;<\/a><\/p>\n","protected":false},"author":1,"featured_media":0,"parent":930,"menu_order":15,"comment_status":"closed","ping_status":"closed","template":"page-contacts.php","meta":{"_acf_changed":false,"inline_featured_image":false,"footnotes":""},"class_list":["post-927","page","type-page","status-publish","hentry"],"acf":[],"yoast_head":"<!-- This site is optimized with the Yoast SEO plugin v25.9 - https:\/\/yoast.com\/wordpress\/plugins\/seo\/ -->\n<title>Kontakt &#183; leg&amp;go<\/title>\n<meta name=\"robots\" content=\"index, follow, max-snippet:-1, max-image-preview:large, max-video-preview:-1\" \/>\n<link rel=\"canonical\" href=\"https:\/\/legandgo.com\/de\/ueber-uns\/kontakt\/\" \/>\n<meta property=\"og:locale\" content=\"de_DE\" \/>\n<meta property=\"og:type\" content=\"article\" \/>\n<meta property=\"og:title\" content=\"Kontakt &#183; leg&amp;go\" \/>\n<meta property=\"og:description\" content=\"Kundendienst Wenn Sie eine Frage zum Versand Ihrer Bestellung, Garantie, Reparaturen oder andere Fragen bez\u00fcglich der Wartung und Nutzung Ihres Fahrrads haben, dann z\u00f6gern Sie bitte nicht, uns zu kontaktieren. Wir k\u00fcmmern uns so gerne um unsere Kunden, mit denen wir die Leidenschaft f\u00fcr Fahrr\u00e4der teilen. KONTAKTIEREN SIE UNS \u00dcBER: support@legandgo.com +371 27 558 833... Read more &raquo;\" \/>\n<meta property=\"og:url\" content=\"https:\/\/legandgo.com\/de\/ueber-uns\/kontakt\/\" \/>\n<meta property=\"og:site_name\" content=\"leg&amp;go\" \/>\n<meta property=\"article:publisher\" content=\"https:\/\/www.facebook.com\/legandgo\" \/>\n<meta property=\"article:modified_time\" content=\"2025-06-30T06:09:32+00:00\" \/>\n<meta property=\"og:image\" content=\"https:\/\/legandgo.com\/wp-content\/uploads\/2021\/02\/572a9dff7e0dea6b91d5e27979d5f64e.jpg\" \/>\n\t<meta property=\"og:image:width\" content=\"1200\" \/>\n\t<meta property=\"og:image:height\" content=\"675\" \/>\n\t<meta property=\"og:image:type\" content=\"image\/jpeg\" \/>\n<meta name=\"twitter:card\" content=\"summary_large_image\" \/>\n<meta name=\"twitter:label1\" content=\"Gesch\u00e4tzte Lesezeit\" \/>\n\t<meta name=\"twitter:data1\" content=\"1 Minute\" \/>\n<script type=\"application\/ld+json\" class=\"yoast-schema-graph\">{\"@context\":\"https:\/\/schema.org\",\"@graph\":[{\"@type\":\"WebPage\",\"@id\":\"https:\/\/legandgo.com\/de\/ueber-uns\/kontakt\/\",\"url\":\"https:\/\/legandgo.com\/de\/ueber-uns\/kontakt\/\",\"name\":\"Kontakt &#183; leg&amp;go\",\"isPartOf\":{\"@id\":\"https:\/\/legandgo.com\/de\/#website\"},\"primaryImageOfPage\":{\"@id\":\"https:\/\/legandgo.com\/de\/ueber-uns\/kontakt\/#primaryimage\"},\"image\":{\"@id\":\"https:\/\/legandgo.com\/de\/ueber-uns\/kontakt\/#primaryimage\"},\"thumbnailUrl\":\"https:\/\/legandgo.com\/wp-content\/uploads\/2021\/02\/ph.svg\",\"datePublished\":\"2020-08-30T06:21:54+00:00\",\"dateModified\":\"2025-06-30T06:09:32+00:00\",\"breadcrumb\":{\"@id\":\"https:\/\/legandgo.com\/de\/ueber-uns\/kontakt\/#breadcrumb\"},\"inLanguage\":\"de-DE\",\"potentialAction\":[{\"@type\":\"ReadAction\",\"target\":[\"https:\/\/legandgo.com\/de\/ueber-uns\/kontakt\/\"]}]},{\"@type\":\"ImageObject\",\"inLanguage\":\"de-DE\",\"@id\":\"https:\/\/legandgo.com\/de\/ueber-uns\/kontakt\/#primaryimage\",\"url\":\"https:\/\/legandgo.com\/wp-content\/uploads\/2021\/02\/ph.svg\",\"contentUrl\":\"https:\/\/legandgo.com\/wp-content\/uploads\/2021\/02\/ph.svg\"},{\"@type\":\"BreadcrumbList\",\"@id\":\"https:\/\/legandgo.com\/de\/ueber-uns\/kontakt\/#breadcrumb\",\"itemListElement\":[{\"@type\":\"ListItem\",\"position\":1,\"name\":\"Home\",\"item\":\"https:\/\/legandgo.com\/de\/\"},{\"@type\":\"ListItem\",\"position\":2,\"name\":\"\u00dcber uns\",\"item\":\"https:\/\/legandgo.com\/de\/ueber-uns\/\"},{\"@type\":\"ListItem\",\"position\":3,\"name\":\"Kontakt\"}]},{\"@type\":\"WebSite\",\"@id\":\"https:\/\/legandgo.com\/de\/#website\",\"url\":\"https:\/\/legandgo.com\/de\/\",\"name\":\"leg&amp;go\",\"description\":\"\",\"publisher\":{\"@id\":\"https:\/\/legandgo.com\/de\/#organization\"},\"potentialAction\":[{\"@type\":\"SearchAction\",\"target\":{\"@type\":\"EntryPoint\",\"urlTemplate\":\"https:\/\/legandgo.com\/de\/?s={search_term_string}\"},\"query-input\":{\"@type\":\"PropertyValueSpecification\",\"valueRequired\":true,\"valueName\":\"search_term_string\"}}],\"inLanguage\":\"de-DE\"},{\"@type\":\"Organization\",\"@id\":\"https:\/\/legandgo.com\/de\/#organization\",\"name\":\"leg&go bike\",\"url\":\"https:\/\/legandgo.com\/de\/\",\"logo\":{\"@type\":\"ImageObject\",\"inLanguage\":\"de-DE\",\"@id\":\"https:\/\/legandgo.com\/de\/#\/schema\/logo\/image\/\",\"url\":\"https:\/\/legandgo.com\/wp-content\/uploads\/2021\/03\/logorf.png\",\"contentUrl\":\"https:\/\/legandgo.com\/wp-content\/uploads\/2021\/03\/logorf.png\",\"width\":675,\"height\":216,\"caption\":\"leg&go bike\"},\"image\":{\"@id\":\"https:\/\/legandgo.com\/de\/#\/schema\/logo\/image\/\"},\"sameAs\":[\"https:\/\/www.facebook.com\/legandgo\",\"https:\/\/www.instagram.com\/legandgo\/\",\"https:\/\/www.linkedin.com\/company\/legandgo\/\",\"https:\/\/www.pinterest.com\/legandgo\/\",\"https:\/\/www.youtube.com\/channel\/UC_FBzWPmKWE0g7fcR4Xdfuw\/\"]}]}<\/script>\n<!-- \/ Yoast SEO plugin. -->","yoast_head_json":{"title":"Kontakt &#183; leg&amp;go","robots":{"index":"index","follow":"follow","max-snippet":"max-snippet:-1","max-image-preview":"max-image-preview:large","max-video-preview":"max-video-preview:-1"},"canonical":"https:\/\/legandgo.com\/de\/ueber-uns\/kontakt\/","og_locale":"de_DE","og_type":"article","og_title":"Kontakt &#183; leg&amp;go","og_description":"Kundendienst Wenn Sie eine Frage zum Versand Ihrer Bestellung, Garantie, Reparaturen oder andere Fragen bez\u00fcglich der Wartung und Nutzung Ihres Fahrrads haben, dann z\u00f6gern Sie bitte nicht, uns zu kontaktieren. Wir k\u00fcmmern uns so gerne um unsere Kunden, mit denen wir die Leidenschaft f\u00fcr Fahrr\u00e4der teilen. KONTAKTIEREN SIE UNS \u00dcBER: support@legandgo.com +371 27 558 833... Read more &raquo;","og_url":"https:\/\/legandgo.com\/de\/ueber-uns\/kontakt\/","og_site_name":"leg&amp;go","article_publisher":"https:\/\/www.facebook.com\/legandgo","article_modified_time":"2025-06-30T06:09:32+00:00","og_image":[{"width":1200,"height":675,"url":"https:\/\/legandgo.com\/wp-content\/uploads\/2021\/02\/572a9dff7e0dea6b91d5e27979d5f64e.jpg","type":"image\/jpeg"}],"twitter_card":"summary_large_image","twitter_misc":{"Gesch\u00e4tzte Lesezeit":"1 Minute"},"schema":{"@context":"https:\/\/schema.org","@graph":[{"@type":"WebPage","@id":"https:\/\/legandgo.com\/de\/ueber-uns\/kontakt\/","url":"https:\/\/legandgo.com\/de\/ueber-uns\/kontakt\/","name":"Kontakt &#183; leg&amp;go","isPartOf":{"@id":"https:\/\/legandgo.com\/de\/#website"},"primaryImageOfPage":{"@id":"https:\/\/legandgo.com\/de\/ueber-uns\/kontakt\/#primaryimage"},"image":{"@id":"https:\/\/legandgo.com\/de\/ueber-uns\/kontakt\/#primaryimage"},"thumbnailUrl":"https:\/\/legandgo.com\/wp-content\/uploads\/2021\/02\/ph.svg","datePublished":"2020-08-30T06:21:54+00:00","dateModified":"2025-06-30T06:09:32+00:00","breadcrumb":{"@id":"https:\/\/legandgo.com\/de\/ueber-uns\/kontakt\/#breadcrumb"},"inLanguage":"de-DE","potentialAction":[{"@type":"ReadAction","target":["https:\/\/legandgo.com\/de\/ueber-uns\/kontakt\/"]}]},{"@type":"ImageObject","inLanguage":"de-DE","@id":"https:\/\/legandgo.com\/de\/ueber-uns\/kontakt\/#primaryimage","url":"https:\/\/legandgo.com\/wp-content\/uploads\/2021\/02\/ph.svg","contentUrl":"https:\/\/legandgo.com\/wp-content\/uploads\/2021\/02\/ph.svg"},{"@type":"BreadcrumbList","@id":"https:\/\/legandgo.com\/de\/ueber-uns\/kontakt\/#breadcrumb","itemListElement":[{"@type":"ListItem","position":1,"name":"Home","item":"https:\/\/legandgo.com\/de\/"},{"@type":"ListItem","position":2,"name":"\u00dcber uns","item":"https:\/\/legandgo.com\/de\/ueber-uns\/"},{"@type":"ListItem","position":3,"name":"Kontakt"}]},{"@type":"WebSite","@id":"https:\/\/legandgo.com\/de\/#website","url":"https:\/\/legandgo.com\/de\/","name":"leg&amp;go","description":"","publisher":{"@id":"https:\/\/legandgo.com\/de\/#organization"},"potentialAction":[{"@type":"SearchAction","target":{"@type":"EntryPoint","urlTemplate":"https:\/\/legandgo.com\/de\/?s={search_term_string}"},"query-input":{"@type":"PropertyValueSpecification","valueRequired":true,"valueName":"search_term_string"}}],"inLanguage":"de-DE"},{"@type":"Organization","@id":"https:\/\/legandgo.com\/de\/#organization","name":"leg&go bike","url":"https:\/\/legandgo.com\/de\/","logo":{"@type":"ImageObject","inLanguage":"de-DE","@id":"https:\/\/legandgo.com\/de\/#\/schema\/logo\/image\/","url":"https:\/\/legandgo.com\/wp-content\/uploads\/2021\/03\/logorf.png","contentUrl":"https:\/\/legandgo.com\/wp-content\/uploads\/2021\/03\/logorf.png","width":675,"height":216,"caption":"leg&go bike"},"image":{"@id":"https:\/\/legandgo.com\/de\/#\/schema\/logo\/image\/"},"sameAs":["https:\/\/www.facebook.com\/legandgo","https:\/\/www.instagram.com\/legandgo\/","https:\/\/www.linkedin.com\/company\/legandgo\/","https:\/\/www.pinterest.com\/legandgo\/","https:\/\/www.youtube.com\/channel\/UC_FBzWPmKWE0g7fcR4Xdfuw\/"]}]}},"_links":{"self":[{"href":"https:\/\/legandgo.com\/de\/wp-json\/wp\/v2\/pages\/927","targetHints":{"allow":["GET"]}}],"collection":[{"href":"https:\/\/legandgo.com\/de\/wp-json\/wp\/v2\/pages"}],"about":[{"href":"https:\/\/legandgo.com\/de\/wp-json\/wp\/v2\/types\/page"}],"author":[{"embeddable":true,"href":"https:\/\/legandgo.com\/de\/wp-json\/wp\/v2\/users\/1"}],"replies":[{"embeddable":true,"href":"https:\/\/legandgo.com\/de\/wp-json\/wp\/v2\/comments?post=927"}],"version-history":[{"count":54,"href":"https:\/\/legandgo.com\/de\/wp-json\/wp\/v2\/pages\/927\/revisions"}],"predecessor-version":[{"id":40650,"href":"https:\/\/legandgo.com\/de\/wp-json\/wp\/v2\/pages\/927\/revisions\/40650"}],"up":[{"embeddable":true,"href":"https:\/\/legandgo.com\/de\/wp-json\/wp\/v2\/pages\/930"}],"wp:attachment":[{"href":"https:\/\/legandgo.com\/de\/wp-json\/wp\/v2\/media?parent=927"}],"curies":[{"name":"wp","href":"https:\/\/api.w.org\/{rel}","templated":true}]}}