{"id":1070,"date":"2021-02-08T13:36:07","date_gmt":"2021-02-08T13:36:07","guid":{"rendered":"https:\/\/legandgo.com\/product\/balance-board-with-a-gray-felt-bottom\/"},"modified":"2026-04-09T10:20:12","modified_gmt":"2026-04-09T08:20:12","slug":"felt-base-balance-board","status":"publish","type":"product","link":"https:\/\/legandgo.com\/de\/shop\/balance-board-de\/felt-base-balance-board\/","title":{"rendered":"Balance Board mit Filzunterseite"},"content":{"rendered":"<p>Wo Bewegung auf Fantasie trifft.<\/p>\n<p>Unser h\u00f6lzernes Balance Board mit Filzunterseite bringt spielerische Bewegung in den Alltag und sch\u00fctzt Ihre B\u00f6den zugleich mit einer weichen, unterst\u00fctzenden Schicht.<\/p>\n<p>Schaukeln, drehen, balancieren, dehnen \u2014 es gibt nicht nur eine Art, es zu nutzen. Was als Spiel beginnt, wird schnell zu einem wirkungsvollen Hilfsmittel zur F\u00f6rderung von Koordination, Kraft, Kreativit\u00e4t und Selbstvertrauen.<\/p>\n<p>F\u00fcr alle Altersgruppen entwickelt, w\u00e4chst es mit Ihrer Familie mit und f\u00f6rdert aktive Bewegung von der fr\u00fchen Kindheit bis ins Erwachsenenalter.<\/p>\n<p><strong>Entdecken Sie unten mehr.<\/strong><\/p>\n","protected":false},"excerpt":{"rendered":"<p>Wo Bewegung auf Fantasie trifft. Unser h\u00f6lzernes Balance Board mit Filzunterseite bringt spielerische Bewegung in den Alltag und sch\u00fctzt Ihre B\u00f6den zugleich mit einer weichen, unterst\u00fctzenden Schicht. Schaukeln, drehen, balancieren, dehnen \u2014 es gibt nicht nur eine Art, es zu nutzen. Was als Spiel beginnt, wird schnell zu einem wirkungsvollen Hilfsmittel zur F\u00f6rderung von Koordination,<a class=\"excerpt-read-more\" href=\"https:\/\/legandgo.com\/de\/shop\/balance-board-de\/felt-base-balance-board\/\" title=\"ReadBalance Board mit Filzunterseite\">&#8230; Read more &raquo;<\/a><\/p>\n","protected":false},"featured_media":48797,"comment_status":"closed","ping_status":"closed","template":"","meta":{"_acf_changed":false,"inline_featured_image":false,"footnotes":""},"product_brand":[],"product_cat":[1319,538],"product_tag":[513,1783,1780,1788,1786,1785,1784,1781,1782,1727,1719,1723,1715,1711,1787],"class_list":{"0":"post-1070","1":"product","2":"type-product","3":"status-publish","4":"has-post-thumbnail","6":"product_cat-kategorie-spielzeug","7":"product_cat-balance-board-de","8":"product_tag-balance-board-de","9":"product_tag-balance-board-for-kids","10":"product_tag-balance-board-kids","11":"product_tag-balance-boards-deals","12":"product_tag-balance-boards-for-kids","13":"product_tag-balance-boards-sale","14":"product_tag-balanceboard","15":"product_tag-go-balance-board","16":"product_tag-kids-balance-board","17":"product_tag-leg-go-2","18":"product_tag-leg-and-go","19":"product_tag-leg-go","20":"product_tag-leggo","21":"product_tag-legandgo","22":"product_tag-value-balance-boards","23":"product_shipping_class-bike-shipping-de","25":"first","26":"instock","27":"sale","28":"purchasable","29":"product-type-variable","30":"has-default-attributes"},"bundled_by":[],"bundle_stock_status":"instock","bundle_stock_quantity":null,"bundle_virtual":false,"bundle_layout":"","bundle_add_to_cart_form_location":"","bundle_editable_in_cart":false,"bundle_sold_individually_context":"","bundle_item_grouping":"","bundle_min_size":"","bundle_max_size":"","bundle_price":[],"bundled_items":[],"bundle_sell_ids":[],"acf":[],"yoast_head":"<!-- This site is optimized with the Yoast SEO plugin v25.9 - https:\/\/yoast.com\/wordpress\/plugins\/seo\/ -->\n<title>Balance Board mit Filzunterseite &#183; leg&amp;go<\/title>\n<meta name=\"description\" content=\"Balance Board mit Filzbasis aus nat\u00fcrlichem Holz. F\u00f6rdert Gleichgewicht, Bewegung und Kreativit\u00e4t, sch\u00fctzt den Boden und ist f\u00fcr Kinder und Erwachsene geeignet.\" \/>\n<meta name=\"robots\" content=\"index, follow, max-snippet:-1, max-image-preview:large, max-video-preview:-1\" \/>\n<link rel=\"canonical\" href=\"https:\/\/legandgo.com\/de\/shop\/balance-board-de\/felt-base-balance-board\/\" \/>\n<meta property=\"og:locale\" content=\"de_DE\" \/>\n<meta property=\"og:type\" content=\"article\" \/>\n<meta property=\"og:title\" content=\"Balance Board mit Filzunterseite &#183; leg&amp;go\" \/>\n<meta property=\"og:description\" content=\"Balance Board mit Filzbasis aus nat\u00fcrlichem Holz. F\u00f6rdert Gleichgewicht, Bewegung und Kreativit\u00e4t, sch\u00fctzt den Boden und ist f\u00fcr Kinder und Erwachsene geeignet.\" \/>\n<meta property=\"og:url\" content=\"https:\/\/legandgo.com\/de\/shop\/balance-board-de\/felt-base-balance-board\/\" \/>\n<meta property=\"og:site_name\" content=\"leg&amp;go\" \/>\n<meta property=\"article:publisher\" content=\"https:\/\/www.facebook.com\/legandgo\" \/>\n<meta property=\"article:modified_time\" content=\"2026-04-09T08:20:12+00:00\" \/>\n<meta property=\"og:image\" content=\"https:\/\/legandgo.com\/wp-content\/uploads\/2021\/02\/Balance-Board-with-a-Gray-Felt-Bottom-scaled.jpg\" \/>\n\t<meta property=\"og:image:width\" content=\"2560\" \/>\n\t<meta property=\"og:image:height\" content=\"2560\" \/>\n\t<meta property=\"og:image:type\" content=\"image\/jpeg\" \/>\n<meta name=\"twitter:card\" content=\"summary_large_image\" \/>\n<meta name=\"twitter:label1\" content=\"Gesch\u00e4tzte Lesezeit\" \/>\n\t<meta name=\"twitter:data1\" content=\"1 Minute\" \/>\n<script type=\"application\/ld+json\" class=\"yoast-schema-graph\">{\"@context\":\"https:\/\/schema.org\",\"@graph\":[{\"@type\":\"WebPage\",\"@id\":\"https:\/\/legandgo.com\/de\/shop\/balance-board-de\/felt-base-balance-board\/\",\"url\":\"https:\/\/legandgo.com\/de\/shop\/balance-board-de\/felt-base-balance-board\/\",\"name\":\"Balance Board mit Filzunterseite &#183; leg&amp;go\",\"isPartOf\":{\"@id\":\"https:\/\/legandgo.com\/de\/#website\"},\"primaryImageOfPage\":{\"@id\":\"https:\/\/legandgo.com\/de\/shop\/balance-board-de\/felt-base-balance-board\/#primaryimage\"},\"image\":{\"@id\":\"https:\/\/legandgo.com\/de\/shop\/balance-board-de\/felt-base-balance-board\/#primaryimage\"},\"thumbnailUrl\":\"https:\/\/legandgo.com\/wp-content\/uploads\/2021\/02\/Balance-Board-with-a-Gray-Felt-Bottom-scaled.jpg\",\"datePublished\":\"2021-02-08T13:36:07+00:00\",\"dateModified\":\"2026-04-09T08:20:12+00:00\",\"description\":\"Balance Board mit Filzbasis aus nat\u00fcrlichem Holz. F\u00f6rdert Gleichgewicht, Bewegung und Kreativit\u00e4t, sch\u00fctzt den Boden und ist f\u00fcr Kinder und Erwachsene geeignet.\",\"breadcrumb\":{\"@id\":\"https:\/\/legandgo.com\/de\/shop\/balance-board-de\/felt-base-balance-board\/#breadcrumb\"},\"inLanguage\":\"de-DE\",\"potentialAction\":[{\"@type\":\"ReadAction\",\"target\":[\"https:\/\/legandgo.com\/de\/shop\/balance-board-de\/felt-base-balance-board\/\"]}]},{\"@type\":\"ImageObject\",\"inLanguage\":\"de-DE\",\"@id\":\"https:\/\/legandgo.com\/de\/shop\/balance-board-de\/felt-base-balance-board\/#primaryimage\",\"url\":\"https:\/\/legandgo.com\/wp-content\/uploads\/2021\/02\/Balance-Board-with-a-Gray-Felt-Bottom-scaled.jpg\",\"contentUrl\":\"https:\/\/legandgo.com\/wp-content\/uploads\/2021\/02\/Balance-Board-with-a-Gray-Felt-Bottom-scaled.jpg\",\"width\":2560,\"height\":2560},{\"@type\":\"BreadcrumbList\",\"@id\":\"https:\/\/legandgo.com\/de\/shop\/balance-board-de\/felt-base-balance-board\/#breadcrumb\",\"itemListElement\":[{\"@type\":\"ListItem\",\"position\":1,\"name\":\"Home\",\"item\":\"https:\/\/legandgo.com\/de\/\"},{\"@type\":\"ListItem\",\"position\":2,\"name\":\"Shop\",\"item\":\"https:\/\/legandgo.com\/de\/shop\/\"},{\"@type\":\"ListItem\",\"position\":3,\"name\":\"Balance Board mit Filzunterseite\"}]},{\"@type\":\"WebSite\",\"@id\":\"https:\/\/legandgo.com\/de\/#website\",\"url\":\"https:\/\/legandgo.com\/de\/\",\"name\":\"leg&amp;go\",\"description\":\"\",\"publisher\":{\"@id\":\"https:\/\/legandgo.com\/de\/#organization\"},\"potentialAction\":[{\"@type\":\"SearchAction\",\"target\":{\"@type\":\"EntryPoint\",\"urlTemplate\":\"https:\/\/legandgo.com\/de\/?s={search_term_string}\"},\"query-input\":{\"@type\":\"PropertyValueSpecification\",\"valueRequired\":true,\"valueName\":\"search_term_string\"}}],\"inLanguage\":\"de-DE\"},{\"@type\":\"Organization\",\"@id\":\"https:\/\/legandgo.com\/de\/#organization\",\"name\":\"leg&go bike\",\"url\":\"https:\/\/legandgo.com\/de\/\",\"logo\":{\"@type\":\"ImageObject\",\"inLanguage\":\"de-DE\",\"@id\":\"https:\/\/legandgo.com\/de\/#\/schema\/logo\/image\/\",\"url\":\"https:\/\/legandgo.com\/wp-content\/uploads\/2021\/03\/logorf.png\",\"contentUrl\":\"https:\/\/legandgo.com\/wp-content\/uploads\/2021\/03\/logorf.png\",\"width\":675,\"height\":216,\"caption\":\"leg&go bike\"},\"image\":{\"@id\":\"https:\/\/legandgo.com\/de\/#\/schema\/logo\/image\/\"},\"sameAs\":[\"https:\/\/www.facebook.com\/legandgo\",\"https:\/\/www.instagram.com\/legandgo\/\",\"https:\/\/www.linkedin.com\/company\/legandgo\/\",\"https:\/\/www.pinterest.com\/legandgo\/\",\"https:\/\/www.youtube.com\/channel\/UC_FBzWPmKWE0g7fcR4Xdfuw\/\"]}]}<\/script>\n<!-- \/ Yoast SEO plugin. -->","yoast_head_json":{"title":"Balance Board mit Filzunterseite &#183; leg&amp;go","description":"Balance Board mit Filzbasis aus nat\u00fcrlichem Holz. F\u00f6rdert Gleichgewicht, Bewegung und Kreativit\u00e4t, sch\u00fctzt den Boden und ist f\u00fcr Kinder und Erwachsene geeignet.","robots":{"index":"index","follow":"follow","max-snippet":"max-snippet:-1","max-image-preview":"max-image-preview:large","max-video-preview":"max-video-preview:-1"},"canonical":"https:\/\/legandgo.com\/de\/shop\/balance-board-de\/felt-base-balance-board\/","og_locale":"de_DE","og_type":"article","og_title":"Balance Board mit Filzunterseite &#183; leg&amp;go","og_description":"Balance Board mit Filzbasis aus nat\u00fcrlichem Holz. F\u00f6rdert Gleichgewicht, Bewegung und Kreativit\u00e4t, sch\u00fctzt den Boden und ist f\u00fcr Kinder und Erwachsene geeignet.","og_url":"https:\/\/legandgo.com\/de\/shop\/balance-board-de\/felt-base-balance-board\/","og_site_name":"leg&amp;go","article_publisher":"https:\/\/www.facebook.com\/legandgo","article_modified_time":"2026-04-09T08:20:12+00:00","og_image":[{"width":2560,"height":2560,"url":"https:\/\/legandgo.com\/wp-content\/uploads\/2021\/02\/Balance-Board-with-a-Gray-Felt-Bottom-scaled.jpg","type":"image\/jpeg"}],"twitter_card":"summary_large_image","twitter_misc":{"Gesch\u00e4tzte Lesezeit":"1 Minute"},"schema":{"@context":"https:\/\/schema.org","@graph":[{"@type":"WebPage","@id":"https:\/\/legandgo.com\/de\/shop\/balance-board-de\/felt-base-balance-board\/","url":"https:\/\/legandgo.com\/de\/shop\/balance-board-de\/felt-base-balance-board\/","name":"Balance Board mit Filzunterseite &#183; leg&amp;go","isPartOf":{"@id":"https:\/\/legandgo.com\/de\/#website"},"primaryImageOfPage":{"@id":"https:\/\/legandgo.com\/de\/shop\/balance-board-de\/felt-base-balance-board\/#primaryimage"},"image":{"@id":"https:\/\/legandgo.com\/de\/shop\/balance-board-de\/felt-base-balance-board\/#primaryimage"},"thumbnailUrl":"https:\/\/legandgo.com\/wp-content\/uploads\/2021\/02\/Balance-Board-with-a-Gray-Felt-Bottom-scaled.jpg","datePublished":"2021-02-08T13:36:07+00:00","dateModified":"2026-04-09T08:20:12+00:00","description":"Balance Board mit Filzbasis aus nat\u00fcrlichem Holz. F\u00f6rdert Gleichgewicht, Bewegung und Kreativit\u00e4t, sch\u00fctzt den Boden und ist f\u00fcr Kinder und Erwachsene geeignet.","breadcrumb":{"@id":"https:\/\/legandgo.com\/de\/shop\/balance-board-de\/felt-base-balance-board\/#breadcrumb"},"inLanguage":"de-DE","potentialAction":[{"@type":"ReadAction","target":["https:\/\/legandgo.com\/de\/shop\/balance-board-de\/felt-base-balance-board\/"]}]},{"@type":"ImageObject","inLanguage":"de-DE","@id":"https:\/\/legandgo.com\/de\/shop\/balance-board-de\/felt-base-balance-board\/#primaryimage","url":"https:\/\/legandgo.com\/wp-content\/uploads\/2021\/02\/Balance-Board-with-a-Gray-Felt-Bottom-scaled.jpg","contentUrl":"https:\/\/legandgo.com\/wp-content\/uploads\/2021\/02\/Balance-Board-with-a-Gray-Felt-Bottom-scaled.jpg","width":2560,"height":2560},{"@type":"BreadcrumbList","@id":"https:\/\/legandgo.com\/de\/shop\/balance-board-de\/felt-base-balance-board\/#breadcrumb","itemListElement":[{"@type":"ListItem","position":1,"name":"Home","item":"https:\/\/legandgo.com\/de\/"},{"@type":"ListItem","position":2,"name":"Shop","item":"https:\/\/legandgo.com\/de\/shop\/"},{"@type":"ListItem","position":3,"name":"Balance Board mit Filzunterseite"}]},{"@type":"WebSite","@id":"https:\/\/legandgo.com\/de\/#website","url":"https:\/\/legandgo.com\/de\/","name":"leg&amp;go","description":"","publisher":{"@id":"https:\/\/legandgo.com\/de\/#organization"},"potentialAction":[{"@type":"SearchAction","target":{"@type":"EntryPoint","urlTemplate":"https:\/\/legandgo.com\/de\/?s={search_term_string}"},"query-input":{"@type":"PropertyValueSpecification","valueRequired":true,"valueName":"search_term_string"}}],"inLanguage":"de-DE"},{"@type":"Organization","@id":"https:\/\/legandgo.com\/de\/#organization","name":"leg&go bike","url":"https:\/\/legandgo.com\/de\/","logo":{"@type":"ImageObject","inLanguage":"de-DE","@id":"https:\/\/legandgo.com\/de\/#\/schema\/logo\/image\/","url":"https:\/\/legandgo.com\/wp-content\/uploads\/2021\/03\/logorf.png","contentUrl":"https:\/\/legandgo.com\/wp-content\/uploads\/2021\/03\/logorf.png","width":675,"height":216,"caption":"leg&go bike"},"image":{"@id":"https:\/\/legandgo.com\/de\/#\/schema\/logo\/image\/"},"sameAs":["https:\/\/www.facebook.com\/legandgo","https:\/\/www.instagram.com\/legandgo\/","https:\/\/www.linkedin.com\/company\/legandgo\/","https:\/\/www.pinterest.com\/legandgo\/","https:\/\/www.youtube.com\/channel\/UC_FBzWPmKWE0g7fcR4Xdfuw\/"]}]}},"_links":{"self":[{"href":"https:\/\/legandgo.com\/de\/wp-json\/wp\/v2\/product\/1070","targetHints":{"allow":["GET"]}}],"collection":[{"href":"https:\/\/legandgo.com\/de\/wp-json\/wp\/v2\/product"}],"about":[{"href":"https:\/\/legandgo.com\/de\/wp-json\/wp\/v2\/types\/product"}],"replies":[{"embeddable":true,"href":"https:\/\/legandgo.com\/de\/wp-json\/wp\/v2\/comments?post=1070"}],"version-history":[{"count":18,"href":"https:\/\/legandgo.com\/de\/wp-json\/wp\/v2\/product\/1070\/revisions"}],"predecessor-version":[{"id":63402,"href":"https:\/\/legandgo.com\/de\/wp-json\/wp\/v2\/product\/1070\/revisions\/63402"}],"wp:featuredmedia":[{"embeddable":true,"href":"https:\/\/legandgo.com\/de\/wp-json\/wp\/v2\/media\/48797"}],"wp:attachment":[{"href":"https:\/\/legandgo.com\/de\/wp-json\/wp\/v2\/media?parent=1070"}],"wp:term":[{"taxonomy":"product_brand","embeddable":true,"href":"https:\/\/legandgo.com\/de\/wp-json\/wp\/v2\/product_brand?post=1070"},{"taxonomy":"product_cat","embeddable":true,"href":"https:\/\/legandgo.com\/de\/wp-json\/wp\/v2\/product_cat?post=1070"},{"taxonomy":"product_tag","embeddable":true,"href":"https:\/\/legandgo.com\/de\/wp-json\/wp\/v2\/product_tag?post=1070"}],"curies":[{"name":"wp","href":"https:\/\/api.w.org\/{rel}","templated":true}]}}