{"id":1117,"date":"2021-02-08T13:32:18","date_gmt":"2021-02-08T13:32:18","guid":{"rendered":"https:\/\/legandgo.com\/product\/spoke-reflectors\/"},"modified":"2026-03-10T11:02:49","modified_gmt":"2026-03-10T09:02:49","slug":"speichenreflektoren","status":"publish","type":"product","link":"https:\/\/legandgo.com\/de\/shop\/accessories-de\/speichenreflektoren\/","title":{"rendered":"Speichenreflektoren"},"content":{"rendered":"<p style=\"font-weight: 400;\">360\u00b0 Sichtbarkeit f\u00fcr furchtlose kleine Fahrer.<\/p>\n<p style=\"font-weight: 400;\">Wenn kleine Draufg\u00e4nger in ihre Abenteuer vertieft sind, m\u00f6chten wir sicher sein, dass sie von anderen gut gesehen werden. Diese leichten Speichenreflektoren bestehen aus 3M Scotchlite Material und sorgen f\u00fcr helle 360\u00b0 Sichtbarkeit w\u00e4hrend der Fahrt. Entwickelt f\u00fcr das Vorderrad eines Laufrads und f\u00fcr beide R\u00e4der eines Pedalfahrrads, erh\u00f6hen sie die Sicherheit jeder Fahrt, ohne das Fahrgef\u00fchl zu ver\u00e4ndern.<\/p>\n<p style=\"font-weight: 400;\"><strong>Entdecken Sie unten mehr.<\/strong><\/p>\n","protected":false},"excerpt":{"rendered":"<p>360\u00b0 Sichtbarkeit f\u00fcr furchtlose kleine Fahrer. Wenn kleine Draufg\u00e4nger in ihre Abenteuer vertieft sind, m\u00f6chten wir sicher sein, dass sie von anderen gut gesehen werden. Diese leichten Speichenreflektoren bestehen aus 3M Scotchlite Material und sorgen f\u00fcr helle 360\u00b0 Sichtbarkeit w\u00e4hrend der Fahrt. Entwickelt f\u00fcr das Vorderrad eines Laufrads und f\u00fcr beide R\u00e4der eines Pedalfahrrads, erh\u00f6hen<a class=\"excerpt-read-more\" href=\"https:\/\/legandgo.com\/de\/shop\/accessories-de\/speichenreflektoren\/\" title=\"ReadSpeichenreflektoren\">&#8230; Read more &raquo;<\/a><\/p>\n","protected":false},"featured_media":5162,"comment_status":"closed","ping_status":"closed","template":"","meta":{"_acf_changed":false,"inline_featured_image":false,"footnotes":""},"product_brand":[],"product_cat":[1311,85],"product_tag":[1660,1658,1659],"class_list":{"0":"post-1117","1":"product","2":"type-product","3":"status-publish","4":"has-post-thumbnail","6":"product_cat-laufrader-und-mehr","7":"product_cat-accessories-de","8":"product_tag-3-in-1-laufrad","9":"product_tag-laufrad-3-in-1","10":"product_tag-laufrad-holz","11":"product_shipping_class-accessories-shipping-de","13":"first","14":"instock","15":"purchasable","16":"product-type-simple"},"bundled_by":[],"bundle_stock_status":"instock","bundle_stock_quantity":null,"bundle_virtual":false,"bundle_layout":"","bundle_add_to_cart_form_location":"","bundle_editable_in_cart":false,"bundle_sold_individually_context":"","bundle_item_grouping":"","bundle_min_size":"","bundle_max_size":"","bundle_price":[],"bundled_items":[],"bundle_sell_ids":[],"acf":[],"yoast_head":"<!-- This site is optimized with the Yoast SEO plugin v25.9 - https:\/\/yoast.com\/wordpress\/plugins\/seo\/ -->\n<title>Speichenreflektoren &#183; leg&amp;go<\/title>\n<meta name=\"description\" content=\"Speichenreflektoren aus 3M Scotchlite f\u00fcr 360\u00b0 Sichtbarkeit bei 12\u2033 und 14\u2033 R\u00e4dern. Werkzeuglose Montage und leichtes Design f\u00fcr mehr Sicherheit.\" \/>\n<meta name=\"robots\" content=\"index, follow, max-snippet:-1, max-image-preview:large, max-video-preview:-1\" \/>\n<link rel=\"canonical\" href=\"https:\/\/legandgo.com\/de\/shop\/accessories-de\/speichenreflektoren\/\" \/>\n<meta property=\"og:locale\" content=\"de_DE\" \/>\n<meta property=\"og:type\" content=\"article\" \/>\n<meta property=\"og:title\" content=\"Speichenreflektoren &#183; leg&amp;go\" \/>\n<meta property=\"og:description\" content=\"Speichenreflektoren aus 3M Scotchlite f\u00fcr 360\u00b0 Sichtbarkeit bei 12\u2033 und 14\u2033 R\u00e4dern. Werkzeuglose Montage und leichtes Design f\u00fcr mehr Sicherheit.\" \/>\n<meta property=\"og:url\" content=\"https:\/\/legandgo.com\/de\/shop\/accessories-de\/speichenreflektoren\/\" \/>\n<meta property=\"og:site_name\" content=\"leg&amp;go\" \/>\n<meta property=\"article:publisher\" content=\"https:\/\/www.facebook.com\/legandgo\" \/>\n<meta property=\"article:modified_time\" content=\"2026-03-10T09:02:49+00:00\" \/>\n<meta property=\"og:image\" content=\"https:\/\/legandgo.com\/wp-content\/uploads\/2021\/02\/legandgo-leggo-spoke-reflectors.jpg\" \/>\n\t<meta property=\"og:image:width\" content=\"1920\" \/>\n\t<meta property=\"og:image:height\" content=\"1920\" \/>\n\t<meta property=\"og:image:type\" content=\"image\/jpeg\" \/>\n<meta name=\"twitter:card\" content=\"summary_large_image\" \/>\n<meta name=\"twitter:label1\" content=\"Gesch\u00e4tzte Lesezeit\" \/>\n\t<meta name=\"twitter:data1\" content=\"1 Minute\" \/>\n<script type=\"application\/ld+json\" class=\"yoast-schema-graph\">{\"@context\":\"https:\/\/schema.org\",\"@graph\":[{\"@type\":\"WebPage\",\"@id\":\"https:\/\/legandgo.com\/de\/shop\/accessories-de\/speichenreflektoren\/\",\"url\":\"https:\/\/legandgo.com\/de\/shop\/accessories-de\/speichenreflektoren\/\",\"name\":\"Speichenreflektoren &#183; leg&amp;go\",\"isPartOf\":{\"@id\":\"https:\/\/legandgo.com\/de\/#website\"},\"primaryImageOfPage\":{\"@id\":\"https:\/\/legandgo.com\/de\/shop\/accessories-de\/speichenreflektoren\/#primaryimage\"},\"image\":{\"@id\":\"https:\/\/legandgo.com\/de\/shop\/accessories-de\/speichenreflektoren\/#primaryimage\"},\"thumbnailUrl\":\"https:\/\/legandgo.com\/wp-content\/uploads\/2021\/02\/legandgo-leggo-spoke-reflectors.jpg\",\"datePublished\":\"2021-02-08T13:32:18+00:00\",\"dateModified\":\"2026-03-10T09:02:49+00:00\",\"description\":\"Speichenreflektoren aus 3M Scotchlite f\u00fcr 360\u00b0 Sichtbarkeit bei 12\u2033 und 14\u2033 R\u00e4dern. Werkzeuglose Montage und leichtes Design f\u00fcr mehr Sicherheit.\",\"breadcrumb\":{\"@id\":\"https:\/\/legandgo.com\/de\/shop\/accessories-de\/speichenreflektoren\/#breadcrumb\"},\"inLanguage\":\"de-DE\",\"potentialAction\":[{\"@type\":\"ReadAction\",\"target\":[\"https:\/\/legandgo.com\/de\/shop\/accessories-de\/speichenreflektoren\/\"]}]},{\"@type\":\"ImageObject\",\"inLanguage\":\"de-DE\",\"@id\":\"https:\/\/legandgo.com\/de\/shop\/accessories-de\/speichenreflektoren\/#primaryimage\",\"url\":\"https:\/\/legandgo.com\/wp-content\/uploads\/2021\/02\/legandgo-leggo-spoke-reflectors.jpg\",\"contentUrl\":\"https:\/\/legandgo.com\/wp-content\/uploads\/2021\/02\/legandgo-leggo-spoke-reflectors.jpg\",\"width\":1920,\"height\":1920},{\"@type\":\"BreadcrumbList\",\"@id\":\"https:\/\/legandgo.com\/de\/shop\/accessories-de\/speichenreflektoren\/#breadcrumb\",\"itemListElement\":[{\"@type\":\"ListItem\",\"position\":1,\"name\":\"Home\",\"item\":\"https:\/\/legandgo.com\/de\/\"},{\"@type\":\"ListItem\",\"position\":2,\"name\":\"Shop\",\"item\":\"https:\/\/legandgo.com\/de\/shop\/\"},{\"@type\":\"ListItem\",\"position\":3,\"name\":\"Speichenreflektoren\"}]},{\"@type\":\"WebSite\",\"@id\":\"https:\/\/legandgo.com\/de\/#website\",\"url\":\"https:\/\/legandgo.com\/de\/\",\"name\":\"leg&amp;go\",\"description\":\"\",\"publisher\":{\"@id\":\"https:\/\/legandgo.com\/de\/#organization\"},\"potentialAction\":[{\"@type\":\"SearchAction\",\"target\":{\"@type\":\"EntryPoint\",\"urlTemplate\":\"https:\/\/legandgo.com\/de\/?s={search_term_string}\"},\"query-input\":{\"@type\":\"PropertyValueSpecification\",\"valueRequired\":true,\"valueName\":\"search_term_string\"}}],\"inLanguage\":\"de-DE\"},{\"@type\":\"Organization\",\"@id\":\"https:\/\/legandgo.com\/de\/#organization\",\"name\":\"leg&go bike\",\"url\":\"https:\/\/legandgo.com\/de\/\",\"logo\":{\"@type\":\"ImageObject\",\"inLanguage\":\"de-DE\",\"@id\":\"https:\/\/legandgo.com\/de\/#\/schema\/logo\/image\/\",\"url\":\"https:\/\/legandgo.com\/wp-content\/uploads\/2021\/03\/logorf.png\",\"contentUrl\":\"https:\/\/legandgo.com\/wp-content\/uploads\/2021\/03\/logorf.png\",\"width\":675,\"height\":216,\"caption\":\"leg&go bike\"},\"image\":{\"@id\":\"https:\/\/legandgo.com\/de\/#\/schema\/logo\/image\/\"},\"sameAs\":[\"https:\/\/www.facebook.com\/legandgo\",\"https:\/\/www.instagram.com\/legandgo\/\",\"https:\/\/www.linkedin.com\/company\/legandgo\/\",\"https:\/\/www.pinterest.com\/legandgo\/\",\"https:\/\/www.youtube.com\/channel\/UC_FBzWPmKWE0g7fcR4Xdfuw\/\"]}]}<\/script>\n<!-- \/ Yoast SEO plugin. -->","yoast_head_json":{"title":"Speichenreflektoren &#183; leg&amp;go","description":"Speichenreflektoren aus 3M Scotchlite f\u00fcr 360\u00b0 Sichtbarkeit bei 12\u2033 und 14\u2033 R\u00e4dern. Werkzeuglose Montage und leichtes Design f\u00fcr mehr Sicherheit.","robots":{"index":"index","follow":"follow","max-snippet":"max-snippet:-1","max-image-preview":"max-image-preview:large","max-video-preview":"max-video-preview:-1"},"canonical":"https:\/\/legandgo.com\/de\/shop\/accessories-de\/speichenreflektoren\/","og_locale":"de_DE","og_type":"article","og_title":"Speichenreflektoren &#183; leg&amp;go","og_description":"Speichenreflektoren aus 3M Scotchlite f\u00fcr 360\u00b0 Sichtbarkeit bei 12\u2033 und 14\u2033 R\u00e4dern. Werkzeuglose Montage und leichtes Design f\u00fcr mehr Sicherheit.","og_url":"https:\/\/legandgo.com\/de\/shop\/accessories-de\/speichenreflektoren\/","og_site_name":"leg&amp;go","article_publisher":"https:\/\/www.facebook.com\/legandgo","article_modified_time":"2026-03-10T09:02:49+00:00","og_image":[{"width":1920,"height":1920,"url":"https:\/\/legandgo.com\/wp-content\/uploads\/2021\/02\/legandgo-leggo-spoke-reflectors.jpg","type":"image\/jpeg"}],"twitter_card":"summary_large_image","twitter_misc":{"Gesch\u00e4tzte Lesezeit":"1 Minute"},"schema":{"@context":"https:\/\/schema.org","@graph":[{"@type":"WebPage","@id":"https:\/\/legandgo.com\/de\/shop\/accessories-de\/speichenreflektoren\/","url":"https:\/\/legandgo.com\/de\/shop\/accessories-de\/speichenreflektoren\/","name":"Speichenreflektoren &#183; leg&amp;go","isPartOf":{"@id":"https:\/\/legandgo.com\/de\/#website"},"primaryImageOfPage":{"@id":"https:\/\/legandgo.com\/de\/shop\/accessories-de\/speichenreflektoren\/#primaryimage"},"image":{"@id":"https:\/\/legandgo.com\/de\/shop\/accessories-de\/speichenreflektoren\/#primaryimage"},"thumbnailUrl":"https:\/\/legandgo.com\/wp-content\/uploads\/2021\/02\/legandgo-leggo-spoke-reflectors.jpg","datePublished":"2021-02-08T13:32:18+00:00","dateModified":"2026-03-10T09:02:49+00:00","description":"Speichenreflektoren aus 3M Scotchlite f\u00fcr 360\u00b0 Sichtbarkeit bei 12\u2033 und 14\u2033 R\u00e4dern. Werkzeuglose Montage und leichtes Design f\u00fcr mehr Sicherheit.","breadcrumb":{"@id":"https:\/\/legandgo.com\/de\/shop\/accessories-de\/speichenreflektoren\/#breadcrumb"},"inLanguage":"de-DE","potentialAction":[{"@type":"ReadAction","target":["https:\/\/legandgo.com\/de\/shop\/accessories-de\/speichenreflektoren\/"]}]},{"@type":"ImageObject","inLanguage":"de-DE","@id":"https:\/\/legandgo.com\/de\/shop\/accessories-de\/speichenreflektoren\/#primaryimage","url":"https:\/\/legandgo.com\/wp-content\/uploads\/2021\/02\/legandgo-leggo-spoke-reflectors.jpg","contentUrl":"https:\/\/legandgo.com\/wp-content\/uploads\/2021\/02\/legandgo-leggo-spoke-reflectors.jpg","width":1920,"height":1920},{"@type":"BreadcrumbList","@id":"https:\/\/legandgo.com\/de\/shop\/accessories-de\/speichenreflektoren\/#breadcrumb","itemListElement":[{"@type":"ListItem","position":1,"name":"Home","item":"https:\/\/legandgo.com\/de\/"},{"@type":"ListItem","position":2,"name":"Shop","item":"https:\/\/legandgo.com\/de\/shop\/"},{"@type":"ListItem","position":3,"name":"Speichenreflektoren"}]},{"@type":"WebSite","@id":"https:\/\/legandgo.com\/de\/#website","url":"https:\/\/legandgo.com\/de\/","name":"leg&amp;go","description":"","publisher":{"@id":"https:\/\/legandgo.com\/de\/#organization"},"potentialAction":[{"@type":"SearchAction","target":{"@type":"EntryPoint","urlTemplate":"https:\/\/legandgo.com\/de\/?s={search_term_string}"},"query-input":{"@type":"PropertyValueSpecification","valueRequired":true,"valueName":"search_term_string"}}],"inLanguage":"de-DE"},{"@type":"Organization","@id":"https:\/\/legandgo.com\/de\/#organization","name":"leg&go bike","url":"https:\/\/legandgo.com\/de\/","logo":{"@type":"ImageObject","inLanguage":"de-DE","@id":"https:\/\/legandgo.com\/de\/#\/schema\/logo\/image\/","url":"https:\/\/legandgo.com\/wp-content\/uploads\/2021\/03\/logorf.png","contentUrl":"https:\/\/legandgo.com\/wp-content\/uploads\/2021\/03\/logorf.png","width":675,"height":216,"caption":"leg&go bike"},"image":{"@id":"https:\/\/legandgo.com\/de\/#\/schema\/logo\/image\/"},"sameAs":["https:\/\/www.facebook.com\/legandgo","https:\/\/www.instagram.com\/legandgo\/","https:\/\/www.linkedin.com\/company\/legandgo\/","https:\/\/www.pinterest.com\/legandgo\/","https:\/\/www.youtube.com\/channel\/UC_FBzWPmKWE0g7fcR4Xdfuw\/"]}]}},"_links":{"self":[{"href":"https:\/\/legandgo.com\/de\/wp-json\/wp\/v2\/product\/1117","targetHints":{"allow":["GET"]}}],"collection":[{"href":"https:\/\/legandgo.com\/de\/wp-json\/wp\/v2\/product"}],"about":[{"href":"https:\/\/legandgo.com\/de\/wp-json\/wp\/v2\/types\/product"}],"replies":[{"embeddable":true,"href":"https:\/\/legandgo.com\/de\/wp-json\/wp\/v2\/comments?post=1117"}],"version-history":[{"count":16,"href":"https:\/\/legandgo.com\/de\/wp-json\/wp\/v2\/product\/1117\/revisions"}],"predecessor-version":[{"id":54012,"href":"https:\/\/legandgo.com\/de\/wp-json\/wp\/v2\/product\/1117\/revisions\/54012"}],"wp:featuredmedia":[{"embeddable":true,"href":"https:\/\/legandgo.com\/de\/wp-json\/wp\/v2\/media\/5162"}],"wp:attachment":[{"href":"https:\/\/legandgo.com\/de\/wp-json\/wp\/v2\/media?parent=1117"}],"wp:term":[{"taxonomy":"product_brand","embeddable":true,"href":"https:\/\/legandgo.com\/de\/wp-json\/wp\/v2\/product_brand?post=1117"},{"taxonomy":"product_cat","embeddable":true,"href":"https:\/\/legandgo.com\/de\/wp-json\/wp\/v2\/product_cat?post=1117"},{"taxonomy":"product_tag","embeddable":true,"href":"https:\/\/legandgo.com\/de\/wp-json\/wp\/v2\/product_tag?post=1117"}],"curies":[{"name":"wp","href":"https:\/\/api.w.org\/{rel}","templated":true}]}}