{"id":1139,"date":"2021-02-08T13:31:18","date_gmt":"2021-02-08T13:31:18","guid":{"rendered":"https:\/\/legandgo.com\/product\/bike-lights\/"},"modified":"2026-03-10T11:03:02","modified_gmt":"2026-03-10T09:03:02","slug":"fahrrad-leuchten","status":"publish","type":"product","link":"https:\/\/legandgo.com\/de\/shop\/accessories-de\/fahrrad-leuchten\/","title":{"rendered":"Fahrrad-Leuchten"},"content":{"rendered":"<p style=\"font-weight: 400;\">F\u00fcr kleine Abenteuer, die nicht bei Sonnenuntergang enden.<\/p>\n<p style=\"font-weight: 400;\">Manchmal macht das Fahren einfach zu viel Spa\u00df, um aufzuh\u00f6ren. F\u00fcr Abendabenteuer oder Fahrten entlang belebter Stra\u00dfen sorgen unsere Fahrradlichter daf\u00fcr, dass Ihr kleiner Fahrer gut sichtbar und sicher unterwegs ist. Durchdacht gestaltet mit Weitwinkeloptik, fallen sie im Stra\u00dfenverkehr deutlich auf und bewahren dabei eine klare, minimalistische Optik.<\/p>\n<p style=\"font-weight: 400;\"><strong>Entdecken Sie unten mehr.<\/strong><\/p>\n","protected":false},"excerpt":{"rendered":"<p>F\u00fcr kleine Abenteuer, die nicht bei Sonnenuntergang enden. Manchmal macht das Fahren einfach zu viel Spa\u00df, um aufzuh\u00f6ren. F\u00fcr Abendabenteuer oder Fahrten entlang belebter Stra\u00dfen sorgen unsere Fahrradlichter daf\u00fcr, dass Ihr kleiner Fahrer gut sichtbar und sicher unterwegs ist. Durchdacht gestaltet mit Weitwinkeloptik, fallen sie im Stra\u00dfenverkehr deutlich auf und bewahren dabei eine klare, minimalistische<a class=\"excerpt-read-more\" href=\"https:\/\/legandgo.com\/de\/shop\/accessories-de\/fahrrad-leuchten\/\" title=\"ReadFahrrad-Leuchten\">&#8230; Read more &raquo;<\/a><\/p>\n","protected":false},"featured_media":512,"comment_status":"closed","ping_status":"closed","template":"","meta":{"_acf_changed":false,"inline_featured_image":false,"footnotes":""},"product_brand":[],"product_cat":[1311,85],"product_tag":[1660,1658,1659],"class_list":{"0":"post-1139","1":"product","2":"type-product","3":"status-publish","4":"has-post-thumbnail","6":"product_cat-laufrader-und-mehr","7":"product_cat-accessories-de","8":"product_tag-3-in-1-laufrad","9":"product_tag-laufrad-3-in-1","10":"product_tag-laufrad-holz","11":"product_shipping_class-accessories-shipping-de","13":"first","14":"instock","15":"purchasable","16":"product-type-simple"},"bundled_by":[],"bundle_stock_status":"instock","bundle_stock_quantity":null,"bundle_virtual":false,"bundle_layout":"","bundle_add_to_cart_form_location":"","bundle_editable_in_cart":false,"bundle_sold_individually_context":"","bundle_item_grouping":"","bundle_min_size":"","bundle_max_size":"","bundle_price":[],"bundled_items":[],"bundle_sell_ids":[],"acf":[],"yoast_head":"<!-- This site is optimized with the Yoast SEO plugin v25.9 - https:\/\/yoast.com\/wordpress\/plugins\/seo\/ -->\n<title>Fahrrad-Leuchten &#183; leg&amp;go<\/title>\n<meta name=\"description\" content=\"Fahrradlichter mit Weitwinkeloptik f\u00fcr hohe Sichtbarkeit bei Tag und Nacht. Drei Lichtmodi, Silikonbefestigung und minimalistisches Design f\u00fcr mehr Sicherheit.\" \/>\n<meta name=\"robots\" content=\"index, follow, max-snippet:-1, max-image-preview:large, max-video-preview:-1\" \/>\n<link rel=\"canonical\" href=\"https:\/\/legandgo.com\/de\/shop\/accessories-de\/fahrrad-leuchten\/\" \/>\n<meta property=\"og:locale\" content=\"de_DE\" \/>\n<meta property=\"og:type\" content=\"article\" \/>\n<meta property=\"og:title\" content=\"Fahrrad-Leuchten &#183; leg&amp;go\" \/>\n<meta property=\"og:description\" content=\"Fahrradlichter mit Weitwinkeloptik f\u00fcr hohe Sichtbarkeit bei Tag und Nacht. Drei Lichtmodi, Silikonbefestigung und minimalistisches Design f\u00fcr mehr Sicherheit.\" \/>\n<meta property=\"og:url\" content=\"https:\/\/legandgo.com\/de\/shop\/accessories-de\/fahrrad-leuchten\/\" \/>\n<meta property=\"og:site_name\" content=\"leg&amp;go\" \/>\n<meta property=\"article:publisher\" content=\"https:\/\/www.facebook.com\/legandgo\" \/>\n<meta property=\"article:modified_time\" content=\"2026-03-10T09:03:02+00:00\" \/>\n<meta property=\"og:image\" content=\"https:\/\/legandgo.com\/wp-content\/uploads\/2021\/02\/kinder-bike-lights.jpg\" \/>\n\t<meta property=\"og:image:width\" content=\"720\" \/>\n\t<meta property=\"og:image:height\" content=\"720\" \/>\n\t<meta property=\"og:image:type\" content=\"image\/jpeg\" \/>\n<meta name=\"twitter:card\" content=\"summary_large_image\" \/>\n<meta name=\"twitter:label1\" content=\"Gesch\u00e4tzte Lesezeit\" \/>\n\t<meta name=\"twitter:data1\" content=\"1 Minute\" \/>\n<script type=\"application\/ld+json\" class=\"yoast-schema-graph\">{\"@context\":\"https:\/\/schema.org\",\"@graph\":[{\"@type\":\"WebPage\",\"@id\":\"https:\/\/legandgo.com\/de\/shop\/accessories-de\/fahrrad-leuchten\/\",\"url\":\"https:\/\/legandgo.com\/de\/shop\/accessories-de\/fahrrad-leuchten\/\",\"name\":\"Fahrrad-Leuchten &#183; leg&amp;go\",\"isPartOf\":{\"@id\":\"https:\/\/legandgo.com\/de\/#website\"},\"primaryImageOfPage\":{\"@id\":\"https:\/\/legandgo.com\/de\/shop\/accessories-de\/fahrrad-leuchten\/#primaryimage\"},\"image\":{\"@id\":\"https:\/\/legandgo.com\/de\/shop\/accessories-de\/fahrrad-leuchten\/#primaryimage\"},\"thumbnailUrl\":\"https:\/\/legandgo.com\/wp-content\/uploads\/2021\/02\/kinder-bike-lights.jpg\",\"datePublished\":\"2021-02-08T13:31:18+00:00\",\"dateModified\":\"2026-03-10T09:03:02+00:00\",\"description\":\"Fahrradlichter mit Weitwinkeloptik f\u00fcr hohe Sichtbarkeit bei Tag und Nacht. Drei Lichtmodi, Silikonbefestigung und minimalistisches Design f\u00fcr mehr Sicherheit.\",\"breadcrumb\":{\"@id\":\"https:\/\/legandgo.com\/de\/shop\/accessories-de\/fahrrad-leuchten\/#breadcrumb\"},\"inLanguage\":\"de-DE\",\"potentialAction\":[{\"@type\":\"ReadAction\",\"target\":[\"https:\/\/legandgo.com\/de\/shop\/accessories-de\/fahrrad-leuchten\/\"]}]},{\"@type\":\"ImageObject\",\"inLanguage\":\"de-DE\",\"@id\":\"https:\/\/legandgo.com\/de\/shop\/accessories-de\/fahrrad-leuchten\/#primaryimage\",\"url\":\"https:\/\/legandgo.com\/wp-content\/uploads\/2021\/02\/kinder-bike-lights.jpg\",\"contentUrl\":\"https:\/\/legandgo.com\/wp-content\/uploads\/2021\/02\/kinder-bike-lights.jpg\",\"width\":720,\"height\":720},{\"@type\":\"BreadcrumbList\",\"@id\":\"https:\/\/legandgo.com\/de\/shop\/accessories-de\/fahrrad-leuchten\/#breadcrumb\",\"itemListElement\":[{\"@type\":\"ListItem\",\"position\":1,\"name\":\"Home\",\"item\":\"https:\/\/legandgo.com\/de\/\"},{\"@type\":\"ListItem\",\"position\":2,\"name\":\"Shop\",\"item\":\"https:\/\/legandgo.com\/de\/shop\/\"},{\"@type\":\"ListItem\",\"position\":3,\"name\":\"Fahrrad-Leuchten\"}]},{\"@type\":\"WebSite\",\"@id\":\"https:\/\/legandgo.com\/de\/#website\",\"url\":\"https:\/\/legandgo.com\/de\/\",\"name\":\"leg&amp;go\",\"description\":\"\",\"publisher\":{\"@id\":\"https:\/\/legandgo.com\/de\/#organization\"},\"potentialAction\":[{\"@type\":\"SearchAction\",\"target\":{\"@type\":\"EntryPoint\",\"urlTemplate\":\"https:\/\/legandgo.com\/de\/?s={search_term_string}\"},\"query-input\":{\"@type\":\"PropertyValueSpecification\",\"valueRequired\":true,\"valueName\":\"search_term_string\"}}],\"inLanguage\":\"de-DE\"},{\"@type\":\"Organization\",\"@id\":\"https:\/\/legandgo.com\/de\/#organization\",\"name\":\"leg&go bike\",\"url\":\"https:\/\/legandgo.com\/de\/\",\"logo\":{\"@type\":\"ImageObject\",\"inLanguage\":\"de-DE\",\"@id\":\"https:\/\/legandgo.com\/de\/#\/schema\/logo\/image\/\",\"url\":\"https:\/\/legandgo.com\/wp-content\/uploads\/2021\/03\/logorf.png\",\"contentUrl\":\"https:\/\/legandgo.com\/wp-content\/uploads\/2021\/03\/logorf.png\",\"width\":675,\"height\":216,\"caption\":\"leg&go bike\"},\"image\":{\"@id\":\"https:\/\/legandgo.com\/de\/#\/schema\/logo\/image\/\"},\"sameAs\":[\"https:\/\/www.facebook.com\/legandgo\",\"https:\/\/www.instagram.com\/legandgo\/\",\"https:\/\/www.linkedin.com\/company\/legandgo\/\",\"https:\/\/www.pinterest.com\/legandgo\/\",\"https:\/\/www.youtube.com\/channel\/UC_FBzWPmKWE0g7fcR4Xdfuw\/\"]}]}<\/script>\n<!-- \/ Yoast SEO plugin. -->","yoast_head_json":{"title":"Fahrrad-Leuchten &#183; leg&amp;go","description":"Fahrradlichter mit Weitwinkeloptik f\u00fcr hohe Sichtbarkeit bei Tag und Nacht. Drei Lichtmodi, Silikonbefestigung und minimalistisches Design f\u00fcr mehr Sicherheit.","robots":{"index":"index","follow":"follow","max-snippet":"max-snippet:-1","max-image-preview":"max-image-preview:large","max-video-preview":"max-video-preview:-1"},"canonical":"https:\/\/legandgo.com\/de\/shop\/accessories-de\/fahrrad-leuchten\/","og_locale":"de_DE","og_type":"article","og_title":"Fahrrad-Leuchten &#183; leg&amp;go","og_description":"Fahrradlichter mit Weitwinkeloptik f\u00fcr hohe Sichtbarkeit bei Tag und Nacht. Drei Lichtmodi, Silikonbefestigung und minimalistisches Design f\u00fcr mehr Sicherheit.","og_url":"https:\/\/legandgo.com\/de\/shop\/accessories-de\/fahrrad-leuchten\/","og_site_name":"leg&amp;go","article_publisher":"https:\/\/www.facebook.com\/legandgo","article_modified_time":"2026-03-10T09:03:02+00:00","og_image":[{"width":720,"height":720,"url":"https:\/\/legandgo.com\/wp-content\/uploads\/2021\/02\/kinder-bike-lights.jpg","type":"image\/jpeg"}],"twitter_card":"summary_large_image","twitter_misc":{"Gesch\u00e4tzte Lesezeit":"1 Minute"},"schema":{"@context":"https:\/\/schema.org","@graph":[{"@type":"WebPage","@id":"https:\/\/legandgo.com\/de\/shop\/accessories-de\/fahrrad-leuchten\/","url":"https:\/\/legandgo.com\/de\/shop\/accessories-de\/fahrrad-leuchten\/","name":"Fahrrad-Leuchten &#183; leg&amp;go","isPartOf":{"@id":"https:\/\/legandgo.com\/de\/#website"},"primaryImageOfPage":{"@id":"https:\/\/legandgo.com\/de\/shop\/accessories-de\/fahrrad-leuchten\/#primaryimage"},"image":{"@id":"https:\/\/legandgo.com\/de\/shop\/accessories-de\/fahrrad-leuchten\/#primaryimage"},"thumbnailUrl":"https:\/\/legandgo.com\/wp-content\/uploads\/2021\/02\/kinder-bike-lights.jpg","datePublished":"2021-02-08T13:31:18+00:00","dateModified":"2026-03-10T09:03:02+00:00","description":"Fahrradlichter mit Weitwinkeloptik f\u00fcr hohe Sichtbarkeit bei Tag und Nacht. Drei Lichtmodi, Silikonbefestigung und minimalistisches Design f\u00fcr mehr Sicherheit.","breadcrumb":{"@id":"https:\/\/legandgo.com\/de\/shop\/accessories-de\/fahrrad-leuchten\/#breadcrumb"},"inLanguage":"de-DE","potentialAction":[{"@type":"ReadAction","target":["https:\/\/legandgo.com\/de\/shop\/accessories-de\/fahrrad-leuchten\/"]}]},{"@type":"ImageObject","inLanguage":"de-DE","@id":"https:\/\/legandgo.com\/de\/shop\/accessories-de\/fahrrad-leuchten\/#primaryimage","url":"https:\/\/legandgo.com\/wp-content\/uploads\/2021\/02\/kinder-bike-lights.jpg","contentUrl":"https:\/\/legandgo.com\/wp-content\/uploads\/2021\/02\/kinder-bike-lights.jpg","width":720,"height":720},{"@type":"BreadcrumbList","@id":"https:\/\/legandgo.com\/de\/shop\/accessories-de\/fahrrad-leuchten\/#breadcrumb","itemListElement":[{"@type":"ListItem","position":1,"name":"Home","item":"https:\/\/legandgo.com\/de\/"},{"@type":"ListItem","position":2,"name":"Shop","item":"https:\/\/legandgo.com\/de\/shop\/"},{"@type":"ListItem","position":3,"name":"Fahrrad-Leuchten"}]},{"@type":"WebSite","@id":"https:\/\/legandgo.com\/de\/#website","url":"https:\/\/legandgo.com\/de\/","name":"leg&amp;go","description":"","publisher":{"@id":"https:\/\/legandgo.com\/de\/#organization"},"potentialAction":[{"@type":"SearchAction","target":{"@type":"EntryPoint","urlTemplate":"https:\/\/legandgo.com\/de\/?s={search_term_string}"},"query-input":{"@type":"PropertyValueSpecification","valueRequired":true,"valueName":"search_term_string"}}],"inLanguage":"de-DE"},{"@type":"Organization","@id":"https:\/\/legandgo.com\/de\/#organization","name":"leg&go bike","url":"https:\/\/legandgo.com\/de\/","logo":{"@type":"ImageObject","inLanguage":"de-DE","@id":"https:\/\/legandgo.com\/de\/#\/schema\/logo\/image\/","url":"https:\/\/legandgo.com\/wp-content\/uploads\/2021\/03\/logorf.png","contentUrl":"https:\/\/legandgo.com\/wp-content\/uploads\/2021\/03\/logorf.png","width":675,"height":216,"caption":"leg&go bike"},"image":{"@id":"https:\/\/legandgo.com\/de\/#\/schema\/logo\/image\/"},"sameAs":["https:\/\/www.facebook.com\/legandgo","https:\/\/www.instagram.com\/legandgo\/","https:\/\/www.linkedin.com\/company\/legandgo\/","https:\/\/www.pinterest.com\/legandgo\/","https:\/\/www.youtube.com\/channel\/UC_FBzWPmKWE0g7fcR4Xdfuw\/"]}]}},"_links":{"self":[{"href":"https:\/\/legandgo.com\/de\/wp-json\/wp\/v2\/product\/1139","targetHints":{"allow":["GET"]}}],"collection":[{"href":"https:\/\/legandgo.com\/de\/wp-json\/wp\/v2\/product"}],"about":[{"href":"https:\/\/legandgo.com\/de\/wp-json\/wp\/v2\/types\/product"}],"replies":[{"embeddable":true,"href":"https:\/\/legandgo.com\/de\/wp-json\/wp\/v2\/comments?post=1139"}],"version-history":[{"count":18,"href":"https:\/\/legandgo.com\/de\/wp-json\/wp\/v2\/product\/1139\/revisions"}],"predecessor-version":[{"id":54014,"href":"https:\/\/legandgo.com\/de\/wp-json\/wp\/v2\/product\/1139\/revisions\/54014"}],"wp:featuredmedia":[{"embeddable":true,"href":"https:\/\/legandgo.com\/de\/wp-json\/wp\/v2\/media\/512"}],"wp:attachment":[{"href":"https:\/\/legandgo.com\/de\/wp-json\/wp\/v2\/media?parent=1139"}],"wp:term":[{"taxonomy":"product_brand","embeddable":true,"href":"https:\/\/legandgo.com\/de\/wp-json\/wp\/v2\/product_brand?post=1139"},{"taxonomy":"product_cat","embeddable":true,"href":"https:\/\/legandgo.com\/de\/wp-json\/wp\/v2\/product_cat?post=1139"},{"taxonomy":"product_tag","embeddable":true,"href":"https:\/\/legandgo.com\/de\/wp-json\/wp\/v2\/product_tag?post=1139"}],"curies":[{"name":"wp","href":"https:\/\/api.w.org\/{rel}","templated":true}]}}