{"id":1146,"date":"2021-02-08T13:31:02","date_gmt":"2021-02-08T13:31:02","guid":{"rendered":"https:\/\/legandgo.com\/product\/handlebar-grips-2pcs\/"},"modified":"2026-04-16T10:35:50","modified_gmt":"2026-04-16T08:35:50","slug":"lenkergriffe","status":"publish","type":"product","link":"https:\/\/legandgo.com\/de\/shop\/accessories-de\/lenkergriffe\/","title":{"rendered":"Lenkergriffe (2 St\u00fccke)"},"content":{"rendered":"<p style=\"font-weight: 400;\">Die H\u00e4nde von Vielfahrern k\u00f6nnen mit der Zeit erm\u00fcden. Diese ergonomischen Lenkergriffe sorgen f\u00fcr einen weicheren, bequemeren Halt am Holzlenker. Hergestellt aus hochwertigem TPE Elastomer helfen sie, die Erm\u00fcdung der H\u00e4nde zu reduzieren, den Griff zu verbessern und das Fahrrad bei St\u00fcrzen zu sch\u00fctzen.<\/p>\n<p style=\"font-weight: 400;\"><strong>Entdecken Sie unten mehr.<\/strong><\/p>\n","protected":false},"excerpt":{"rendered":"<p>Die H\u00e4nde von Vielfahrern k\u00f6nnen mit der Zeit erm\u00fcden. Diese ergonomischen Lenkergriffe sorgen f\u00fcr einen weicheren, bequemeren Halt am Holzlenker. Hergestellt aus hochwertigem TPE Elastomer helfen sie, die Erm\u00fcdung der H\u00e4nde zu reduzieren, den Griff zu verbessern und das Fahrrad bei St\u00fcrzen zu sch\u00fctzen. Entdecken Sie unten mehr.<\/p>\n","protected":false},"featured_media":496,"comment_status":"closed","ping_status":"closed","template":"","meta":{"_acf_changed":false,"inline_featured_image":false,"footnotes":""},"product_brand":[],"product_cat":[1311,85],"product_tag":[1660,1658,1659],"class_list":{"0":"post-1146","1":"product","2":"type-product","3":"status-publish","4":"has-post-thumbnail","6":"product_cat-laufrader-und-mehr","7":"product_cat-accessories-de","8":"product_tag-3-in-1-laufrad","9":"product_tag-laufrad-3-in-1","10":"product_tag-laufrad-holz","11":"product_shipping_class-accessories-shipping-de","12":"pa_color-schwarz","13":"pa_color-altrosa","15":"first","16":"instock","17":"sale","18":"purchasable","19":"product-type-variable","20":"has-default-attributes"},"bundled_by":[],"bundle_stock_status":"instock","bundle_stock_quantity":null,"bundle_virtual":false,"bundle_layout":"","bundle_add_to_cart_form_location":"","bundle_editable_in_cart":false,"bundle_sold_individually_context":"","bundle_item_grouping":"","bundle_min_size":"","bundle_max_size":"","bundle_price":[],"bundled_items":[],"bundle_sell_ids":[],"acf":[],"yoast_head":"<!-- This site is optimized with the Yoast SEO plugin v25.9 - https:\/\/yoast.com\/wordpress\/plugins\/seo\/ -->\n<title>Lenkergriffe (2 St\u00fccke) &#183; leg&amp;go<\/title>\n<meta name=\"description\" content=\"Ergonomische Lenkergriffe aus hochwertigem TPE f\u00fcr mehr Komfort und sicheren Halt. Passend f\u00fcr Holzlenker, 100 mm L\u00e4nge, einfache Montage.\" \/>\n<meta name=\"robots\" content=\"index, follow, max-snippet:-1, max-image-preview:large, max-video-preview:-1\" \/>\n<link rel=\"canonical\" href=\"https:\/\/legandgo.com\/de\/shop\/accessories-de\/lenkergriffe\/\" \/>\n<meta property=\"og:locale\" content=\"de_DE\" \/>\n<meta property=\"og:type\" content=\"article\" \/>\n<meta property=\"og:title\" content=\"Lenkergriffe (2 St\u00fccke) &#183; leg&amp;go\" \/>\n<meta property=\"og:description\" content=\"Ergonomische Lenkergriffe aus hochwertigem TPE f\u00fcr mehr Komfort und sicheren Halt. Passend f\u00fcr Holzlenker, 100 mm L\u00e4nge, einfache Montage.\" \/>\n<meta property=\"og:url\" content=\"https:\/\/legandgo.com\/de\/shop\/accessories-de\/lenkergriffe\/\" \/>\n<meta property=\"og:site_name\" content=\"leg&amp;go\" \/>\n<meta property=\"article:publisher\" content=\"https:\/\/www.facebook.com\/legandgo\" \/>\n<meta property=\"article:modified_time\" content=\"2026-04-16T08:35:50+00:00\" \/>\n<meta property=\"og:image\" content=\"https:\/\/legandgo.com\/wp-content\/uploads\/2021\/02\/handlebar-grips.jpg\" \/>\n\t<meta property=\"og:image:width\" content=\"720\" \/>\n\t<meta property=\"og:image:height\" content=\"720\" \/>\n\t<meta property=\"og:image:type\" content=\"image\/jpeg\" \/>\n<meta name=\"twitter:card\" content=\"summary_large_image\" \/>\n<meta name=\"twitter:label1\" content=\"Gesch\u00e4tzte Lesezeit\" \/>\n\t<meta name=\"twitter:data1\" content=\"1 Minute\" \/>\n<script type=\"application\/ld+json\" class=\"yoast-schema-graph\">{\"@context\":\"https:\/\/schema.org\",\"@graph\":[{\"@type\":\"WebPage\",\"@id\":\"https:\/\/legandgo.com\/de\/shop\/accessories-de\/lenkergriffe\/\",\"url\":\"https:\/\/legandgo.com\/de\/shop\/accessories-de\/lenkergriffe\/\",\"name\":\"Lenkergriffe (2 St\u00fccke) &#183; leg&amp;go\",\"isPartOf\":{\"@id\":\"https:\/\/legandgo.com\/de\/#website\"},\"primaryImageOfPage\":{\"@id\":\"https:\/\/legandgo.com\/de\/shop\/accessories-de\/lenkergriffe\/#primaryimage\"},\"image\":{\"@id\":\"https:\/\/legandgo.com\/de\/shop\/accessories-de\/lenkergriffe\/#primaryimage\"},\"thumbnailUrl\":\"https:\/\/legandgo.com\/wp-content\/uploads\/2021\/02\/handlebar-grips.jpg\",\"datePublished\":\"2021-02-08T13:31:02+00:00\",\"dateModified\":\"2026-04-16T08:35:50+00:00\",\"description\":\"Ergonomische Lenkergriffe aus hochwertigem TPE f\u00fcr mehr Komfort und sicheren Halt. Passend f\u00fcr Holzlenker, 100 mm L\u00e4nge, einfache Montage.\",\"breadcrumb\":{\"@id\":\"https:\/\/legandgo.com\/de\/shop\/accessories-de\/lenkergriffe\/#breadcrumb\"},\"inLanguage\":\"de-DE\",\"potentialAction\":[{\"@type\":\"ReadAction\",\"target\":[\"https:\/\/legandgo.com\/de\/shop\/accessories-de\/lenkergriffe\/\"]}]},{\"@type\":\"ImageObject\",\"inLanguage\":\"de-DE\",\"@id\":\"https:\/\/legandgo.com\/de\/shop\/accessories-de\/lenkergriffe\/#primaryimage\",\"url\":\"https:\/\/legandgo.com\/wp-content\/uploads\/2021\/02\/handlebar-grips.jpg\",\"contentUrl\":\"https:\/\/legandgo.com\/wp-content\/uploads\/2021\/02\/handlebar-grips.jpg\",\"width\":720,\"height\":720},{\"@type\":\"BreadcrumbList\",\"@id\":\"https:\/\/legandgo.com\/de\/shop\/accessories-de\/lenkergriffe\/#breadcrumb\",\"itemListElement\":[{\"@type\":\"ListItem\",\"position\":1,\"name\":\"Home\",\"item\":\"https:\/\/legandgo.com\/de\/\"},{\"@type\":\"ListItem\",\"position\":2,\"name\":\"Shop\",\"item\":\"https:\/\/legandgo.com\/de\/shop\/\"},{\"@type\":\"ListItem\",\"position\":3,\"name\":\"Lenkergriffe (2 St\u00fccke)\"}]},{\"@type\":\"WebSite\",\"@id\":\"https:\/\/legandgo.com\/de\/#website\",\"url\":\"https:\/\/legandgo.com\/de\/\",\"name\":\"leg&amp;go\",\"description\":\"\",\"publisher\":{\"@id\":\"https:\/\/legandgo.com\/de\/#organization\"},\"potentialAction\":[{\"@type\":\"SearchAction\",\"target\":{\"@type\":\"EntryPoint\",\"urlTemplate\":\"https:\/\/legandgo.com\/de\/?s={search_term_string}\"},\"query-input\":{\"@type\":\"PropertyValueSpecification\",\"valueRequired\":true,\"valueName\":\"search_term_string\"}}],\"inLanguage\":\"de-DE\"},{\"@type\":\"Organization\",\"@id\":\"https:\/\/legandgo.com\/de\/#organization\",\"name\":\"leg&go bike\",\"url\":\"https:\/\/legandgo.com\/de\/\",\"logo\":{\"@type\":\"ImageObject\",\"inLanguage\":\"de-DE\",\"@id\":\"https:\/\/legandgo.com\/de\/#\/schema\/logo\/image\/\",\"url\":\"https:\/\/legandgo.com\/wp-content\/uploads\/2021\/03\/logorf.png\",\"contentUrl\":\"https:\/\/legandgo.com\/wp-content\/uploads\/2021\/03\/logorf.png\",\"width\":675,\"height\":216,\"caption\":\"leg&go bike\"},\"image\":{\"@id\":\"https:\/\/legandgo.com\/de\/#\/schema\/logo\/image\/\"},\"sameAs\":[\"https:\/\/www.facebook.com\/legandgo\",\"https:\/\/www.instagram.com\/legandgo\/\",\"https:\/\/www.linkedin.com\/company\/legandgo\/\",\"https:\/\/www.pinterest.com\/legandgo\/\",\"https:\/\/www.youtube.com\/channel\/UC_FBzWPmKWE0g7fcR4Xdfuw\/\"]}]}<\/script>\n<!-- \/ Yoast SEO plugin. -->","yoast_head_json":{"title":"Lenkergriffe (2 St\u00fccke) &#183; leg&amp;go","description":"Ergonomische Lenkergriffe aus hochwertigem TPE f\u00fcr mehr Komfort und sicheren Halt. Passend f\u00fcr Holzlenker, 100 mm L\u00e4nge, einfache Montage.","robots":{"index":"index","follow":"follow","max-snippet":"max-snippet:-1","max-image-preview":"max-image-preview:large","max-video-preview":"max-video-preview:-1"},"canonical":"https:\/\/legandgo.com\/de\/shop\/accessories-de\/lenkergriffe\/","og_locale":"de_DE","og_type":"article","og_title":"Lenkergriffe (2 St\u00fccke) &#183; leg&amp;go","og_description":"Ergonomische Lenkergriffe aus hochwertigem TPE f\u00fcr mehr Komfort und sicheren Halt. Passend f\u00fcr Holzlenker, 100 mm L\u00e4nge, einfache Montage.","og_url":"https:\/\/legandgo.com\/de\/shop\/accessories-de\/lenkergriffe\/","og_site_name":"leg&amp;go","article_publisher":"https:\/\/www.facebook.com\/legandgo","article_modified_time":"2026-04-16T08:35:50+00:00","og_image":[{"width":720,"height":720,"url":"https:\/\/legandgo.com\/wp-content\/uploads\/2021\/02\/handlebar-grips.jpg","type":"image\/jpeg"}],"twitter_card":"summary_large_image","twitter_misc":{"Gesch\u00e4tzte Lesezeit":"1 Minute"},"schema":{"@context":"https:\/\/schema.org","@graph":[{"@type":"WebPage","@id":"https:\/\/legandgo.com\/de\/shop\/accessories-de\/lenkergriffe\/","url":"https:\/\/legandgo.com\/de\/shop\/accessories-de\/lenkergriffe\/","name":"Lenkergriffe (2 St\u00fccke) &#183; leg&amp;go","isPartOf":{"@id":"https:\/\/legandgo.com\/de\/#website"},"primaryImageOfPage":{"@id":"https:\/\/legandgo.com\/de\/shop\/accessories-de\/lenkergriffe\/#primaryimage"},"image":{"@id":"https:\/\/legandgo.com\/de\/shop\/accessories-de\/lenkergriffe\/#primaryimage"},"thumbnailUrl":"https:\/\/legandgo.com\/wp-content\/uploads\/2021\/02\/handlebar-grips.jpg","datePublished":"2021-02-08T13:31:02+00:00","dateModified":"2026-04-16T08:35:50+00:00","description":"Ergonomische Lenkergriffe aus hochwertigem TPE f\u00fcr mehr Komfort und sicheren Halt. Passend f\u00fcr Holzlenker, 100 mm L\u00e4nge, einfache Montage.","breadcrumb":{"@id":"https:\/\/legandgo.com\/de\/shop\/accessories-de\/lenkergriffe\/#breadcrumb"},"inLanguage":"de-DE","potentialAction":[{"@type":"ReadAction","target":["https:\/\/legandgo.com\/de\/shop\/accessories-de\/lenkergriffe\/"]}]},{"@type":"ImageObject","inLanguage":"de-DE","@id":"https:\/\/legandgo.com\/de\/shop\/accessories-de\/lenkergriffe\/#primaryimage","url":"https:\/\/legandgo.com\/wp-content\/uploads\/2021\/02\/handlebar-grips.jpg","contentUrl":"https:\/\/legandgo.com\/wp-content\/uploads\/2021\/02\/handlebar-grips.jpg","width":720,"height":720},{"@type":"BreadcrumbList","@id":"https:\/\/legandgo.com\/de\/shop\/accessories-de\/lenkergriffe\/#breadcrumb","itemListElement":[{"@type":"ListItem","position":1,"name":"Home","item":"https:\/\/legandgo.com\/de\/"},{"@type":"ListItem","position":2,"name":"Shop","item":"https:\/\/legandgo.com\/de\/shop\/"},{"@type":"ListItem","position":3,"name":"Lenkergriffe (2 St\u00fccke)"}]},{"@type":"WebSite","@id":"https:\/\/legandgo.com\/de\/#website","url":"https:\/\/legandgo.com\/de\/","name":"leg&amp;go","description":"","publisher":{"@id":"https:\/\/legandgo.com\/de\/#organization"},"potentialAction":[{"@type":"SearchAction","target":{"@type":"EntryPoint","urlTemplate":"https:\/\/legandgo.com\/de\/?s={search_term_string}"},"query-input":{"@type":"PropertyValueSpecification","valueRequired":true,"valueName":"search_term_string"}}],"inLanguage":"de-DE"},{"@type":"Organization","@id":"https:\/\/legandgo.com\/de\/#organization","name":"leg&go bike","url":"https:\/\/legandgo.com\/de\/","logo":{"@type":"ImageObject","inLanguage":"de-DE","@id":"https:\/\/legandgo.com\/de\/#\/schema\/logo\/image\/","url":"https:\/\/legandgo.com\/wp-content\/uploads\/2021\/03\/logorf.png","contentUrl":"https:\/\/legandgo.com\/wp-content\/uploads\/2021\/03\/logorf.png","width":675,"height":216,"caption":"leg&go bike"},"image":{"@id":"https:\/\/legandgo.com\/de\/#\/schema\/logo\/image\/"},"sameAs":["https:\/\/www.facebook.com\/legandgo","https:\/\/www.instagram.com\/legandgo\/","https:\/\/www.linkedin.com\/company\/legandgo\/","https:\/\/www.pinterest.com\/legandgo\/","https:\/\/www.youtube.com\/channel\/UC_FBzWPmKWE0g7fcR4Xdfuw\/"]}]}},"_links":{"self":[{"href":"https:\/\/legandgo.com\/de\/wp-json\/wp\/v2\/product\/1146","targetHints":{"allow":["GET"]}}],"collection":[{"href":"https:\/\/legandgo.com\/de\/wp-json\/wp\/v2\/product"}],"about":[{"href":"https:\/\/legandgo.com\/de\/wp-json\/wp\/v2\/types\/product"}],"replies":[{"embeddable":true,"href":"https:\/\/legandgo.com\/de\/wp-json\/wp\/v2\/comments?post=1146"}],"version-history":[{"count":14,"href":"https:\/\/legandgo.com\/de\/wp-json\/wp\/v2\/product\/1146\/revisions"}],"predecessor-version":[{"id":54015,"href":"https:\/\/legandgo.com\/de\/wp-json\/wp\/v2\/product\/1146\/revisions\/54015"}],"wp:featuredmedia":[{"embeddable":true,"href":"https:\/\/legandgo.com\/de\/wp-json\/wp\/v2\/media\/496"}],"wp:attachment":[{"href":"https:\/\/legandgo.com\/de\/wp-json\/wp\/v2\/media?parent=1146"}],"wp:term":[{"taxonomy":"product_brand","embeddable":true,"href":"https:\/\/legandgo.com\/de\/wp-json\/wp\/v2\/product_brand?post=1146"},{"taxonomy":"product_cat","embeddable":true,"href":"https:\/\/legandgo.com\/de\/wp-json\/wp\/v2\/product_cat?post=1146"},{"taxonomy":"product_tag","embeddable":true,"href":"https:\/\/legandgo.com\/de\/wp-json\/wp\/v2\/product_tag?post=1146"}],"curies":[{"name":"wp","href":"https:\/\/api.w.org\/{rel}","templated":true}]}}