{"id":1261,"date":"2021-02-03T16:46:05","date_gmt":"2021-02-03T16:46:05","guid":{"rendered":"https:\/\/legandgo.com\/product\/downhill-bike\/"},"modified":"2026-03-10T11:03:18","modified_gmt":"2026-03-10T09:03:18","slug":"downhill-bike","status":"publish","type":"product","link":"https:\/\/legandgo.com\/de\/shop\/add-ons-de\/downhill-bike\/","title":{"rendered":"Downhill Bike add-on"},"content":{"rendered":"<p style=\"font-weight: 400;\">F\u00fcr kleine Abenteurer entwickelt, vereint das Downhill Bike Add-on eine Fu\u00dfst\u00fctze, eine Bremse und ein Gef\u00fchl von Abenteuer in einem durchdachten Design. Es hilft Kindern, mit mehr Selbstvertrauen zu fahren und gleichzeitig ihre Geschwindigkeit auf nat\u00fcrliche Weise zu kontrollieren.<\/p>\n<p style=\"font-weight: 400;\">Es verwandelt das Balance-Biken in ein aufregendes Downhill-Erlebnis \u2014 ideal f\u00fcr Kinder, die Geschwindigkeit lieben und gleichzeitig von Stabilit\u00e4t und Kontrolle profitieren.<\/p>\n<p style=\"font-weight: 400;\"><strong>Bitte beachten Sie<\/strong>: Das Balance Bike 3in1 muss separat erworben werden. Das Downhill Bike Add-on ist ausschlie\u00dflich mit dem leg&amp;go Balance Bike 3in1 kompatibel.<\/p>\n<p style=\"font-weight: 400;\"><strong>Entdecken Sie unten mehr.<\/strong><\/p>\n","protected":false},"excerpt":{"rendered":"<p>F\u00fcr kleine Abenteurer entwickelt, vereint das Downhill Bike Add-on eine Fu\u00dfst\u00fctze, eine Bremse und ein Gef\u00fchl von Abenteuer in einem durchdachten Design. Es hilft Kindern, mit mehr Selbstvertrauen zu fahren und gleichzeitig ihre Geschwindigkeit auf nat\u00fcrliche Weise zu kontrollieren. Es verwandelt das Balance-Biken in ein aufregendes Downhill-Erlebnis \u2014 ideal f\u00fcr Kinder, die Geschwindigkeit lieben und<a class=\"excerpt-read-more\" href=\"https:\/\/legandgo.com\/de\/shop\/add-ons-de\/downhill-bike\/\" title=\"ReadDownhill Bike add-on\">&#8230; Read more &raquo;<\/a><\/p>\n","protected":false},"featured_media":9759,"comment_status":"closed","ping_status":"closed","template":"","meta":{"_acf_changed":false,"inline_featured_image":false,"footnotes":""},"product_brand":[],"product_cat":[1311,94],"product_tag":[1727,1719,1723,1715,1711],"class_list":{"0":"post-1261","1":"product","2":"type-product","3":"status-publish","4":"has-post-thumbnail","6":"product_cat-laufrader-und-mehr","7":"product_cat-add-ons-de","8":"product_tag-leg-go-2","9":"product_tag-leg-and-go","10":"product_tag-leg-go","11":"product_tag-leggo","12":"product_tag-legandgo","13":"product_shipping_class-toys-shipping-de","15":"first","16":"instock","17":"purchasable","18":"product-type-simple"},"bundled_by":["48638","50832"],"bundle_stock_status":"instock","bundle_stock_quantity":null,"bundle_virtual":false,"bundle_layout":"","bundle_add_to_cart_form_location":"","bundle_editable_in_cart":false,"bundle_sold_individually_context":"","bundle_item_grouping":"","bundle_min_size":"","bundle_max_size":"","bundle_price":[],"bundled_items":[],"bundle_sell_ids":[],"acf":[],"yoast_head":"<!-- This site is optimized with the Yoast SEO plugin v25.9 - https:\/\/yoast.com\/wordpress\/plugins\/seo\/ -->\n<title>Downhill Bike add-on &#183; leg&amp;go<\/title>\n<meta name=\"description\" content=\"Downhill-Aufsatz f\u00fcr das Leg&amp;Go 3-in-1-Laufrad aus Holz, um das Laufrad in ein Downhill-Bike f\u00fcr Kleinkinder zu verwandeln\" \/>\n<meta name=\"robots\" content=\"index, follow, max-snippet:-1, max-image-preview:large, max-video-preview:-1\" \/>\n<link rel=\"canonical\" href=\"https:\/\/legandgo.com\/de\/shop\/add-ons-de\/downhill-bike\/\" \/>\n<meta property=\"og:locale\" content=\"de_DE\" \/>\n<meta property=\"og:type\" content=\"article\" \/>\n<meta property=\"og:title\" content=\"Downhill Bike add-on &#183; leg&amp;go\" \/>\n<meta property=\"og:description\" content=\"Downhill-Aufsatz f\u00fcr das Leg&amp;Go 3-in-1-Laufrad aus Holz, um das Laufrad in ein Downhill-Bike f\u00fcr Kleinkinder zu verwandeln\" \/>\n<meta property=\"og:url\" content=\"https:\/\/legandgo.com\/de\/shop\/add-ons-de\/downhill-bike\/\" \/>\n<meta property=\"og:site_name\" content=\"leg&amp;go\" \/>\n<meta property=\"article:publisher\" content=\"https:\/\/www.facebook.com\/legandgo\" \/>\n<meta property=\"article:modified_time\" content=\"2026-03-10T09:03:18+00:00\" \/>\n<meta property=\"og:image\" content=\"https:\/\/legandgo.com\/wp-content\/uploads\/2021\/02\/Downhill_add-on.jpg\" \/>\n\t<meta property=\"og:image:width\" content=\"750\" \/>\n\t<meta property=\"og:image:height\" content=\"749\" \/>\n\t<meta property=\"og:image:type\" content=\"image\/jpeg\" \/>\n<meta name=\"twitter:card\" content=\"summary_large_image\" \/>\n<meta name=\"twitter:label1\" content=\"Gesch\u00e4tzte Lesezeit\" \/>\n\t<meta name=\"twitter:data1\" content=\"1 Minute\" \/>\n<script type=\"application\/ld+json\" class=\"yoast-schema-graph\">{\"@context\":\"https:\/\/schema.org\",\"@graph\":[{\"@type\":\"WebPage\",\"@id\":\"https:\/\/legandgo.com\/de\/shop\/add-ons-de\/downhill-bike\/\",\"url\":\"https:\/\/legandgo.com\/de\/shop\/add-ons-de\/downhill-bike\/\",\"name\":\"Downhill Bike add-on &#183; leg&amp;go\",\"isPartOf\":{\"@id\":\"https:\/\/legandgo.com\/de\/#website\"},\"primaryImageOfPage\":{\"@id\":\"https:\/\/legandgo.com\/de\/shop\/add-ons-de\/downhill-bike\/#primaryimage\"},\"image\":{\"@id\":\"https:\/\/legandgo.com\/de\/shop\/add-ons-de\/downhill-bike\/#primaryimage\"},\"thumbnailUrl\":\"https:\/\/legandgo.com\/wp-content\/uploads\/2021\/02\/Downhill_add-on.jpg\",\"datePublished\":\"2021-02-03T16:46:05+00:00\",\"dateModified\":\"2026-03-10T09:03:18+00:00\",\"description\":\"Downhill-Aufsatz f\u00fcr das Leg&Go 3-in-1-Laufrad aus Holz, um das Laufrad in ein Downhill-Bike f\u00fcr Kleinkinder zu verwandeln\",\"breadcrumb\":{\"@id\":\"https:\/\/legandgo.com\/de\/shop\/add-ons-de\/downhill-bike\/#breadcrumb\"},\"inLanguage\":\"de-DE\",\"potentialAction\":[{\"@type\":\"ReadAction\",\"target\":[\"https:\/\/legandgo.com\/de\/shop\/add-ons-de\/downhill-bike\/\"]}]},{\"@type\":\"ImageObject\",\"inLanguage\":\"de-DE\",\"@id\":\"https:\/\/legandgo.com\/de\/shop\/add-ons-de\/downhill-bike\/#primaryimage\",\"url\":\"https:\/\/legandgo.com\/wp-content\/uploads\/2021\/02\/Downhill_add-on.jpg\",\"contentUrl\":\"https:\/\/legandgo.com\/wp-content\/uploads\/2021\/02\/Downhill_add-on.jpg\",\"width\":750,\"height\":749},{\"@type\":\"BreadcrumbList\",\"@id\":\"https:\/\/legandgo.com\/de\/shop\/add-ons-de\/downhill-bike\/#breadcrumb\",\"itemListElement\":[{\"@type\":\"ListItem\",\"position\":1,\"name\":\"Home\",\"item\":\"https:\/\/legandgo.com\/de\/\"},{\"@type\":\"ListItem\",\"position\":2,\"name\":\"Shop\",\"item\":\"https:\/\/legandgo.com\/de\/shop\/\"},{\"@type\":\"ListItem\",\"position\":3,\"name\":\"Downhill Bike add-on\"}]},{\"@type\":\"WebSite\",\"@id\":\"https:\/\/legandgo.com\/de\/#website\",\"url\":\"https:\/\/legandgo.com\/de\/\",\"name\":\"leg&amp;go\",\"description\":\"\",\"publisher\":{\"@id\":\"https:\/\/legandgo.com\/de\/#organization\"},\"potentialAction\":[{\"@type\":\"SearchAction\",\"target\":{\"@type\":\"EntryPoint\",\"urlTemplate\":\"https:\/\/legandgo.com\/de\/?s={search_term_string}\"},\"query-input\":{\"@type\":\"PropertyValueSpecification\",\"valueRequired\":true,\"valueName\":\"search_term_string\"}}],\"inLanguage\":\"de-DE\"},{\"@type\":\"Organization\",\"@id\":\"https:\/\/legandgo.com\/de\/#organization\",\"name\":\"leg&go bike\",\"url\":\"https:\/\/legandgo.com\/de\/\",\"logo\":{\"@type\":\"ImageObject\",\"inLanguage\":\"de-DE\",\"@id\":\"https:\/\/legandgo.com\/de\/#\/schema\/logo\/image\/\",\"url\":\"https:\/\/legandgo.com\/wp-content\/uploads\/2021\/03\/logorf.png\",\"contentUrl\":\"https:\/\/legandgo.com\/wp-content\/uploads\/2021\/03\/logorf.png\",\"width\":675,\"height\":216,\"caption\":\"leg&go bike\"},\"image\":{\"@id\":\"https:\/\/legandgo.com\/de\/#\/schema\/logo\/image\/\"},\"sameAs\":[\"https:\/\/www.facebook.com\/legandgo\",\"https:\/\/www.instagram.com\/legandgo\/\",\"https:\/\/www.linkedin.com\/company\/legandgo\/\",\"https:\/\/www.pinterest.com\/legandgo\/\",\"https:\/\/www.youtube.com\/channel\/UC_FBzWPmKWE0g7fcR4Xdfuw\/\"]}]}<\/script>\n<!-- \/ Yoast SEO plugin. -->","yoast_head_json":{"title":"Downhill Bike add-on &#183; leg&amp;go","description":"Downhill-Aufsatz f\u00fcr das Leg&Go 3-in-1-Laufrad aus Holz, um das Laufrad in ein Downhill-Bike f\u00fcr Kleinkinder zu verwandeln","robots":{"index":"index","follow":"follow","max-snippet":"max-snippet:-1","max-image-preview":"max-image-preview:large","max-video-preview":"max-video-preview:-1"},"canonical":"https:\/\/legandgo.com\/de\/shop\/add-ons-de\/downhill-bike\/","og_locale":"de_DE","og_type":"article","og_title":"Downhill Bike add-on &#183; leg&amp;go","og_description":"Downhill-Aufsatz f\u00fcr das Leg&Go 3-in-1-Laufrad aus Holz, um das Laufrad in ein Downhill-Bike f\u00fcr Kleinkinder zu verwandeln","og_url":"https:\/\/legandgo.com\/de\/shop\/add-ons-de\/downhill-bike\/","og_site_name":"leg&amp;go","article_publisher":"https:\/\/www.facebook.com\/legandgo","article_modified_time":"2026-03-10T09:03:18+00:00","og_image":[{"width":750,"height":749,"url":"https:\/\/legandgo.com\/wp-content\/uploads\/2021\/02\/Downhill_add-on.jpg","type":"image\/jpeg"}],"twitter_card":"summary_large_image","twitter_misc":{"Gesch\u00e4tzte Lesezeit":"1 Minute"},"schema":{"@context":"https:\/\/schema.org","@graph":[{"@type":"WebPage","@id":"https:\/\/legandgo.com\/de\/shop\/add-ons-de\/downhill-bike\/","url":"https:\/\/legandgo.com\/de\/shop\/add-ons-de\/downhill-bike\/","name":"Downhill Bike add-on &#183; leg&amp;go","isPartOf":{"@id":"https:\/\/legandgo.com\/de\/#website"},"primaryImageOfPage":{"@id":"https:\/\/legandgo.com\/de\/shop\/add-ons-de\/downhill-bike\/#primaryimage"},"image":{"@id":"https:\/\/legandgo.com\/de\/shop\/add-ons-de\/downhill-bike\/#primaryimage"},"thumbnailUrl":"https:\/\/legandgo.com\/wp-content\/uploads\/2021\/02\/Downhill_add-on.jpg","datePublished":"2021-02-03T16:46:05+00:00","dateModified":"2026-03-10T09:03:18+00:00","description":"Downhill-Aufsatz f\u00fcr das Leg&Go 3-in-1-Laufrad aus Holz, um das Laufrad in ein Downhill-Bike f\u00fcr Kleinkinder zu verwandeln","breadcrumb":{"@id":"https:\/\/legandgo.com\/de\/shop\/add-ons-de\/downhill-bike\/#breadcrumb"},"inLanguage":"de-DE","potentialAction":[{"@type":"ReadAction","target":["https:\/\/legandgo.com\/de\/shop\/add-ons-de\/downhill-bike\/"]}]},{"@type":"ImageObject","inLanguage":"de-DE","@id":"https:\/\/legandgo.com\/de\/shop\/add-ons-de\/downhill-bike\/#primaryimage","url":"https:\/\/legandgo.com\/wp-content\/uploads\/2021\/02\/Downhill_add-on.jpg","contentUrl":"https:\/\/legandgo.com\/wp-content\/uploads\/2021\/02\/Downhill_add-on.jpg","width":750,"height":749},{"@type":"BreadcrumbList","@id":"https:\/\/legandgo.com\/de\/shop\/add-ons-de\/downhill-bike\/#breadcrumb","itemListElement":[{"@type":"ListItem","position":1,"name":"Home","item":"https:\/\/legandgo.com\/de\/"},{"@type":"ListItem","position":2,"name":"Shop","item":"https:\/\/legandgo.com\/de\/shop\/"},{"@type":"ListItem","position":3,"name":"Downhill Bike add-on"}]},{"@type":"WebSite","@id":"https:\/\/legandgo.com\/de\/#website","url":"https:\/\/legandgo.com\/de\/","name":"leg&amp;go","description":"","publisher":{"@id":"https:\/\/legandgo.com\/de\/#organization"},"potentialAction":[{"@type":"SearchAction","target":{"@type":"EntryPoint","urlTemplate":"https:\/\/legandgo.com\/de\/?s={search_term_string}"},"query-input":{"@type":"PropertyValueSpecification","valueRequired":true,"valueName":"search_term_string"}}],"inLanguage":"de-DE"},{"@type":"Organization","@id":"https:\/\/legandgo.com\/de\/#organization","name":"leg&go bike","url":"https:\/\/legandgo.com\/de\/","logo":{"@type":"ImageObject","inLanguage":"de-DE","@id":"https:\/\/legandgo.com\/de\/#\/schema\/logo\/image\/","url":"https:\/\/legandgo.com\/wp-content\/uploads\/2021\/03\/logorf.png","contentUrl":"https:\/\/legandgo.com\/wp-content\/uploads\/2021\/03\/logorf.png","width":675,"height":216,"caption":"leg&go bike"},"image":{"@id":"https:\/\/legandgo.com\/de\/#\/schema\/logo\/image\/"},"sameAs":["https:\/\/www.facebook.com\/legandgo","https:\/\/www.instagram.com\/legandgo\/","https:\/\/www.linkedin.com\/company\/legandgo\/","https:\/\/www.pinterest.com\/legandgo\/","https:\/\/www.youtube.com\/channel\/UC_FBzWPmKWE0g7fcR4Xdfuw\/"]}]}},"_links":{"self":[{"href":"https:\/\/legandgo.com\/de\/wp-json\/wp\/v2\/product\/1261","targetHints":{"allow":["GET"]}}],"collection":[{"href":"https:\/\/legandgo.com\/de\/wp-json\/wp\/v2\/product"}],"about":[{"href":"https:\/\/legandgo.com\/de\/wp-json\/wp\/v2\/types\/product"}],"replies":[{"embeddable":true,"href":"https:\/\/legandgo.com\/de\/wp-json\/wp\/v2\/comments?post=1261"}],"version-history":[{"count":7,"href":"https:\/\/legandgo.com\/de\/wp-json\/wp\/v2\/product\/1261\/revisions"}],"predecessor-version":[{"id":51708,"href":"https:\/\/legandgo.com\/de\/wp-json\/wp\/v2\/product\/1261\/revisions\/51708"}],"wp:featuredmedia":[{"embeddable":true,"href":"https:\/\/legandgo.com\/de\/wp-json\/wp\/v2\/media\/9759"}],"wp:attachment":[{"href":"https:\/\/legandgo.com\/de\/wp-json\/wp\/v2\/media?parent=1261"}],"wp:term":[{"taxonomy":"product_brand","embeddable":true,"href":"https:\/\/legandgo.com\/de\/wp-json\/wp\/v2\/product_brand?post=1261"},{"taxonomy":"product_cat","embeddable":true,"href":"https:\/\/legandgo.com\/de\/wp-json\/wp\/v2\/product_cat?post=1261"},{"taxonomy":"product_tag","embeddable":true,"href":"https:\/\/legandgo.com\/de\/wp-json\/wp\/v2\/product_tag?post=1261"}],"curies":[{"name":"wp","href":"https:\/\/api.w.org\/{rel}","templated":true}]}}