{"id":1262,"date":"2021-02-03T16:39:39","date_gmt":"2021-02-03T16:39:39","guid":{"rendered":"https:\/\/legandgo.com\/product\/tricycle\/"},"modified":"2026-03-10T11:04:16","modified_gmt":"2026-03-10T09:04:16","slug":"dreirad-add-on","status":"publish","type":"product","link":"https:\/\/legandgo.com\/de\/shop\/add-ons-de\/dreirad-add-on\/","title":{"rendered":"Dreirad Add-on"},"content":{"rendered":"<p style=\"font-weight: 400;\">Eine stabile und spielerische M\u00f6glichkeit, das Treten einzuf\u00fchren \u2014 perfekt f\u00fcr kleine Fahrer, die gerade erst beginnen oder von zus\u00e4tzlicher Unterst\u00fctzung beim Aufbau ihres Selbstvertrauens profitieren.<\/p>\n<p style=\"font-weight: 400;\">F\u00f6rdert nat\u00fcrliche Bewegung, Koordination und wachsende Selbstst\u00e4ndigkeit. Eine durchdacht integrierte hintere Aufbewahrungsbox erm\u00f6glicht es Kindern, ihre Lieblingsspielzeuge mit auf die Fahrt zu nehmen.<\/p>\n<p style=\"font-weight: 400;\"><strong>Bitte beachten Sie<\/strong>: Das leg&amp;go Balance Bike 3in1 ist nicht im Lieferumfang enthalten und muss separat erworben werden. Das Tricycle Add-on ist ausschlie\u00dflich mit dem leg&amp;go Balance Bike 3in1 kompatibel.<\/p>\n<p style=\"font-weight: 400;\"><strong>Entdecken Sie unten mehr.<\/strong><\/p>\n","protected":false},"excerpt":{"rendered":"<p>Eine stabile und spielerische M\u00f6glichkeit, das Treten einzuf\u00fchren \u2014 perfekt f\u00fcr kleine Fahrer, die gerade erst beginnen oder von zus\u00e4tzlicher Unterst\u00fctzung beim Aufbau ihres Selbstvertrauens profitieren. F\u00f6rdert nat\u00fcrliche Bewegung, Koordination und wachsende Selbstst\u00e4ndigkeit. Eine durchdacht integrierte hintere Aufbewahrungsbox erm\u00f6glicht es Kindern, ihre Lieblingsspielzeuge mit auf die Fahrt zu nehmen. Bitte beachten Sie: Das leg&amp;go Balance<a class=\"excerpt-read-more\" href=\"https:\/\/legandgo.com\/de\/shop\/add-ons-de\/dreirad-add-on\/\" title=\"ReadDreirad Add-on\">&#8230; Read more &raquo;<\/a><\/p>\n","protected":false},"featured_media":9750,"comment_status":"closed","ping_status":"closed","template":"","meta":{"_acf_changed":false,"inline_featured_image":false,"footnotes":""},"product_brand":[],"product_cat":[1311,94],"product_tag":[1727,1719,1723,1715,1711],"class_list":{"0":"post-1262","1":"product","2":"type-product","3":"status-publish","4":"has-post-thumbnail","6":"product_cat-laufrader-und-mehr","7":"product_cat-add-ons-de","8":"product_tag-leg-go-2","9":"product_tag-leg-and-go","10":"product_tag-leg-go","11":"product_tag-leggo","12":"product_tag-legandgo","13":"product_shipping_class-toys-shipping-de","15":"first","16":"instock","17":"purchasable","18":"product-type-simple"},"bundled_by":["50832"],"bundle_stock_status":"instock","bundle_stock_quantity":null,"bundle_virtual":false,"bundle_layout":"","bundle_add_to_cart_form_location":"","bundle_editable_in_cart":false,"bundle_sold_individually_context":"","bundle_item_grouping":"","bundle_min_size":"","bundle_max_size":"","bundle_price":[],"bundled_items":[],"bundle_sell_ids":[],"acf":[],"yoast_head":"<!-- This site is optimized with the Yoast SEO plugin v25.9 - https:\/\/yoast.com\/wordpress\/plugins\/seo\/ -->\n<title>Dreirad Add-on &#183; leg&amp;go<\/title>\n<meta name=\"description\" content=\"leg&amp;go Dreirad-Aufsatz, der das h\u00f6lzerne 3-in-1-Laufrad in ein h\u00f6lzernes Dreirad verwandelt\" \/>\n<meta name=\"robots\" content=\"index, follow, max-snippet:-1, max-image-preview:large, max-video-preview:-1\" \/>\n<link rel=\"canonical\" href=\"https:\/\/legandgo.com\/de\/shop\/add-ons-de\/dreirad-add-on\/\" \/>\n<meta property=\"og:locale\" content=\"de_DE\" \/>\n<meta property=\"og:type\" content=\"article\" \/>\n<meta property=\"og:title\" content=\"Dreirad Add-on &#183; leg&amp;go\" \/>\n<meta property=\"og:description\" content=\"leg&amp;go Dreirad-Aufsatz, der das h\u00f6lzerne 3-in-1-Laufrad in ein h\u00f6lzernes Dreirad verwandelt\" \/>\n<meta property=\"og:url\" content=\"https:\/\/legandgo.com\/de\/shop\/add-ons-de\/dreirad-add-on\/\" \/>\n<meta property=\"og:site_name\" content=\"leg&amp;go\" \/>\n<meta property=\"article:publisher\" content=\"https:\/\/www.facebook.com\/legandgo\" \/>\n<meta property=\"article:modified_time\" content=\"2026-03-10T09:04:16+00:00\" \/>\n<meta property=\"og:image\" content=\"https:\/\/legandgo.com\/wp-content\/uploads\/2021\/02\/Ticycle_add-on.jpg\" \/>\n\t<meta property=\"og:image:width\" content=\"750\" \/>\n\t<meta property=\"og:image:height\" content=\"750\" \/>\n\t<meta property=\"og:image:type\" content=\"image\/jpeg\" \/>\n<meta name=\"twitter:card\" content=\"summary_large_image\" \/>\n<meta name=\"twitter:label1\" content=\"Gesch\u00e4tzte Lesezeit\" \/>\n\t<meta name=\"twitter:data1\" content=\"1 Minute\" \/>\n<script type=\"application\/ld+json\" class=\"yoast-schema-graph\">{\"@context\":\"https:\/\/schema.org\",\"@graph\":[{\"@type\":\"WebPage\",\"@id\":\"https:\/\/legandgo.com\/de\/shop\/add-ons-de\/dreirad-add-on\/\",\"url\":\"https:\/\/legandgo.com\/de\/shop\/add-ons-de\/dreirad-add-on\/\",\"name\":\"Dreirad Add-on &#183; leg&amp;go\",\"isPartOf\":{\"@id\":\"https:\/\/legandgo.com\/de\/#website\"},\"primaryImageOfPage\":{\"@id\":\"https:\/\/legandgo.com\/de\/shop\/add-ons-de\/dreirad-add-on\/#primaryimage\"},\"image\":{\"@id\":\"https:\/\/legandgo.com\/de\/shop\/add-ons-de\/dreirad-add-on\/#primaryimage\"},\"thumbnailUrl\":\"https:\/\/legandgo.com\/wp-content\/uploads\/2021\/02\/Ticycle_add-on.jpg\",\"datePublished\":\"2021-02-03T16:39:39+00:00\",\"dateModified\":\"2026-03-10T09:04:16+00:00\",\"description\":\"leg&go Dreirad-Aufsatz, der das h\u00f6lzerne 3-in-1-Laufrad in ein h\u00f6lzernes Dreirad verwandelt\",\"breadcrumb\":{\"@id\":\"https:\/\/legandgo.com\/de\/shop\/add-ons-de\/dreirad-add-on\/#breadcrumb\"},\"inLanguage\":\"de-DE\",\"potentialAction\":[{\"@type\":\"ReadAction\",\"target\":[\"https:\/\/legandgo.com\/de\/shop\/add-ons-de\/dreirad-add-on\/\"]}]},{\"@type\":\"ImageObject\",\"inLanguage\":\"de-DE\",\"@id\":\"https:\/\/legandgo.com\/de\/shop\/add-ons-de\/dreirad-add-on\/#primaryimage\",\"url\":\"https:\/\/legandgo.com\/wp-content\/uploads\/2021\/02\/Ticycle_add-on.jpg\",\"contentUrl\":\"https:\/\/legandgo.com\/wp-content\/uploads\/2021\/02\/Ticycle_add-on.jpg\",\"width\":750,\"height\":750},{\"@type\":\"BreadcrumbList\",\"@id\":\"https:\/\/legandgo.com\/de\/shop\/add-ons-de\/dreirad-add-on\/#breadcrumb\",\"itemListElement\":[{\"@type\":\"ListItem\",\"position\":1,\"name\":\"Home\",\"item\":\"https:\/\/legandgo.com\/de\/\"},{\"@type\":\"ListItem\",\"position\":2,\"name\":\"Shop\",\"item\":\"https:\/\/legandgo.com\/de\/shop\/\"},{\"@type\":\"ListItem\",\"position\":3,\"name\":\"Dreirad Add-on\"}]},{\"@type\":\"WebSite\",\"@id\":\"https:\/\/legandgo.com\/de\/#website\",\"url\":\"https:\/\/legandgo.com\/de\/\",\"name\":\"leg&amp;go\",\"description\":\"\",\"publisher\":{\"@id\":\"https:\/\/legandgo.com\/de\/#organization\"},\"potentialAction\":[{\"@type\":\"SearchAction\",\"target\":{\"@type\":\"EntryPoint\",\"urlTemplate\":\"https:\/\/legandgo.com\/de\/?s={search_term_string}\"},\"query-input\":{\"@type\":\"PropertyValueSpecification\",\"valueRequired\":true,\"valueName\":\"search_term_string\"}}],\"inLanguage\":\"de-DE\"},{\"@type\":\"Organization\",\"@id\":\"https:\/\/legandgo.com\/de\/#organization\",\"name\":\"leg&go bike\",\"url\":\"https:\/\/legandgo.com\/de\/\",\"logo\":{\"@type\":\"ImageObject\",\"inLanguage\":\"de-DE\",\"@id\":\"https:\/\/legandgo.com\/de\/#\/schema\/logo\/image\/\",\"url\":\"https:\/\/legandgo.com\/wp-content\/uploads\/2021\/03\/logorf.png\",\"contentUrl\":\"https:\/\/legandgo.com\/wp-content\/uploads\/2021\/03\/logorf.png\",\"width\":675,\"height\":216,\"caption\":\"leg&go bike\"},\"image\":{\"@id\":\"https:\/\/legandgo.com\/de\/#\/schema\/logo\/image\/\"},\"sameAs\":[\"https:\/\/www.facebook.com\/legandgo\",\"https:\/\/www.instagram.com\/legandgo\/\",\"https:\/\/www.linkedin.com\/company\/legandgo\/\",\"https:\/\/www.pinterest.com\/legandgo\/\",\"https:\/\/www.youtube.com\/channel\/UC_FBzWPmKWE0g7fcR4Xdfuw\/\"]}]}<\/script>\n<!-- \/ Yoast SEO plugin. -->","yoast_head_json":{"title":"Dreirad Add-on &#183; leg&amp;go","description":"leg&go Dreirad-Aufsatz, der das h\u00f6lzerne 3-in-1-Laufrad in ein h\u00f6lzernes Dreirad verwandelt","robots":{"index":"index","follow":"follow","max-snippet":"max-snippet:-1","max-image-preview":"max-image-preview:large","max-video-preview":"max-video-preview:-1"},"canonical":"https:\/\/legandgo.com\/de\/shop\/add-ons-de\/dreirad-add-on\/","og_locale":"de_DE","og_type":"article","og_title":"Dreirad Add-on &#183; leg&amp;go","og_description":"leg&go Dreirad-Aufsatz, der das h\u00f6lzerne 3-in-1-Laufrad in ein h\u00f6lzernes Dreirad verwandelt","og_url":"https:\/\/legandgo.com\/de\/shop\/add-ons-de\/dreirad-add-on\/","og_site_name":"leg&amp;go","article_publisher":"https:\/\/www.facebook.com\/legandgo","article_modified_time":"2026-03-10T09:04:16+00:00","og_image":[{"width":750,"height":750,"url":"https:\/\/legandgo.com\/wp-content\/uploads\/2021\/02\/Ticycle_add-on.jpg","type":"image\/jpeg"}],"twitter_card":"summary_large_image","twitter_misc":{"Gesch\u00e4tzte Lesezeit":"1 Minute"},"schema":{"@context":"https:\/\/schema.org","@graph":[{"@type":"WebPage","@id":"https:\/\/legandgo.com\/de\/shop\/add-ons-de\/dreirad-add-on\/","url":"https:\/\/legandgo.com\/de\/shop\/add-ons-de\/dreirad-add-on\/","name":"Dreirad Add-on &#183; leg&amp;go","isPartOf":{"@id":"https:\/\/legandgo.com\/de\/#website"},"primaryImageOfPage":{"@id":"https:\/\/legandgo.com\/de\/shop\/add-ons-de\/dreirad-add-on\/#primaryimage"},"image":{"@id":"https:\/\/legandgo.com\/de\/shop\/add-ons-de\/dreirad-add-on\/#primaryimage"},"thumbnailUrl":"https:\/\/legandgo.com\/wp-content\/uploads\/2021\/02\/Ticycle_add-on.jpg","datePublished":"2021-02-03T16:39:39+00:00","dateModified":"2026-03-10T09:04:16+00:00","description":"leg&go Dreirad-Aufsatz, der das h\u00f6lzerne 3-in-1-Laufrad in ein h\u00f6lzernes Dreirad verwandelt","breadcrumb":{"@id":"https:\/\/legandgo.com\/de\/shop\/add-ons-de\/dreirad-add-on\/#breadcrumb"},"inLanguage":"de-DE","potentialAction":[{"@type":"ReadAction","target":["https:\/\/legandgo.com\/de\/shop\/add-ons-de\/dreirad-add-on\/"]}]},{"@type":"ImageObject","inLanguage":"de-DE","@id":"https:\/\/legandgo.com\/de\/shop\/add-ons-de\/dreirad-add-on\/#primaryimage","url":"https:\/\/legandgo.com\/wp-content\/uploads\/2021\/02\/Ticycle_add-on.jpg","contentUrl":"https:\/\/legandgo.com\/wp-content\/uploads\/2021\/02\/Ticycle_add-on.jpg","width":750,"height":750},{"@type":"BreadcrumbList","@id":"https:\/\/legandgo.com\/de\/shop\/add-ons-de\/dreirad-add-on\/#breadcrumb","itemListElement":[{"@type":"ListItem","position":1,"name":"Home","item":"https:\/\/legandgo.com\/de\/"},{"@type":"ListItem","position":2,"name":"Shop","item":"https:\/\/legandgo.com\/de\/shop\/"},{"@type":"ListItem","position":3,"name":"Dreirad Add-on"}]},{"@type":"WebSite","@id":"https:\/\/legandgo.com\/de\/#website","url":"https:\/\/legandgo.com\/de\/","name":"leg&amp;go","description":"","publisher":{"@id":"https:\/\/legandgo.com\/de\/#organization"},"potentialAction":[{"@type":"SearchAction","target":{"@type":"EntryPoint","urlTemplate":"https:\/\/legandgo.com\/de\/?s={search_term_string}"},"query-input":{"@type":"PropertyValueSpecification","valueRequired":true,"valueName":"search_term_string"}}],"inLanguage":"de-DE"},{"@type":"Organization","@id":"https:\/\/legandgo.com\/de\/#organization","name":"leg&go bike","url":"https:\/\/legandgo.com\/de\/","logo":{"@type":"ImageObject","inLanguage":"de-DE","@id":"https:\/\/legandgo.com\/de\/#\/schema\/logo\/image\/","url":"https:\/\/legandgo.com\/wp-content\/uploads\/2021\/03\/logorf.png","contentUrl":"https:\/\/legandgo.com\/wp-content\/uploads\/2021\/03\/logorf.png","width":675,"height":216,"caption":"leg&go bike"},"image":{"@id":"https:\/\/legandgo.com\/de\/#\/schema\/logo\/image\/"},"sameAs":["https:\/\/www.facebook.com\/legandgo","https:\/\/www.instagram.com\/legandgo\/","https:\/\/www.linkedin.com\/company\/legandgo\/","https:\/\/www.pinterest.com\/legandgo\/","https:\/\/www.youtube.com\/channel\/UC_FBzWPmKWE0g7fcR4Xdfuw\/"]}]}},"_links":{"self":[{"href":"https:\/\/legandgo.com\/de\/wp-json\/wp\/v2\/product\/1262","targetHints":{"allow":["GET"]}}],"collection":[{"href":"https:\/\/legandgo.com\/de\/wp-json\/wp\/v2\/product"}],"about":[{"href":"https:\/\/legandgo.com\/de\/wp-json\/wp\/v2\/types\/product"}],"replies":[{"embeddable":true,"href":"https:\/\/legandgo.com\/de\/wp-json\/wp\/v2\/comments?post=1262"}],"version-history":[{"count":12,"href":"https:\/\/legandgo.com\/de\/wp-json\/wp\/v2\/product\/1262\/revisions"}],"predecessor-version":[{"id":51701,"href":"https:\/\/legandgo.com\/de\/wp-json\/wp\/v2\/product\/1262\/revisions\/51701"}],"wp:featuredmedia":[{"embeddable":true,"href":"https:\/\/legandgo.com\/de\/wp-json\/wp\/v2\/media\/9750"}],"wp:attachment":[{"href":"https:\/\/legandgo.com\/de\/wp-json\/wp\/v2\/media?parent=1262"}],"wp:term":[{"taxonomy":"product_brand","embeddable":true,"href":"https:\/\/legandgo.com\/de\/wp-json\/wp\/v2\/product_brand?post=1262"},{"taxonomy":"product_cat","embeddable":true,"href":"https:\/\/legandgo.com\/de\/wp-json\/wp\/v2\/product_cat?post=1262"},{"taxonomy":"product_tag","embeddable":true,"href":"https:\/\/legandgo.com\/de\/wp-json\/wp\/v2\/product_tag?post=1262"}],"curies":[{"name":"wp","href":"https:\/\/api.w.org\/{rel}","templated":true}]}}