{"id":1265,"date":"2021-02-03T16:38:40","date_gmt":"2021-02-03T16:38:40","guid":{"rendered":"https:\/\/legandgo.com\/product\/pedal-bike\/"},"modified":"2026-04-02T14:31:18","modified_gmt":"2026-04-02T12:31:18","slug":"pedal-umbausatz-laufrad-3in1","status":"publish","type":"product","link":"https:\/\/legandgo.com\/de\/shop\/add-ons-de\/pedal-umbausatz-laufrad-3in1\/","title":{"rendered":"Pedal-Umbausatz f\u00fcr das Laufrad 3in1"},"content":{"rendered":"<p style=\"font-weight: 400;\">Der nat\u00fcrlichste Weg zum ersten Fahrrad mit Pedalen.<\/p>\n<p style=\"font-weight: 400;\">Befestigen Sie einfach die Pedale an Ihrem leg&amp;go Balance Bike 3in1 und beobachten Sie, wie Ihr Kind vom sicheren Balancieren zum m\u00fchelosen Radfahren \u00fcbergeht.<\/p>\n<p style=\"font-weight: 400;\">Vertraut, intuitiv und daf\u00fcr entwickelt, dass sich dieser letzte Schritt ganz leicht anf\u00fchlt.<\/p>\n<p style=\"font-weight: 400;\">Bitte beachten Sie: Das Pedal Bike Add-on enth\u00e4lt kein Balance Bike und muss separat erworben werden. Es wurde ausschlie\u00dflich f\u00fcr die Verwendung mit dem leg&amp;go Balance Bike 3in1 entwickelt.<\/p>\n<p style=\"font-weight: 400;\"><strong>Entdecken Sie unten mehr.<\/strong><\/p>\n","protected":false},"excerpt":{"rendered":"<p>Der nat\u00fcrlichste Weg zum ersten Fahrrad mit Pedalen. Befestigen Sie einfach die Pedale an Ihrem leg&amp;go Balance Bike 3in1 und beobachten Sie, wie Ihr Kind vom sicheren Balancieren zum m\u00fchelosen Radfahren \u00fcbergeht. Vertraut, intuitiv und daf\u00fcr entwickelt, dass sich dieser letzte Schritt ganz leicht anf\u00fchlt. Bitte beachten Sie: Das Pedal Bike Add-on enth\u00e4lt kein Balance<a class=\"excerpt-read-more\" href=\"https:\/\/legandgo.com\/de\/shop\/add-ons-de\/pedal-umbausatz-laufrad-3in1\/\" title=\"ReadPedal-Umbausatz f\u00fcr das Laufrad 3in1\">&#8230; Read more &raquo;<\/a><\/p>\n","protected":false},"featured_media":9753,"comment_status":"closed","ping_status":"closed","template":"","meta":{"_acf_changed":false,"inline_featured_image":false,"footnotes":""},"product_brand":[],"product_cat":[1311,94],"product_tag":[1727,1719,1723,1715,1711],"class_list":{"0":"post-1265","1":"product","2":"type-product","3":"status-publish","4":"has-post-thumbnail","6":"product_cat-laufrader-und-mehr","7":"product_cat-add-ons-de","8":"product_tag-leg-go-2","9":"product_tag-leg-and-go","10":"product_tag-leg-go","11":"product_tag-leggo","12":"product_tag-legandgo","13":"product_shipping_class-toys-shipping-de","15":"first","16":"instock","17":"purchasable","18":"product-type-simple"},"bundled_by":["48638","50832"],"bundle_stock_status":"instock","bundle_stock_quantity":null,"bundle_virtual":false,"bundle_layout":"","bundle_add_to_cart_form_location":"","bundle_editable_in_cart":false,"bundle_sold_individually_context":"","bundle_item_grouping":"","bundle_min_size":"","bundle_max_size":"","bundle_price":[],"bundled_items":[],"bundle_sell_ids":[],"acf":[],"yoast_head":"<!-- This site is optimized with the Yoast SEO plugin v25.9 - https:\/\/yoast.com\/wordpress\/plugins\/seo\/ -->\n<title>Pedal-Umbausatz f\u00fcr das Laufrad 3in1 &#183; leg&amp;go<\/title>\n<meta name=\"description\" content=\"Pedalfahrrad f\u00fcr das leg&amp;go 3-in-1-Laufrad aus Holz. Verwandelt das Laufrad in ein Fahrrad mit Pedalen. Geeignet f\u00fcr Kinder von 2 bis 5 Jahren.\" \/>\n<meta name=\"robots\" content=\"index, follow, max-snippet:-1, max-image-preview:large, max-video-preview:-1\" \/>\n<link rel=\"canonical\" href=\"https:\/\/legandgo.com\/de\/shop\/add-ons-de\/pedal-umbausatz-laufrad-3in1\/\" \/>\n<meta property=\"og:locale\" content=\"de_DE\" \/>\n<meta property=\"og:type\" content=\"article\" \/>\n<meta property=\"og:title\" content=\"Pedal-Umbausatz f\u00fcr das Laufrad 3in1 &#183; leg&amp;go\" \/>\n<meta property=\"og:description\" content=\"Pedalfahrrad f\u00fcr das leg&amp;go 3-in-1-Laufrad aus Holz. Verwandelt das Laufrad in ein Fahrrad mit Pedalen. Geeignet f\u00fcr Kinder von 2 bis 5 Jahren.\" \/>\n<meta property=\"og:url\" content=\"https:\/\/legandgo.com\/de\/shop\/add-ons-de\/pedal-umbausatz-laufrad-3in1\/\" \/>\n<meta property=\"og:site_name\" content=\"leg&amp;go\" \/>\n<meta property=\"article:publisher\" content=\"https:\/\/www.facebook.com\/legandgo\" \/>\n<meta property=\"article:modified_time\" content=\"2026-04-02T12:31:18+00:00\" \/>\n<meta property=\"og:image\" content=\"https:\/\/legandgo.com\/wp-content\/uploads\/2021\/02\/Pedal-Bike_add-on.jpg\" \/>\n\t<meta property=\"og:image:width\" content=\"750\" \/>\n\t<meta property=\"og:image:height\" content=\"750\" \/>\n\t<meta property=\"og:image:type\" content=\"image\/jpeg\" \/>\n<meta name=\"twitter:card\" content=\"summary_large_image\" \/>\n<meta name=\"twitter:label1\" content=\"Gesch\u00e4tzte Lesezeit\" \/>\n\t<meta name=\"twitter:data1\" content=\"1 Minute\" \/>\n<script type=\"application\/ld+json\" class=\"yoast-schema-graph\">{\"@context\":\"https:\/\/schema.org\",\"@graph\":[{\"@type\":\"WebPage\",\"@id\":\"https:\/\/legandgo.com\/de\/shop\/add-ons-de\/pedal-umbausatz-laufrad-3in1\/\",\"url\":\"https:\/\/legandgo.com\/de\/shop\/add-ons-de\/pedal-umbausatz-laufrad-3in1\/\",\"name\":\"Pedal-Umbausatz f\u00fcr das Laufrad 3in1 &#183; leg&amp;go\",\"isPartOf\":{\"@id\":\"https:\/\/legandgo.com\/de\/#website\"},\"primaryImageOfPage\":{\"@id\":\"https:\/\/legandgo.com\/de\/shop\/add-ons-de\/pedal-umbausatz-laufrad-3in1\/#primaryimage\"},\"image\":{\"@id\":\"https:\/\/legandgo.com\/de\/shop\/add-ons-de\/pedal-umbausatz-laufrad-3in1\/#primaryimage\"},\"thumbnailUrl\":\"https:\/\/legandgo.com\/wp-content\/uploads\/2021\/02\/Pedal-Bike_add-on.jpg\",\"datePublished\":\"2021-02-03T16:38:40+00:00\",\"dateModified\":\"2026-04-02T12:31:18+00:00\",\"description\":\"Pedalfahrrad f\u00fcr das leg&go 3-in-1-Laufrad aus Holz. Verwandelt das Laufrad in ein Fahrrad mit Pedalen. Geeignet f\u00fcr Kinder von 2 bis 5 Jahren.\",\"breadcrumb\":{\"@id\":\"https:\/\/legandgo.com\/de\/shop\/add-ons-de\/pedal-umbausatz-laufrad-3in1\/#breadcrumb\"},\"inLanguage\":\"de-DE\",\"potentialAction\":[{\"@type\":\"ReadAction\",\"target\":[\"https:\/\/legandgo.com\/de\/shop\/add-ons-de\/pedal-umbausatz-laufrad-3in1\/\"]}]},{\"@type\":\"ImageObject\",\"inLanguage\":\"de-DE\",\"@id\":\"https:\/\/legandgo.com\/de\/shop\/add-ons-de\/pedal-umbausatz-laufrad-3in1\/#primaryimage\",\"url\":\"https:\/\/legandgo.com\/wp-content\/uploads\/2021\/02\/Pedal-Bike_add-on.jpg\",\"contentUrl\":\"https:\/\/legandgo.com\/wp-content\/uploads\/2021\/02\/Pedal-Bike_add-on.jpg\",\"width\":750,\"height\":750},{\"@type\":\"BreadcrumbList\",\"@id\":\"https:\/\/legandgo.com\/de\/shop\/add-ons-de\/pedal-umbausatz-laufrad-3in1\/#breadcrumb\",\"itemListElement\":[{\"@type\":\"ListItem\",\"position\":1,\"name\":\"Home\",\"item\":\"https:\/\/legandgo.com\/de\/\"},{\"@type\":\"ListItem\",\"position\":2,\"name\":\"Shop\",\"item\":\"https:\/\/legandgo.com\/de\/shop\/\"},{\"@type\":\"ListItem\",\"position\":3,\"name\":\"Pedal-Umbausatz f\u00fcr das Laufrad 3in1\"}]},{\"@type\":\"WebSite\",\"@id\":\"https:\/\/legandgo.com\/de\/#website\",\"url\":\"https:\/\/legandgo.com\/de\/\",\"name\":\"leg&amp;go\",\"description\":\"\",\"publisher\":{\"@id\":\"https:\/\/legandgo.com\/de\/#organization\"},\"potentialAction\":[{\"@type\":\"SearchAction\",\"target\":{\"@type\":\"EntryPoint\",\"urlTemplate\":\"https:\/\/legandgo.com\/de\/?s={search_term_string}\"},\"query-input\":{\"@type\":\"PropertyValueSpecification\",\"valueRequired\":true,\"valueName\":\"search_term_string\"}}],\"inLanguage\":\"de-DE\"},{\"@type\":\"Organization\",\"@id\":\"https:\/\/legandgo.com\/de\/#organization\",\"name\":\"leg&go bike\",\"url\":\"https:\/\/legandgo.com\/de\/\",\"logo\":{\"@type\":\"ImageObject\",\"inLanguage\":\"de-DE\",\"@id\":\"https:\/\/legandgo.com\/de\/#\/schema\/logo\/image\/\",\"url\":\"https:\/\/legandgo.com\/wp-content\/uploads\/2021\/03\/logorf.png\",\"contentUrl\":\"https:\/\/legandgo.com\/wp-content\/uploads\/2021\/03\/logorf.png\",\"width\":675,\"height\":216,\"caption\":\"leg&go bike\"},\"image\":{\"@id\":\"https:\/\/legandgo.com\/de\/#\/schema\/logo\/image\/\"},\"sameAs\":[\"https:\/\/www.facebook.com\/legandgo\",\"https:\/\/www.instagram.com\/legandgo\/\",\"https:\/\/www.linkedin.com\/company\/legandgo\/\",\"https:\/\/www.pinterest.com\/legandgo\/\",\"https:\/\/www.youtube.com\/channel\/UC_FBzWPmKWE0g7fcR4Xdfuw\/\"]}]}<\/script>\n<!-- \/ Yoast SEO plugin. -->","yoast_head_json":{"title":"Pedal-Umbausatz f\u00fcr das Laufrad 3in1 &#183; leg&amp;go","description":"Pedalfahrrad f\u00fcr das leg&go 3-in-1-Laufrad aus Holz. Verwandelt das Laufrad in ein Fahrrad mit Pedalen. Geeignet f\u00fcr Kinder von 2 bis 5 Jahren.","robots":{"index":"index","follow":"follow","max-snippet":"max-snippet:-1","max-image-preview":"max-image-preview:large","max-video-preview":"max-video-preview:-1"},"canonical":"https:\/\/legandgo.com\/de\/shop\/add-ons-de\/pedal-umbausatz-laufrad-3in1\/","og_locale":"de_DE","og_type":"article","og_title":"Pedal-Umbausatz f\u00fcr das Laufrad 3in1 &#183; leg&amp;go","og_description":"Pedalfahrrad f\u00fcr das leg&go 3-in-1-Laufrad aus Holz. Verwandelt das Laufrad in ein Fahrrad mit Pedalen. Geeignet f\u00fcr Kinder von 2 bis 5 Jahren.","og_url":"https:\/\/legandgo.com\/de\/shop\/add-ons-de\/pedal-umbausatz-laufrad-3in1\/","og_site_name":"leg&amp;go","article_publisher":"https:\/\/www.facebook.com\/legandgo","article_modified_time":"2026-04-02T12:31:18+00:00","og_image":[{"width":750,"height":750,"url":"https:\/\/legandgo.com\/wp-content\/uploads\/2021\/02\/Pedal-Bike_add-on.jpg","type":"image\/jpeg"}],"twitter_card":"summary_large_image","twitter_misc":{"Gesch\u00e4tzte Lesezeit":"1 Minute"},"schema":{"@context":"https:\/\/schema.org","@graph":[{"@type":"WebPage","@id":"https:\/\/legandgo.com\/de\/shop\/add-ons-de\/pedal-umbausatz-laufrad-3in1\/","url":"https:\/\/legandgo.com\/de\/shop\/add-ons-de\/pedal-umbausatz-laufrad-3in1\/","name":"Pedal-Umbausatz f\u00fcr das Laufrad 3in1 &#183; leg&amp;go","isPartOf":{"@id":"https:\/\/legandgo.com\/de\/#website"},"primaryImageOfPage":{"@id":"https:\/\/legandgo.com\/de\/shop\/add-ons-de\/pedal-umbausatz-laufrad-3in1\/#primaryimage"},"image":{"@id":"https:\/\/legandgo.com\/de\/shop\/add-ons-de\/pedal-umbausatz-laufrad-3in1\/#primaryimage"},"thumbnailUrl":"https:\/\/legandgo.com\/wp-content\/uploads\/2021\/02\/Pedal-Bike_add-on.jpg","datePublished":"2021-02-03T16:38:40+00:00","dateModified":"2026-04-02T12:31:18+00:00","description":"Pedalfahrrad f\u00fcr das leg&go 3-in-1-Laufrad aus Holz. Verwandelt das Laufrad in ein Fahrrad mit Pedalen. Geeignet f\u00fcr Kinder von 2 bis 5 Jahren.","breadcrumb":{"@id":"https:\/\/legandgo.com\/de\/shop\/add-ons-de\/pedal-umbausatz-laufrad-3in1\/#breadcrumb"},"inLanguage":"de-DE","potentialAction":[{"@type":"ReadAction","target":["https:\/\/legandgo.com\/de\/shop\/add-ons-de\/pedal-umbausatz-laufrad-3in1\/"]}]},{"@type":"ImageObject","inLanguage":"de-DE","@id":"https:\/\/legandgo.com\/de\/shop\/add-ons-de\/pedal-umbausatz-laufrad-3in1\/#primaryimage","url":"https:\/\/legandgo.com\/wp-content\/uploads\/2021\/02\/Pedal-Bike_add-on.jpg","contentUrl":"https:\/\/legandgo.com\/wp-content\/uploads\/2021\/02\/Pedal-Bike_add-on.jpg","width":750,"height":750},{"@type":"BreadcrumbList","@id":"https:\/\/legandgo.com\/de\/shop\/add-ons-de\/pedal-umbausatz-laufrad-3in1\/#breadcrumb","itemListElement":[{"@type":"ListItem","position":1,"name":"Home","item":"https:\/\/legandgo.com\/de\/"},{"@type":"ListItem","position":2,"name":"Shop","item":"https:\/\/legandgo.com\/de\/shop\/"},{"@type":"ListItem","position":3,"name":"Pedal-Umbausatz f\u00fcr das Laufrad 3in1"}]},{"@type":"WebSite","@id":"https:\/\/legandgo.com\/de\/#website","url":"https:\/\/legandgo.com\/de\/","name":"leg&amp;go","description":"","publisher":{"@id":"https:\/\/legandgo.com\/de\/#organization"},"potentialAction":[{"@type":"SearchAction","target":{"@type":"EntryPoint","urlTemplate":"https:\/\/legandgo.com\/de\/?s={search_term_string}"},"query-input":{"@type":"PropertyValueSpecification","valueRequired":true,"valueName":"search_term_string"}}],"inLanguage":"de-DE"},{"@type":"Organization","@id":"https:\/\/legandgo.com\/de\/#organization","name":"leg&go bike","url":"https:\/\/legandgo.com\/de\/","logo":{"@type":"ImageObject","inLanguage":"de-DE","@id":"https:\/\/legandgo.com\/de\/#\/schema\/logo\/image\/","url":"https:\/\/legandgo.com\/wp-content\/uploads\/2021\/03\/logorf.png","contentUrl":"https:\/\/legandgo.com\/wp-content\/uploads\/2021\/03\/logorf.png","width":675,"height":216,"caption":"leg&go bike"},"image":{"@id":"https:\/\/legandgo.com\/de\/#\/schema\/logo\/image\/"},"sameAs":["https:\/\/www.facebook.com\/legandgo","https:\/\/www.instagram.com\/legandgo\/","https:\/\/www.linkedin.com\/company\/legandgo\/","https:\/\/www.pinterest.com\/legandgo\/","https:\/\/www.youtube.com\/channel\/UC_FBzWPmKWE0g7fcR4Xdfuw\/"]}]}},"_links":{"self":[{"href":"https:\/\/legandgo.com\/de\/wp-json\/wp\/v2\/product\/1265","targetHints":{"allow":["GET"]}}],"collection":[{"href":"https:\/\/legandgo.com\/de\/wp-json\/wp\/v2\/product"}],"about":[{"href":"https:\/\/legandgo.com\/de\/wp-json\/wp\/v2\/types\/product"}],"replies":[{"embeddable":true,"href":"https:\/\/legandgo.com\/de\/wp-json\/wp\/v2\/comments?post=1265"}],"version-history":[{"count":22,"href":"https:\/\/legandgo.com\/de\/wp-json\/wp\/v2\/product\/1265\/revisions"}],"predecessor-version":[{"id":51686,"href":"https:\/\/legandgo.com\/de\/wp-json\/wp\/v2\/product\/1265\/revisions\/51686"}],"wp:featuredmedia":[{"embeddable":true,"href":"https:\/\/legandgo.com\/de\/wp-json\/wp\/v2\/media\/9753"}],"wp:attachment":[{"href":"https:\/\/legandgo.com\/de\/wp-json\/wp\/v2\/media?parent=1265"}],"wp:term":[{"taxonomy":"product_brand","embeddable":true,"href":"https:\/\/legandgo.com\/de\/wp-json\/wp\/v2\/product_brand?post=1265"},{"taxonomy":"product_cat","embeddable":true,"href":"https:\/\/legandgo.com\/de\/wp-json\/wp\/v2\/product_cat?post=1265"},{"taxonomy":"product_tag","embeddable":true,"href":"https:\/\/legandgo.com\/de\/wp-json\/wp\/v2\/product_tag?post=1265"}],"curies":[{"name":"wp","href":"https:\/\/api.w.org\/{rel}","templated":true}]}}