{"id":1273,"date":"2021-02-03T16:37:48","date_gmt":"2021-02-03T16:37:48","guid":{"rendered":"https:\/\/legandgo.com\/product\/rocking-elephant\/"},"modified":"2026-03-10T11:04:22","modified_gmt":"2026-03-10T09:04:22","slug":"rocking-elephant","status":"publish","type":"product","link":"https:\/\/legandgo.com\/de\/shop\/add-ons-de\/rocking-elephant\/","title":{"rendered":"Schaukeltier (Zusatzteil)"},"content":{"rendered":"<p style=\"font-weight: 400;\">Das Rocking Elephant Add-on verwandelt Ihr leg&amp;go Balance Bike 3in1 in ein sanftes Schaukelspielzeug, mit dem Babys Bewegung und fr\u00fches Gleichgewicht entdecken k\u00f6nnen, sobald sie selbstst\u00e4ndig sitzen.<\/p>\n<p style=\"font-weight: 400;\">Sicher, beruhigend und daf\u00fcr entwickelt, die Entwicklung durch nat\u00fcrliche Bewegung zu unterst\u00fctzen.<\/p>\n<p style=\"font-weight: 400;\">Bitte beachten Sie: Das Balance Bike 3in1 muss separat erworben werden. Ausschlie\u00dflich f\u00fcr die Verwendung mit dem leg&amp;go Balance Bike 3in1 entwickelt.<\/p>\n<p style=\"font-weight: 400;\"><strong>Entdecken Sie unten mehr.<\/strong><\/p>\n","protected":false},"excerpt":{"rendered":"<p>Das Rocking Elephant Add-on verwandelt Ihr leg&amp;go Balance Bike 3in1 in ein sanftes Schaukelspielzeug, mit dem Babys Bewegung und fr\u00fches Gleichgewicht entdecken k\u00f6nnen, sobald sie selbstst\u00e4ndig sitzen. Sicher, beruhigend und daf\u00fcr entwickelt, die Entwicklung durch nat\u00fcrliche Bewegung zu unterst\u00fctzen. Bitte beachten Sie: Das Balance Bike 3in1 muss separat erworben werden. Ausschlie\u00dflich f\u00fcr die Verwendung mit<a class=\"excerpt-read-more\" href=\"https:\/\/legandgo.com\/de\/shop\/add-ons-de\/rocking-elephant\/\" title=\"ReadSchaukeltier (Zusatzteil)\">&#8230; Read more &raquo;<\/a><\/p>\n","protected":false},"featured_media":8916,"comment_status":"closed","ping_status":"closed","template":"","meta":{"_acf_changed":false,"inline_featured_image":false,"footnotes":""},"product_brand":[],"product_cat":[1311,94],"product_tag":[1727,1719,1723,1715,1711],"class_list":{"0":"post-1273","1":"product","2":"type-product","3":"status-publish","4":"has-post-thumbnail","6":"product_cat-laufrader-und-mehr","7":"product_cat-add-ons-de","8":"product_tag-leg-go-2","9":"product_tag-leg-and-go","10":"product_tag-leg-go","11":"product_tag-leggo","12":"product_tag-legandgo","13":"product_shipping_class-toys-shipping-de","14":"pa_color-white-de","15":"pa_color-gray-de","16":"pa_color-pink-de","18":"first","19":"instock","20":"purchasable","21":"product-type-variable","22":"has-default-attributes"},"bundled_by":["48638","50832"],"bundle_stock_status":"instock","bundle_stock_quantity":null,"bundle_virtual":false,"bundle_layout":"","bundle_add_to_cart_form_location":"","bundle_editable_in_cart":false,"bundle_sold_individually_context":"","bundle_item_grouping":"","bundle_min_size":"","bundle_max_size":"","bundle_price":[],"bundled_items":[],"bundle_sell_ids":[],"acf":[],"yoast_head":"<!-- This site is optimized with the Yoast SEO plugin v25.9 - https:\/\/yoast.com\/wordpress\/plugins\/seo\/ -->\n<title>Schaukeltier (Zusatzteil) &#183; leg&amp;go<\/title>\n<meta name=\"description\" content=\"Leg&amp;go rocking elephant add on that transforms leg&amp;go wooden balance bike 3-in1 for toddlers into rocking elephant product.\" \/>\n<meta name=\"robots\" content=\"index, follow, max-snippet:-1, max-image-preview:large, max-video-preview:-1\" \/>\n<link rel=\"canonical\" href=\"https:\/\/legandgo.com\/de\/shop\/add-ons-de\/rocking-elephant\/\" \/>\n<meta property=\"og:locale\" content=\"de_DE\" \/>\n<meta property=\"og:type\" content=\"article\" \/>\n<meta property=\"og:title\" content=\"Schaukeltier (Zusatzteil) &#183; leg&amp;go\" \/>\n<meta property=\"og:description\" content=\"Leg&amp;go rocking elephant add on that transforms leg&amp;go wooden balance bike 3-in1 for toddlers into rocking elephant product.\" \/>\n<meta property=\"og:url\" content=\"https:\/\/legandgo.com\/de\/shop\/add-ons-de\/rocking-elephant\/\" \/>\n<meta property=\"og:site_name\" content=\"leg&amp;go\" \/>\n<meta property=\"article:publisher\" content=\"https:\/\/www.facebook.com\/legandgo\" \/>\n<meta property=\"article:modified_time\" content=\"2026-03-10T09:04:22+00:00\" \/>\n<meta property=\"og:image\" content=\"https:\/\/legandgo.com\/wp-content\/uploads\/2021\/02\/Rocking-Elephant_add-on-gray.jpg\" \/>\n\t<meta property=\"og:image:width\" content=\"300\" \/>\n\t<meta property=\"og:image:height\" content=\"300\" \/>\n\t<meta property=\"og:image:type\" content=\"image\/jpeg\" \/>\n<meta name=\"twitter:card\" content=\"summary_large_image\" \/>\n<meta name=\"twitter:label1\" content=\"Gesch\u00e4tzte Lesezeit\" \/>\n\t<meta name=\"twitter:data1\" content=\"1 Minute\" \/>\n<script type=\"application\/ld+json\" class=\"yoast-schema-graph\">{\"@context\":\"https:\/\/schema.org\",\"@graph\":[{\"@type\":\"WebPage\",\"@id\":\"https:\/\/legandgo.com\/de\/shop\/add-ons-de\/rocking-elephant\/\",\"url\":\"https:\/\/legandgo.com\/de\/shop\/add-ons-de\/rocking-elephant\/\",\"name\":\"Schaukeltier (Zusatzteil) &#183; leg&amp;go\",\"isPartOf\":{\"@id\":\"https:\/\/legandgo.com\/de\/#website\"},\"primaryImageOfPage\":{\"@id\":\"https:\/\/legandgo.com\/de\/shop\/add-ons-de\/rocking-elephant\/#primaryimage\"},\"image\":{\"@id\":\"https:\/\/legandgo.com\/de\/shop\/add-ons-de\/rocking-elephant\/#primaryimage\"},\"thumbnailUrl\":\"https:\/\/legandgo.com\/wp-content\/uploads\/2021\/02\/Rocking-Elephant_add-on-gray.jpg\",\"datePublished\":\"2021-02-03T16:37:48+00:00\",\"dateModified\":\"2026-03-10T09:04:22+00:00\",\"description\":\"Leg&go rocking elephant add on that transforms leg&go wooden balance bike 3-in1 for toddlers into rocking elephant product.\",\"breadcrumb\":{\"@id\":\"https:\/\/legandgo.com\/de\/shop\/add-ons-de\/rocking-elephant\/#breadcrumb\"},\"inLanguage\":\"de-DE\",\"potentialAction\":[{\"@type\":\"ReadAction\",\"target\":[\"https:\/\/legandgo.com\/de\/shop\/add-ons-de\/rocking-elephant\/\"]}]},{\"@type\":\"ImageObject\",\"inLanguage\":\"de-DE\",\"@id\":\"https:\/\/legandgo.com\/de\/shop\/add-ons-de\/rocking-elephant\/#primaryimage\",\"url\":\"https:\/\/legandgo.com\/wp-content\/uploads\/2021\/02\/Rocking-Elephant_add-on-gray.jpg\",\"contentUrl\":\"https:\/\/legandgo.com\/wp-content\/uploads\/2021\/02\/Rocking-Elephant_add-on-gray.jpg\",\"width\":300,\"height\":300},{\"@type\":\"BreadcrumbList\",\"@id\":\"https:\/\/legandgo.com\/de\/shop\/add-ons-de\/rocking-elephant\/#breadcrumb\",\"itemListElement\":[{\"@type\":\"ListItem\",\"position\":1,\"name\":\"Home\",\"item\":\"https:\/\/legandgo.com\/de\/\"},{\"@type\":\"ListItem\",\"position\":2,\"name\":\"Shop\",\"item\":\"https:\/\/legandgo.com\/de\/shop\/\"},{\"@type\":\"ListItem\",\"position\":3,\"name\":\"Schaukeltier (Zusatzteil)\"}]},{\"@type\":\"WebSite\",\"@id\":\"https:\/\/legandgo.com\/de\/#website\",\"url\":\"https:\/\/legandgo.com\/de\/\",\"name\":\"leg&amp;go\",\"description\":\"\",\"publisher\":{\"@id\":\"https:\/\/legandgo.com\/de\/#organization\"},\"potentialAction\":[{\"@type\":\"SearchAction\",\"target\":{\"@type\":\"EntryPoint\",\"urlTemplate\":\"https:\/\/legandgo.com\/de\/?s={search_term_string}\"},\"query-input\":{\"@type\":\"PropertyValueSpecification\",\"valueRequired\":true,\"valueName\":\"search_term_string\"}}],\"inLanguage\":\"de-DE\"},{\"@type\":\"Organization\",\"@id\":\"https:\/\/legandgo.com\/de\/#organization\",\"name\":\"leg&go bike\",\"url\":\"https:\/\/legandgo.com\/de\/\",\"logo\":{\"@type\":\"ImageObject\",\"inLanguage\":\"de-DE\",\"@id\":\"https:\/\/legandgo.com\/de\/#\/schema\/logo\/image\/\",\"url\":\"https:\/\/legandgo.com\/wp-content\/uploads\/2021\/03\/logorf.png\",\"contentUrl\":\"https:\/\/legandgo.com\/wp-content\/uploads\/2021\/03\/logorf.png\",\"width\":675,\"height\":216,\"caption\":\"leg&go bike\"},\"image\":{\"@id\":\"https:\/\/legandgo.com\/de\/#\/schema\/logo\/image\/\"},\"sameAs\":[\"https:\/\/www.facebook.com\/legandgo\",\"https:\/\/www.instagram.com\/legandgo\/\",\"https:\/\/www.linkedin.com\/company\/legandgo\/\",\"https:\/\/www.pinterest.com\/legandgo\/\",\"https:\/\/www.youtube.com\/channel\/UC_FBzWPmKWE0g7fcR4Xdfuw\/\"]}]}<\/script>\n<!-- \/ Yoast SEO plugin. -->","yoast_head_json":{"title":"Schaukeltier (Zusatzteil) &#183; leg&amp;go","description":"Leg&go rocking elephant add on that transforms leg&go wooden balance bike 3-in1 for toddlers into rocking elephant product.","robots":{"index":"index","follow":"follow","max-snippet":"max-snippet:-1","max-image-preview":"max-image-preview:large","max-video-preview":"max-video-preview:-1"},"canonical":"https:\/\/legandgo.com\/de\/shop\/add-ons-de\/rocking-elephant\/","og_locale":"de_DE","og_type":"article","og_title":"Schaukeltier (Zusatzteil) &#183; leg&amp;go","og_description":"Leg&go rocking elephant add on that transforms leg&go wooden balance bike 3-in1 for toddlers into rocking elephant product.","og_url":"https:\/\/legandgo.com\/de\/shop\/add-ons-de\/rocking-elephant\/","og_site_name":"leg&amp;go","article_publisher":"https:\/\/www.facebook.com\/legandgo","article_modified_time":"2026-03-10T09:04:22+00:00","og_image":[{"width":300,"height":300,"url":"https:\/\/legandgo.com\/wp-content\/uploads\/2021\/02\/Rocking-Elephant_add-on-gray.jpg","type":"image\/jpeg"}],"twitter_card":"summary_large_image","twitter_misc":{"Gesch\u00e4tzte Lesezeit":"1 Minute"},"schema":{"@context":"https:\/\/schema.org","@graph":[{"@type":"WebPage","@id":"https:\/\/legandgo.com\/de\/shop\/add-ons-de\/rocking-elephant\/","url":"https:\/\/legandgo.com\/de\/shop\/add-ons-de\/rocking-elephant\/","name":"Schaukeltier (Zusatzteil) &#183; leg&amp;go","isPartOf":{"@id":"https:\/\/legandgo.com\/de\/#website"},"primaryImageOfPage":{"@id":"https:\/\/legandgo.com\/de\/shop\/add-ons-de\/rocking-elephant\/#primaryimage"},"image":{"@id":"https:\/\/legandgo.com\/de\/shop\/add-ons-de\/rocking-elephant\/#primaryimage"},"thumbnailUrl":"https:\/\/legandgo.com\/wp-content\/uploads\/2021\/02\/Rocking-Elephant_add-on-gray.jpg","datePublished":"2021-02-03T16:37:48+00:00","dateModified":"2026-03-10T09:04:22+00:00","description":"Leg&go rocking elephant add on that transforms leg&go wooden balance bike 3-in1 for toddlers into rocking elephant product.","breadcrumb":{"@id":"https:\/\/legandgo.com\/de\/shop\/add-ons-de\/rocking-elephant\/#breadcrumb"},"inLanguage":"de-DE","potentialAction":[{"@type":"ReadAction","target":["https:\/\/legandgo.com\/de\/shop\/add-ons-de\/rocking-elephant\/"]}]},{"@type":"ImageObject","inLanguage":"de-DE","@id":"https:\/\/legandgo.com\/de\/shop\/add-ons-de\/rocking-elephant\/#primaryimage","url":"https:\/\/legandgo.com\/wp-content\/uploads\/2021\/02\/Rocking-Elephant_add-on-gray.jpg","contentUrl":"https:\/\/legandgo.com\/wp-content\/uploads\/2021\/02\/Rocking-Elephant_add-on-gray.jpg","width":300,"height":300},{"@type":"BreadcrumbList","@id":"https:\/\/legandgo.com\/de\/shop\/add-ons-de\/rocking-elephant\/#breadcrumb","itemListElement":[{"@type":"ListItem","position":1,"name":"Home","item":"https:\/\/legandgo.com\/de\/"},{"@type":"ListItem","position":2,"name":"Shop","item":"https:\/\/legandgo.com\/de\/shop\/"},{"@type":"ListItem","position":3,"name":"Schaukeltier (Zusatzteil)"}]},{"@type":"WebSite","@id":"https:\/\/legandgo.com\/de\/#website","url":"https:\/\/legandgo.com\/de\/","name":"leg&amp;go","description":"","publisher":{"@id":"https:\/\/legandgo.com\/de\/#organization"},"potentialAction":[{"@type":"SearchAction","target":{"@type":"EntryPoint","urlTemplate":"https:\/\/legandgo.com\/de\/?s={search_term_string}"},"query-input":{"@type":"PropertyValueSpecification","valueRequired":true,"valueName":"search_term_string"}}],"inLanguage":"de-DE"},{"@type":"Organization","@id":"https:\/\/legandgo.com\/de\/#organization","name":"leg&go bike","url":"https:\/\/legandgo.com\/de\/","logo":{"@type":"ImageObject","inLanguage":"de-DE","@id":"https:\/\/legandgo.com\/de\/#\/schema\/logo\/image\/","url":"https:\/\/legandgo.com\/wp-content\/uploads\/2021\/03\/logorf.png","contentUrl":"https:\/\/legandgo.com\/wp-content\/uploads\/2021\/03\/logorf.png","width":675,"height":216,"caption":"leg&go bike"},"image":{"@id":"https:\/\/legandgo.com\/de\/#\/schema\/logo\/image\/"},"sameAs":["https:\/\/www.facebook.com\/legandgo","https:\/\/www.instagram.com\/legandgo\/","https:\/\/www.linkedin.com\/company\/legandgo\/","https:\/\/www.pinterest.com\/legandgo\/","https:\/\/www.youtube.com\/channel\/UC_FBzWPmKWE0g7fcR4Xdfuw\/"]}]}},"_links":{"self":[{"href":"https:\/\/legandgo.com\/de\/wp-json\/wp\/v2\/product\/1273","targetHints":{"allow":["GET"]}}],"collection":[{"href":"https:\/\/legandgo.com\/de\/wp-json\/wp\/v2\/product"}],"about":[{"href":"https:\/\/legandgo.com\/de\/wp-json\/wp\/v2\/types\/product"}],"replies":[{"embeddable":true,"href":"https:\/\/legandgo.com\/de\/wp-json\/wp\/v2\/comments?post=1273"}],"version-history":[{"count":10,"href":"https:\/\/legandgo.com\/de\/wp-json\/wp\/v2\/product\/1273\/revisions"}],"predecessor-version":[{"id":54016,"href":"https:\/\/legandgo.com\/de\/wp-json\/wp\/v2\/product\/1273\/revisions\/54016"}],"wp:featuredmedia":[{"embeddable":true,"href":"https:\/\/legandgo.com\/de\/wp-json\/wp\/v2\/media\/8916"}],"wp:attachment":[{"href":"https:\/\/legandgo.com\/de\/wp-json\/wp\/v2\/media?parent=1273"}],"wp:term":[{"taxonomy":"product_brand","embeddable":true,"href":"https:\/\/legandgo.com\/de\/wp-json\/wp\/v2\/product_brand?post=1273"},{"taxonomy":"product_cat","embeddable":true,"href":"https:\/\/legandgo.com\/de\/wp-json\/wp\/v2\/product_cat?post=1273"},{"taxonomy":"product_tag","embeddable":true,"href":"https:\/\/legandgo.com\/de\/wp-json\/wp\/v2\/product_tag?post=1273"}],"curies":[{"name":"wp","href":"https:\/\/api.w.org\/{rel}","templated":true}]}}