{"id":1920,"date":"2021-03-12T16:18:11","date_gmt":"2021-03-12T14:18:11","guid":{"rendered":"https:\/\/legandgo.com\/?post_type=product&#038;p=1920"},"modified":"2026-03-19T09:12:03","modified_gmt":"2026-03-19T07:12:03","slug":"pikler-kletterdreieck","status":"publish","type":"product","link":"https:\/\/legandgo.com\/de\/shop\/toys-de\/pikler-kletterdreieck\/","title":{"rendered":"Kletterdreieck Set"},"content":{"rendered":"<p style=\"font-weight: 400;\">Sorgf\u00e4ltig zusammengestellt, um Klettern, Balancieren und offenes Spiel zu f\u00f6rdern, schafft das Triangle Climber Set eine nat\u00fcrliche Umgebung, in der Kinder ihre k\u00f6rperlichen F\u00e4higkeiten selbstbewusst entdecken k\u00f6nnen.<\/p>\n<p style=\"font-weight: 400;\">Im Zentrum steht das Pikler Dreieck, erg\u00e4nzt durch eine Rampen Rutsche und ein Balance Board. Dieses vielseitige Set f\u00f6rdert selbstst\u00e4ndiges Entdecken und passt sich m\u00fchelos jeder Entwicklungsphase an.<\/p>\n<p style=\"font-weight: 400;\">Verwenden Sie die Elemente gemeinsam f\u00fcr ein vielseitigeres Bewegungserlebnis oder einzeln, w\u00e4hrend Ihr Kind w\u00e4chst.<\/p>\n<p style=\"font-weight: 400;\"><strong>Entdecken Sie unten mehr.<\/strong><\/p>\n","protected":false},"excerpt":{"rendered":"<p>Sorgf\u00e4ltig zusammengestellt, um Klettern, Balancieren und offenes Spiel zu f\u00f6rdern, schafft das Triangle Climber Set eine nat\u00fcrliche Umgebung, in der Kinder ihre k\u00f6rperlichen F\u00e4higkeiten selbstbewusst entdecken k\u00f6nnen. Im Zentrum steht das Pikler Dreieck, erg\u00e4nzt durch eine Rampen Rutsche und ein Balance Board. Dieses vielseitige Set f\u00f6rdert selbstst\u00e4ndiges Entdecken und passt sich m\u00fchelos jeder Entwicklungsphase an.<a class=\"excerpt-read-more\" href=\"https:\/\/legandgo.com\/de\/shop\/toys-de\/pikler-kletterdreieck\/\" title=\"ReadKletterdreieck Set\">&#8230; Read more &raquo;<\/a><\/p>\n","protected":false},"featured_media":11026,"comment_status":"closed","ping_status":"closed","template":"","meta":{"_acf_changed":false,"inline_featured_image":false,"footnotes":""},"product_brand":[],"product_cat":[1319,56],"product_tag":[1732,1727,1719,1723,1715,1711,1733],"class_list":{"0":"post-1920","1":"product","2":"type-product","3":"status-publish","4":"has-post-thumbnail","6":"product_cat-kategorie-spielzeug","7":"product_cat-toys-de","8":"product_tag-dreieckspikler","9":"product_tag-leg-go-2","10":"product_tag-leg-and-go","11":"product_tag-leg-go","12":"product_tag-leggo","13":"product_tag-legandgo","14":"product_tag-pikler-dreieck","15":"product_shipping_class-climbers-shipping","17":"first","18":"instock","19":"purchasable","20":"product-type-woosb"},"bundled_by":[],"bundle_stock_status":"instock","bundle_stock_quantity":null,"bundle_virtual":false,"bundle_layout":"","bundle_add_to_cart_form_location":"","bundle_editable_in_cart":false,"bundle_sold_individually_context":"","bundle_item_grouping":"","bundle_min_size":"","bundle_max_size":"","bundle_price":[],"bundled_items":[],"bundle_sell_ids":[],"acf":[],"yoast_head":"<!-- This site is optimized with the Yoast SEO plugin v25.9 - https:\/\/yoast.com\/wordpress\/plugins\/seo\/ -->\n<title>Kletterdreieck Set &#183; leg&amp;go<\/title>\n<meta name=\"description\" content=\"Leg&amp;go Kletterdreieck-Set aus Holz mit Rampe und zwei Seiten. Geeignet f\u00fcr Kleinkinder von 2 bis 5 Jahren.\" \/>\n<meta name=\"robots\" content=\"index, follow, max-snippet:-1, max-image-preview:large, max-video-preview:-1\" \/>\n<link rel=\"canonical\" href=\"https:\/\/legandgo.com\/de\/shop\/toys-de\/pikler-kletterdreieck\/\" \/>\n<meta property=\"og:locale\" content=\"de_DE\" \/>\n<meta property=\"og:type\" content=\"article\" \/>\n<meta property=\"og:title\" content=\"Kletterdreieck Set &#183; leg&amp;go\" \/>\n<meta property=\"og:description\" content=\"Leg&amp;go Kletterdreieck-Set aus Holz mit Rampe und zwei Seiten. Geeignet f\u00fcr Kleinkinder von 2 bis 5 Jahren.\" \/>\n<meta property=\"og:url\" content=\"https:\/\/legandgo.com\/de\/shop\/toys-de\/pikler-kletterdreieck\/\" \/>\n<meta property=\"og:site_name\" content=\"leg&amp;go\" \/>\n<meta property=\"article:publisher\" content=\"https:\/\/www.facebook.com\/legandgo\" \/>\n<meta property=\"article:modified_time\" content=\"2026-03-19T07:12:03+00:00\" \/>\n<meta property=\"og:image\" content=\"https:\/\/legandgo.com\/wp-content\/uploads\/2021\/05\/leggo-legandgo-climbing-triangle-set.jpg\" \/>\n\t<meta property=\"og:image:width\" content=\"800\" \/>\n\t<meta property=\"og:image:height\" content=\"800\" \/>\n\t<meta property=\"og:image:type\" content=\"image\/jpeg\" \/>\n<meta name=\"twitter:card\" content=\"summary_large_image\" \/>\n<meta name=\"twitter:label1\" content=\"Gesch\u00e4tzte Lesezeit\" \/>\n\t<meta name=\"twitter:data1\" content=\"2 Minuten\" \/>\n<script type=\"application\/ld+json\" class=\"yoast-schema-graph\">{\"@context\":\"https:\/\/schema.org\",\"@graph\":[{\"@type\":\"WebPage\",\"@id\":\"https:\/\/legandgo.com\/de\/shop\/toys-de\/pikler-kletterdreieck\/\",\"url\":\"https:\/\/legandgo.com\/de\/shop\/toys-de\/pikler-kletterdreieck\/\",\"name\":\"Kletterdreieck Set &#183; leg&amp;go\",\"isPartOf\":{\"@id\":\"https:\/\/legandgo.com\/de\/#website\"},\"primaryImageOfPage\":{\"@id\":\"https:\/\/legandgo.com\/de\/shop\/toys-de\/pikler-kletterdreieck\/#primaryimage\"},\"image\":{\"@id\":\"https:\/\/legandgo.com\/de\/shop\/toys-de\/pikler-kletterdreieck\/#primaryimage\"},\"thumbnailUrl\":\"https:\/\/legandgo.com\/wp-content\/uploads\/2021\/05\/leggo-legandgo-climbing-triangle-set.jpg\",\"datePublished\":\"2021-03-12T14:18:11+00:00\",\"dateModified\":\"2026-03-19T07:12:03+00:00\",\"description\":\"Leg&go Kletterdreieck-Set aus Holz mit Rampe und zwei Seiten. Geeignet f\u00fcr Kleinkinder von 2 bis 5 Jahren.\",\"breadcrumb\":{\"@id\":\"https:\/\/legandgo.com\/de\/shop\/toys-de\/pikler-kletterdreieck\/#breadcrumb\"},\"inLanguage\":\"de-DE\",\"potentialAction\":[{\"@type\":\"ReadAction\",\"target\":[\"https:\/\/legandgo.com\/de\/shop\/toys-de\/pikler-kletterdreieck\/\"]}]},{\"@type\":\"ImageObject\",\"inLanguage\":\"de-DE\",\"@id\":\"https:\/\/legandgo.com\/de\/shop\/toys-de\/pikler-kletterdreieck\/#primaryimage\",\"url\":\"https:\/\/legandgo.com\/wp-content\/uploads\/2021\/05\/leggo-legandgo-climbing-triangle-set.jpg\",\"contentUrl\":\"https:\/\/legandgo.com\/wp-content\/uploads\/2021\/05\/leggo-legandgo-climbing-triangle-set.jpg\",\"width\":800,\"height\":800},{\"@type\":\"BreadcrumbList\",\"@id\":\"https:\/\/legandgo.com\/de\/shop\/toys-de\/pikler-kletterdreieck\/#breadcrumb\",\"itemListElement\":[{\"@type\":\"ListItem\",\"position\":1,\"name\":\"Home\",\"item\":\"https:\/\/legandgo.com\/de\/\"},{\"@type\":\"ListItem\",\"position\":2,\"name\":\"Shop\",\"item\":\"https:\/\/legandgo.com\/de\/shop\/\"},{\"@type\":\"ListItem\",\"position\":3,\"name\":\"Kletterdreieck Set\"}]},{\"@type\":\"WebSite\",\"@id\":\"https:\/\/legandgo.com\/de\/#website\",\"url\":\"https:\/\/legandgo.com\/de\/\",\"name\":\"leg&amp;go\",\"description\":\"\",\"publisher\":{\"@id\":\"https:\/\/legandgo.com\/de\/#organization\"},\"potentialAction\":[{\"@type\":\"SearchAction\",\"target\":{\"@type\":\"EntryPoint\",\"urlTemplate\":\"https:\/\/legandgo.com\/de\/?s={search_term_string}\"},\"query-input\":{\"@type\":\"PropertyValueSpecification\",\"valueRequired\":true,\"valueName\":\"search_term_string\"}}],\"inLanguage\":\"de-DE\"},{\"@type\":\"Organization\",\"@id\":\"https:\/\/legandgo.com\/de\/#organization\",\"name\":\"leg&go bike\",\"url\":\"https:\/\/legandgo.com\/de\/\",\"logo\":{\"@type\":\"ImageObject\",\"inLanguage\":\"de-DE\",\"@id\":\"https:\/\/legandgo.com\/de\/#\/schema\/logo\/image\/\",\"url\":\"https:\/\/legandgo.com\/wp-content\/uploads\/2021\/03\/logorf.png\",\"contentUrl\":\"https:\/\/legandgo.com\/wp-content\/uploads\/2021\/03\/logorf.png\",\"width\":675,\"height\":216,\"caption\":\"leg&go bike\"},\"image\":{\"@id\":\"https:\/\/legandgo.com\/de\/#\/schema\/logo\/image\/\"},\"sameAs\":[\"https:\/\/www.facebook.com\/legandgo\",\"https:\/\/www.instagram.com\/legandgo\/\",\"https:\/\/www.linkedin.com\/company\/legandgo\/\",\"https:\/\/www.pinterest.com\/legandgo\/\",\"https:\/\/www.youtube.com\/channel\/UC_FBzWPmKWE0g7fcR4Xdfuw\/\"]}]}<\/script>\n<!-- \/ Yoast SEO plugin. -->","yoast_head_json":{"title":"Kletterdreieck Set &#183; leg&amp;go","description":"Leg&go Kletterdreieck-Set aus Holz mit Rampe und zwei Seiten. Geeignet f\u00fcr Kleinkinder von 2 bis 5 Jahren.","robots":{"index":"index","follow":"follow","max-snippet":"max-snippet:-1","max-image-preview":"max-image-preview:large","max-video-preview":"max-video-preview:-1"},"canonical":"https:\/\/legandgo.com\/de\/shop\/toys-de\/pikler-kletterdreieck\/","og_locale":"de_DE","og_type":"article","og_title":"Kletterdreieck Set &#183; leg&amp;go","og_description":"Leg&go Kletterdreieck-Set aus Holz mit Rampe und zwei Seiten. Geeignet f\u00fcr Kleinkinder von 2 bis 5 Jahren.","og_url":"https:\/\/legandgo.com\/de\/shop\/toys-de\/pikler-kletterdreieck\/","og_site_name":"leg&amp;go","article_publisher":"https:\/\/www.facebook.com\/legandgo","article_modified_time":"2026-03-19T07:12:03+00:00","og_image":[{"width":800,"height":800,"url":"https:\/\/legandgo.com\/wp-content\/uploads\/2021\/05\/leggo-legandgo-climbing-triangle-set.jpg","type":"image\/jpeg"}],"twitter_card":"summary_large_image","twitter_misc":{"Gesch\u00e4tzte Lesezeit":"2 Minuten"},"schema":{"@context":"https:\/\/schema.org","@graph":[{"@type":"WebPage","@id":"https:\/\/legandgo.com\/de\/shop\/toys-de\/pikler-kletterdreieck\/","url":"https:\/\/legandgo.com\/de\/shop\/toys-de\/pikler-kletterdreieck\/","name":"Kletterdreieck Set &#183; leg&amp;go","isPartOf":{"@id":"https:\/\/legandgo.com\/de\/#website"},"primaryImageOfPage":{"@id":"https:\/\/legandgo.com\/de\/shop\/toys-de\/pikler-kletterdreieck\/#primaryimage"},"image":{"@id":"https:\/\/legandgo.com\/de\/shop\/toys-de\/pikler-kletterdreieck\/#primaryimage"},"thumbnailUrl":"https:\/\/legandgo.com\/wp-content\/uploads\/2021\/05\/leggo-legandgo-climbing-triangle-set.jpg","datePublished":"2021-03-12T14:18:11+00:00","dateModified":"2026-03-19T07:12:03+00:00","description":"Leg&go Kletterdreieck-Set aus Holz mit Rampe und zwei Seiten. Geeignet f\u00fcr Kleinkinder von 2 bis 5 Jahren.","breadcrumb":{"@id":"https:\/\/legandgo.com\/de\/shop\/toys-de\/pikler-kletterdreieck\/#breadcrumb"},"inLanguage":"de-DE","potentialAction":[{"@type":"ReadAction","target":["https:\/\/legandgo.com\/de\/shop\/toys-de\/pikler-kletterdreieck\/"]}]},{"@type":"ImageObject","inLanguage":"de-DE","@id":"https:\/\/legandgo.com\/de\/shop\/toys-de\/pikler-kletterdreieck\/#primaryimage","url":"https:\/\/legandgo.com\/wp-content\/uploads\/2021\/05\/leggo-legandgo-climbing-triangle-set.jpg","contentUrl":"https:\/\/legandgo.com\/wp-content\/uploads\/2021\/05\/leggo-legandgo-climbing-triangle-set.jpg","width":800,"height":800},{"@type":"BreadcrumbList","@id":"https:\/\/legandgo.com\/de\/shop\/toys-de\/pikler-kletterdreieck\/#breadcrumb","itemListElement":[{"@type":"ListItem","position":1,"name":"Home","item":"https:\/\/legandgo.com\/de\/"},{"@type":"ListItem","position":2,"name":"Shop","item":"https:\/\/legandgo.com\/de\/shop\/"},{"@type":"ListItem","position":3,"name":"Kletterdreieck Set"}]},{"@type":"WebSite","@id":"https:\/\/legandgo.com\/de\/#website","url":"https:\/\/legandgo.com\/de\/","name":"leg&amp;go","description":"","publisher":{"@id":"https:\/\/legandgo.com\/de\/#organization"},"potentialAction":[{"@type":"SearchAction","target":{"@type":"EntryPoint","urlTemplate":"https:\/\/legandgo.com\/de\/?s={search_term_string}"},"query-input":{"@type":"PropertyValueSpecification","valueRequired":true,"valueName":"search_term_string"}}],"inLanguage":"de-DE"},{"@type":"Organization","@id":"https:\/\/legandgo.com\/de\/#organization","name":"leg&go bike","url":"https:\/\/legandgo.com\/de\/","logo":{"@type":"ImageObject","inLanguage":"de-DE","@id":"https:\/\/legandgo.com\/de\/#\/schema\/logo\/image\/","url":"https:\/\/legandgo.com\/wp-content\/uploads\/2021\/03\/logorf.png","contentUrl":"https:\/\/legandgo.com\/wp-content\/uploads\/2021\/03\/logorf.png","width":675,"height":216,"caption":"leg&go bike"},"image":{"@id":"https:\/\/legandgo.com\/de\/#\/schema\/logo\/image\/"},"sameAs":["https:\/\/www.facebook.com\/legandgo","https:\/\/www.instagram.com\/legandgo\/","https:\/\/www.linkedin.com\/company\/legandgo\/","https:\/\/www.pinterest.com\/legandgo\/","https:\/\/www.youtube.com\/channel\/UC_FBzWPmKWE0g7fcR4Xdfuw\/"]}]}},"_links":{"self":[{"href":"https:\/\/legandgo.com\/de\/wp-json\/wp\/v2\/product\/1920","targetHints":{"allow":["GET"]}}],"collection":[{"href":"https:\/\/legandgo.com\/de\/wp-json\/wp\/v2\/product"}],"about":[{"href":"https:\/\/legandgo.com\/de\/wp-json\/wp\/v2\/types\/product"}],"replies":[{"embeddable":true,"href":"https:\/\/legandgo.com\/de\/wp-json\/wp\/v2\/comments?post=1920"}],"version-history":[{"count":37,"href":"https:\/\/legandgo.com\/de\/wp-json\/wp\/v2\/product\/1920\/revisions"}],"predecessor-version":[{"id":52336,"href":"https:\/\/legandgo.com\/de\/wp-json\/wp\/v2\/product\/1920\/revisions\/52336"}],"wp:featuredmedia":[{"embeddable":true,"href":"https:\/\/legandgo.com\/de\/wp-json\/wp\/v2\/media\/11026"}],"wp:attachment":[{"href":"https:\/\/legandgo.com\/de\/wp-json\/wp\/v2\/media?parent=1920"}],"wp:term":[{"taxonomy":"product_brand","embeddable":true,"href":"https:\/\/legandgo.com\/de\/wp-json\/wp\/v2\/product_brand?post=1920"},{"taxonomy":"product_cat","embeddable":true,"href":"https:\/\/legandgo.com\/de\/wp-json\/wp\/v2\/product_cat?post=1920"},{"taxonomy":"product_tag","embeddable":true,"href":"https:\/\/legandgo.com\/de\/wp-json\/wp\/v2\/product_tag?post=1920"}],"curies":[{"name":"wp","href":"https:\/\/api.w.org\/{rel}","templated":true}]}}