{"id":1942,"date":"2021-03-10T19:33:46","date_gmt":"2021-03-10T17:33:46","guid":{"rendered":"https:\/\/legandgo.com\/product\/triangle\/"},"modified":"2026-04-19T17:35:41","modified_gmt":"2026-04-19T15:35:41","slug":"kletterdreieck","status":"publish","type":"product","link":"https:\/\/legandgo.com\/de\/shop\/toys-de\/kletterdreieck\/","title":{"rendered":"Pikler Dreieck"},"content":{"rendered":"<p style=\"font-weight: 400;\">Sorgf\u00e4ltig entwickelt, um nat\u00fcrliche Bewegung bereits ab etwa 6 Monaten zu unterst\u00fctzen, schafft das Pikler Dreieck einen sicheren Raum, in dem Kinder selbstst\u00e4ndig entdecken, klettern und Vertrauen in ihre eigenen F\u00e4higkeiten entwickeln k\u00f6nnen.<\/p>\n<p style=\"font-weight: 400;\">Inspiriert von der Entwicklungsphilosophie von Emmi Pikler f\u00f6rdert es selbstst\u00e4ndiges Entdecken und erm\u00f6glicht es Kindern, sich in ihrem eigenen Tempo zu entwickeln und dabei Kraft, Koordination und K\u00f6rperbewusstsein durch Bewegung aufzubauen.<\/p>\n<p style=\"font-weight: 400;\"><strong>Entdecken Sie unten mehr.<\/strong><\/p>\n","protected":false},"excerpt":{"rendered":"<p>Sorgf\u00e4ltig entwickelt, um nat\u00fcrliche Bewegung bereits ab etwa 6 Monaten zu unterst\u00fctzen, schafft das Pikler Dreieck einen sicheren Raum, in dem Kinder selbstst\u00e4ndig entdecken, klettern und Vertrauen in ihre eigenen F\u00e4higkeiten entwickeln k\u00f6nnen. Inspiriert von der Entwicklungsphilosophie von Emmi Pikler f\u00f6rdert es selbstst\u00e4ndiges Entdecken und erm\u00f6glicht es Kindern, sich in ihrem eigenen Tempo zu entwickeln<a class=\"excerpt-read-more\" href=\"https:\/\/legandgo.com\/de\/shop\/toys-de\/kletterdreieck\/\" title=\"ReadPikler Dreieck\">&#8230; Read more &raquo;<\/a><\/p>\n","protected":false},"featured_media":49337,"comment_status":"closed","ping_status":"closed","template":"","meta":{"_acf_changed":false,"inline_featured_image":false,"footnotes":""},"product_brand":[],"product_cat":[56],"product_tag":[1732,1727,1719,1723,1715,1711,1733],"class_list":{"0":"post-1942","1":"product","2":"type-product","3":"status-publish","4":"has-post-thumbnail","6":"product_cat-toys-de","7":"product_tag-dreieckspikler","8":"product_tag-leg-go-2","9":"product_tag-leg-and-go","10":"product_tag-leg-go","11":"product_tag-leggo","12":"product_tag-legandgo","13":"product_tag-pikler-dreieck","14":"pa_color-type-colorful-de","15":"pa_color-type-natural-wood-de","16":"pa_color-type-pastel-de","18":"first","19":"outofstock","20":"sale","21":"purchasable","22":"product-type-variable","23":"has-default-attributes"},"bundled_by":["1920"],"bundle_stock_status":"outofstock","bundle_stock_quantity":null,"bundle_virtual":false,"bundle_layout":"","bundle_add_to_cart_form_location":"","bundle_editable_in_cart":false,"bundle_sold_individually_context":"","bundle_item_grouping":"","bundle_min_size":"","bundle_max_size":"","bundle_price":[],"bundled_items":[],"bundle_sell_ids":[],"acf":[],"yoast_head":"<!-- This site is optimized with the Yoast SEO plugin v25.9 - https:\/\/yoast.com\/wordpress\/plugins\/seo\/ -->\n<title>Holz-Kletterdreieck f\u00fcr Kinder \u2013 Kletterspielzeug f\u00fcr drinnen<\/title>\n<meta name=\"description\" content=\"Holz-Kletterdreieck f\u00fcr Kinder, das aktives Spielen, Gleichgewicht und Motorik f\u00f6rdert. Sicheres, stabiles Kletterspielzeug f\u00fcr Kleinkinder und Kinder.\" \/>\n<meta name=\"robots\" content=\"index, follow, max-snippet:-1, max-image-preview:large, max-video-preview:-1\" \/>\n<link rel=\"canonical\" href=\"https:\/\/legandgo.com\/de\/shop\/toys-de\/kletterdreieck\/\" \/>\n<meta property=\"og:locale\" content=\"de_DE\" \/>\n<meta property=\"og:type\" content=\"article\" \/>\n<meta property=\"og:title\" content=\"Holz-Kletterdreieck f\u00fcr Kinder \u2013 Kletterspielzeug f\u00fcr drinnen\" \/>\n<meta property=\"og:description\" content=\"Holz-Kletterdreieck f\u00fcr Kinder, das aktives Spielen, Gleichgewicht und Motorik f\u00f6rdert. Sicheres, stabiles Kletterspielzeug f\u00fcr Kleinkinder und Kinder.\" \/>\n<meta property=\"og:url\" content=\"https:\/\/legandgo.com\/de\/shop\/toys-de\/kletterdreieck\/\" \/>\n<meta property=\"og:site_name\" content=\"leg&amp;go\" \/>\n<meta property=\"article:publisher\" content=\"https:\/\/www.facebook.com\/legandgo\" \/>\n<meta property=\"article:modified_time\" content=\"2026-04-19T15:35:41+00:00\" \/>\n<meta property=\"og:image\" content=\"https:\/\/legandgo.com\/wp-content\/uploads\/2021\/03\/leggo-legandgo-climbing-triangle-natural-white-background-7-1.jpg\" \/>\n\t<meta property=\"og:image:width\" content=\"2400\" \/>\n\t<meta property=\"og:image:height\" content=\"2400\" \/>\n\t<meta property=\"og:image:type\" content=\"image\/jpeg\" \/>\n<meta name=\"twitter:card\" content=\"summary_large_image\" \/>\n<script type=\"application\/ld+json\" class=\"yoast-schema-graph\">{\"@context\":\"https:\/\/schema.org\",\"@graph\":[{\"@type\":\"WebPage\",\"@id\":\"https:\/\/legandgo.com\/de\/shop\/toys-de\/kletterdreieck\/\",\"url\":\"https:\/\/legandgo.com\/de\/shop\/toys-de\/kletterdreieck\/\",\"name\":\"Holz-Kletterdreieck f\u00fcr Kinder \u2013 Kletterspielzeug f\u00fcr drinnen\",\"isPartOf\":{\"@id\":\"https:\/\/legandgo.com\/de\/#website\"},\"primaryImageOfPage\":{\"@id\":\"https:\/\/legandgo.com\/de\/shop\/toys-de\/kletterdreieck\/#primaryimage\"},\"image\":{\"@id\":\"https:\/\/legandgo.com\/de\/shop\/toys-de\/kletterdreieck\/#primaryimage\"},\"thumbnailUrl\":\"https:\/\/legandgo.com\/wp-content\/uploads\/2021\/03\/leggo-legandgo-climbing-triangle-natural-white-background-7-1.jpg\",\"datePublished\":\"2021-03-10T17:33:46+00:00\",\"dateModified\":\"2026-04-19T15:35:41+00:00\",\"description\":\"Holz-Kletterdreieck f\u00fcr Kinder, das aktives Spielen, Gleichgewicht und Motorik f\u00f6rdert. Sicheres, stabiles Kletterspielzeug f\u00fcr Kleinkinder und Kinder.\",\"breadcrumb\":{\"@id\":\"https:\/\/legandgo.com\/de\/shop\/toys-de\/kletterdreieck\/#breadcrumb\"},\"inLanguage\":\"de-DE\",\"potentialAction\":[{\"@type\":\"ReadAction\",\"target\":[\"https:\/\/legandgo.com\/de\/shop\/toys-de\/kletterdreieck\/\"]}]},{\"@type\":\"ImageObject\",\"inLanguage\":\"de-DE\",\"@id\":\"https:\/\/legandgo.com\/de\/shop\/toys-de\/kletterdreieck\/#primaryimage\",\"url\":\"https:\/\/legandgo.com\/wp-content\/uploads\/2021\/03\/leggo-legandgo-climbing-triangle-natural-white-background-7-1.jpg\",\"contentUrl\":\"https:\/\/legandgo.com\/wp-content\/uploads\/2021\/03\/leggo-legandgo-climbing-triangle-natural-white-background-7-1.jpg\",\"width\":2400,\"height\":2400,\"caption\":\"Natural wood Pikler triangle climber for safe indoor climbing and active play\"},{\"@type\":\"BreadcrumbList\",\"@id\":\"https:\/\/legandgo.com\/de\/shop\/toys-de\/kletterdreieck\/#breadcrumb\",\"itemListElement\":[{\"@type\":\"ListItem\",\"position\":1,\"name\":\"Home\",\"item\":\"https:\/\/legandgo.com\/de\/\"},{\"@type\":\"ListItem\",\"position\":2,\"name\":\"Shop\",\"item\":\"https:\/\/legandgo.com\/de\/shop\/\"},{\"@type\":\"ListItem\",\"position\":3,\"name\":\"Pikler Dreieck\"}]},{\"@type\":\"WebSite\",\"@id\":\"https:\/\/legandgo.com\/de\/#website\",\"url\":\"https:\/\/legandgo.com\/de\/\",\"name\":\"leg&amp;go\",\"description\":\"\",\"publisher\":{\"@id\":\"https:\/\/legandgo.com\/de\/#organization\"},\"potentialAction\":[{\"@type\":\"SearchAction\",\"target\":{\"@type\":\"EntryPoint\",\"urlTemplate\":\"https:\/\/legandgo.com\/de\/?s={search_term_string}\"},\"query-input\":{\"@type\":\"PropertyValueSpecification\",\"valueRequired\":true,\"valueName\":\"search_term_string\"}}],\"inLanguage\":\"de-DE\"},{\"@type\":\"Organization\",\"@id\":\"https:\/\/legandgo.com\/de\/#organization\",\"name\":\"leg&go bike\",\"url\":\"https:\/\/legandgo.com\/de\/\",\"logo\":{\"@type\":\"ImageObject\",\"inLanguage\":\"de-DE\",\"@id\":\"https:\/\/legandgo.com\/de\/#\/schema\/logo\/image\/\",\"url\":\"https:\/\/legandgo.com\/wp-content\/uploads\/2021\/03\/logorf.png\",\"contentUrl\":\"https:\/\/legandgo.com\/wp-content\/uploads\/2021\/03\/logorf.png\",\"width\":675,\"height\":216,\"caption\":\"leg&go bike\"},\"image\":{\"@id\":\"https:\/\/legandgo.com\/de\/#\/schema\/logo\/image\/\"},\"sameAs\":[\"https:\/\/www.facebook.com\/legandgo\",\"https:\/\/www.instagram.com\/legandgo\/\",\"https:\/\/www.linkedin.com\/company\/legandgo\/\",\"https:\/\/www.pinterest.com\/legandgo\/\",\"https:\/\/www.youtube.com\/channel\/UC_FBzWPmKWE0g7fcR4Xdfuw\/\"]}]}<\/script>\n<!-- \/ Yoast SEO plugin. -->","yoast_head_json":{"title":"Holz-Kletterdreieck f\u00fcr Kinder \u2013 Kletterspielzeug f\u00fcr drinnen","description":"Holz-Kletterdreieck f\u00fcr Kinder, das aktives Spielen, Gleichgewicht und Motorik f\u00f6rdert. Sicheres, stabiles Kletterspielzeug f\u00fcr Kleinkinder und Kinder.","robots":{"index":"index","follow":"follow","max-snippet":"max-snippet:-1","max-image-preview":"max-image-preview:large","max-video-preview":"max-video-preview:-1"},"canonical":"https:\/\/legandgo.com\/de\/shop\/toys-de\/kletterdreieck\/","og_locale":"de_DE","og_type":"article","og_title":"Holz-Kletterdreieck f\u00fcr Kinder \u2013 Kletterspielzeug f\u00fcr drinnen","og_description":"Holz-Kletterdreieck f\u00fcr Kinder, das aktives Spielen, Gleichgewicht und Motorik f\u00f6rdert. Sicheres, stabiles Kletterspielzeug f\u00fcr Kleinkinder und Kinder.","og_url":"https:\/\/legandgo.com\/de\/shop\/toys-de\/kletterdreieck\/","og_site_name":"leg&amp;go","article_publisher":"https:\/\/www.facebook.com\/legandgo","article_modified_time":"2026-04-19T15:35:41+00:00","og_image":[{"width":2400,"height":2400,"url":"https:\/\/legandgo.com\/wp-content\/uploads\/2021\/03\/leggo-legandgo-climbing-triangle-natural-white-background-7-1.jpg","type":"image\/jpeg"}],"twitter_card":"summary_large_image","schema":{"@context":"https:\/\/schema.org","@graph":[{"@type":"WebPage","@id":"https:\/\/legandgo.com\/de\/shop\/toys-de\/kletterdreieck\/","url":"https:\/\/legandgo.com\/de\/shop\/toys-de\/kletterdreieck\/","name":"Holz-Kletterdreieck f\u00fcr Kinder \u2013 Kletterspielzeug f\u00fcr drinnen","isPartOf":{"@id":"https:\/\/legandgo.com\/de\/#website"},"primaryImageOfPage":{"@id":"https:\/\/legandgo.com\/de\/shop\/toys-de\/kletterdreieck\/#primaryimage"},"image":{"@id":"https:\/\/legandgo.com\/de\/shop\/toys-de\/kletterdreieck\/#primaryimage"},"thumbnailUrl":"https:\/\/legandgo.com\/wp-content\/uploads\/2021\/03\/leggo-legandgo-climbing-triangle-natural-white-background-7-1.jpg","datePublished":"2021-03-10T17:33:46+00:00","dateModified":"2026-04-19T15:35:41+00:00","description":"Holz-Kletterdreieck f\u00fcr Kinder, das aktives Spielen, Gleichgewicht und Motorik f\u00f6rdert. Sicheres, stabiles Kletterspielzeug f\u00fcr Kleinkinder und Kinder.","breadcrumb":{"@id":"https:\/\/legandgo.com\/de\/shop\/toys-de\/kletterdreieck\/#breadcrumb"},"inLanguage":"de-DE","potentialAction":[{"@type":"ReadAction","target":["https:\/\/legandgo.com\/de\/shop\/toys-de\/kletterdreieck\/"]}]},{"@type":"ImageObject","inLanguage":"de-DE","@id":"https:\/\/legandgo.com\/de\/shop\/toys-de\/kletterdreieck\/#primaryimage","url":"https:\/\/legandgo.com\/wp-content\/uploads\/2021\/03\/leggo-legandgo-climbing-triangle-natural-white-background-7-1.jpg","contentUrl":"https:\/\/legandgo.com\/wp-content\/uploads\/2021\/03\/leggo-legandgo-climbing-triangle-natural-white-background-7-1.jpg","width":2400,"height":2400,"caption":"Natural wood Pikler triangle climber for safe indoor climbing and active play"},{"@type":"BreadcrumbList","@id":"https:\/\/legandgo.com\/de\/shop\/toys-de\/kletterdreieck\/#breadcrumb","itemListElement":[{"@type":"ListItem","position":1,"name":"Home","item":"https:\/\/legandgo.com\/de\/"},{"@type":"ListItem","position":2,"name":"Shop","item":"https:\/\/legandgo.com\/de\/shop\/"},{"@type":"ListItem","position":3,"name":"Pikler Dreieck"}]},{"@type":"WebSite","@id":"https:\/\/legandgo.com\/de\/#website","url":"https:\/\/legandgo.com\/de\/","name":"leg&amp;go","description":"","publisher":{"@id":"https:\/\/legandgo.com\/de\/#organization"},"potentialAction":[{"@type":"SearchAction","target":{"@type":"EntryPoint","urlTemplate":"https:\/\/legandgo.com\/de\/?s={search_term_string}"},"query-input":{"@type":"PropertyValueSpecification","valueRequired":true,"valueName":"search_term_string"}}],"inLanguage":"de-DE"},{"@type":"Organization","@id":"https:\/\/legandgo.com\/de\/#organization","name":"leg&go bike","url":"https:\/\/legandgo.com\/de\/","logo":{"@type":"ImageObject","inLanguage":"de-DE","@id":"https:\/\/legandgo.com\/de\/#\/schema\/logo\/image\/","url":"https:\/\/legandgo.com\/wp-content\/uploads\/2021\/03\/logorf.png","contentUrl":"https:\/\/legandgo.com\/wp-content\/uploads\/2021\/03\/logorf.png","width":675,"height":216,"caption":"leg&go bike"},"image":{"@id":"https:\/\/legandgo.com\/de\/#\/schema\/logo\/image\/"},"sameAs":["https:\/\/www.facebook.com\/legandgo","https:\/\/www.instagram.com\/legandgo\/","https:\/\/www.linkedin.com\/company\/legandgo\/","https:\/\/www.pinterest.com\/legandgo\/","https:\/\/www.youtube.com\/channel\/UC_FBzWPmKWE0g7fcR4Xdfuw\/"]}]}},"_links":{"self":[{"href":"https:\/\/legandgo.com\/de\/wp-json\/wp\/v2\/product\/1942","targetHints":{"allow":["GET"]}}],"collection":[{"href":"https:\/\/legandgo.com\/de\/wp-json\/wp\/v2\/product"}],"about":[{"href":"https:\/\/legandgo.com\/de\/wp-json\/wp\/v2\/types\/product"}],"replies":[{"embeddable":true,"href":"https:\/\/legandgo.com\/de\/wp-json\/wp\/v2\/comments?post=1942"}],"version-history":[{"count":3,"href":"https:\/\/legandgo.com\/de\/wp-json\/wp\/v2\/product\/1942\/revisions"}],"predecessor-version":[{"id":51854,"href":"https:\/\/legandgo.com\/de\/wp-json\/wp\/v2\/product\/1942\/revisions\/51854"}],"wp:featuredmedia":[{"embeddable":true,"href":"https:\/\/legandgo.com\/de\/wp-json\/wp\/v2\/media\/49337"}],"wp:attachment":[{"href":"https:\/\/legandgo.com\/de\/wp-json\/wp\/v2\/media?parent=1942"}],"wp:term":[{"taxonomy":"product_brand","embeddable":true,"href":"https:\/\/legandgo.com\/de\/wp-json\/wp\/v2\/product_brand?post=1942"},{"taxonomy":"product_cat","embeddable":true,"href":"https:\/\/legandgo.com\/de\/wp-json\/wp\/v2\/product_cat?post=1942"},{"taxonomy":"product_tag","embeddable":true,"href":"https:\/\/legandgo.com\/de\/wp-json\/wp\/v2\/product_tag?post=1942"}],"curies":[{"name":"wp","href":"https:\/\/api.w.org\/{rel}","templated":true}]}}