{"id":1947,"date":"2021-03-10T19:29:24","date_gmt":"2021-03-10T17:29:24","guid":{"rendered":"https:\/\/legandgo.com\/product\/ramp\/"},"modified":"2026-03-19T10:37:59","modified_gmt":"2026-03-19T08:37:59","slug":"rampe","status":"publish","type":"product","link":"https:\/\/legandgo.com\/de\/shop\/toys-de\/rampe\/","title":{"rendered":"Rampe &amp; Rutsche 2in1"},"content":{"rendered":"<p style=\"font-weight: 400;\">Eine einfache Erg\u00e4nzung, die neue M\u00f6glichkeiten zum Klettern, Rutschen und Entdecken er\u00f6ffnet. Entwickelt, um nahtlos mit der Schwedischen Sprossenwand und dem Dreieck-Kletterger\u00e4t kombiniert zu werden, bringt die Rampe eine sanfte Herausforderung und unterst\u00fctzt gleichzeitig Gleichgewicht, Koordination und selbstbewusste Bewegung.<\/p>\n<p style=\"font-weight: 400;\">Drehen Sie sie um, um die Kletterrampe in eine glatte Rutsche zu verwandeln und so f\u00fcr Abwechslung im Alltagsspiel zu sorgen, ohne zus\u00e4tzliche Komplexit\u00e4t.<\/p>\n<p style=\"font-weight: 400;\">Bitte beachten Sie: Das Schwedische Sprossenwand und Dreieck Kletterset 2in1 ist nicht enthalten und muss separat erworben werden.<\/p>\n<p><strong>Entdecken Sie unten mehr.<\/strong><\/p>\n","protected":false},"excerpt":{"rendered":"<p>Eine einfache Erg\u00e4nzung, die neue M\u00f6glichkeiten zum Klettern, Rutschen und Entdecken er\u00f6ffnet. Entwickelt, um nahtlos mit der Schwedischen Sprossenwand und dem Dreieck-Kletterger\u00e4t kombiniert zu werden, bringt die Rampe eine sanfte Herausforderung und unterst\u00fctzt gleichzeitig Gleichgewicht, Koordination und selbstbewusste Bewegung. Drehen Sie sie um, um die Kletterrampe in eine glatte Rutsche zu verwandeln und so f\u00fcr<a class=\"excerpt-read-more\" href=\"https:\/\/legandgo.com\/de\/shop\/toys-de\/rampe\/\" title=\"ReadRampe &amp; Rutsche 2in1\">&#8230; Read more &raquo;<\/a><\/p>\n","protected":false},"featured_media":1710,"comment_status":"closed","ping_status":"closed","template":"","meta":{"_acf_changed":false,"inline_featured_image":false,"footnotes":""},"product_brand":[],"product_cat":[56],"product_tag":[1732,1733],"class_list":{"0":"post-1947","1":"product","2":"type-product","3":"status-publish","4":"has-post-thumbnail","6":"product_cat-toys-de","7":"product_tag-dreieckspikler","8":"product_tag-pikler-dreieck","9":"product_shipping_class-climbers-shipping","10":"pa_color-type-white-mdf","11":"pa_color-type-colorful-de","12":"pa_color-type-natural-wood-de","13":"pa_color-type-pastel-de","15":"first","16":"instock","17":"sale","18":"purchasable","19":"product-type-variable","20":"has-default-attributes"},"bundled_by":["1920","2481"],"bundle_stock_status":"instock","bundle_stock_quantity":null,"bundle_virtual":false,"bundle_layout":"","bundle_add_to_cart_form_location":"","bundle_editable_in_cart":false,"bundle_sold_individually_context":"","bundle_item_grouping":"","bundle_min_size":"","bundle_max_size":"","bundle_price":[],"bundled_items":[],"bundle_sell_ids":[],"acf":[],"yoast_head":"<!-- This site is optimized with the Yoast SEO plugin v25.9 - https:\/\/yoast.com\/wordpress\/plugins\/seo\/ -->\n<title>Holz-Kletterrampe f\u00fcr Pikler-Dreieck &amp; Sprossenwand<\/title>\n<meta name=\"description\" content=\"Holz-Kletterrampe im Montessori-Stil f\u00fcr Pikler-Dreieck und Sprossenwand. F\u00f6rdert Gleichgewicht, Bewegung und aktives Spielen im Innenbereich.\" \/>\n<meta name=\"robots\" content=\"index, follow, max-snippet:-1, max-image-preview:large, max-video-preview:-1\" \/>\n<link rel=\"canonical\" href=\"https:\/\/legandgo.com\/de\/shop\/toys-de\/rampe\/\" \/>\n<meta property=\"og:locale\" content=\"de_DE\" \/>\n<meta property=\"og:type\" content=\"article\" \/>\n<meta property=\"og:title\" content=\"Holz-Kletterrampe f\u00fcr Pikler-Dreieck &amp; Sprossenwand\" \/>\n<meta property=\"og:description\" content=\"Holz-Kletterrampe im Montessori-Stil f\u00fcr Pikler-Dreieck und Sprossenwand. F\u00f6rdert Gleichgewicht, Bewegung und aktives Spielen im Innenbereich.\" \/>\n<meta property=\"og:url\" content=\"https:\/\/legandgo.com\/de\/shop\/toys-de\/rampe\/\" \/>\n<meta property=\"og:site_name\" content=\"leg&amp;go\" \/>\n<meta property=\"article:publisher\" content=\"https:\/\/www.facebook.com\/legandgo\" \/>\n<meta property=\"article:modified_time\" content=\"2026-03-19T08:37:59+00:00\" \/>\n<meta property=\"og:image\" content=\"https:\/\/legandgo.com\/wp-content\/uploads\/2021\/03\/slidkalninjs_1_720x720px.jpg\" \/>\n\t<meta property=\"og:image:width\" content=\"720\" \/>\n\t<meta property=\"og:image:height\" content=\"720\" \/>\n\t<meta property=\"og:image:type\" content=\"image\/jpeg\" \/>\n<meta name=\"twitter:card\" content=\"summary_large_image\" \/>\n<script type=\"application\/ld+json\" class=\"yoast-schema-graph\">{\"@context\":\"https:\/\/schema.org\",\"@graph\":[{\"@type\":\"WebPage\",\"@id\":\"https:\/\/legandgo.com\/de\/shop\/toys-de\/rampe\/\",\"url\":\"https:\/\/legandgo.com\/de\/shop\/toys-de\/rampe\/\",\"name\":\"Holz-Kletterrampe f\u00fcr Pikler-Dreieck & Sprossenwand\",\"isPartOf\":{\"@id\":\"https:\/\/legandgo.com\/de\/#website\"},\"primaryImageOfPage\":{\"@id\":\"https:\/\/legandgo.com\/de\/shop\/toys-de\/rampe\/#primaryimage\"},\"image\":{\"@id\":\"https:\/\/legandgo.com\/de\/shop\/toys-de\/rampe\/#primaryimage\"},\"thumbnailUrl\":\"https:\/\/legandgo.com\/wp-content\/uploads\/2021\/03\/slidkalninjs_1_720x720px.jpg\",\"datePublished\":\"2021-03-10T17:29:24+00:00\",\"dateModified\":\"2026-03-19T08:37:59+00:00\",\"description\":\"Holz-Kletterrampe im Montessori-Stil f\u00fcr Pikler-Dreieck und Sprossenwand. F\u00f6rdert Gleichgewicht, Bewegung und aktives Spielen im Innenbereich.\",\"breadcrumb\":{\"@id\":\"https:\/\/legandgo.com\/de\/shop\/toys-de\/rampe\/#breadcrumb\"},\"inLanguage\":\"de-DE\",\"potentialAction\":[{\"@type\":\"ReadAction\",\"target\":[\"https:\/\/legandgo.com\/de\/shop\/toys-de\/rampe\/\"]}]},{\"@type\":\"ImageObject\",\"inLanguage\":\"de-DE\",\"@id\":\"https:\/\/legandgo.com\/de\/shop\/toys-de\/rampe\/#primaryimage\",\"url\":\"https:\/\/legandgo.com\/wp-content\/uploads\/2021\/03\/slidkalninjs_1_720x720px.jpg\",\"contentUrl\":\"https:\/\/legandgo.com\/wp-content\/uploads\/2021\/03\/slidkalninjs_1_720x720px.jpg\",\"width\":720,\"height\":720},{\"@type\":\"BreadcrumbList\",\"@id\":\"https:\/\/legandgo.com\/de\/shop\/toys-de\/rampe\/#breadcrumb\",\"itemListElement\":[{\"@type\":\"ListItem\",\"position\":1,\"name\":\"Home\",\"item\":\"https:\/\/legandgo.com\/de\/\"},{\"@type\":\"ListItem\",\"position\":2,\"name\":\"Shop\",\"item\":\"https:\/\/legandgo.com\/de\/shop\/\"},{\"@type\":\"ListItem\",\"position\":3,\"name\":\"Rampe &amp; Rutsche 2in1\"}]},{\"@type\":\"WebSite\",\"@id\":\"https:\/\/legandgo.com\/de\/#website\",\"url\":\"https:\/\/legandgo.com\/de\/\",\"name\":\"leg&amp;go\",\"description\":\"\",\"publisher\":{\"@id\":\"https:\/\/legandgo.com\/de\/#organization\"},\"potentialAction\":[{\"@type\":\"SearchAction\",\"target\":{\"@type\":\"EntryPoint\",\"urlTemplate\":\"https:\/\/legandgo.com\/de\/?s={search_term_string}\"},\"query-input\":{\"@type\":\"PropertyValueSpecification\",\"valueRequired\":true,\"valueName\":\"search_term_string\"}}],\"inLanguage\":\"de-DE\"},{\"@type\":\"Organization\",\"@id\":\"https:\/\/legandgo.com\/de\/#organization\",\"name\":\"leg&go bike\",\"url\":\"https:\/\/legandgo.com\/de\/\",\"logo\":{\"@type\":\"ImageObject\",\"inLanguage\":\"de-DE\",\"@id\":\"https:\/\/legandgo.com\/de\/#\/schema\/logo\/image\/\",\"url\":\"https:\/\/legandgo.com\/wp-content\/uploads\/2021\/03\/logorf.png\",\"contentUrl\":\"https:\/\/legandgo.com\/wp-content\/uploads\/2021\/03\/logorf.png\",\"width\":675,\"height\":216,\"caption\":\"leg&go bike\"},\"image\":{\"@id\":\"https:\/\/legandgo.com\/de\/#\/schema\/logo\/image\/\"},\"sameAs\":[\"https:\/\/www.facebook.com\/legandgo\",\"https:\/\/www.instagram.com\/legandgo\/\",\"https:\/\/www.linkedin.com\/company\/legandgo\/\",\"https:\/\/www.pinterest.com\/legandgo\/\",\"https:\/\/www.youtube.com\/channel\/UC_FBzWPmKWE0g7fcR4Xdfuw\/\"]}]}<\/script>\n<!-- \/ Yoast SEO plugin. -->","yoast_head_json":{"title":"Holz-Kletterrampe f\u00fcr Pikler-Dreieck & Sprossenwand","description":"Holz-Kletterrampe im Montessori-Stil f\u00fcr Pikler-Dreieck und Sprossenwand. F\u00f6rdert Gleichgewicht, Bewegung und aktives Spielen im Innenbereich.","robots":{"index":"index","follow":"follow","max-snippet":"max-snippet:-1","max-image-preview":"max-image-preview:large","max-video-preview":"max-video-preview:-1"},"canonical":"https:\/\/legandgo.com\/de\/shop\/toys-de\/rampe\/","og_locale":"de_DE","og_type":"article","og_title":"Holz-Kletterrampe f\u00fcr Pikler-Dreieck & Sprossenwand","og_description":"Holz-Kletterrampe im Montessori-Stil f\u00fcr Pikler-Dreieck und Sprossenwand. F\u00f6rdert Gleichgewicht, Bewegung und aktives Spielen im Innenbereich.","og_url":"https:\/\/legandgo.com\/de\/shop\/toys-de\/rampe\/","og_site_name":"leg&amp;go","article_publisher":"https:\/\/www.facebook.com\/legandgo","article_modified_time":"2026-03-19T08:37:59+00:00","og_image":[{"width":720,"height":720,"url":"https:\/\/legandgo.com\/wp-content\/uploads\/2021\/03\/slidkalninjs_1_720x720px.jpg","type":"image\/jpeg"}],"twitter_card":"summary_large_image","schema":{"@context":"https:\/\/schema.org","@graph":[{"@type":"WebPage","@id":"https:\/\/legandgo.com\/de\/shop\/toys-de\/rampe\/","url":"https:\/\/legandgo.com\/de\/shop\/toys-de\/rampe\/","name":"Holz-Kletterrampe f\u00fcr Pikler-Dreieck & Sprossenwand","isPartOf":{"@id":"https:\/\/legandgo.com\/de\/#website"},"primaryImageOfPage":{"@id":"https:\/\/legandgo.com\/de\/shop\/toys-de\/rampe\/#primaryimage"},"image":{"@id":"https:\/\/legandgo.com\/de\/shop\/toys-de\/rampe\/#primaryimage"},"thumbnailUrl":"https:\/\/legandgo.com\/wp-content\/uploads\/2021\/03\/slidkalninjs_1_720x720px.jpg","datePublished":"2021-03-10T17:29:24+00:00","dateModified":"2026-03-19T08:37:59+00:00","description":"Holz-Kletterrampe im Montessori-Stil f\u00fcr Pikler-Dreieck und Sprossenwand. F\u00f6rdert Gleichgewicht, Bewegung und aktives Spielen im Innenbereich.","breadcrumb":{"@id":"https:\/\/legandgo.com\/de\/shop\/toys-de\/rampe\/#breadcrumb"},"inLanguage":"de-DE","potentialAction":[{"@type":"ReadAction","target":["https:\/\/legandgo.com\/de\/shop\/toys-de\/rampe\/"]}]},{"@type":"ImageObject","inLanguage":"de-DE","@id":"https:\/\/legandgo.com\/de\/shop\/toys-de\/rampe\/#primaryimage","url":"https:\/\/legandgo.com\/wp-content\/uploads\/2021\/03\/slidkalninjs_1_720x720px.jpg","contentUrl":"https:\/\/legandgo.com\/wp-content\/uploads\/2021\/03\/slidkalninjs_1_720x720px.jpg","width":720,"height":720},{"@type":"BreadcrumbList","@id":"https:\/\/legandgo.com\/de\/shop\/toys-de\/rampe\/#breadcrumb","itemListElement":[{"@type":"ListItem","position":1,"name":"Home","item":"https:\/\/legandgo.com\/de\/"},{"@type":"ListItem","position":2,"name":"Shop","item":"https:\/\/legandgo.com\/de\/shop\/"},{"@type":"ListItem","position":3,"name":"Rampe &amp; Rutsche 2in1"}]},{"@type":"WebSite","@id":"https:\/\/legandgo.com\/de\/#website","url":"https:\/\/legandgo.com\/de\/","name":"leg&amp;go","description":"","publisher":{"@id":"https:\/\/legandgo.com\/de\/#organization"},"potentialAction":[{"@type":"SearchAction","target":{"@type":"EntryPoint","urlTemplate":"https:\/\/legandgo.com\/de\/?s={search_term_string}"},"query-input":{"@type":"PropertyValueSpecification","valueRequired":true,"valueName":"search_term_string"}}],"inLanguage":"de-DE"},{"@type":"Organization","@id":"https:\/\/legandgo.com\/de\/#organization","name":"leg&go bike","url":"https:\/\/legandgo.com\/de\/","logo":{"@type":"ImageObject","inLanguage":"de-DE","@id":"https:\/\/legandgo.com\/de\/#\/schema\/logo\/image\/","url":"https:\/\/legandgo.com\/wp-content\/uploads\/2021\/03\/logorf.png","contentUrl":"https:\/\/legandgo.com\/wp-content\/uploads\/2021\/03\/logorf.png","width":675,"height":216,"caption":"leg&go bike"},"image":{"@id":"https:\/\/legandgo.com\/de\/#\/schema\/logo\/image\/"},"sameAs":["https:\/\/www.facebook.com\/legandgo","https:\/\/www.instagram.com\/legandgo\/","https:\/\/www.linkedin.com\/company\/legandgo\/","https:\/\/www.pinterest.com\/legandgo\/","https:\/\/www.youtube.com\/channel\/UC_FBzWPmKWE0g7fcR4Xdfuw\/"]}]}},"_links":{"self":[{"href":"https:\/\/legandgo.com\/de\/wp-json\/wp\/v2\/product\/1947","targetHints":{"allow":["GET"]}}],"collection":[{"href":"https:\/\/legandgo.com\/de\/wp-json\/wp\/v2\/product"}],"about":[{"href":"https:\/\/legandgo.com\/de\/wp-json\/wp\/v2\/types\/product"}],"replies":[{"embeddable":true,"href":"https:\/\/legandgo.com\/de\/wp-json\/wp\/v2\/comments?post=1947"}],"version-history":[{"count":7,"href":"https:\/\/legandgo.com\/de\/wp-json\/wp\/v2\/product\/1947\/revisions"}],"predecessor-version":[{"id":54278,"href":"https:\/\/legandgo.com\/de\/wp-json\/wp\/v2\/product\/1947\/revisions\/54278"}],"wp:featuredmedia":[{"embeddable":true,"href":"https:\/\/legandgo.com\/de\/wp-json\/wp\/v2\/media\/1710"}],"wp:attachment":[{"href":"https:\/\/legandgo.com\/de\/wp-json\/wp\/v2\/media?parent=1947"}],"wp:term":[{"taxonomy":"product_brand","embeddable":true,"href":"https:\/\/legandgo.com\/de\/wp-json\/wp\/v2\/product_brand?post=1947"},{"taxonomy":"product_cat","embeddable":true,"href":"https:\/\/legandgo.com\/de\/wp-json\/wp\/v2\/product_cat?post=1947"},{"taxonomy":"product_tag","embeddable":true,"href":"https:\/\/legandgo.com\/de\/wp-json\/wp\/v2\/product_tag?post=1947"}],"curies":[{"name":"wp","href":"https:\/\/api.w.org\/{rel}","templated":true}]}}