{"id":23619,"date":"2024-04-24T11:36:01","date_gmt":"2024-04-24T09:36:01","guid":{"rendered":"https:\/\/legandgo.com\/?post_type=product&#038;p=23619"},"modified":"2026-03-05T17:46:12","modified_gmt":"2026-03-05T15:46:12","slug":"stabilisatoren-fur-faltbarer-lernturm","status":"publish","type":"product","link":"https:\/\/legandgo.com\/de\/shop\/faltbarer-lernturm\/stabilisatoren-fur-faltbarer-lernturm\/","title":{"rendered":"Stabilisatoren f\u00fcr Faltbarer Lernturm (2 St\u00fcck)"},"content":{"rendered":"<p>Verbessern Sie die Stabilit\u00e4t des <strong>faltbaren Lernturms mit abnehmbarem Gel\u00e4nder<\/strong> mit zus\u00e4tzlichen Stabilisatoren &#8211; ein wichtiges Sicherheitsmerkmal. Diese Stabilisatoren sind ratsam, wenn der Hilfsturm auf einen freien Platz umgestellt wird.<\/p>\n<p>Wird der Turm an einer Fl\u00e4che aufgestellt (z.B. an der K\u00fcchenfront), sind die Stabilisatoren nicht erforderlich.<\/p>\n<p>Abmessungen:<\/p>\n<ul>\n<li>H\u00f6he: 8,5 cm \/ 3,3\u2033<\/li>\n<li>L\u00e4nge: 12,5 cm \/ 4,9\u2033<\/li>\n<li>Tiefe: 1,5 cm \/ 0,16\u2033<\/li>\n<\/ul>\n<p>&nbsp;<\/p>\n<p>Hinweis: Diese Stabilisatoren sind ausschlie\u00dflich mit dem <strong>leg&amp;go Faltbaren Lernturm mit abnehmbarem Sicherheitsb\u00fcgel<\/strong> kompatibel und nicht mit anderen Modellen kompatibel.<\/p>\n","protected":false},"excerpt":{"rendered":"<p>Verbessern Sie die Stabilit\u00e4t des faltbaren Lernturms mit abnehmbarem Gel\u00e4nder mit zus\u00e4tzlichen Stabilisatoren &#8211; ein wichtiges Sicherheitsmerkmal. Diese Stabilisatoren sind ratsam, wenn der Hilfsturm auf einen freien Platz umgestellt wird. Wird der Turm an einer Fl\u00e4che aufgestellt (z.B. an der K\u00fcchenfront), sind die Stabilisatoren nicht erforderlich. Abmessungen: H\u00f6he: 8,5 cm \/ 3,3\u2033 L\u00e4nge: 12,5 cm<a class=\"excerpt-read-more\" href=\"https:\/\/legandgo.com\/de\/shop\/faltbarer-lernturm\/stabilisatoren-fur-faltbarer-lernturm\/\" title=\"ReadStabilisatoren f\u00fcr Faltbarer Lernturm (2 St\u00fcck)\">&#8230; Read more &raquo;<\/a><\/p>\n","protected":false},"featured_media":48464,"comment_status":"closed","ping_status":"closed","template":"","meta":{"_acf_changed":false,"inline_featured_image":false,"footnotes":""},"product_brand":[],"product_cat":[1315,246],"product_tag":[882,1586,874,887,1587,1585,1589,884],"class_list":{"0":"post-23619","1":"product","2":"type-product","3":"status-publish","4":"has-post-thumbnail","6":"product_cat-mobel","7":"product_cat-faltbarer-lernturm","8":"product_tag-faltbarer-lernturm","9":"product_tag-klappbarer-lernturm","10":"product_tag-lernturm","11":"product_tag-lernturm-faltbar","12":"product_tag-lernturm-kinder-klappbar","13":"product_tag-lernturm-klappbar","14":"product_tag-lernturm-zusammenklappbar","15":"product_tag-zusammenklappbarer-lernturm","16":"product_shipping_class-stabilizers-shipping","18":"first","19":"instock","20":"purchasable","21":"product-type-simple"},"bundled_by":[],"bundle_stock_status":"instock","bundle_stock_quantity":null,"bundle_virtual":false,"bundle_layout":"","bundle_add_to_cart_form_location":"","bundle_editable_in_cart":false,"bundle_sold_individually_context":"","bundle_item_grouping":"","bundle_min_size":"","bundle_max_size":"","bundle_price":[],"bundled_items":[],"bundle_sell_ids":[],"acf":[],"yoast_head":"<!-- This site is optimized with the Yoast SEO plugin v25.9 - https:\/\/yoast.com\/wordpress\/plugins\/seo\/ -->\n<title>Stabilisatoren f\u00fcr Faltbarer Lernturm (2 St\u00fcck) &#183; leg&amp;go<\/title>\n<meta name=\"description\" content=\"Holz-Stabilisatoren f\u00fcr den Faltbaren Lernturm. Sorgen f\u00fcr extra Stabilit\u00e4t und Sicherheit, mit hochklappbarem Design f\u00fcr einfache Aufbewahrung bei Nichtgebrauch.\" \/>\n<meta name=\"robots\" content=\"index, follow, max-snippet:-1, max-image-preview:large, max-video-preview:-1\" \/>\n<link rel=\"canonical\" href=\"https:\/\/legandgo.com\/de\/shop\/faltbarer-lernturm\/stabilisatoren-fur-faltbarer-lernturm\/\" \/>\n<meta property=\"og:locale\" content=\"de_DE\" \/>\n<meta property=\"og:type\" content=\"article\" \/>\n<meta property=\"og:title\" content=\"Stabilisatoren f\u00fcr Faltbarer Lernturm (2 St\u00fcck) &#183; leg&amp;go\" \/>\n<meta property=\"og:description\" content=\"Holz-Stabilisatoren f\u00fcr den Faltbaren Lernturm. Sorgen f\u00fcr extra Stabilit\u00e4t und Sicherheit, mit hochklappbarem Design f\u00fcr einfache Aufbewahrung bei Nichtgebrauch.\" \/>\n<meta property=\"og:url\" content=\"https:\/\/legandgo.com\/de\/shop\/faltbarer-lernturm\/stabilisatoren-fur-faltbarer-lernturm\/\" \/>\n<meta property=\"og:site_name\" content=\"leg&amp;go\" \/>\n<meta property=\"article:publisher\" content=\"https:\/\/www.facebook.com\/legandgo\" \/>\n<meta property=\"article:modified_time\" content=\"2026-03-05T15:46:12+00:00\" \/>\n<meta property=\"og:image\" content=\"https:\/\/legandgo.com\/wp-content\/uploads\/2024\/04\/Stabilizers-for-Foldable-Learning-Tower-scaled.jpg\" \/>\n\t<meta property=\"og:image:width\" content=\"2560\" \/>\n\t<meta property=\"og:image:height\" content=\"2560\" \/>\n\t<meta property=\"og:image:type\" content=\"image\/jpeg\" \/>\n<meta name=\"twitter:card\" content=\"summary_large_image\" \/>\n<script type=\"application\/ld+json\" class=\"yoast-schema-graph\">{\"@context\":\"https:\/\/schema.org\",\"@graph\":[{\"@type\":\"WebPage\",\"@id\":\"https:\/\/legandgo.com\/de\/shop\/faltbarer-lernturm\/stabilisatoren-fur-faltbarer-lernturm\/\",\"url\":\"https:\/\/legandgo.com\/de\/shop\/faltbarer-lernturm\/stabilisatoren-fur-faltbarer-lernturm\/\",\"name\":\"Stabilisatoren f\u00fcr Faltbarer Lernturm (2 St\u00fcck) &#183; leg&amp;go\",\"isPartOf\":{\"@id\":\"https:\/\/legandgo.com\/de\/#website\"},\"primaryImageOfPage\":{\"@id\":\"https:\/\/legandgo.com\/de\/shop\/faltbarer-lernturm\/stabilisatoren-fur-faltbarer-lernturm\/#primaryimage\"},\"image\":{\"@id\":\"https:\/\/legandgo.com\/de\/shop\/faltbarer-lernturm\/stabilisatoren-fur-faltbarer-lernturm\/#primaryimage\"},\"thumbnailUrl\":\"https:\/\/legandgo.com\/wp-content\/uploads\/2024\/04\/Stabilizers-for-Foldable-Learning-Tower-scaled.jpg\",\"datePublished\":\"2024-04-24T09:36:01+00:00\",\"dateModified\":\"2026-03-05T15:46:12+00:00\",\"description\":\"Holz-Stabilisatoren f\u00fcr den Faltbaren Lernturm. Sorgen f\u00fcr extra Stabilit\u00e4t und Sicherheit, mit hochklappbarem Design f\u00fcr einfache Aufbewahrung bei Nichtgebrauch.\",\"breadcrumb\":{\"@id\":\"https:\/\/legandgo.com\/de\/shop\/faltbarer-lernturm\/stabilisatoren-fur-faltbarer-lernturm\/#breadcrumb\"},\"inLanguage\":\"de-DE\",\"potentialAction\":[{\"@type\":\"ReadAction\",\"target\":[\"https:\/\/legandgo.com\/de\/shop\/faltbarer-lernturm\/stabilisatoren-fur-faltbarer-lernturm\/\"]}]},{\"@type\":\"ImageObject\",\"inLanguage\":\"de-DE\",\"@id\":\"https:\/\/legandgo.com\/de\/shop\/faltbarer-lernturm\/stabilisatoren-fur-faltbarer-lernturm\/#primaryimage\",\"url\":\"https:\/\/legandgo.com\/wp-content\/uploads\/2024\/04\/Stabilizers-for-Foldable-Learning-Tower-scaled.jpg\",\"contentUrl\":\"https:\/\/legandgo.com\/wp-content\/uploads\/2024\/04\/Stabilizers-for-Foldable-Learning-Tower-scaled.jpg\",\"width\":2560,\"height\":2560,\"caption\":\"Wooden stabilizers for foldable learning tower \u2013 set of two support panels with grip knobs.\"},{\"@type\":\"BreadcrumbList\",\"@id\":\"https:\/\/legandgo.com\/de\/shop\/faltbarer-lernturm\/stabilisatoren-fur-faltbarer-lernturm\/#breadcrumb\",\"itemListElement\":[{\"@type\":\"ListItem\",\"position\":1,\"name\":\"Home\",\"item\":\"https:\/\/legandgo.com\/de\/\"},{\"@type\":\"ListItem\",\"position\":2,\"name\":\"Shop\",\"item\":\"https:\/\/legandgo.com\/de\/shop\/\"},{\"@type\":\"ListItem\",\"position\":3,\"name\":\"Stabilisatoren f\u00fcr Faltbarer Lernturm (2 St\u00fcck)\"}]},{\"@type\":\"WebSite\",\"@id\":\"https:\/\/legandgo.com\/de\/#website\",\"url\":\"https:\/\/legandgo.com\/de\/\",\"name\":\"leg&amp;go\",\"description\":\"\",\"publisher\":{\"@id\":\"https:\/\/legandgo.com\/de\/#organization\"},\"potentialAction\":[{\"@type\":\"SearchAction\",\"target\":{\"@type\":\"EntryPoint\",\"urlTemplate\":\"https:\/\/legandgo.com\/de\/?s={search_term_string}\"},\"query-input\":{\"@type\":\"PropertyValueSpecification\",\"valueRequired\":true,\"valueName\":\"search_term_string\"}}],\"inLanguage\":\"de-DE\"},{\"@type\":\"Organization\",\"@id\":\"https:\/\/legandgo.com\/de\/#organization\",\"name\":\"leg&go bike\",\"url\":\"https:\/\/legandgo.com\/de\/\",\"logo\":{\"@type\":\"ImageObject\",\"inLanguage\":\"de-DE\",\"@id\":\"https:\/\/legandgo.com\/de\/#\/schema\/logo\/image\/\",\"url\":\"https:\/\/legandgo.com\/wp-content\/uploads\/2021\/03\/logorf.png\",\"contentUrl\":\"https:\/\/legandgo.com\/wp-content\/uploads\/2021\/03\/logorf.png\",\"width\":675,\"height\":216,\"caption\":\"leg&go bike\"},\"image\":{\"@id\":\"https:\/\/legandgo.com\/de\/#\/schema\/logo\/image\/\"},\"sameAs\":[\"https:\/\/www.facebook.com\/legandgo\",\"https:\/\/www.instagram.com\/legandgo\/\",\"https:\/\/www.linkedin.com\/company\/legandgo\/\",\"https:\/\/www.pinterest.com\/legandgo\/\",\"https:\/\/www.youtube.com\/channel\/UC_FBzWPmKWE0g7fcR4Xdfuw\/\"]}]}<\/script>\n<!-- \/ Yoast SEO plugin. -->","yoast_head_json":{"title":"Stabilisatoren f\u00fcr Faltbarer Lernturm (2 St\u00fcck) &#183; leg&amp;go","description":"Holz-Stabilisatoren f\u00fcr den Faltbaren Lernturm. Sorgen f\u00fcr extra Stabilit\u00e4t und Sicherheit, mit hochklappbarem Design f\u00fcr einfache Aufbewahrung bei Nichtgebrauch.","robots":{"index":"index","follow":"follow","max-snippet":"max-snippet:-1","max-image-preview":"max-image-preview:large","max-video-preview":"max-video-preview:-1"},"canonical":"https:\/\/legandgo.com\/de\/shop\/faltbarer-lernturm\/stabilisatoren-fur-faltbarer-lernturm\/","og_locale":"de_DE","og_type":"article","og_title":"Stabilisatoren f\u00fcr Faltbarer Lernturm (2 St\u00fcck) &#183; leg&amp;go","og_description":"Holz-Stabilisatoren f\u00fcr den Faltbaren Lernturm. Sorgen f\u00fcr extra Stabilit\u00e4t und Sicherheit, mit hochklappbarem Design f\u00fcr einfache Aufbewahrung bei Nichtgebrauch.","og_url":"https:\/\/legandgo.com\/de\/shop\/faltbarer-lernturm\/stabilisatoren-fur-faltbarer-lernturm\/","og_site_name":"leg&amp;go","article_publisher":"https:\/\/www.facebook.com\/legandgo","article_modified_time":"2026-03-05T15:46:12+00:00","og_image":[{"width":2560,"height":2560,"url":"https:\/\/legandgo.com\/wp-content\/uploads\/2024\/04\/Stabilizers-for-Foldable-Learning-Tower-scaled.jpg","type":"image\/jpeg"}],"twitter_card":"summary_large_image","schema":{"@context":"https:\/\/schema.org","@graph":[{"@type":"WebPage","@id":"https:\/\/legandgo.com\/de\/shop\/faltbarer-lernturm\/stabilisatoren-fur-faltbarer-lernturm\/","url":"https:\/\/legandgo.com\/de\/shop\/faltbarer-lernturm\/stabilisatoren-fur-faltbarer-lernturm\/","name":"Stabilisatoren f\u00fcr Faltbarer Lernturm (2 St\u00fcck) &#183; leg&amp;go","isPartOf":{"@id":"https:\/\/legandgo.com\/de\/#website"},"primaryImageOfPage":{"@id":"https:\/\/legandgo.com\/de\/shop\/faltbarer-lernturm\/stabilisatoren-fur-faltbarer-lernturm\/#primaryimage"},"image":{"@id":"https:\/\/legandgo.com\/de\/shop\/faltbarer-lernturm\/stabilisatoren-fur-faltbarer-lernturm\/#primaryimage"},"thumbnailUrl":"https:\/\/legandgo.com\/wp-content\/uploads\/2024\/04\/Stabilizers-for-Foldable-Learning-Tower-scaled.jpg","datePublished":"2024-04-24T09:36:01+00:00","dateModified":"2026-03-05T15:46:12+00:00","description":"Holz-Stabilisatoren f\u00fcr den Faltbaren Lernturm. Sorgen f\u00fcr extra Stabilit\u00e4t und Sicherheit, mit hochklappbarem Design f\u00fcr einfache Aufbewahrung bei Nichtgebrauch.","breadcrumb":{"@id":"https:\/\/legandgo.com\/de\/shop\/faltbarer-lernturm\/stabilisatoren-fur-faltbarer-lernturm\/#breadcrumb"},"inLanguage":"de-DE","potentialAction":[{"@type":"ReadAction","target":["https:\/\/legandgo.com\/de\/shop\/faltbarer-lernturm\/stabilisatoren-fur-faltbarer-lernturm\/"]}]},{"@type":"ImageObject","inLanguage":"de-DE","@id":"https:\/\/legandgo.com\/de\/shop\/faltbarer-lernturm\/stabilisatoren-fur-faltbarer-lernturm\/#primaryimage","url":"https:\/\/legandgo.com\/wp-content\/uploads\/2024\/04\/Stabilizers-for-Foldable-Learning-Tower-scaled.jpg","contentUrl":"https:\/\/legandgo.com\/wp-content\/uploads\/2024\/04\/Stabilizers-for-Foldable-Learning-Tower-scaled.jpg","width":2560,"height":2560,"caption":"Wooden stabilizers for foldable learning tower \u2013 set of two support panels with grip knobs."},{"@type":"BreadcrumbList","@id":"https:\/\/legandgo.com\/de\/shop\/faltbarer-lernturm\/stabilisatoren-fur-faltbarer-lernturm\/#breadcrumb","itemListElement":[{"@type":"ListItem","position":1,"name":"Home","item":"https:\/\/legandgo.com\/de\/"},{"@type":"ListItem","position":2,"name":"Shop","item":"https:\/\/legandgo.com\/de\/shop\/"},{"@type":"ListItem","position":3,"name":"Stabilisatoren f\u00fcr Faltbarer Lernturm (2 St\u00fcck)"}]},{"@type":"WebSite","@id":"https:\/\/legandgo.com\/de\/#website","url":"https:\/\/legandgo.com\/de\/","name":"leg&amp;go","description":"","publisher":{"@id":"https:\/\/legandgo.com\/de\/#organization"},"potentialAction":[{"@type":"SearchAction","target":{"@type":"EntryPoint","urlTemplate":"https:\/\/legandgo.com\/de\/?s={search_term_string}"},"query-input":{"@type":"PropertyValueSpecification","valueRequired":true,"valueName":"search_term_string"}}],"inLanguage":"de-DE"},{"@type":"Organization","@id":"https:\/\/legandgo.com\/de\/#organization","name":"leg&go bike","url":"https:\/\/legandgo.com\/de\/","logo":{"@type":"ImageObject","inLanguage":"de-DE","@id":"https:\/\/legandgo.com\/de\/#\/schema\/logo\/image\/","url":"https:\/\/legandgo.com\/wp-content\/uploads\/2021\/03\/logorf.png","contentUrl":"https:\/\/legandgo.com\/wp-content\/uploads\/2021\/03\/logorf.png","width":675,"height":216,"caption":"leg&go bike"},"image":{"@id":"https:\/\/legandgo.com\/de\/#\/schema\/logo\/image\/"},"sameAs":["https:\/\/www.facebook.com\/legandgo","https:\/\/www.instagram.com\/legandgo\/","https:\/\/www.linkedin.com\/company\/legandgo\/","https:\/\/www.pinterest.com\/legandgo\/","https:\/\/www.youtube.com\/channel\/UC_FBzWPmKWE0g7fcR4Xdfuw\/"]}]}},"_links":{"self":[{"href":"https:\/\/legandgo.com\/de\/wp-json\/wp\/v2\/product\/23619","targetHints":{"allow":["GET"]}}],"collection":[{"href":"https:\/\/legandgo.com\/de\/wp-json\/wp\/v2\/product"}],"about":[{"href":"https:\/\/legandgo.com\/de\/wp-json\/wp\/v2\/types\/product"}],"replies":[{"embeddable":true,"href":"https:\/\/legandgo.com\/de\/wp-json\/wp\/v2\/comments?post=23619"}],"version-history":[{"count":11,"href":"https:\/\/legandgo.com\/de\/wp-json\/wp\/v2\/product\/23619\/revisions"}],"predecessor-version":[{"id":53601,"href":"https:\/\/legandgo.com\/de\/wp-json\/wp\/v2\/product\/23619\/revisions\/53601"}],"wp:featuredmedia":[{"embeddable":true,"href":"https:\/\/legandgo.com\/de\/wp-json\/wp\/v2\/media\/48464"}],"wp:attachment":[{"href":"https:\/\/legandgo.com\/de\/wp-json\/wp\/v2\/media?parent=23619"}],"wp:term":[{"taxonomy":"product_brand","embeddable":true,"href":"https:\/\/legandgo.com\/de\/wp-json\/wp\/v2\/product_brand?post=23619"},{"taxonomy":"product_cat","embeddable":true,"href":"https:\/\/legandgo.com\/de\/wp-json\/wp\/v2\/product_cat?post=23619"},{"taxonomy":"product_tag","embeddable":true,"href":"https:\/\/legandgo.com\/de\/wp-json\/wp\/v2\/product_tag?post=23619"}],"curies":[{"name":"wp","href":"https:\/\/api.w.org\/{rel}","templated":true}]}}