{"id":24258,"date":"2024-05-27T16:14:02","date_gmt":"2024-05-27T14:14:02","guid":{"rendered":"https:\/\/legandgo.com\/?post_type=product&#038;p=24258"},"modified":"2026-03-22T17:35:27","modified_gmt":"2026-03-22T15:35:27","slug":"schweberegal","status":"publish","type":"product","link":"https:\/\/legandgo.com\/de\/shop\/kindermoebel\/schweberegal\/","title":{"rendered":"Schwebendes Holzregal mit Lederriemen"},"content":{"rendered":"<p style=\"font-weight: 400;\">Unser schwebendes Holzregal mit Lederb\u00e4ndern vereint klare, zeitgem\u00e4sse Linien mit einer warmen, gem\u00fctlichen Ausstrahlung und ist damit eine nat\u00fcrliche Erg\u00e4nzung f\u00fcr Schlafzimmer, Wohnzimmer, Kinderzimmer oder K\u00fcche.<\/p>\n<p style=\"font-weight: 400;\">Gefertigt aus massivem Kiefernholz und kombiniert mit naturbelassenen Lederb\u00e4ndern in hellem Camel-Ton, bringt es eine weiche Textur sowie eine wundersch\u00f6n warme Farbpalette an jede Wand.<\/p>\n<p style=\"font-weight: 400;\">Erh\u00e4ltlich in drei Gr\u00f6ssen: 60cm, 70cm und 90cm.<\/p>\n<p style=\"font-weight: 400;\"><strong>Entdecken Sie unten mehr.<\/strong><\/p>\n","protected":false},"excerpt":{"rendered":"<p>Unser schwebendes Holzregal mit Lederb\u00e4ndern vereint klare, zeitgem\u00e4sse Linien mit einer warmen, gem\u00fctlichen Ausstrahlung und ist damit eine nat\u00fcrliche Erg\u00e4nzung f\u00fcr Schlafzimmer, Wohnzimmer, Kinderzimmer oder K\u00fcche. Gefertigt aus massivem Kiefernholz und kombiniert mit naturbelassenen Lederb\u00e4ndern in hellem Camel-Ton, bringt es eine weiche Textur sowie eine wundersch\u00f6n warme Farbpalette an jede Wand. Erh\u00e4ltlich in drei Gr\u00f6ssen:<a class=\"excerpt-read-more\" href=\"https:\/\/legandgo.com\/de\/shop\/kindermoebel\/schweberegal\/\" title=\"ReadSchwebendes Holzregal mit Lederriemen\">&#8230; Read more &raquo;<\/a><\/p>\n","protected":false},"featured_media":24405,"comment_status":"closed","ping_status":"closed","template":"","meta":{"_acf_changed":false,"inline_featured_image":false,"footnotes":""},"product_brand":[],"product_cat":[1315,407],"product_tag":[],"class_list":{"0":"post-24258","1":"product","2":"type-product","3":"status-publish","4":"has-post-thumbnail","6":"product_cat-mobel","7":"product_cat-kindermoebel","8":"product_shipping_class-floating-shelf-de","10":"first","11":"outofstock","12":"purchasable","13":"product-type-variable"},"bundled_by":[],"bundle_stock_status":"outofstock","bundle_stock_quantity":null,"bundle_virtual":false,"bundle_layout":"","bundle_add_to_cart_form_location":"","bundle_editable_in_cart":false,"bundle_sold_individually_context":"","bundle_item_grouping":"","bundle_min_size":"","bundle_max_size":"","bundle_price":[],"bundled_items":[],"bundle_sell_ids":[],"acf":[],"yoast_head":"<!-- This site is optimized with the Yoast SEO plugin v25.9 - https:\/\/yoast.com\/wordpress\/plugins\/seo\/ -->\n<title>Schwebendes Holzregal mit Lederriemen<\/title>\n<meta name=\"description\" content=\"Schwebendes Holzregal mit Lederriemen aus massivem Kiefernholz. Stilvolles Wandregal f\u00fcr B\u00fccher, Pflanzen und Dekoration in jedem Raum.\" \/>\n<meta name=\"robots\" content=\"index, follow, max-snippet:-1, max-image-preview:large, max-video-preview:-1\" \/>\n<link rel=\"canonical\" href=\"https:\/\/legandgo.com\/de\/shop\/kindermoebel\/schweberegal\/\" \/>\n<meta property=\"og:locale\" content=\"de_DE\" \/>\n<meta property=\"og:type\" content=\"article\" \/>\n<meta property=\"og:title\" content=\"Schwebendes Holzregal mit Lederriemen\" \/>\n<meta property=\"og:description\" content=\"Schwebendes Holzregal mit Lederriemen aus massivem Kiefernholz. Stilvolles Wandregal f\u00fcr B\u00fccher, Pflanzen und Dekoration in jedem Raum.\" \/>\n<meta property=\"og:url\" content=\"https:\/\/legandgo.com\/de\/shop\/kindermoebel\/schweberegal\/\" \/>\n<meta property=\"og:site_name\" content=\"leg&amp;go\" \/>\n<meta property=\"article:publisher\" content=\"https:\/\/www.facebook.com\/legandgo\" \/>\n<meta property=\"article:modified_time\" content=\"2026-03-22T15:35:27+00:00\" \/>\n<meta property=\"og:image\" content=\"https:\/\/legandgo.com\/wp-content\/uploads\/2024\/05\/shelf.jpg\" \/>\n\t<meta property=\"og:image:width\" content=\"600\" \/>\n\t<meta property=\"og:image:height\" content=\"600\" \/>\n\t<meta property=\"og:image:type\" content=\"image\/jpeg\" \/>\n<meta name=\"twitter:card\" content=\"summary_large_image\" \/>\n<script type=\"application\/ld+json\" class=\"yoast-schema-graph\">{\"@context\":\"https:\/\/schema.org\",\"@graph\":[{\"@type\":\"WebPage\",\"@id\":\"https:\/\/legandgo.com\/de\/shop\/kindermoebel\/schweberegal\/\",\"url\":\"https:\/\/legandgo.com\/de\/shop\/kindermoebel\/schweberegal\/\",\"name\":\"Schwebendes Holzregal mit Lederriemen\",\"isPartOf\":{\"@id\":\"https:\/\/legandgo.com\/de\/#website\"},\"primaryImageOfPage\":{\"@id\":\"https:\/\/legandgo.com\/de\/shop\/kindermoebel\/schweberegal\/#primaryimage\"},\"image\":{\"@id\":\"https:\/\/legandgo.com\/de\/shop\/kindermoebel\/schweberegal\/#primaryimage\"},\"thumbnailUrl\":\"https:\/\/legandgo.com\/wp-content\/uploads\/2024\/05\/shelf.jpg\",\"datePublished\":\"2024-05-27T14:14:02+00:00\",\"dateModified\":\"2026-03-22T15:35:27+00:00\",\"description\":\"Schwebendes Holzregal mit Lederriemen aus massivem Kiefernholz. Stilvolles Wandregal f\u00fcr B\u00fccher, Pflanzen und Dekoration in jedem Raum.\",\"breadcrumb\":{\"@id\":\"https:\/\/legandgo.com\/de\/shop\/kindermoebel\/schweberegal\/#breadcrumb\"},\"inLanguage\":\"de-DE\",\"potentialAction\":[{\"@type\":\"ReadAction\",\"target\":[\"https:\/\/legandgo.com\/de\/shop\/kindermoebel\/schweberegal\/\"]}]},{\"@type\":\"ImageObject\",\"inLanguage\":\"de-DE\",\"@id\":\"https:\/\/legandgo.com\/de\/shop\/kindermoebel\/schweberegal\/#primaryimage\",\"url\":\"https:\/\/legandgo.com\/wp-content\/uploads\/2024\/05\/shelf.jpg\",\"contentUrl\":\"https:\/\/legandgo.com\/wp-content\/uploads\/2024\/05\/shelf.jpg\",\"width\":600,\"height\":600},{\"@type\":\"BreadcrumbList\",\"@id\":\"https:\/\/legandgo.com\/de\/shop\/kindermoebel\/schweberegal\/#breadcrumb\",\"itemListElement\":[{\"@type\":\"ListItem\",\"position\":1,\"name\":\"Home\",\"item\":\"https:\/\/legandgo.com\/de\/\"},{\"@type\":\"ListItem\",\"position\":2,\"name\":\"Shop\",\"item\":\"https:\/\/legandgo.com\/de\/shop\/\"},{\"@type\":\"ListItem\",\"position\":3,\"name\":\"Schwebendes Holzregal mit Lederriemen\"}]},{\"@type\":\"WebSite\",\"@id\":\"https:\/\/legandgo.com\/de\/#website\",\"url\":\"https:\/\/legandgo.com\/de\/\",\"name\":\"leg&amp;go\",\"description\":\"\",\"publisher\":{\"@id\":\"https:\/\/legandgo.com\/de\/#organization\"},\"potentialAction\":[{\"@type\":\"SearchAction\",\"target\":{\"@type\":\"EntryPoint\",\"urlTemplate\":\"https:\/\/legandgo.com\/de\/?s={search_term_string}\"},\"query-input\":{\"@type\":\"PropertyValueSpecification\",\"valueRequired\":true,\"valueName\":\"search_term_string\"}}],\"inLanguage\":\"de-DE\"},{\"@type\":\"Organization\",\"@id\":\"https:\/\/legandgo.com\/de\/#organization\",\"name\":\"leg&go bike\",\"url\":\"https:\/\/legandgo.com\/de\/\",\"logo\":{\"@type\":\"ImageObject\",\"inLanguage\":\"de-DE\",\"@id\":\"https:\/\/legandgo.com\/de\/#\/schema\/logo\/image\/\",\"url\":\"https:\/\/legandgo.com\/wp-content\/uploads\/2021\/03\/logorf.png\",\"contentUrl\":\"https:\/\/legandgo.com\/wp-content\/uploads\/2021\/03\/logorf.png\",\"width\":675,\"height\":216,\"caption\":\"leg&go bike\"},\"image\":{\"@id\":\"https:\/\/legandgo.com\/de\/#\/schema\/logo\/image\/\"},\"sameAs\":[\"https:\/\/www.facebook.com\/legandgo\",\"https:\/\/www.instagram.com\/legandgo\/\",\"https:\/\/www.linkedin.com\/company\/legandgo\/\",\"https:\/\/www.pinterest.com\/legandgo\/\",\"https:\/\/www.youtube.com\/channel\/UC_FBzWPmKWE0g7fcR4Xdfuw\/\"]}]}<\/script>\n<!-- \/ Yoast SEO plugin. -->","yoast_head_json":{"title":"Schwebendes Holzregal mit Lederriemen","description":"Schwebendes Holzregal mit Lederriemen aus massivem Kiefernholz. Stilvolles Wandregal f\u00fcr B\u00fccher, Pflanzen und Dekoration in jedem Raum.","robots":{"index":"index","follow":"follow","max-snippet":"max-snippet:-1","max-image-preview":"max-image-preview:large","max-video-preview":"max-video-preview:-1"},"canonical":"https:\/\/legandgo.com\/de\/shop\/kindermoebel\/schweberegal\/","og_locale":"de_DE","og_type":"article","og_title":"Schwebendes Holzregal mit Lederriemen","og_description":"Schwebendes Holzregal mit Lederriemen aus massivem Kiefernholz. Stilvolles Wandregal f\u00fcr B\u00fccher, Pflanzen und Dekoration in jedem Raum.","og_url":"https:\/\/legandgo.com\/de\/shop\/kindermoebel\/schweberegal\/","og_site_name":"leg&amp;go","article_publisher":"https:\/\/www.facebook.com\/legandgo","article_modified_time":"2026-03-22T15:35:27+00:00","og_image":[{"width":600,"height":600,"url":"https:\/\/legandgo.com\/wp-content\/uploads\/2024\/05\/shelf.jpg","type":"image\/jpeg"}],"twitter_card":"summary_large_image","schema":{"@context":"https:\/\/schema.org","@graph":[{"@type":"WebPage","@id":"https:\/\/legandgo.com\/de\/shop\/kindermoebel\/schweberegal\/","url":"https:\/\/legandgo.com\/de\/shop\/kindermoebel\/schweberegal\/","name":"Schwebendes Holzregal mit Lederriemen","isPartOf":{"@id":"https:\/\/legandgo.com\/de\/#website"},"primaryImageOfPage":{"@id":"https:\/\/legandgo.com\/de\/shop\/kindermoebel\/schweberegal\/#primaryimage"},"image":{"@id":"https:\/\/legandgo.com\/de\/shop\/kindermoebel\/schweberegal\/#primaryimage"},"thumbnailUrl":"https:\/\/legandgo.com\/wp-content\/uploads\/2024\/05\/shelf.jpg","datePublished":"2024-05-27T14:14:02+00:00","dateModified":"2026-03-22T15:35:27+00:00","description":"Schwebendes Holzregal mit Lederriemen aus massivem Kiefernholz. Stilvolles Wandregal f\u00fcr B\u00fccher, Pflanzen und Dekoration in jedem Raum.","breadcrumb":{"@id":"https:\/\/legandgo.com\/de\/shop\/kindermoebel\/schweberegal\/#breadcrumb"},"inLanguage":"de-DE","potentialAction":[{"@type":"ReadAction","target":["https:\/\/legandgo.com\/de\/shop\/kindermoebel\/schweberegal\/"]}]},{"@type":"ImageObject","inLanguage":"de-DE","@id":"https:\/\/legandgo.com\/de\/shop\/kindermoebel\/schweberegal\/#primaryimage","url":"https:\/\/legandgo.com\/wp-content\/uploads\/2024\/05\/shelf.jpg","contentUrl":"https:\/\/legandgo.com\/wp-content\/uploads\/2024\/05\/shelf.jpg","width":600,"height":600},{"@type":"BreadcrumbList","@id":"https:\/\/legandgo.com\/de\/shop\/kindermoebel\/schweberegal\/#breadcrumb","itemListElement":[{"@type":"ListItem","position":1,"name":"Home","item":"https:\/\/legandgo.com\/de\/"},{"@type":"ListItem","position":2,"name":"Shop","item":"https:\/\/legandgo.com\/de\/shop\/"},{"@type":"ListItem","position":3,"name":"Schwebendes Holzregal mit Lederriemen"}]},{"@type":"WebSite","@id":"https:\/\/legandgo.com\/de\/#website","url":"https:\/\/legandgo.com\/de\/","name":"leg&amp;go","description":"","publisher":{"@id":"https:\/\/legandgo.com\/de\/#organization"},"potentialAction":[{"@type":"SearchAction","target":{"@type":"EntryPoint","urlTemplate":"https:\/\/legandgo.com\/de\/?s={search_term_string}"},"query-input":{"@type":"PropertyValueSpecification","valueRequired":true,"valueName":"search_term_string"}}],"inLanguage":"de-DE"},{"@type":"Organization","@id":"https:\/\/legandgo.com\/de\/#organization","name":"leg&go bike","url":"https:\/\/legandgo.com\/de\/","logo":{"@type":"ImageObject","inLanguage":"de-DE","@id":"https:\/\/legandgo.com\/de\/#\/schema\/logo\/image\/","url":"https:\/\/legandgo.com\/wp-content\/uploads\/2021\/03\/logorf.png","contentUrl":"https:\/\/legandgo.com\/wp-content\/uploads\/2021\/03\/logorf.png","width":675,"height":216,"caption":"leg&go bike"},"image":{"@id":"https:\/\/legandgo.com\/de\/#\/schema\/logo\/image\/"},"sameAs":["https:\/\/www.facebook.com\/legandgo","https:\/\/www.instagram.com\/legandgo\/","https:\/\/www.linkedin.com\/company\/legandgo\/","https:\/\/www.pinterest.com\/legandgo\/","https:\/\/www.youtube.com\/channel\/UC_FBzWPmKWE0g7fcR4Xdfuw\/"]}]}},"_links":{"self":[{"href":"https:\/\/legandgo.com\/de\/wp-json\/wp\/v2\/product\/24258","targetHints":{"allow":["GET"]}}],"collection":[{"href":"https:\/\/legandgo.com\/de\/wp-json\/wp\/v2\/product"}],"about":[{"href":"https:\/\/legandgo.com\/de\/wp-json\/wp\/v2\/types\/product"}],"replies":[{"embeddable":true,"href":"https:\/\/legandgo.com\/de\/wp-json\/wp\/v2\/comments?post=24258"}],"version-history":[{"count":21,"href":"https:\/\/legandgo.com\/de\/wp-json\/wp\/v2\/product\/24258\/revisions"}],"predecessor-version":[{"id":51031,"href":"https:\/\/legandgo.com\/de\/wp-json\/wp\/v2\/product\/24258\/revisions\/51031"}],"wp:featuredmedia":[{"embeddable":true,"href":"https:\/\/legandgo.com\/de\/wp-json\/wp\/v2\/media\/24405"}],"wp:attachment":[{"href":"https:\/\/legandgo.com\/de\/wp-json\/wp\/v2\/media?parent=24258"}],"wp:term":[{"taxonomy":"product_brand","embeddable":true,"href":"https:\/\/legandgo.com\/de\/wp-json\/wp\/v2\/product_brand?post=24258"},{"taxonomy":"product_cat","embeddable":true,"href":"https:\/\/legandgo.com\/de\/wp-json\/wp\/v2\/product_cat?post=24258"},{"taxonomy":"product_tag","embeddable":true,"href":"https:\/\/legandgo.com\/de\/wp-json\/wp\/v2\/product_tag?post=24258"}],"curies":[{"name":"wp","href":"https:\/\/api.w.org\/{rel}","templated":true}]}}