{"id":24982,"date":"2024-06-14T15:39:46","date_gmt":"2024-06-14T13:39:46","guid":{"rendered":"https:\/\/legandgo.com\/?post_type=product&#038;p=24982"},"modified":"2026-02-24T13:36:25","modified_gmt":"2026-02-24T11:36:25","slug":"extraschmaler-lernturm","status":"publish","type":"product","link":"https:\/\/legandgo.com\/de\/shop\/faltbarer-lernturm\/extraschmaler-lernturm\/","title":{"rendered":"Extraschmaler Lernturm"},"content":{"rendered":"<p>Entdecken Sie den unglaublichen Komfort unseres faltbaren Lernturms. Er wurde entwickelt, um Kinder zu unterst\u00fctzen und Ihren Alltag zu vereinfachen.<\/p>\n<p>Verabschieden Sie sich von Schwierigkeiten und machen Sie Platz f\u00fcr Selbstst\u00e4ndigkeit! Unser faltbarer Lernturm hilft Kindern, Arbeitsplatten, Waschbecken und vieles mehr leichter zu erreichen, damit sie sich in t\u00e4gliche Aktivit\u00e4ten einbezogen f\u00fchlen. Und das Beste daran? Dank extraschlankem Design l\u00e4sst sich der Turm kompakt zusammenklappen und einfach platzsparend verstauen.   <\/p>\n","protected":false},"excerpt":{"rendered":"<p>Entdecken Sie den unglaublichen Komfort unseres faltbaren Lernturms. Er wurde entwickelt, um Kinder zu unterst\u00fctzen und Ihren Alltag zu vereinfachen. Verabschieden Sie sich von Schwierigkeiten und machen Sie Platz f\u00fcr Selbstst\u00e4ndigkeit! Unser faltbarer Lernturm hilft Kindern, Arbeitsplatten, Waschbecken und vieles mehr leichter zu erreichen, damit sie sich in t\u00e4gliche Aktivit\u00e4ten einbezogen f\u00fchlen. Und das Beste<a class=\"excerpt-read-more\" href=\"https:\/\/legandgo.com\/de\/shop\/faltbarer-lernturm\/extraschmaler-lernturm\/\" title=\"ReadExtraschmaler Lernturm\">&#8230; Read more &raquo;<\/a><\/p>\n","protected":false},"featured_media":41714,"comment_status":"closed","ping_status":"closed","template":"","meta":{"_acf_changed":false,"inline_featured_image":false,"footnotes":""},"product_brand":[],"product_cat":[1315,246],"product_tag":[],"class_list":{"0":"post-24982","1":"product","2":"type-product","3":"status-publish","4":"has-post-thumbnail","6":"product_cat-mobel","7":"product_cat-faltbarer-lernturm","8":"product_shipping_class-learning-tower-shipping-de","9":"pa_color-naturholz","10":"pa_color-schwarz","12":"first","13":"outofstock","14":"purchasable","15":"product-type-variable","16":"has-default-attributes"},"bundled_by":[],"bundle_stock_status":"outofstock","bundle_stock_quantity":null,"bundle_virtual":false,"bundle_layout":"","bundle_add_to_cart_form_location":"","bundle_editable_in_cart":false,"bundle_sold_individually_context":"","bundle_item_grouping":"","bundle_min_size":"","bundle_max_size":"","bundle_price":[],"bundled_items":[],"bundle_sell_ids":[],"acf":[],"yoast_head":"<!-- This site is optimized with the Yoast SEO plugin v25.9 - https:\/\/yoast.com\/wordpress\/plugins\/seo\/ -->\n<title>Extraschmaler Klappbarer Lernturm f\u00fcr Kinder<\/title>\n<meta name=\"description\" content=\"Klappbarer Lernturm f\u00fcr Kinder, der hilft, Arbeitsfl\u00e4chen sicher zu erreichen. Extraschmaler Design, flach zusammenklappbar f\u00fcr einfache Aufbewahrung, vollst\u00e4ndig montiert geliefert.\" \/>\n<meta name=\"robots\" content=\"index, follow, max-snippet:-1, max-image-preview:large, max-video-preview:-1\" \/>\n<link rel=\"canonical\" href=\"https:\/\/legandgo.com\/de\/shop\/faltbarer-lernturm\/extraschmaler-lernturm\/\" \/>\n<meta property=\"og:locale\" content=\"de_DE\" \/>\n<meta property=\"og:type\" content=\"article\" \/>\n<meta property=\"og:title\" content=\"Extraschmaler Klappbarer Lernturm f\u00fcr Kinder\" \/>\n<meta property=\"og:description\" content=\"Klappbarer Lernturm f\u00fcr Kinder, der hilft, Arbeitsfl\u00e4chen sicher zu erreichen. Extraschmaler Design, flach zusammenklappbar f\u00fcr einfache Aufbewahrung, vollst\u00e4ndig montiert geliefert.\" \/>\n<meta property=\"og:url\" content=\"https:\/\/legandgo.com\/de\/shop\/faltbarer-lernturm\/extraschmaler-lernturm\/\" \/>\n<meta property=\"og:site_name\" content=\"leg&amp;go\" \/>\n<meta property=\"article:publisher\" content=\"https:\/\/www.facebook.com\/legandgo\" \/>\n<meta property=\"article:modified_time\" content=\"2026-02-24T11:36:25+00:00\" \/>\n<meta property=\"og:image\" content=\"https:\/\/legandgo.com\/wp-content\/uploads\/2024\/06\/helper-tower-black.jpg\" \/>\n\t<meta property=\"og:image:width\" content=\"1434\" \/>\n\t<meta property=\"og:image:height\" content=\"1434\" \/>\n\t<meta property=\"og:image:type\" content=\"image\/jpeg\" \/>\n<meta name=\"twitter:card\" content=\"summary_large_image\" \/>\n<script type=\"application\/ld+json\" class=\"yoast-schema-graph\">{\"@context\":\"https:\/\/schema.org\",\"@graph\":[{\"@type\":\"WebPage\",\"@id\":\"https:\/\/legandgo.com\/de\/shop\/faltbarer-lernturm\/extraschmaler-lernturm\/\",\"url\":\"https:\/\/legandgo.com\/de\/shop\/faltbarer-lernturm\/extraschmaler-lernturm\/\",\"name\":\"Extraschmaler Klappbarer Lernturm f\u00fcr Kinder\",\"isPartOf\":{\"@id\":\"https:\/\/legandgo.com\/de\/#website\"},\"primaryImageOfPage\":{\"@id\":\"https:\/\/legandgo.com\/de\/shop\/faltbarer-lernturm\/extraschmaler-lernturm\/#primaryimage\"},\"image\":{\"@id\":\"https:\/\/legandgo.com\/de\/shop\/faltbarer-lernturm\/extraschmaler-lernturm\/#primaryimage\"},\"thumbnailUrl\":\"https:\/\/legandgo.com\/wp-content\/uploads\/2024\/06\/helper-tower-black.jpg\",\"datePublished\":\"2024-06-14T13:39:46+00:00\",\"dateModified\":\"2026-02-24T11:36:25+00:00\",\"description\":\"Klappbarer Lernturm f\u00fcr Kinder, der hilft, Arbeitsfl\u00e4chen sicher zu erreichen. Extraschmaler Design, flach zusammenklappbar f\u00fcr einfache Aufbewahrung, vollst\u00e4ndig montiert geliefert.\",\"breadcrumb\":{\"@id\":\"https:\/\/legandgo.com\/de\/shop\/faltbarer-lernturm\/extraschmaler-lernturm\/#breadcrumb\"},\"inLanguage\":\"de-DE\",\"potentialAction\":[{\"@type\":\"ReadAction\",\"target\":[\"https:\/\/legandgo.com\/de\/shop\/faltbarer-lernturm\/extraschmaler-lernturm\/\"]}]},{\"@type\":\"ImageObject\",\"inLanguage\":\"de-DE\",\"@id\":\"https:\/\/legandgo.com\/de\/shop\/faltbarer-lernturm\/extraschmaler-lernturm\/#primaryimage\",\"url\":\"https:\/\/legandgo.com\/wp-content\/uploads\/2024\/06\/helper-tower-black.jpg\",\"contentUrl\":\"https:\/\/legandgo.com\/wp-content\/uploads\/2024\/06\/helper-tower-black.jpg\",\"width\":1434,\"height\":1434},{\"@type\":\"BreadcrumbList\",\"@id\":\"https:\/\/legandgo.com\/de\/shop\/faltbarer-lernturm\/extraschmaler-lernturm\/#breadcrumb\",\"itemListElement\":[{\"@type\":\"ListItem\",\"position\":1,\"name\":\"Home\",\"item\":\"https:\/\/legandgo.com\/de\/\"},{\"@type\":\"ListItem\",\"position\":2,\"name\":\"Shop\",\"item\":\"https:\/\/legandgo.com\/de\/shop\/\"},{\"@type\":\"ListItem\",\"position\":3,\"name\":\"Extraschmaler Lernturm\"}]},{\"@type\":\"WebSite\",\"@id\":\"https:\/\/legandgo.com\/de\/#website\",\"url\":\"https:\/\/legandgo.com\/de\/\",\"name\":\"leg&amp;go\",\"description\":\"\",\"publisher\":{\"@id\":\"https:\/\/legandgo.com\/de\/#organization\"},\"potentialAction\":[{\"@type\":\"SearchAction\",\"target\":{\"@type\":\"EntryPoint\",\"urlTemplate\":\"https:\/\/legandgo.com\/de\/?s={search_term_string}\"},\"query-input\":{\"@type\":\"PropertyValueSpecification\",\"valueRequired\":true,\"valueName\":\"search_term_string\"}}],\"inLanguage\":\"de-DE\"},{\"@type\":\"Organization\",\"@id\":\"https:\/\/legandgo.com\/de\/#organization\",\"name\":\"leg&go bike\",\"url\":\"https:\/\/legandgo.com\/de\/\",\"logo\":{\"@type\":\"ImageObject\",\"inLanguage\":\"de-DE\",\"@id\":\"https:\/\/legandgo.com\/de\/#\/schema\/logo\/image\/\",\"url\":\"https:\/\/legandgo.com\/wp-content\/uploads\/2021\/03\/logorf.png\",\"contentUrl\":\"https:\/\/legandgo.com\/wp-content\/uploads\/2021\/03\/logorf.png\",\"width\":675,\"height\":216,\"caption\":\"leg&go bike\"},\"image\":{\"@id\":\"https:\/\/legandgo.com\/de\/#\/schema\/logo\/image\/\"},\"sameAs\":[\"https:\/\/www.facebook.com\/legandgo\",\"https:\/\/www.instagram.com\/legandgo\/\",\"https:\/\/www.linkedin.com\/company\/legandgo\/\",\"https:\/\/www.pinterest.com\/legandgo\/\",\"https:\/\/www.youtube.com\/channel\/UC_FBzWPmKWE0g7fcR4Xdfuw\/\"]}]}<\/script>\n<!-- \/ Yoast SEO plugin. -->","yoast_head_json":{"title":"Extraschmaler Klappbarer Lernturm f\u00fcr Kinder","description":"Klappbarer Lernturm f\u00fcr Kinder, der hilft, Arbeitsfl\u00e4chen sicher zu erreichen. Extraschmaler Design, flach zusammenklappbar f\u00fcr einfache Aufbewahrung, vollst\u00e4ndig montiert geliefert.","robots":{"index":"index","follow":"follow","max-snippet":"max-snippet:-1","max-image-preview":"max-image-preview:large","max-video-preview":"max-video-preview:-1"},"canonical":"https:\/\/legandgo.com\/de\/shop\/faltbarer-lernturm\/extraschmaler-lernturm\/","og_locale":"de_DE","og_type":"article","og_title":"Extraschmaler Klappbarer Lernturm f\u00fcr Kinder","og_description":"Klappbarer Lernturm f\u00fcr Kinder, der hilft, Arbeitsfl\u00e4chen sicher zu erreichen. Extraschmaler Design, flach zusammenklappbar f\u00fcr einfache Aufbewahrung, vollst\u00e4ndig montiert geliefert.","og_url":"https:\/\/legandgo.com\/de\/shop\/faltbarer-lernturm\/extraschmaler-lernturm\/","og_site_name":"leg&amp;go","article_publisher":"https:\/\/www.facebook.com\/legandgo","article_modified_time":"2026-02-24T11:36:25+00:00","og_image":[{"width":1434,"height":1434,"url":"https:\/\/legandgo.com\/wp-content\/uploads\/2024\/06\/helper-tower-black.jpg","type":"image\/jpeg"}],"twitter_card":"summary_large_image","schema":{"@context":"https:\/\/schema.org","@graph":[{"@type":"WebPage","@id":"https:\/\/legandgo.com\/de\/shop\/faltbarer-lernturm\/extraschmaler-lernturm\/","url":"https:\/\/legandgo.com\/de\/shop\/faltbarer-lernturm\/extraschmaler-lernturm\/","name":"Extraschmaler Klappbarer Lernturm f\u00fcr Kinder","isPartOf":{"@id":"https:\/\/legandgo.com\/de\/#website"},"primaryImageOfPage":{"@id":"https:\/\/legandgo.com\/de\/shop\/faltbarer-lernturm\/extraschmaler-lernturm\/#primaryimage"},"image":{"@id":"https:\/\/legandgo.com\/de\/shop\/faltbarer-lernturm\/extraschmaler-lernturm\/#primaryimage"},"thumbnailUrl":"https:\/\/legandgo.com\/wp-content\/uploads\/2024\/06\/helper-tower-black.jpg","datePublished":"2024-06-14T13:39:46+00:00","dateModified":"2026-02-24T11:36:25+00:00","description":"Klappbarer Lernturm f\u00fcr Kinder, der hilft, Arbeitsfl\u00e4chen sicher zu erreichen. Extraschmaler Design, flach zusammenklappbar f\u00fcr einfache Aufbewahrung, vollst\u00e4ndig montiert geliefert.","breadcrumb":{"@id":"https:\/\/legandgo.com\/de\/shop\/faltbarer-lernturm\/extraschmaler-lernturm\/#breadcrumb"},"inLanguage":"de-DE","potentialAction":[{"@type":"ReadAction","target":["https:\/\/legandgo.com\/de\/shop\/faltbarer-lernturm\/extraschmaler-lernturm\/"]}]},{"@type":"ImageObject","inLanguage":"de-DE","@id":"https:\/\/legandgo.com\/de\/shop\/faltbarer-lernturm\/extraschmaler-lernturm\/#primaryimage","url":"https:\/\/legandgo.com\/wp-content\/uploads\/2024\/06\/helper-tower-black.jpg","contentUrl":"https:\/\/legandgo.com\/wp-content\/uploads\/2024\/06\/helper-tower-black.jpg","width":1434,"height":1434},{"@type":"BreadcrumbList","@id":"https:\/\/legandgo.com\/de\/shop\/faltbarer-lernturm\/extraschmaler-lernturm\/#breadcrumb","itemListElement":[{"@type":"ListItem","position":1,"name":"Home","item":"https:\/\/legandgo.com\/de\/"},{"@type":"ListItem","position":2,"name":"Shop","item":"https:\/\/legandgo.com\/de\/shop\/"},{"@type":"ListItem","position":3,"name":"Extraschmaler Lernturm"}]},{"@type":"WebSite","@id":"https:\/\/legandgo.com\/de\/#website","url":"https:\/\/legandgo.com\/de\/","name":"leg&amp;go","description":"","publisher":{"@id":"https:\/\/legandgo.com\/de\/#organization"},"potentialAction":[{"@type":"SearchAction","target":{"@type":"EntryPoint","urlTemplate":"https:\/\/legandgo.com\/de\/?s={search_term_string}"},"query-input":{"@type":"PropertyValueSpecification","valueRequired":true,"valueName":"search_term_string"}}],"inLanguage":"de-DE"},{"@type":"Organization","@id":"https:\/\/legandgo.com\/de\/#organization","name":"leg&go bike","url":"https:\/\/legandgo.com\/de\/","logo":{"@type":"ImageObject","inLanguage":"de-DE","@id":"https:\/\/legandgo.com\/de\/#\/schema\/logo\/image\/","url":"https:\/\/legandgo.com\/wp-content\/uploads\/2021\/03\/logorf.png","contentUrl":"https:\/\/legandgo.com\/wp-content\/uploads\/2021\/03\/logorf.png","width":675,"height":216,"caption":"leg&go bike"},"image":{"@id":"https:\/\/legandgo.com\/de\/#\/schema\/logo\/image\/"},"sameAs":["https:\/\/www.facebook.com\/legandgo","https:\/\/www.instagram.com\/legandgo\/","https:\/\/www.linkedin.com\/company\/legandgo\/","https:\/\/www.pinterest.com\/legandgo\/","https:\/\/www.youtube.com\/channel\/UC_FBzWPmKWE0g7fcR4Xdfuw\/"]}]}},"_links":{"self":[{"href":"https:\/\/legandgo.com\/de\/wp-json\/wp\/v2\/product\/24982","targetHints":{"allow":["GET"]}}],"collection":[{"href":"https:\/\/legandgo.com\/de\/wp-json\/wp\/v2\/product"}],"about":[{"href":"https:\/\/legandgo.com\/de\/wp-json\/wp\/v2\/types\/product"}],"replies":[{"embeddable":true,"href":"https:\/\/legandgo.com\/de\/wp-json\/wp\/v2\/comments?post=24982"}],"version-history":[{"count":21,"href":"https:\/\/legandgo.com\/de\/wp-json\/wp\/v2\/product\/24982\/revisions"}],"predecessor-version":[{"id":53252,"href":"https:\/\/legandgo.com\/de\/wp-json\/wp\/v2\/product\/24982\/revisions\/53252"}],"wp:featuredmedia":[{"embeddable":true,"href":"https:\/\/legandgo.com\/de\/wp-json\/wp\/v2\/media\/41714"}],"wp:attachment":[{"href":"https:\/\/legandgo.com\/de\/wp-json\/wp\/v2\/media?parent=24982"}],"wp:term":[{"taxonomy":"product_brand","embeddable":true,"href":"https:\/\/legandgo.com\/de\/wp-json\/wp\/v2\/product_brand?post=24982"},{"taxonomy":"product_cat","embeddable":true,"href":"https:\/\/legandgo.com\/de\/wp-json\/wp\/v2\/product_cat?post=24982"},{"taxonomy":"product_tag","embeddable":true,"href":"https:\/\/legandgo.com\/de\/wp-json\/wp\/v2\/product_tag?post=24982"}],"curies":[{"name":"wp","href":"https:\/\/api.w.org\/{rel}","templated":true}]}}