{"id":2537,"date":"2021-05-27T09:43:42","date_gmt":"2021-05-27T07:43:42","guid":{"rendered":"https:\/\/legandgo.com\/?post_type=product&#038;p=2537"},"modified":"2026-04-05T17:35:55","modified_gmt":"2026-04-05T15:35:55","slug":"kletterdreieck-sprossenwand-2in1","status":"publish","type":"product","link":"https:\/\/legandgo.com\/de\/shop\/toys-de\/kletterdreieck-sprossenwand-2in1\/","title":{"rendered":"Kletterdreieck &amp; Sprossenwand 2in1"},"content":{"rendered":"<p style=\"font-weight: 400;\">Ein wundersch\u00f6n gestaltetes Pikler-Dreieck, das sich in eine Sprossenwand verwandelt und einen vielseitigen Indoor-Kletterbereich f\u00fcr Kinder von etwa 6 Monaten bis 7 Jahren schafft.<\/p>\n<p style=\"font-weight: 400;\">Zwei Konfigurationen: Dreiecksmodus und Wandmodus. Wechseln Sie in etwa einer Minute zwischen den Modi, ohne komplizierte Einstellungen. Erh\u00e4ltlich in drei Farben. Maximales Gewicht: 50kg.   <\/p>\n<p style=\"font-weight: 400;\"><strong>Entdecken Sie unten mehr. <br \/> <\/strong><\/p>\n","protected":false},"excerpt":{"rendered":"<p>Ein wundersch\u00f6n gestaltetes Pikler-Dreieck, das sich in eine Sprossenwand verwandelt und einen vielseitigen Indoor-Kletterbereich f\u00fcr Kinder von etwa 6 Monaten bis 7 Jahren schafft. Zwei Konfigurationen: Dreiecksmodus und Wandmodus. Wechseln Sie in etwa einer Minute zwischen den Modi, ohne komplizierte Einstellungen. Erh\u00e4ltlich in drei Farben. Maximales Gewicht: 50kg. Entdecken Sie unten mehr.<\/p>\n","protected":false},"featured_media":11029,"comment_status":"closed","ping_status":"closed","template":"","meta":{"_acf_changed":false,"inline_featured_image":false,"footnotes":""},"product_brand":[],"product_cat":[56],"product_tag":[1732,1727,1719,1723,1715,1711,1733],"class_list":{"0":"post-2537","1":"product","2":"type-product","3":"status-publish","4":"has-post-thumbnail","6":"product_cat-toys-de","7":"product_tag-dreieckspikler","8":"product_tag-leg-go-2","9":"product_tag-leg-and-go","10":"product_tag-leg-go","11":"product_tag-leggo","12":"product_tag-legandgo","13":"product_tag-pikler-dreieck","14":"pa_color-type-colorful-de","15":"pa_color-type-natural-wood-de","16":"pa_color-type-pastel-de","18":"first","19":"outofstock","20":"sale","21":"purchasable","22":"product-type-variable","23":"has-default-attributes"},"bundled_by":["2481"],"bundle_stock_status":"outofstock","bundle_stock_quantity":null,"bundle_virtual":false,"bundle_layout":"","bundle_add_to_cart_form_location":"","bundle_editable_in_cart":false,"bundle_sold_individually_context":"","bundle_item_grouping":"","bundle_min_size":"","bundle_max_size":"","bundle_price":[],"bundled_items":[],"bundle_sell_ids":[],"acf":[],"yoast_head":"<!-- This site is optimized with the Yoast SEO plugin v25.9 - https:\/\/yoast.com\/wordpress\/plugins\/seo\/ -->\n<title>Kletterdreieck &amp; Sprossenwand 2-in-1 f\u00fcr Kinder<\/title>\n<meta name=\"description\" content=\"Wandelbares Kletterdreieck, das sich in eine Sprossenwand verwandeln l\u00e4sst. 2-in-1 Kletterspielzeug f\u00fcr drinnen zur F\u00f6rderung von Bewegung und Motorik.\" \/>\n<meta name=\"robots\" content=\"index, follow, max-snippet:-1, max-image-preview:large, max-video-preview:-1\" \/>\n<link rel=\"canonical\" href=\"https:\/\/legandgo.com\/de\/shop\/toys-de\/kletterdreieck-sprossenwand-2in1\/\" \/>\n<meta property=\"og:locale\" content=\"de_DE\" \/>\n<meta property=\"og:type\" content=\"article\" \/>\n<meta property=\"og:title\" content=\"Kletterdreieck &amp; Sprossenwand 2-in-1 f\u00fcr Kinder\" \/>\n<meta property=\"og:description\" content=\"Wandelbares Kletterdreieck, das sich in eine Sprossenwand verwandeln l\u00e4sst. 2-in-1 Kletterspielzeug f\u00fcr drinnen zur F\u00f6rderung von Bewegung und Motorik.\" \/>\n<meta property=\"og:url\" content=\"https:\/\/legandgo.com\/de\/shop\/toys-de\/kletterdreieck-sprossenwand-2in1\/\" \/>\n<meta property=\"og:site_name\" content=\"leg&amp;go\" \/>\n<meta property=\"article:publisher\" content=\"https:\/\/www.facebook.com\/legandgo\" \/>\n<meta property=\"article:modified_time\" content=\"2026-04-05T15:35:55+00:00\" \/>\n<meta property=\"og:image\" content=\"https:\/\/legandgo.com\/wp-content\/uploads\/2021\/05\/leggo-legandgo-pikler-triangle-set-swedish-wall.jpg\" \/>\n\t<meta property=\"og:image:width\" content=\"800\" \/>\n\t<meta property=\"og:image:height\" content=\"800\" \/>\n\t<meta property=\"og:image:type\" content=\"image\/jpeg\" \/>\n<meta name=\"twitter:card\" content=\"summary_large_image\" \/>\n<script type=\"application\/ld+json\" class=\"yoast-schema-graph\">{\"@context\":\"https:\/\/schema.org\",\"@graph\":[{\"@type\":\"WebPage\",\"@id\":\"https:\/\/legandgo.com\/de\/shop\/toys-de\/kletterdreieck-sprossenwand-2in1\/\",\"url\":\"https:\/\/legandgo.com\/de\/shop\/toys-de\/kletterdreieck-sprossenwand-2in1\/\",\"name\":\"Kletterdreieck & Sprossenwand 2-in-1 f\u00fcr Kinder\",\"isPartOf\":{\"@id\":\"https:\/\/legandgo.com\/de\/#website\"},\"primaryImageOfPage\":{\"@id\":\"https:\/\/legandgo.com\/de\/shop\/toys-de\/kletterdreieck-sprossenwand-2in1\/#primaryimage\"},\"image\":{\"@id\":\"https:\/\/legandgo.com\/de\/shop\/toys-de\/kletterdreieck-sprossenwand-2in1\/#primaryimage\"},\"thumbnailUrl\":\"https:\/\/legandgo.com\/wp-content\/uploads\/2021\/05\/leggo-legandgo-pikler-triangle-set-swedish-wall.jpg\",\"datePublished\":\"2021-05-27T07:43:42+00:00\",\"dateModified\":\"2026-04-05T15:35:55+00:00\",\"description\":\"Wandelbares Kletterdreieck, das sich in eine Sprossenwand verwandeln l\u00e4sst. 2-in-1 Kletterspielzeug f\u00fcr drinnen zur F\u00f6rderung von Bewegung und Motorik.\",\"breadcrumb\":{\"@id\":\"https:\/\/legandgo.com\/de\/shop\/toys-de\/kletterdreieck-sprossenwand-2in1\/#breadcrumb\"},\"inLanguage\":\"de-DE\",\"potentialAction\":[{\"@type\":\"ReadAction\",\"target\":[\"https:\/\/legandgo.com\/de\/shop\/toys-de\/kletterdreieck-sprossenwand-2in1\/\"]}]},{\"@type\":\"ImageObject\",\"inLanguage\":\"de-DE\",\"@id\":\"https:\/\/legandgo.com\/de\/shop\/toys-de\/kletterdreieck-sprossenwand-2in1\/#primaryimage\",\"url\":\"https:\/\/legandgo.com\/wp-content\/uploads\/2021\/05\/leggo-legandgo-pikler-triangle-set-swedish-wall.jpg\",\"contentUrl\":\"https:\/\/legandgo.com\/wp-content\/uploads\/2021\/05\/leggo-legandgo-pikler-triangle-set-swedish-wall.jpg\",\"width\":800,\"height\":800},{\"@type\":\"BreadcrumbList\",\"@id\":\"https:\/\/legandgo.com\/de\/shop\/toys-de\/kletterdreieck-sprossenwand-2in1\/#breadcrumb\",\"itemListElement\":[{\"@type\":\"ListItem\",\"position\":1,\"name\":\"Home\",\"item\":\"https:\/\/legandgo.com\/de\/\"},{\"@type\":\"ListItem\",\"position\":2,\"name\":\"Shop\",\"item\":\"https:\/\/legandgo.com\/de\/shop\/\"},{\"@type\":\"ListItem\",\"position\":3,\"name\":\"Kletterdreieck &amp; Sprossenwand 2in1\"}]},{\"@type\":\"WebSite\",\"@id\":\"https:\/\/legandgo.com\/de\/#website\",\"url\":\"https:\/\/legandgo.com\/de\/\",\"name\":\"leg&amp;go\",\"description\":\"\",\"publisher\":{\"@id\":\"https:\/\/legandgo.com\/de\/#organization\"},\"potentialAction\":[{\"@type\":\"SearchAction\",\"target\":{\"@type\":\"EntryPoint\",\"urlTemplate\":\"https:\/\/legandgo.com\/de\/?s={search_term_string}\"},\"query-input\":{\"@type\":\"PropertyValueSpecification\",\"valueRequired\":true,\"valueName\":\"search_term_string\"}}],\"inLanguage\":\"de-DE\"},{\"@type\":\"Organization\",\"@id\":\"https:\/\/legandgo.com\/de\/#organization\",\"name\":\"leg&go bike\",\"url\":\"https:\/\/legandgo.com\/de\/\",\"logo\":{\"@type\":\"ImageObject\",\"inLanguage\":\"de-DE\",\"@id\":\"https:\/\/legandgo.com\/de\/#\/schema\/logo\/image\/\",\"url\":\"https:\/\/legandgo.com\/wp-content\/uploads\/2021\/03\/logorf.png\",\"contentUrl\":\"https:\/\/legandgo.com\/wp-content\/uploads\/2021\/03\/logorf.png\",\"width\":675,\"height\":216,\"caption\":\"leg&go bike\"},\"image\":{\"@id\":\"https:\/\/legandgo.com\/de\/#\/schema\/logo\/image\/\"},\"sameAs\":[\"https:\/\/www.facebook.com\/legandgo\",\"https:\/\/www.instagram.com\/legandgo\/\",\"https:\/\/www.linkedin.com\/company\/legandgo\/\",\"https:\/\/www.pinterest.com\/legandgo\/\",\"https:\/\/www.youtube.com\/channel\/UC_FBzWPmKWE0g7fcR4Xdfuw\/\"]}]}<\/script>\n<!-- \/ Yoast SEO plugin. -->","yoast_head_json":{"title":"Kletterdreieck & Sprossenwand 2-in-1 f\u00fcr Kinder","description":"Wandelbares Kletterdreieck, das sich in eine Sprossenwand verwandeln l\u00e4sst. 2-in-1 Kletterspielzeug f\u00fcr drinnen zur F\u00f6rderung von Bewegung und Motorik.","robots":{"index":"index","follow":"follow","max-snippet":"max-snippet:-1","max-image-preview":"max-image-preview:large","max-video-preview":"max-video-preview:-1"},"canonical":"https:\/\/legandgo.com\/de\/shop\/toys-de\/kletterdreieck-sprossenwand-2in1\/","og_locale":"de_DE","og_type":"article","og_title":"Kletterdreieck & Sprossenwand 2-in-1 f\u00fcr Kinder","og_description":"Wandelbares Kletterdreieck, das sich in eine Sprossenwand verwandeln l\u00e4sst. 2-in-1 Kletterspielzeug f\u00fcr drinnen zur F\u00f6rderung von Bewegung und Motorik.","og_url":"https:\/\/legandgo.com\/de\/shop\/toys-de\/kletterdreieck-sprossenwand-2in1\/","og_site_name":"leg&amp;go","article_publisher":"https:\/\/www.facebook.com\/legandgo","article_modified_time":"2026-04-05T15:35:55+00:00","og_image":[{"width":800,"height":800,"url":"https:\/\/legandgo.com\/wp-content\/uploads\/2021\/05\/leggo-legandgo-pikler-triangle-set-swedish-wall.jpg","type":"image\/jpeg"}],"twitter_card":"summary_large_image","schema":{"@context":"https:\/\/schema.org","@graph":[{"@type":"WebPage","@id":"https:\/\/legandgo.com\/de\/shop\/toys-de\/kletterdreieck-sprossenwand-2in1\/","url":"https:\/\/legandgo.com\/de\/shop\/toys-de\/kletterdreieck-sprossenwand-2in1\/","name":"Kletterdreieck & Sprossenwand 2-in-1 f\u00fcr Kinder","isPartOf":{"@id":"https:\/\/legandgo.com\/de\/#website"},"primaryImageOfPage":{"@id":"https:\/\/legandgo.com\/de\/shop\/toys-de\/kletterdreieck-sprossenwand-2in1\/#primaryimage"},"image":{"@id":"https:\/\/legandgo.com\/de\/shop\/toys-de\/kletterdreieck-sprossenwand-2in1\/#primaryimage"},"thumbnailUrl":"https:\/\/legandgo.com\/wp-content\/uploads\/2021\/05\/leggo-legandgo-pikler-triangle-set-swedish-wall.jpg","datePublished":"2021-05-27T07:43:42+00:00","dateModified":"2026-04-05T15:35:55+00:00","description":"Wandelbares Kletterdreieck, das sich in eine Sprossenwand verwandeln l\u00e4sst. 2-in-1 Kletterspielzeug f\u00fcr drinnen zur F\u00f6rderung von Bewegung und Motorik.","breadcrumb":{"@id":"https:\/\/legandgo.com\/de\/shop\/toys-de\/kletterdreieck-sprossenwand-2in1\/#breadcrumb"},"inLanguage":"de-DE","potentialAction":[{"@type":"ReadAction","target":["https:\/\/legandgo.com\/de\/shop\/toys-de\/kletterdreieck-sprossenwand-2in1\/"]}]},{"@type":"ImageObject","inLanguage":"de-DE","@id":"https:\/\/legandgo.com\/de\/shop\/toys-de\/kletterdreieck-sprossenwand-2in1\/#primaryimage","url":"https:\/\/legandgo.com\/wp-content\/uploads\/2021\/05\/leggo-legandgo-pikler-triangle-set-swedish-wall.jpg","contentUrl":"https:\/\/legandgo.com\/wp-content\/uploads\/2021\/05\/leggo-legandgo-pikler-triangle-set-swedish-wall.jpg","width":800,"height":800},{"@type":"BreadcrumbList","@id":"https:\/\/legandgo.com\/de\/shop\/toys-de\/kletterdreieck-sprossenwand-2in1\/#breadcrumb","itemListElement":[{"@type":"ListItem","position":1,"name":"Home","item":"https:\/\/legandgo.com\/de\/"},{"@type":"ListItem","position":2,"name":"Shop","item":"https:\/\/legandgo.com\/de\/shop\/"},{"@type":"ListItem","position":3,"name":"Kletterdreieck &amp; Sprossenwand 2in1"}]},{"@type":"WebSite","@id":"https:\/\/legandgo.com\/de\/#website","url":"https:\/\/legandgo.com\/de\/","name":"leg&amp;go","description":"","publisher":{"@id":"https:\/\/legandgo.com\/de\/#organization"},"potentialAction":[{"@type":"SearchAction","target":{"@type":"EntryPoint","urlTemplate":"https:\/\/legandgo.com\/de\/?s={search_term_string}"},"query-input":{"@type":"PropertyValueSpecification","valueRequired":true,"valueName":"search_term_string"}}],"inLanguage":"de-DE"},{"@type":"Organization","@id":"https:\/\/legandgo.com\/de\/#organization","name":"leg&go bike","url":"https:\/\/legandgo.com\/de\/","logo":{"@type":"ImageObject","inLanguage":"de-DE","@id":"https:\/\/legandgo.com\/de\/#\/schema\/logo\/image\/","url":"https:\/\/legandgo.com\/wp-content\/uploads\/2021\/03\/logorf.png","contentUrl":"https:\/\/legandgo.com\/wp-content\/uploads\/2021\/03\/logorf.png","width":675,"height":216,"caption":"leg&go bike"},"image":{"@id":"https:\/\/legandgo.com\/de\/#\/schema\/logo\/image\/"},"sameAs":["https:\/\/www.facebook.com\/legandgo","https:\/\/www.instagram.com\/legandgo\/","https:\/\/www.linkedin.com\/company\/legandgo\/","https:\/\/www.pinterest.com\/legandgo\/","https:\/\/www.youtube.com\/channel\/UC_FBzWPmKWE0g7fcR4Xdfuw\/"]}]}},"_links":{"self":[{"href":"https:\/\/legandgo.com\/de\/wp-json\/wp\/v2\/product\/2537","targetHints":{"allow":["GET"]}}],"collection":[{"href":"https:\/\/legandgo.com\/de\/wp-json\/wp\/v2\/product"}],"about":[{"href":"https:\/\/legandgo.com\/de\/wp-json\/wp\/v2\/types\/product"}],"replies":[{"embeddable":true,"href":"https:\/\/legandgo.com\/de\/wp-json\/wp\/v2\/comments?post=2537"}],"version-history":[{"count":10,"href":"https:\/\/legandgo.com\/de\/wp-json\/wp\/v2\/product\/2537\/revisions"}],"predecessor-version":[{"id":54357,"href":"https:\/\/legandgo.com\/de\/wp-json\/wp\/v2\/product\/2537\/revisions\/54357"}],"wp:featuredmedia":[{"embeddable":true,"href":"https:\/\/legandgo.com\/de\/wp-json\/wp\/v2\/media\/11029"}],"wp:attachment":[{"href":"https:\/\/legandgo.com\/de\/wp-json\/wp\/v2\/media?parent=2537"}],"wp:term":[{"taxonomy":"product_brand","embeddable":true,"href":"https:\/\/legandgo.com\/de\/wp-json\/wp\/v2\/product_brand?post=2537"},{"taxonomy":"product_cat","embeddable":true,"href":"https:\/\/legandgo.com\/de\/wp-json\/wp\/v2\/product_cat?post=2537"},{"taxonomy":"product_tag","embeddable":true,"href":"https:\/\/legandgo.com\/de\/wp-json\/wp\/v2\/product_tag?post=2537"}],"curies":[{"name":"wp","href":"https:\/\/api.w.org\/{rel}","templated":true}]}}