{"id":28294,"date":"2024-09-25T14:04:52","date_gmt":"2024-09-25T12:04:52","guid":{"rendered":"https:\/\/legandgo.com\/?post_type=product&#038;p=28294"},"modified":"2026-03-09T11:23:23","modified_gmt":"2026-03-09T09:23:23","slug":"exercise-balance-board","status":"publish","type":"product","link":"https:\/\/legandgo.com\/de\/shop\/toys-de\/exercise-balance-board\/","title":{"rendered":"Exercise Board Set"},"content":{"rendered":"<p style=\"font-weight: 400;\">Zwei Boards. Ein vollst\u00e4ndiges Bewegungserlebnis.<\/p>\n<p style=\"font-weight: 400;\">Entwickelt zur Unterst\u00fctzung von Kraft, Stabilit\u00e4t und dynamischem Training laden unsere Exercise Balance Boards dazu ein, Bewegung in den Alltag zu integrieren.<\/p>\n<p style=\"font-weight: 400;\">Ob Sie Selbstvertrauen aufbauen oder fortgeschrittenere Balance\u00fcbungen erkunden m\u00f6chten \u2014 jedes Board bietet ein eigenes Bewegungserlebnis und teilt gleichzeitig denselben Anspruch an durchdachtes Design und langlebige Qualit\u00e4t.<\/p>\n<p style=\"font-weight: 400;\">Kombinieren Sie beide f\u00fcr eine vielseitigere Trainingsumgebung zu Hause.<\/p>\n<p style=\"font-weight: 400;\"><strong>Entdecken Sie unten mehr.<\/strong><\/p>\n","protected":false},"excerpt":{"rendered":"<p>Zwei Boards. Ein vollst\u00e4ndiges Bewegungserlebnis. Entwickelt zur Unterst\u00fctzung von Kraft, Stabilit\u00e4t und dynamischem Training laden unsere Exercise Balance Boards dazu ein, Bewegung in den Alltag zu integrieren. Ob Sie Selbstvertrauen aufbauen oder fortgeschrittenere Balance\u00fcbungen erkunden m\u00f6chten \u2014 jedes Board bietet ein eigenes Bewegungserlebnis und teilt gleichzeitig denselben Anspruch an durchdachtes Design und langlebige Qualit\u00e4t. Kombinieren<a class=\"excerpt-read-more\" href=\"https:\/\/legandgo.com\/de\/shop\/toys-de\/exercise-balance-board\/\" title=\"ReadExercise Board Set\">&#8230; Read more &raquo;<\/a><\/p>\n","protected":false},"featured_media":52087,"comment_status":"closed","ping_status":"closed","template":"","meta":{"_acf_changed":false,"inline_featured_image":false,"footnotes":""},"product_brand":[],"product_cat":[56,538],"product_tag":[513,1655,521,1640,1644,1643,1641,1639,518,1642,1383,1384,1390,517,1385,1386,1388,1387,1382,520,515,519,516,1380,1381,1389],"class_list":{"0":"post-28294","1":"product","2":"type-product","3":"status-publish","4":"has-post-thumbnail","6":"product_cat-toys-de","7":"product_cat-balance-board-de","8":"product_tag-balance-board-de","9":"product_tag-balance-board-aus-holz","10":"product_tag-balance-board-aus-holz-mit-rolle","11":"product_tag-balance-board-erwachsene","12":"product_tag-balance-board-erwachsene-holz","13":"product_tag-balance-board-fuer-kinder","14":"product_tag-balance-board-holz","15":"product_tag-balance-board-kinder","16":"product_tag-balance-board-surf","17":"product_tag-balanceboard-fuer-kinder","18":"product_tag-exercise-balance-board","19":"product_tag-exercise-wobble-board","20":"product_tag-fit-board","21":"product_tag-kinder-balance-board","22":"product_tag-roller-board","23":"product_tag-roller-boarding","24":"product_tag-standing-balance-board-for-desk","25":"product_tag-standing-desk-wobble-board","26":"product_tag-surf-balance-board","27":"product_tag-wackelbrett","28":"product_tag-wackelbretter","29":"product_tag-wobbelboard","30":"product_tag-wobbelboards","31":"product_tag-wobble-board","32":"product_tag-wobble-board-balance-board","33":"product_tag-wooden-balance-board","34":"product_shipping_class-balance-board-w-roll_m","36":"first","37":"instock","38":"purchasable","39":"product-type-woosb"},"bundled_by":[],"bundle_stock_status":"instock","bundle_stock_quantity":null,"bundle_virtual":false,"bundle_layout":"","bundle_add_to_cart_form_location":"","bundle_editable_in_cart":false,"bundle_sold_individually_context":"","bundle_item_grouping":"","bundle_min_size":"","bundle_max_size":"","bundle_price":[],"bundled_items":[],"bundle_sell_ids":[],"acf":[],"yoast_head":"<!-- This site is optimized with the Yoast SEO plugin v25.9 - https:\/\/yoast.com\/wordpress\/plugins\/seo\/ -->\n<title>Exercise Board Set &#183; leg&amp;go<\/title>\n<meta name=\"description\" content=\"Laufrad aus Holz mit Korkrolle. Ideal f\u00fcr Gleichgewichtstraining und Fitness\u00fcbungen zu Hause. Geeignet f\u00fcr Kinder und Erwachsene.\" \/>\n<meta name=\"robots\" content=\"index, follow, max-snippet:-1, max-image-preview:large, max-video-preview:-1\" \/>\n<link rel=\"canonical\" href=\"https:\/\/legandgo.com\/de\/shop\/toys-de\/exercise-balance-board\/\" \/>\n<meta property=\"og:locale\" content=\"de_DE\" \/>\n<meta property=\"og:type\" content=\"article\" \/>\n<meta property=\"og:title\" content=\"Exercise Board Set &#183; leg&amp;go\" \/>\n<meta property=\"og:description\" content=\"Laufrad aus Holz mit Korkrolle. Ideal f\u00fcr Gleichgewichtstraining und Fitness\u00fcbungen zu Hause. Geeignet f\u00fcr Kinder und Erwachsene.\" \/>\n<meta property=\"og:url\" content=\"https:\/\/legandgo.com\/de\/shop\/toys-de\/exercise-balance-board\/\" \/>\n<meta property=\"og:site_name\" content=\"leg&amp;go\" \/>\n<meta property=\"article:publisher\" content=\"https:\/\/www.facebook.com\/legandgo\" \/>\n<meta property=\"article:modified_time\" content=\"2026-03-09T09:23:23+00:00\" \/>\n<meta property=\"og:image\" content=\"https:\/\/legandgo.com\/wp-content\/uploads\/2024\/09\/exercise-board-set.png\" \/>\n\t<meta property=\"og:image:width\" content=\"2560\" \/>\n\t<meta property=\"og:image:height\" content=\"2560\" \/>\n\t<meta property=\"og:image:type\" content=\"image\/png\" \/>\n<meta name=\"twitter:card\" content=\"summary_large_image\" \/>\n<script type=\"application\/ld+json\" class=\"yoast-schema-graph\">{\"@context\":\"https:\/\/schema.org\",\"@graph\":[{\"@type\":\"WebPage\",\"@id\":\"https:\/\/legandgo.com\/de\/shop\/toys-de\/exercise-balance-board\/\",\"url\":\"https:\/\/legandgo.com\/de\/shop\/toys-de\/exercise-balance-board\/\",\"name\":\"Exercise Board Set &#183; leg&amp;go\",\"isPartOf\":{\"@id\":\"https:\/\/legandgo.com\/de\/#website\"},\"primaryImageOfPage\":{\"@id\":\"https:\/\/legandgo.com\/de\/shop\/toys-de\/exercise-balance-board\/#primaryimage\"},\"image\":{\"@id\":\"https:\/\/legandgo.com\/de\/shop\/toys-de\/exercise-balance-board\/#primaryimage\"},\"thumbnailUrl\":\"https:\/\/legandgo.com\/wp-content\/uploads\/2024\/09\/exercise-board-set.png\",\"datePublished\":\"2024-09-25T12:04:52+00:00\",\"dateModified\":\"2026-03-09T09:23:23+00:00\",\"description\":\"Laufrad aus Holz mit Korkrolle. Ideal f\u00fcr Gleichgewichtstraining und Fitness\u00fcbungen zu Hause. Geeignet f\u00fcr Kinder und Erwachsene.\",\"breadcrumb\":{\"@id\":\"https:\/\/legandgo.com\/de\/shop\/toys-de\/exercise-balance-board\/#breadcrumb\"},\"inLanguage\":\"de-DE\",\"potentialAction\":[{\"@type\":\"ReadAction\",\"target\":[\"https:\/\/legandgo.com\/de\/shop\/toys-de\/exercise-balance-board\/\"]}]},{\"@type\":\"ImageObject\",\"inLanguage\":\"de-DE\",\"@id\":\"https:\/\/legandgo.com\/de\/shop\/toys-de\/exercise-balance-board\/#primaryimage\",\"url\":\"https:\/\/legandgo.com\/wp-content\/uploads\/2024\/09\/exercise-board-set.png\",\"contentUrl\":\"https:\/\/legandgo.com\/wp-content\/uploads\/2024\/09\/exercise-board-set.png\",\"width\":2560,\"height\":2560},{\"@type\":\"BreadcrumbList\",\"@id\":\"https:\/\/legandgo.com\/de\/shop\/toys-de\/exercise-balance-board\/#breadcrumb\",\"itemListElement\":[{\"@type\":\"ListItem\",\"position\":1,\"name\":\"Home\",\"item\":\"https:\/\/legandgo.com\/de\/\"},{\"@type\":\"ListItem\",\"position\":2,\"name\":\"Shop\",\"item\":\"https:\/\/legandgo.com\/de\/shop\/\"},{\"@type\":\"ListItem\",\"position\":3,\"name\":\"Exercise Board Set\"}]},{\"@type\":\"WebSite\",\"@id\":\"https:\/\/legandgo.com\/de\/#website\",\"url\":\"https:\/\/legandgo.com\/de\/\",\"name\":\"leg&amp;go\",\"description\":\"\",\"publisher\":{\"@id\":\"https:\/\/legandgo.com\/de\/#organization\"},\"potentialAction\":[{\"@type\":\"SearchAction\",\"target\":{\"@type\":\"EntryPoint\",\"urlTemplate\":\"https:\/\/legandgo.com\/de\/?s={search_term_string}\"},\"query-input\":{\"@type\":\"PropertyValueSpecification\",\"valueRequired\":true,\"valueName\":\"search_term_string\"}}],\"inLanguage\":\"de-DE\"},{\"@type\":\"Organization\",\"@id\":\"https:\/\/legandgo.com\/de\/#organization\",\"name\":\"leg&go bike\",\"url\":\"https:\/\/legandgo.com\/de\/\",\"logo\":{\"@type\":\"ImageObject\",\"inLanguage\":\"de-DE\",\"@id\":\"https:\/\/legandgo.com\/de\/#\/schema\/logo\/image\/\",\"url\":\"https:\/\/legandgo.com\/wp-content\/uploads\/2021\/03\/logorf.png\",\"contentUrl\":\"https:\/\/legandgo.com\/wp-content\/uploads\/2021\/03\/logorf.png\",\"width\":675,\"height\":216,\"caption\":\"leg&go bike\"},\"image\":{\"@id\":\"https:\/\/legandgo.com\/de\/#\/schema\/logo\/image\/\"},\"sameAs\":[\"https:\/\/www.facebook.com\/legandgo\",\"https:\/\/www.instagram.com\/legandgo\/\",\"https:\/\/www.linkedin.com\/company\/legandgo\/\",\"https:\/\/www.pinterest.com\/legandgo\/\",\"https:\/\/www.youtube.com\/channel\/UC_FBzWPmKWE0g7fcR4Xdfuw\/\"]}]}<\/script>\n<!-- \/ Yoast SEO plugin. -->","yoast_head_json":{"title":"Exercise Board Set &#183; leg&amp;go","description":"Laufrad aus Holz mit Korkrolle. Ideal f\u00fcr Gleichgewichtstraining und Fitness\u00fcbungen zu Hause. Geeignet f\u00fcr Kinder und Erwachsene.","robots":{"index":"index","follow":"follow","max-snippet":"max-snippet:-1","max-image-preview":"max-image-preview:large","max-video-preview":"max-video-preview:-1"},"canonical":"https:\/\/legandgo.com\/de\/shop\/toys-de\/exercise-balance-board\/","og_locale":"de_DE","og_type":"article","og_title":"Exercise Board Set &#183; leg&amp;go","og_description":"Laufrad aus Holz mit Korkrolle. Ideal f\u00fcr Gleichgewichtstraining und Fitness\u00fcbungen zu Hause. Geeignet f\u00fcr Kinder und Erwachsene.","og_url":"https:\/\/legandgo.com\/de\/shop\/toys-de\/exercise-balance-board\/","og_site_name":"leg&amp;go","article_publisher":"https:\/\/www.facebook.com\/legandgo","article_modified_time":"2026-03-09T09:23:23+00:00","og_image":[{"width":2560,"height":2560,"url":"https:\/\/legandgo.com\/wp-content\/uploads\/2024\/09\/exercise-board-set.png","type":"image\/png"}],"twitter_card":"summary_large_image","schema":{"@context":"https:\/\/schema.org","@graph":[{"@type":"WebPage","@id":"https:\/\/legandgo.com\/de\/shop\/toys-de\/exercise-balance-board\/","url":"https:\/\/legandgo.com\/de\/shop\/toys-de\/exercise-balance-board\/","name":"Exercise Board Set &#183; leg&amp;go","isPartOf":{"@id":"https:\/\/legandgo.com\/de\/#website"},"primaryImageOfPage":{"@id":"https:\/\/legandgo.com\/de\/shop\/toys-de\/exercise-balance-board\/#primaryimage"},"image":{"@id":"https:\/\/legandgo.com\/de\/shop\/toys-de\/exercise-balance-board\/#primaryimage"},"thumbnailUrl":"https:\/\/legandgo.com\/wp-content\/uploads\/2024\/09\/exercise-board-set.png","datePublished":"2024-09-25T12:04:52+00:00","dateModified":"2026-03-09T09:23:23+00:00","description":"Laufrad aus Holz mit Korkrolle. Ideal f\u00fcr Gleichgewichtstraining und Fitness\u00fcbungen zu Hause. Geeignet f\u00fcr Kinder und Erwachsene.","breadcrumb":{"@id":"https:\/\/legandgo.com\/de\/shop\/toys-de\/exercise-balance-board\/#breadcrumb"},"inLanguage":"de-DE","potentialAction":[{"@type":"ReadAction","target":["https:\/\/legandgo.com\/de\/shop\/toys-de\/exercise-balance-board\/"]}]},{"@type":"ImageObject","inLanguage":"de-DE","@id":"https:\/\/legandgo.com\/de\/shop\/toys-de\/exercise-balance-board\/#primaryimage","url":"https:\/\/legandgo.com\/wp-content\/uploads\/2024\/09\/exercise-board-set.png","contentUrl":"https:\/\/legandgo.com\/wp-content\/uploads\/2024\/09\/exercise-board-set.png","width":2560,"height":2560},{"@type":"BreadcrumbList","@id":"https:\/\/legandgo.com\/de\/shop\/toys-de\/exercise-balance-board\/#breadcrumb","itemListElement":[{"@type":"ListItem","position":1,"name":"Home","item":"https:\/\/legandgo.com\/de\/"},{"@type":"ListItem","position":2,"name":"Shop","item":"https:\/\/legandgo.com\/de\/shop\/"},{"@type":"ListItem","position":3,"name":"Exercise Board Set"}]},{"@type":"WebSite","@id":"https:\/\/legandgo.com\/de\/#website","url":"https:\/\/legandgo.com\/de\/","name":"leg&amp;go","description":"","publisher":{"@id":"https:\/\/legandgo.com\/de\/#organization"},"potentialAction":[{"@type":"SearchAction","target":{"@type":"EntryPoint","urlTemplate":"https:\/\/legandgo.com\/de\/?s={search_term_string}"},"query-input":{"@type":"PropertyValueSpecification","valueRequired":true,"valueName":"search_term_string"}}],"inLanguage":"de-DE"},{"@type":"Organization","@id":"https:\/\/legandgo.com\/de\/#organization","name":"leg&go bike","url":"https:\/\/legandgo.com\/de\/","logo":{"@type":"ImageObject","inLanguage":"de-DE","@id":"https:\/\/legandgo.com\/de\/#\/schema\/logo\/image\/","url":"https:\/\/legandgo.com\/wp-content\/uploads\/2021\/03\/logorf.png","contentUrl":"https:\/\/legandgo.com\/wp-content\/uploads\/2021\/03\/logorf.png","width":675,"height":216,"caption":"leg&go bike"},"image":{"@id":"https:\/\/legandgo.com\/de\/#\/schema\/logo\/image\/"},"sameAs":["https:\/\/www.facebook.com\/legandgo","https:\/\/www.instagram.com\/legandgo\/","https:\/\/www.linkedin.com\/company\/legandgo\/","https:\/\/www.pinterest.com\/legandgo\/","https:\/\/www.youtube.com\/channel\/UC_FBzWPmKWE0g7fcR4Xdfuw\/"]}]}},"_links":{"self":[{"href":"https:\/\/legandgo.com\/de\/wp-json\/wp\/v2\/product\/28294","targetHints":{"allow":["GET"]}}],"collection":[{"href":"https:\/\/legandgo.com\/de\/wp-json\/wp\/v2\/product"}],"about":[{"href":"https:\/\/legandgo.com\/de\/wp-json\/wp\/v2\/types\/product"}],"replies":[{"embeddable":true,"href":"https:\/\/legandgo.com\/de\/wp-json\/wp\/v2\/comments?post=28294"}],"version-history":[{"count":28,"href":"https:\/\/legandgo.com\/de\/wp-json\/wp\/v2\/product\/28294\/revisions"}],"predecessor-version":[{"id":52092,"href":"https:\/\/legandgo.com\/de\/wp-json\/wp\/v2\/product\/28294\/revisions\/52092"}],"wp:featuredmedia":[{"embeddable":true,"href":"https:\/\/legandgo.com\/de\/wp-json\/wp\/v2\/media\/52087"}],"wp:attachment":[{"href":"https:\/\/legandgo.com\/de\/wp-json\/wp\/v2\/media?parent=28294"}],"wp:term":[{"taxonomy":"product_brand","embeddable":true,"href":"https:\/\/legandgo.com\/de\/wp-json\/wp\/v2\/product_brand?post=28294"},{"taxonomy":"product_cat","embeddable":true,"href":"https:\/\/legandgo.com\/de\/wp-json\/wp\/v2\/product_cat?post=28294"},{"taxonomy":"product_tag","embeddable":true,"href":"https:\/\/legandgo.com\/de\/wp-json\/wp\/v2\/product_tag?post=28294"}],"curies":[{"name":"wp","href":"https:\/\/api.w.org\/{rel}","templated":true}]}}