{"id":29724,"date":"2024-09-27T14:20:27","date_gmt":"2024-09-27T12:20:27","guid":{"rendered":"https:\/\/legandgo.com\/shop\/unkategorisiert\/softbausteine-spielset-corner-climber\/"},"modified":"2026-02-13T09:46:34","modified_gmt":"2026-02-13T07:46:34","slug":"softbausteine-spielset-corner-climber","status":"publish","type":"product","link":"https:\/\/legandgo.com\/de\/shop\/softbausteine\/softbausteine-spielset-corner-climber\/","title":{"rendered":"Softbausteine Spielset &#8211; Corner Climber"},"content":{"rendered":"<p>Softbausteine Spielset Corner Climber beinhaltet Eck-Elemente, die sich spielerisch erkunden lassen. Es f\u00f6rdert die Entwicklung von Grobmotorik, Gleichgewicht, Koordination und Kraft von Kindern. Das Set ist langlebig und so konzipiert, dass es stundenlang aktiven Spielspa\u00df und Erkundungstouren erm\u00f6glicht. <\/p>\n<p><strong>Entdecken Sie unten weitere Funktionen.<\/strong><\/p>\n","protected":false},"excerpt":{"rendered":"<p>Softbausteine Spielset Corner Climber beinhaltet Eck-Elemente, die sich spielerisch erkunden lassen. Es f\u00f6rdert die Entwicklung von Grobmotorik, Gleichgewicht, Koordination und Kraft von Kindern. Das Set ist langlebig und so konzipiert, dass es stundenlang aktiven Spielspa\u00df und Erkundungstouren erm\u00f6glicht. Entdecken Sie unten weitere Funktionen.<\/p>\n","protected":false},"featured_media":51477,"comment_status":"closed","ping_status":"closed","template":"","meta":{"_acf_changed":false,"inline_featured_image":false,"footnotes":""},"product_brand":[],"product_cat":[1319,555],"product_tag":[599,596,604,603,600,602,597,598,601],"class_list":{"0":"post-29724","1":"product","2":"type-product","3":"status-publish","4":"has-post-thumbnail","6":"product_cat-kategorie-spielzeug","7":"product_cat-softbausteine","8":"product_tag-bausteine-schaumstoff-gros","9":"product_tag-riesenbausteine-soft","10":"product_tag-schaumstoff-bausteine-xxl","11":"product_tag-soft-bauklotze","12":"product_tag-soft-bausteine","13":"product_tag-soft-grosbausteine","14":"product_tag-softbaustein","15":"product_tag-softbausteine","16":"product_tag-softbausteine-spielzeug","17":"product_shipping_class-soft-blocks-de","18":"pa_color-type-beige-rosa","19":"pa_color-type-beige-tuerkis","20":"pa_color-type-colorful-de","21":"pa_color-type-pastel-de","22":"pa_color-type-weiss","24":"first","25":"instock","26":"sale","27":"purchasable","28":"product-type-variable"},"bundled_by":[],"bundle_stock_status":"instock","bundle_stock_quantity":null,"bundle_virtual":false,"bundle_layout":"","bundle_add_to_cart_form_location":"","bundle_editable_in_cart":false,"bundle_sold_individually_context":"","bundle_item_grouping":"","bundle_min_size":"","bundle_max_size":"","bundle_price":[],"bundled_items":[],"bundle_sell_ids":[],"acf":[],"yoast_head":"<!-- This site is optimized with the Yoast SEO plugin v25.9 - https:\/\/yoast.com\/wordpress\/plugins\/seo\/ -->\n<title>Softbausteine Spielset - Corner Climber &#183; leg&amp;go<\/title>\n<meta name=\"description\" content=\"Soft-Kletterbaustein-Set f\u00fcr Kleinkinder, das jeden Raum in eine Spielfl\u00e4che f\u00fcr Kinder von 1 bis 5 Jahren verwandelt.\" \/>\n<meta name=\"robots\" content=\"index, follow, max-snippet:-1, max-image-preview:large, max-video-preview:-1\" \/>\n<link rel=\"canonical\" href=\"https:\/\/legandgo.com\/de\/shop\/softbausteine\/softbausteine-spielset-corner-climber\/\" \/>\n<meta property=\"og:locale\" content=\"de_DE\" \/>\n<meta property=\"og:type\" content=\"article\" \/>\n<meta property=\"og:title\" content=\"Softbausteine Spielset - Corner Climber &#183; leg&amp;go\" \/>\n<meta property=\"og:description\" content=\"Soft-Kletterbaustein-Set f\u00fcr Kleinkinder, das jeden Raum in eine Spielfl\u00e4che f\u00fcr Kinder von 1 bis 5 Jahren verwandelt.\" \/>\n<meta property=\"og:url\" content=\"https:\/\/legandgo.com\/de\/shop\/softbausteine\/softbausteine-spielset-corner-climber\/\" \/>\n<meta property=\"og:site_name\" content=\"leg&amp;go\" \/>\n<meta property=\"article:publisher\" content=\"https:\/\/www.facebook.com\/legandgo\" \/>\n<meta property=\"article:modified_time\" content=\"2026-02-13T07:46:34+00:00\" \/>\n<meta property=\"og:image\" content=\"https:\/\/legandgo.com\/wp-content\/uploads\/2024\/09\/corner-climber-beige-turquoise1.jpg\" \/>\n\t<meta property=\"og:image:width\" content=\"1080\" \/>\n\t<meta property=\"og:image:height\" content=\"1080\" \/>\n\t<meta property=\"og:image:type\" content=\"image\/jpeg\" \/>\n<meta name=\"twitter:card\" content=\"summary_large_image\" \/>\n<script type=\"application\/ld+json\" class=\"yoast-schema-graph\">{\"@context\":\"https:\/\/schema.org\",\"@graph\":[{\"@type\":\"WebPage\",\"@id\":\"https:\/\/legandgo.com\/de\/shop\/softbausteine\/softbausteine-spielset-corner-climber\/\",\"url\":\"https:\/\/legandgo.com\/de\/shop\/softbausteine\/softbausteine-spielset-corner-climber\/\",\"name\":\"Softbausteine Spielset - Corner Climber &#183; leg&amp;go\",\"isPartOf\":{\"@id\":\"https:\/\/legandgo.com\/de\/#website\"},\"primaryImageOfPage\":{\"@id\":\"https:\/\/legandgo.com\/de\/shop\/softbausteine\/softbausteine-spielset-corner-climber\/#primaryimage\"},\"image\":{\"@id\":\"https:\/\/legandgo.com\/de\/shop\/softbausteine\/softbausteine-spielset-corner-climber\/#primaryimage\"},\"thumbnailUrl\":\"https:\/\/legandgo.com\/wp-content\/uploads\/2024\/09\/corner-climber-beige-turquoise1.jpg\",\"datePublished\":\"2024-09-27T12:20:27+00:00\",\"dateModified\":\"2026-02-13T07:46:34+00:00\",\"description\":\"Soft-Kletterbaustein-Set f\u00fcr Kleinkinder, das jeden Raum in eine Spielfl\u00e4che f\u00fcr Kinder von 1 bis 5 Jahren verwandelt.\",\"breadcrumb\":{\"@id\":\"https:\/\/legandgo.com\/de\/shop\/softbausteine\/softbausteine-spielset-corner-climber\/#breadcrumb\"},\"inLanguage\":\"de-DE\",\"potentialAction\":[{\"@type\":\"ReadAction\",\"target\":[\"https:\/\/legandgo.com\/de\/shop\/softbausteine\/softbausteine-spielset-corner-climber\/\"]}]},{\"@type\":\"ImageObject\",\"inLanguage\":\"de-DE\",\"@id\":\"https:\/\/legandgo.com\/de\/shop\/softbausteine\/softbausteine-spielset-corner-climber\/#primaryimage\",\"url\":\"https:\/\/legandgo.com\/wp-content\/uploads\/2024\/09\/corner-climber-beige-turquoise1.jpg\",\"contentUrl\":\"https:\/\/legandgo.com\/wp-content\/uploads\/2024\/09\/corner-climber-beige-turquoise1.jpg\",\"width\":1080,\"height\":1080},{\"@type\":\"BreadcrumbList\",\"@id\":\"https:\/\/legandgo.com\/de\/shop\/softbausteine\/softbausteine-spielset-corner-climber\/#breadcrumb\",\"itemListElement\":[{\"@type\":\"ListItem\",\"position\":1,\"name\":\"Home\",\"item\":\"https:\/\/legandgo.com\/de\/\"},{\"@type\":\"ListItem\",\"position\":2,\"name\":\"Shop\",\"item\":\"https:\/\/legandgo.com\/de\/shop\/\"},{\"@type\":\"ListItem\",\"position\":3,\"name\":\"Softbausteine Spielset &#8211; Corner Climber\"}]},{\"@type\":\"WebSite\",\"@id\":\"https:\/\/legandgo.com\/de\/#website\",\"url\":\"https:\/\/legandgo.com\/de\/\",\"name\":\"leg&amp;go\",\"description\":\"\",\"publisher\":{\"@id\":\"https:\/\/legandgo.com\/de\/#organization\"},\"potentialAction\":[{\"@type\":\"SearchAction\",\"target\":{\"@type\":\"EntryPoint\",\"urlTemplate\":\"https:\/\/legandgo.com\/de\/?s={search_term_string}\"},\"query-input\":{\"@type\":\"PropertyValueSpecification\",\"valueRequired\":true,\"valueName\":\"search_term_string\"}}],\"inLanguage\":\"de-DE\"},{\"@type\":\"Organization\",\"@id\":\"https:\/\/legandgo.com\/de\/#organization\",\"name\":\"leg&go bike\",\"url\":\"https:\/\/legandgo.com\/de\/\",\"logo\":{\"@type\":\"ImageObject\",\"inLanguage\":\"de-DE\",\"@id\":\"https:\/\/legandgo.com\/de\/#\/schema\/logo\/image\/\",\"url\":\"https:\/\/legandgo.com\/wp-content\/uploads\/2021\/03\/logorf.png\",\"contentUrl\":\"https:\/\/legandgo.com\/wp-content\/uploads\/2021\/03\/logorf.png\",\"width\":675,\"height\":216,\"caption\":\"leg&go bike\"},\"image\":{\"@id\":\"https:\/\/legandgo.com\/de\/#\/schema\/logo\/image\/\"},\"sameAs\":[\"https:\/\/www.facebook.com\/legandgo\",\"https:\/\/www.instagram.com\/legandgo\/\",\"https:\/\/www.linkedin.com\/company\/legandgo\/\",\"https:\/\/www.pinterest.com\/legandgo\/\",\"https:\/\/www.youtube.com\/channel\/UC_FBzWPmKWE0g7fcR4Xdfuw\/\"]}]}<\/script>\n<!-- \/ Yoast SEO plugin. -->","yoast_head_json":{"title":"Softbausteine Spielset - Corner Climber &#183; leg&amp;go","description":"Soft-Kletterbaustein-Set f\u00fcr Kleinkinder, das jeden Raum in eine Spielfl\u00e4che f\u00fcr Kinder von 1 bis 5 Jahren verwandelt.","robots":{"index":"index","follow":"follow","max-snippet":"max-snippet:-1","max-image-preview":"max-image-preview:large","max-video-preview":"max-video-preview:-1"},"canonical":"https:\/\/legandgo.com\/de\/shop\/softbausteine\/softbausteine-spielset-corner-climber\/","og_locale":"de_DE","og_type":"article","og_title":"Softbausteine Spielset - Corner Climber &#183; leg&amp;go","og_description":"Soft-Kletterbaustein-Set f\u00fcr Kleinkinder, das jeden Raum in eine Spielfl\u00e4che f\u00fcr Kinder von 1 bis 5 Jahren verwandelt.","og_url":"https:\/\/legandgo.com\/de\/shop\/softbausteine\/softbausteine-spielset-corner-climber\/","og_site_name":"leg&amp;go","article_publisher":"https:\/\/www.facebook.com\/legandgo","article_modified_time":"2026-02-13T07:46:34+00:00","og_image":[{"width":1080,"height":1080,"url":"https:\/\/legandgo.com\/wp-content\/uploads\/2024\/09\/corner-climber-beige-turquoise1.jpg","type":"image\/jpeg"}],"twitter_card":"summary_large_image","schema":{"@context":"https:\/\/schema.org","@graph":[{"@type":"WebPage","@id":"https:\/\/legandgo.com\/de\/shop\/softbausteine\/softbausteine-spielset-corner-climber\/","url":"https:\/\/legandgo.com\/de\/shop\/softbausteine\/softbausteine-spielset-corner-climber\/","name":"Softbausteine Spielset - Corner Climber &#183; leg&amp;go","isPartOf":{"@id":"https:\/\/legandgo.com\/de\/#website"},"primaryImageOfPage":{"@id":"https:\/\/legandgo.com\/de\/shop\/softbausteine\/softbausteine-spielset-corner-climber\/#primaryimage"},"image":{"@id":"https:\/\/legandgo.com\/de\/shop\/softbausteine\/softbausteine-spielset-corner-climber\/#primaryimage"},"thumbnailUrl":"https:\/\/legandgo.com\/wp-content\/uploads\/2024\/09\/corner-climber-beige-turquoise1.jpg","datePublished":"2024-09-27T12:20:27+00:00","dateModified":"2026-02-13T07:46:34+00:00","description":"Soft-Kletterbaustein-Set f\u00fcr Kleinkinder, das jeden Raum in eine Spielfl\u00e4che f\u00fcr Kinder von 1 bis 5 Jahren verwandelt.","breadcrumb":{"@id":"https:\/\/legandgo.com\/de\/shop\/softbausteine\/softbausteine-spielset-corner-climber\/#breadcrumb"},"inLanguage":"de-DE","potentialAction":[{"@type":"ReadAction","target":["https:\/\/legandgo.com\/de\/shop\/softbausteine\/softbausteine-spielset-corner-climber\/"]}]},{"@type":"ImageObject","inLanguage":"de-DE","@id":"https:\/\/legandgo.com\/de\/shop\/softbausteine\/softbausteine-spielset-corner-climber\/#primaryimage","url":"https:\/\/legandgo.com\/wp-content\/uploads\/2024\/09\/corner-climber-beige-turquoise1.jpg","contentUrl":"https:\/\/legandgo.com\/wp-content\/uploads\/2024\/09\/corner-climber-beige-turquoise1.jpg","width":1080,"height":1080},{"@type":"BreadcrumbList","@id":"https:\/\/legandgo.com\/de\/shop\/softbausteine\/softbausteine-spielset-corner-climber\/#breadcrumb","itemListElement":[{"@type":"ListItem","position":1,"name":"Home","item":"https:\/\/legandgo.com\/de\/"},{"@type":"ListItem","position":2,"name":"Shop","item":"https:\/\/legandgo.com\/de\/shop\/"},{"@type":"ListItem","position":3,"name":"Softbausteine Spielset &#8211; Corner Climber"}]},{"@type":"WebSite","@id":"https:\/\/legandgo.com\/de\/#website","url":"https:\/\/legandgo.com\/de\/","name":"leg&amp;go","description":"","publisher":{"@id":"https:\/\/legandgo.com\/de\/#organization"},"potentialAction":[{"@type":"SearchAction","target":{"@type":"EntryPoint","urlTemplate":"https:\/\/legandgo.com\/de\/?s={search_term_string}"},"query-input":{"@type":"PropertyValueSpecification","valueRequired":true,"valueName":"search_term_string"}}],"inLanguage":"de-DE"},{"@type":"Organization","@id":"https:\/\/legandgo.com\/de\/#organization","name":"leg&go bike","url":"https:\/\/legandgo.com\/de\/","logo":{"@type":"ImageObject","inLanguage":"de-DE","@id":"https:\/\/legandgo.com\/de\/#\/schema\/logo\/image\/","url":"https:\/\/legandgo.com\/wp-content\/uploads\/2021\/03\/logorf.png","contentUrl":"https:\/\/legandgo.com\/wp-content\/uploads\/2021\/03\/logorf.png","width":675,"height":216,"caption":"leg&go bike"},"image":{"@id":"https:\/\/legandgo.com\/de\/#\/schema\/logo\/image\/"},"sameAs":["https:\/\/www.facebook.com\/legandgo","https:\/\/www.instagram.com\/legandgo\/","https:\/\/www.linkedin.com\/company\/legandgo\/","https:\/\/www.pinterest.com\/legandgo\/","https:\/\/www.youtube.com\/channel\/UC_FBzWPmKWE0g7fcR4Xdfuw\/"]}]}},"_links":{"self":[{"href":"https:\/\/legandgo.com\/de\/wp-json\/wp\/v2\/product\/29724","targetHints":{"allow":["GET"]}}],"collection":[{"href":"https:\/\/legandgo.com\/de\/wp-json\/wp\/v2\/product"}],"about":[{"href":"https:\/\/legandgo.com\/de\/wp-json\/wp\/v2\/types\/product"}],"replies":[{"embeddable":true,"href":"https:\/\/legandgo.com\/de\/wp-json\/wp\/v2\/comments?post=29724"}],"version-history":[{"count":22,"href":"https:\/\/legandgo.com\/de\/wp-json\/wp\/v2\/product\/29724\/revisions"}],"predecessor-version":[{"id":51432,"href":"https:\/\/legandgo.com\/de\/wp-json\/wp\/v2\/product\/29724\/revisions\/51432"}],"wp:featuredmedia":[{"embeddable":true,"href":"https:\/\/legandgo.com\/de\/wp-json\/wp\/v2\/media\/51477"}],"wp:attachment":[{"href":"https:\/\/legandgo.com\/de\/wp-json\/wp\/v2\/media?parent=29724"}],"wp:term":[{"taxonomy":"product_brand","embeddable":true,"href":"https:\/\/legandgo.com\/de\/wp-json\/wp\/v2\/product_brand?post=29724"},{"taxonomy":"product_cat","embeddable":true,"href":"https:\/\/legandgo.com\/de\/wp-json\/wp\/v2\/product_cat?post=29724"},{"taxonomy":"product_tag","embeddable":true,"href":"https:\/\/legandgo.com\/de\/wp-json\/wp\/v2\/product_tag?post=29724"}],"curies":[{"name":"wp","href":"https:\/\/api.w.org\/{rel}","templated":true}]}}