{"id":3539,"date":"2021-07-29T12:27:52","date_gmt":"2021-07-29T10:27:52","guid":{"rendered":"https:\/\/legandgo.com\/product\/bike-bell-knog-knog-oi-classic-large\/"},"modified":"2026-05-11T09:03:02","modified_gmt":"2026-05-11T07:03:02","slug":"fahrradklingel-knog","status":"publish","type":"product","link":"https:\/\/legandgo.com\/de\/shop\/accessories-de\/fahrradklingel-knog\/","title":{"rendered":"Fahrradklingel Knog"},"content":{"rendered":"<p style=\"font-weight: 400;\">Sicher fahren und dabei Spa\u00df haben hat f\u00fcr uns oberste Priorit\u00e4t.<\/p>\n<p style=\"font-weight: 400;\">F\u00fcr das beste Fahrerlebnis sollte Ihr kleiner Fahrer nicht nur gesehen, sondern auch geh\u00f6rt werden. Die Knog Oi Classic Fahrradklingel passt perfekt zu unseren Fahrr\u00e4dern und \u00fcberzeugt mit einem Ton, der so klar und angenehm ist wie ein sanftes Glockenspiel.<\/p>\n<p style=\"font-weight: 400;\"><strong>Entdecken Sie unten mehr.<\/strong><\/p>\n","protected":false},"excerpt":{"rendered":"<p>Sicher fahren und dabei Spa\u00df haben hat f\u00fcr uns oberste Priorit\u00e4t. F\u00fcr das beste Fahrerlebnis sollte Ihr kleiner Fahrer nicht nur gesehen, sondern auch geh\u00f6rt werden. Die Knog Oi Classic Fahrradklingel passt perfekt zu unseren Fahrr\u00e4dern und \u00fcberzeugt mit einem Ton, der so klar und angenehm ist wie ein sanftes Glockenspiel. Entdecken Sie unten mehr.<\/p>\n","protected":false},"featured_media":3352,"comment_status":"closed","ping_status":"closed","template":"","meta":{"_acf_changed":false,"inline_featured_image":false,"footnotes":""},"product_brand":[],"product_cat":[1311,85],"product_tag":[1660,1658,1659],"class_list":{"0":"post-3539","1":"product","2":"type-product","3":"status-publish","4":"has-post-thumbnail","6":"product_cat-laufrader-und-mehr","7":"product_cat-accessories-de","8":"product_tag-3-in-1-laufrad","9":"product_tag-laufrad-3-in-1","10":"product_tag-laufrad-holz","11":"product_shipping_class-accessories-shipping-de","13":"first","14":"instock","15":"purchasable","16":"product-type-simple"},"bundled_by":[],"bundle_stock_status":"instock","bundle_stock_quantity":null,"bundle_virtual":false,"bundle_layout":"","bundle_add_to_cart_form_location":"","bundle_editable_in_cart":false,"bundle_sold_individually_context":"","bundle_item_grouping":"","bundle_min_size":"","bundle_max_size":"","bundle_price":[],"bundled_items":[],"bundle_sell_ids":[],"acf":[],"yoast_head":"<!-- This site is optimized with the Yoast SEO plugin v25.9 - https:\/\/yoast.com\/wordpress\/plugins\/seo\/ -->\n<title>Fahrradklingel Knog &#183; leg&amp;go<\/title>\n<meta name=\"description\" content=\"Fahrradklingel Knog Oi Classic mit elegantem Design und klarem Klang f\u00fcr mehr Sicherheit bei jeder Fahrt. Passend f\u00fcr Lenker von 23,8 bis 31,8 mm, ideal f\u00fcr leg&amp;go Fahrr\u00e4der.\" \/>\n<meta name=\"robots\" content=\"index, follow, max-snippet:-1, max-image-preview:large, max-video-preview:-1\" \/>\n<link rel=\"canonical\" href=\"https:\/\/legandgo.com\/de\/shop\/accessories-de\/fahrradklingel-knog\/\" \/>\n<meta property=\"og:locale\" content=\"de_DE\" \/>\n<meta property=\"og:type\" content=\"article\" \/>\n<meta property=\"og:title\" content=\"Fahrradklingel Knog &#183; leg&amp;go\" \/>\n<meta property=\"og:description\" content=\"Fahrradklingel Knog Oi Classic mit elegantem Design und klarem Klang f\u00fcr mehr Sicherheit bei jeder Fahrt. Passend f\u00fcr Lenker von 23,8 bis 31,8 mm, ideal f\u00fcr leg&amp;go Fahrr\u00e4der.\" \/>\n<meta property=\"og:url\" content=\"https:\/\/legandgo.com\/de\/shop\/accessories-de\/fahrradklingel-knog\/\" \/>\n<meta property=\"og:site_name\" content=\"leg&amp;go\" \/>\n<meta property=\"article:publisher\" content=\"https:\/\/www.facebook.com\/legandgo\" \/>\n<meta property=\"article:modified_time\" content=\"2026-05-11T07:03:02+00:00\" \/>\n<meta property=\"og:image\" content=\"https:\/\/legandgo.com\/wp-content\/uploads\/2021\/07\/legandgo-knog-bell.jpg\" \/>\n\t<meta property=\"og:image:width\" content=\"660\" \/>\n\t<meta property=\"og:image:height\" content=\"660\" \/>\n\t<meta property=\"og:image:type\" content=\"image\/jpeg\" \/>\n<meta name=\"twitter:card\" content=\"summary_large_image\" \/>\n<script type=\"application\/ld+json\" class=\"yoast-schema-graph\">{\"@context\":\"https:\/\/schema.org\",\"@graph\":[{\"@type\":\"WebPage\",\"@id\":\"https:\/\/legandgo.com\/de\/shop\/accessories-de\/fahrradklingel-knog\/\",\"url\":\"https:\/\/legandgo.com\/de\/shop\/accessories-de\/fahrradklingel-knog\/\",\"name\":\"Fahrradklingel Knog &#183; leg&amp;go\",\"isPartOf\":{\"@id\":\"https:\/\/legandgo.com\/de\/#website\"},\"primaryImageOfPage\":{\"@id\":\"https:\/\/legandgo.com\/de\/shop\/accessories-de\/fahrradklingel-knog\/#primaryimage\"},\"image\":{\"@id\":\"https:\/\/legandgo.com\/de\/shop\/accessories-de\/fahrradklingel-knog\/#primaryimage\"},\"thumbnailUrl\":\"https:\/\/legandgo.com\/wp-content\/uploads\/2021\/07\/legandgo-knog-bell.jpg\",\"datePublished\":\"2021-07-29T10:27:52+00:00\",\"dateModified\":\"2026-05-11T07:03:02+00:00\",\"description\":\"Fahrradklingel Knog Oi Classic mit elegantem Design und klarem Klang f\u00fcr mehr Sicherheit bei jeder Fahrt. Passend f\u00fcr Lenker von 23,8 bis 31,8 mm, ideal f\u00fcr leg&go Fahrr\u00e4der.\",\"breadcrumb\":{\"@id\":\"https:\/\/legandgo.com\/de\/shop\/accessories-de\/fahrradklingel-knog\/#breadcrumb\"},\"inLanguage\":\"de-DE\",\"potentialAction\":[{\"@type\":\"ReadAction\",\"target\":[\"https:\/\/legandgo.com\/de\/shop\/accessories-de\/fahrradklingel-knog\/\"]}]},{\"@type\":\"ImageObject\",\"inLanguage\":\"de-DE\",\"@id\":\"https:\/\/legandgo.com\/de\/shop\/accessories-de\/fahrradklingel-knog\/#primaryimage\",\"url\":\"https:\/\/legandgo.com\/wp-content\/uploads\/2021\/07\/legandgo-knog-bell.jpg\",\"contentUrl\":\"https:\/\/legandgo.com\/wp-content\/uploads\/2021\/07\/legandgo-knog-bell.jpg\",\"width\":660,\"height\":660},{\"@type\":\"BreadcrumbList\",\"@id\":\"https:\/\/legandgo.com\/de\/shop\/accessories-de\/fahrradklingel-knog\/#breadcrumb\",\"itemListElement\":[{\"@type\":\"ListItem\",\"position\":1,\"name\":\"Home\",\"item\":\"https:\/\/legandgo.com\/de\/\"},{\"@type\":\"ListItem\",\"position\":2,\"name\":\"Shop\",\"item\":\"https:\/\/legandgo.com\/de\/shop\/\"},{\"@type\":\"ListItem\",\"position\":3,\"name\":\"Fahrradklingel Knog\"}]},{\"@type\":\"WebSite\",\"@id\":\"https:\/\/legandgo.com\/de\/#website\",\"url\":\"https:\/\/legandgo.com\/de\/\",\"name\":\"leg&amp;go\",\"description\":\"\",\"publisher\":{\"@id\":\"https:\/\/legandgo.com\/de\/#organization\"},\"potentialAction\":[{\"@type\":\"SearchAction\",\"target\":{\"@type\":\"EntryPoint\",\"urlTemplate\":\"https:\/\/legandgo.com\/de\/?s={search_term_string}\"},\"query-input\":{\"@type\":\"PropertyValueSpecification\",\"valueRequired\":true,\"valueName\":\"search_term_string\"}}],\"inLanguage\":\"de-DE\"},{\"@type\":\"Organization\",\"@id\":\"https:\/\/legandgo.com\/de\/#organization\",\"name\":\"leg&go bike\",\"url\":\"https:\/\/legandgo.com\/de\/\",\"logo\":{\"@type\":\"ImageObject\",\"inLanguage\":\"de-DE\",\"@id\":\"https:\/\/legandgo.com\/de\/#\/schema\/logo\/image\/\",\"url\":\"https:\/\/legandgo.com\/wp-content\/uploads\/2021\/03\/logorf.png\",\"contentUrl\":\"https:\/\/legandgo.com\/wp-content\/uploads\/2021\/03\/logorf.png\",\"width\":675,\"height\":216,\"caption\":\"leg&go bike\"},\"image\":{\"@id\":\"https:\/\/legandgo.com\/de\/#\/schema\/logo\/image\/\"},\"sameAs\":[\"https:\/\/www.facebook.com\/legandgo\",\"https:\/\/www.instagram.com\/legandgo\/\",\"https:\/\/www.linkedin.com\/company\/legandgo\/\",\"https:\/\/www.pinterest.com\/legandgo\/\",\"https:\/\/www.youtube.com\/channel\/UC_FBzWPmKWE0g7fcR4Xdfuw\/\"]}]}<\/script>\n<!-- \/ Yoast SEO plugin. -->","yoast_head_json":{"title":"Fahrradklingel Knog &#183; leg&amp;go","description":"Fahrradklingel Knog Oi Classic mit elegantem Design und klarem Klang f\u00fcr mehr Sicherheit bei jeder Fahrt. Passend f\u00fcr Lenker von 23,8 bis 31,8 mm, ideal f\u00fcr leg&go Fahrr\u00e4der.","robots":{"index":"index","follow":"follow","max-snippet":"max-snippet:-1","max-image-preview":"max-image-preview:large","max-video-preview":"max-video-preview:-1"},"canonical":"https:\/\/legandgo.com\/de\/shop\/accessories-de\/fahrradklingel-knog\/","og_locale":"de_DE","og_type":"article","og_title":"Fahrradklingel Knog &#183; leg&amp;go","og_description":"Fahrradklingel Knog Oi Classic mit elegantem Design und klarem Klang f\u00fcr mehr Sicherheit bei jeder Fahrt. Passend f\u00fcr Lenker von 23,8 bis 31,8 mm, ideal f\u00fcr leg&go Fahrr\u00e4der.","og_url":"https:\/\/legandgo.com\/de\/shop\/accessories-de\/fahrradklingel-knog\/","og_site_name":"leg&amp;go","article_publisher":"https:\/\/www.facebook.com\/legandgo","article_modified_time":"2026-05-11T07:03:02+00:00","og_image":[{"width":660,"height":660,"url":"https:\/\/legandgo.com\/wp-content\/uploads\/2021\/07\/legandgo-knog-bell.jpg","type":"image\/jpeg"}],"twitter_card":"summary_large_image","schema":{"@context":"https:\/\/schema.org","@graph":[{"@type":"WebPage","@id":"https:\/\/legandgo.com\/de\/shop\/accessories-de\/fahrradklingel-knog\/","url":"https:\/\/legandgo.com\/de\/shop\/accessories-de\/fahrradklingel-knog\/","name":"Fahrradklingel Knog &#183; leg&amp;go","isPartOf":{"@id":"https:\/\/legandgo.com\/de\/#website"},"primaryImageOfPage":{"@id":"https:\/\/legandgo.com\/de\/shop\/accessories-de\/fahrradklingel-knog\/#primaryimage"},"image":{"@id":"https:\/\/legandgo.com\/de\/shop\/accessories-de\/fahrradklingel-knog\/#primaryimage"},"thumbnailUrl":"https:\/\/legandgo.com\/wp-content\/uploads\/2021\/07\/legandgo-knog-bell.jpg","datePublished":"2021-07-29T10:27:52+00:00","dateModified":"2026-05-11T07:03:02+00:00","description":"Fahrradklingel Knog Oi Classic mit elegantem Design und klarem Klang f\u00fcr mehr Sicherheit bei jeder Fahrt. Passend f\u00fcr Lenker von 23,8 bis 31,8 mm, ideal f\u00fcr leg&go Fahrr\u00e4der.","breadcrumb":{"@id":"https:\/\/legandgo.com\/de\/shop\/accessories-de\/fahrradklingel-knog\/#breadcrumb"},"inLanguage":"de-DE","potentialAction":[{"@type":"ReadAction","target":["https:\/\/legandgo.com\/de\/shop\/accessories-de\/fahrradklingel-knog\/"]}]},{"@type":"ImageObject","inLanguage":"de-DE","@id":"https:\/\/legandgo.com\/de\/shop\/accessories-de\/fahrradklingel-knog\/#primaryimage","url":"https:\/\/legandgo.com\/wp-content\/uploads\/2021\/07\/legandgo-knog-bell.jpg","contentUrl":"https:\/\/legandgo.com\/wp-content\/uploads\/2021\/07\/legandgo-knog-bell.jpg","width":660,"height":660},{"@type":"BreadcrumbList","@id":"https:\/\/legandgo.com\/de\/shop\/accessories-de\/fahrradklingel-knog\/#breadcrumb","itemListElement":[{"@type":"ListItem","position":1,"name":"Home","item":"https:\/\/legandgo.com\/de\/"},{"@type":"ListItem","position":2,"name":"Shop","item":"https:\/\/legandgo.com\/de\/shop\/"},{"@type":"ListItem","position":3,"name":"Fahrradklingel Knog"}]},{"@type":"WebSite","@id":"https:\/\/legandgo.com\/de\/#website","url":"https:\/\/legandgo.com\/de\/","name":"leg&amp;go","description":"","publisher":{"@id":"https:\/\/legandgo.com\/de\/#organization"},"potentialAction":[{"@type":"SearchAction","target":{"@type":"EntryPoint","urlTemplate":"https:\/\/legandgo.com\/de\/?s={search_term_string}"},"query-input":{"@type":"PropertyValueSpecification","valueRequired":true,"valueName":"search_term_string"}}],"inLanguage":"de-DE"},{"@type":"Organization","@id":"https:\/\/legandgo.com\/de\/#organization","name":"leg&go bike","url":"https:\/\/legandgo.com\/de\/","logo":{"@type":"ImageObject","inLanguage":"de-DE","@id":"https:\/\/legandgo.com\/de\/#\/schema\/logo\/image\/","url":"https:\/\/legandgo.com\/wp-content\/uploads\/2021\/03\/logorf.png","contentUrl":"https:\/\/legandgo.com\/wp-content\/uploads\/2021\/03\/logorf.png","width":675,"height":216,"caption":"leg&go bike"},"image":{"@id":"https:\/\/legandgo.com\/de\/#\/schema\/logo\/image\/"},"sameAs":["https:\/\/www.facebook.com\/legandgo","https:\/\/www.instagram.com\/legandgo\/","https:\/\/www.linkedin.com\/company\/legandgo\/","https:\/\/www.pinterest.com\/legandgo\/","https:\/\/www.youtube.com\/channel\/UC_FBzWPmKWE0g7fcR4Xdfuw\/"]}]}},"_links":{"self":[{"href":"https:\/\/legandgo.com\/de\/wp-json\/wp\/v2\/product\/3539","targetHints":{"allow":["GET"]}}],"collection":[{"href":"https:\/\/legandgo.com\/de\/wp-json\/wp\/v2\/product"}],"about":[{"href":"https:\/\/legandgo.com\/de\/wp-json\/wp\/v2\/types\/product"}],"replies":[{"embeddable":true,"href":"https:\/\/legandgo.com\/de\/wp-json\/wp\/v2\/comments?post=3539"}],"version-history":[{"count":25,"href":"https:\/\/legandgo.com\/de\/wp-json\/wp\/v2\/product\/3539\/revisions"}],"predecessor-version":[{"id":54013,"href":"https:\/\/legandgo.com\/de\/wp-json\/wp\/v2\/product\/3539\/revisions\/54013"}],"wp:featuredmedia":[{"embeddable":true,"href":"https:\/\/legandgo.com\/de\/wp-json\/wp\/v2\/media\/3352"}],"wp:attachment":[{"href":"https:\/\/legandgo.com\/de\/wp-json\/wp\/v2\/media?parent=3539"}],"wp:term":[{"taxonomy":"product_brand","embeddable":true,"href":"https:\/\/legandgo.com\/de\/wp-json\/wp\/v2\/product_brand?post=3539"},{"taxonomy":"product_cat","embeddable":true,"href":"https:\/\/legandgo.com\/de\/wp-json\/wp\/v2\/product_cat?post=3539"},{"taxonomy":"product_tag","embeddable":true,"href":"https:\/\/legandgo.com\/de\/wp-json\/wp\/v2\/product_tag?post=3539"}],"curies":[{"name":"wp","href":"https:\/\/api.w.org\/{rel}","templated":true}]}}