{"id":35825,"date":"2025-01-27T10:23:01","date_gmt":"2025-01-27T08:23:01","guid":{"rendered":"https:\/\/legandgo.com\/?post_type=product&#038;p=35825"},"modified":"2026-02-19T16:17:11","modified_gmt":"2026-02-19T14:17:11","slug":"baellebad-fuer-kinder","status":"publish","type":"product","link":"https:\/\/legandgo.com\/de\/shop\/softbausteine\/baellebad-fuer-kinder\/","title":{"rendered":"B\u00e4llebad aus Schaumstoff f\u00fcr Kinder"},"content":{"rendered":"<p>Ein Kinder-B\u00e4llebad, das durch Anregen der Sinne f\u00fcr Tasten, Sehen und K\u00f6rperbewusstsein die sensorische Entwicklung von Kindern unterst\u00fctzt. Konzipiert f\u00fcr 500 B\u00e4lle, um ein einzigartiges und aufregendes Spielerlebnis f\u00fcr Babys, Kleinkinder und \u00e4ltere Kinder zu schaffen.<\/p>\n<p>Das B\u00e4llebad ist f\u00fcr Kinder ab 1 Jahr geeignet. Die niedrigen Seitenw\u00e4nde erm\u00f6glichen es Ihrem Baby, selbstst\u00e4ndig hineinzuklettern.  <\/p>\n<p><strong>Entdecken Sie unten mehr.<\/strong><\/p>\n","protected":false},"excerpt":{"rendered":"<p><br data-mce-bogus=\"1\"><\/p>\n","protected":false},"featured_media":52614,"comment_status":"closed","ping_status":"closed","template":"","meta":{"_acf_changed":false,"inline_featured_image":false,"footnotes":""},"product_brand":[],"product_cat":[1319,555],"product_tag":[1437,1440,1436,1438,1445,1439,1444,1443,1441,1442],"class_list":{"0":"post-35825","1":"product","2":"type-product","3":"status-publish","4":"has-post-thumbnail","6":"product_cat-kategorie-spielzeug","7":"product_cat-softbausteine","8":"product_tag-ball-pit-for-kids","9":"product_tag-indoor-soft-play","10":"product_tag-play-ball-pit","11":"product_tag-play-pool","12":"product_tag-soft-ball-set","13":"product_tag-soft-play","14":"product_tag-soft-play-ball-set","15":"product_tag-soft-play-set","16":"product_tag-toddler-play-pool","17":"product_tag-toddler-play-set","18":"product_shipping_class-soft-blocks-de","20":"first","21":"outofstock","22":"purchasable","23":"product-type-simple"},"bundled_by":[],"bundle_stock_status":"outofstock","bundle_stock_quantity":null,"bundle_virtual":false,"bundle_layout":"","bundle_add_to_cart_form_location":"","bundle_editable_in_cart":false,"bundle_sold_individually_context":"","bundle_item_grouping":"","bundle_min_size":"","bundle_max_size":"","bundle_price":[],"bundled_items":[],"bundle_sell_ids":[],"acf":[],"yoast_head":"<!-- This site is optimized with the Yoast SEO plugin v25.9 - https:\/\/yoast.com\/wordpress\/plugins\/seo\/ -->\n<title>Soft Play B\u00e4llebad f\u00fcr Kinder aus Schaumstoff<\/title>\n<meta name=\"description\" content=\"Schaumstoff-B\u00e4llebad Soft Play f\u00fcr Kinder von 1\u20137 Jahren. Sicherer Indoor-Spielspa\u00df mit F\u00f6rderung der sensorischen Entwicklung.\" \/>\n<meta name=\"robots\" content=\"index, follow, max-snippet:-1, max-image-preview:large, max-video-preview:-1\" \/>\n<link rel=\"canonical\" href=\"https:\/\/legandgo.com\/de\/shop\/softbausteine\/baellebad-fuer-kinder\/\" \/>\n<meta property=\"og:locale\" content=\"de_DE\" \/>\n<meta property=\"og:type\" content=\"article\" \/>\n<meta property=\"og:title\" content=\"Soft Play B\u00e4llebad f\u00fcr Kinder aus Schaumstoff\" \/>\n<meta property=\"og:description\" content=\"Schaumstoff-B\u00e4llebad Soft Play f\u00fcr Kinder von 1\u20137 Jahren. Sicherer Indoor-Spielspa\u00df mit F\u00f6rderung der sensorischen Entwicklung.\" \/>\n<meta property=\"og:url\" content=\"https:\/\/legandgo.com\/de\/shop\/softbausteine\/baellebad-fuer-kinder\/\" \/>\n<meta property=\"og:site_name\" content=\"leg&amp;go\" \/>\n<meta property=\"article:publisher\" content=\"https:\/\/www.facebook.com\/legandgo\" \/>\n<meta property=\"article:modified_time\" content=\"2026-02-19T14:17:11+00:00\" \/>\n<meta property=\"og:image\" content=\"https:\/\/legandgo.com\/wp-content\/uploads\/2025\/01\/Ballpit_1.jpg\" \/>\n\t<meta property=\"og:image:width\" content=\"1080\" \/>\n\t<meta property=\"og:image:height\" content=\"1080\" \/>\n\t<meta property=\"og:image:type\" content=\"image\/jpeg\" \/>\n<meta name=\"twitter:card\" content=\"summary_large_image\" \/>\n<script type=\"application\/ld+json\" class=\"yoast-schema-graph\">{\"@context\":\"https:\/\/schema.org\",\"@graph\":[{\"@type\":\"WebPage\",\"@id\":\"https:\/\/legandgo.com\/de\/shop\/softbausteine\/baellebad-fuer-kinder\/\",\"url\":\"https:\/\/legandgo.com\/de\/shop\/softbausteine\/baellebad-fuer-kinder\/\",\"name\":\"Soft Play B\u00e4llebad f\u00fcr Kinder aus Schaumstoff\",\"isPartOf\":{\"@id\":\"https:\/\/legandgo.com\/de\/#website\"},\"primaryImageOfPage\":{\"@id\":\"https:\/\/legandgo.com\/de\/shop\/softbausteine\/baellebad-fuer-kinder\/#primaryimage\"},\"image\":{\"@id\":\"https:\/\/legandgo.com\/de\/shop\/softbausteine\/baellebad-fuer-kinder\/#primaryimage\"},\"thumbnailUrl\":\"https:\/\/legandgo.com\/wp-content\/uploads\/2025\/01\/Ballpit_1.jpg\",\"datePublished\":\"2025-01-27T08:23:01+00:00\",\"dateModified\":\"2026-02-19T14:17:11+00:00\",\"description\":\"Schaumstoff-B\u00e4llebad Soft Play f\u00fcr Kinder von 1\u20137 Jahren. Sicherer Indoor-Spielspa\u00df mit F\u00f6rderung der sensorischen Entwicklung.\",\"breadcrumb\":{\"@id\":\"https:\/\/legandgo.com\/de\/shop\/softbausteine\/baellebad-fuer-kinder\/#breadcrumb\"},\"inLanguage\":\"de-DE\",\"potentialAction\":[{\"@type\":\"ReadAction\",\"target\":[\"https:\/\/legandgo.com\/de\/shop\/softbausteine\/baellebad-fuer-kinder\/\"]}]},{\"@type\":\"ImageObject\",\"inLanguage\":\"de-DE\",\"@id\":\"https:\/\/legandgo.com\/de\/shop\/softbausteine\/baellebad-fuer-kinder\/#primaryimage\",\"url\":\"https:\/\/legandgo.com\/wp-content\/uploads\/2025\/01\/Ballpit_1.jpg\",\"contentUrl\":\"https:\/\/legandgo.com\/wp-content\/uploads\/2025\/01\/Ballpit_1.jpg\",\"width\":1080,\"height\":1080},{\"@type\":\"BreadcrumbList\",\"@id\":\"https:\/\/legandgo.com\/de\/shop\/softbausteine\/baellebad-fuer-kinder\/#breadcrumb\",\"itemListElement\":[{\"@type\":\"ListItem\",\"position\":1,\"name\":\"Home\",\"item\":\"https:\/\/legandgo.com\/de\/\"},{\"@type\":\"ListItem\",\"position\":2,\"name\":\"Shop\",\"item\":\"https:\/\/legandgo.com\/de\/shop\/\"},{\"@type\":\"ListItem\",\"position\":3,\"name\":\"B\u00e4llebad aus Schaumstoff f\u00fcr Kinder\"}]},{\"@type\":\"WebSite\",\"@id\":\"https:\/\/legandgo.com\/de\/#website\",\"url\":\"https:\/\/legandgo.com\/de\/\",\"name\":\"leg&amp;go\",\"description\":\"\",\"publisher\":{\"@id\":\"https:\/\/legandgo.com\/de\/#organization\"},\"potentialAction\":[{\"@type\":\"SearchAction\",\"target\":{\"@type\":\"EntryPoint\",\"urlTemplate\":\"https:\/\/legandgo.com\/de\/?s={search_term_string}\"},\"query-input\":{\"@type\":\"PropertyValueSpecification\",\"valueRequired\":true,\"valueName\":\"search_term_string\"}}],\"inLanguage\":\"de-DE\"},{\"@type\":\"Organization\",\"@id\":\"https:\/\/legandgo.com\/de\/#organization\",\"name\":\"leg&go bike\",\"url\":\"https:\/\/legandgo.com\/de\/\",\"logo\":{\"@type\":\"ImageObject\",\"inLanguage\":\"de-DE\",\"@id\":\"https:\/\/legandgo.com\/de\/#\/schema\/logo\/image\/\",\"url\":\"https:\/\/legandgo.com\/wp-content\/uploads\/2021\/03\/logorf.png\",\"contentUrl\":\"https:\/\/legandgo.com\/wp-content\/uploads\/2021\/03\/logorf.png\",\"width\":675,\"height\":216,\"caption\":\"leg&go bike\"},\"image\":{\"@id\":\"https:\/\/legandgo.com\/de\/#\/schema\/logo\/image\/\"},\"sameAs\":[\"https:\/\/www.facebook.com\/legandgo\",\"https:\/\/www.instagram.com\/legandgo\/\",\"https:\/\/www.linkedin.com\/company\/legandgo\/\",\"https:\/\/www.pinterest.com\/legandgo\/\",\"https:\/\/www.youtube.com\/channel\/UC_FBzWPmKWE0g7fcR4Xdfuw\/\"]}]}<\/script>\n<!-- \/ Yoast SEO plugin. -->","yoast_head_json":{"title":"Soft Play B\u00e4llebad f\u00fcr Kinder aus Schaumstoff","description":"Schaumstoff-B\u00e4llebad Soft Play f\u00fcr Kinder von 1\u20137 Jahren. Sicherer Indoor-Spielspa\u00df mit F\u00f6rderung der sensorischen Entwicklung.","robots":{"index":"index","follow":"follow","max-snippet":"max-snippet:-1","max-image-preview":"max-image-preview:large","max-video-preview":"max-video-preview:-1"},"canonical":"https:\/\/legandgo.com\/de\/shop\/softbausteine\/baellebad-fuer-kinder\/","og_locale":"de_DE","og_type":"article","og_title":"Soft Play B\u00e4llebad f\u00fcr Kinder aus Schaumstoff","og_description":"Schaumstoff-B\u00e4llebad Soft Play f\u00fcr Kinder von 1\u20137 Jahren. Sicherer Indoor-Spielspa\u00df mit F\u00f6rderung der sensorischen Entwicklung.","og_url":"https:\/\/legandgo.com\/de\/shop\/softbausteine\/baellebad-fuer-kinder\/","og_site_name":"leg&amp;go","article_publisher":"https:\/\/www.facebook.com\/legandgo","article_modified_time":"2026-02-19T14:17:11+00:00","og_image":[{"width":1080,"height":1080,"url":"https:\/\/legandgo.com\/wp-content\/uploads\/2025\/01\/Ballpit_1.jpg","type":"image\/jpeg"}],"twitter_card":"summary_large_image","schema":{"@context":"https:\/\/schema.org","@graph":[{"@type":"WebPage","@id":"https:\/\/legandgo.com\/de\/shop\/softbausteine\/baellebad-fuer-kinder\/","url":"https:\/\/legandgo.com\/de\/shop\/softbausteine\/baellebad-fuer-kinder\/","name":"Soft Play B\u00e4llebad f\u00fcr Kinder aus Schaumstoff","isPartOf":{"@id":"https:\/\/legandgo.com\/de\/#website"},"primaryImageOfPage":{"@id":"https:\/\/legandgo.com\/de\/shop\/softbausteine\/baellebad-fuer-kinder\/#primaryimage"},"image":{"@id":"https:\/\/legandgo.com\/de\/shop\/softbausteine\/baellebad-fuer-kinder\/#primaryimage"},"thumbnailUrl":"https:\/\/legandgo.com\/wp-content\/uploads\/2025\/01\/Ballpit_1.jpg","datePublished":"2025-01-27T08:23:01+00:00","dateModified":"2026-02-19T14:17:11+00:00","description":"Schaumstoff-B\u00e4llebad Soft Play f\u00fcr Kinder von 1\u20137 Jahren. Sicherer Indoor-Spielspa\u00df mit F\u00f6rderung der sensorischen Entwicklung.","breadcrumb":{"@id":"https:\/\/legandgo.com\/de\/shop\/softbausteine\/baellebad-fuer-kinder\/#breadcrumb"},"inLanguage":"de-DE","potentialAction":[{"@type":"ReadAction","target":["https:\/\/legandgo.com\/de\/shop\/softbausteine\/baellebad-fuer-kinder\/"]}]},{"@type":"ImageObject","inLanguage":"de-DE","@id":"https:\/\/legandgo.com\/de\/shop\/softbausteine\/baellebad-fuer-kinder\/#primaryimage","url":"https:\/\/legandgo.com\/wp-content\/uploads\/2025\/01\/Ballpit_1.jpg","contentUrl":"https:\/\/legandgo.com\/wp-content\/uploads\/2025\/01\/Ballpit_1.jpg","width":1080,"height":1080},{"@type":"BreadcrumbList","@id":"https:\/\/legandgo.com\/de\/shop\/softbausteine\/baellebad-fuer-kinder\/#breadcrumb","itemListElement":[{"@type":"ListItem","position":1,"name":"Home","item":"https:\/\/legandgo.com\/de\/"},{"@type":"ListItem","position":2,"name":"Shop","item":"https:\/\/legandgo.com\/de\/shop\/"},{"@type":"ListItem","position":3,"name":"B\u00e4llebad aus Schaumstoff f\u00fcr Kinder"}]},{"@type":"WebSite","@id":"https:\/\/legandgo.com\/de\/#website","url":"https:\/\/legandgo.com\/de\/","name":"leg&amp;go","description":"","publisher":{"@id":"https:\/\/legandgo.com\/de\/#organization"},"potentialAction":[{"@type":"SearchAction","target":{"@type":"EntryPoint","urlTemplate":"https:\/\/legandgo.com\/de\/?s={search_term_string}"},"query-input":{"@type":"PropertyValueSpecification","valueRequired":true,"valueName":"search_term_string"}}],"inLanguage":"de-DE"},{"@type":"Organization","@id":"https:\/\/legandgo.com\/de\/#organization","name":"leg&go bike","url":"https:\/\/legandgo.com\/de\/","logo":{"@type":"ImageObject","inLanguage":"de-DE","@id":"https:\/\/legandgo.com\/de\/#\/schema\/logo\/image\/","url":"https:\/\/legandgo.com\/wp-content\/uploads\/2021\/03\/logorf.png","contentUrl":"https:\/\/legandgo.com\/wp-content\/uploads\/2021\/03\/logorf.png","width":675,"height":216,"caption":"leg&go bike"},"image":{"@id":"https:\/\/legandgo.com\/de\/#\/schema\/logo\/image\/"},"sameAs":["https:\/\/www.facebook.com\/legandgo","https:\/\/www.instagram.com\/legandgo\/","https:\/\/www.linkedin.com\/company\/legandgo\/","https:\/\/www.pinterest.com\/legandgo\/","https:\/\/www.youtube.com\/channel\/UC_FBzWPmKWE0g7fcR4Xdfuw\/"]}]}},"_links":{"self":[{"href":"https:\/\/legandgo.com\/de\/wp-json\/wp\/v2\/product\/35825","targetHints":{"allow":["GET"]}}],"collection":[{"href":"https:\/\/legandgo.com\/de\/wp-json\/wp\/v2\/product"}],"about":[{"href":"https:\/\/legandgo.com\/de\/wp-json\/wp\/v2\/types\/product"}],"replies":[{"embeddable":true,"href":"https:\/\/legandgo.com\/de\/wp-json\/wp\/v2\/comments?post=35825"}],"version-history":[{"count":13,"href":"https:\/\/legandgo.com\/de\/wp-json\/wp\/v2\/product\/35825\/revisions"}],"predecessor-version":[{"id":52691,"href":"https:\/\/legandgo.com\/de\/wp-json\/wp\/v2\/product\/35825\/revisions\/52691"}],"wp:featuredmedia":[{"embeddable":true,"href":"https:\/\/legandgo.com\/de\/wp-json\/wp\/v2\/media\/52614"}],"wp:attachment":[{"href":"https:\/\/legandgo.com\/de\/wp-json\/wp\/v2\/media?parent=35825"}],"wp:term":[{"taxonomy":"product_brand","embeddable":true,"href":"https:\/\/legandgo.com\/de\/wp-json\/wp\/v2\/product_brand?post=35825"},{"taxonomy":"product_cat","embeddable":true,"href":"https:\/\/legandgo.com\/de\/wp-json\/wp\/v2\/product_cat?post=35825"},{"taxonomy":"product_tag","embeddable":true,"href":"https:\/\/legandgo.com\/de\/wp-json\/wp\/v2\/product_tag?post=35825"}],"curies":[{"name":"wp","href":"https:\/\/api.w.org\/{rel}","templated":true}]}}