{"id":37034,"date":"2025-03-20T17:55:40","date_gmt":"2025-03-20T15:55:40","guid":{"rendered":"https:\/\/legandgo.com\/?post_type=product&#038;p=37034"},"modified":"2026-02-20T19:54:59","modified_gmt":"2026-02-20T17:54:59","slug":"sitzsack-teddy","status":"publish","type":"product","link":"https:\/\/legandgo.com\/de\/shop\/kindermoebel\/sitzsack-teddy\/","title":{"rendered":"Sitzsack Teddy"},"content":{"rendered":"<p style=\"font-weight: 400;\">Der Wigiwama Sitzsack B\u00e4r wurde liebevoll f\u00fcr kleine Kinder entworfen, die ihren eigenen besonderen Platz lieben. Leicht und einfach zu bewegen, wandert er m\u00fchelos vom Kinderzimmer ins Wohnzimmer oder von der Leseecke in den Spielbereich. <\/p>\n<p style=\"font-weight: 400;\">Die weiche Teddy Textur, die sanft st\u00fctzende Form und die niedlichen kleinen Ohren machen ihn unwiderstehlich zum Spielen und Entspannen. Perfekt zum Lesen, Ausruhen und f\u00fcr ruhige Momente nach einem ereignisreichen Tag. <\/p>\n<p style=\"font-weight: 400;\"><strong>Entdecken Sie unten mehr.<\/strong><\/p>\n","protected":false},"excerpt":{"rendered":"<p>Der Wigiwama Sitzsack B\u00e4r wurde liebevoll f\u00fcr kleine Kinder entworfen, die ihren eigenen besonderen Platz lieben. Leicht und einfach zu bewegen, wandert er m\u00fchelos vom Kinderzimmer ins Wohnzimmer oder von der Leseecke in den Spielbereich. Die weiche Teddy Textur, die sanft st\u00fctzende Form und die niedlichen kleinen Ohren machen ihn unwiderstehlich zum Spielen und Entspannen.<a class=\"excerpt-read-more\" href=\"https:\/\/legandgo.com\/de\/shop\/kindermoebel\/sitzsack-teddy\/\" title=\"ReadSitzsack Teddy\">&#8230; Read more &raquo;<\/a><\/p>\n","protected":false},"featured_media":37119,"comment_status":"closed","ping_status":"closed","template":"","meta":{"_acf_changed":false,"inline_featured_image":false,"footnotes":""},"product_brand":[],"product_cat":[1315,1232,407],"product_tag":[1244,1241,1234,1237,1236,1238,1246,1245,1243,1233,1235,1242,1239,1240,1247],"class_list":{"0":"post-37034","1":"product","2":"type-product","3":"status-publish","4":"has-post-thumbnail","6":"product_cat-mobel","7":"product_cat-sitzsack-teddy","8":"product_cat-kindermoebel","9":"product_tag-beanbag-chair","10":"product_tag-childrens-seating","11":"product_tag-childrens-sofa","12":"product_tag-childrens-sofa-beds","13":"product_tag-infant-sofa","14":"product_tag-kiddies-sofas","15":"product_tag-kids-beanbag","16":"product_tag-kids-beanbag-chair","17":"product_tag-kids-couch","18":"product_tag-kids-sofa","19":"product_tag-play-couch","20":"product_tag-play-sofas","21":"product_tag-playroom-sofa","22":"product_tag-soft-play-furniture","23":"product_tag-toddler-beanbag","24":"product_shipping_class-beanbags-cushions-shipping-de","25":"pa_color-cremeweisse","26":"pa_color-keks","27":"pa_color-ahorn","28":"pa_color-guave","30":"first","31":"instock","32":"purchasable","33":"product-type-variable"},"bundled_by":[],"bundle_stock_status":"instock","bundle_stock_quantity":null,"bundle_virtual":false,"bundle_layout":"","bundle_add_to_cart_form_location":"","bundle_editable_in_cart":false,"bundle_sold_individually_context":"","bundle_item_grouping":"","bundle_min_size":"","bundle_max_size":"","bundle_price":[],"bundled_items":[],"bundle_sell_ids":[],"acf":[],"yoast_head":"<!-- This site is optimized with the Yoast SEO plugin v25.9 - https:\/\/yoast.com\/wordpress\/plugins\/seo\/ -->\n<title>Sitzsack Teddy &#183; leg&amp;go<\/title>\n<meta name=\"description\" content=\"Sitzsack B\u00e4r f\u00fcr Kinder aus weichem Teddy Stoff. Leicht, gem\u00fctlich und OEKO TEX zertifiziert. Perfekt zum Lesen, Spielen und Entspannen im Kinderzimmer.\" \/>\n<meta name=\"robots\" content=\"index, follow, max-snippet:-1, max-image-preview:large, max-video-preview:-1\" \/>\n<link rel=\"canonical\" href=\"https:\/\/legandgo.com\/de\/shop\/kindermoebel\/sitzsack-teddy\/\" \/>\n<meta property=\"og:locale\" content=\"de_DE\" \/>\n<meta property=\"og:type\" content=\"article\" \/>\n<meta property=\"og:title\" content=\"Sitzsack Teddy &#183; leg&amp;go\" \/>\n<meta property=\"og:description\" content=\"Sitzsack B\u00e4r f\u00fcr Kinder aus weichem Teddy Stoff. Leicht, gem\u00fctlich und OEKO TEX zertifiziert. Perfekt zum Lesen, Spielen und Entspannen im Kinderzimmer.\" \/>\n<meta property=\"og:url\" content=\"https:\/\/legandgo.com\/de\/shop\/kindermoebel\/sitzsack-teddy\/\" \/>\n<meta property=\"og:site_name\" content=\"leg&amp;go\" \/>\n<meta property=\"article:publisher\" content=\"https:\/\/www.facebook.com\/legandgo\" \/>\n<meta property=\"article:modified_time\" content=\"2026-02-20T17:54:59+00:00\" \/>\n<meta property=\"og:image\" content=\"https:\/\/legandgo.com\/wp-content\/uploads\/2025\/03\/beanbag-icon.jpg\" \/>\n\t<meta property=\"og:image:width\" content=\"900\" \/>\n\t<meta property=\"og:image:height\" content=\"900\" \/>\n\t<meta property=\"og:image:type\" content=\"image\/jpeg\" \/>\n<meta name=\"twitter:card\" content=\"summary_large_image\" \/>\n<script type=\"application\/ld+json\" class=\"yoast-schema-graph\">{\"@context\":\"https:\/\/schema.org\",\"@graph\":[{\"@type\":\"WebPage\",\"@id\":\"https:\/\/legandgo.com\/de\/shop\/kindermoebel\/sitzsack-teddy\/\",\"url\":\"https:\/\/legandgo.com\/de\/shop\/kindermoebel\/sitzsack-teddy\/\",\"name\":\"Sitzsack Teddy &#183; leg&amp;go\",\"isPartOf\":{\"@id\":\"https:\/\/legandgo.com\/de\/#website\"},\"primaryImageOfPage\":{\"@id\":\"https:\/\/legandgo.com\/de\/shop\/kindermoebel\/sitzsack-teddy\/#primaryimage\"},\"image\":{\"@id\":\"https:\/\/legandgo.com\/de\/shop\/kindermoebel\/sitzsack-teddy\/#primaryimage\"},\"thumbnailUrl\":\"https:\/\/legandgo.com\/wp-content\/uploads\/2025\/03\/beanbag-icon.jpg\",\"datePublished\":\"2025-03-20T15:55:40+00:00\",\"dateModified\":\"2026-02-20T17:54:59+00:00\",\"description\":\"Sitzsack B\u00e4r f\u00fcr Kinder aus weichem Teddy Stoff. Leicht, gem\u00fctlich und OEKO TEX zertifiziert. Perfekt zum Lesen, Spielen und Entspannen im Kinderzimmer.\",\"breadcrumb\":{\"@id\":\"https:\/\/legandgo.com\/de\/shop\/kindermoebel\/sitzsack-teddy\/#breadcrumb\"},\"inLanguage\":\"de-DE\",\"potentialAction\":[{\"@type\":\"ReadAction\",\"target\":[\"https:\/\/legandgo.com\/de\/shop\/kindermoebel\/sitzsack-teddy\/\"]}]},{\"@type\":\"ImageObject\",\"inLanguage\":\"de-DE\",\"@id\":\"https:\/\/legandgo.com\/de\/shop\/kindermoebel\/sitzsack-teddy\/#primaryimage\",\"url\":\"https:\/\/legandgo.com\/wp-content\/uploads\/2025\/03\/beanbag-icon.jpg\",\"contentUrl\":\"https:\/\/legandgo.com\/wp-content\/uploads\/2025\/03\/beanbag-icon.jpg\",\"width\":900,\"height\":900,\"caption\":\"Beanbag\"},{\"@type\":\"BreadcrumbList\",\"@id\":\"https:\/\/legandgo.com\/de\/shop\/kindermoebel\/sitzsack-teddy\/#breadcrumb\",\"itemListElement\":[{\"@type\":\"ListItem\",\"position\":1,\"name\":\"Home\",\"item\":\"https:\/\/legandgo.com\/de\/\"},{\"@type\":\"ListItem\",\"position\":2,\"name\":\"Shop\",\"item\":\"https:\/\/legandgo.com\/de\/shop\/\"},{\"@type\":\"ListItem\",\"position\":3,\"name\":\"Sitzsack Teddy\"}]},{\"@type\":\"WebSite\",\"@id\":\"https:\/\/legandgo.com\/de\/#website\",\"url\":\"https:\/\/legandgo.com\/de\/\",\"name\":\"leg&amp;go\",\"description\":\"\",\"publisher\":{\"@id\":\"https:\/\/legandgo.com\/de\/#organization\"},\"potentialAction\":[{\"@type\":\"SearchAction\",\"target\":{\"@type\":\"EntryPoint\",\"urlTemplate\":\"https:\/\/legandgo.com\/de\/?s={search_term_string}\"},\"query-input\":{\"@type\":\"PropertyValueSpecification\",\"valueRequired\":true,\"valueName\":\"search_term_string\"}}],\"inLanguage\":\"de-DE\"},{\"@type\":\"Organization\",\"@id\":\"https:\/\/legandgo.com\/de\/#organization\",\"name\":\"leg&go bike\",\"url\":\"https:\/\/legandgo.com\/de\/\",\"logo\":{\"@type\":\"ImageObject\",\"inLanguage\":\"de-DE\",\"@id\":\"https:\/\/legandgo.com\/de\/#\/schema\/logo\/image\/\",\"url\":\"https:\/\/legandgo.com\/wp-content\/uploads\/2021\/03\/logorf.png\",\"contentUrl\":\"https:\/\/legandgo.com\/wp-content\/uploads\/2021\/03\/logorf.png\",\"width\":675,\"height\":216,\"caption\":\"leg&go bike\"},\"image\":{\"@id\":\"https:\/\/legandgo.com\/de\/#\/schema\/logo\/image\/\"},\"sameAs\":[\"https:\/\/www.facebook.com\/legandgo\",\"https:\/\/www.instagram.com\/legandgo\/\",\"https:\/\/www.linkedin.com\/company\/legandgo\/\",\"https:\/\/www.pinterest.com\/legandgo\/\",\"https:\/\/www.youtube.com\/channel\/UC_FBzWPmKWE0g7fcR4Xdfuw\/\"]}]}<\/script>\n<!-- \/ Yoast SEO plugin. -->","yoast_head_json":{"title":"Sitzsack Teddy &#183; leg&amp;go","description":"Sitzsack B\u00e4r f\u00fcr Kinder aus weichem Teddy Stoff. Leicht, gem\u00fctlich und OEKO TEX zertifiziert. Perfekt zum Lesen, Spielen und Entspannen im Kinderzimmer.","robots":{"index":"index","follow":"follow","max-snippet":"max-snippet:-1","max-image-preview":"max-image-preview:large","max-video-preview":"max-video-preview:-1"},"canonical":"https:\/\/legandgo.com\/de\/shop\/kindermoebel\/sitzsack-teddy\/","og_locale":"de_DE","og_type":"article","og_title":"Sitzsack Teddy &#183; leg&amp;go","og_description":"Sitzsack B\u00e4r f\u00fcr Kinder aus weichem Teddy Stoff. Leicht, gem\u00fctlich und OEKO TEX zertifiziert. Perfekt zum Lesen, Spielen und Entspannen im Kinderzimmer.","og_url":"https:\/\/legandgo.com\/de\/shop\/kindermoebel\/sitzsack-teddy\/","og_site_name":"leg&amp;go","article_publisher":"https:\/\/www.facebook.com\/legandgo","article_modified_time":"2026-02-20T17:54:59+00:00","og_image":[{"width":900,"height":900,"url":"https:\/\/legandgo.com\/wp-content\/uploads\/2025\/03\/beanbag-icon.jpg","type":"image\/jpeg"}],"twitter_card":"summary_large_image","schema":{"@context":"https:\/\/schema.org","@graph":[{"@type":"WebPage","@id":"https:\/\/legandgo.com\/de\/shop\/kindermoebel\/sitzsack-teddy\/","url":"https:\/\/legandgo.com\/de\/shop\/kindermoebel\/sitzsack-teddy\/","name":"Sitzsack Teddy &#183; leg&amp;go","isPartOf":{"@id":"https:\/\/legandgo.com\/de\/#website"},"primaryImageOfPage":{"@id":"https:\/\/legandgo.com\/de\/shop\/kindermoebel\/sitzsack-teddy\/#primaryimage"},"image":{"@id":"https:\/\/legandgo.com\/de\/shop\/kindermoebel\/sitzsack-teddy\/#primaryimage"},"thumbnailUrl":"https:\/\/legandgo.com\/wp-content\/uploads\/2025\/03\/beanbag-icon.jpg","datePublished":"2025-03-20T15:55:40+00:00","dateModified":"2026-02-20T17:54:59+00:00","description":"Sitzsack B\u00e4r f\u00fcr Kinder aus weichem Teddy Stoff. Leicht, gem\u00fctlich und OEKO TEX zertifiziert. Perfekt zum Lesen, Spielen und Entspannen im Kinderzimmer.","breadcrumb":{"@id":"https:\/\/legandgo.com\/de\/shop\/kindermoebel\/sitzsack-teddy\/#breadcrumb"},"inLanguage":"de-DE","potentialAction":[{"@type":"ReadAction","target":["https:\/\/legandgo.com\/de\/shop\/kindermoebel\/sitzsack-teddy\/"]}]},{"@type":"ImageObject","inLanguage":"de-DE","@id":"https:\/\/legandgo.com\/de\/shop\/kindermoebel\/sitzsack-teddy\/#primaryimage","url":"https:\/\/legandgo.com\/wp-content\/uploads\/2025\/03\/beanbag-icon.jpg","contentUrl":"https:\/\/legandgo.com\/wp-content\/uploads\/2025\/03\/beanbag-icon.jpg","width":900,"height":900,"caption":"Beanbag"},{"@type":"BreadcrumbList","@id":"https:\/\/legandgo.com\/de\/shop\/kindermoebel\/sitzsack-teddy\/#breadcrumb","itemListElement":[{"@type":"ListItem","position":1,"name":"Home","item":"https:\/\/legandgo.com\/de\/"},{"@type":"ListItem","position":2,"name":"Shop","item":"https:\/\/legandgo.com\/de\/shop\/"},{"@type":"ListItem","position":3,"name":"Sitzsack Teddy"}]},{"@type":"WebSite","@id":"https:\/\/legandgo.com\/de\/#website","url":"https:\/\/legandgo.com\/de\/","name":"leg&amp;go","description":"","publisher":{"@id":"https:\/\/legandgo.com\/de\/#organization"},"potentialAction":[{"@type":"SearchAction","target":{"@type":"EntryPoint","urlTemplate":"https:\/\/legandgo.com\/de\/?s={search_term_string}"},"query-input":{"@type":"PropertyValueSpecification","valueRequired":true,"valueName":"search_term_string"}}],"inLanguage":"de-DE"},{"@type":"Organization","@id":"https:\/\/legandgo.com\/de\/#organization","name":"leg&go bike","url":"https:\/\/legandgo.com\/de\/","logo":{"@type":"ImageObject","inLanguage":"de-DE","@id":"https:\/\/legandgo.com\/de\/#\/schema\/logo\/image\/","url":"https:\/\/legandgo.com\/wp-content\/uploads\/2021\/03\/logorf.png","contentUrl":"https:\/\/legandgo.com\/wp-content\/uploads\/2021\/03\/logorf.png","width":675,"height":216,"caption":"leg&go bike"},"image":{"@id":"https:\/\/legandgo.com\/de\/#\/schema\/logo\/image\/"},"sameAs":["https:\/\/www.facebook.com\/legandgo","https:\/\/www.instagram.com\/legandgo\/","https:\/\/www.linkedin.com\/company\/legandgo\/","https:\/\/www.pinterest.com\/legandgo\/","https:\/\/www.youtube.com\/channel\/UC_FBzWPmKWE0g7fcR4Xdfuw\/"]}]}},"_links":{"self":[{"href":"https:\/\/legandgo.com\/de\/wp-json\/wp\/v2\/product\/37034","targetHints":{"allow":["GET"]}}],"collection":[{"href":"https:\/\/legandgo.com\/de\/wp-json\/wp\/v2\/product"}],"about":[{"href":"https:\/\/legandgo.com\/de\/wp-json\/wp\/v2\/types\/product"}],"replies":[{"embeddable":true,"href":"https:\/\/legandgo.com\/de\/wp-json\/wp\/v2\/comments?post=37034"}],"version-history":[{"count":20,"href":"https:\/\/legandgo.com\/de\/wp-json\/wp\/v2\/product\/37034\/revisions"}],"predecessor-version":[{"id":52979,"href":"https:\/\/legandgo.com\/de\/wp-json\/wp\/v2\/product\/37034\/revisions\/52979"}],"wp:featuredmedia":[{"embeddable":true,"href":"https:\/\/legandgo.com\/de\/wp-json\/wp\/v2\/media\/37119"}],"wp:attachment":[{"href":"https:\/\/legandgo.com\/de\/wp-json\/wp\/v2\/media?parent=37034"}],"wp:term":[{"taxonomy":"product_brand","embeddable":true,"href":"https:\/\/legandgo.com\/de\/wp-json\/wp\/v2\/product_brand?post=37034"},{"taxonomy":"product_cat","embeddable":true,"href":"https:\/\/legandgo.com\/de\/wp-json\/wp\/v2\/product_cat?post=37034"},{"taxonomy":"product_tag","embeddable":true,"href":"https:\/\/legandgo.com\/de\/wp-json\/wp\/v2\/product_tag?post=37034"}],"curies":[{"name":"wp","href":"https:\/\/api.w.org\/{rel}","templated":true}]}}