{"id":37040,"date":"2025-03-26T16:11:02","date_gmt":"2025-03-26T14:11:02","guid":{"rendered":"https:\/\/legandgo.com\/?post_type=product&#038;p=37040"},"modified":"2026-03-11T20:27:39","modified_gmt":"2026-03-11T18:27:39","slug":"sitzsack-sessel","status":"publish","type":"product","link":"https:\/\/legandgo.com\/de\/shop\/kindermoebel\/sitzsack-sessel\/","title":{"rendered":"Sitzsack Sessel"},"content":{"rendered":"<p style=\"font-weight: 400;\">Der Wigiwama Kinder Sitzsack Sessel vereint Komfort, weiche Materialien und ein klares Design. Seine sanft geformte Struktur sorgt f\u00fcr eine entspannte und unterst\u00fctzende Sitzposition und passt perfekt in Kinderzimmer, Spielzimmer oder Wohnbereiche. <\/p>\n<p style=\"font-weight: 400;\">Leicht und einfach zu bewegen, l\u00e4sst er sich m\u00fchelos von Raum zu Raum tragen, sodass Kinder ihren eigenen gem\u00fctlichen Sitzplatz \u00fcberall genie\u00dfen k\u00f6nnen \u2013 zum Lesen, Entspannen oder Spielen.<\/p>\n<p style=\"font-weight: 400;\"><strong>Entdecken Sie unten mehr.<\/strong><\/p>\n","protected":false},"excerpt":{"rendered":"<p>Der Wigiwama Kinder Sitzsack Sessel vereint Komfort, weiche Materialien und ein klares Design. Seine sanft geformte Struktur sorgt f\u00fcr eine entspannte und unterst\u00fctzende Sitzposition und passt perfekt in Kinderzimmer, Spielzimmer oder Wohnbereiche. Leicht und einfach zu bewegen, l\u00e4sst er sich m\u00fchelos von Raum zu Raum tragen, sodass Kinder ihren eigenen gem\u00fctlichen Sitzplatz \u00fcberall genie\u00dfen k\u00f6nnen<a class=\"excerpt-read-more\" href=\"https:\/\/legandgo.com\/de\/shop\/kindermoebel\/sitzsack-sessel\/\" title=\"ReadSitzsack Sessel\">&#8230; Read more &raquo;<\/a><\/p>\n","protected":false},"featured_media":37124,"comment_status":"closed","ping_status":"closed","template":"","meta":{"_acf_changed":false,"inline_featured_image":false,"footnotes":""},"product_brand":[],"product_cat":[1315,407],"product_tag":[1244,1241,1234,1236,1238,1246,1245,1243,1233,1582,1235,1242,1240,1247],"class_list":{"0":"post-37040","1":"product","2":"type-product","3":"status-publish","4":"has-post-thumbnail","6":"product_cat-mobel","7":"product_cat-kindermoebel","8":"product_tag-beanbag-chair","9":"product_tag-childrens-seating","10":"product_tag-childrens-sofa","11":"product_tag-infant-sofa","12":"product_tag-kiddies-sofas","13":"product_tag-kids-beanbag","14":"product_tag-kids-beanbag-chair","15":"product_tag-kids-couch","16":"product_tag-kids-sofa","17":"product_tag-kinder-sitzsack-sessel","18":"product_tag-play-couch","19":"product_tag-play-sofas","20":"product_tag-soft-play-furniture","21":"product_tag-toddler-beanbag","22":"product_shipping_class-beanbags-cushions-shipping-de","24":"first","25":"instock","26":"purchasable","27":"product-type-variable"},"bundled_by":[],"bundle_stock_status":"instock","bundle_stock_quantity":null,"bundle_virtual":false,"bundle_layout":"","bundle_add_to_cart_form_location":"","bundle_editable_in_cart":false,"bundle_sold_individually_context":"","bundle_item_grouping":"","bundle_min_size":"","bundle_max_size":"","bundle_price":[],"bundled_items":[],"bundle_sell_ids":[],"acf":[],"yoast_head":"<!-- This site is optimized with the Yoast SEO plugin v25.9 - https:\/\/yoast.com\/wordpress\/plugins\/seo\/ -->\n<title>Sitzsack Sessel &#183; leg&amp;go<\/title>\n<meta name=\"description\" content=\"Sitzsack B\u00e4r f\u00fcr Kinder aus weichem Teddy Stoff. Leicht, gem\u00fctlich und OEKO TEX zertifiziert. Perfekt zum Lesen, Spielen und Entspannen im Kinderzimmer.\" \/>\n<meta name=\"robots\" content=\"index, follow, max-snippet:-1, max-image-preview:large, max-video-preview:-1\" \/>\n<link rel=\"canonical\" href=\"https:\/\/legandgo.com\/de\/shop\/kindermoebel\/sitzsack-sessel\/\" \/>\n<meta property=\"og:locale\" content=\"de_DE\" \/>\n<meta property=\"og:type\" content=\"article\" \/>\n<meta property=\"og:title\" content=\"Sitzsack Sessel &#183; leg&amp;go\" \/>\n<meta property=\"og:description\" content=\"Sitzsack B\u00e4r f\u00fcr Kinder aus weichem Teddy Stoff. Leicht, gem\u00fctlich und OEKO TEX zertifiziert. Perfekt zum Lesen, Spielen und Entspannen im Kinderzimmer.\" \/>\n<meta property=\"og:url\" content=\"https:\/\/legandgo.com\/de\/shop\/kindermoebel\/sitzsack-sessel\/\" \/>\n<meta property=\"og:site_name\" content=\"leg&amp;go\" \/>\n<meta property=\"article:publisher\" content=\"https:\/\/www.facebook.com\/legandgo\" \/>\n<meta property=\"article:modified_time\" content=\"2026-03-11T18:27:39+00:00\" \/>\n<meta property=\"og:image\" content=\"https:\/\/legandgo.com\/wp-content\/uploads\/2025\/03\/beanbag-chair-icon.jpg\" \/>\n\t<meta property=\"og:image:width\" content=\"900\" \/>\n\t<meta property=\"og:image:height\" content=\"900\" \/>\n\t<meta property=\"og:image:type\" content=\"image\/jpeg\" \/>\n<meta name=\"twitter:card\" content=\"summary_large_image\" \/>\n<script type=\"application\/ld+json\" class=\"yoast-schema-graph\">{\"@context\":\"https:\/\/schema.org\",\"@graph\":[{\"@type\":\"WebPage\",\"@id\":\"https:\/\/legandgo.com\/de\/shop\/kindermoebel\/sitzsack-sessel\/\",\"url\":\"https:\/\/legandgo.com\/de\/shop\/kindermoebel\/sitzsack-sessel\/\",\"name\":\"Sitzsack Sessel &#183; leg&amp;go\",\"isPartOf\":{\"@id\":\"https:\/\/legandgo.com\/de\/#website\"},\"primaryImageOfPage\":{\"@id\":\"https:\/\/legandgo.com\/de\/shop\/kindermoebel\/sitzsack-sessel\/#primaryimage\"},\"image\":{\"@id\":\"https:\/\/legandgo.com\/de\/shop\/kindermoebel\/sitzsack-sessel\/#primaryimage\"},\"thumbnailUrl\":\"https:\/\/legandgo.com\/wp-content\/uploads\/2025\/03\/beanbag-chair-icon.jpg\",\"datePublished\":\"2025-03-26T14:11:02+00:00\",\"dateModified\":\"2026-03-11T18:27:39+00:00\",\"description\":\"Sitzsack B\u00e4r f\u00fcr Kinder aus weichem Teddy Stoff. Leicht, gem\u00fctlich und OEKO TEX zertifiziert. Perfekt zum Lesen, Spielen und Entspannen im Kinderzimmer.\",\"breadcrumb\":{\"@id\":\"https:\/\/legandgo.com\/de\/shop\/kindermoebel\/sitzsack-sessel\/#breadcrumb\"},\"inLanguage\":\"de-DE\",\"potentialAction\":[{\"@type\":\"ReadAction\",\"target\":[\"https:\/\/legandgo.com\/de\/shop\/kindermoebel\/sitzsack-sessel\/\"]}]},{\"@type\":\"ImageObject\",\"inLanguage\":\"de-DE\",\"@id\":\"https:\/\/legandgo.com\/de\/shop\/kindermoebel\/sitzsack-sessel\/#primaryimage\",\"url\":\"https:\/\/legandgo.com\/wp-content\/uploads\/2025\/03\/beanbag-chair-icon.jpg\",\"contentUrl\":\"https:\/\/legandgo.com\/wp-content\/uploads\/2025\/03\/beanbag-chair-icon.jpg\",\"width\":900,\"height\":900,\"caption\":\"Sitzsack Sessel\"},{\"@type\":\"BreadcrumbList\",\"@id\":\"https:\/\/legandgo.com\/de\/shop\/kindermoebel\/sitzsack-sessel\/#breadcrumb\",\"itemListElement\":[{\"@type\":\"ListItem\",\"position\":1,\"name\":\"Home\",\"item\":\"https:\/\/legandgo.com\/de\/\"},{\"@type\":\"ListItem\",\"position\":2,\"name\":\"Shop\",\"item\":\"https:\/\/legandgo.com\/de\/shop\/\"},{\"@type\":\"ListItem\",\"position\":3,\"name\":\"Sitzsack Sessel\"}]},{\"@type\":\"WebSite\",\"@id\":\"https:\/\/legandgo.com\/de\/#website\",\"url\":\"https:\/\/legandgo.com\/de\/\",\"name\":\"leg&amp;go\",\"description\":\"\",\"publisher\":{\"@id\":\"https:\/\/legandgo.com\/de\/#organization\"},\"potentialAction\":[{\"@type\":\"SearchAction\",\"target\":{\"@type\":\"EntryPoint\",\"urlTemplate\":\"https:\/\/legandgo.com\/de\/?s={search_term_string}\"},\"query-input\":{\"@type\":\"PropertyValueSpecification\",\"valueRequired\":true,\"valueName\":\"search_term_string\"}}],\"inLanguage\":\"de-DE\"},{\"@type\":\"Organization\",\"@id\":\"https:\/\/legandgo.com\/de\/#organization\",\"name\":\"leg&go bike\",\"url\":\"https:\/\/legandgo.com\/de\/\",\"logo\":{\"@type\":\"ImageObject\",\"inLanguage\":\"de-DE\",\"@id\":\"https:\/\/legandgo.com\/de\/#\/schema\/logo\/image\/\",\"url\":\"https:\/\/legandgo.com\/wp-content\/uploads\/2021\/03\/logorf.png\",\"contentUrl\":\"https:\/\/legandgo.com\/wp-content\/uploads\/2021\/03\/logorf.png\",\"width\":675,\"height\":216,\"caption\":\"leg&go bike\"},\"image\":{\"@id\":\"https:\/\/legandgo.com\/de\/#\/schema\/logo\/image\/\"},\"sameAs\":[\"https:\/\/www.facebook.com\/legandgo\",\"https:\/\/www.instagram.com\/legandgo\/\",\"https:\/\/www.linkedin.com\/company\/legandgo\/\",\"https:\/\/www.pinterest.com\/legandgo\/\",\"https:\/\/www.youtube.com\/channel\/UC_FBzWPmKWE0g7fcR4Xdfuw\/\"]}]}<\/script>\n<!-- \/ Yoast SEO plugin. -->","yoast_head_json":{"title":"Sitzsack Sessel &#183; leg&amp;go","description":"Sitzsack B\u00e4r f\u00fcr Kinder aus weichem Teddy Stoff. Leicht, gem\u00fctlich und OEKO TEX zertifiziert. Perfekt zum Lesen, Spielen und Entspannen im Kinderzimmer.","robots":{"index":"index","follow":"follow","max-snippet":"max-snippet:-1","max-image-preview":"max-image-preview:large","max-video-preview":"max-video-preview:-1"},"canonical":"https:\/\/legandgo.com\/de\/shop\/kindermoebel\/sitzsack-sessel\/","og_locale":"de_DE","og_type":"article","og_title":"Sitzsack Sessel &#183; leg&amp;go","og_description":"Sitzsack B\u00e4r f\u00fcr Kinder aus weichem Teddy Stoff. Leicht, gem\u00fctlich und OEKO TEX zertifiziert. Perfekt zum Lesen, Spielen und Entspannen im Kinderzimmer.","og_url":"https:\/\/legandgo.com\/de\/shop\/kindermoebel\/sitzsack-sessel\/","og_site_name":"leg&amp;go","article_publisher":"https:\/\/www.facebook.com\/legandgo","article_modified_time":"2026-03-11T18:27:39+00:00","og_image":[{"width":900,"height":900,"url":"https:\/\/legandgo.com\/wp-content\/uploads\/2025\/03\/beanbag-chair-icon.jpg","type":"image\/jpeg"}],"twitter_card":"summary_large_image","schema":{"@context":"https:\/\/schema.org","@graph":[{"@type":"WebPage","@id":"https:\/\/legandgo.com\/de\/shop\/kindermoebel\/sitzsack-sessel\/","url":"https:\/\/legandgo.com\/de\/shop\/kindermoebel\/sitzsack-sessel\/","name":"Sitzsack Sessel &#183; leg&amp;go","isPartOf":{"@id":"https:\/\/legandgo.com\/de\/#website"},"primaryImageOfPage":{"@id":"https:\/\/legandgo.com\/de\/shop\/kindermoebel\/sitzsack-sessel\/#primaryimage"},"image":{"@id":"https:\/\/legandgo.com\/de\/shop\/kindermoebel\/sitzsack-sessel\/#primaryimage"},"thumbnailUrl":"https:\/\/legandgo.com\/wp-content\/uploads\/2025\/03\/beanbag-chair-icon.jpg","datePublished":"2025-03-26T14:11:02+00:00","dateModified":"2026-03-11T18:27:39+00:00","description":"Sitzsack B\u00e4r f\u00fcr Kinder aus weichem Teddy Stoff. Leicht, gem\u00fctlich und OEKO TEX zertifiziert. Perfekt zum Lesen, Spielen und Entspannen im Kinderzimmer.","breadcrumb":{"@id":"https:\/\/legandgo.com\/de\/shop\/kindermoebel\/sitzsack-sessel\/#breadcrumb"},"inLanguage":"de-DE","potentialAction":[{"@type":"ReadAction","target":["https:\/\/legandgo.com\/de\/shop\/kindermoebel\/sitzsack-sessel\/"]}]},{"@type":"ImageObject","inLanguage":"de-DE","@id":"https:\/\/legandgo.com\/de\/shop\/kindermoebel\/sitzsack-sessel\/#primaryimage","url":"https:\/\/legandgo.com\/wp-content\/uploads\/2025\/03\/beanbag-chair-icon.jpg","contentUrl":"https:\/\/legandgo.com\/wp-content\/uploads\/2025\/03\/beanbag-chair-icon.jpg","width":900,"height":900,"caption":"Sitzsack Sessel"},{"@type":"BreadcrumbList","@id":"https:\/\/legandgo.com\/de\/shop\/kindermoebel\/sitzsack-sessel\/#breadcrumb","itemListElement":[{"@type":"ListItem","position":1,"name":"Home","item":"https:\/\/legandgo.com\/de\/"},{"@type":"ListItem","position":2,"name":"Shop","item":"https:\/\/legandgo.com\/de\/shop\/"},{"@type":"ListItem","position":3,"name":"Sitzsack Sessel"}]},{"@type":"WebSite","@id":"https:\/\/legandgo.com\/de\/#website","url":"https:\/\/legandgo.com\/de\/","name":"leg&amp;go","description":"","publisher":{"@id":"https:\/\/legandgo.com\/de\/#organization"},"potentialAction":[{"@type":"SearchAction","target":{"@type":"EntryPoint","urlTemplate":"https:\/\/legandgo.com\/de\/?s={search_term_string}"},"query-input":{"@type":"PropertyValueSpecification","valueRequired":true,"valueName":"search_term_string"}}],"inLanguage":"de-DE"},{"@type":"Organization","@id":"https:\/\/legandgo.com\/de\/#organization","name":"leg&go bike","url":"https:\/\/legandgo.com\/de\/","logo":{"@type":"ImageObject","inLanguage":"de-DE","@id":"https:\/\/legandgo.com\/de\/#\/schema\/logo\/image\/","url":"https:\/\/legandgo.com\/wp-content\/uploads\/2021\/03\/logorf.png","contentUrl":"https:\/\/legandgo.com\/wp-content\/uploads\/2021\/03\/logorf.png","width":675,"height":216,"caption":"leg&go bike"},"image":{"@id":"https:\/\/legandgo.com\/de\/#\/schema\/logo\/image\/"},"sameAs":["https:\/\/www.facebook.com\/legandgo","https:\/\/www.instagram.com\/legandgo\/","https:\/\/www.linkedin.com\/company\/legandgo\/","https:\/\/www.pinterest.com\/legandgo\/","https:\/\/www.youtube.com\/channel\/UC_FBzWPmKWE0g7fcR4Xdfuw\/"]}]}},"_links":{"self":[{"href":"https:\/\/legandgo.com\/de\/wp-json\/wp\/v2\/product\/37040","targetHints":{"allow":["GET"]}}],"collection":[{"href":"https:\/\/legandgo.com\/de\/wp-json\/wp\/v2\/product"}],"about":[{"href":"https:\/\/legandgo.com\/de\/wp-json\/wp\/v2\/types\/product"}],"replies":[{"embeddable":true,"href":"https:\/\/legandgo.com\/de\/wp-json\/wp\/v2\/comments?post=37040"}],"version-history":[{"count":17,"href":"https:\/\/legandgo.com\/de\/wp-json\/wp\/v2\/product\/37040\/revisions"}],"predecessor-version":[{"id":53577,"href":"https:\/\/legandgo.com\/de\/wp-json\/wp\/v2\/product\/37040\/revisions\/53577"}],"wp:featuredmedia":[{"embeddable":true,"href":"https:\/\/legandgo.com\/de\/wp-json\/wp\/v2\/media\/37124"}],"wp:attachment":[{"href":"https:\/\/legandgo.com\/de\/wp-json\/wp\/v2\/media?parent=37040"}],"wp:term":[{"taxonomy":"product_brand","embeddable":true,"href":"https:\/\/legandgo.com\/de\/wp-json\/wp\/v2\/product_brand?post=37040"},{"taxonomy":"product_cat","embeddable":true,"href":"https:\/\/legandgo.com\/de\/wp-json\/wp\/v2\/product_cat?post=37040"},{"taxonomy":"product_tag","embeddable":true,"href":"https:\/\/legandgo.com\/de\/wp-json\/wp\/v2\/product_tag?post=37040"}],"curies":[{"name":"wp","href":"https:\/\/api.w.org\/{rel}","templated":true}]}}