{"id":37051,"date":"2025-03-26T17:11:47","date_gmt":"2025-03-26T15:11:47","guid":{"rendered":"https:\/\/legandgo.com\/?post_type=product&#038;p=37051"},"modified":"2026-03-12T00:24:41","modified_gmt":"2026-03-11T22:24:41","slug":"moon-chair","status":"publish","type":"product","link":"https:\/\/legandgo.com\/de\/shop\/kindermoebel\/moon-chair\/","title":{"rendered":"Mond Stuhl"},"content":{"rendered":"<p style=\"font-weight: 400;\">Der Wigiwama Mond Stuhl ist ein modularer Kinderstuhl, der Komfort, Stil und spielerische Kreativit\u00e4t miteinander verbindet. Sein dreiteiliges Design f\u00f6rdert fantasievolles Bauen und schafft gleichzeitig einen gem\u00fctlichen Ort, an dem Kinder entspannen, lesen oder zur Ruhe kommen k\u00f6nnen. <\/p>\n<p style=\"font-weight: 400;\">Die geschwungene Form schafft eine bequeme Sitzfl\u00e4che im Lounge Stil, w\u00e4hrend die modularen Elemente zum Experimentieren und fantasievollen Spielen einladen. Perfekt f\u00fcr Leseecken, Spielzimmer oder gem\u00fctliche Momente nach einem langen Tag. <\/p>\n<p style=\"font-weight: 400;\"><strong>Entdecken Sie unten mehr.<\/strong><\/p>\n","protected":false},"excerpt":{"rendered":"<p><br data-mce-bogus=\"1\"><\/p>\n","protected":false},"featured_media":37129,"comment_status":"closed","ping_status":"closed","template":"","meta":{"_acf_changed":false,"inline_featured_image":false,"footnotes":""},"product_brand":[],"product_cat":[1315,407],"product_tag":[1241,1687,1234,1236,1238,1689,1243,1233,1691,1690,1235,1242,1239,1240,1688],"class_list":{"0":"post-37051","1":"product","2":"type-product","3":"status-publish","4":"has-post-thumbnail","6":"product_cat-mobel","7":"product_cat-kindermoebel","8":"product_tag-childrens-seating","9":"product_tag-childrens-couch","10":"product_tag-childrens-sofa","11":"product_tag-infant-sofa","12":"product_tag-kiddies-sofas","13":"product_tag-kids-chair","14":"product_tag-kids-couch","15":"product_tag-kids-sofa","16":"product_tag-kids-sofa-chair","17":"product_tag-kids-soft-chair","18":"product_tag-play-couch","19":"product_tag-play-sofas","20":"product_tag-playroom-sofa","21":"product_tag-soft-play-furniture","22":"product_tag-toddler-couch","23":"product_shipping_class-beanbags-cushions-shipping-de","24":"pa_color-cremeweisse","25":"pa_color-keks","26":"pa_color-brauner-zucker","27":"pa_color-toffee-de","29":"first","30":"instock","31":"purchasable","32":"product-type-variable","33":"has-default-attributes"},"bundled_by":[],"bundle_stock_status":"instock","bundle_stock_quantity":null,"bundle_virtual":false,"bundle_layout":"","bundle_add_to_cart_form_location":"","bundle_editable_in_cart":false,"bundle_sold_individually_context":"","bundle_item_grouping":"","bundle_min_size":"","bundle_max_size":"","bundle_price":[],"bundled_items":[],"bundle_sell_ids":[],"acf":[],"yoast_head":"<!-- This site is optimized with the Yoast SEO plugin v25.9 - https:\/\/yoast.com\/wordpress\/plugins\/seo\/ -->\n<title>Mond Stuhl &#183; leg&amp;go<\/title>\n<meta name=\"description\" content=\"Sitzsack B\u00e4r f\u00fcr Kinder aus weichem Teddy Stoff. Leicht, gem\u00fctlich und OEKO TEX zertifiziert. Perfekt zum Lesen, Spielen und Entspannen im Kinderzimmer.\" \/>\n<meta name=\"robots\" content=\"index, follow, max-snippet:-1, max-image-preview:large, max-video-preview:-1\" \/>\n<link rel=\"canonical\" href=\"https:\/\/legandgo.com\/de\/shop\/kindermoebel\/moon-chair\/\" \/>\n<meta property=\"og:locale\" content=\"de_DE\" \/>\n<meta property=\"og:type\" content=\"article\" \/>\n<meta property=\"og:title\" content=\"Mond Stuhl &#183; leg&amp;go\" \/>\n<meta property=\"og:description\" content=\"Sitzsack B\u00e4r f\u00fcr Kinder aus weichem Teddy Stoff. Leicht, gem\u00fctlich und OEKO TEX zertifiziert. Perfekt zum Lesen, Spielen und Entspannen im Kinderzimmer.\" \/>\n<meta property=\"og:url\" content=\"https:\/\/legandgo.com\/de\/shop\/kindermoebel\/moon-chair\/\" \/>\n<meta property=\"og:site_name\" content=\"leg&amp;go\" \/>\n<meta property=\"article:publisher\" content=\"https:\/\/www.facebook.com\/legandgo\" \/>\n<meta property=\"article:modified_time\" content=\"2026-03-11T22:24:41+00:00\" \/>\n<meta property=\"og:image\" content=\"https:\/\/legandgo.com\/wp-content\/uploads\/2025\/03\/moon-chair-icon.jpg\" \/>\n\t<meta property=\"og:image:width\" content=\"900\" \/>\n\t<meta property=\"og:image:height\" content=\"900\" \/>\n\t<meta property=\"og:image:type\" content=\"image\/jpeg\" \/>\n<meta name=\"twitter:card\" content=\"summary_large_image\" \/>\n<script type=\"application\/ld+json\" class=\"yoast-schema-graph\">{\"@context\":\"https:\/\/schema.org\",\"@graph\":[{\"@type\":\"WebPage\",\"@id\":\"https:\/\/legandgo.com\/de\/shop\/kindermoebel\/moon-chair\/\",\"url\":\"https:\/\/legandgo.com\/de\/shop\/kindermoebel\/moon-chair\/\",\"name\":\"Mond Stuhl &#183; leg&amp;go\",\"isPartOf\":{\"@id\":\"https:\/\/legandgo.com\/de\/#website\"},\"primaryImageOfPage\":{\"@id\":\"https:\/\/legandgo.com\/de\/shop\/kindermoebel\/moon-chair\/#primaryimage\"},\"image\":{\"@id\":\"https:\/\/legandgo.com\/de\/shop\/kindermoebel\/moon-chair\/#primaryimage\"},\"thumbnailUrl\":\"https:\/\/legandgo.com\/wp-content\/uploads\/2025\/03\/moon-chair-icon.jpg\",\"datePublished\":\"2025-03-26T15:11:47+00:00\",\"dateModified\":\"2026-03-11T22:24:41+00:00\",\"description\":\"Sitzsack B\u00e4r f\u00fcr Kinder aus weichem Teddy Stoff. Leicht, gem\u00fctlich und OEKO TEX zertifiziert. Perfekt zum Lesen, Spielen und Entspannen im Kinderzimmer.\",\"breadcrumb\":{\"@id\":\"https:\/\/legandgo.com\/de\/shop\/kindermoebel\/moon-chair\/#breadcrumb\"},\"inLanguage\":\"de-DE\",\"potentialAction\":[{\"@type\":\"ReadAction\",\"target\":[\"https:\/\/legandgo.com\/de\/shop\/kindermoebel\/moon-chair\/\"]}]},{\"@type\":\"ImageObject\",\"inLanguage\":\"de-DE\",\"@id\":\"https:\/\/legandgo.com\/de\/shop\/kindermoebel\/moon-chair\/#primaryimage\",\"url\":\"https:\/\/legandgo.com\/wp-content\/uploads\/2025\/03\/moon-chair-icon.jpg\",\"contentUrl\":\"https:\/\/legandgo.com\/wp-content\/uploads\/2025\/03\/moon-chair-icon.jpg\",\"width\":900,\"height\":900,\"caption\":\"Kids Chair\"},{\"@type\":\"BreadcrumbList\",\"@id\":\"https:\/\/legandgo.com\/de\/shop\/kindermoebel\/moon-chair\/#breadcrumb\",\"itemListElement\":[{\"@type\":\"ListItem\",\"position\":1,\"name\":\"Home\",\"item\":\"https:\/\/legandgo.com\/de\/\"},{\"@type\":\"ListItem\",\"position\":2,\"name\":\"Shop\",\"item\":\"https:\/\/legandgo.com\/de\/shop\/\"},{\"@type\":\"ListItem\",\"position\":3,\"name\":\"Mond Stuhl\"}]},{\"@type\":\"WebSite\",\"@id\":\"https:\/\/legandgo.com\/de\/#website\",\"url\":\"https:\/\/legandgo.com\/de\/\",\"name\":\"leg&amp;go\",\"description\":\"\",\"publisher\":{\"@id\":\"https:\/\/legandgo.com\/de\/#organization\"},\"potentialAction\":[{\"@type\":\"SearchAction\",\"target\":{\"@type\":\"EntryPoint\",\"urlTemplate\":\"https:\/\/legandgo.com\/de\/?s={search_term_string}\"},\"query-input\":{\"@type\":\"PropertyValueSpecification\",\"valueRequired\":true,\"valueName\":\"search_term_string\"}}],\"inLanguage\":\"de-DE\"},{\"@type\":\"Organization\",\"@id\":\"https:\/\/legandgo.com\/de\/#organization\",\"name\":\"leg&go bike\",\"url\":\"https:\/\/legandgo.com\/de\/\",\"logo\":{\"@type\":\"ImageObject\",\"inLanguage\":\"de-DE\",\"@id\":\"https:\/\/legandgo.com\/de\/#\/schema\/logo\/image\/\",\"url\":\"https:\/\/legandgo.com\/wp-content\/uploads\/2021\/03\/logorf.png\",\"contentUrl\":\"https:\/\/legandgo.com\/wp-content\/uploads\/2021\/03\/logorf.png\",\"width\":675,\"height\":216,\"caption\":\"leg&go bike\"},\"image\":{\"@id\":\"https:\/\/legandgo.com\/de\/#\/schema\/logo\/image\/\"},\"sameAs\":[\"https:\/\/www.facebook.com\/legandgo\",\"https:\/\/www.instagram.com\/legandgo\/\",\"https:\/\/www.linkedin.com\/company\/legandgo\/\",\"https:\/\/www.pinterest.com\/legandgo\/\",\"https:\/\/www.youtube.com\/channel\/UC_FBzWPmKWE0g7fcR4Xdfuw\/\"]}]}<\/script>\n<!-- \/ Yoast SEO plugin. -->","yoast_head_json":{"title":"Mond Stuhl &#183; leg&amp;go","description":"Sitzsack B\u00e4r f\u00fcr Kinder aus weichem Teddy Stoff. Leicht, gem\u00fctlich und OEKO TEX zertifiziert. Perfekt zum Lesen, Spielen und Entspannen im Kinderzimmer.","robots":{"index":"index","follow":"follow","max-snippet":"max-snippet:-1","max-image-preview":"max-image-preview:large","max-video-preview":"max-video-preview:-1"},"canonical":"https:\/\/legandgo.com\/de\/shop\/kindermoebel\/moon-chair\/","og_locale":"de_DE","og_type":"article","og_title":"Mond Stuhl &#183; leg&amp;go","og_description":"Sitzsack B\u00e4r f\u00fcr Kinder aus weichem Teddy Stoff. Leicht, gem\u00fctlich und OEKO TEX zertifiziert. Perfekt zum Lesen, Spielen und Entspannen im Kinderzimmer.","og_url":"https:\/\/legandgo.com\/de\/shop\/kindermoebel\/moon-chair\/","og_site_name":"leg&amp;go","article_publisher":"https:\/\/www.facebook.com\/legandgo","article_modified_time":"2026-03-11T22:24:41+00:00","og_image":[{"width":900,"height":900,"url":"https:\/\/legandgo.com\/wp-content\/uploads\/2025\/03\/moon-chair-icon.jpg","type":"image\/jpeg"}],"twitter_card":"summary_large_image","schema":{"@context":"https:\/\/schema.org","@graph":[{"@type":"WebPage","@id":"https:\/\/legandgo.com\/de\/shop\/kindermoebel\/moon-chair\/","url":"https:\/\/legandgo.com\/de\/shop\/kindermoebel\/moon-chair\/","name":"Mond Stuhl &#183; leg&amp;go","isPartOf":{"@id":"https:\/\/legandgo.com\/de\/#website"},"primaryImageOfPage":{"@id":"https:\/\/legandgo.com\/de\/shop\/kindermoebel\/moon-chair\/#primaryimage"},"image":{"@id":"https:\/\/legandgo.com\/de\/shop\/kindermoebel\/moon-chair\/#primaryimage"},"thumbnailUrl":"https:\/\/legandgo.com\/wp-content\/uploads\/2025\/03\/moon-chair-icon.jpg","datePublished":"2025-03-26T15:11:47+00:00","dateModified":"2026-03-11T22:24:41+00:00","description":"Sitzsack B\u00e4r f\u00fcr Kinder aus weichem Teddy Stoff. Leicht, gem\u00fctlich und OEKO TEX zertifiziert. Perfekt zum Lesen, Spielen und Entspannen im Kinderzimmer.","breadcrumb":{"@id":"https:\/\/legandgo.com\/de\/shop\/kindermoebel\/moon-chair\/#breadcrumb"},"inLanguage":"de-DE","potentialAction":[{"@type":"ReadAction","target":["https:\/\/legandgo.com\/de\/shop\/kindermoebel\/moon-chair\/"]}]},{"@type":"ImageObject","inLanguage":"de-DE","@id":"https:\/\/legandgo.com\/de\/shop\/kindermoebel\/moon-chair\/#primaryimage","url":"https:\/\/legandgo.com\/wp-content\/uploads\/2025\/03\/moon-chair-icon.jpg","contentUrl":"https:\/\/legandgo.com\/wp-content\/uploads\/2025\/03\/moon-chair-icon.jpg","width":900,"height":900,"caption":"Kids Chair"},{"@type":"BreadcrumbList","@id":"https:\/\/legandgo.com\/de\/shop\/kindermoebel\/moon-chair\/#breadcrumb","itemListElement":[{"@type":"ListItem","position":1,"name":"Home","item":"https:\/\/legandgo.com\/de\/"},{"@type":"ListItem","position":2,"name":"Shop","item":"https:\/\/legandgo.com\/de\/shop\/"},{"@type":"ListItem","position":3,"name":"Mond Stuhl"}]},{"@type":"WebSite","@id":"https:\/\/legandgo.com\/de\/#website","url":"https:\/\/legandgo.com\/de\/","name":"leg&amp;go","description":"","publisher":{"@id":"https:\/\/legandgo.com\/de\/#organization"},"potentialAction":[{"@type":"SearchAction","target":{"@type":"EntryPoint","urlTemplate":"https:\/\/legandgo.com\/de\/?s={search_term_string}"},"query-input":{"@type":"PropertyValueSpecification","valueRequired":true,"valueName":"search_term_string"}}],"inLanguage":"de-DE"},{"@type":"Organization","@id":"https:\/\/legandgo.com\/de\/#organization","name":"leg&go bike","url":"https:\/\/legandgo.com\/de\/","logo":{"@type":"ImageObject","inLanguage":"de-DE","@id":"https:\/\/legandgo.com\/de\/#\/schema\/logo\/image\/","url":"https:\/\/legandgo.com\/wp-content\/uploads\/2021\/03\/logorf.png","contentUrl":"https:\/\/legandgo.com\/wp-content\/uploads\/2021\/03\/logorf.png","width":675,"height":216,"caption":"leg&go bike"},"image":{"@id":"https:\/\/legandgo.com\/de\/#\/schema\/logo\/image\/"},"sameAs":["https:\/\/www.facebook.com\/legandgo","https:\/\/www.instagram.com\/legandgo\/","https:\/\/www.linkedin.com\/company\/legandgo\/","https:\/\/www.pinterest.com\/legandgo\/","https:\/\/www.youtube.com\/channel\/UC_FBzWPmKWE0g7fcR4Xdfuw\/"]}]}},"_links":{"self":[{"href":"https:\/\/legandgo.com\/de\/wp-json\/wp\/v2\/product\/37051","targetHints":{"allow":["GET"]}}],"collection":[{"href":"https:\/\/legandgo.com\/de\/wp-json\/wp\/v2\/product"}],"about":[{"href":"https:\/\/legandgo.com\/de\/wp-json\/wp\/v2\/types\/product"}],"replies":[{"embeddable":true,"href":"https:\/\/legandgo.com\/de\/wp-json\/wp\/v2\/comments?post=37051"}],"version-history":[{"count":13,"href":"https:\/\/legandgo.com\/de\/wp-json\/wp\/v2\/product\/37051\/revisions"}],"predecessor-version":[{"id":54300,"href":"https:\/\/legandgo.com\/de\/wp-json\/wp\/v2\/product\/37051\/revisions\/54300"}],"wp:featuredmedia":[{"embeddable":true,"href":"https:\/\/legandgo.com\/de\/wp-json\/wp\/v2\/media\/37129"}],"wp:attachment":[{"href":"https:\/\/legandgo.com\/de\/wp-json\/wp\/v2\/media?parent=37051"}],"wp:term":[{"taxonomy":"product_brand","embeddable":true,"href":"https:\/\/legandgo.com\/de\/wp-json\/wp\/v2\/product_brand?post=37051"},{"taxonomy":"product_cat","embeddable":true,"href":"https:\/\/legandgo.com\/de\/wp-json\/wp\/v2\/product_cat?post=37051"},{"taxonomy":"product_tag","embeddable":true,"href":"https:\/\/legandgo.com\/de\/wp-json\/wp\/v2\/product_tag?post=37051"}],"curies":[{"name":"wp","href":"https:\/\/api.w.org\/{rel}","templated":true}]}}