{"id":37145,"date":"2025-03-31T09:04:33","date_gmt":"2025-03-31T07:04:33","guid":{"rendered":"https:\/\/legandgo.com\/?post_type=product&#038;p=37145"},"modified":"2026-03-11T20:30:03","modified_gmt":"2026-03-11T18:30:03","slug":"kids-play-sofa","status":"publish","type":"product","link":"https:\/\/legandgo.com\/de\/shop\/kindermoebel\/kids-play-sofa\/","title":{"rendered":"Kids Spielsofa"},"content":{"rendered":"<p style=\"font-weight: 400;\">Weich und dennoch stabil verwandelt es sich m\u00fchelos von einem bequemen Kindersofa in eine kreative Spielumgebung, in der die Fantasie den Weg weist.<\/p>\n<p style=\"font-weight: 400;\">Das Wigiwama Kids Spielsofa wurde f\u00fcr endloses fantasievolles Spielen und gem\u00fctliche Entspannung entwickelt. Sein durchdachtes 9-teiliges modulares Design erm\u00f6glicht es kleinen Baumeistern, Forts, Autos, Leseecken oder geheime Verstecke zu bauen. <\/p>\n<p style=\"font-weight: 400;\">Leicht und einfach zu bewegen verwandelt das Kids Spielsofa jedes Kinderzimmer oder Spielzimmer in einen gem\u00fctlichen Ort zum Lesen, Ausruhen und f\u00fcr t\u00e4gliche Abenteuer.<\/p>\n<p style=\"font-weight: 400;\"><strong>Entdecken Sie unten mehr.<\/strong><\/p>\n","protected":false},"excerpt":{"rendered":"<p>Weich und dennoch stabil verwandelt es sich m\u00fchelos von einem bequemen Kindersofa in eine kreative Spielumgebung, in der die Fantasie den Weg weist. Das Wigiwama Kids Spielsofa wurde f\u00fcr endloses fantasievolles Spielen und gem\u00fctliche Entspannung entwickelt. Sein durchdachtes 9-teiliges modulares Design erm\u00f6glicht es kleinen Baumeistern, Forts, Autos, Leseecken oder geheime Verstecke zu bauen. Leicht und<a class=\"excerpt-read-more\" href=\"https:\/\/legandgo.com\/de\/shop\/kindermoebel\/kids-play-sofa\/\" title=\"ReadKids Spielsofa\">&#8230; Read more &raquo;<\/a><\/p>\n","protected":false},"featured_media":36933,"comment_status":"closed","ping_status":"closed","template":"","meta":{"_acf_changed":false,"inline_featured_image":false,"footnotes":""},"product_brand":[],"product_cat":[1315,407],"product_tag":[1241,1687,1234,1237,1692,1236,1238,1243,1233,1695,1235,1242,1239,1694,1693,1240,1688],"class_list":{"0":"post-37145","1":"product","2":"type-product","3":"status-publish","4":"has-post-thumbnail","6":"product_cat-mobel","7":"product_cat-kindermoebel","8":"product_tag-childrens-seating","9":"product_tag-childrens-couch","10":"product_tag-childrens-sofa","11":"product_tag-childrens-sofa-beds","12":"product_tag-childs-fold-out-sofa","13":"product_tag-infant-sofa","14":"product_tag-kiddies-sofas","15":"product_tag-kids-couch","16":"product_tag-kids-sofa","17":"product_tag-modular-kids-sofa","18":"product_tag-play-couch","19":"product_tag-play-sofas","20":"product_tag-playroom-sofa","21":"product_tag-sofa-settee-for-kids","22":"product_tag-soft-kids","23":"product_tag-soft-play-furniture","24":"product_tag-toddler-couch","25":"product_shipping_class-settee-sofa-shipping-de","26":"pa_color-cremeweisse","27":"pa_color-keks","28":"pa_color-brauner-zucker","29":"pa_color-toffee-de","31":"first","32":"instock","33":"purchasable","34":"product-type-variable"},"bundled_by":[],"bundle_stock_status":"instock","bundle_stock_quantity":null,"bundle_virtual":false,"bundle_layout":"","bundle_add_to_cart_form_location":"","bundle_editable_in_cart":false,"bundle_sold_individually_context":"","bundle_item_grouping":"","bundle_min_size":"","bundle_max_size":"","bundle_price":[],"bundled_items":[],"bundle_sell_ids":[],"acf":[],"yoast_head":"<!-- This site is optimized with the Yoast SEO plugin v25.9 - https:\/\/yoast.com\/wordpress\/plugins\/seo\/ -->\n<title>Kids Spielsofa &#183; leg&amp;go<\/title>\n<meta name=\"description\" content=\"Modern kids sofa seating with a soft-block feel. Modular design that blends comfort, play and style in contemporary homes.\" \/>\n<meta name=\"robots\" content=\"index, follow, max-snippet:-1, max-image-preview:large, max-video-preview:-1\" \/>\n<link rel=\"canonical\" href=\"https:\/\/legandgo.com\/de\/shop\/kindermoebel\/kids-play-sofa\/\" \/>\n<meta property=\"og:locale\" content=\"de_DE\" \/>\n<meta property=\"og:type\" content=\"article\" \/>\n<meta property=\"og:title\" content=\"Kids Spielsofa &#183; leg&amp;go\" \/>\n<meta property=\"og:description\" content=\"Modern kids sofa seating with a soft-block feel. Modular design that blends comfort, play and style in contemporary homes.\" \/>\n<meta property=\"og:url\" content=\"https:\/\/legandgo.com\/de\/shop\/kindermoebel\/kids-play-sofa\/\" \/>\n<meta property=\"og:site_name\" content=\"leg&amp;go\" \/>\n<meta property=\"article:publisher\" content=\"https:\/\/www.facebook.com\/legandgo\" \/>\n<meta property=\"article:modified_time\" content=\"2026-03-11T18:30:03+00:00\" \/>\n<meta property=\"og:image\" content=\"https:\/\/legandgo.com\/wp-content\/uploads\/2025\/03\/icon-sofa-1.jpg\" \/>\n\t<meta property=\"og:image:width\" content=\"250\" \/>\n\t<meta property=\"og:image:height\" content=\"250\" \/>\n\t<meta property=\"og:image:type\" content=\"image\/jpeg\" \/>\n<meta name=\"twitter:card\" content=\"summary_large_image\" \/>\n<script type=\"application\/ld+json\" class=\"yoast-schema-graph\">{\"@context\":\"https:\/\/schema.org\",\"@graph\":[{\"@type\":\"WebPage\",\"@id\":\"https:\/\/legandgo.com\/de\/shop\/kindermoebel\/kids-play-sofa\/\",\"url\":\"https:\/\/legandgo.com\/de\/shop\/kindermoebel\/kids-play-sofa\/\",\"name\":\"Kids Spielsofa &#183; leg&amp;go\",\"isPartOf\":{\"@id\":\"https:\/\/legandgo.com\/de\/#website\"},\"primaryImageOfPage\":{\"@id\":\"https:\/\/legandgo.com\/de\/shop\/kindermoebel\/kids-play-sofa\/#primaryimage\"},\"image\":{\"@id\":\"https:\/\/legandgo.com\/de\/shop\/kindermoebel\/kids-play-sofa\/#primaryimage\"},\"thumbnailUrl\":\"https:\/\/legandgo.com\/wp-content\/uploads\/2025\/03\/icon-sofa-1.jpg\",\"datePublished\":\"2025-03-31T07:04:33+00:00\",\"dateModified\":\"2026-03-11T18:30:03+00:00\",\"description\":\"Modern kids sofa seating with a soft-block feel. Modular design that blends comfort, play and style in contemporary homes.\",\"breadcrumb\":{\"@id\":\"https:\/\/legandgo.com\/de\/shop\/kindermoebel\/kids-play-sofa\/#breadcrumb\"},\"inLanguage\":\"de-DE\",\"potentialAction\":[{\"@type\":\"ReadAction\",\"target\":[\"https:\/\/legandgo.com\/de\/shop\/kindermoebel\/kids-play-sofa\/\"]}]},{\"@type\":\"ImageObject\",\"inLanguage\":\"de-DE\",\"@id\":\"https:\/\/legandgo.com\/de\/shop\/kindermoebel\/kids-play-sofa\/#primaryimage\",\"url\":\"https:\/\/legandgo.com\/wp-content\/uploads\/2025\/03\/icon-sofa-1.jpg\",\"contentUrl\":\"https:\/\/legandgo.com\/wp-content\/uploads\/2025\/03\/icon-sofa-1.jpg\",\"width\":250,\"height\":250,\"caption\":\"play couch kids\"},{\"@type\":\"BreadcrumbList\",\"@id\":\"https:\/\/legandgo.com\/de\/shop\/kindermoebel\/kids-play-sofa\/#breadcrumb\",\"itemListElement\":[{\"@type\":\"ListItem\",\"position\":1,\"name\":\"Home\",\"item\":\"https:\/\/legandgo.com\/de\/\"},{\"@type\":\"ListItem\",\"position\":2,\"name\":\"Shop\",\"item\":\"https:\/\/legandgo.com\/de\/shop\/\"},{\"@type\":\"ListItem\",\"position\":3,\"name\":\"Kids Spielsofa\"}]},{\"@type\":\"WebSite\",\"@id\":\"https:\/\/legandgo.com\/de\/#website\",\"url\":\"https:\/\/legandgo.com\/de\/\",\"name\":\"leg&amp;go\",\"description\":\"\",\"publisher\":{\"@id\":\"https:\/\/legandgo.com\/de\/#organization\"},\"potentialAction\":[{\"@type\":\"SearchAction\",\"target\":{\"@type\":\"EntryPoint\",\"urlTemplate\":\"https:\/\/legandgo.com\/de\/?s={search_term_string}\"},\"query-input\":{\"@type\":\"PropertyValueSpecification\",\"valueRequired\":true,\"valueName\":\"search_term_string\"}}],\"inLanguage\":\"de-DE\"},{\"@type\":\"Organization\",\"@id\":\"https:\/\/legandgo.com\/de\/#organization\",\"name\":\"leg&go bike\",\"url\":\"https:\/\/legandgo.com\/de\/\",\"logo\":{\"@type\":\"ImageObject\",\"inLanguage\":\"de-DE\",\"@id\":\"https:\/\/legandgo.com\/de\/#\/schema\/logo\/image\/\",\"url\":\"https:\/\/legandgo.com\/wp-content\/uploads\/2021\/03\/logorf.png\",\"contentUrl\":\"https:\/\/legandgo.com\/wp-content\/uploads\/2021\/03\/logorf.png\",\"width\":675,\"height\":216,\"caption\":\"leg&go bike\"},\"image\":{\"@id\":\"https:\/\/legandgo.com\/de\/#\/schema\/logo\/image\/\"},\"sameAs\":[\"https:\/\/www.facebook.com\/legandgo\",\"https:\/\/www.instagram.com\/legandgo\/\",\"https:\/\/www.linkedin.com\/company\/legandgo\/\",\"https:\/\/www.pinterest.com\/legandgo\/\",\"https:\/\/www.youtube.com\/channel\/UC_FBzWPmKWE0g7fcR4Xdfuw\/\"]}]}<\/script>\n<!-- \/ Yoast SEO plugin. -->","yoast_head_json":{"title":"Kids Spielsofa &#183; leg&amp;go","description":"Modern kids sofa seating with a soft-block feel. Modular design that blends comfort, play and style in contemporary homes.","robots":{"index":"index","follow":"follow","max-snippet":"max-snippet:-1","max-image-preview":"max-image-preview:large","max-video-preview":"max-video-preview:-1"},"canonical":"https:\/\/legandgo.com\/de\/shop\/kindermoebel\/kids-play-sofa\/","og_locale":"de_DE","og_type":"article","og_title":"Kids Spielsofa &#183; leg&amp;go","og_description":"Modern kids sofa seating with a soft-block feel. Modular design that blends comfort, play and style in contemporary homes.","og_url":"https:\/\/legandgo.com\/de\/shop\/kindermoebel\/kids-play-sofa\/","og_site_name":"leg&amp;go","article_publisher":"https:\/\/www.facebook.com\/legandgo","article_modified_time":"2026-03-11T18:30:03+00:00","og_image":[{"width":250,"height":250,"url":"https:\/\/legandgo.com\/wp-content\/uploads\/2025\/03\/icon-sofa-1.jpg","type":"image\/jpeg"}],"twitter_card":"summary_large_image","schema":{"@context":"https:\/\/schema.org","@graph":[{"@type":"WebPage","@id":"https:\/\/legandgo.com\/de\/shop\/kindermoebel\/kids-play-sofa\/","url":"https:\/\/legandgo.com\/de\/shop\/kindermoebel\/kids-play-sofa\/","name":"Kids Spielsofa &#183; leg&amp;go","isPartOf":{"@id":"https:\/\/legandgo.com\/de\/#website"},"primaryImageOfPage":{"@id":"https:\/\/legandgo.com\/de\/shop\/kindermoebel\/kids-play-sofa\/#primaryimage"},"image":{"@id":"https:\/\/legandgo.com\/de\/shop\/kindermoebel\/kids-play-sofa\/#primaryimage"},"thumbnailUrl":"https:\/\/legandgo.com\/wp-content\/uploads\/2025\/03\/icon-sofa-1.jpg","datePublished":"2025-03-31T07:04:33+00:00","dateModified":"2026-03-11T18:30:03+00:00","description":"Modern kids sofa seating with a soft-block feel. Modular design that blends comfort, play and style in contemporary homes.","breadcrumb":{"@id":"https:\/\/legandgo.com\/de\/shop\/kindermoebel\/kids-play-sofa\/#breadcrumb"},"inLanguage":"de-DE","potentialAction":[{"@type":"ReadAction","target":["https:\/\/legandgo.com\/de\/shop\/kindermoebel\/kids-play-sofa\/"]}]},{"@type":"ImageObject","inLanguage":"de-DE","@id":"https:\/\/legandgo.com\/de\/shop\/kindermoebel\/kids-play-sofa\/#primaryimage","url":"https:\/\/legandgo.com\/wp-content\/uploads\/2025\/03\/icon-sofa-1.jpg","contentUrl":"https:\/\/legandgo.com\/wp-content\/uploads\/2025\/03\/icon-sofa-1.jpg","width":250,"height":250,"caption":"play couch kids"},{"@type":"BreadcrumbList","@id":"https:\/\/legandgo.com\/de\/shop\/kindermoebel\/kids-play-sofa\/#breadcrumb","itemListElement":[{"@type":"ListItem","position":1,"name":"Home","item":"https:\/\/legandgo.com\/de\/"},{"@type":"ListItem","position":2,"name":"Shop","item":"https:\/\/legandgo.com\/de\/shop\/"},{"@type":"ListItem","position":3,"name":"Kids Spielsofa"}]},{"@type":"WebSite","@id":"https:\/\/legandgo.com\/de\/#website","url":"https:\/\/legandgo.com\/de\/","name":"leg&amp;go","description":"","publisher":{"@id":"https:\/\/legandgo.com\/de\/#organization"},"potentialAction":[{"@type":"SearchAction","target":{"@type":"EntryPoint","urlTemplate":"https:\/\/legandgo.com\/de\/?s={search_term_string}"},"query-input":{"@type":"PropertyValueSpecification","valueRequired":true,"valueName":"search_term_string"}}],"inLanguage":"de-DE"},{"@type":"Organization","@id":"https:\/\/legandgo.com\/de\/#organization","name":"leg&go bike","url":"https:\/\/legandgo.com\/de\/","logo":{"@type":"ImageObject","inLanguage":"de-DE","@id":"https:\/\/legandgo.com\/de\/#\/schema\/logo\/image\/","url":"https:\/\/legandgo.com\/wp-content\/uploads\/2021\/03\/logorf.png","contentUrl":"https:\/\/legandgo.com\/wp-content\/uploads\/2021\/03\/logorf.png","width":675,"height":216,"caption":"leg&go bike"},"image":{"@id":"https:\/\/legandgo.com\/de\/#\/schema\/logo\/image\/"},"sameAs":["https:\/\/www.facebook.com\/legandgo","https:\/\/www.instagram.com\/legandgo\/","https:\/\/www.linkedin.com\/company\/legandgo\/","https:\/\/www.pinterest.com\/legandgo\/","https:\/\/www.youtube.com\/channel\/UC_FBzWPmKWE0g7fcR4Xdfuw\/"]}]}},"_links":{"self":[{"href":"https:\/\/legandgo.com\/de\/wp-json\/wp\/v2\/product\/37145","targetHints":{"allow":["GET"]}}],"collection":[{"href":"https:\/\/legandgo.com\/de\/wp-json\/wp\/v2\/product"}],"about":[{"href":"https:\/\/legandgo.com\/de\/wp-json\/wp\/v2\/types\/product"}],"replies":[{"embeddable":true,"href":"https:\/\/legandgo.com\/de\/wp-json\/wp\/v2\/comments?post=37145"}],"version-history":[{"count":18,"href":"https:\/\/legandgo.com\/de\/wp-json\/wp\/v2\/product\/37145\/revisions"}],"predecessor-version":[{"id":54291,"href":"https:\/\/legandgo.com\/de\/wp-json\/wp\/v2\/product\/37145\/revisions\/54291"}],"wp:featuredmedia":[{"embeddable":true,"href":"https:\/\/legandgo.com\/de\/wp-json\/wp\/v2\/media\/36933"}],"wp:attachment":[{"href":"https:\/\/legandgo.com\/de\/wp-json\/wp\/v2\/media?parent=37145"}],"wp:term":[{"taxonomy":"product_brand","embeddable":true,"href":"https:\/\/legandgo.com\/de\/wp-json\/wp\/v2\/product_brand?post=37145"},{"taxonomy":"product_cat","embeddable":true,"href":"https:\/\/legandgo.com\/de\/wp-json\/wp\/v2\/product_cat?post=37145"},{"taxonomy":"product_tag","embeddable":true,"href":"https:\/\/legandgo.com\/de\/wp-json\/wp\/v2\/product_tag?post=37145"}],"curies":[{"name":"wp","href":"https:\/\/api.w.org\/{rel}","templated":true}]}}