{"id":37393,"date":"2025-04-04T11:12:18","date_gmt":"2025-04-04T09:12:18","guid":{"rendered":"https:\/\/legandgo.com\/?post_type=product&#038;p=37393"},"modified":"2026-02-20T19:11:41","modified_gmt":"2026-02-20T17:11:41","slug":"kinderkissen-baer","status":"publish","type":"product","link":"https:\/\/legandgo.com\/de\/shop\/kindermoebel\/kinderkissen-baer\/","title":{"rendered":"Kinderkissen \u2013 B\u00e4r"},"content":{"rendered":"<p style=\"font-weight: 400;\">Das Wigiwama Kissen B\u00e4r ist ein charmantes Dekoelement, das W\u00e4rme und Pers\u00f6nlichkeit in jedes Kinderzimmer oder Spielzimmer bringt. Leicht, kuschelig und einfach zu tragen, begleitet es Kinder \u00fcberall dorthin, wo Komfort gefragt ist \u2014 vom Bett in die Leseecke oder auf das Spielsofa. <\/p>\n<p style=\"font-weight: 400;\">Die weiche Teddy Textur, die liebevolle B\u00e4renform und die nicht allergene F\u00fcllung machen es perfekt f\u00fcr Dekoration und t\u00e4gliche Kuschelmomente.<\/p>\n<p style=\"font-weight: 400;\"><strong>Entdecken Sie unten mehr.<\/strong><\/p>\n","protected":false},"excerpt":{"rendered":"<p>Das Wigiwama Kissen B\u00e4r ist ein charmantes Dekoelement, das W\u00e4rme und Pers\u00f6nlichkeit in jedes Kinderzimmer oder Spielzimmer bringt. Leicht, kuschelig und einfach zu tragen, begleitet es Kinder \u00fcberall dorthin, wo Komfort gefragt ist \u2014 vom Bett in die Leseecke oder auf das Spielsofa. Die weiche Teddy Textur, die liebevolle B\u00e4renform und die nicht allergene F\u00fcllung<a class=\"excerpt-read-more\" href=\"https:\/\/legandgo.com\/de\/shop\/kindermoebel\/kinderkissen-baer\/\" title=\"ReadKinderkissen \u2013 B\u00e4r\">&#8230; Read more &raquo;<\/a><\/p>\n","protected":false},"featured_media":37253,"comment_status":"closed","ping_status":"closed","template":"","meta":{"_acf_changed":false,"inline_featured_image":false,"footnotes":""},"product_brand":[],"product_cat":[1315,407],"product_tag":[1531,1532,1529,1241,1528,1527,1523,1524,1522,1526,1525,1530,1240],"class_list":{"0":"post-37393","1":"product","2":"type-product","3":"status-publish","4":"has-post-thumbnail","6":"product_cat-mobel","7":"product_cat-kindermoebel","8":"product_tag-bear-pillow-kids","9":"product_tag-bear-shaped-cushion","10":"product_tag-childrens-floor-pillows","11":"product_tag-childrens-seating","12":"product_tag-childrens-throw-pillows","13":"product_tag-kids-accent-cushions","14":"product_tag-kids-bear-pillow","15":"product_tag-kids-bear-plush-pillow","16":"product_tag-kids-cushion-bear","17":"product_tag-kids-decorative-cushions","18":"product_tag-kids-pillows","19":"product_tag-kids-plush-cushions","20":"product_tag-soft-play-furniture","21":"product_shipping_class-beanbags-cushions-shipping-de","22":"pa_color-cremeweisse","23":"pa_color-keks","24":"pa_color-ahorn","25":"pa_color-matcha-de","26":"pa_color-guave","28":"first","29":"instock","30":"purchasable","31":"product-type-variable"},"bundled_by":[],"bundle_stock_status":"instock","bundle_stock_quantity":null,"bundle_virtual":false,"bundle_layout":"","bundle_add_to_cart_form_location":"","bundle_editable_in_cart":false,"bundle_sold_individually_context":"","bundle_item_grouping":"","bundle_min_size":"","bundle_max_size":"","bundle_price":[],"bundled_items":[],"bundle_sell_ids":[],"acf":[],"yoast_head":"<!-- This site is optimized with the Yoast SEO plugin v25.9 - https:\/\/yoast.com\/wordpress\/plugins\/seo\/ -->\n<title>Kinderkissen \u2013 B\u00e4r &#183; leg&amp;go<\/title>\n<meta name=\"description\" content=\"Sitzsack B\u00e4r f\u00fcr Kinder aus weichem Teddy Stoff. Leicht, gem\u00fctlich und OEKO TEX zertifiziert. Perfekt zum Lesen, Spielen und Entspannen im Kinderzimmer.\" \/>\n<meta name=\"robots\" content=\"index, follow, max-snippet:-1, max-image-preview:large, max-video-preview:-1\" \/>\n<link rel=\"canonical\" href=\"https:\/\/legandgo.com\/de\/shop\/kindermoebel\/kinderkissen-baer\/\" \/>\n<meta property=\"og:locale\" content=\"de_DE\" \/>\n<meta property=\"og:type\" content=\"article\" \/>\n<meta property=\"og:title\" content=\"Kinderkissen \u2013 B\u00e4r &#183; leg&amp;go\" \/>\n<meta property=\"og:description\" content=\"Sitzsack B\u00e4r f\u00fcr Kinder aus weichem Teddy Stoff. Leicht, gem\u00fctlich und OEKO TEX zertifiziert. Perfekt zum Lesen, Spielen und Entspannen im Kinderzimmer.\" \/>\n<meta property=\"og:url\" content=\"https:\/\/legandgo.com\/de\/shop\/kindermoebel\/kinderkissen-baer\/\" \/>\n<meta property=\"og:site_name\" content=\"leg&amp;go\" \/>\n<meta property=\"article:publisher\" content=\"https:\/\/www.facebook.com\/legandgo\" \/>\n<meta property=\"article:modified_time\" content=\"2026-02-20T17:11:41+00:00\" \/>\n<meta property=\"og:image\" content=\"https:\/\/legandgo.com\/wp-content\/uploads\/2025\/03\/matcha-bear-cushion.jpg\" \/>\n\t<meta property=\"og:image:width\" content=\"250\" \/>\n\t<meta property=\"og:image:height\" content=\"250\" \/>\n\t<meta property=\"og:image:type\" content=\"image\/jpeg\" \/>\n<meta name=\"twitter:card\" content=\"summary_large_image\" \/>\n<script type=\"application\/ld+json\" class=\"yoast-schema-graph\">{\"@context\":\"https:\/\/schema.org\",\"@graph\":[{\"@type\":\"WebPage\",\"@id\":\"https:\/\/legandgo.com\/de\/shop\/kindermoebel\/kinderkissen-baer\/\",\"url\":\"https:\/\/legandgo.com\/de\/shop\/kindermoebel\/kinderkissen-baer\/\",\"name\":\"Kinderkissen \u2013 B\u00e4r &#183; leg&amp;go\",\"isPartOf\":{\"@id\":\"https:\/\/legandgo.com\/de\/#website\"},\"primaryImageOfPage\":{\"@id\":\"https:\/\/legandgo.com\/de\/shop\/kindermoebel\/kinderkissen-baer\/#primaryimage\"},\"image\":{\"@id\":\"https:\/\/legandgo.com\/de\/shop\/kindermoebel\/kinderkissen-baer\/#primaryimage\"},\"thumbnailUrl\":\"https:\/\/legandgo.com\/wp-content\/uploads\/2025\/03\/matcha-bear-cushion.jpg\",\"datePublished\":\"2025-04-04T09:12:18+00:00\",\"dateModified\":\"2026-02-20T17:11:41+00:00\",\"description\":\"Sitzsack B\u00e4r f\u00fcr Kinder aus weichem Teddy Stoff. Leicht, gem\u00fctlich und OEKO TEX zertifiziert. Perfekt zum Lesen, Spielen und Entspannen im Kinderzimmer.\",\"breadcrumb\":{\"@id\":\"https:\/\/legandgo.com\/de\/shop\/kindermoebel\/kinderkissen-baer\/#breadcrumb\"},\"inLanguage\":\"de-DE\",\"potentialAction\":[{\"@type\":\"ReadAction\",\"target\":[\"https:\/\/legandgo.com\/de\/shop\/kindermoebel\/kinderkissen-baer\/\"]}]},{\"@type\":\"ImageObject\",\"inLanguage\":\"de-DE\",\"@id\":\"https:\/\/legandgo.com\/de\/shop\/kindermoebel\/kinderkissen-baer\/#primaryimage\",\"url\":\"https:\/\/legandgo.com\/wp-content\/uploads\/2025\/03\/matcha-bear-cushion.jpg\",\"contentUrl\":\"https:\/\/legandgo.com\/wp-content\/uploads\/2025\/03\/matcha-bear-cushion.jpg\",\"width\":250,\"height\":250,\"caption\":\"Kids cushion\"},{\"@type\":\"BreadcrumbList\",\"@id\":\"https:\/\/legandgo.com\/de\/shop\/kindermoebel\/kinderkissen-baer\/#breadcrumb\",\"itemListElement\":[{\"@type\":\"ListItem\",\"position\":1,\"name\":\"Home\",\"item\":\"https:\/\/legandgo.com\/de\/\"},{\"@type\":\"ListItem\",\"position\":2,\"name\":\"Shop\",\"item\":\"https:\/\/legandgo.com\/de\/shop\/\"},{\"@type\":\"ListItem\",\"position\":3,\"name\":\"Kinderkissen \u2013 B\u00e4r\"}]},{\"@type\":\"WebSite\",\"@id\":\"https:\/\/legandgo.com\/de\/#website\",\"url\":\"https:\/\/legandgo.com\/de\/\",\"name\":\"leg&amp;go\",\"description\":\"\",\"publisher\":{\"@id\":\"https:\/\/legandgo.com\/de\/#organization\"},\"potentialAction\":[{\"@type\":\"SearchAction\",\"target\":{\"@type\":\"EntryPoint\",\"urlTemplate\":\"https:\/\/legandgo.com\/de\/?s={search_term_string}\"},\"query-input\":{\"@type\":\"PropertyValueSpecification\",\"valueRequired\":true,\"valueName\":\"search_term_string\"}}],\"inLanguage\":\"de-DE\"},{\"@type\":\"Organization\",\"@id\":\"https:\/\/legandgo.com\/de\/#organization\",\"name\":\"leg&go bike\",\"url\":\"https:\/\/legandgo.com\/de\/\",\"logo\":{\"@type\":\"ImageObject\",\"inLanguage\":\"de-DE\",\"@id\":\"https:\/\/legandgo.com\/de\/#\/schema\/logo\/image\/\",\"url\":\"https:\/\/legandgo.com\/wp-content\/uploads\/2021\/03\/logorf.png\",\"contentUrl\":\"https:\/\/legandgo.com\/wp-content\/uploads\/2021\/03\/logorf.png\",\"width\":675,\"height\":216,\"caption\":\"leg&go bike\"},\"image\":{\"@id\":\"https:\/\/legandgo.com\/de\/#\/schema\/logo\/image\/\"},\"sameAs\":[\"https:\/\/www.facebook.com\/legandgo\",\"https:\/\/www.instagram.com\/legandgo\/\",\"https:\/\/www.linkedin.com\/company\/legandgo\/\",\"https:\/\/www.pinterest.com\/legandgo\/\",\"https:\/\/www.youtube.com\/channel\/UC_FBzWPmKWE0g7fcR4Xdfuw\/\"]}]}<\/script>\n<!-- \/ Yoast SEO plugin. -->","yoast_head_json":{"title":"Kinderkissen \u2013 B\u00e4r &#183; leg&amp;go","description":"Sitzsack B\u00e4r f\u00fcr Kinder aus weichem Teddy Stoff. Leicht, gem\u00fctlich und OEKO TEX zertifiziert. Perfekt zum Lesen, Spielen und Entspannen im Kinderzimmer.","robots":{"index":"index","follow":"follow","max-snippet":"max-snippet:-1","max-image-preview":"max-image-preview:large","max-video-preview":"max-video-preview:-1"},"canonical":"https:\/\/legandgo.com\/de\/shop\/kindermoebel\/kinderkissen-baer\/","og_locale":"de_DE","og_type":"article","og_title":"Kinderkissen \u2013 B\u00e4r &#183; leg&amp;go","og_description":"Sitzsack B\u00e4r f\u00fcr Kinder aus weichem Teddy Stoff. Leicht, gem\u00fctlich und OEKO TEX zertifiziert. Perfekt zum Lesen, Spielen und Entspannen im Kinderzimmer.","og_url":"https:\/\/legandgo.com\/de\/shop\/kindermoebel\/kinderkissen-baer\/","og_site_name":"leg&amp;go","article_publisher":"https:\/\/www.facebook.com\/legandgo","article_modified_time":"2026-02-20T17:11:41+00:00","og_image":[{"width":250,"height":250,"url":"https:\/\/legandgo.com\/wp-content\/uploads\/2025\/03\/matcha-bear-cushion.jpg","type":"image\/jpeg"}],"twitter_card":"summary_large_image","schema":{"@context":"https:\/\/schema.org","@graph":[{"@type":"WebPage","@id":"https:\/\/legandgo.com\/de\/shop\/kindermoebel\/kinderkissen-baer\/","url":"https:\/\/legandgo.com\/de\/shop\/kindermoebel\/kinderkissen-baer\/","name":"Kinderkissen \u2013 B\u00e4r &#183; leg&amp;go","isPartOf":{"@id":"https:\/\/legandgo.com\/de\/#website"},"primaryImageOfPage":{"@id":"https:\/\/legandgo.com\/de\/shop\/kindermoebel\/kinderkissen-baer\/#primaryimage"},"image":{"@id":"https:\/\/legandgo.com\/de\/shop\/kindermoebel\/kinderkissen-baer\/#primaryimage"},"thumbnailUrl":"https:\/\/legandgo.com\/wp-content\/uploads\/2025\/03\/matcha-bear-cushion.jpg","datePublished":"2025-04-04T09:12:18+00:00","dateModified":"2026-02-20T17:11:41+00:00","description":"Sitzsack B\u00e4r f\u00fcr Kinder aus weichem Teddy Stoff. Leicht, gem\u00fctlich und OEKO TEX zertifiziert. Perfekt zum Lesen, Spielen und Entspannen im Kinderzimmer.","breadcrumb":{"@id":"https:\/\/legandgo.com\/de\/shop\/kindermoebel\/kinderkissen-baer\/#breadcrumb"},"inLanguage":"de-DE","potentialAction":[{"@type":"ReadAction","target":["https:\/\/legandgo.com\/de\/shop\/kindermoebel\/kinderkissen-baer\/"]}]},{"@type":"ImageObject","inLanguage":"de-DE","@id":"https:\/\/legandgo.com\/de\/shop\/kindermoebel\/kinderkissen-baer\/#primaryimage","url":"https:\/\/legandgo.com\/wp-content\/uploads\/2025\/03\/matcha-bear-cushion.jpg","contentUrl":"https:\/\/legandgo.com\/wp-content\/uploads\/2025\/03\/matcha-bear-cushion.jpg","width":250,"height":250,"caption":"Kids cushion"},{"@type":"BreadcrumbList","@id":"https:\/\/legandgo.com\/de\/shop\/kindermoebel\/kinderkissen-baer\/#breadcrumb","itemListElement":[{"@type":"ListItem","position":1,"name":"Home","item":"https:\/\/legandgo.com\/de\/"},{"@type":"ListItem","position":2,"name":"Shop","item":"https:\/\/legandgo.com\/de\/shop\/"},{"@type":"ListItem","position":3,"name":"Kinderkissen \u2013 B\u00e4r"}]},{"@type":"WebSite","@id":"https:\/\/legandgo.com\/de\/#website","url":"https:\/\/legandgo.com\/de\/","name":"leg&amp;go","description":"","publisher":{"@id":"https:\/\/legandgo.com\/de\/#organization"},"potentialAction":[{"@type":"SearchAction","target":{"@type":"EntryPoint","urlTemplate":"https:\/\/legandgo.com\/de\/?s={search_term_string}"},"query-input":{"@type":"PropertyValueSpecification","valueRequired":true,"valueName":"search_term_string"}}],"inLanguage":"de-DE"},{"@type":"Organization","@id":"https:\/\/legandgo.com\/de\/#organization","name":"leg&go bike","url":"https:\/\/legandgo.com\/de\/","logo":{"@type":"ImageObject","inLanguage":"de-DE","@id":"https:\/\/legandgo.com\/de\/#\/schema\/logo\/image\/","url":"https:\/\/legandgo.com\/wp-content\/uploads\/2021\/03\/logorf.png","contentUrl":"https:\/\/legandgo.com\/wp-content\/uploads\/2021\/03\/logorf.png","width":675,"height":216,"caption":"leg&go bike"},"image":{"@id":"https:\/\/legandgo.com\/de\/#\/schema\/logo\/image\/"},"sameAs":["https:\/\/www.facebook.com\/legandgo","https:\/\/www.instagram.com\/legandgo\/","https:\/\/www.linkedin.com\/company\/legandgo\/","https:\/\/www.pinterest.com\/legandgo\/","https:\/\/www.youtube.com\/channel\/UC_FBzWPmKWE0g7fcR4Xdfuw\/"]}]}},"_links":{"self":[{"href":"https:\/\/legandgo.com\/de\/wp-json\/wp\/v2\/product\/37393","targetHints":{"allow":["GET"]}}],"collection":[{"href":"https:\/\/legandgo.com\/de\/wp-json\/wp\/v2\/product"}],"about":[{"href":"https:\/\/legandgo.com\/de\/wp-json\/wp\/v2\/types\/product"}],"replies":[{"embeddable":true,"href":"https:\/\/legandgo.com\/de\/wp-json\/wp\/v2\/comments?post=37393"}],"version-history":[{"count":16,"href":"https:\/\/legandgo.com\/de\/wp-json\/wp\/v2\/product\/37393\/revisions"}],"predecessor-version":[{"id":52955,"href":"https:\/\/legandgo.com\/de\/wp-json\/wp\/v2\/product\/37393\/revisions\/52955"}],"wp:featuredmedia":[{"embeddable":true,"href":"https:\/\/legandgo.com\/de\/wp-json\/wp\/v2\/media\/37253"}],"wp:attachment":[{"href":"https:\/\/legandgo.com\/de\/wp-json\/wp\/v2\/media?parent=37393"}],"wp:term":[{"taxonomy":"product_brand","embeddable":true,"href":"https:\/\/legandgo.com\/de\/wp-json\/wp\/v2\/product_brand?post=37393"},{"taxonomy":"product_cat","embeddable":true,"href":"https:\/\/legandgo.com\/de\/wp-json\/wp\/v2\/product_cat?post=37393"},{"taxonomy":"product_tag","embeddable":true,"href":"https:\/\/legandgo.com\/de\/wp-json\/wp\/v2\/product_tag?post=37393"}],"curies":[{"name":"wp","href":"https:\/\/api.w.org\/{rel}","templated":true}]}}