{"id":37590,"date":"2025-04-04T11:13:01","date_gmt":"2025-04-04T09:13:01","guid":{"rendered":"https:\/\/legandgo.com\/?post_type=product&#038;p=37590"},"modified":"2026-03-05T15:43:37","modified_gmt":"2026-03-05T13:43:37","slug":"kinderkissen-stern","status":"publish","type":"product","link":"https:\/\/legandgo.com\/de\/shop\/kindermoebel\/kinderkissen-stern\/","title":{"rendered":"Kinderkissen \u2013 Stern"},"content":{"rendered":"<p style=\"font-weight: 400;\">Das Wigiwama Kinderkissen Stern ist ein charmantes Dekoelement, das jedem Kinderzimmer oder Spielzimmer eine gem\u00fctliche und verspielte Atmosph\u00e4re verleiht. Mit Blick auf Kinder gestaltet, macht seine weiche und kuschelige Form es perfekt sowohl zur Dekoration als auch f\u00fcr den t\u00e4glichen Komfort. <\/p>\n<p style=\"font-weight: 400;\">Ob auf dem Bett, kombiniert mit einem Sitzsack oder beim Spielen verwendet \u2013 dieses verspielte Kissen bringt W\u00e4rme und Pers\u00f6nlichkeit in jeden Raum.<\/p>\n<p style=\"font-weight: 400;\"><strong>Entdecken Sie unten mehr.<\/strong><\/p>\n","protected":false},"excerpt":{"rendered":"<p>Das Wigiwama Kinderkissen Stern ist ein charmantes Dekoelement, das jedem Kinderzimmer oder Spielzimmer eine gem\u00fctliche und verspielte Atmosph\u00e4re verleiht. Mit Blick auf Kinder gestaltet, macht seine weiche und kuschelige Form es perfekt sowohl zur Dekoration als auch f\u00fcr den t\u00e4glichen Komfort. Ob auf dem Bett, kombiniert mit einem Sitzsack oder beim Spielen verwendet \u2013 dieses<a class=\"excerpt-read-more\" href=\"https:\/\/legandgo.com\/de\/shop\/kindermoebel\/kinderkissen-stern\/\" title=\"ReadKinderkissen \u2013 Stern\">&#8230; Read more &raquo;<\/a><\/p>\n","protected":false},"featured_media":37520,"comment_status":"closed","ping_status":"closed","template":"","meta":{"_acf_changed":false,"inline_featured_image":false,"footnotes":""},"product_brand":[],"product_cat":[1315,407],"product_tag":[1529,1241,1528,1527,1526,1525,1530,1561,1559,1240,1557,1558,1562,1560],"class_list":{"0":"post-37590","1":"product","2":"type-product","3":"status-publish","4":"has-post-thumbnail","6":"product_cat-mobel","7":"product_cat-kindermoebel","8":"product_tag-childrens-floor-pillows","9":"product_tag-childrens-seating","10":"product_tag-childrens-throw-pillows","11":"product_tag-kids-accent-cushions","12":"product_tag-kids-decorative-cushions","13":"product_tag-kids-pillows","14":"product_tag-kids-plush-cushions","15":"product_tag-kinderkissen-2","16":"product_tag-plusch-sternkissen-fur-kinder","17":"product_tag-soft-play-furniture","18":"product_tag-sternkissen","19":"product_tag-sternkissen-fur-kinder","20":"product_tag-sternkissen-fur-kinder-2","21":"product_tag-weiche-kindermobel","22":"pa_color-cremeweisse","23":"pa_color-keks","24":"pa_color-ahorn","25":"pa_color-matcha-de","26":"pa_color-guave","28":"first","29":"instock","30":"purchasable","31":"product-type-variable"},"bundled_by":[],"bundle_stock_status":"instock","bundle_stock_quantity":null,"bundle_virtual":false,"bundle_layout":"","bundle_add_to_cart_form_location":"","bundle_editable_in_cart":false,"bundle_sold_individually_context":"","bundle_item_grouping":"","bundle_min_size":"","bundle_max_size":"","bundle_price":[],"bundled_items":[],"bundle_sell_ids":[],"acf":[],"yoast_head":"<!-- This site is optimized with the Yoast SEO plugin v25.9 - https:\/\/yoast.com\/wordpress\/plugins\/seo\/ -->\n<title>Kinderkissen \u2013 Stern &#183; leg&amp;go<\/title>\n<meta name=\"description\" content=\"Sitzsack B\u00e4r f\u00fcr Kinder aus weichem Teddy Stoff. Leicht, gem\u00fctlich und OEKO TEX zertifiziert. Perfekt zum Lesen, Spielen und Entspannen im Kinderzimmer.\" \/>\n<meta name=\"robots\" content=\"index, follow, max-snippet:-1, max-image-preview:large, max-video-preview:-1\" \/>\n<link rel=\"canonical\" href=\"https:\/\/legandgo.com\/de\/shop\/kindermoebel\/kinderkissen-stern\/\" \/>\n<meta property=\"og:locale\" content=\"de_DE\" \/>\n<meta property=\"og:type\" content=\"article\" \/>\n<meta property=\"og:title\" content=\"Kinderkissen \u2013 Stern &#183; leg&amp;go\" \/>\n<meta property=\"og:description\" content=\"Sitzsack B\u00e4r f\u00fcr Kinder aus weichem Teddy Stoff. Leicht, gem\u00fctlich und OEKO TEX zertifiziert. Perfekt zum Lesen, Spielen und Entspannen im Kinderzimmer.\" \/>\n<meta property=\"og:url\" content=\"https:\/\/legandgo.com\/de\/shop\/kindermoebel\/kinderkissen-stern\/\" \/>\n<meta property=\"og:site_name\" content=\"leg&amp;go\" \/>\n<meta property=\"article:publisher\" content=\"https:\/\/www.facebook.com\/legandgo\" \/>\n<meta property=\"article:modified_time\" content=\"2026-03-05T13:43:37+00:00\" \/>\n<meta property=\"og:image\" content=\"https:\/\/legandgo.com\/wp-content\/uploads\/2025\/03\/maple-star-cushion.jpg\" \/>\n\t<meta property=\"og:image:width\" content=\"250\" \/>\n\t<meta property=\"og:image:height\" content=\"250\" \/>\n\t<meta property=\"og:image:type\" content=\"image\/jpeg\" \/>\n<meta name=\"twitter:card\" content=\"summary_large_image\" \/>\n<script type=\"application\/ld+json\" class=\"yoast-schema-graph\">{\"@context\":\"https:\/\/schema.org\",\"@graph\":[{\"@type\":\"WebPage\",\"@id\":\"https:\/\/legandgo.com\/de\/shop\/kindermoebel\/kinderkissen-stern\/\",\"url\":\"https:\/\/legandgo.com\/de\/shop\/kindermoebel\/kinderkissen-stern\/\",\"name\":\"Kinderkissen \u2013 Stern &#183; leg&amp;go\",\"isPartOf\":{\"@id\":\"https:\/\/legandgo.com\/de\/#website\"},\"primaryImageOfPage\":{\"@id\":\"https:\/\/legandgo.com\/de\/shop\/kindermoebel\/kinderkissen-stern\/#primaryimage\"},\"image\":{\"@id\":\"https:\/\/legandgo.com\/de\/shop\/kindermoebel\/kinderkissen-stern\/#primaryimage\"},\"thumbnailUrl\":\"https:\/\/legandgo.com\/wp-content\/uploads\/2025\/03\/maple-star-cushion.jpg\",\"datePublished\":\"2025-04-04T09:13:01+00:00\",\"dateModified\":\"2026-03-05T13:43:37+00:00\",\"description\":\"Sitzsack B\u00e4r f\u00fcr Kinder aus weichem Teddy Stoff. Leicht, gem\u00fctlich und OEKO TEX zertifiziert. Perfekt zum Lesen, Spielen und Entspannen im Kinderzimmer.\",\"breadcrumb\":{\"@id\":\"https:\/\/legandgo.com\/de\/shop\/kindermoebel\/kinderkissen-stern\/#breadcrumb\"},\"inLanguage\":\"de-DE\",\"potentialAction\":[{\"@type\":\"ReadAction\",\"target\":[\"https:\/\/legandgo.com\/de\/shop\/kindermoebel\/kinderkissen-stern\/\"]}]},{\"@type\":\"ImageObject\",\"inLanguage\":\"de-DE\",\"@id\":\"https:\/\/legandgo.com\/de\/shop\/kindermoebel\/kinderkissen-stern\/#primaryimage\",\"url\":\"https:\/\/legandgo.com\/wp-content\/uploads\/2025\/03\/maple-star-cushion.jpg\",\"contentUrl\":\"https:\/\/legandgo.com\/wp-content\/uploads\/2025\/03\/maple-star-cushion.jpg\",\"width\":250,\"height\":250,\"caption\":\"star cushion maple\"},{\"@type\":\"BreadcrumbList\",\"@id\":\"https:\/\/legandgo.com\/de\/shop\/kindermoebel\/kinderkissen-stern\/#breadcrumb\",\"itemListElement\":[{\"@type\":\"ListItem\",\"position\":1,\"name\":\"Home\",\"item\":\"https:\/\/legandgo.com\/de\/\"},{\"@type\":\"ListItem\",\"position\":2,\"name\":\"Shop\",\"item\":\"https:\/\/legandgo.com\/de\/shop\/\"},{\"@type\":\"ListItem\",\"position\":3,\"name\":\"Kinderkissen \u2013 Stern\"}]},{\"@type\":\"WebSite\",\"@id\":\"https:\/\/legandgo.com\/de\/#website\",\"url\":\"https:\/\/legandgo.com\/de\/\",\"name\":\"leg&amp;go\",\"description\":\"\",\"publisher\":{\"@id\":\"https:\/\/legandgo.com\/de\/#organization\"},\"potentialAction\":[{\"@type\":\"SearchAction\",\"target\":{\"@type\":\"EntryPoint\",\"urlTemplate\":\"https:\/\/legandgo.com\/de\/?s={search_term_string}\"},\"query-input\":{\"@type\":\"PropertyValueSpecification\",\"valueRequired\":true,\"valueName\":\"search_term_string\"}}],\"inLanguage\":\"de-DE\"},{\"@type\":\"Organization\",\"@id\":\"https:\/\/legandgo.com\/de\/#organization\",\"name\":\"leg&go bike\",\"url\":\"https:\/\/legandgo.com\/de\/\",\"logo\":{\"@type\":\"ImageObject\",\"inLanguage\":\"de-DE\",\"@id\":\"https:\/\/legandgo.com\/de\/#\/schema\/logo\/image\/\",\"url\":\"https:\/\/legandgo.com\/wp-content\/uploads\/2021\/03\/logorf.png\",\"contentUrl\":\"https:\/\/legandgo.com\/wp-content\/uploads\/2021\/03\/logorf.png\",\"width\":675,\"height\":216,\"caption\":\"leg&go bike\"},\"image\":{\"@id\":\"https:\/\/legandgo.com\/de\/#\/schema\/logo\/image\/\"},\"sameAs\":[\"https:\/\/www.facebook.com\/legandgo\",\"https:\/\/www.instagram.com\/legandgo\/\",\"https:\/\/www.linkedin.com\/company\/legandgo\/\",\"https:\/\/www.pinterest.com\/legandgo\/\",\"https:\/\/www.youtube.com\/channel\/UC_FBzWPmKWE0g7fcR4Xdfuw\/\"]}]}<\/script>\n<!-- \/ Yoast SEO plugin. -->","yoast_head_json":{"title":"Kinderkissen \u2013 Stern &#183; leg&amp;go","description":"Sitzsack B\u00e4r f\u00fcr Kinder aus weichem Teddy Stoff. Leicht, gem\u00fctlich und OEKO TEX zertifiziert. Perfekt zum Lesen, Spielen und Entspannen im Kinderzimmer.","robots":{"index":"index","follow":"follow","max-snippet":"max-snippet:-1","max-image-preview":"max-image-preview:large","max-video-preview":"max-video-preview:-1"},"canonical":"https:\/\/legandgo.com\/de\/shop\/kindermoebel\/kinderkissen-stern\/","og_locale":"de_DE","og_type":"article","og_title":"Kinderkissen \u2013 Stern &#183; leg&amp;go","og_description":"Sitzsack B\u00e4r f\u00fcr Kinder aus weichem Teddy Stoff. Leicht, gem\u00fctlich und OEKO TEX zertifiziert. Perfekt zum Lesen, Spielen und Entspannen im Kinderzimmer.","og_url":"https:\/\/legandgo.com\/de\/shop\/kindermoebel\/kinderkissen-stern\/","og_site_name":"leg&amp;go","article_publisher":"https:\/\/www.facebook.com\/legandgo","article_modified_time":"2026-03-05T13:43:37+00:00","og_image":[{"width":250,"height":250,"url":"https:\/\/legandgo.com\/wp-content\/uploads\/2025\/03\/maple-star-cushion.jpg","type":"image\/jpeg"}],"twitter_card":"summary_large_image","schema":{"@context":"https:\/\/schema.org","@graph":[{"@type":"WebPage","@id":"https:\/\/legandgo.com\/de\/shop\/kindermoebel\/kinderkissen-stern\/","url":"https:\/\/legandgo.com\/de\/shop\/kindermoebel\/kinderkissen-stern\/","name":"Kinderkissen \u2013 Stern &#183; leg&amp;go","isPartOf":{"@id":"https:\/\/legandgo.com\/de\/#website"},"primaryImageOfPage":{"@id":"https:\/\/legandgo.com\/de\/shop\/kindermoebel\/kinderkissen-stern\/#primaryimage"},"image":{"@id":"https:\/\/legandgo.com\/de\/shop\/kindermoebel\/kinderkissen-stern\/#primaryimage"},"thumbnailUrl":"https:\/\/legandgo.com\/wp-content\/uploads\/2025\/03\/maple-star-cushion.jpg","datePublished":"2025-04-04T09:13:01+00:00","dateModified":"2026-03-05T13:43:37+00:00","description":"Sitzsack B\u00e4r f\u00fcr Kinder aus weichem Teddy Stoff. Leicht, gem\u00fctlich und OEKO TEX zertifiziert. Perfekt zum Lesen, Spielen und Entspannen im Kinderzimmer.","breadcrumb":{"@id":"https:\/\/legandgo.com\/de\/shop\/kindermoebel\/kinderkissen-stern\/#breadcrumb"},"inLanguage":"de-DE","potentialAction":[{"@type":"ReadAction","target":["https:\/\/legandgo.com\/de\/shop\/kindermoebel\/kinderkissen-stern\/"]}]},{"@type":"ImageObject","inLanguage":"de-DE","@id":"https:\/\/legandgo.com\/de\/shop\/kindermoebel\/kinderkissen-stern\/#primaryimage","url":"https:\/\/legandgo.com\/wp-content\/uploads\/2025\/03\/maple-star-cushion.jpg","contentUrl":"https:\/\/legandgo.com\/wp-content\/uploads\/2025\/03\/maple-star-cushion.jpg","width":250,"height":250,"caption":"star cushion maple"},{"@type":"BreadcrumbList","@id":"https:\/\/legandgo.com\/de\/shop\/kindermoebel\/kinderkissen-stern\/#breadcrumb","itemListElement":[{"@type":"ListItem","position":1,"name":"Home","item":"https:\/\/legandgo.com\/de\/"},{"@type":"ListItem","position":2,"name":"Shop","item":"https:\/\/legandgo.com\/de\/shop\/"},{"@type":"ListItem","position":3,"name":"Kinderkissen \u2013 Stern"}]},{"@type":"WebSite","@id":"https:\/\/legandgo.com\/de\/#website","url":"https:\/\/legandgo.com\/de\/","name":"leg&amp;go","description":"","publisher":{"@id":"https:\/\/legandgo.com\/de\/#organization"},"potentialAction":[{"@type":"SearchAction","target":{"@type":"EntryPoint","urlTemplate":"https:\/\/legandgo.com\/de\/?s={search_term_string}"},"query-input":{"@type":"PropertyValueSpecification","valueRequired":true,"valueName":"search_term_string"}}],"inLanguage":"de-DE"},{"@type":"Organization","@id":"https:\/\/legandgo.com\/de\/#organization","name":"leg&go bike","url":"https:\/\/legandgo.com\/de\/","logo":{"@type":"ImageObject","inLanguage":"de-DE","@id":"https:\/\/legandgo.com\/de\/#\/schema\/logo\/image\/","url":"https:\/\/legandgo.com\/wp-content\/uploads\/2021\/03\/logorf.png","contentUrl":"https:\/\/legandgo.com\/wp-content\/uploads\/2021\/03\/logorf.png","width":675,"height":216,"caption":"leg&go bike"},"image":{"@id":"https:\/\/legandgo.com\/de\/#\/schema\/logo\/image\/"},"sameAs":["https:\/\/www.facebook.com\/legandgo","https:\/\/www.instagram.com\/legandgo\/","https:\/\/www.linkedin.com\/company\/legandgo\/","https:\/\/www.pinterest.com\/legandgo\/","https:\/\/www.youtube.com\/channel\/UC_FBzWPmKWE0g7fcR4Xdfuw\/"]}]}},"_links":{"self":[{"href":"https:\/\/legandgo.com\/de\/wp-json\/wp\/v2\/product\/37590","targetHints":{"allow":["GET"]}}],"collection":[{"href":"https:\/\/legandgo.com\/de\/wp-json\/wp\/v2\/product"}],"about":[{"href":"https:\/\/legandgo.com\/de\/wp-json\/wp\/v2\/types\/product"}],"replies":[{"embeddable":true,"href":"https:\/\/legandgo.com\/de\/wp-json\/wp\/v2\/comments?post=37590"}],"version-history":[{"count":14,"href":"https:\/\/legandgo.com\/de\/wp-json\/wp\/v2\/product\/37590\/revisions"}],"predecessor-version":[{"id":53554,"href":"https:\/\/legandgo.com\/de\/wp-json\/wp\/v2\/product\/37590\/revisions\/53554"}],"wp:featuredmedia":[{"embeddable":true,"href":"https:\/\/legandgo.com\/de\/wp-json\/wp\/v2\/media\/37520"}],"wp:attachment":[{"href":"https:\/\/legandgo.com\/de\/wp-json\/wp\/v2\/media?parent=37590"}],"wp:term":[{"taxonomy":"product_brand","embeddable":true,"href":"https:\/\/legandgo.com\/de\/wp-json\/wp\/v2\/product_brand?post=37590"},{"taxonomy":"product_cat","embeddable":true,"href":"https:\/\/legandgo.com\/de\/wp-json\/wp\/v2\/product_cat?post=37590"},{"taxonomy":"product_tag","embeddable":true,"href":"https:\/\/legandgo.com\/de\/wp-json\/wp\/v2\/product_tag?post=37590"}],"curies":[{"name":"wp","href":"https:\/\/api.w.org\/{rel}","templated":true}]}}