{"id":3939,"date":"2021-08-26T16:23:55","date_gmt":"2021-08-26T14:23:55","guid":{"rendered":"https:\/\/legandgo.com\/?post_type=product&#038;p=3939"},"modified":"2026-02-20T12:39:28","modified_gmt":"2026-02-20T10:39:28","slug":"backpack","status":"publish","type":"product","link":"https:\/\/legandgo.com\/de\/shop\/accessories-de\/backpack\/","title":{"rendered":"Rucksack"},"content":{"rendered":"<p>F\u00fcr kleine Entdecker auf l\u00e4ngeren Ausfl\u00fcgen ist unser Kinderrucksack genau die richtige Gr\u00f6\u00dfe f\u00fcr eine Wasserflasche, einen Snack und vielleicht sogar ein geliebtes Kuscheltier. Stilvoll und zugleich praktisch begleitet er den Alltag \u2013 vom Parkbesuch bis zum Kindergarten. <\/p>\n<p>Der Kinderrucksack ist wasserabweisend und verf\u00fcgt \u00fcber eine Fronttasche. Innenfutter, Tragegriff und verstellbare Schultergurte sind in Schwarz gehalten. Ein zus\u00e4tzlicher Brustgurt sorgt f\u00fcr besonders bequemen Sitz. F\u00fcr mehr Sicherheit ist der Rand des Rucksacks mit einer reflektierenden Einfassung versehen.    <\/p>\n<p>Mehr entdecken unten.<\/p>\n","protected":false},"excerpt":{"rendered":"<p>F\u00fcr kleine Entdecker auf l\u00e4ngeren Ausfl\u00fcgen ist unser Kinderrucksack genau die richtige Gr\u00f6\u00dfe f\u00fcr eine Wasserflasche, einen Snack und vielleicht sogar ein geliebtes Kuscheltier. Stilvoll und zugleich praktisch begleitet er den Alltag \u2013 vom Parkbesuch bis zum Kindergarten. Der Kinderrucksack ist wasserabweisend und verf\u00fcgt \u00fcber eine Fronttasche. Innenfutter, Tragegriff und verstellbare Schultergurte sind in Schwarz<a class=\"excerpt-read-more\" href=\"https:\/\/legandgo.com\/de\/shop\/accessories-de\/backpack\/\" title=\"ReadRucksack\">&#8230; Read more &raquo;<\/a><\/p>\n","protected":false},"featured_media":3869,"comment_status":"closed","ping_status":"closed","template":"","meta":{"_acf_changed":false,"inline_featured_image":false,"footnotes":""},"product_brand":[],"product_cat":[1311,85],"product_tag":[],"class_list":{"0":"post-3939","1":"product","2":"type-product","3":"status-publish","4":"has-post-thumbnail","6":"product_cat-laufrader-und-mehr","7":"product_cat-accessories-de","8":"product_shipping_class-accessories-shipping-de","9":"pa_color-type-blumen","10":"pa_color-type-igel","11":"pa_color-type-eis","12":"pa_color-type-berge","13":"pa_color-type-eichhornchen","15":"first","16":"instock","17":"sale","18":"purchasable","19":"product-type-variable"},"bundled_by":[],"bundle_stock_status":"instock","bundle_stock_quantity":null,"bundle_virtual":false,"bundle_layout":"","bundle_add_to_cart_form_location":"","bundle_editable_in_cart":false,"bundle_sold_individually_context":"","bundle_item_grouping":"","bundle_min_size":"","bundle_max_size":"","bundle_price":[],"bundled_items":[],"bundle_sell_ids":[],"acf":[],"yoast_head":"<!-- This site is optimized with the Yoast SEO plugin v25.9 - https:\/\/yoast.com\/wordpress\/plugins\/seo\/ -->\n<title>Rucksack &#183; leg&amp;go<\/title>\n<meta name=\"description\" content=\"Rucksack f\u00fcr Kleinkinder, in dem alle notwendigen Dinge auf ganz einfache Weise verstaut werden k\u00f6nnen.\" \/>\n<meta name=\"robots\" content=\"index, follow, max-snippet:-1, max-image-preview:large, max-video-preview:-1\" \/>\n<link rel=\"canonical\" href=\"https:\/\/legandgo.com\/de\/shop\/accessories-de\/backpack\/\" \/>\n<meta property=\"og:locale\" content=\"de_DE\" \/>\n<meta property=\"og:type\" content=\"article\" \/>\n<meta property=\"og:title\" content=\"Rucksack &#183; leg&amp;go\" \/>\n<meta property=\"og:description\" content=\"Rucksack f\u00fcr Kleinkinder, in dem alle notwendigen Dinge auf ganz einfache Weise verstaut werden k\u00f6nnen.\" \/>\n<meta property=\"og:url\" content=\"https:\/\/legandgo.com\/de\/shop\/accessories-de\/backpack\/\" \/>\n<meta property=\"og:site_name\" content=\"leg&amp;go\" \/>\n<meta property=\"article:publisher\" content=\"https:\/\/www.facebook.com\/legandgo\" \/>\n<meta property=\"article:modified_time\" content=\"2026-02-20T10:39:28+00:00\" \/>\n<meta property=\"og:image\" content=\"https:\/\/legandgo.com\/wp-content\/uploads\/2021\/08\/backpack-1_720x480px-1.jpg\" \/>\n\t<meta property=\"og:image:width\" content=\"720\" \/>\n\t<meta property=\"og:image:height\" content=\"480\" \/>\n\t<meta property=\"og:image:type\" content=\"image\/jpeg\" \/>\n<meta name=\"twitter:card\" content=\"summary_large_image\" \/>\n<script type=\"application\/ld+json\" class=\"yoast-schema-graph\">{\"@context\":\"https:\/\/schema.org\",\"@graph\":[{\"@type\":\"WebPage\",\"@id\":\"https:\/\/legandgo.com\/de\/shop\/accessories-de\/backpack\/\",\"url\":\"https:\/\/legandgo.com\/de\/shop\/accessories-de\/backpack\/\",\"name\":\"Rucksack &#183; leg&amp;go\",\"isPartOf\":{\"@id\":\"https:\/\/legandgo.com\/de\/#website\"},\"primaryImageOfPage\":{\"@id\":\"https:\/\/legandgo.com\/de\/shop\/accessories-de\/backpack\/#primaryimage\"},\"image\":{\"@id\":\"https:\/\/legandgo.com\/de\/shop\/accessories-de\/backpack\/#primaryimage\"},\"thumbnailUrl\":\"https:\/\/legandgo.com\/wp-content\/uploads\/2021\/08\/backpack-1_720x480px-1.jpg\",\"datePublished\":\"2021-08-26T14:23:55+00:00\",\"dateModified\":\"2026-02-20T10:39:28+00:00\",\"description\":\"Rucksack f\u00fcr Kleinkinder, in dem alle notwendigen Dinge auf ganz einfache Weise verstaut werden k\u00f6nnen.\",\"breadcrumb\":{\"@id\":\"https:\/\/legandgo.com\/de\/shop\/accessories-de\/backpack\/#breadcrumb\"},\"inLanguage\":\"de-DE\",\"potentialAction\":[{\"@type\":\"ReadAction\",\"target\":[\"https:\/\/legandgo.com\/de\/shop\/accessories-de\/backpack\/\"]}]},{\"@type\":\"ImageObject\",\"inLanguage\":\"de-DE\",\"@id\":\"https:\/\/legandgo.com\/de\/shop\/accessories-de\/backpack\/#primaryimage\",\"url\":\"https:\/\/legandgo.com\/wp-content\/uploads\/2021\/08\/backpack-1_720x480px-1.jpg\",\"contentUrl\":\"https:\/\/legandgo.com\/wp-content\/uploads\/2021\/08\/backpack-1_720x480px-1.jpg\",\"width\":720,\"height\":480},{\"@type\":\"BreadcrumbList\",\"@id\":\"https:\/\/legandgo.com\/de\/shop\/accessories-de\/backpack\/#breadcrumb\",\"itemListElement\":[{\"@type\":\"ListItem\",\"position\":1,\"name\":\"Home\",\"item\":\"https:\/\/legandgo.com\/de\/\"},{\"@type\":\"ListItem\",\"position\":2,\"name\":\"Shop\",\"item\":\"https:\/\/legandgo.com\/de\/shop\/\"},{\"@type\":\"ListItem\",\"position\":3,\"name\":\"Rucksack\"}]},{\"@type\":\"WebSite\",\"@id\":\"https:\/\/legandgo.com\/de\/#website\",\"url\":\"https:\/\/legandgo.com\/de\/\",\"name\":\"leg&amp;go\",\"description\":\"\",\"publisher\":{\"@id\":\"https:\/\/legandgo.com\/de\/#organization\"},\"potentialAction\":[{\"@type\":\"SearchAction\",\"target\":{\"@type\":\"EntryPoint\",\"urlTemplate\":\"https:\/\/legandgo.com\/de\/?s={search_term_string}\"},\"query-input\":{\"@type\":\"PropertyValueSpecification\",\"valueRequired\":true,\"valueName\":\"search_term_string\"}}],\"inLanguage\":\"de-DE\"},{\"@type\":\"Organization\",\"@id\":\"https:\/\/legandgo.com\/de\/#organization\",\"name\":\"leg&go bike\",\"url\":\"https:\/\/legandgo.com\/de\/\",\"logo\":{\"@type\":\"ImageObject\",\"inLanguage\":\"de-DE\",\"@id\":\"https:\/\/legandgo.com\/de\/#\/schema\/logo\/image\/\",\"url\":\"https:\/\/legandgo.com\/wp-content\/uploads\/2021\/03\/logorf.png\",\"contentUrl\":\"https:\/\/legandgo.com\/wp-content\/uploads\/2021\/03\/logorf.png\",\"width\":675,\"height\":216,\"caption\":\"leg&go bike\"},\"image\":{\"@id\":\"https:\/\/legandgo.com\/de\/#\/schema\/logo\/image\/\"},\"sameAs\":[\"https:\/\/www.facebook.com\/legandgo\",\"https:\/\/www.instagram.com\/legandgo\/\",\"https:\/\/www.linkedin.com\/company\/legandgo\/\",\"https:\/\/www.pinterest.com\/legandgo\/\",\"https:\/\/www.youtube.com\/channel\/UC_FBzWPmKWE0g7fcR4Xdfuw\/\"]}]}<\/script>\n<!-- \/ Yoast SEO plugin. -->","yoast_head_json":{"title":"Rucksack &#183; leg&amp;go","description":"Rucksack f\u00fcr Kleinkinder, in dem alle notwendigen Dinge auf ganz einfache Weise verstaut werden k\u00f6nnen.","robots":{"index":"index","follow":"follow","max-snippet":"max-snippet:-1","max-image-preview":"max-image-preview:large","max-video-preview":"max-video-preview:-1"},"canonical":"https:\/\/legandgo.com\/de\/shop\/accessories-de\/backpack\/","og_locale":"de_DE","og_type":"article","og_title":"Rucksack &#183; leg&amp;go","og_description":"Rucksack f\u00fcr Kleinkinder, in dem alle notwendigen Dinge auf ganz einfache Weise verstaut werden k\u00f6nnen.","og_url":"https:\/\/legandgo.com\/de\/shop\/accessories-de\/backpack\/","og_site_name":"leg&amp;go","article_publisher":"https:\/\/www.facebook.com\/legandgo","article_modified_time":"2026-02-20T10:39:28+00:00","og_image":[{"width":720,"height":480,"url":"https:\/\/legandgo.com\/wp-content\/uploads\/2021\/08\/backpack-1_720x480px-1.jpg","type":"image\/jpeg"}],"twitter_card":"summary_large_image","schema":{"@context":"https:\/\/schema.org","@graph":[{"@type":"WebPage","@id":"https:\/\/legandgo.com\/de\/shop\/accessories-de\/backpack\/","url":"https:\/\/legandgo.com\/de\/shop\/accessories-de\/backpack\/","name":"Rucksack &#183; leg&amp;go","isPartOf":{"@id":"https:\/\/legandgo.com\/de\/#website"},"primaryImageOfPage":{"@id":"https:\/\/legandgo.com\/de\/shop\/accessories-de\/backpack\/#primaryimage"},"image":{"@id":"https:\/\/legandgo.com\/de\/shop\/accessories-de\/backpack\/#primaryimage"},"thumbnailUrl":"https:\/\/legandgo.com\/wp-content\/uploads\/2021\/08\/backpack-1_720x480px-1.jpg","datePublished":"2021-08-26T14:23:55+00:00","dateModified":"2026-02-20T10:39:28+00:00","description":"Rucksack f\u00fcr Kleinkinder, in dem alle notwendigen Dinge auf ganz einfache Weise verstaut werden k\u00f6nnen.","breadcrumb":{"@id":"https:\/\/legandgo.com\/de\/shop\/accessories-de\/backpack\/#breadcrumb"},"inLanguage":"de-DE","potentialAction":[{"@type":"ReadAction","target":["https:\/\/legandgo.com\/de\/shop\/accessories-de\/backpack\/"]}]},{"@type":"ImageObject","inLanguage":"de-DE","@id":"https:\/\/legandgo.com\/de\/shop\/accessories-de\/backpack\/#primaryimage","url":"https:\/\/legandgo.com\/wp-content\/uploads\/2021\/08\/backpack-1_720x480px-1.jpg","contentUrl":"https:\/\/legandgo.com\/wp-content\/uploads\/2021\/08\/backpack-1_720x480px-1.jpg","width":720,"height":480},{"@type":"BreadcrumbList","@id":"https:\/\/legandgo.com\/de\/shop\/accessories-de\/backpack\/#breadcrumb","itemListElement":[{"@type":"ListItem","position":1,"name":"Home","item":"https:\/\/legandgo.com\/de\/"},{"@type":"ListItem","position":2,"name":"Shop","item":"https:\/\/legandgo.com\/de\/shop\/"},{"@type":"ListItem","position":3,"name":"Rucksack"}]},{"@type":"WebSite","@id":"https:\/\/legandgo.com\/de\/#website","url":"https:\/\/legandgo.com\/de\/","name":"leg&amp;go","description":"","publisher":{"@id":"https:\/\/legandgo.com\/de\/#organization"},"potentialAction":[{"@type":"SearchAction","target":{"@type":"EntryPoint","urlTemplate":"https:\/\/legandgo.com\/de\/?s={search_term_string}"},"query-input":{"@type":"PropertyValueSpecification","valueRequired":true,"valueName":"search_term_string"}}],"inLanguage":"de-DE"},{"@type":"Organization","@id":"https:\/\/legandgo.com\/de\/#organization","name":"leg&go bike","url":"https:\/\/legandgo.com\/de\/","logo":{"@type":"ImageObject","inLanguage":"de-DE","@id":"https:\/\/legandgo.com\/de\/#\/schema\/logo\/image\/","url":"https:\/\/legandgo.com\/wp-content\/uploads\/2021\/03\/logorf.png","contentUrl":"https:\/\/legandgo.com\/wp-content\/uploads\/2021\/03\/logorf.png","width":675,"height":216,"caption":"leg&go bike"},"image":{"@id":"https:\/\/legandgo.com\/de\/#\/schema\/logo\/image\/"},"sameAs":["https:\/\/www.facebook.com\/legandgo","https:\/\/www.instagram.com\/legandgo\/","https:\/\/www.linkedin.com\/company\/legandgo\/","https:\/\/www.pinterest.com\/legandgo\/","https:\/\/www.youtube.com\/channel\/UC_FBzWPmKWE0g7fcR4Xdfuw\/"]}]}},"_links":{"self":[{"href":"https:\/\/legandgo.com\/de\/wp-json\/wp\/v2\/product\/3939","targetHints":{"allow":["GET"]}}],"collection":[{"href":"https:\/\/legandgo.com\/de\/wp-json\/wp\/v2\/product"}],"about":[{"href":"https:\/\/legandgo.com\/de\/wp-json\/wp\/v2\/types\/product"}],"replies":[{"embeddable":true,"href":"https:\/\/legandgo.com\/de\/wp-json\/wp\/v2\/comments?post=3939"}],"version-history":[{"count":5,"href":"https:\/\/legandgo.com\/de\/wp-json\/wp\/v2\/product\/3939\/revisions"}],"predecessor-version":[{"id":52851,"href":"https:\/\/legandgo.com\/de\/wp-json\/wp\/v2\/product\/3939\/revisions\/52851"}],"wp:featuredmedia":[{"embeddable":true,"href":"https:\/\/legandgo.com\/de\/wp-json\/wp\/v2\/media\/3869"}],"wp:attachment":[{"href":"https:\/\/legandgo.com\/de\/wp-json\/wp\/v2\/media?parent=3939"}],"wp:term":[{"taxonomy":"product_brand","embeddable":true,"href":"https:\/\/legandgo.com\/de\/wp-json\/wp\/v2\/product_brand?post=3939"},{"taxonomy":"product_cat","embeddable":true,"href":"https:\/\/legandgo.com\/de\/wp-json\/wp\/v2\/product_cat?post=3939"},{"taxonomy":"product_tag","embeddable":true,"href":"https:\/\/legandgo.com\/de\/wp-json\/wp\/v2\/product_tag?post=3939"}],"curies":[{"name":"wp","href":"https:\/\/api.w.org\/{rel}","templated":true}]}}