{"id":40125,"date":"2025-08-18T09:57:54","date_gmt":"2025-08-18T07:57:54","guid":{"rendered":"https:\/\/legandgo.com\/?post_type=product&#038;p=40125"},"modified":"2026-03-31T12:12:05","modified_gmt":"2026-03-31T10:12:05","slug":"faltbarer-lernturm-mit-abnehmbarem-sicherheitsbugel","status":"publish","type":"product","link":"https:\/\/legandgo.com\/de\/shop\/faltbarer-lernturm\/faltbarer-lernturm-mit-abnehmbarem-sicherheitsbugel\/","title":{"rendered":"Faltbarer Lernturm mit abnehmbarem B\u00fcgel"},"content":{"rendered":"<p><span style=\"font-weight: 400;\">Der faltbare Lernturm wurde entwickelt, um Kinder zu unterst\u00fctzen und Ihr t\u00e4gliches Leben zu vereinfachen. Dieser Lernturm hilft Kindern, Arbeitsplatten, Waschbecken und vieles mehr zu erreichen, so dass sie sich in die t\u00e4glichen Aktivit\u00e4ten einbezogen f\u00fchlen. Und das Beste daran? Er l\u00e4sst sich auf ein superschlankes Format zusammenklappen, so dass Sie ihn leicht und platzsparend verstauen k\u00f6nnen. <\/span><\/p>\n","protected":false},"excerpt":{"rendered":"<p>Der faltbare Lernturm wurde entwickelt, um Kinder zu unterst\u00fctzen und Ihr t\u00e4gliches Leben zu vereinfachen. Dieser Lernturm hilft Kindern, Arbeitsplatten, Waschbecken und vieles mehr zu erreichen, so dass sie sich in die t\u00e4glichen Aktivit\u00e4ten einbezogen f\u00fchlen. Und das Beste daran? Er l\u00e4sst sich auf ein superschlankes Format zusammenklappen, so dass Sie ihn leicht und platzsparend<a class=\"excerpt-read-more\" href=\"https:\/\/legandgo.com\/de\/shop\/faltbarer-lernturm\/faltbarer-lernturm-mit-abnehmbarem-sicherheitsbugel\/\" title=\"ReadFaltbarer Lernturm mit abnehmbarem B\u00fcgel\">&#8230; Read more &raquo;<\/a><\/p>\n","protected":false},"featured_media":47887,"comment_status":"closed","ping_status":"closed","template":"","meta":{"_acf_changed":false,"inline_featured_image":false,"footnotes":""},"product_brand":[],"product_cat":[1315,246],"product_tag":[882,883,896,1741,1740,878,897,898,875,888,895,877,876,879,890,891,889,874,894,887,899,886,885,893,892,880,881,884],"class_list":{"0":"post-40125","1":"product","2":"type-product","3":"status-publish","4":"has-post-thumbnail","6":"product_cat-mobel","7":"product_cat-faltbarer-lernturm","8":"product_tag-faltbarer-lernturm","9":"product_tag-faltbarer-lernturm-de","10":"product_tag-faltbarer-turm","11":"product_tag-faltbarer-turm-fur-kleinkinder","12":"product_tag-hilfsturm","13":"product_tag-hockerstufen-fur-die-kuche","14":"product_tag-kinder-turm-kuche","15":"product_tag-kinder-aussichtsturm","16":"product_tag-kleinkindturm","17":"product_tag-kleinkindturm-faltbar","18":"product_tag-kuchenhelfer-faltbar","19":"product_tag-kuchenhelferturm","20":"product_tag-kuchenhocker","21":"product_tag-kuchenhocker-tritthocker","22":"product_tag-kuchenturm-faltbar","23":"product_tag-kuchenturm-fur-kleinkinder","24":"product_tag-kuchenturm-helfer","25":"product_tag-lernturm","26":"product_tag-lernturm-cabrio","27":"product_tag-lernturm-faltbar","28":"product_tag-lernturm-verstellbar","29":"product_tag-montessori-turm-faltbar","30":"product_tag-montessori-aussichtsturm","31":"product_tag-montessori-lernturm","32":"product_tag-montessori-turm","33":"product_tag-stufen-kuchenhocker","34":"product_tag-tritthocker-in-der-kuche","35":"product_tag-zusammenklappbarer-lernturm","36":"product_shipping_class-learning-tower-shipping-de","37":"pa_color-naturholz","38":"pa_color-white-de","39":"pa_color-gray-de","40":"pa_color-schwarz","42":"first","43":"instock","44":"sale","45":"purchasable","46":"product-type-variable","47":"has-default-attributes"},"bundled_by":[],"bundle_stock_status":"instock","bundle_stock_quantity":null,"bundle_virtual":false,"bundle_layout":"","bundle_add_to_cart_form_location":"","bundle_editable_in_cart":false,"bundle_sold_individually_context":"","bundle_item_grouping":"","bundle_min_size":"","bundle_max_size":"","bundle_price":[],"bundled_items":[],"bundle_sell_ids":[],"acf":[],"yoast_head":"<!-- This site is optimized with the Yoast SEO plugin v25.9 - https:\/\/yoast.com\/wordpress\/plugins\/seo\/ -->\n<title>Faltbarer Lernturm mit abnehmbarem B\u00fcgel &#183; leg&amp;go<\/title>\n<meta name=\"description\" content=\"Ein faltbarer Lernturm, der Kindern hilft, Arbeitsfl\u00e4chen und Sp\u00fclen sicher zu erreichen. Vormontiert, platzsparend und mit abnehmbarem B\u00fcgel.\" \/>\n<meta name=\"robots\" content=\"index, follow, max-snippet:-1, max-image-preview:large, max-video-preview:-1\" \/>\n<link rel=\"canonical\" href=\"https:\/\/legandgo.com\/de\/shop\/faltbarer-lernturm\/faltbarer-lernturm-mit-abnehmbarem-sicherheitsbugel\/\" \/>\n<meta property=\"og:locale\" content=\"de_DE\" \/>\n<meta property=\"og:type\" content=\"article\" \/>\n<meta property=\"og:title\" content=\"Faltbarer Lernturm mit abnehmbarem B\u00fcgel &#183; leg&amp;go\" \/>\n<meta property=\"og:description\" content=\"Ein faltbarer Lernturm, der Kindern hilft, Arbeitsfl\u00e4chen und Sp\u00fclen sicher zu erreichen. Vormontiert, platzsparend und mit abnehmbarem B\u00fcgel.\" \/>\n<meta property=\"og:url\" content=\"https:\/\/legandgo.com\/de\/shop\/faltbarer-lernturm\/faltbarer-lernturm-mit-abnehmbarem-sicherheitsbugel\/\" \/>\n<meta property=\"og:site_name\" content=\"leg&amp;go\" \/>\n<meta property=\"article:publisher\" content=\"https:\/\/www.facebook.com\/legandgo\" \/>\n<meta property=\"article:modified_time\" content=\"2026-03-31T10:12:05+00:00\" \/>\n<meta property=\"og:image\" content=\"https:\/\/legandgo.com\/wp-content\/uploads\/2025\/08\/HTF-04-NT-scaled.jpg\" \/>\n\t<meta property=\"og:image:width\" content=\"2560\" \/>\n\t<meta property=\"og:image:height\" content=\"2560\" \/>\n\t<meta property=\"og:image:type\" content=\"image\/jpeg\" \/>\n<meta name=\"twitter:card\" content=\"summary_large_image\" \/>\n<script type=\"application\/ld+json\" class=\"yoast-schema-graph\">{\"@context\":\"https:\/\/schema.org\",\"@graph\":[{\"@type\":\"WebPage\",\"@id\":\"https:\/\/legandgo.com\/de\/shop\/faltbarer-lernturm\/faltbarer-lernturm-mit-abnehmbarem-sicherheitsbugel\/\",\"url\":\"https:\/\/legandgo.com\/de\/shop\/faltbarer-lernturm\/faltbarer-lernturm-mit-abnehmbarem-sicherheitsbugel\/\",\"name\":\"Faltbarer Lernturm mit abnehmbarem B\u00fcgel &#183; leg&amp;go\",\"isPartOf\":{\"@id\":\"https:\/\/legandgo.com\/de\/#website\"},\"primaryImageOfPage\":{\"@id\":\"https:\/\/legandgo.com\/de\/shop\/faltbarer-lernturm\/faltbarer-lernturm-mit-abnehmbarem-sicherheitsbugel\/#primaryimage\"},\"image\":{\"@id\":\"https:\/\/legandgo.com\/de\/shop\/faltbarer-lernturm\/faltbarer-lernturm-mit-abnehmbarem-sicherheitsbugel\/#primaryimage\"},\"thumbnailUrl\":\"https:\/\/legandgo.com\/wp-content\/uploads\/2025\/08\/HTF-04-NT-scaled.jpg\",\"datePublished\":\"2025-08-18T07:57:54+00:00\",\"dateModified\":\"2026-03-31T10:12:05+00:00\",\"description\":\"Ein faltbarer Lernturm, der Kindern hilft, Arbeitsfl\u00e4chen und Sp\u00fclen sicher zu erreichen. Vormontiert, platzsparend und mit abnehmbarem B\u00fcgel.\",\"breadcrumb\":{\"@id\":\"https:\/\/legandgo.com\/de\/shop\/faltbarer-lernturm\/faltbarer-lernturm-mit-abnehmbarem-sicherheitsbugel\/#breadcrumb\"},\"inLanguage\":\"de-DE\",\"potentialAction\":[{\"@type\":\"ReadAction\",\"target\":[\"https:\/\/legandgo.com\/de\/shop\/faltbarer-lernturm\/faltbarer-lernturm-mit-abnehmbarem-sicherheitsbugel\/\"]}]},{\"@type\":\"ImageObject\",\"inLanguage\":\"de-DE\",\"@id\":\"https:\/\/legandgo.com\/de\/shop\/faltbarer-lernturm\/faltbarer-lernturm-mit-abnehmbarem-sicherheitsbugel\/#primaryimage\",\"url\":\"https:\/\/legandgo.com\/wp-content\/uploads\/2025\/08\/HTF-04-NT-scaled.jpg\",\"contentUrl\":\"https:\/\/legandgo.com\/wp-content\/uploads\/2025\/08\/HTF-04-NT-scaled.jpg\",\"width\":2560,\"height\":2560},{\"@type\":\"BreadcrumbList\",\"@id\":\"https:\/\/legandgo.com\/de\/shop\/faltbarer-lernturm\/faltbarer-lernturm-mit-abnehmbarem-sicherheitsbugel\/#breadcrumb\",\"itemListElement\":[{\"@type\":\"ListItem\",\"position\":1,\"name\":\"Home\",\"item\":\"https:\/\/legandgo.com\/de\/\"},{\"@type\":\"ListItem\",\"position\":2,\"name\":\"Shop\",\"item\":\"https:\/\/legandgo.com\/de\/shop\/\"},{\"@type\":\"ListItem\",\"position\":3,\"name\":\"Faltbarer Lernturm mit abnehmbarem B\u00fcgel\"}]},{\"@type\":\"WebSite\",\"@id\":\"https:\/\/legandgo.com\/de\/#website\",\"url\":\"https:\/\/legandgo.com\/de\/\",\"name\":\"leg&amp;go\",\"description\":\"\",\"publisher\":{\"@id\":\"https:\/\/legandgo.com\/de\/#organization\"},\"potentialAction\":[{\"@type\":\"SearchAction\",\"target\":{\"@type\":\"EntryPoint\",\"urlTemplate\":\"https:\/\/legandgo.com\/de\/?s={search_term_string}\"},\"query-input\":{\"@type\":\"PropertyValueSpecification\",\"valueRequired\":true,\"valueName\":\"search_term_string\"}}],\"inLanguage\":\"de-DE\"},{\"@type\":\"Organization\",\"@id\":\"https:\/\/legandgo.com\/de\/#organization\",\"name\":\"leg&go bike\",\"url\":\"https:\/\/legandgo.com\/de\/\",\"logo\":{\"@type\":\"ImageObject\",\"inLanguage\":\"de-DE\",\"@id\":\"https:\/\/legandgo.com\/de\/#\/schema\/logo\/image\/\",\"url\":\"https:\/\/legandgo.com\/wp-content\/uploads\/2021\/03\/logorf.png\",\"contentUrl\":\"https:\/\/legandgo.com\/wp-content\/uploads\/2021\/03\/logorf.png\",\"width\":675,\"height\":216,\"caption\":\"leg&go bike\"},\"image\":{\"@id\":\"https:\/\/legandgo.com\/de\/#\/schema\/logo\/image\/\"},\"sameAs\":[\"https:\/\/www.facebook.com\/legandgo\",\"https:\/\/www.instagram.com\/legandgo\/\",\"https:\/\/www.linkedin.com\/company\/legandgo\/\",\"https:\/\/www.pinterest.com\/legandgo\/\",\"https:\/\/www.youtube.com\/channel\/UC_FBzWPmKWE0g7fcR4Xdfuw\/\"]}]}<\/script>\n<!-- \/ Yoast SEO plugin. -->","yoast_head_json":{"title":"Faltbarer Lernturm mit abnehmbarem B\u00fcgel &#183; leg&amp;go","description":"Ein faltbarer Lernturm, der Kindern hilft, Arbeitsfl\u00e4chen und Sp\u00fclen sicher zu erreichen. Vormontiert, platzsparend und mit abnehmbarem B\u00fcgel.","robots":{"index":"index","follow":"follow","max-snippet":"max-snippet:-1","max-image-preview":"max-image-preview:large","max-video-preview":"max-video-preview:-1"},"canonical":"https:\/\/legandgo.com\/de\/shop\/faltbarer-lernturm\/faltbarer-lernturm-mit-abnehmbarem-sicherheitsbugel\/","og_locale":"de_DE","og_type":"article","og_title":"Faltbarer Lernturm mit abnehmbarem B\u00fcgel &#183; leg&amp;go","og_description":"Ein faltbarer Lernturm, der Kindern hilft, Arbeitsfl\u00e4chen und Sp\u00fclen sicher zu erreichen. Vormontiert, platzsparend und mit abnehmbarem B\u00fcgel.","og_url":"https:\/\/legandgo.com\/de\/shop\/faltbarer-lernturm\/faltbarer-lernturm-mit-abnehmbarem-sicherheitsbugel\/","og_site_name":"leg&amp;go","article_publisher":"https:\/\/www.facebook.com\/legandgo","article_modified_time":"2026-03-31T10:12:05+00:00","og_image":[{"width":2560,"height":2560,"url":"https:\/\/legandgo.com\/wp-content\/uploads\/2025\/08\/HTF-04-NT-scaled.jpg","type":"image\/jpeg"}],"twitter_card":"summary_large_image","schema":{"@context":"https:\/\/schema.org","@graph":[{"@type":"WebPage","@id":"https:\/\/legandgo.com\/de\/shop\/faltbarer-lernturm\/faltbarer-lernturm-mit-abnehmbarem-sicherheitsbugel\/","url":"https:\/\/legandgo.com\/de\/shop\/faltbarer-lernturm\/faltbarer-lernturm-mit-abnehmbarem-sicherheitsbugel\/","name":"Faltbarer Lernturm mit abnehmbarem B\u00fcgel &#183; leg&amp;go","isPartOf":{"@id":"https:\/\/legandgo.com\/de\/#website"},"primaryImageOfPage":{"@id":"https:\/\/legandgo.com\/de\/shop\/faltbarer-lernturm\/faltbarer-lernturm-mit-abnehmbarem-sicherheitsbugel\/#primaryimage"},"image":{"@id":"https:\/\/legandgo.com\/de\/shop\/faltbarer-lernturm\/faltbarer-lernturm-mit-abnehmbarem-sicherheitsbugel\/#primaryimage"},"thumbnailUrl":"https:\/\/legandgo.com\/wp-content\/uploads\/2025\/08\/HTF-04-NT-scaled.jpg","datePublished":"2025-08-18T07:57:54+00:00","dateModified":"2026-03-31T10:12:05+00:00","description":"Ein faltbarer Lernturm, der Kindern hilft, Arbeitsfl\u00e4chen und Sp\u00fclen sicher zu erreichen. Vormontiert, platzsparend und mit abnehmbarem B\u00fcgel.","breadcrumb":{"@id":"https:\/\/legandgo.com\/de\/shop\/faltbarer-lernturm\/faltbarer-lernturm-mit-abnehmbarem-sicherheitsbugel\/#breadcrumb"},"inLanguage":"de-DE","potentialAction":[{"@type":"ReadAction","target":["https:\/\/legandgo.com\/de\/shop\/faltbarer-lernturm\/faltbarer-lernturm-mit-abnehmbarem-sicherheitsbugel\/"]}]},{"@type":"ImageObject","inLanguage":"de-DE","@id":"https:\/\/legandgo.com\/de\/shop\/faltbarer-lernturm\/faltbarer-lernturm-mit-abnehmbarem-sicherheitsbugel\/#primaryimage","url":"https:\/\/legandgo.com\/wp-content\/uploads\/2025\/08\/HTF-04-NT-scaled.jpg","contentUrl":"https:\/\/legandgo.com\/wp-content\/uploads\/2025\/08\/HTF-04-NT-scaled.jpg","width":2560,"height":2560},{"@type":"BreadcrumbList","@id":"https:\/\/legandgo.com\/de\/shop\/faltbarer-lernturm\/faltbarer-lernturm-mit-abnehmbarem-sicherheitsbugel\/#breadcrumb","itemListElement":[{"@type":"ListItem","position":1,"name":"Home","item":"https:\/\/legandgo.com\/de\/"},{"@type":"ListItem","position":2,"name":"Shop","item":"https:\/\/legandgo.com\/de\/shop\/"},{"@type":"ListItem","position":3,"name":"Faltbarer Lernturm mit abnehmbarem B\u00fcgel"}]},{"@type":"WebSite","@id":"https:\/\/legandgo.com\/de\/#website","url":"https:\/\/legandgo.com\/de\/","name":"leg&amp;go","description":"","publisher":{"@id":"https:\/\/legandgo.com\/de\/#organization"},"potentialAction":[{"@type":"SearchAction","target":{"@type":"EntryPoint","urlTemplate":"https:\/\/legandgo.com\/de\/?s={search_term_string}"},"query-input":{"@type":"PropertyValueSpecification","valueRequired":true,"valueName":"search_term_string"}}],"inLanguage":"de-DE"},{"@type":"Organization","@id":"https:\/\/legandgo.com\/de\/#organization","name":"leg&go bike","url":"https:\/\/legandgo.com\/de\/","logo":{"@type":"ImageObject","inLanguage":"de-DE","@id":"https:\/\/legandgo.com\/de\/#\/schema\/logo\/image\/","url":"https:\/\/legandgo.com\/wp-content\/uploads\/2021\/03\/logorf.png","contentUrl":"https:\/\/legandgo.com\/wp-content\/uploads\/2021\/03\/logorf.png","width":675,"height":216,"caption":"leg&go bike"},"image":{"@id":"https:\/\/legandgo.com\/de\/#\/schema\/logo\/image\/"},"sameAs":["https:\/\/www.facebook.com\/legandgo","https:\/\/www.instagram.com\/legandgo\/","https:\/\/www.linkedin.com\/company\/legandgo\/","https:\/\/www.pinterest.com\/legandgo\/","https:\/\/www.youtube.com\/channel\/UC_FBzWPmKWE0g7fcR4Xdfuw\/"]}]}},"_links":{"self":[{"href":"https:\/\/legandgo.com\/de\/wp-json\/wp\/v2\/product\/40125","targetHints":{"allow":["GET"]}}],"collection":[{"href":"https:\/\/legandgo.com\/de\/wp-json\/wp\/v2\/product"}],"about":[{"href":"https:\/\/legandgo.com\/de\/wp-json\/wp\/v2\/types\/product"}],"replies":[{"embeddable":true,"href":"https:\/\/legandgo.com\/de\/wp-json\/wp\/v2\/comments?post=40125"}],"version-history":[{"count":13,"href":"https:\/\/legandgo.com\/de\/wp-json\/wp\/v2\/product\/40125\/revisions"}],"predecessor-version":[{"id":50720,"href":"https:\/\/legandgo.com\/de\/wp-json\/wp\/v2\/product\/40125\/revisions\/50720"}],"wp:featuredmedia":[{"embeddable":true,"href":"https:\/\/legandgo.com\/de\/wp-json\/wp\/v2\/media\/47887"}],"wp:attachment":[{"href":"https:\/\/legandgo.com\/de\/wp-json\/wp\/v2\/media?parent=40125"}],"wp:term":[{"taxonomy":"product_brand","embeddable":true,"href":"https:\/\/legandgo.com\/de\/wp-json\/wp\/v2\/product_brand?post=40125"},{"taxonomy":"product_cat","embeddable":true,"href":"https:\/\/legandgo.com\/de\/wp-json\/wp\/v2\/product_cat?post=40125"},{"taxonomy":"product_tag","embeddable":true,"href":"https:\/\/legandgo.com\/de\/wp-json\/wp\/v2\/product_tag?post=40125"}],"curies":[{"name":"wp","href":"https:\/\/api.w.org\/{rel}","templated":true}]}}