{"id":4200,"date":"2021-09-01T10:48:14","date_gmt":"2021-09-01T08:48:14","guid":{"rendered":"https:\/\/legandgo.com\/?post_type=product&#038;p=4200"},"modified":"2026-02-20T12:08:42","modified_gmt":"2026-02-20T10:08:42","slug":"beanie-hat","status":"publish","type":"product","link":"https:\/\/legandgo.com\/de\/shop\/accessories-de\/beanie-hat\/","title":{"rendered":"Beanie-M\u00fctze"},"content":{"rendered":"<p style=\"font-weight: 400;\">Zwei Looks in einem weichen Essential.<\/p>\n<p style=\"font-weight: 400;\">Unsere wendbare Beanie M\u00fctze ist der perfekte Alltagsbegleiter f\u00fcr Babys und Kinder. Eine Seite zeigt ein verspieltes Muster, die andere ist klassisch dunkelgrau \u2013 so erhalten Sie zwei Styles in einem. Sorgf\u00e4ltig entworfen und in Europa handgefertigt aus GOTS zertifizierter Bio Baumwolle vereint sie Komfort, Langlebigkeit und Umweltfreundlichkeit.  <\/p>\n<p style=\"font-weight: 400;\"><strong>Entdecken Sie unten mehr.<\/strong><\/p>\n<p>&nbsp;<\/p>\n","protected":false},"excerpt":{"rendered":"<p>Zwei Looks in einem weichen Essential. Unsere wendbare Beanie M\u00fctze ist der perfekte Alltagsbegleiter f\u00fcr Babys und Kinder. Eine Seite zeigt ein verspieltes Muster, die andere ist klassisch dunkelgrau \u2013 so erhalten Sie zwei Styles in einem. Sorgf\u00e4ltig entworfen und in Europa handgefertigt aus GOTS zertifizierter Bio Baumwolle vereint sie Komfort, Langlebigkeit und Umweltfreundlichkeit. Entdecken<a class=\"excerpt-read-more\" href=\"https:\/\/legandgo.com\/de\/shop\/accessories-de\/beanie-hat\/\" title=\"ReadBeanie-M\u00fctze\">&#8230; Read more &raquo;<\/a><\/p>\n","protected":false},"featured_media":4157,"comment_status":"closed","ping_status":"closed","template":"","meta":{"_acf_changed":false,"inline_featured_image":false,"footnotes":""},"product_brand":[],"product_cat":[1311,85],"product_tag":[],"class_list":{"0":"post-4200","1":"product","2":"type-product","3":"status-publish","4":"has-post-thumbnail","6":"product_cat-laufrader-und-mehr","7":"product_cat-accessories-de","8":"product_shipping_class-accessories-shipping-de","9":"pa_color-type-eicheln","10":"pa_color-type-igel","11":"pa_color-type-fichten","13":"first","14":"instock","15":"sale","16":"purchasable","17":"product-type-variable","18":"has-default-attributes"},"bundled_by":[],"bundle_stock_status":"instock","bundle_stock_quantity":null,"bundle_virtual":false,"bundle_layout":"","bundle_add_to_cart_form_location":"","bundle_editable_in_cart":false,"bundle_sold_individually_context":"","bundle_item_grouping":"","bundle_min_size":"","bundle_max_size":"","bundle_price":[],"bundled_items":[],"bundle_sell_ids":[],"acf":[],"yoast_head":"<!-- This site is optimized with the Yoast SEO plugin v25.9 - https:\/\/yoast.com\/wordpress\/plugins\/seo\/ -->\n<title>Beanie-M\u00fctze &#183; leg&amp;go<\/title>\n<meta name=\"description\" content=\"Wendbare Beanie M\u00fctze aus GOTS Bio Baumwolle f\u00fcr Babys und Kinder. Weich, dehnbar und handgefertigt in Europa, mit zwei Looks in einem.\" \/>\n<meta name=\"robots\" content=\"index, follow, max-snippet:-1, max-image-preview:large, max-video-preview:-1\" \/>\n<link rel=\"canonical\" href=\"https:\/\/legandgo.com\/de\/shop\/accessories-de\/beanie-hat\/\" \/>\n<meta property=\"og:locale\" content=\"de_DE\" \/>\n<meta property=\"og:type\" content=\"article\" \/>\n<meta property=\"og:title\" content=\"Beanie-M\u00fctze &#183; leg&amp;go\" \/>\n<meta property=\"og:description\" content=\"Wendbare Beanie M\u00fctze aus GOTS Bio Baumwolle f\u00fcr Babys und Kinder. Weich, dehnbar und handgefertigt in Europa, mit zwei Looks in einem.\" \/>\n<meta property=\"og:url\" content=\"https:\/\/legandgo.com\/de\/shop\/accessories-de\/beanie-hat\/\" \/>\n<meta property=\"og:site_name\" content=\"leg&amp;go\" \/>\n<meta property=\"article:publisher\" content=\"https:\/\/www.facebook.com\/legandgo\" \/>\n<meta property=\"article:modified_time\" content=\"2026-02-20T10:08:42+00:00\" \/>\n<meta property=\"og:image\" content=\"https:\/\/legandgo.com\/wp-content\/uploads\/2021\/08\/legandgo-leggo-wuf-kid-beanie-scarf-12.jpg\" \/>\n\t<meta property=\"og:image:width\" content=\"720\" \/>\n\t<meta property=\"og:image:height\" content=\"480\" \/>\n\t<meta property=\"og:image:type\" content=\"image\/jpeg\" \/>\n<meta name=\"twitter:card\" content=\"summary_large_image\" \/>\n<script type=\"application\/ld+json\" class=\"yoast-schema-graph\">{\"@context\":\"https:\/\/schema.org\",\"@graph\":[{\"@type\":\"WebPage\",\"@id\":\"https:\/\/legandgo.com\/de\/shop\/accessories-de\/beanie-hat\/\",\"url\":\"https:\/\/legandgo.com\/de\/shop\/accessories-de\/beanie-hat\/\",\"name\":\"Beanie-M\u00fctze &#183; leg&amp;go\",\"isPartOf\":{\"@id\":\"https:\/\/legandgo.com\/de\/#website\"},\"primaryImageOfPage\":{\"@id\":\"https:\/\/legandgo.com\/de\/shop\/accessories-de\/beanie-hat\/#primaryimage\"},\"image\":{\"@id\":\"https:\/\/legandgo.com\/de\/shop\/accessories-de\/beanie-hat\/#primaryimage\"},\"thumbnailUrl\":\"https:\/\/legandgo.com\/wp-content\/uploads\/2021\/08\/legandgo-leggo-wuf-kid-beanie-scarf-12.jpg\",\"datePublished\":\"2021-09-01T08:48:14+00:00\",\"dateModified\":\"2026-02-20T10:08:42+00:00\",\"description\":\"Wendbare Beanie M\u00fctze aus GOTS Bio Baumwolle f\u00fcr Babys und Kinder. Weich, dehnbar und handgefertigt in Europa, mit zwei Looks in einem.\",\"breadcrumb\":{\"@id\":\"https:\/\/legandgo.com\/de\/shop\/accessories-de\/beanie-hat\/#breadcrumb\"},\"inLanguage\":\"de-DE\",\"potentialAction\":[{\"@type\":\"ReadAction\",\"target\":[\"https:\/\/legandgo.com\/de\/shop\/accessories-de\/beanie-hat\/\"]}]},{\"@type\":\"ImageObject\",\"inLanguage\":\"de-DE\",\"@id\":\"https:\/\/legandgo.com\/de\/shop\/accessories-de\/beanie-hat\/#primaryimage\",\"url\":\"https:\/\/legandgo.com\/wp-content\/uploads\/2021\/08\/legandgo-leggo-wuf-kid-beanie-scarf-12.jpg\",\"contentUrl\":\"https:\/\/legandgo.com\/wp-content\/uploads\/2021\/08\/legandgo-leggo-wuf-kid-beanie-scarf-12.jpg\",\"width\":720,\"height\":480},{\"@type\":\"BreadcrumbList\",\"@id\":\"https:\/\/legandgo.com\/de\/shop\/accessories-de\/beanie-hat\/#breadcrumb\",\"itemListElement\":[{\"@type\":\"ListItem\",\"position\":1,\"name\":\"Home\",\"item\":\"https:\/\/legandgo.com\/de\/\"},{\"@type\":\"ListItem\",\"position\":2,\"name\":\"Shop\",\"item\":\"https:\/\/legandgo.com\/de\/shop\/\"},{\"@type\":\"ListItem\",\"position\":3,\"name\":\"Beanie-M\u00fctze\"}]},{\"@type\":\"WebSite\",\"@id\":\"https:\/\/legandgo.com\/de\/#website\",\"url\":\"https:\/\/legandgo.com\/de\/\",\"name\":\"leg&amp;go\",\"description\":\"\",\"publisher\":{\"@id\":\"https:\/\/legandgo.com\/de\/#organization\"},\"potentialAction\":[{\"@type\":\"SearchAction\",\"target\":{\"@type\":\"EntryPoint\",\"urlTemplate\":\"https:\/\/legandgo.com\/de\/?s={search_term_string}\"},\"query-input\":{\"@type\":\"PropertyValueSpecification\",\"valueRequired\":true,\"valueName\":\"search_term_string\"}}],\"inLanguage\":\"de-DE\"},{\"@type\":\"Organization\",\"@id\":\"https:\/\/legandgo.com\/de\/#organization\",\"name\":\"leg&go bike\",\"url\":\"https:\/\/legandgo.com\/de\/\",\"logo\":{\"@type\":\"ImageObject\",\"inLanguage\":\"de-DE\",\"@id\":\"https:\/\/legandgo.com\/de\/#\/schema\/logo\/image\/\",\"url\":\"https:\/\/legandgo.com\/wp-content\/uploads\/2021\/03\/logorf.png\",\"contentUrl\":\"https:\/\/legandgo.com\/wp-content\/uploads\/2021\/03\/logorf.png\",\"width\":675,\"height\":216,\"caption\":\"leg&go bike\"},\"image\":{\"@id\":\"https:\/\/legandgo.com\/de\/#\/schema\/logo\/image\/\"},\"sameAs\":[\"https:\/\/www.facebook.com\/legandgo\",\"https:\/\/www.instagram.com\/legandgo\/\",\"https:\/\/www.linkedin.com\/company\/legandgo\/\",\"https:\/\/www.pinterest.com\/legandgo\/\",\"https:\/\/www.youtube.com\/channel\/UC_FBzWPmKWE0g7fcR4Xdfuw\/\"]}]}<\/script>\n<!-- \/ Yoast SEO plugin. -->","yoast_head_json":{"title":"Beanie-M\u00fctze &#183; leg&amp;go","description":"Wendbare Beanie M\u00fctze aus GOTS Bio Baumwolle f\u00fcr Babys und Kinder. Weich, dehnbar und handgefertigt in Europa, mit zwei Looks in einem.","robots":{"index":"index","follow":"follow","max-snippet":"max-snippet:-1","max-image-preview":"max-image-preview:large","max-video-preview":"max-video-preview:-1"},"canonical":"https:\/\/legandgo.com\/de\/shop\/accessories-de\/beanie-hat\/","og_locale":"de_DE","og_type":"article","og_title":"Beanie-M\u00fctze &#183; leg&amp;go","og_description":"Wendbare Beanie M\u00fctze aus GOTS Bio Baumwolle f\u00fcr Babys und Kinder. Weich, dehnbar und handgefertigt in Europa, mit zwei Looks in einem.","og_url":"https:\/\/legandgo.com\/de\/shop\/accessories-de\/beanie-hat\/","og_site_name":"leg&amp;go","article_publisher":"https:\/\/www.facebook.com\/legandgo","article_modified_time":"2026-02-20T10:08:42+00:00","og_image":[{"width":720,"height":480,"url":"https:\/\/legandgo.com\/wp-content\/uploads\/2021\/08\/legandgo-leggo-wuf-kid-beanie-scarf-12.jpg","type":"image\/jpeg"}],"twitter_card":"summary_large_image","schema":{"@context":"https:\/\/schema.org","@graph":[{"@type":"WebPage","@id":"https:\/\/legandgo.com\/de\/shop\/accessories-de\/beanie-hat\/","url":"https:\/\/legandgo.com\/de\/shop\/accessories-de\/beanie-hat\/","name":"Beanie-M\u00fctze &#183; leg&amp;go","isPartOf":{"@id":"https:\/\/legandgo.com\/de\/#website"},"primaryImageOfPage":{"@id":"https:\/\/legandgo.com\/de\/shop\/accessories-de\/beanie-hat\/#primaryimage"},"image":{"@id":"https:\/\/legandgo.com\/de\/shop\/accessories-de\/beanie-hat\/#primaryimage"},"thumbnailUrl":"https:\/\/legandgo.com\/wp-content\/uploads\/2021\/08\/legandgo-leggo-wuf-kid-beanie-scarf-12.jpg","datePublished":"2021-09-01T08:48:14+00:00","dateModified":"2026-02-20T10:08:42+00:00","description":"Wendbare Beanie M\u00fctze aus GOTS Bio Baumwolle f\u00fcr Babys und Kinder. Weich, dehnbar und handgefertigt in Europa, mit zwei Looks in einem.","breadcrumb":{"@id":"https:\/\/legandgo.com\/de\/shop\/accessories-de\/beanie-hat\/#breadcrumb"},"inLanguage":"de-DE","potentialAction":[{"@type":"ReadAction","target":["https:\/\/legandgo.com\/de\/shop\/accessories-de\/beanie-hat\/"]}]},{"@type":"ImageObject","inLanguage":"de-DE","@id":"https:\/\/legandgo.com\/de\/shop\/accessories-de\/beanie-hat\/#primaryimage","url":"https:\/\/legandgo.com\/wp-content\/uploads\/2021\/08\/legandgo-leggo-wuf-kid-beanie-scarf-12.jpg","contentUrl":"https:\/\/legandgo.com\/wp-content\/uploads\/2021\/08\/legandgo-leggo-wuf-kid-beanie-scarf-12.jpg","width":720,"height":480},{"@type":"BreadcrumbList","@id":"https:\/\/legandgo.com\/de\/shop\/accessories-de\/beanie-hat\/#breadcrumb","itemListElement":[{"@type":"ListItem","position":1,"name":"Home","item":"https:\/\/legandgo.com\/de\/"},{"@type":"ListItem","position":2,"name":"Shop","item":"https:\/\/legandgo.com\/de\/shop\/"},{"@type":"ListItem","position":3,"name":"Beanie-M\u00fctze"}]},{"@type":"WebSite","@id":"https:\/\/legandgo.com\/de\/#website","url":"https:\/\/legandgo.com\/de\/","name":"leg&amp;go","description":"","publisher":{"@id":"https:\/\/legandgo.com\/de\/#organization"},"potentialAction":[{"@type":"SearchAction","target":{"@type":"EntryPoint","urlTemplate":"https:\/\/legandgo.com\/de\/?s={search_term_string}"},"query-input":{"@type":"PropertyValueSpecification","valueRequired":true,"valueName":"search_term_string"}}],"inLanguage":"de-DE"},{"@type":"Organization","@id":"https:\/\/legandgo.com\/de\/#organization","name":"leg&go bike","url":"https:\/\/legandgo.com\/de\/","logo":{"@type":"ImageObject","inLanguage":"de-DE","@id":"https:\/\/legandgo.com\/de\/#\/schema\/logo\/image\/","url":"https:\/\/legandgo.com\/wp-content\/uploads\/2021\/03\/logorf.png","contentUrl":"https:\/\/legandgo.com\/wp-content\/uploads\/2021\/03\/logorf.png","width":675,"height":216,"caption":"leg&go bike"},"image":{"@id":"https:\/\/legandgo.com\/de\/#\/schema\/logo\/image\/"},"sameAs":["https:\/\/www.facebook.com\/legandgo","https:\/\/www.instagram.com\/legandgo\/","https:\/\/www.linkedin.com\/company\/legandgo\/","https:\/\/www.pinterest.com\/legandgo\/","https:\/\/www.youtube.com\/channel\/UC_FBzWPmKWE0g7fcR4Xdfuw\/"]}]}},"_links":{"self":[{"href":"https:\/\/legandgo.com\/de\/wp-json\/wp\/v2\/product\/4200","targetHints":{"allow":["GET"]}}],"collection":[{"href":"https:\/\/legandgo.com\/de\/wp-json\/wp\/v2\/product"}],"about":[{"href":"https:\/\/legandgo.com\/de\/wp-json\/wp\/v2\/types\/product"}],"replies":[{"embeddable":true,"href":"https:\/\/legandgo.com\/de\/wp-json\/wp\/v2\/comments?post=4200"}],"version-history":[{"count":10,"href":"https:\/\/legandgo.com\/de\/wp-json\/wp\/v2\/product\/4200\/revisions"}],"predecessor-version":[{"id":52821,"href":"https:\/\/legandgo.com\/de\/wp-json\/wp\/v2\/product\/4200\/revisions\/52821"}],"wp:featuredmedia":[{"embeddable":true,"href":"https:\/\/legandgo.com\/de\/wp-json\/wp\/v2\/media\/4157"}],"wp:attachment":[{"href":"https:\/\/legandgo.com\/de\/wp-json\/wp\/v2\/media?parent=4200"}],"wp:term":[{"taxonomy":"product_brand","embeddable":true,"href":"https:\/\/legandgo.com\/de\/wp-json\/wp\/v2\/product_brand?post=4200"},{"taxonomy":"product_cat","embeddable":true,"href":"https:\/\/legandgo.com\/de\/wp-json\/wp\/v2\/product_cat?post=4200"},{"taxonomy":"product_tag","embeddable":true,"href":"https:\/\/legandgo.com\/de\/wp-json\/wp\/v2\/product_tag?post=4200"}],"curies":[{"name":"wp","href":"https:\/\/api.w.org\/{rel}","templated":true}]}}