{"id":44117,"date":"2025-09-30T15:42:18","date_gmt":"2025-09-30T13:42:18","guid":{"rendered":"https:\/\/legandgo.com\/shop\/unkategorisiert\/balancierbalken-2\/"},"modified":"2026-03-09T14:53:16","modified_gmt":"2026-03-09T12:53:16","slug":"balancierbalken","status":"publish","type":"product","link":"https:\/\/legandgo.com\/de\/shop\/balance-board-de\/balancierbalken\/","title":{"rendered":"Balancierbalken Set aus Holz"},"content":{"rendered":"<p data-start=\"0\" data-end=\"245\">Der Balancierbalken aus Holz ist eine unterhaltsame M\u00f6glichkeit, Gleichgewicht und Koordination zu verbessern. Eine spannende Herausforderung f\u00fcr Ihr Kind! Er f\u00f6rdert aktive Bewegung, st\u00e4rkt das Selbstvertrauen mit jedem Schritt und verwandelt das t\u00e4gliche Spielen in eine wertvolle Entwicklungsaktivit\u00e4t.<\/p>\n<p data-start=\"247\" data-end=\"266\" data-is-last-node=\"\" data-is-only-node=\"\"><strong>Entdecken Sie unten mehr.<\/strong><\/p>\n","protected":false},"excerpt":{"rendered":"<p>Der Balancierbalken aus Holz ist eine unterhaltsame M\u00f6glichkeit, Gleichgewicht und Koordination zu verbessern. Eine spannende Herausforderung f\u00fcr Ihr Kind! Er f\u00f6rdert aktive Bewegung, st\u00e4rkt das Selbstvertrauen mit jedem Schritt und verwandelt das t\u00e4gliche Spielen in eine wertvolle Entwicklungsaktivit\u00e4t. Entdecken Sie unten mehr.<\/p>\n","protected":false},"featured_media":43918,"comment_status":"closed","ping_status":"closed","template":"","meta":{"_acf_changed":false,"inline_featured_image":false,"footnotes":""},"product_brand":[],"product_cat":[1319,538],"product_tag":[513,1788,1727,1719,1723,1715,1711,1787],"class_list":{"0":"post-44117","1":"product","2":"type-product","3":"status-publish","4":"has-post-thumbnail","6":"product_cat-kategorie-spielzeug","7":"product_cat-balance-board-de","8":"product_tag-balance-board-de","9":"product_tag-balance-boards-deals","10":"product_tag-leg-go-2","11":"product_tag-leg-and-go","12":"product_tag-leg-go","13":"product_tag-leggo","14":"product_tag-legandgo","15":"product_tag-value-balance-boards","16":"product_shipping_class-balancierbalken","18":"first","19":"instock","20":"sale","21":"purchasable","22":"product-type-variable"},"bundled_by":[],"bundle_stock_status":"instock","bundle_stock_quantity":null,"bundle_virtual":false,"bundle_layout":"","bundle_add_to_cart_form_location":"","bundle_editable_in_cart":false,"bundle_sold_individually_context":"","bundle_item_grouping":"","bundle_min_size":"","bundle_max_size":"","bundle_price":[],"bundled_items":[],"bundle_sell_ids":[],"acf":[],"yoast_head":"<!-- This site is optimized with the Yoast SEO plugin v25.9 - https:\/\/yoast.com\/wordpress\/plugins\/seo\/ -->\n<title>Balancierbalken Set aus Holz f\u00fcr Kinder &#183; leg&amp;go<\/title>\n<meta name=\"description\" content=\"Leg&amp;Go Balancierbalken Set aus 4 oder 6 Elementen \u2013 vielseitiges Spielzeug f\u00fcr Kleinkinder zur F\u00f6rderung von Gleichgewicht, Agilit\u00e4t und Motorik.\" \/>\n<meta name=\"robots\" content=\"index, follow, max-snippet:-1, max-image-preview:large, max-video-preview:-1\" \/>\n<link rel=\"canonical\" href=\"https:\/\/legandgo.com\/de\/shop\/balance-board-de\/balancierbalken\/\" \/>\n<meta property=\"og:locale\" content=\"de_DE\" \/>\n<meta property=\"og:type\" content=\"article\" \/>\n<meta property=\"og:title\" content=\"Balancierbalken Set aus Holz f\u00fcr Kinder &#183; leg&amp;go\" \/>\n<meta property=\"og:description\" content=\"Leg&amp;Go Balancierbalken Set aus 4 oder 6 Elementen \u2013 vielseitiges Spielzeug f\u00fcr Kleinkinder zur F\u00f6rderung von Gleichgewicht, Agilit\u00e4t und Motorik.\" \/>\n<meta property=\"og:url\" content=\"https:\/\/legandgo.com\/de\/shop\/balance-board-de\/balancierbalken\/\" \/>\n<meta property=\"og:site_name\" content=\"leg&amp;go\" \/>\n<meta property=\"article:publisher\" content=\"https:\/\/www.facebook.com\/legandgo\" \/>\n<meta property=\"article:modified_time\" content=\"2026-03-09T12:53:16+00:00\" \/>\n<meta property=\"og:image\" content=\"https:\/\/legandgo.com\/wp-content\/uploads\/2025\/09\/legandgo-balance-beam-path-set-7.jpg\" \/>\n\t<meta property=\"og:image:width\" content=\"1200\" \/>\n\t<meta property=\"og:image:height\" content=\"1200\" \/>\n\t<meta property=\"og:image:type\" content=\"image\/jpeg\" \/>\n<meta name=\"twitter:card\" content=\"summary_large_image\" \/>\n<script type=\"application\/ld+json\" class=\"yoast-schema-graph\">{\"@context\":\"https:\/\/schema.org\",\"@graph\":[{\"@type\":\"WebPage\",\"@id\":\"https:\/\/legandgo.com\/de\/shop\/balance-board-de\/balancierbalken\/\",\"url\":\"https:\/\/legandgo.com\/de\/shop\/balance-board-de\/balancierbalken\/\",\"name\":\"Balancierbalken Set aus Holz f\u00fcr Kinder &#183; leg&amp;go\",\"isPartOf\":{\"@id\":\"https:\/\/legandgo.com\/de\/#website\"},\"primaryImageOfPage\":{\"@id\":\"https:\/\/legandgo.com\/de\/shop\/balance-board-de\/balancierbalken\/#primaryimage\"},\"image\":{\"@id\":\"https:\/\/legandgo.com\/de\/shop\/balance-board-de\/balancierbalken\/#primaryimage\"},\"thumbnailUrl\":\"https:\/\/legandgo.com\/wp-content\/uploads\/2025\/09\/legandgo-balance-beam-path-set-7.jpg\",\"datePublished\":\"2025-09-30T13:42:18+00:00\",\"dateModified\":\"2026-03-09T12:53:16+00:00\",\"description\":\"Leg&Go Balancierbalken Set aus 4 oder 6 Elementen \u2013 vielseitiges Spielzeug f\u00fcr Kleinkinder zur F\u00f6rderung von Gleichgewicht, Agilit\u00e4t und Motorik.\",\"breadcrumb\":{\"@id\":\"https:\/\/legandgo.com\/de\/shop\/balance-board-de\/balancierbalken\/#breadcrumb\"},\"inLanguage\":\"de-DE\",\"potentialAction\":[{\"@type\":\"ReadAction\",\"target\":[\"https:\/\/legandgo.com\/de\/shop\/balance-board-de\/balancierbalken\/\"]}]},{\"@type\":\"ImageObject\",\"inLanguage\":\"de-DE\",\"@id\":\"https:\/\/legandgo.com\/de\/shop\/balance-board-de\/balancierbalken\/#primaryimage\",\"url\":\"https:\/\/legandgo.com\/wp-content\/uploads\/2025\/09\/legandgo-balance-beam-path-set-7.jpg\",\"contentUrl\":\"https:\/\/legandgo.com\/wp-content\/uploads\/2025\/09\/legandgo-balance-beam-path-set-7.jpg\",\"width\":1200,\"height\":1200},{\"@type\":\"BreadcrumbList\",\"@id\":\"https:\/\/legandgo.com\/de\/shop\/balance-board-de\/balancierbalken\/#breadcrumb\",\"itemListElement\":[{\"@type\":\"ListItem\",\"position\":1,\"name\":\"Home\",\"item\":\"https:\/\/legandgo.com\/de\/\"},{\"@type\":\"ListItem\",\"position\":2,\"name\":\"Shop\",\"item\":\"https:\/\/legandgo.com\/de\/shop\/\"},{\"@type\":\"ListItem\",\"position\":3,\"name\":\"Balancierbalken Set aus Holz\"}]},{\"@type\":\"WebSite\",\"@id\":\"https:\/\/legandgo.com\/de\/#website\",\"url\":\"https:\/\/legandgo.com\/de\/\",\"name\":\"leg&amp;go\",\"description\":\"\",\"publisher\":{\"@id\":\"https:\/\/legandgo.com\/de\/#organization\"},\"potentialAction\":[{\"@type\":\"SearchAction\",\"target\":{\"@type\":\"EntryPoint\",\"urlTemplate\":\"https:\/\/legandgo.com\/de\/?s={search_term_string}\"},\"query-input\":{\"@type\":\"PropertyValueSpecification\",\"valueRequired\":true,\"valueName\":\"search_term_string\"}}],\"inLanguage\":\"de-DE\"},{\"@type\":\"Organization\",\"@id\":\"https:\/\/legandgo.com\/de\/#organization\",\"name\":\"leg&go bike\",\"url\":\"https:\/\/legandgo.com\/de\/\",\"logo\":{\"@type\":\"ImageObject\",\"inLanguage\":\"de-DE\",\"@id\":\"https:\/\/legandgo.com\/de\/#\/schema\/logo\/image\/\",\"url\":\"https:\/\/legandgo.com\/wp-content\/uploads\/2021\/03\/logorf.png\",\"contentUrl\":\"https:\/\/legandgo.com\/wp-content\/uploads\/2021\/03\/logorf.png\",\"width\":675,\"height\":216,\"caption\":\"leg&go bike\"},\"image\":{\"@id\":\"https:\/\/legandgo.com\/de\/#\/schema\/logo\/image\/\"},\"sameAs\":[\"https:\/\/www.facebook.com\/legandgo\",\"https:\/\/www.instagram.com\/legandgo\/\",\"https:\/\/www.linkedin.com\/company\/legandgo\/\",\"https:\/\/www.pinterest.com\/legandgo\/\",\"https:\/\/www.youtube.com\/channel\/UC_FBzWPmKWE0g7fcR4Xdfuw\/\"]}]}<\/script>\n<!-- \/ Yoast SEO plugin. -->","yoast_head_json":{"title":"Balancierbalken Set aus Holz f\u00fcr Kinder &#183; leg&amp;go","description":"Leg&Go Balancierbalken Set aus 4 oder 6 Elementen \u2013 vielseitiges Spielzeug f\u00fcr Kleinkinder zur F\u00f6rderung von Gleichgewicht, Agilit\u00e4t und Motorik.","robots":{"index":"index","follow":"follow","max-snippet":"max-snippet:-1","max-image-preview":"max-image-preview:large","max-video-preview":"max-video-preview:-1"},"canonical":"https:\/\/legandgo.com\/de\/shop\/balance-board-de\/balancierbalken\/","og_locale":"de_DE","og_type":"article","og_title":"Balancierbalken Set aus Holz f\u00fcr Kinder &#183; leg&amp;go","og_description":"Leg&Go Balancierbalken Set aus 4 oder 6 Elementen \u2013 vielseitiges Spielzeug f\u00fcr Kleinkinder zur F\u00f6rderung von Gleichgewicht, Agilit\u00e4t und Motorik.","og_url":"https:\/\/legandgo.com\/de\/shop\/balance-board-de\/balancierbalken\/","og_site_name":"leg&amp;go","article_publisher":"https:\/\/www.facebook.com\/legandgo","article_modified_time":"2026-03-09T12:53:16+00:00","og_image":[{"width":1200,"height":1200,"url":"https:\/\/legandgo.com\/wp-content\/uploads\/2025\/09\/legandgo-balance-beam-path-set-7.jpg","type":"image\/jpeg"}],"twitter_card":"summary_large_image","schema":{"@context":"https:\/\/schema.org","@graph":[{"@type":"WebPage","@id":"https:\/\/legandgo.com\/de\/shop\/balance-board-de\/balancierbalken\/","url":"https:\/\/legandgo.com\/de\/shop\/balance-board-de\/balancierbalken\/","name":"Balancierbalken Set aus Holz f\u00fcr Kinder &#183; leg&amp;go","isPartOf":{"@id":"https:\/\/legandgo.com\/de\/#website"},"primaryImageOfPage":{"@id":"https:\/\/legandgo.com\/de\/shop\/balance-board-de\/balancierbalken\/#primaryimage"},"image":{"@id":"https:\/\/legandgo.com\/de\/shop\/balance-board-de\/balancierbalken\/#primaryimage"},"thumbnailUrl":"https:\/\/legandgo.com\/wp-content\/uploads\/2025\/09\/legandgo-balance-beam-path-set-7.jpg","datePublished":"2025-09-30T13:42:18+00:00","dateModified":"2026-03-09T12:53:16+00:00","description":"Leg&Go Balancierbalken Set aus 4 oder 6 Elementen \u2013 vielseitiges Spielzeug f\u00fcr Kleinkinder zur F\u00f6rderung von Gleichgewicht, Agilit\u00e4t und Motorik.","breadcrumb":{"@id":"https:\/\/legandgo.com\/de\/shop\/balance-board-de\/balancierbalken\/#breadcrumb"},"inLanguage":"de-DE","potentialAction":[{"@type":"ReadAction","target":["https:\/\/legandgo.com\/de\/shop\/balance-board-de\/balancierbalken\/"]}]},{"@type":"ImageObject","inLanguage":"de-DE","@id":"https:\/\/legandgo.com\/de\/shop\/balance-board-de\/balancierbalken\/#primaryimage","url":"https:\/\/legandgo.com\/wp-content\/uploads\/2025\/09\/legandgo-balance-beam-path-set-7.jpg","contentUrl":"https:\/\/legandgo.com\/wp-content\/uploads\/2025\/09\/legandgo-balance-beam-path-set-7.jpg","width":1200,"height":1200},{"@type":"BreadcrumbList","@id":"https:\/\/legandgo.com\/de\/shop\/balance-board-de\/balancierbalken\/#breadcrumb","itemListElement":[{"@type":"ListItem","position":1,"name":"Home","item":"https:\/\/legandgo.com\/de\/"},{"@type":"ListItem","position":2,"name":"Shop","item":"https:\/\/legandgo.com\/de\/shop\/"},{"@type":"ListItem","position":3,"name":"Balancierbalken Set aus Holz"}]},{"@type":"WebSite","@id":"https:\/\/legandgo.com\/de\/#website","url":"https:\/\/legandgo.com\/de\/","name":"leg&amp;go","description":"","publisher":{"@id":"https:\/\/legandgo.com\/de\/#organization"},"potentialAction":[{"@type":"SearchAction","target":{"@type":"EntryPoint","urlTemplate":"https:\/\/legandgo.com\/de\/?s={search_term_string}"},"query-input":{"@type":"PropertyValueSpecification","valueRequired":true,"valueName":"search_term_string"}}],"inLanguage":"de-DE"},{"@type":"Organization","@id":"https:\/\/legandgo.com\/de\/#organization","name":"leg&go bike","url":"https:\/\/legandgo.com\/de\/","logo":{"@type":"ImageObject","inLanguage":"de-DE","@id":"https:\/\/legandgo.com\/de\/#\/schema\/logo\/image\/","url":"https:\/\/legandgo.com\/wp-content\/uploads\/2021\/03\/logorf.png","contentUrl":"https:\/\/legandgo.com\/wp-content\/uploads\/2021\/03\/logorf.png","width":675,"height":216,"caption":"leg&go bike"},"image":{"@id":"https:\/\/legandgo.com\/de\/#\/schema\/logo\/image\/"},"sameAs":["https:\/\/www.facebook.com\/legandgo","https:\/\/www.instagram.com\/legandgo\/","https:\/\/www.linkedin.com\/company\/legandgo\/","https:\/\/www.pinterest.com\/legandgo\/","https:\/\/www.youtube.com\/channel\/UC_FBzWPmKWE0g7fcR4Xdfuw\/"]}]}},"_links":{"self":[{"href":"https:\/\/legandgo.com\/de\/wp-json\/wp\/v2\/product\/44117","targetHints":{"allow":["GET"]}}],"collection":[{"href":"https:\/\/legandgo.com\/de\/wp-json\/wp\/v2\/product"}],"about":[{"href":"https:\/\/legandgo.com\/de\/wp-json\/wp\/v2\/types\/product"}],"replies":[{"embeddable":true,"href":"https:\/\/legandgo.com\/de\/wp-json\/wp\/v2\/comments?post=44117"}],"version-history":[{"count":7,"href":"https:\/\/legandgo.com\/de\/wp-json\/wp\/v2\/product\/44117\/revisions"}],"predecessor-version":[{"id":53877,"href":"https:\/\/legandgo.com\/de\/wp-json\/wp\/v2\/product\/44117\/revisions\/53877"}],"wp:featuredmedia":[{"embeddable":true,"href":"https:\/\/legandgo.com\/de\/wp-json\/wp\/v2\/media\/43918"}],"wp:attachment":[{"href":"https:\/\/legandgo.com\/de\/wp-json\/wp\/v2\/media?parent=44117"}],"wp:term":[{"taxonomy":"product_brand","embeddable":true,"href":"https:\/\/legandgo.com\/de\/wp-json\/wp\/v2\/product_brand?post=44117"},{"taxonomy":"product_cat","embeddable":true,"href":"https:\/\/legandgo.com\/de\/wp-json\/wp\/v2\/product_cat?post=44117"},{"taxonomy":"product_tag","embeddable":true,"href":"https:\/\/legandgo.com\/de\/wp-json\/wp\/v2\/product_tag?post=44117"}],"curies":[{"name":"wp","href":"https:\/\/api.w.org\/{rel}","templated":true}]}}