{"id":44464,"date":"2025-10-03T08:57:36","date_gmt":"2025-10-03T06:57:36","guid":{"rendered":"https:\/\/legandgo.com\/shop\/unkategorisiert\/soft-play-schaukel-banane\/"},"modified":"2026-02-24T14:27:56","modified_gmt":"2026-02-24T12:27:56","slug":"soft-play-schaukel-banane","status":"publish","type":"product","link":"https:\/\/legandgo.com\/de\/shop\/softbausteine\/soft-play-schaukel-banane\/","title":{"rendered":"Soft Play Schaukel &#8211; Banane"},"content":{"rendered":"<p><span data-sheets-root=\"1\">Schnallen Sie sich an f\u00fcr eine lustige Bananenfahrt. Dieses weiche \u00c4quivalent eines klassischen Schaukelspielzeugs ist die perfekte M\u00f6glichkeit, das Gleichgewicht und die Fantasie Ihres Kindes zu trainieren. Es hilft auch bei der Entwicklung der Grobmotorik, des Gleichgewichts, der Koordination und der Muskelentwicklung. Es ist eine spannende M\u00f6glichkeit f\u00fcr Ihr Kind, aktiv und engagiert zu bleiben.   <\/span><\/p>\n<p><strong>Entdecken Sie unten mehr.<\/strong><\/p>\n","protected":false},"excerpt":{"rendered":"<p>Schnallen Sie sich an f\u00fcr eine lustige Bananenfahrt. Dieses weiche \u00c4quivalent eines klassischen Schaukelspielzeugs ist die perfekte M\u00f6glichkeit, das Gleichgewicht und die Fantasie Ihres Kindes zu trainieren. Es hilft auch bei der Entwicklung der Grobmotorik, des Gleichgewichts, der Koordination und der Muskelentwicklung. Es ist eine spannende M\u00f6glichkeit f\u00fcr Ihr Kind, aktiv und engagiert zu bleiben.<a class=\"excerpt-read-more\" href=\"https:\/\/legandgo.com\/de\/shop\/softbausteine\/soft-play-schaukel-banane\/\" title=\"ReadSoft Play Schaukel &#8211; Banane\">&#8230; Read more &raquo;<\/a><\/p>\n","protected":false},"featured_media":44452,"comment_status":"closed","ping_status":"closed","template":"","meta":{"_acf_changed":false,"inline_featured_image":false,"footnotes":""},"product_brand":[],"product_cat":[1319,555],"product_tag":[],"class_list":{"0":"post-44464","1":"product","2":"type-product","3":"status-publish","4":"has-post-thumbnail","6":"product_cat-kategorie-spielzeug","7":"product_cat-softbausteine","8":"product_shipping_class-soft-blocks-de","10":"first","11":"instock","12":"purchasable","13":"product-type-simple"},"bundled_by":[],"bundle_stock_status":"instock","bundle_stock_quantity":null,"bundle_virtual":false,"bundle_layout":"","bundle_add_to_cart_form_location":"","bundle_editable_in_cart":false,"bundle_sold_individually_context":"","bundle_item_grouping":"","bundle_min_size":"","bundle_max_size":"","bundle_price":[],"bundled_items":[],"bundle_sell_ids":[],"acf":[],"yoast_head":"<!-- This site is optimized with the Yoast SEO plugin v25.9 - https:\/\/yoast.com\/wordpress\/plugins\/seo\/ -->\n<title>Soft Play Schaukel Banane f\u00fcr Kinder<\/title>\n<meta name=\"description\" content=\"Weicher Schaumstoff-Bananenwipper zur F\u00f6rderung von Gleichgewicht, Koordination und aktivem Spielen im Innenbereich f\u00fcr Kleinkinder und Kinder.\" \/>\n<meta name=\"robots\" content=\"index, follow, max-snippet:-1, max-image-preview:large, max-video-preview:-1\" \/>\n<link rel=\"canonical\" href=\"https:\/\/legandgo.com\/de\/shop\/softbausteine\/soft-play-schaukel-banane\/\" \/>\n<meta property=\"og:locale\" content=\"de_DE\" \/>\n<meta property=\"og:type\" content=\"article\" \/>\n<meta property=\"og:title\" content=\"Soft Play Schaukel Banane f\u00fcr Kinder\" \/>\n<meta property=\"og:description\" content=\"Weicher Schaumstoff-Bananenwipper zur F\u00f6rderung von Gleichgewicht, Koordination und aktivem Spielen im Innenbereich f\u00fcr Kleinkinder und Kinder.\" \/>\n<meta property=\"og:url\" content=\"https:\/\/legandgo.com\/de\/shop\/softbausteine\/soft-play-schaukel-banane\/\" \/>\n<meta property=\"og:site_name\" content=\"leg&amp;go\" \/>\n<meta property=\"article:publisher\" content=\"https:\/\/www.facebook.com\/legandgo\" \/>\n<meta property=\"article:modified_time\" content=\"2026-02-24T12:27:56+00:00\" \/>\n<meta property=\"og:image\" content=\"https:\/\/legandgo.com\/wp-content\/uploads\/2025\/10\/03.jpg\" \/>\n\t<meta property=\"og:image:width\" content=\"500\" \/>\n\t<meta property=\"og:image:height\" content=\"500\" \/>\n\t<meta property=\"og:image:type\" content=\"image\/jpeg\" \/>\n<meta name=\"twitter:card\" content=\"summary_large_image\" \/>\n<script type=\"application\/ld+json\" class=\"yoast-schema-graph\">{\"@context\":\"https:\/\/schema.org\",\"@graph\":[{\"@type\":\"WebPage\",\"@id\":\"https:\/\/legandgo.com\/de\/shop\/softbausteine\/soft-play-schaukel-banane\/\",\"url\":\"https:\/\/legandgo.com\/de\/shop\/softbausteine\/soft-play-schaukel-banane\/\",\"name\":\"Soft Play Schaukel Banane f\u00fcr Kinder\",\"isPartOf\":{\"@id\":\"https:\/\/legandgo.com\/de\/#website\"},\"primaryImageOfPage\":{\"@id\":\"https:\/\/legandgo.com\/de\/shop\/softbausteine\/soft-play-schaukel-banane\/#primaryimage\"},\"image\":{\"@id\":\"https:\/\/legandgo.com\/de\/shop\/softbausteine\/soft-play-schaukel-banane\/#primaryimage\"},\"thumbnailUrl\":\"https:\/\/legandgo.com\/wp-content\/uploads\/2025\/10\/03.jpg\",\"datePublished\":\"2025-10-03T06:57:36+00:00\",\"dateModified\":\"2026-02-24T12:27:56+00:00\",\"description\":\"Weicher Schaumstoff-Bananenwipper zur F\u00f6rderung von Gleichgewicht, Koordination und aktivem Spielen im Innenbereich f\u00fcr Kleinkinder und Kinder.\",\"breadcrumb\":{\"@id\":\"https:\/\/legandgo.com\/de\/shop\/softbausteine\/soft-play-schaukel-banane\/#breadcrumb\"},\"inLanguage\":\"de-DE\",\"potentialAction\":[{\"@type\":\"ReadAction\",\"target\":[\"https:\/\/legandgo.com\/de\/shop\/softbausteine\/soft-play-schaukel-banane\/\"]}]},{\"@type\":\"ImageObject\",\"inLanguage\":\"de-DE\",\"@id\":\"https:\/\/legandgo.com\/de\/shop\/softbausteine\/soft-play-schaukel-banane\/#primaryimage\",\"url\":\"https:\/\/legandgo.com\/wp-content\/uploads\/2025\/10\/03.jpg\",\"contentUrl\":\"https:\/\/legandgo.com\/wp-content\/uploads\/2025\/10\/03.jpg\",\"width\":500,\"height\":500},{\"@type\":\"BreadcrumbList\",\"@id\":\"https:\/\/legandgo.com\/de\/shop\/softbausteine\/soft-play-schaukel-banane\/#breadcrumb\",\"itemListElement\":[{\"@type\":\"ListItem\",\"position\":1,\"name\":\"Home\",\"item\":\"https:\/\/legandgo.com\/de\/\"},{\"@type\":\"ListItem\",\"position\":2,\"name\":\"Shop\",\"item\":\"https:\/\/legandgo.com\/de\/shop\/\"},{\"@type\":\"ListItem\",\"position\":3,\"name\":\"Soft Play Schaukel &#8211; Banane\"}]},{\"@type\":\"WebSite\",\"@id\":\"https:\/\/legandgo.com\/de\/#website\",\"url\":\"https:\/\/legandgo.com\/de\/\",\"name\":\"leg&amp;go\",\"description\":\"\",\"publisher\":{\"@id\":\"https:\/\/legandgo.com\/de\/#organization\"},\"potentialAction\":[{\"@type\":\"SearchAction\",\"target\":{\"@type\":\"EntryPoint\",\"urlTemplate\":\"https:\/\/legandgo.com\/de\/?s={search_term_string}\"},\"query-input\":{\"@type\":\"PropertyValueSpecification\",\"valueRequired\":true,\"valueName\":\"search_term_string\"}}],\"inLanguage\":\"de-DE\"},{\"@type\":\"Organization\",\"@id\":\"https:\/\/legandgo.com\/de\/#organization\",\"name\":\"leg&go bike\",\"url\":\"https:\/\/legandgo.com\/de\/\",\"logo\":{\"@type\":\"ImageObject\",\"inLanguage\":\"de-DE\",\"@id\":\"https:\/\/legandgo.com\/de\/#\/schema\/logo\/image\/\",\"url\":\"https:\/\/legandgo.com\/wp-content\/uploads\/2021\/03\/logorf.png\",\"contentUrl\":\"https:\/\/legandgo.com\/wp-content\/uploads\/2021\/03\/logorf.png\",\"width\":675,\"height\":216,\"caption\":\"leg&go bike\"},\"image\":{\"@id\":\"https:\/\/legandgo.com\/de\/#\/schema\/logo\/image\/\"},\"sameAs\":[\"https:\/\/www.facebook.com\/legandgo\",\"https:\/\/www.instagram.com\/legandgo\/\",\"https:\/\/www.linkedin.com\/company\/legandgo\/\",\"https:\/\/www.pinterest.com\/legandgo\/\",\"https:\/\/www.youtube.com\/channel\/UC_FBzWPmKWE0g7fcR4Xdfuw\/\"]}]}<\/script>\n<!-- \/ Yoast SEO plugin. -->","yoast_head_json":{"title":"Soft Play Schaukel Banane f\u00fcr Kinder","description":"Weicher Schaumstoff-Bananenwipper zur F\u00f6rderung von Gleichgewicht, Koordination und aktivem Spielen im Innenbereich f\u00fcr Kleinkinder und Kinder.","robots":{"index":"index","follow":"follow","max-snippet":"max-snippet:-1","max-image-preview":"max-image-preview:large","max-video-preview":"max-video-preview:-1"},"canonical":"https:\/\/legandgo.com\/de\/shop\/softbausteine\/soft-play-schaukel-banane\/","og_locale":"de_DE","og_type":"article","og_title":"Soft Play Schaukel Banane f\u00fcr Kinder","og_description":"Weicher Schaumstoff-Bananenwipper zur F\u00f6rderung von Gleichgewicht, Koordination und aktivem Spielen im Innenbereich f\u00fcr Kleinkinder und Kinder.","og_url":"https:\/\/legandgo.com\/de\/shop\/softbausteine\/soft-play-schaukel-banane\/","og_site_name":"leg&amp;go","article_publisher":"https:\/\/www.facebook.com\/legandgo","article_modified_time":"2026-02-24T12:27:56+00:00","og_image":[{"width":500,"height":500,"url":"https:\/\/legandgo.com\/wp-content\/uploads\/2025\/10\/03.jpg","type":"image\/jpeg"}],"twitter_card":"summary_large_image","schema":{"@context":"https:\/\/schema.org","@graph":[{"@type":"WebPage","@id":"https:\/\/legandgo.com\/de\/shop\/softbausteine\/soft-play-schaukel-banane\/","url":"https:\/\/legandgo.com\/de\/shop\/softbausteine\/soft-play-schaukel-banane\/","name":"Soft Play Schaukel Banane f\u00fcr Kinder","isPartOf":{"@id":"https:\/\/legandgo.com\/de\/#website"},"primaryImageOfPage":{"@id":"https:\/\/legandgo.com\/de\/shop\/softbausteine\/soft-play-schaukel-banane\/#primaryimage"},"image":{"@id":"https:\/\/legandgo.com\/de\/shop\/softbausteine\/soft-play-schaukel-banane\/#primaryimage"},"thumbnailUrl":"https:\/\/legandgo.com\/wp-content\/uploads\/2025\/10\/03.jpg","datePublished":"2025-10-03T06:57:36+00:00","dateModified":"2026-02-24T12:27:56+00:00","description":"Weicher Schaumstoff-Bananenwipper zur F\u00f6rderung von Gleichgewicht, Koordination und aktivem Spielen im Innenbereich f\u00fcr Kleinkinder und Kinder.","breadcrumb":{"@id":"https:\/\/legandgo.com\/de\/shop\/softbausteine\/soft-play-schaukel-banane\/#breadcrumb"},"inLanguage":"de-DE","potentialAction":[{"@type":"ReadAction","target":["https:\/\/legandgo.com\/de\/shop\/softbausteine\/soft-play-schaukel-banane\/"]}]},{"@type":"ImageObject","inLanguage":"de-DE","@id":"https:\/\/legandgo.com\/de\/shop\/softbausteine\/soft-play-schaukel-banane\/#primaryimage","url":"https:\/\/legandgo.com\/wp-content\/uploads\/2025\/10\/03.jpg","contentUrl":"https:\/\/legandgo.com\/wp-content\/uploads\/2025\/10\/03.jpg","width":500,"height":500},{"@type":"BreadcrumbList","@id":"https:\/\/legandgo.com\/de\/shop\/softbausteine\/soft-play-schaukel-banane\/#breadcrumb","itemListElement":[{"@type":"ListItem","position":1,"name":"Home","item":"https:\/\/legandgo.com\/de\/"},{"@type":"ListItem","position":2,"name":"Shop","item":"https:\/\/legandgo.com\/de\/shop\/"},{"@type":"ListItem","position":3,"name":"Soft Play Schaukel &#8211; Banane"}]},{"@type":"WebSite","@id":"https:\/\/legandgo.com\/de\/#website","url":"https:\/\/legandgo.com\/de\/","name":"leg&amp;go","description":"","publisher":{"@id":"https:\/\/legandgo.com\/de\/#organization"},"potentialAction":[{"@type":"SearchAction","target":{"@type":"EntryPoint","urlTemplate":"https:\/\/legandgo.com\/de\/?s={search_term_string}"},"query-input":{"@type":"PropertyValueSpecification","valueRequired":true,"valueName":"search_term_string"}}],"inLanguage":"de-DE"},{"@type":"Organization","@id":"https:\/\/legandgo.com\/de\/#organization","name":"leg&go bike","url":"https:\/\/legandgo.com\/de\/","logo":{"@type":"ImageObject","inLanguage":"de-DE","@id":"https:\/\/legandgo.com\/de\/#\/schema\/logo\/image\/","url":"https:\/\/legandgo.com\/wp-content\/uploads\/2021\/03\/logorf.png","contentUrl":"https:\/\/legandgo.com\/wp-content\/uploads\/2021\/03\/logorf.png","width":675,"height":216,"caption":"leg&go bike"},"image":{"@id":"https:\/\/legandgo.com\/de\/#\/schema\/logo\/image\/"},"sameAs":["https:\/\/www.facebook.com\/legandgo","https:\/\/www.instagram.com\/legandgo\/","https:\/\/www.linkedin.com\/company\/legandgo\/","https:\/\/www.pinterest.com\/legandgo\/","https:\/\/www.youtube.com\/channel\/UC_FBzWPmKWE0g7fcR4Xdfuw\/"]}]}},"_links":{"self":[{"href":"https:\/\/legandgo.com\/de\/wp-json\/wp\/v2\/product\/44464","targetHints":{"allow":["GET"]}}],"collection":[{"href":"https:\/\/legandgo.com\/de\/wp-json\/wp\/v2\/product"}],"about":[{"href":"https:\/\/legandgo.com\/de\/wp-json\/wp\/v2\/types\/product"}],"replies":[{"embeddable":true,"href":"https:\/\/legandgo.com\/de\/wp-json\/wp\/v2\/comments?post=44464"}],"version-history":[{"count":8,"href":"https:\/\/legandgo.com\/de\/wp-json\/wp\/v2\/product\/44464\/revisions"}],"predecessor-version":[{"id":52709,"href":"https:\/\/legandgo.com\/de\/wp-json\/wp\/v2\/product\/44464\/revisions\/52709"}],"wp:featuredmedia":[{"embeddable":true,"href":"https:\/\/legandgo.com\/de\/wp-json\/wp\/v2\/media\/44452"}],"wp:attachment":[{"href":"https:\/\/legandgo.com\/de\/wp-json\/wp\/v2\/media?parent=44464"}],"wp:term":[{"taxonomy":"product_brand","embeddable":true,"href":"https:\/\/legandgo.com\/de\/wp-json\/wp\/v2\/product_brand?post=44464"},{"taxonomy":"product_cat","embeddable":true,"href":"https:\/\/legandgo.com\/de\/wp-json\/wp\/v2\/product_cat?post=44464"},{"taxonomy":"product_tag","embeddable":true,"href":"https:\/\/legandgo.com\/de\/wp-json\/wp\/v2\/product_tag?post=44464"}],"curies":[{"name":"wp","href":"https:\/\/api.w.org\/{rel}","templated":true}]}}