{"id":4569,"date":"2021-09-16T14:35:34","date_gmt":"2021-09-16T12:35:34","guid":{"rendered":"https:\/\/legandgo.com\/?post_type=product&#038;p=4569"},"modified":"2026-04-16T10:35:48","modified_gmt":"2026-04-16T08:35:48","slug":"reflektierende-aufkleber","status":"publish","type":"product","link":"https:\/\/legandgo.com\/de\/shop\/accessories-de\/reflektierende-aufkleber\/","title":{"rendered":"Reflektierende Aufkleber"},"content":{"rendered":"<p style=\"font-weight: 400;\">Kleine Details. Gro\u00dfe Sichtbarkeit. <\/p>\n<p style=\"font-weight: 400;\">Sichtbar zu bleiben ist jederzeit entscheidend. Unsere reflektierenden Aufkleber sind eine einfache M\u00f6glichkeit, die Sicherheit zu erh\u00f6hen und gleichzeitig den spielerischen Charakter zu bewahren. Sie lassen sich leicht am Fahrrad oder am Helm Ihres kleinen Fahrers anbringen. Gemeinsam k\u00f6nnen Sie entscheiden, wo und in welcher Anordnung sie platziert werden.  <\/p>\n<p style=\"font-weight: 400;\">Sicher unterwegs mit reflektierenden Aufklebern.<\/p>\n<p style=\"font-weight: 400;\"><strong>Entdecken Sie unten mehr.<\/strong><\/p>\n","protected":false},"excerpt":{"rendered":"<p>Kleine Details. Gro\u00dfe Sichtbarkeit. Sichtbar zu bleiben ist jederzeit entscheidend. Unsere reflektierenden Aufkleber sind eine einfache M\u00f6glichkeit, die Sicherheit zu erh\u00f6hen und gleichzeitig den spielerischen Charakter zu bewahren. Sie lassen sich leicht am Fahrrad oder am Helm Ihres kleinen Fahrers anbringen. Gemeinsam k\u00f6nnen Sie entscheiden, wo und in welcher Anordnung sie platziert werden. Sicher unterwegs<a class=\"excerpt-read-more\" href=\"https:\/\/legandgo.com\/de\/shop\/accessories-de\/reflektierende-aufkleber\/\" title=\"ReadReflektierende Aufkleber\">&#8230; Read more &raquo;<\/a><\/p>\n","protected":false},"featured_media":4400,"comment_status":"closed","ping_status":"closed","template":"","meta":{"_acf_changed":false,"inline_featured_image":false,"footnotes":""},"product_brand":[],"product_cat":[1311,85],"product_tag":[],"class_list":{"0":"post-4569","1":"product","2":"type-product","3":"status-publish","4":"has-post-thumbnail","6":"product_cat-laufrader-und-mehr","7":"product_cat-accessories-de","8":"product_shipping_class-accessories-shipping-de","10":"first","11":"instock","12":"sale","13":"purchasable","14":"product-type-simple"},"bundled_by":[],"bundle_stock_status":"instock","bundle_stock_quantity":null,"bundle_virtual":false,"bundle_layout":"","bundle_add_to_cart_form_location":"","bundle_editable_in_cart":false,"bundle_sold_individually_context":"","bundle_item_grouping":"","bundle_min_size":"","bundle_max_size":"","bundle_price":[],"bundled_items":[],"bundle_sell_ids":[],"acf":[],"yoast_head":"<!-- This site is optimized with the Yoast SEO plugin v25.9 - https:\/\/yoast.com\/wordpress\/plugins\/seo\/ -->\n<title>Reflektierende Aufkleber &#183; leg&amp;go<\/title>\n<meta name=\"description\" content=\"Reflektierende Aufkleber f\u00fcr Fahrrad oder Helm mit besserer Sichtbarkeit bei Dunkelheit. Einfach aufkleben, 2 B\u00f6gen enthalten, leicht und sicher.\" \/>\n<meta name=\"robots\" content=\"index, follow, max-snippet:-1, max-image-preview:large, max-video-preview:-1\" \/>\n<link rel=\"canonical\" href=\"https:\/\/legandgo.com\/de\/shop\/accessories-de\/reflektierende-aufkleber\/\" \/>\n<meta property=\"og:locale\" content=\"de_DE\" \/>\n<meta property=\"og:type\" content=\"article\" \/>\n<meta property=\"og:title\" content=\"Reflektierende Aufkleber &#183; leg&amp;go\" \/>\n<meta property=\"og:description\" content=\"Reflektierende Aufkleber f\u00fcr Fahrrad oder Helm mit besserer Sichtbarkeit bei Dunkelheit. Einfach aufkleben, 2 B\u00f6gen enthalten, leicht und sicher.\" \/>\n<meta property=\"og:url\" content=\"https:\/\/legandgo.com\/de\/shop\/accessories-de\/reflektierende-aufkleber\/\" \/>\n<meta property=\"og:site_name\" content=\"leg&amp;go\" \/>\n<meta property=\"article:publisher\" content=\"https:\/\/www.facebook.com\/legandgo\" \/>\n<meta property=\"article:modified_time\" content=\"2026-04-16T08:35:48+00:00\" \/>\n<meta property=\"og:image\" content=\"https:\/\/legandgo.com\/wp-content\/uploads\/2021\/09\/leggo-legandgo-refelective-sticker.jpg\" \/>\n\t<meta property=\"og:image:width\" content=\"300\" \/>\n\t<meta property=\"og:image:height\" content=\"299\" \/>\n\t<meta property=\"og:image:type\" content=\"image\/jpeg\" \/>\n<meta name=\"twitter:card\" content=\"summary_large_image\" \/>\n<script type=\"application\/ld+json\" class=\"yoast-schema-graph\">{\"@context\":\"https:\/\/schema.org\",\"@graph\":[{\"@type\":\"WebPage\",\"@id\":\"https:\/\/legandgo.com\/de\/shop\/accessories-de\/reflektierende-aufkleber\/\",\"url\":\"https:\/\/legandgo.com\/de\/shop\/accessories-de\/reflektierende-aufkleber\/\",\"name\":\"Reflektierende Aufkleber &#183; leg&amp;go\",\"isPartOf\":{\"@id\":\"https:\/\/legandgo.com\/de\/#website\"},\"primaryImageOfPage\":{\"@id\":\"https:\/\/legandgo.com\/de\/shop\/accessories-de\/reflektierende-aufkleber\/#primaryimage\"},\"image\":{\"@id\":\"https:\/\/legandgo.com\/de\/shop\/accessories-de\/reflektierende-aufkleber\/#primaryimage\"},\"thumbnailUrl\":\"https:\/\/legandgo.com\/wp-content\/uploads\/2021\/09\/leggo-legandgo-refelective-sticker.jpg\",\"datePublished\":\"2021-09-16T12:35:34+00:00\",\"dateModified\":\"2026-04-16T08:35:48+00:00\",\"description\":\"Reflektierende Aufkleber f\u00fcr Fahrrad oder Helm mit besserer Sichtbarkeit bei Dunkelheit. Einfach aufkleben, 2 B\u00f6gen enthalten, leicht und sicher.\",\"breadcrumb\":{\"@id\":\"https:\/\/legandgo.com\/de\/shop\/accessories-de\/reflektierende-aufkleber\/#breadcrumb\"},\"inLanguage\":\"de-DE\",\"potentialAction\":[{\"@type\":\"ReadAction\",\"target\":[\"https:\/\/legandgo.com\/de\/shop\/accessories-de\/reflektierende-aufkleber\/\"]}]},{\"@type\":\"ImageObject\",\"inLanguage\":\"de-DE\",\"@id\":\"https:\/\/legandgo.com\/de\/shop\/accessories-de\/reflektierende-aufkleber\/#primaryimage\",\"url\":\"https:\/\/legandgo.com\/wp-content\/uploads\/2021\/09\/leggo-legandgo-refelective-sticker.jpg\",\"contentUrl\":\"https:\/\/legandgo.com\/wp-content\/uploads\/2021\/09\/leggo-legandgo-refelective-sticker.jpg\",\"width\":300,\"height\":299},{\"@type\":\"BreadcrumbList\",\"@id\":\"https:\/\/legandgo.com\/de\/shop\/accessories-de\/reflektierende-aufkleber\/#breadcrumb\",\"itemListElement\":[{\"@type\":\"ListItem\",\"position\":1,\"name\":\"Home\",\"item\":\"https:\/\/legandgo.com\/de\/\"},{\"@type\":\"ListItem\",\"position\":2,\"name\":\"Shop\",\"item\":\"https:\/\/legandgo.com\/de\/shop\/\"},{\"@type\":\"ListItem\",\"position\":3,\"name\":\"Reflektierende Aufkleber\"}]},{\"@type\":\"WebSite\",\"@id\":\"https:\/\/legandgo.com\/de\/#website\",\"url\":\"https:\/\/legandgo.com\/de\/\",\"name\":\"leg&amp;go\",\"description\":\"\",\"publisher\":{\"@id\":\"https:\/\/legandgo.com\/de\/#organization\"},\"potentialAction\":[{\"@type\":\"SearchAction\",\"target\":{\"@type\":\"EntryPoint\",\"urlTemplate\":\"https:\/\/legandgo.com\/de\/?s={search_term_string}\"},\"query-input\":{\"@type\":\"PropertyValueSpecification\",\"valueRequired\":true,\"valueName\":\"search_term_string\"}}],\"inLanguage\":\"de-DE\"},{\"@type\":\"Organization\",\"@id\":\"https:\/\/legandgo.com\/de\/#organization\",\"name\":\"leg&go bike\",\"url\":\"https:\/\/legandgo.com\/de\/\",\"logo\":{\"@type\":\"ImageObject\",\"inLanguage\":\"de-DE\",\"@id\":\"https:\/\/legandgo.com\/de\/#\/schema\/logo\/image\/\",\"url\":\"https:\/\/legandgo.com\/wp-content\/uploads\/2021\/03\/logorf.png\",\"contentUrl\":\"https:\/\/legandgo.com\/wp-content\/uploads\/2021\/03\/logorf.png\",\"width\":675,\"height\":216,\"caption\":\"leg&go bike\"},\"image\":{\"@id\":\"https:\/\/legandgo.com\/de\/#\/schema\/logo\/image\/\"},\"sameAs\":[\"https:\/\/www.facebook.com\/legandgo\",\"https:\/\/www.instagram.com\/legandgo\/\",\"https:\/\/www.linkedin.com\/company\/legandgo\/\",\"https:\/\/www.pinterest.com\/legandgo\/\",\"https:\/\/www.youtube.com\/channel\/UC_FBzWPmKWE0g7fcR4Xdfuw\/\"]}]}<\/script>\n<!-- \/ Yoast SEO plugin. -->","yoast_head_json":{"title":"Reflektierende Aufkleber &#183; leg&amp;go","description":"Reflektierende Aufkleber f\u00fcr Fahrrad oder Helm mit besserer Sichtbarkeit bei Dunkelheit. Einfach aufkleben, 2 B\u00f6gen enthalten, leicht und sicher.","robots":{"index":"index","follow":"follow","max-snippet":"max-snippet:-1","max-image-preview":"max-image-preview:large","max-video-preview":"max-video-preview:-1"},"canonical":"https:\/\/legandgo.com\/de\/shop\/accessories-de\/reflektierende-aufkleber\/","og_locale":"de_DE","og_type":"article","og_title":"Reflektierende Aufkleber &#183; leg&amp;go","og_description":"Reflektierende Aufkleber f\u00fcr Fahrrad oder Helm mit besserer Sichtbarkeit bei Dunkelheit. Einfach aufkleben, 2 B\u00f6gen enthalten, leicht und sicher.","og_url":"https:\/\/legandgo.com\/de\/shop\/accessories-de\/reflektierende-aufkleber\/","og_site_name":"leg&amp;go","article_publisher":"https:\/\/www.facebook.com\/legandgo","article_modified_time":"2026-04-16T08:35:48+00:00","og_image":[{"width":300,"height":299,"url":"https:\/\/legandgo.com\/wp-content\/uploads\/2021\/09\/leggo-legandgo-refelective-sticker.jpg","type":"image\/jpeg"}],"twitter_card":"summary_large_image","schema":{"@context":"https:\/\/schema.org","@graph":[{"@type":"WebPage","@id":"https:\/\/legandgo.com\/de\/shop\/accessories-de\/reflektierende-aufkleber\/","url":"https:\/\/legandgo.com\/de\/shop\/accessories-de\/reflektierende-aufkleber\/","name":"Reflektierende Aufkleber &#183; leg&amp;go","isPartOf":{"@id":"https:\/\/legandgo.com\/de\/#website"},"primaryImageOfPage":{"@id":"https:\/\/legandgo.com\/de\/shop\/accessories-de\/reflektierende-aufkleber\/#primaryimage"},"image":{"@id":"https:\/\/legandgo.com\/de\/shop\/accessories-de\/reflektierende-aufkleber\/#primaryimage"},"thumbnailUrl":"https:\/\/legandgo.com\/wp-content\/uploads\/2021\/09\/leggo-legandgo-refelective-sticker.jpg","datePublished":"2021-09-16T12:35:34+00:00","dateModified":"2026-04-16T08:35:48+00:00","description":"Reflektierende Aufkleber f\u00fcr Fahrrad oder Helm mit besserer Sichtbarkeit bei Dunkelheit. Einfach aufkleben, 2 B\u00f6gen enthalten, leicht und sicher.","breadcrumb":{"@id":"https:\/\/legandgo.com\/de\/shop\/accessories-de\/reflektierende-aufkleber\/#breadcrumb"},"inLanguage":"de-DE","potentialAction":[{"@type":"ReadAction","target":["https:\/\/legandgo.com\/de\/shop\/accessories-de\/reflektierende-aufkleber\/"]}]},{"@type":"ImageObject","inLanguage":"de-DE","@id":"https:\/\/legandgo.com\/de\/shop\/accessories-de\/reflektierende-aufkleber\/#primaryimage","url":"https:\/\/legandgo.com\/wp-content\/uploads\/2021\/09\/leggo-legandgo-refelective-sticker.jpg","contentUrl":"https:\/\/legandgo.com\/wp-content\/uploads\/2021\/09\/leggo-legandgo-refelective-sticker.jpg","width":300,"height":299},{"@type":"BreadcrumbList","@id":"https:\/\/legandgo.com\/de\/shop\/accessories-de\/reflektierende-aufkleber\/#breadcrumb","itemListElement":[{"@type":"ListItem","position":1,"name":"Home","item":"https:\/\/legandgo.com\/de\/"},{"@type":"ListItem","position":2,"name":"Shop","item":"https:\/\/legandgo.com\/de\/shop\/"},{"@type":"ListItem","position":3,"name":"Reflektierende Aufkleber"}]},{"@type":"WebSite","@id":"https:\/\/legandgo.com\/de\/#website","url":"https:\/\/legandgo.com\/de\/","name":"leg&amp;go","description":"","publisher":{"@id":"https:\/\/legandgo.com\/de\/#organization"},"potentialAction":[{"@type":"SearchAction","target":{"@type":"EntryPoint","urlTemplate":"https:\/\/legandgo.com\/de\/?s={search_term_string}"},"query-input":{"@type":"PropertyValueSpecification","valueRequired":true,"valueName":"search_term_string"}}],"inLanguage":"de-DE"},{"@type":"Organization","@id":"https:\/\/legandgo.com\/de\/#organization","name":"leg&go bike","url":"https:\/\/legandgo.com\/de\/","logo":{"@type":"ImageObject","inLanguage":"de-DE","@id":"https:\/\/legandgo.com\/de\/#\/schema\/logo\/image\/","url":"https:\/\/legandgo.com\/wp-content\/uploads\/2021\/03\/logorf.png","contentUrl":"https:\/\/legandgo.com\/wp-content\/uploads\/2021\/03\/logorf.png","width":675,"height":216,"caption":"leg&go bike"},"image":{"@id":"https:\/\/legandgo.com\/de\/#\/schema\/logo\/image\/"},"sameAs":["https:\/\/www.facebook.com\/legandgo","https:\/\/www.instagram.com\/legandgo\/","https:\/\/www.linkedin.com\/company\/legandgo\/","https:\/\/www.pinterest.com\/legandgo\/","https:\/\/www.youtube.com\/channel\/UC_FBzWPmKWE0g7fcR4Xdfuw\/"]}]}},"_links":{"self":[{"href":"https:\/\/legandgo.com\/de\/wp-json\/wp\/v2\/product\/4569","targetHints":{"allow":["GET"]}}],"collection":[{"href":"https:\/\/legandgo.com\/de\/wp-json\/wp\/v2\/product"}],"about":[{"href":"https:\/\/legandgo.com\/de\/wp-json\/wp\/v2\/types\/product"}],"replies":[{"embeddable":true,"href":"https:\/\/legandgo.com\/de\/wp-json\/wp\/v2\/comments?post=4569"}],"version-history":[{"count":7,"href":"https:\/\/legandgo.com\/de\/wp-json\/wp\/v2\/product\/4569\/revisions"}],"predecessor-version":[{"id":52766,"href":"https:\/\/legandgo.com\/de\/wp-json\/wp\/v2\/product\/4569\/revisions\/52766"}],"wp:featuredmedia":[{"embeddable":true,"href":"https:\/\/legandgo.com\/de\/wp-json\/wp\/v2\/media\/4400"}],"wp:attachment":[{"href":"https:\/\/legandgo.com\/de\/wp-json\/wp\/v2\/media?parent=4569"}],"wp:term":[{"taxonomy":"product_brand","embeddable":true,"href":"https:\/\/legandgo.com\/de\/wp-json\/wp\/v2\/product_brand?post=4569"},{"taxonomy":"product_cat","embeddable":true,"href":"https:\/\/legandgo.com\/de\/wp-json\/wp\/v2\/product_cat?post=4569"},{"taxonomy":"product_tag","embeddable":true,"href":"https:\/\/legandgo.com\/de\/wp-json\/wp\/v2\/product_tag?post=4569"}],"curies":[{"name":"wp","href":"https:\/\/api.w.org\/{rel}","templated":true}]}}