{"id":46907,"date":"2025-12-17T11:47:18","date_gmt":"2025-12-17T09:47:18","guid":{"rendered":"https:\/\/legandgo.com\/shop\/unkategorisiert\/zusatzteil-fuetterungsstuhl\/"},"modified":"2026-02-23T11:44:09","modified_gmt":"2026-02-23T09:44:09","slug":"zusatzteil-fuetterungsstuhl","status":"publish","type":"product","link":"https:\/\/legandgo.com\/de\/shop\/mobel\/zusatzteil-fuetterungsstuhl\/","title":{"rendered":"Zusatzteil F\u00fctterungsstuhl"},"content":{"rendered":"<p>Das F\u00fctterungsstuhl-Zusatzteil verwandelt Ihren Verstellbaren Lernturm in einen sicheren und stabilen Sitz f\u00fcr Kleinkinder \u2013 ideal f\u00fcr komfortable gemeinsame Mahlzeiten im Alltag. Es l\u00e4sst sich einfach und sicher befestigen und bietet eine stabile Sitzl\u00f6sung mit verstellbaren Sicherheitsgurten, damit Ihr Kind jederzeit sicher und zuverl\u00e4ssig sitzt. <\/p>\n<p data-start=\"0\" data-end=\"393\">Durchdacht konzipiert, w\u00e4chst es mit Ihrem Kind mit und kann auch f\u00fcr weitere Nutzungsm\u00f6glichkeiten \u00fcber die F\u00fctterungszeit hinaus angepasst werden.<\/p>\n<p data-start=\"395\" data-end=\"502\" data-is-last-node=\"\" data-is-only-node=\"\"><strong>Entdecken Sie unten weitere Funktionen.<\/strong><\/p>\n","protected":false},"excerpt":{"rendered":"<p>Das F\u00fctterungsstuhl-Zusatzteil verwandelt Ihren Verstellbaren Lernturm in einen sicheren und stabilen Sitz f\u00fcr Kleinkinder \u2013 ideal f\u00fcr komfortable gemeinsame Mahlzeiten im Alltag. Es l\u00e4sst sich einfach und sicher befestigen und bietet eine stabile Sitzl\u00f6sung mit verstellbaren Sicherheitsgurten, damit Ihr Kind jederzeit sicher und zuverl\u00e4ssig sitzt. Durchdacht konzipiert, w\u00e4chst es mit Ihrem Kind mit und kann<a class=\"excerpt-read-more\" href=\"https:\/\/legandgo.com\/de\/shop\/mobel\/zusatzteil-fuetterungsstuhl\/\" title=\"ReadZusatzteil F\u00fctterungsstuhl\">&#8230; Read more &raquo;<\/a><\/p>\n","protected":false},"featured_media":50799,"comment_status":"closed","ping_status":"closed","template":"","meta":{"_acf_changed":false,"inline_featured_image":false,"footnotes":""},"product_brand":[],"product_cat":[1315],"product_tag":[],"class_list":{"0":"post-46907","1":"product","2":"type-product","3":"status-publish","4":"has-post-thumbnail","6":"product_cat-mobel","7":"product_shipping_class-learning-tower-shipping-de","9":"first","10":"instock","11":"purchasable","12":"product-type-simple"},"bundled_by":["46744"],"bundle_stock_status":"instock","bundle_stock_quantity":null,"bundle_virtual":false,"bundle_layout":"","bundle_add_to_cart_form_location":"","bundle_editable_in_cart":false,"bundle_sold_individually_context":"","bundle_item_grouping":"","bundle_min_size":"","bundle_max_size":"","bundle_price":[],"bundled_items":[],"bundle_sell_ids":[],"acf":[],"yoast_head":"<!-- This site is optimized with the Yoast SEO plugin v25.9 - https:\/\/yoast.com\/wordpress\/plugins\/seo\/ -->\n<title>F\u00fctterungsstuhl-Zusatzteil f\u00fcr den Verstellbaren Lernturm leg&amp;go<\/title>\n<meta name=\"description\" content=\"Aufsatz f\u00fcr einen Hochstuhl aus Holz f\u00fcr den leg&amp;go K\u00fcchenturm, der sich vom K\u00fcchenturm in einen Tisch mit Stuhl verwandeln l\u00e4sst.\" \/>\n<meta name=\"robots\" content=\"index, follow, max-snippet:-1, max-image-preview:large, max-video-preview:-1\" \/>\n<link rel=\"canonical\" href=\"https:\/\/legandgo.com\/de\/shop\/mobel\/zusatzteil-fuetterungsstuhl\/\" \/>\n<meta property=\"og:locale\" content=\"de_DE\" \/>\n<meta property=\"og:type\" content=\"article\" \/>\n<meta property=\"og:title\" content=\"F\u00fctterungsstuhl-Zusatzteil f\u00fcr den Verstellbaren Lernturm leg&amp;go\" \/>\n<meta property=\"og:description\" content=\"Aufsatz f\u00fcr einen Hochstuhl aus Holz f\u00fcr den leg&amp;go K\u00fcchenturm, der sich vom K\u00fcchenturm in einen Tisch mit Stuhl verwandeln l\u00e4sst.\" \/>\n<meta property=\"og:url\" content=\"https:\/\/legandgo.com\/de\/shop\/mobel\/zusatzteil-fuetterungsstuhl\/\" \/>\n<meta property=\"og:site_name\" content=\"leg&amp;go\" \/>\n<meta property=\"article:publisher\" content=\"https:\/\/www.facebook.com\/legandgo\" \/>\n<meta property=\"article:modified_time\" content=\"2026-02-23T09:44:09+00:00\" \/>\n<meta property=\"og:image\" content=\"https:\/\/legandgo.com\/wp-content\/uploads\/2026\/02\/hight-chair-addon-TKT.jpg\" \/>\n\t<meta property=\"og:image:width\" content=\"2048\" \/>\n\t<meta property=\"og:image:height\" content=\"2048\" \/>\n\t<meta property=\"og:image:type\" content=\"image\/jpeg\" \/>\n<meta name=\"twitter:card\" content=\"summary_large_image\" \/>\n<script type=\"application\/ld+json\" class=\"yoast-schema-graph\">{\"@context\":\"https:\/\/schema.org\",\"@graph\":[{\"@type\":\"WebPage\",\"@id\":\"https:\/\/legandgo.com\/de\/shop\/mobel\/zusatzteil-fuetterungsstuhl\/\",\"url\":\"https:\/\/legandgo.com\/de\/shop\/mobel\/zusatzteil-fuetterungsstuhl\/\",\"name\":\"F\u00fctterungsstuhl-Zusatzteil f\u00fcr den Verstellbaren Lernturm leg&go\",\"isPartOf\":{\"@id\":\"https:\/\/legandgo.com\/de\/#website\"},\"primaryImageOfPage\":{\"@id\":\"https:\/\/legandgo.com\/de\/shop\/mobel\/zusatzteil-fuetterungsstuhl\/#primaryimage\"},\"image\":{\"@id\":\"https:\/\/legandgo.com\/de\/shop\/mobel\/zusatzteil-fuetterungsstuhl\/#primaryimage\"},\"thumbnailUrl\":\"https:\/\/legandgo.com\/wp-content\/uploads\/2026\/02\/hight-chair-addon-TKT.jpg\",\"datePublished\":\"2025-12-17T09:47:18+00:00\",\"dateModified\":\"2026-02-23T09:44:09+00:00\",\"description\":\"Aufsatz f\u00fcr einen Hochstuhl aus Holz f\u00fcr den leg&go K\u00fcchenturm, der sich vom K\u00fcchenturm in einen Tisch mit Stuhl verwandeln l\u00e4sst.\",\"breadcrumb\":{\"@id\":\"https:\/\/legandgo.com\/de\/shop\/mobel\/zusatzteil-fuetterungsstuhl\/#breadcrumb\"},\"inLanguage\":\"de-DE\",\"potentialAction\":[{\"@type\":\"ReadAction\",\"target\":[\"https:\/\/legandgo.com\/de\/shop\/mobel\/zusatzteil-fuetterungsstuhl\/\"]}]},{\"@type\":\"ImageObject\",\"inLanguage\":\"de-DE\",\"@id\":\"https:\/\/legandgo.com\/de\/shop\/mobel\/zusatzteil-fuetterungsstuhl\/#primaryimage\",\"url\":\"https:\/\/legandgo.com\/wp-content\/uploads\/2026\/02\/hight-chair-addon-TKT.jpg\",\"contentUrl\":\"https:\/\/legandgo.com\/wp-content\/uploads\/2026\/02\/hight-chair-addon-TKT.jpg\",\"width\":2048,\"height\":2048,\"caption\":\"F\u00fctterungsstuhl-Zusatzteil f\u00fcr den Verstellbaren Lernturm \u2013 f\u00fcr eine sichere Sitzl\u00f6sung f\u00fcr Kleinkinder.\"},{\"@type\":\"BreadcrumbList\",\"@id\":\"https:\/\/legandgo.com\/de\/shop\/mobel\/zusatzteil-fuetterungsstuhl\/#breadcrumb\",\"itemListElement\":[{\"@type\":\"ListItem\",\"position\":1,\"name\":\"Home\",\"item\":\"https:\/\/legandgo.com\/de\/\"},{\"@type\":\"ListItem\",\"position\":2,\"name\":\"Shop\",\"item\":\"https:\/\/legandgo.com\/de\/shop\/\"},{\"@type\":\"ListItem\",\"position\":3,\"name\":\"Zusatzteil F\u00fctterungsstuhl\"}]},{\"@type\":\"WebSite\",\"@id\":\"https:\/\/legandgo.com\/de\/#website\",\"url\":\"https:\/\/legandgo.com\/de\/\",\"name\":\"leg&amp;go\",\"description\":\"\",\"publisher\":{\"@id\":\"https:\/\/legandgo.com\/de\/#organization\"},\"potentialAction\":[{\"@type\":\"SearchAction\",\"target\":{\"@type\":\"EntryPoint\",\"urlTemplate\":\"https:\/\/legandgo.com\/de\/?s={search_term_string}\"},\"query-input\":{\"@type\":\"PropertyValueSpecification\",\"valueRequired\":true,\"valueName\":\"search_term_string\"}}],\"inLanguage\":\"de-DE\"},{\"@type\":\"Organization\",\"@id\":\"https:\/\/legandgo.com\/de\/#organization\",\"name\":\"leg&go bike\",\"url\":\"https:\/\/legandgo.com\/de\/\",\"logo\":{\"@type\":\"ImageObject\",\"inLanguage\":\"de-DE\",\"@id\":\"https:\/\/legandgo.com\/de\/#\/schema\/logo\/image\/\",\"url\":\"https:\/\/legandgo.com\/wp-content\/uploads\/2021\/03\/logorf.png\",\"contentUrl\":\"https:\/\/legandgo.com\/wp-content\/uploads\/2021\/03\/logorf.png\",\"width\":675,\"height\":216,\"caption\":\"leg&go bike\"},\"image\":{\"@id\":\"https:\/\/legandgo.com\/de\/#\/schema\/logo\/image\/\"},\"sameAs\":[\"https:\/\/www.facebook.com\/legandgo\",\"https:\/\/www.instagram.com\/legandgo\/\",\"https:\/\/www.linkedin.com\/company\/legandgo\/\",\"https:\/\/www.pinterest.com\/legandgo\/\",\"https:\/\/www.youtube.com\/channel\/UC_FBzWPmKWE0g7fcR4Xdfuw\/\"]}]}<\/script>\n<!-- \/ Yoast SEO plugin. -->","yoast_head_json":{"title":"F\u00fctterungsstuhl-Zusatzteil f\u00fcr den Verstellbaren Lernturm leg&go","description":"Aufsatz f\u00fcr einen Hochstuhl aus Holz f\u00fcr den leg&go K\u00fcchenturm, der sich vom K\u00fcchenturm in einen Tisch mit Stuhl verwandeln l\u00e4sst.","robots":{"index":"index","follow":"follow","max-snippet":"max-snippet:-1","max-image-preview":"max-image-preview:large","max-video-preview":"max-video-preview:-1"},"canonical":"https:\/\/legandgo.com\/de\/shop\/mobel\/zusatzteil-fuetterungsstuhl\/","og_locale":"de_DE","og_type":"article","og_title":"F\u00fctterungsstuhl-Zusatzteil f\u00fcr den Verstellbaren Lernturm leg&go","og_description":"Aufsatz f\u00fcr einen Hochstuhl aus Holz f\u00fcr den leg&go K\u00fcchenturm, der sich vom K\u00fcchenturm in einen Tisch mit Stuhl verwandeln l\u00e4sst.","og_url":"https:\/\/legandgo.com\/de\/shop\/mobel\/zusatzteil-fuetterungsstuhl\/","og_site_name":"leg&amp;go","article_publisher":"https:\/\/www.facebook.com\/legandgo","article_modified_time":"2026-02-23T09:44:09+00:00","og_image":[{"width":2048,"height":2048,"url":"https:\/\/legandgo.com\/wp-content\/uploads\/2026\/02\/hight-chair-addon-TKT.jpg","type":"image\/jpeg"}],"twitter_card":"summary_large_image","schema":{"@context":"https:\/\/schema.org","@graph":[{"@type":"WebPage","@id":"https:\/\/legandgo.com\/de\/shop\/mobel\/zusatzteil-fuetterungsstuhl\/","url":"https:\/\/legandgo.com\/de\/shop\/mobel\/zusatzteil-fuetterungsstuhl\/","name":"F\u00fctterungsstuhl-Zusatzteil f\u00fcr den Verstellbaren Lernturm leg&go","isPartOf":{"@id":"https:\/\/legandgo.com\/de\/#website"},"primaryImageOfPage":{"@id":"https:\/\/legandgo.com\/de\/shop\/mobel\/zusatzteil-fuetterungsstuhl\/#primaryimage"},"image":{"@id":"https:\/\/legandgo.com\/de\/shop\/mobel\/zusatzteil-fuetterungsstuhl\/#primaryimage"},"thumbnailUrl":"https:\/\/legandgo.com\/wp-content\/uploads\/2026\/02\/hight-chair-addon-TKT.jpg","datePublished":"2025-12-17T09:47:18+00:00","dateModified":"2026-02-23T09:44:09+00:00","description":"Aufsatz f\u00fcr einen Hochstuhl aus Holz f\u00fcr den leg&go K\u00fcchenturm, der sich vom K\u00fcchenturm in einen Tisch mit Stuhl verwandeln l\u00e4sst.","breadcrumb":{"@id":"https:\/\/legandgo.com\/de\/shop\/mobel\/zusatzteil-fuetterungsstuhl\/#breadcrumb"},"inLanguage":"de-DE","potentialAction":[{"@type":"ReadAction","target":["https:\/\/legandgo.com\/de\/shop\/mobel\/zusatzteil-fuetterungsstuhl\/"]}]},{"@type":"ImageObject","inLanguage":"de-DE","@id":"https:\/\/legandgo.com\/de\/shop\/mobel\/zusatzteil-fuetterungsstuhl\/#primaryimage","url":"https:\/\/legandgo.com\/wp-content\/uploads\/2026\/02\/hight-chair-addon-TKT.jpg","contentUrl":"https:\/\/legandgo.com\/wp-content\/uploads\/2026\/02\/hight-chair-addon-TKT.jpg","width":2048,"height":2048,"caption":"F\u00fctterungsstuhl-Zusatzteil f\u00fcr den Verstellbaren Lernturm \u2013 f\u00fcr eine sichere Sitzl\u00f6sung f\u00fcr Kleinkinder."},{"@type":"BreadcrumbList","@id":"https:\/\/legandgo.com\/de\/shop\/mobel\/zusatzteil-fuetterungsstuhl\/#breadcrumb","itemListElement":[{"@type":"ListItem","position":1,"name":"Home","item":"https:\/\/legandgo.com\/de\/"},{"@type":"ListItem","position":2,"name":"Shop","item":"https:\/\/legandgo.com\/de\/shop\/"},{"@type":"ListItem","position":3,"name":"Zusatzteil F\u00fctterungsstuhl"}]},{"@type":"WebSite","@id":"https:\/\/legandgo.com\/de\/#website","url":"https:\/\/legandgo.com\/de\/","name":"leg&amp;go","description":"","publisher":{"@id":"https:\/\/legandgo.com\/de\/#organization"},"potentialAction":[{"@type":"SearchAction","target":{"@type":"EntryPoint","urlTemplate":"https:\/\/legandgo.com\/de\/?s={search_term_string}"},"query-input":{"@type":"PropertyValueSpecification","valueRequired":true,"valueName":"search_term_string"}}],"inLanguage":"de-DE"},{"@type":"Organization","@id":"https:\/\/legandgo.com\/de\/#organization","name":"leg&go bike","url":"https:\/\/legandgo.com\/de\/","logo":{"@type":"ImageObject","inLanguage":"de-DE","@id":"https:\/\/legandgo.com\/de\/#\/schema\/logo\/image\/","url":"https:\/\/legandgo.com\/wp-content\/uploads\/2021\/03\/logorf.png","contentUrl":"https:\/\/legandgo.com\/wp-content\/uploads\/2021\/03\/logorf.png","width":675,"height":216,"caption":"leg&go bike"},"image":{"@id":"https:\/\/legandgo.com\/de\/#\/schema\/logo\/image\/"},"sameAs":["https:\/\/www.facebook.com\/legandgo","https:\/\/www.instagram.com\/legandgo\/","https:\/\/www.linkedin.com\/company\/legandgo\/","https:\/\/www.pinterest.com\/legandgo\/","https:\/\/www.youtube.com\/channel\/UC_FBzWPmKWE0g7fcR4Xdfuw\/"]}]}},"_links":{"self":[{"href":"https:\/\/legandgo.com\/de\/wp-json\/wp\/v2\/product\/46907","targetHints":{"allow":["GET"]}}],"collection":[{"href":"https:\/\/legandgo.com\/de\/wp-json\/wp\/v2\/product"}],"about":[{"href":"https:\/\/legandgo.com\/de\/wp-json\/wp\/v2\/types\/product"}],"replies":[{"embeddable":true,"href":"https:\/\/legandgo.com\/de\/wp-json\/wp\/v2\/comments?post=46907"}],"version-history":[{"count":4,"href":"https:\/\/legandgo.com\/de\/wp-json\/wp\/v2\/product\/46907\/revisions"}],"predecessor-version":[{"id":53066,"href":"https:\/\/legandgo.com\/de\/wp-json\/wp\/v2\/product\/46907\/revisions\/53066"}],"wp:featuredmedia":[{"embeddable":true,"href":"https:\/\/legandgo.com\/de\/wp-json\/wp\/v2\/media\/50799"}],"wp:attachment":[{"href":"https:\/\/legandgo.com\/de\/wp-json\/wp\/v2\/media?parent=46907"}],"wp:term":[{"taxonomy":"product_brand","embeddable":true,"href":"https:\/\/legandgo.com\/de\/wp-json\/wp\/v2\/product_brand?post=46907"},{"taxonomy":"product_cat","embeddable":true,"href":"https:\/\/legandgo.com\/de\/wp-json\/wp\/v2\/product_cat?post=46907"},{"taxonomy":"product_tag","embeddable":true,"href":"https:\/\/legandgo.com\/de\/wp-json\/wp\/v2\/product_tag?post=46907"}],"curies":[{"name":"wp","href":"https:\/\/api.w.org\/{rel}","templated":true}]}}