{"id":46915,"date":"2025-12-17T11:49:34","date_gmt":"2025-12-17T09:49:34","guid":{"rendered":"https:\/\/legandgo.com\/shop\/unkategorisiert\/zubehoer-fuer-das-essensbrett\/"},"modified":"2026-02-25T14:37:49","modified_gmt":"2026-02-25T12:37:49","slug":"zubehoer-fuer-das-essensbrett","status":"publish","type":"product","link":"https:\/\/legandgo.com\/de\/shop\/mobel\/zubehoer-fuer-das-essensbrett\/","title":{"rendered":"Zubeh\u00f6r f\u00fcr das Essensbrett"},"content":{"rendered":"<p>Der Essbrett-Aufsatz verwandelt Ihren verstellbaren Lernturm in einen praktischen und sicheren Platz zum Essen, Spielen und f\u00fcr kreative Aktivit\u00e4ten.F\u00fcr den t\u00e4glichen Gebrauch entwickelt, l\u00e4sst er sich einfach am Hochstuhl-Aufsatz befestigen und bietet eine stabile Fl\u00e4che f\u00fcr selbstst\u00e4ndiges Essen und verschiedene Aktivit\u00e4ten. <\/p>\n<p>Eine einfache Erg\u00e4nzung mit gro\u00dfer Funktionalit\u00e4t f\u00fcr den Alltag Ihres Kindes.<\/p>\n<p><strong>Entdecken Sie unten weitere Funktionen.<\/strong><\/p>\n","protected":false},"excerpt":{"rendered":"<p>Der Essbrett-Aufsatz verwandelt Ihren verstellbaren Lernturm in einen praktischen und sicheren Platz zum Essen, Spielen und f\u00fcr kreative Aktivit\u00e4ten.F\u00fcr den t\u00e4glichen Gebrauch entwickelt, l\u00e4sst er sich einfach am Hochstuhl-Aufsatz befestigen und bietet eine stabile Fl\u00e4che f\u00fcr selbstst\u00e4ndiges Essen und verschiedene Aktivit\u00e4ten. Eine einfache Erg\u00e4nzung mit gro\u00dfer Funktionalit\u00e4t f\u00fcr den Alltag Ihres Kindes. Entdecken Sie unten<a class=\"excerpt-read-more\" href=\"https:\/\/legandgo.com\/de\/shop\/mobel\/zubehoer-fuer-das-essensbrett\/\" title=\"ReadZubeh\u00f6r f\u00fcr das Essensbrett\">&#8230; Read more &raquo;<\/a><\/p>\n","protected":false},"featured_media":50794,"comment_status":"closed","ping_status":"closed","template":"","meta":{"_acf_changed":false,"inline_featured_image":false,"footnotes":""},"product_brand":[],"product_cat":[1315],"product_tag":[],"class_list":{"0":"post-46915","1":"product","2":"type-product","3":"status-publish","4":"has-post-thumbnail","6":"product_cat-mobel","7":"product_shipping_class-learning-tower-shipping-de","9":"first","10":"instock","11":"purchasable","12":"product-type-simple"},"bundled_by":["46744"],"bundle_stock_status":"instock","bundle_stock_quantity":null,"bundle_virtual":false,"bundle_layout":"","bundle_add_to_cart_form_location":"","bundle_editable_in_cart":false,"bundle_sold_individually_context":"","bundle_item_grouping":"","bundle_min_size":"","bundle_max_size":"","bundle_price":[],"bundled_items":[],"bundle_sell_ids":[],"acf":[],"yoast_head":"<!-- This site is optimized with the Yoast SEO plugin v25.9 - https:\/\/yoast.com\/wordpress\/plugins\/seo\/ -->\n<title>Zubeh\u00f6r f\u00fcr das Essensbrett f\u00fcr den leg&amp;go verstellbaren Lernturm<\/title>\n<meta name=\"description\" content=\"Holz-Zubeh\u00f6r f\u00fcr das Essensbrett f\u00fcr den leg&amp;go verstellbaren Lernturm, der sich zwischen Lernturm und Tisch mit Stuhl umbauen l\u00e4sst.\" \/>\n<meta name=\"robots\" content=\"index, follow, max-snippet:-1, max-image-preview:large, max-video-preview:-1\" \/>\n<link rel=\"canonical\" href=\"https:\/\/legandgo.com\/de\/shop\/mobel\/zubehoer-fuer-das-essensbrett\/\" \/>\n<meta property=\"og:locale\" content=\"de_DE\" \/>\n<meta property=\"og:type\" content=\"article\" \/>\n<meta property=\"og:title\" content=\"Zubeh\u00f6r f\u00fcr das Essensbrett f\u00fcr den leg&amp;go verstellbaren Lernturm\" \/>\n<meta property=\"og:description\" content=\"Holz-Zubeh\u00f6r f\u00fcr das Essensbrett f\u00fcr den leg&amp;go verstellbaren Lernturm, der sich zwischen Lernturm und Tisch mit Stuhl umbauen l\u00e4sst.\" \/>\n<meta property=\"og:url\" content=\"https:\/\/legandgo.com\/de\/shop\/mobel\/zubehoer-fuer-das-essensbrett\/\" \/>\n<meta property=\"og:site_name\" content=\"leg&amp;go\" \/>\n<meta property=\"article:publisher\" content=\"https:\/\/www.facebook.com\/legandgo\" \/>\n<meta property=\"article:modified_time\" content=\"2026-02-25T12:37:49+00:00\" \/>\n<meta property=\"og:image\" content=\"https:\/\/legandgo.com\/wp-content\/uploads\/2026\/02\/tray-addon-TKT.jpg\" \/>\n\t<meta property=\"og:image:width\" content=\"2048\" \/>\n\t<meta property=\"og:image:height\" content=\"2048\" \/>\n\t<meta property=\"og:image:type\" content=\"image\/jpeg\" \/>\n<meta name=\"twitter:card\" content=\"summary_large_image\" \/>\n<script type=\"application\/ld+json\" class=\"yoast-schema-graph\">{\"@context\":\"https:\/\/schema.org\",\"@graph\":[{\"@type\":\"WebPage\",\"@id\":\"https:\/\/legandgo.com\/de\/shop\/mobel\/zubehoer-fuer-das-essensbrett\/\",\"url\":\"https:\/\/legandgo.com\/de\/shop\/mobel\/zubehoer-fuer-das-essensbrett\/\",\"name\":\"Zubeh\u00f6r f\u00fcr das Essensbrett f\u00fcr den leg&go verstellbaren Lernturm\",\"isPartOf\":{\"@id\":\"https:\/\/legandgo.com\/de\/#website\"},\"primaryImageOfPage\":{\"@id\":\"https:\/\/legandgo.com\/de\/shop\/mobel\/zubehoer-fuer-das-essensbrett\/#primaryimage\"},\"image\":{\"@id\":\"https:\/\/legandgo.com\/de\/shop\/mobel\/zubehoer-fuer-das-essensbrett\/#primaryimage\"},\"thumbnailUrl\":\"https:\/\/legandgo.com\/wp-content\/uploads\/2026\/02\/tray-addon-TKT.jpg\",\"datePublished\":\"2025-12-17T09:49:34+00:00\",\"dateModified\":\"2026-02-25T12:37:49+00:00\",\"description\":\"Holz-Zubeh\u00f6r f\u00fcr das Essensbrett f\u00fcr den leg&go verstellbaren Lernturm, der sich zwischen Lernturm und Tisch mit Stuhl umbauen l\u00e4sst.\",\"breadcrumb\":{\"@id\":\"https:\/\/legandgo.com\/de\/shop\/mobel\/zubehoer-fuer-das-essensbrett\/#breadcrumb\"},\"inLanguage\":\"de-DE\",\"potentialAction\":[{\"@type\":\"ReadAction\",\"target\":[\"https:\/\/legandgo.com\/de\/shop\/mobel\/zubehoer-fuer-das-essensbrett\/\"]}]},{\"@type\":\"ImageObject\",\"inLanguage\":\"de-DE\",\"@id\":\"https:\/\/legandgo.com\/de\/shop\/mobel\/zubehoer-fuer-das-essensbrett\/#primaryimage\",\"url\":\"https:\/\/legandgo.com\/wp-content\/uploads\/2026\/02\/tray-addon-TKT.jpg\",\"contentUrl\":\"https:\/\/legandgo.com\/wp-content\/uploads\/2026\/02\/tray-addon-TKT.jpg\",\"width\":2048,\"height\":2048,\"caption\":\"Abnehmbares Zubeh\u00f6r f\u00fcr das Essensbrett f\u00fcr den verstellbaren Lernturm, das eine praktische Fl\u00e4che zum Essen und Spielen schafft.\"},{\"@type\":\"BreadcrumbList\",\"@id\":\"https:\/\/legandgo.com\/de\/shop\/mobel\/zubehoer-fuer-das-essensbrett\/#breadcrumb\",\"itemListElement\":[{\"@type\":\"ListItem\",\"position\":1,\"name\":\"Home\",\"item\":\"https:\/\/legandgo.com\/de\/\"},{\"@type\":\"ListItem\",\"position\":2,\"name\":\"Shop\",\"item\":\"https:\/\/legandgo.com\/de\/shop\/\"},{\"@type\":\"ListItem\",\"position\":3,\"name\":\"Zubeh\u00f6r f\u00fcr das Essensbrett\"}]},{\"@type\":\"WebSite\",\"@id\":\"https:\/\/legandgo.com\/de\/#website\",\"url\":\"https:\/\/legandgo.com\/de\/\",\"name\":\"leg&amp;go\",\"description\":\"\",\"publisher\":{\"@id\":\"https:\/\/legandgo.com\/de\/#organization\"},\"potentialAction\":[{\"@type\":\"SearchAction\",\"target\":{\"@type\":\"EntryPoint\",\"urlTemplate\":\"https:\/\/legandgo.com\/de\/?s={search_term_string}\"},\"query-input\":{\"@type\":\"PropertyValueSpecification\",\"valueRequired\":true,\"valueName\":\"search_term_string\"}}],\"inLanguage\":\"de-DE\"},{\"@type\":\"Organization\",\"@id\":\"https:\/\/legandgo.com\/de\/#organization\",\"name\":\"leg&go bike\",\"url\":\"https:\/\/legandgo.com\/de\/\",\"logo\":{\"@type\":\"ImageObject\",\"inLanguage\":\"de-DE\",\"@id\":\"https:\/\/legandgo.com\/de\/#\/schema\/logo\/image\/\",\"url\":\"https:\/\/legandgo.com\/wp-content\/uploads\/2021\/03\/logorf.png\",\"contentUrl\":\"https:\/\/legandgo.com\/wp-content\/uploads\/2021\/03\/logorf.png\",\"width\":675,\"height\":216,\"caption\":\"leg&go bike\"},\"image\":{\"@id\":\"https:\/\/legandgo.com\/de\/#\/schema\/logo\/image\/\"},\"sameAs\":[\"https:\/\/www.facebook.com\/legandgo\",\"https:\/\/www.instagram.com\/legandgo\/\",\"https:\/\/www.linkedin.com\/company\/legandgo\/\",\"https:\/\/www.pinterest.com\/legandgo\/\",\"https:\/\/www.youtube.com\/channel\/UC_FBzWPmKWE0g7fcR4Xdfuw\/\"]}]}<\/script>\n<!-- \/ Yoast SEO plugin. -->","yoast_head_json":{"title":"Zubeh\u00f6r f\u00fcr das Essensbrett f\u00fcr den leg&go verstellbaren Lernturm","description":"Holz-Zubeh\u00f6r f\u00fcr das Essensbrett f\u00fcr den leg&go verstellbaren Lernturm, der sich zwischen Lernturm und Tisch mit Stuhl umbauen l\u00e4sst.","robots":{"index":"index","follow":"follow","max-snippet":"max-snippet:-1","max-image-preview":"max-image-preview:large","max-video-preview":"max-video-preview:-1"},"canonical":"https:\/\/legandgo.com\/de\/shop\/mobel\/zubehoer-fuer-das-essensbrett\/","og_locale":"de_DE","og_type":"article","og_title":"Zubeh\u00f6r f\u00fcr das Essensbrett f\u00fcr den leg&go verstellbaren Lernturm","og_description":"Holz-Zubeh\u00f6r f\u00fcr das Essensbrett f\u00fcr den leg&go verstellbaren Lernturm, der sich zwischen Lernturm und Tisch mit Stuhl umbauen l\u00e4sst.","og_url":"https:\/\/legandgo.com\/de\/shop\/mobel\/zubehoer-fuer-das-essensbrett\/","og_site_name":"leg&amp;go","article_publisher":"https:\/\/www.facebook.com\/legandgo","article_modified_time":"2026-02-25T12:37:49+00:00","og_image":[{"width":2048,"height":2048,"url":"https:\/\/legandgo.com\/wp-content\/uploads\/2026\/02\/tray-addon-TKT.jpg","type":"image\/jpeg"}],"twitter_card":"summary_large_image","schema":{"@context":"https:\/\/schema.org","@graph":[{"@type":"WebPage","@id":"https:\/\/legandgo.com\/de\/shop\/mobel\/zubehoer-fuer-das-essensbrett\/","url":"https:\/\/legandgo.com\/de\/shop\/mobel\/zubehoer-fuer-das-essensbrett\/","name":"Zubeh\u00f6r f\u00fcr das Essensbrett f\u00fcr den leg&go verstellbaren Lernturm","isPartOf":{"@id":"https:\/\/legandgo.com\/de\/#website"},"primaryImageOfPage":{"@id":"https:\/\/legandgo.com\/de\/shop\/mobel\/zubehoer-fuer-das-essensbrett\/#primaryimage"},"image":{"@id":"https:\/\/legandgo.com\/de\/shop\/mobel\/zubehoer-fuer-das-essensbrett\/#primaryimage"},"thumbnailUrl":"https:\/\/legandgo.com\/wp-content\/uploads\/2026\/02\/tray-addon-TKT.jpg","datePublished":"2025-12-17T09:49:34+00:00","dateModified":"2026-02-25T12:37:49+00:00","description":"Holz-Zubeh\u00f6r f\u00fcr das Essensbrett f\u00fcr den leg&go verstellbaren Lernturm, der sich zwischen Lernturm und Tisch mit Stuhl umbauen l\u00e4sst.","breadcrumb":{"@id":"https:\/\/legandgo.com\/de\/shop\/mobel\/zubehoer-fuer-das-essensbrett\/#breadcrumb"},"inLanguage":"de-DE","potentialAction":[{"@type":"ReadAction","target":["https:\/\/legandgo.com\/de\/shop\/mobel\/zubehoer-fuer-das-essensbrett\/"]}]},{"@type":"ImageObject","inLanguage":"de-DE","@id":"https:\/\/legandgo.com\/de\/shop\/mobel\/zubehoer-fuer-das-essensbrett\/#primaryimage","url":"https:\/\/legandgo.com\/wp-content\/uploads\/2026\/02\/tray-addon-TKT.jpg","contentUrl":"https:\/\/legandgo.com\/wp-content\/uploads\/2026\/02\/tray-addon-TKT.jpg","width":2048,"height":2048,"caption":"Abnehmbares Zubeh\u00f6r f\u00fcr das Essensbrett f\u00fcr den verstellbaren Lernturm, das eine praktische Fl\u00e4che zum Essen und Spielen schafft."},{"@type":"BreadcrumbList","@id":"https:\/\/legandgo.com\/de\/shop\/mobel\/zubehoer-fuer-das-essensbrett\/#breadcrumb","itemListElement":[{"@type":"ListItem","position":1,"name":"Home","item":"https:\/\/legandgo.com\/de\/"},{"@type":"ListItem","position":2,"name":"Shop","item":"https:\/\/legandgo.com\/de\/shop\/"},{"@type":"ListItem","position":3,"name":"Zubeh\u00f6r f\u00fcr das Essensbrett"}]},{"@type":"WebSite","@id":"https:\/\/legandgo.com\/de\/#website","url":"https:\/\/legandgo.com\/de\/","name":"leg&amp;go","description":"","publisher":{"@id":"https:\/\/legandgo.com\/de\/#organization"},"potentialAction":[{"@type":"SearchAction","target":{"@type":"EntryPoint","urlTemplate":"https:\/\/legandgo.com\/de\/?s={search_term_string}"},"query-input":{"@type":"PropertyValueSpecification","valueRequired":true,"valueName":"search_term_string"}}],"inLanguage":"de-DE"},{"@type":"Organization","@id":"https:\/\/legandgo.com\/de\/#organization","name":"leg&go bike","url":"https:\/\/legandgo.com\/de\/","logo":{"@type":"ImageObject","inLanguage":"de-DE","@id":"https:\/\/legandgo.com\/de\/#\/schema\/logo\/image\/","url":"https:\/\/legandgo.com\/wp-content\/uploads\/2021\/03\/logorf.png","contentUrl":"https:\/\/legandgo.com\/wp-content\/uploads\/2021\/03\/logorf.png","width":675,"height":216,"caption":"leg&go bike"},"image":{"@id":"https:\/\/legandgo.com\/de\/#\/schema\/logo\/image\/"},"sameAs":["https:\/\/www.facebook.com\/legandgo","https:\/\/www.instagram.com\/legandgo\/","https:\/\/www.linkedin.com\/company\/legandgo\/","https:\/\/www.pinterest.com\/legandgo\/","https:\/\/www.youtube.com\/channel\/UC_FBzWPmKWE0g7fcR4Xdfuw\/"]}]}},"_links":{"self":[{"href":"https:\/\/legandgo.com\/de\/wp-json\/wp\/v2\/product\/46915","targetHints":{"allow":["GET"]}}],"collection":[{"href":"https:\/\/legandgo.com\/de\/wp-json\/wp\/v2\/product"}],"about":[{"href":"https:\/\/legandgo.com\/de\/wp-json\/wp\/v2\/types\/product"}],"replies":[{"embeddable":true,"href":"https:\/\/legandgo.com\/de\/wp-json\/wp\/v2\/comments?post=46915"}],"version-history":[{"count":6,"href":"https:\/\/legandgo.com\/de\/wp-json\/wp\/v2\/product\/46915\/revisions"}],"predecessor-version":[{"id":53319,"href":"https:\/\/legandgo.com\/de\/wp-json\/wp\/v2\/product\/46915\/revisions\/53319"}],"wp:featuredmedia":[{"embeddable":true,"href":"https:\/\/legandgo.com\/de\/wp-json\/wp\/v2\/media\/50794"}],"wp:attachment":[{"href":"https:\/\/legandgo.com\/de\/wp-json\/wp\/v2\/media?parent=46915"}],"wp:term":[{"taxonomy":"product_brand","embeddable":true,"href":"https:\/\/legandgo.com\/de\/wp-json\/wp\/v2\/product_brand?post=46915"},{"taxonomy":"product_cat","embeddable":true,"href":"https:\/\/legandgo.com\/de\/wp-json\/wp\/v2\/product_cat?post=46915"},{"taxonomy":"product_tag","embeddable":true,"href":"https:\/\/legandgo.com\/de\/wp-json\/wp\/v2\/product_tag?post=46915"}],"curies":[{"name":"wp","href":"https:\/\/api.w.org\/{rel}","templated":true}]}}