{"id":4694,"date":"2021-09-22T12:04:39","date_gmt":"2021-09-22T10:04:39","guid":{"rendered":"https:\/\/legandgo.com\/?post_type=product&#038;p=4694"},"modified":"2026-02-18T19:33:59","modified_gmt":"2026-02-18T17:33:59","slug":"kids-bern-helmet-nino","status":"publish","type":"product","link":"https:\/\/legandgo.com\/de\/shop\/accessories-de\/kids-bern-helmet-nino\/","title":{"rendered":"Kinderhelm Bern (Nino 2.0) MIPS"},"content":{"rendered":"<p style=\"font-weight: 400;\">Wir wissen, wie schwierig es sein kann, einen Kinderhelm zu finden, der wirklich sicher ist, bequem sitzt und dabei auch noch gut aussieht. Deshalb haben wir diese Auswahl f\u00fcr Sie getroffen. F\u00fcgen Sie den Bern Nino 2.0 MIPS einfach Ihrer Bestellung hinzu und erhalten Sie ihn am selben Tag wie Ihr Fahrrad. <\/p>\n<p style=\"font-weight: 400;\">Er wurde so entwickelt, dass er den Kopf Ihres Kindes umschlie\u00dft, anstatt nur darauf zu sitzen, und bietet dadurch ein sicheres und komfortables Tragegef\u00fchl f\u00fcr allt\u00e4gliche Fahrten. Abgerundet wird das Design durch ein weiches Klappvisier, das kleine Augen vor der Sonne sch\u00fctzt. <\/p>\n<p style=\"font-weight: 400;\"><strong>Entdecken Sie unten mehr. <br \/> <\/strong><\/p>\n","protected":false},"excerpt":{"rendered":"<p><br data-mce-bogus=\"1\"><\/p>\n","protected":false},"featured_media":15530,"comment_status":"closed","ping_status":"closed","template":"","meta":{"_acf_changed":false,"inline_featured_image":false,"footnotes":""},"product_brand":[],"product_cat":[1311,85],"product_tag":[],"class_list":{"0":"post-4694","1":"product","2":"type-product","3":"status-publish","4":"has-post-thumbnail","6":"product_cat-laufrader-und-mehr","7":"product_cat-accessories-de","8":"product_shipping_class-accessories-helmet-shipping-de","10":"first","11":"instock","12":"purchasable","13":"product-type-variable","14":"has-default-attributes"},"bundled_by":[],"bundle_stock_status":"instock","bundle_stock_quantity":null,"bundle_virtual":false,"bundle_layout":"","bundle_add_to_cart_form_location":"","bundle_editable_in_cart":false,"bundle_sold_individually_context":"","bundle_item_grouping":"","bundle_min_size":"","bundle_max_size":"","bundle_price":[],"bundled_items":[],"bundle_sell_ids":[],"acf":[],"yoast_head":"<!-- This site is optimized with the Yoast SEO plugin v25.9 - https:\/\/yoast.com\/wordpress\/plugins\/seo\/ -->\n<title>Kinderhelm Bern (Nino 2.0) MIPS &#183; leg&amp;go<\/title>\n<meta name=\"description\" content=\"Kinderhelm Bern Nino 2.0 MIPS mit sicherem, komfortablem Sitz und weichem Visier f\u00fcr Sonnenschutz. Premium Schutz f\u00fcr kleine Fahrer, erh\u00e4ltlich in zwei Gr\u00f6\u00dfen.\" \/>\n<meta name=\"robots\" content=\"index, follow, max-snippet:-1, max-image-preview:large, max-video-preview:-1\" \/>\n<link rel=\"canonical\" href=\"https:\/\/legandgo.com\/de\/shop\/accessories-de\/kids-bern-helmet-nino\/\" \/>\n<meta property=\"og:locale\" content=\"de_DE\" \/>\n<meta property=\"og:type\" content=\"article\" \/>\n<meta property=\"og:title\" content=\"Kinderhelm Bern (Nino 2.0) MIPS &#183; leg&amp;go\" \/>\n<meta property=\"og:description\" content=\"Kinderhelm Bern Nino 2.0 MIPS mit sicherem, komfortablem Sitz und weichem Visier f\u00fcr Sonnenschutz. Premium Schutz f\u00fcr kleine Fahrer, erh\u00e4ltlich in zwei Gr\u00f6\u00dfen.\" \/>\n<meta property=\"og:url\" content=\"https:\/\/legandgo.com\/de\/shop\/accessories-de\/kids-bern-helmet-nino\/\" \/>\n<meta property=\"og:site_name\" content=\"leg&amp;go\" \/>\n<meta property=\"article:publisher\" content=\"https:\/\/www.facebook.com\/legandgo\" \/>\n<meta property=\"article:modified_time\" content=\"2026-02-18T17:33:59+00:00\" \/>\n<meta property=\"og:image\" content=\"https:\/\/legandgo.com\/wp-content\/uploads\/2023\/09\/legandgo-balance-bike-laufrad-kinderfahrrad-bern-helmet-black-300x300-1.jpg\" \/>\n\t<meta property=\"og:image:width\" content=\"300\" \/>\n\t<meta property=\"og:image:height\" content=\"300\" \/>\n\t<meta property=\"og:image:type\" content=\"image\/jpeg\" \/>\n<meta name=\"twitter:card\" content=\"summary_large_image\" \/>\n<meta name=\"twitter:label1\" content=\"Gesch\u00e4tzte Lesezeit\" \/>\n\t<meta name=\"twitter:data1\" content=\"1 Minute\" \/>\n<script type=\"application\/ld+json\" class=\"yoast-schema-graph\">{\"@context\":\"https:\/\/schema.org\",\"@graph\":[{\"@type\":\"WebPage\",\"@id\":\"https:\/\/legandgo.com\/de\/shop\/accessories-de\/kids-bern-helmet-nino\/\",\"url\":\"https:\/\/legandgo.com\/de\/shop\/accessories-de\/kids-bern-helmet-nino\/\",\"name\":\"Kinderhelm Bern (Nino 2.0) MIPS &#183; leg&amp;go\",\"isPartOf\":{\"@id\":\"https:\/\/legandgo.com\/de\/#website\"},\"primaryImageOfPage\":{\"@id\":\"https:\/\/legandgo.com\/de\/shop\/accessories-de\/kids-bern-helmet-nino\/#primaryimage\"},\"image\":{\"@id\":\"https:\/\/legandgo.com\/de\/shop\/accessories-de\/kids-bern-helmet-nino\/#primaryimage\"},\"thumbnailUrl\":\"https:\/\/legandgo.com\/wp-content\/uploads\/2023\/09\/legandgo-balance-bike-laufrad-kinderfahrrad-bern-helmet-black-300x300-1.jpg\",\"datePublished\":\"2021-09-22T10:04:39+00:00\",\"dateModified\":\"2026-02-18T17:33:59+00:00\",\"description\":\"Kinderhelm Bern Nino 2.0 MIPS mit sicherem, komfortablem Sitz und weichem Visier f\u00fcr Sonnenschutz. Premium Schutz f\u00fcr kleine Fahrer, erh\u00e4ltlich in zwei Gr\u00f6\u00dfen.\",\"breadcrumb\":{\"@id\":\"https:\/\/legandgo.com\/de\/shop\/accessories-de\/kids-bern-helmet-nino\/#breadcrumb\"},\"inLanguage\":\"de-DE\",\"potentialAction\":[{\"@type\":\"ReadAction\",\"target\":[\"https:\/\/legandgo.com\/de\/shop\/accessories-de\/kids-bern-helmet-nino\/\"]}]},{\"@type\":\"ImageObject\",\"inLanguage\":\"de-DE\",\"@id\":\"https:\/\/legandgo.com\/de\/shop\/accessories-de\/kids-bern-helmet-nino\/#primaryimage\",\"url\":\"https:\/\/legandgo.com\/wp-content\/uploads\/2023\/09\/legandgo-balance-bike-laufrad-kinderfahrrad-bern-helmet-black-300x300-1.jpg\",\"contentUrl\":\"https:\/\/legandgo.com\/wp-content\/uploads\/2023\/09\/legandgo-balance-bike-laufrad-kinderfahrrad-bern-helmet-black-300x300-1.jpg\",\"width\":300,\"height\":300},{\"@type\":\"BreadcrumbList\",\"@id\":\"https:\/\/legandgo.com\/de\/shop\/accessories-de\/kids-bern-helmet-nino\/#breadcrumb\",\"itemListElement\":[{\"@type\":\"ListItem\",\"position\":1,\"name\":\"Home\",\"item\":\"https:\/\/legandgo.com\/de\/\"},{\"@type\":\"ListItem\",\"position\":2,\"name\":\"Shop\",\"item\":\"https:\/\/legandgo.com\/de\/shop\/\"},{\"@type\":\"ListItem\",\"position\":3,\"name\":\"Kinderhelm Bern (Nino 2.0) MIPS\"}]},{\"@type\":\"WebSite\",\"@id\":\"https:\/\/legandgo.com\/de\/#website\",\"url\":\"https:\/\/legandgo.com\/de\/\",\"name\":\"leg&amp;go\",\"description\":\"\",\"publisher\":{\"@id\":\"https:\/\/legandgo.com\/de\/#organization\"},\"potentialAction\":[{\"@type\":\"SearchAction\",\"target\":{\"@type\":\"EntryPoint\",\"urlTemplate\":\"https:\/\/legandgo.com\/de\/?s={search_term_string}\"},\"query-input\":{\"@type\":\"PropertyValueSpecification\",\"valueRequired\":true,\"valueName\":\"search_term_string\"}}],\"inLanguage\":\"de-DE\"},{\"@type\":\"Organization\",\"@id\":\"https:\/\/legandgo.com\/de\/#organization\",\"name\":\"leg&go bike\",\"url\":\"https:\/\/legandgo.com\/de\/\",\"logo\":{\"@type\":\"ImageObject\",\"inLanguage\":\"de-DE\",\"@id\":\"https:\/\/legandgo.com\/de\/#\/schema\/logo\/image\/\",\"url\":\"https:\/\/legandgo.com\/wp-content\/uploads\/2021\/03\/logorf.png\",\"contentUrl\":\"https:\/\/legandgo.com\/wp-content\/uploads\/2021\/03\/logorf.png\",\"width\":675,\"height\":216,\"caption\":\"leg&go bike\"},\"image\":{\"@id\":\"https:\/\/legandgo.com\/de\/#\/schema\/logo\/image\/\"},\"sameAs\":[\"https:\/\/www.facebook.com\/legandgo\",\"https:\/\/www.instagram.com\/legandgo\/\",\"https:\/\/www.linkedin.com\/company\/legandgo\/\",\"https:\/\/www.pinterest.com\/legandgo\/\",\"https:\/\/www.youtube.com\/channel\/UC_FBzWPmKWE0g7fcR4Xdfuw\/\"]}]}<\/script>\n<!-- \/ Yoast SEO plugin. -->","yoast_head_json":{"title":"Kinderhelm Bern (Nino 2.0) MIPS &#183; leg&amp;go","description":"Kinderhelm Bern Nino 2.0 MIPS mit sicherem, komfortablem Sitz und weichem Visier f\u00fcr Sonnenschutz. Premium Schutz f\u00fcr kleine Fahrer, erh\u00e4ltlich in zwei Gr\u00f6\u00dfen.","robots":{"index":"index","follow":"follow","max-snippet":"max-snippet:-1","max-image-preview":"max-image-preview:large","max-video-preview":"max-video-preview:-1"},"canonical":"https:\/\/legandgo.com\/de\/shop\/accessories-de\/kids-bern-helmet-nino\/","og_locale":"de_DE","og_type":"article","og_title":"Kinderhelm Bern (Nino 2.0) MIPS &#183; leg&amp;go","og_description":"Kinderhelm Bern Nino 2.0 MIPS mit sicherem, komfortablem Sitz und weichem Visier f\u00fcr Sonnenschutz. Premium Schutz f\u00fcr kleine Fahrer, erh\u00e4ltlich in zwei Gr\u00f6\u00dfen.","og_url":"https:\/\/legandgo.com\/de\/shop\/accessories-de\/kids-bern-helmet-nino\/","og_site_name":"leg&amp;go","article_publisher":"https:\/\/www.facebook.com\/legandgo","article_modified_time":"2026-02-18T17:33:59+00:00","og_image":[{"width":300,"height":300,"url":"https:\/\/legandgo.com\/wp-content\/uploads\/2023\/09\/legandgo-balance-bike-laufrad-kinderfahrrad-bern-helmet-black-300x300-1.jpg","type":"image\/jpeg"}],"twitter_card":"summary_large_image","twitter_misc":{"Gesch\u00e4tzte Lesezeit":"1 Minute"},"schema":{"@context":"https:\/\/schema.org","@graph":[{"@type":"WebPage","@id":"https:\/\/legandgo.com\/de\/shop\/accessories-de\/kids-bern-helmet-nino\/","url":"https:\/\/legandgo.com\/de\/shop\/accessories-de\/kids-bern-helmet-nino\/","name":"Kinderhelm Bern (Nino 2.0) MIPS &#183; leg&amp;go","isPartOf":{"@id":"https:\/\/legandgo.com\/de\/#website"},"primaryImageOfPage":{"@id":"https:\/\/legandgo.com\/de\/shop\/accessories-de\/kids-bern-helmet-nino\/#primaryimage"},"image":{"@id":"https:\/\/legandgo.com\/de\/shop\/accessories-de\/kids-bern-helmet-nino\/#primaryimage"},"thumbnailUrl":"https:\/\/legandgo.com\/wp-content\/uploads\/2023\/09\/legandgo-balance-bike-laufrad-kinderfahrrad-bern-helmet-black-300x300-1.jpg","datePublished":"2021-09-22T10:04:39+00:00","dateModified":"2026-02-18T17:33:59+00:00","description":"Kinderhelm Bern Nino 2.0 MIPS mit sicherem, komfortablem Sitz und weichem Visier f\u00fcr Sonnenschutz. Premium Schutz f\u00fcr kleine Fahrer, erh\u00e4ltlich in zwei Gr\u00f6\u00dfen.","breadcrumb":{"@id":"https:\/\/legandgo.com\/de\/shop\/accessories-de\/kids-bern-helmet-nino\/#breadcrumb"},"inLanguage":"de-DE","potentialAction":[{"@type":"ReadAction","target":["https:\/\/legandgo.com\/de\/shop\/accessories-de\/kids-bern-helmet-nino\/"]}]},{"@type":"ImageObject","inLanguage":"de-DE","@id":"https:\/\/legandgo.com\/de\/shop\/accessories-de\/kids-bern-helmet-nino\/#primaryimage","url":"https:\/\/legandgo.com\/wp-content\/uploads\/2023\/09\/legandgo-balance-bike-laufrad-kinderfahrrad-bern-helmet-black-300x300-1.jpg","contentUrl":"https:\/\/legandgo.com\/wp-content\/uploads\/2023\/09\/legandgo-balance-bike-laufrad-kinderfahrrad-bern-helmet-black-300x300-1.jpg","width":300,"height":300},{"@type":"BreadcrumbList","@id":"https:\/\/legandgo.com\/de\/shop\/accessories-de\/kids-bern-helmet-nino\/#breadcrumb","itemListElement":[{"@type":"ListItem","position":1,"name":"Home","item":"https:\/\/legandgo.com\/de\/"},{"@type":"ListItem","position":2,"name":"Shop","item":"https:\/\/legandgo.com\/de\/shop\/"},{"@type":"ListItem","position":3,"name":"Kinderhelm Bern (Nino 2.0) MIPS"}]},{"@type":"WebSite","@id":"https:\/\/legandgo.com\/de\/#website","url":"https:\/\/legandgo.com\/de\/","name":"leg&amp;go","description":"","publisher":{"@id":"https:\/\/legandgo.com\/de\/#organization"},"potentialAction":[{"@type":"SearchAction","target":{"@type":"EntryPoint","urlTemplate":"https:\/\/legandgo.com\/de\/?s={search_term_string}"},"query-input":{"@type":"PropertyValueSpecification","valueRequired":true,"valueName":"search_term_string"}}],"inLanguage":"de-DE"},{"@type":"Organization","@id":"https:\/\/legandgo.com\/de\/#organization","name":"leg&go bike","url":"https:\/\/legandgo.com\/de\/","logo":{"@type":"ImageObject","inLanguage":"de-DE","@id":"https:\/\/legandgo.com\/de\/#\/schema\/logo\/image\/","url":"https:\/\/legandgo.com\/wp-content\/uploads\/2021\/03\/logorf.png","contentUrl":"https:\/\/legandgo.com\/wp-content\/uploads\/2021\/03\/logorf.png","width":675,"height":216,"caption":"leg&go bike"},"image":{"@id":"https:\/\/legandgo.com\/de\/#\/schema\/logo\/image\/"},"sameAs":["https:\/\/www.facebook.com\/legandgo","https:\/\/www.instagram.com\/legandgo\/","https:\/\/www.linkedin.com\/company\/legandgo\/","https:\/\/www.pinterest.com\/legandgo\/","https:\/\/www.youtube.com\/channel\/UC_FBzWPmKWE0g7fcR4Xdfuw\/"]}]}},"_links":{"self":[{"href":"https:\/\/legandgo.com\/de\/wp-json\/wp\/v2\/product\/4694","targetHints":{"allow":["GET"]}}],"collection":[{"href":"https:\/\/legandgo.com\/de\/wp-json\/wp\/v2\/product"}],"about":[{"href":"https:\/\/legandgo.com\/de\/wp-json\/wp\/v2\/types\/product"}],"replies":[{"embeddable":true,"href":"https:\/\/legandgo.com\/de\/wp-json\/wp\/v2\/comments?post=4694"}],"version-history":[{"count":23,"href":"https:\/\/legandgo.com\/de\/wp-json\/wp\/v2\/product\/4694\/revisions"}],"predecessor-version":[{"id":52416,"href":"https:\/\/legandgo.com\/de\/wp-json\/wp\/v2\/product\/4694\/revisions\/52416"}],"wp:featuredmedia":[{"embeddable":true,"href":"https:\/\/legandgo.com\/de\/wp-json\/wp\/v2\/media\/15530"}],"wp:attachment":[{"href":"https:\/\/legandgo.com\/de\/wp-json\/wp\/v2\/media?parent=4694"}],"wp:term":[{"taxonomy":"product_brand","embeddable":true,"href":"https:\/\/legandgo.com\/de\/wp-json\/wp\/v2\/product_brand?post=4694"},{"taxonomy":"product_cat","embeddable":true,"href":"https:\/\/legandgo.com\/de\/wp-json\/wp\/v2\/product_cat?post=4694"},{"taxonomy":"product_tag","embeddable":true,"href":"https:\/\/legandgo.com\/de\/wp-json\/wp\/v2\/product_tag?post=4694"}],"curies":[{"name":"wp","href":"https:\/\/api.w.org\/{rel}","templated":true}]}}