{"id":48350,"date":"2026-01-19T16:31:47","date_gmt":"2026-01-19T14:31:47","guid":{"rendered":"https:\/\/legandgo.com\/shop\/unkategorisiert\/zeichenpapierrolle\/"},"modified":"2026-02-10T16:20:13","modified_gmt":"2026-02-10T14:20:13","slug":"zeichenpapierrolle","status":"publish","type":"product","link":"https:\/\/legandgo.com\/de\/shop\/kategorie-spielzeug\/zeichenpapierrolle\/","title":{"rendered":"Zeichenpapierrolle"},"content":{"rendered":"<p style=\"font-weight: 400;\">Endloses Papier. Endlose Kreativit\u00e4t.<\/p>\n<p style=\"font-weight: 400;\">Halten Sie die Kreativit\u00e4t am Flie\u00dfen mit unserer Nachf\u00fcllpapierrolle, die speziell f\u00fcr die wandmontierte Zeichentafel entwickelt wurde. Glatt, langlebig und perfekt dimensioniert f\u00fcr kleine K\u00fcnstler, die nie mit dem Zeichnen aufh\u00f6ren m\u00f6chten.<\/p>\n","protected":false},"excerpt":{"rendered":"<p>Endloses Papier. Endlose Kreativit\u00e4t. Halten Sie die Kreativit\u00e4t am Flie\u00dfen mit unserer Nachf\u00fcllpapierrolle, die speziell f\u00fcr die wandmontierte Zeichentafel entwickelt wurde. Glatt, langlebig und perfekt dimensioniert f\u00fcr kleine K\u00fcnstler, die nie mit dem Zeichnen aufh\u00f6ren m\u00f6chten.<\/p>\n","protected":false},"featured_media":48340,"comment_status":"closed","ping_status":"closed","template":"","meta":{"_acf_changed":false,"inline_featured_image":false,"footnotes":""},"product_brand":[],"product_cat":[1319],"product_tag":[],"class_list":{"0":"post-48350","1":"product","2":"type-product","3":"status-publish","4":"has-post-thumbnail","6":"product_cat-kategorie-spielzeug","7":"product_shipping_class-drawing-board-shipping","9":"first","10":"instock","11":"purchasable","12":"product-type-simple"},"bundled_by":[],"bundle_stock_status":"instock","bundle_stock_quantity":null,"bundle_virtual":false,"bundle_layout":"","bundle_add_to_cart_form_location":"","bundle_editable_in_cart":false,"bundle_sold_individually_context":"","bundle_item_grouping":"","bundle_min_size":"","bundle_max_size":"","bundle_price":[],"bundled_items":[],"bundle_sell_ids":[],"acf":[],"yoast_head":"<!-- This site is optimized with the Yoast SEO plugin v25.9 - https:\/\/yoast.com\/wordpress\/plugins\/seo\/ -->\n<title>Zeichenpapierrolle &#183; leg&amp;go<\/title>\n<meta name=\"description\" content=\"Nachf\u00fcll-Zeichenpapierrolle f\u00fcr dein wandmontiertes Zeichenbrett. 30 m lang - perfekt f\u00fcr Kinder zum Zeichnen, Malen und kreativen Spielen zu Hause.\" \/>\n<meta name=\"robots\" content=\"index, follow, max-snippet:-1, max-image-preview:large, max-video-preview:-1\" \/>\n<link rel=\"canonical\" href=\"https:\/\/legandgo.com\/de\/shop\/kategorie-spielzeug\/zeichenpapierrolle\/\" \/>\n<meta property=\"og:locale\" content=\"de_DE\" \/>\n<meta property=\"og:type\" content=\"article\" \/>\n<meta property=\"og:title\" content=\"Zeichenpapierrolle &#183; leg&amp;go\" \/>\n<meta property=\"og:description\" content=\"Nachf\u00fcll-Zeichenpapierrolle f\u00fcr dein wandmontiertes Zeichenbrett. 30 m lang - perfekt f\u00fcr Kinder zum Zeichnen, Malen und kreativen Spielen zu Hause.\" \/>\n<meta property=\"og:url\" content=\"https:\/\/legandgo.com\/de\/shop\/kategorie-spielzeug\/zeichenpapierrolle\/\" \/>\n<meta property=\"og:site_name\" content=\"leg&amp;go\" \/>\n<meta property=\"article:publisher\" content=\"https:\/\/www.facebook.com\/legandgo\" \/>\n<meta property=\"article:modified_time\" content=\"2026-02-10T14:20:13+00:00\" \/>\n<meta property=\"og:image\" content=\"https:\/\/legandgo.com\/wp-content\/uploads\/2026\/01\/Drawing-board-paper-roll.jpg\" \/>\n\t<meta property=\"og:image:width\" content=\"1024\" \/>\n\t<meta property=\"og:image:height\" content=\"1024\" \/>\n\t<meta property=\"og:image:type\" content=\"image\/jpeg\" \/>\n<meta name=\"twitter:card\" content=\"summary_large_image\" \/>\n<script type=\"application\/ld+json\" class=\"yoast-schema-graph\">{\"@context\":\"https:\/\/schema.org\",\"@graph\":[{\"@type\":\"WebPage\",\"@id\":\"https:\/\/legandgo.com\/de\/shop\/kategorie-spielzeug\/zeichenpapierrolle\/\",\"url\":\"https:\/\/legandgo.com\/de\/shop\/kategorie-spielzeug\/zeichenpapierrolle\/\",\"name\":\"Zeichenpapierrolle &#183; leg&amp;go\",\"isPartOf\":{\"@id\":\"https:\/\/legandgo.com\/de\/#website\"},\"primaryImageOfPage\":{\"@id\":\"https:\/\/legandgo.com\/de\/shop\/kategorie-spielzeug\/zeichenpapierrolle\/#primaryimage\"},\"image\":{\"@id\":\"https:\/\/legandgo.com\/de\/shop\/kategorie-spielzeug\/zeichenpapierrolle\/#primaryimage\"},\"thumbnailUrl\":\"https:\/\/legandgo.com\/wp-content\/uploads\/2026\/01\/Drawing-board-paper-roll.jpg\",\"datePublished\":\"2026-01-19T14:31:47+00:00\",\"dateModified\":\"2026-02-10T14:20:13+00:00\",\"description\":\"Nachf\u00fcll-Zeichenpapierrolle f\u00fcr dein wandmontiertes Zeichenbrett. 30 m lang - perfekt f\u00fcr Kinder zum Zeichnen, Malen und kreativen Spielen zu Hause.\",\"breadcrumb\":{\"@id\":\"https:\/\/legandgo.com\/de\/shop\/kategorie-spielzeug\/zeichenpapierrolle\/#breadcrumb\"},\"inLanguage\":\"de-DE\",\"potentialAction\":[{\"@type\":\"ReadAction\",\"target\":[\"https:\/\/legandgo.com\/de\/shop\/kategorie-spielzeug\/zeichenpapierrolle\/\"]}]},{\"@type\":\"ImageObject\",\"inLanguage\":\"de-DE\",\"@id\":\"https:\/\/legandgo.com\/de\/shop\/kategorie-spielzeug\/zeichenpapierrolle\/#primaryimage\",\"url\":\"https:\/\/legandgo.com\/wp-content\/uploads\/2026\/01\/Drawing-board-paper-roll.jpg\",\"contentUrl\":\"https:\/\/legandgo.com\/wp-content\/uploads\/2026\/01\/Drawing-board-paper-roll.jpg\",\"width\":1024,\"height\":1024,\"caption\":\"Paper roll for wall mounted drawing board\"},{\"@type\":\"BreadcrumbList\",\"@id\":\"https:\/\/legandgo.com\/de\/shop\/kategorie-spielzeug\/zeichenpapierrolle\/#breadcrumb\",\"itemListElement\":[{\"@type\":\"ListItem\",\"position\":1,\"name\":\"Home\",\"item\":\"https:\/\/legandgo.com\/de\/\"},{\"@type\":\"ListItem\",\"position\":2,\"name\":\"Shop\",\"item\":\"https:\/\/legandgo.com\/de\/shop\/\"},{\"@type\":\"ListItem\",\"position\":3,\"name\":\"Zeichenpapierrolle\"}]},{\"@type\":\"WebSite\",\"@id\":\"https:\/\/legandgo.com\/de\/#website\",\"url\":\"https:\/\/legandgo.com\/de\/\",\"name\":\"leg&amp;go\",\"description\":\"\",\"publisher\":{\"@id\":\"https:\/\/legandgo.com\/de\/#organization\"},\"potentialAction\":[{\"@type\":\"SearchAction\",\"target\":{\"@type\":\"EntryPoint\",\"urlTemplate\":\"https:\/\/legandgo.com\/de\/?s={search_term_string}\"},\"query-input\":{\"@type\":\"PropertyValueSpecification\",\"valueRequired\":true,\"valueName\":\"search_term_string\"}}],\"inLanguage\":\"de-DE\"},{\"@type\":\"Organization\",\"@id\":\"https:\/\/legandgo.com\/de\/#organization\",\"name\":\"leg&go bike\",\"url\":\"https:\/\/legandgo.com\/de\/\",\"logo\":{\"@type\":\"ImageObject\",\"inLanguage\":\"de-DE\",\"@id\":\"https:\/\/legandgo.com\/de\/#\/schema\/logo\/image\/\",\"url\":\"https:\/\/legandgo.com\/wp-content\/uploads\/2021\/03\/logorf.png\",\"contentUrl\":\"https:\/\/legandgo.com\/wp-content\/uploads\/2021\/03\/logorf.png\",\"width\":675,\"height\":216,\"caption\":\"leg&go bike\"},\"image\":{\"@id\":\"https:\/\/legandgo.com\/de\/#\/schema\/logo\/image\/\"},\"sameAs\":[\"https:\/\/www.facebook.com\/legandgo\",\"https:\/\/www.instagram.com\/legandgo\/\",\"https:\/\/www.linkedin.com\/company\/legandgo\/\",\"https:\/\/www.pinterest.com\/legandgo\/\",\"https:\/\/www.youtube.com\/channel\/UC_FBzWPmKWE0g7fcR4Xdfuw\/\"]}]}<\/script>\n<!-- \/ Yoast SEO plugin. -->","yoast_head_json":{"title":"Zeichenpapierrolle &#183; leg&amp;go","description":"Nachf\u00fcll-Zeichenpapierrolle f\u00fcr dein wandmontiertes Zeichenbrett. 30 m lang - perfekt f\u00fcr Kinder zum Zeichnen, Malen und kreativen Spielen zu Hause.","robots":{"index":"index","follow":"follow","max-snippet":"max-snippet:-1","max-image-preview":"max-image-preview:large","max-video-preview":"max-video-preview:-1"},"canonical":"https:\/\/legandgo.com\/de\/shop\/kategorie-spielzeug\/zeichenpapierrolle\/","og_locale":"de_DE","og_type":"article","og_title":"Zeichenpapierrolle &#183; leg&amp;go","og_description":"Nachf\u00fcll-Zeichenpapierrolle f\u00fcr dein wandmontiertes Zeichenbrett. 30 m lang - perfekt f\u00fcr Kinder zum Zeichnen, Malen und kreativen Spielen zu Hause.","og_url":"https:\/\/legandgo.com\/de\/shop\/kategorie-spielzeug\/zeichenpapierrolle\/","og_site_name":"leg&amp;go","article_publisher":"https:\/\/www.facebook.com\/legandgo","article_modified_time":"2026-02-10T14:20:13+00:00","og_image":[{"width":1024,"height":1024,"url":"https:\/\/legandgo.com\/wp-content\/uploads\/2026\/01\/Drawing-board-paper-roll.jpg","type":"image\/jpeg"}],"twitter_card":"summary_large_image","schema":{"@context":"https:\/\/schema.org","@graph":[{"@type":"WebPage","@id":"https:\/\/legandgo.com\/de\/shop\/kategorie-spielzeug\/zeichenpapierrolle\/","url":"https:\/\/legandgo.com\/de\/shop\/kategorie-spielzeug\/zeichenpapierrolle\/","name":"Zeichenpapierrolle &#183; leg&amp;go","isPartOf":{"@id":"https:\/\/legandgo.com\/de\/#website"},"primaryImageOfPage":{"@id":"https:\/\/legandgo.com\/de\/shop\/kategorie-spielzeug\/zeichenpapierrolle\/#primaryimage"},"image":{"@id":"https:\/\/legandgo.com\/de\/shop\/kategorie-spielzeug\/zeichenpapierrolle\/#primaryimage"},"thumbnailUrl":"https:\/\/legandgo.com\/wp-content\/uploads\/2026\/01\/Drawing-board-paper-roll.jpg","datePublished":"2026-01-19T14:31:47+00:00","dateModified":"2026-02-10T14:20:13+00:00","description":"Nachf\u00fcll-Zeichenpapierrolle f\u00fcr dein wandmontiertes Zeichenbrett. 30 m lang - perfekt f\u00fcr Kinder zum Zeichnen, Malen und kreativen Spielen zu Hause.","breadcrumb":{"@id":"https:\/\/legandgo.com\/de\/shop\/kategorie-spielzeug\/zeichenpapierrolle\/#breadcrumb"},"inLanguage":"de-DE","potentialAction":[{"@type":"ReadAction","target":["https:\/\/legandgo.com\/de\/shop\/kategorie-spielzeug\/zeichenpapierrolle\/"]}]},{"@type":"ImageObject","inLanguage":"de-DE","@id":"https:\/\/legandgo.com\/de\/shop\/kategorie-spielzeug\/zeichenpapierrolle\/#primaryimage","url":"https:\/\/legandgo.com\/wp-content\/uploads\/2026\/01\/Drawing-board-paper-roll.jpg","contentUrl":"https:\/\/legandgo.com\/wp-content\/uploads\/2026\/01\/Drawing-board-paper-roll.jpg","width":1024,"height":1024,"caption":"Paper roll for wall mounted drawing board"},{"@type":"BreadcrumbList","@id":"https:\/\/legandgo.com\/de\/shop\/kategorie-spielzeug\/zeichenpapierrolle\/#breadcrumb","itemListElement":[{"@type":"ListItem","position":1,"name":"Home","item":"https:\/\/legandgo.com\/de\/"},{"@type":"ListItem","position":2,"name":"Shop","item":"https:\/\/legandgo.com\/de\/shop\/"},{"@type":"ListItem","position":3,"name":"Zeichenpapierrolle"}]},{"@type":"WebSite","@id":"https:\/\/legandgo.com\/de\/#website","url":"https:\/\/legandgo.com\/de\/","name":"leg&amp;go","description":"","publisher":{"@id":"https:\/\/legandgo.com\/de\/#organization"},"potentialAction":[{"@type":"SearchAction","target":{"@type":"EntryPoint","urlTemplate":"https:\/\/legandgo.com\/de\/?s={search_term_string}"},"query-input":{"@type":"PropertyValueSpecification","valueRequired":true,"valueName":"search_term_string"}}],"inLanguage":"de-DE"},{"@type":"Organization","@id":"https:\/\/legandgo.com\/de\/#organization","name":"leg&go bike","url":"https:\/\/legandgo.com\/de\/","logo":{"@type":"ImageObject","inLanguage":"de-DE","@id":"https:\/\/legandgo.com\/de\/#\/schema\/logo\/image\/","url":"https:\/\/legandgo.com\/wp-content\/uploads\/2021\/03\/logorf.png","contentUrl":"https:\/\/legandgo.com\/wp-content\/uploads\/2021\/03\/logorf.png","width":675,"height":216,"caption":"leg&go bike"},"image":{"@id":"https:\/\/legandgo.com\/de\/#\/schema\/logo\/image\/"},"sameAs":["https:\/\/www.facebook.com\/legandgo","https:\/\/www.instagram.com\/legandgo\/","https:\/\/www.linkedin.com\/company\/legandgo\/","https:\/\/www.pinterest.com\/legandgo\/","https:\/\/www.youtube.com\/channel\/UC_FBzWPmKWE0g7fcR4Xdfuw\/"]}]}},"_links":{"self":[{"href":"https:\/\/legandgo.com\/de\/wp-json\/wp\/v2\/product\/48350","targetHints":{"allow":["GET"]}}],"collection":[{"href":"https:\/\/legandgo.com\/de\/wp-json\/wp\/v2\/product"}],"about":[{"href":"https:\/\/legandgo.com\/de\/wp-json\/wp\/v2\/types\/product"}],"replies":[{"embeddable":true,"href":"https:\/\/legandgo.com\/de\/wp-json\/wp\/v2\/comments?post=48350"}],"version-history":[{"count":4,"href":"https:\/\/legandgo.com\/de\/wp-json\/wp\/v2\/product\/48350\/revisions"}],"predecessor-version":[{"id":50995,"href":"https:\/\/legandgo.com\/de\/wp-json\/wp\/v2\/product\/48350\/revisions\/50995"}],"wp:featuredmedia":[{"embeddable":true,"href":"https:\/\/legandgo.com\/de\/wp-json\/wp\/v2\/media\/48340"}],"wp:attachment":[{"href":"https:\/\/legandgo.com\/de\/wp-json\/wp\/v2\/media?parent=48350"}],"wp:term":[{"taxonomy":"product_brand","embeddable":true,"href":"https:\/\/legandgo.com\/de\/wp-json\/wp\/v2\/product_brand?post=48350"},{"taxonomy":"product_cat","embeddable":true,"href":"https:\/\/legandgo.com\/de\/wp-json\/wp\/v2\/product_cat?post=48350"},{"taxonomy":"product_tag","embeddable":true,"href":"https:\/\/legandgo.com\/de\/wp-json\/wp\/v2\/product_tag?post=48350"}],"curies":[{"name":"wp","href":"https:\/\/api.w.org\/{rel}","templated":true}]}}