{"id":48415,"date":"2026-01-21T09:03:46","date_gmt":"2026-01-21T07:03:46","guid":{"rendered":"https:\/\/legandgo.com\/?post_type=product&#038;p=48415"},"modified":"2026-02-24T14:01:53","modified_gmt":"2026-02-24T12:01:53","slug":"wandmontierte-zeichentafel-set","status":"publish","type":"product","link":"https:\/\/legandgo.com\/de\/shop\/toys-de\/wandmontierte-zeichentafel-set\/","title":{"rendered":"Wandmontierte Zeichentafel &#8211; Set"},"content":{"rendered":"<p style=\"font-weight: 400;\">Mit Blick auf die Bed\u00fcrfnisse von Kindern entworfen, ist unser Holz-Zeichenbrett das perfekte Werkzeug f\u00fcr stundenlanges, bildschirmfreies Spielen.<\/p>\n<p style=\"font-weight: 400;\">Es l\u00e4sst sich an jeder Wand montieren und verf\u00fcgt \u00fcber eine integrierte Ablage, in der Stifte und Wachsmalkreiden ordentlich verstaut werden k\u00f6nnen.<\/p>\n<p style=\"font-weight: 400;\">Der leichtg\u00e4ngige Papiereinzug erm\u00f6glicht es, fertige Zeichnungen einfach nach unten zu ziehen und abzureissen.<\/p>\n","protected":false},"excerpt":{"rendered":"<p>Mit Blick auf die Bed\u00fcrfnisse von Kindern entworfen, ist unser Holz-Zeichenbrett das perfekte Werkzeug f\u00fcr stundenlanges, bildschirmfreies Spielen. Es l\u00e4sst sich an jeder Wand montieren und verf\u00fcgt \u00fcber eine integrierte Ablage, in der Stifte und Wachsmalkreiden ordentlich verstaut werden k\u00f6nnen. Der leichtg\u00e4ngige Papiereinzug erm\u00f6glicht es, fertige Zeichnungen einfach nach unten zu ziehen und abzureissen.<\/p>\n","protected":false},"featured_media":48419,"comment_status":"closed","ping_status":"closed","template":"","meta":{"_acf_changed":false,"inline_featured_image":false,"footnotes":""},"product_brand":[],"product_cat":[1319,56],"product_tag":[1727,1719,1723,1715,1711],"class_list":{"0":"post-48415","1":"product","2":"type-product","3":"status-publish","4":"has-post-thumbnail","6":"product_cat-kategorie-spielzeug","7":"product_cat-toys-de","8":"product_tag-leg-go-2","9":"product_tag-leg-and-go","10":"product_tag-leg-go","11":"product_tag-leggo","12":"product_tag-legandgo","13":"product_shipping_class-drawing-board-shipping","15":"first","16":"instock","17":"taxable","18":"shipping-taxable","19":"purchasable","20":"product-type-woosb"},"bundled_by":[],"bundle_stock_status":"instock","bundle_stock_quantity":null,"bundle_virtual":false,"bundle_layout":"","bundle_add_to_cart_form_location":"","bundle_editable_in_cart":false,"bundle_sold_individually_context":"","bundle_item_grouping":"","bundle_min_size":"","bundle_max_size":"","bundle_price":[],"bundled_items":[],"bundle_sell_ids":[],"acf":[],"yoast_head":"<!-- This site is optimized with the Yoast SEO plugin v25.9 - https:\/\/yoast.com\/wordpress\/plugins\/seo\/ -->\n<title>Wandmontierte Zeichentafel - Set &#183; leg&amp;go<\/title>\n<meta name=\"description\" content=\"Wandmontierte Zeichentafel aus Holz f\u00fcr Kinder. Schaffe einen festen Kreativplatz zum Zeichnen und Basteln - mit robustem, kinderfreundlichem Design.\" \/>\n<meta name=\"robots\" content=\"index, follow, max-snippet:-1, max-image-preview:large, max-video-preview:-1\" \/>\n<link rel=\"canonical\" href=\"https:\/\/legandgo.com\/de\/shop\/toys-de\/wandmontierte-zeichentafel-set\/\" \/>\n<meta property=\"og:locale\" content=\"de_DE\" \/>\n<meta property=\"og:type\" content=\"article\" \/>\n<meta property=\"og:title\" content=\"Wandmontierte Zeichentafel - Set &#183; leg&amp;go\" \/>\n<meta property=\"og:description\" content=\"Wandmontierte Zeichentafel aus Holz f\u00fcr Kinder. Schaffe einen festen Kreativplatz zum Zeichnen und Basteln - mit robustem, kinderfreundlichem Design.\" \/>\n<meta property=\"og:url\" content=\"https:\/\/legandgo.com\/de\/shop\/toys-de\/wandmontierte-zeichentafel-set\/\" \/>\n<meta property=\"og:site_name\" content=\"leg&amp;go\" \/>\n<meta property=\"article:publisher\" content=\"https:\/\/www.facebook.com\/legandgo\" \/>\n<meta property=\"article:modified_time\" content=\"2026-02-24T12:01:53+00:00\" \/>\n<meta property=\"og:image\" content=\"https:\/\/legandgo.com\/wp-content\/uploads\/2026\/01\/wall-mounted-drawing-board-white-background-1-scaled.jpg\" \/>\n\t<meta property=\"og:image:width\" content=\"2560\" \/>\n\t<meta property=\"og:image:height\" content=\"2560\" \/>\n\t<meta property=\"og:image:type\" content=\"image\/jpeg\" \/>\n<meta name=\"twitter:card\" content=\"summary_large_image\" \/>\n<script type=\"application\/ld+json\" class=\"yoast-schema-graph\">{\"@context\":\"https:\/\/schema.org\",\"@graph\":[{\"@type\":\"WebPage\",\"@id\":\"https:\/\/legandgo.com\/de\/shop\/toys-de\/wandmontierte-zeichentafel-set\/\",\"url\":\"https:\/\/legandgo.com\/de\/shop\/toys-de\/wandmontierte-zeichentafel-set\/\",\"name\":\"Wandmontierte Zeichentafel - Set &#183; leg&amp;go\",\"isPartOf\":{\"@id\":\"https:\/\/legandgo.com\/de\/#website\"},\"primaryImageOfPage\":{\"@id\":\"https:\/\/legandgo.com\/de\/shop\/toys-de\/wandmontierte-zeichentafel-set\/#primaryimage\"},\"image\":{\"@id\":\"https:\/\/legandgo.com\/de\/shop\/toys-de\/wandmontierte-zeichentafel-set\/#primaryimage\"},\"thumbnailUrl\":\"https:\/\/legandgo.com\/wp-content\/uploads\/2026\/01\/wall-mounted-drawing-board-white-background-1-scaled.jpg\",\"datePublished\":\"2026-01-21T07:03:46+00:00\",\"dateModified\":\"2026-02-24T12:01:53+00:00\",\"description\":\"Wandmontierte Zeichentafel aus Holz f\u00fcr Kinder. Schaffe einen festen Kreativplatz zum Zeichnen und Basteln - mit robustem, kinderfreundlichem Design.\",\"breadcrumb\":{\"@id\":\"https:\/\/legandgo.com\/de\/shop\/toys-de\/wandmontierte-zeichentafel-set\/#breadcrumb\"},\"inLanguage\":\"de-DE\",\"potentialAction\":[{\"@type\":\"ReadAction\",\"target\":[\"https:\/\/legandgo.com\/de\/shop\/toys-de\/wandmontierte-zeichentafel-set\/\"]}]},{\"@type\":\"ImageObject\",\"inLanguage\":\"de-DE\",\"@id\":\"https:\/\/legandgo.com\/de\/shop\/toys-de\/wandmontierte-zeichentafel-set\/#primaryimage\",\"url\":\"https:\/\/legandgo.com\/wp-content\/uploads\/2026\/01\/wall-mounted-drawing-board-white-background-1-scaled.jpg\",\"contentUrl\":\"https:\/\/legandgo.com\/wp-content\/uploads\/2026\/01\/wall-mounted-drawing-board-white-background-1-scaled.jpg\",\"width\":2560,\"height\":2560},{\"@type\":\"BreadcrumbList\",\"@id\":\"https:\/\/legandgo.com\/de\/shop\/toys-de\/wandmontierte-zeichentafel-set\/#breadcrumb\",\"itemListElement\":[{\"@type\":\"ListItem\",\"position\":1,\"name\":\"Home\",\"item\":\"https:\/\/legandgo.com\/de\/\"},{\"@type\":\"ListItem\",\"position\":2,\"name\":\"Shop\",\"item\":\"https:\/\/legandgo.com\/de\/shop\/\"},{\"@type\":\"ListItem\",\"position\":3,\"name\":\"Wandmontierte Zeichentafel &#8211; Set\"}]},{\"@type\":\"WebSite\",\"@id\":\"https:\/\/legandgo.com\/de\/#website\",\"url\":\"https:\/\/legandgo.com\/de\/\",\"name\":\"leg&amp;go\",\"description\":\"\",\"publisher\":{\"@id\":\"https:\/\/legandgo.com\/de\/#organization\"},\"potentialAction\":[{\"@type\":\"SearchAction\",\"target\":{\"@type\":\"EntryPoint\",\"urlTemplate\":\"https:\/\/legandgo.com\/de\/?s={search_term_string}\"},\"query-input\":{\"@type\":\"PropertyValueSpecification\",\"valueRequired\":true,\"valueName\":\"search_term_string\"}}],\"inLanguage\":\"de-DE\"},{\"@type\":\"Organization\",\"@id\":\"https:\/\/legandgo.com\/de\/#organization\",\"name\":\"leg&go bike\",\"url\":\"https:\/\/legandgo.com\/de\/\",\"logo\":{\"@type\":\"ImageObject\",\"inLanguage\":\"de-DE\",\"@id\":\"https:\/\/legandgo.com\/de\/#\/schema\/logo\/image\/\",\"url\":\"https:\/\/legandgo.com\/wp-content\/uploads\/2021\/03\/logorf.png\",\"contentUrl\":\"https:\/\/legandgo.com\/wp-content\/uploads\/2021\/03\/logorf.png\",\"width\":675,\"height\":216,\"caption\":\"leg&go bike\"},\"image\":{\"@id\":\"https:\/\/legandgo.com\/de\/#\/schema\/logo\/image\/\"},\"sameAs\":[\"https:\/\/www.facebook.com\/legandgo\",\"https:\/\/www.instagram.com\/legandgo\/\",\"https:\/\/www.linkedin.com\/company\/legandgo\/\",\"https:\/\/www.pinterest.com\/legandgo\/\",\"https:\/\/www.youtube.com\/channel\/UC_FBzWPmKWE0g7fcR4Xdfuw\/\"]}]}<\/script>\n<!-- \/ Yoast SEO plugin. -->","yoast_head_json":{"title":"Wandmontierte Zeichentafel - Set &#183; leg&amp;go","description":"Wandmontierte Zeichentafel aus Holz f\u00fcr Kinder. Schaffe einen festen Kreativplatz zum Zeichnen und Basteln - mit robustem, kinderfreundlichem Design.","robots":{"index":"index","follow":"follow","max-snippet":"max-snippet:-1","max-image-preview":"max-image-preview:large","max-video-preview":"max-video-preview:-1"},"canonical":"https:\/\/legandgo.com\/de\/shop\/toys-de\/wandmontierte-zeichentafel-set\/","og_locale":"de_DE","og_type":"article","og_title":"Wandmontierte Zeichentafel - Set &#183; leg&amp;go","og_description":"Wandmontierte Zeichentafel aus Holz f\u00fcr Kinder. Schaffe einen festen Kreativplatz zum Zeichnen und Basteln - mit robustem, kinderfreundlichem Design.","og_url":"https:\/\/legandgo.com\/de\/shop\/toys-de\/wandmontierte-zeichentafel-set\/","og_site_name":"leg&amp;go","article_publisher":"https:\/\/www.facebook.com\/legandgo","article_modified_time":"2026-02-24T12:01:53+00:00","og_image":[{"width":2560,"height":2560,"url":"https:\/\/legandgo.com\/wp-content\/uploads\/2026\/01\/wall-mounted-drawing-board-white-background-1-scaled.jpg","type":"image\/jpeg"}],"twitter_card":"summary_large_image","schema":{"@context":"https:\/\/schema.org","@graph":[{"@type":"WebPage","@id":"https:\/\/legandgo.com\/de\/shop\/toys-de\/wandmontierte-zeichentafel-set\/","url":"https:\/\/legandgo.com\/de\/shop\/toys-de\/wandmontierte-zeichentafel-set\/","name":"Wandmontierte Zeichentafel - Set &#183; leg&amp;go","isPartOf":{"@id":"https:\/\/legandgo.com\/de\/#website"},"primaryImageOfPage":{"@id":"https:\/\/legandgo.com\/de\/shop\/toys-de\/wandmontierte-zeichentafel-set\/#primaryimage"},"image":{"@id":"https:\/\/legandgo.com\/de\/shop\/toys-de\/wandmontierte-zeichentafel-set\/#primaryimage"},"thumbnailUrl":"https:\/\/legandgo.com\/wp-content\/uploads\/2026\/01\/wall-mounted-drawing-board-white-background-1-scaled.jpg","datePublished":"2026-01-21T07:03:46+00:00","dateModified":"2026-02-24T12:01:53+00:00","description":"Wandmontierte Zeichentafel aus Holz f\u00fcr Kinder. Schaffe einen festen Kreativplatz zum Zeichnen und Basteln - mit robustem, kinderfreundlichem Design.","breadcrumb":{"@id":"https:\/\/legandgo.com\/de\/shop\/toys-de\/wandmontierte-zeichentafel-set\/#breadcrumb"},"inLanguage":"de-DE","potentialAction":[{"@type":"ReadAction","target":["https:\/\/legandgo.com\/de\/shop\/toys-de\/wandmontierte-zeichentafel-set\/"]}]},{"@type":"ImageObject","inLanguage":"de-DE","@id":"https:\/\/legandgo.com\/de\/shop\/toys-de\/wandmontierte-zeichentafel-set\/#primaryimage","url":"https:\/\/legandgo.com\/wp-content\/uploads\/2026\/01\/wall-mounted-drawing-board-white-background-1-scaled.jpg","contentUrl":"https:\/\/legandgo.com\/wp-content\/uploads\/2026\/01\/wall-mounted-drawing-board-white-background-1-scaled.jpg","width":2560,"height":2560},{"@type":"BreadcrumbList","@id":"https:\/\/legandgo.com\/de\/shop\/toys-de\/wandmontierte-zeichentafel-set\/#breadcrumb","itemListElement":[{"@type":"ListItem","position":1,"name":"Home","item":"https:\/\/legandgo.com\/de\/"},{"@type":"ListItem","position":2,"name":"Shop","item":"https:\/\/legandgo.com\/de\/shop\/"},{"@type":"ListItem","position":3,"name":"Wandmontierte Zeichentafel &#8211; Set"}]},{"@type":"WebSite","@id":"https:\/\/legandgo.com\/de\/#website","url":"https:\/\/legandgo.com\/de\/","name":"leg&amp;go","description":"","publisher":{"@id":"https:\/\/legandgo.com\/de\/#organization"},"potentialAction":[{"@type":"SearchAction","target":{"@type":"EntryPoint","urlTemplate":"https:\/\/legandgo.com\/de\/?s={search_term_string}"},"query-input":{"@type":"PropertyValueSpecification","valueRequired":true,"valueName":"search_term_string"}}],"inLanguage":"de-DE"},{"@type":"Organization","@id":"https:\/\/legandgo.com\/de\/#organization","name":"leg&go bike","url":"https:\/\/legandgo.com\/de\/","logo":{"@type":"ImageObject","inLanguage":"de-DE","@id":"https:\/\/legandgo.com\/de\/#\/schema\/logo\/image\/","url":"https:\/\/legandgo.com\/wp-content\/uploads\/2021\/03\/logorf.png","contentUrl":"https:\/\/legandgo.com\/wp-content\/uploads\/2021\/03\/logorf.png","width":675,"height":216,"caption":"leg&go bike"},"image":{"@id":"https:\/\/legandgo.com\/de\/#\/schema\/logo\/image\/"},"sameAs":["https:\/\/www.facebook.com\/legandgo","https:\/\/www.instagram.com\/legandgo\/","https:\/\/www.linkedin.com\/company\/legandgo\/","https:\/\/www.pinterest.com\/legandgo\/","https:\/\/www.youtube.com\/channel\/UC_FBzWPmKWE0g7fcR4Xdfuw\/"]}]}},"_links":{"self":[{"href":"https:\/\/legandgo.com\/de\/wp-json\/wp\/v2\/product\/48415","targetHints":{"allow":["GET"]}}],"collection":[{"href":"https:\/\/legandgo.com\/de\/wp-json\/wp\/v2\/product"}],"about":[{"href":"https:\/\/legandgo.com\/de\/wp-json\/wp\/v2\/types\/product"}],"replies":[{"embeddable":true,"href":"https:\/\/legandgo.com\/de\/wp-json\/wp\/v2\/comments?post=48415"}],"version-history":[{"count":6,"href":"https:\/\/legandgo.com\/de\/wp-json\/wp\/v2\/product\/48415\/revisions"}],"predecessor-version":[{"id":53258,"href":"https:\/\/legandgo.com\/de\/wp-json\/wp\/v2\/product\/48415\/revisions\/53258"}],"wp:featuredmedia":[{"embeddable":true,"href":"https:\/\/legandgo.com\/de\/wp-json\/wp\/v2\/media\/48419"}],"wp:attachment":[{"href":"https:\/\/legandgo.com\/de\/wp-json\/wp\/v2\/media?parent=48415"}],"wp:term":[{"taxonomy":"product_brand","embeddable":true,"href":"https:\/\/legandgo.com\/de\/wp-json\/wp\/v2\/product_brand?post=48415"},{"taxonomy":"product_cat","embeddable":true,"href":"https:\/\/legandgo.com\/de\/wp-json\/wp\/v2\/product_cat?post=48415"},{"taxonomy":"product_tag","embeddable":true,"href":"https:\/\/legandgo.com\/de\/wp-json\/wp\/v2\/product_tag?post=48415"}],"curies":[{"name":"wp","href":"https:\/\/api.w.org\/{rel}","templated":true}]}}