{"id":50832,"date":"2026-02-09T12:39:13","date_gmt":"2026-02-09T10:39:13","guid":{"rendered":"https:\/\/legandgo.com\/?post_type=product&#038;p=50832"},"modified":"2026-03-10T11:05:27","modified_gmt":"2026-03-10T09:05:27","slug":"complete-riding-set","status":"publish","type":"product","link":"https:\/\/legandgo.com\/de\/shop\/laufrad3in1\/complete-riding-set\/","title":{"rendered":"Balance Bike 3in1 Komplettes Fahrset"},"content":{"rendered":"<p style=\"font-weight: 400;\">Ein Fahrrad. Jeder Meilenstein.<\/p>\n<p style=\"font-weight: 400;\"><strong>Wichtig: Add-ons sind ausschlie\u00dflich f\u00fcr die Verwendung mit dem Balance Bike 3in1 konzipiert und ben\u00f6tigen das Fahrrad, um zu funktionieren. Das Balance Bike 3in1 muss separat erworben werden. <\/strong><\/p>\n<p style=\"font-weight: 400;\">Von den ersten Bewegungen bis hin zum sicheren Fahren w\u00e4chst das Balance Bike 3in1 Komplettes Fahrset \u00fcber Jahre hinweg mit Ihrem Kind mit und l\u00e4sst sich m\u00fchelos anpassen, w\u00e4hrend sich F\u00e4higkeiten, Kraft und Neugier weiterentwickeln.<\/p>\n<p style=\"font-weight: 400;\">Eine zukunftsorientierte Investition, die mehrere Fahrr\u00e4der ersetzt und die nat\u00fcrliche Entwicklung in jeder Phase unterst\u00fctzt.<\/p>\n<p style=\"font-weight: 400;\"><strong>Entdecken Sie unten mehr.<\/strong><\/p>\n","protected":false},"excerpt":{"rendered":"<p>Ein Fahrrad. Jeder Meilenstein. Wichtig: Add-ons sind ausschlie\u00dflich f\u00fcr die Verwendung mit dem Balance Bike 3in1 konzipiert und ben\u00f6tigen das Fahrrad, um zu funktionieren. Das Balance Bike 3in1 muss separat erworben werden. Von den ersten Bewegungen bis hin zum sicheren Fahren w\u00e4chst das Balance Bike 3in1 Komplettes Fahrset \u00fcber Jahre hinweg mit Ihrem Kind mit<a class=\"excerpt-read-more\" href=\"https:\/\/legandgo.com\/de\/shop\/laufrad3in1\/complete-riding-set\/\" title=\"ReadBalance Bike 3in1 Komplettes Fahrset\">&#8230; Read more &raquo;<\/a><\/p>\n","protected":false},"featured_media":11017,"comment_status":"closed","ping_status":"closed","template":"","meta":{"_acf_changed":false,"inline_featured_image":false,"footnotes":""},"product_brand":[],"product_cat":[24],"product_tag":[1727,1719,1723,1715,1711],"class_list":{"0":"post-50832","1":"product","2":"type-product","3":"status-publish","4":"has-post-thumbnail","6":"product_cat-laufrad3in1","7":"product_tag-leg-go-2","8":"product_tag-leg-and-go","9":"product_tag-leg-go","10":"product_tag-leggo","11":"product_tag-legandgo","13":"first","14":"instock","15":"taxable","16":"shipping-taxable","17":"purchasable","18":"product-type-woosb"},"bundled_by":[],"bundle_stock_status":"instock","bundle_stock_quantity":null,"bundle_virtual":false,"bundle_layout":"","bundle_add_to_cart_form_location":"","bundle_editable_in_cart":false,"bundle_sold_individually_context":"","bundle_item_grouping":"","bundle_min_size":"","bundle_max_size":"","bundle_price":[],"bundled_items":[],"bundle_sell_ids":[],"acf":[],"yoast_head":"<!-- This site is optimized with the Yoast SEO plugin v25.9 - https:\/\/yoast.com\/wordpress\/plugins\/seo\/ -->\n<title>Balance Bike 3in1 Komplettes Fahrset &#183; leg&amp;go<\/title>\n<meta name=\"description\" content=\"leg&amp;go Balance Bike 3in1 Complete Riding Set, transform the bike as your child grows to adapt to their needs.\" \/>\n<meta name=\"robots\" content=\"index, follow, max-snippet:-1, max-image-preview:large, max-video-preview:-1\" \/>\n<link rel=\"canonical\" href=\"https:\/\/legandgo.com\/de\/shop\/laufrad3in1\/complete-riding-set\/\" \/>\n<meta property=\"og:locale\" content=\"de_DE\" \/>\n<meta property=\"og:type\" content=\"article\" \/>\n<meta property=\"og:title\" content=\"Balance Bike 3in1 Komplettes Fahrset &#183; leg&amp;go\" \/>\n<meta property=\"og:description\" content=\"leg&amp;go Balance Bike 3in1 Complete Riding Set, transform the bike as your child grows to adapt to their needs.\" \/>\n<meta property=\"og:url\" content=\"https:\/\/legandgo.com\/de\/shop\/laufrad3in1\/complete-riding-set\/\" \/>\n<meta property=\"og:site_name\" content=\"leg&amp;go\" \/>\n<meta property=\"article:publisher\" content=\"https:\/\/www.facebook.com\/legandgo\" \/>\n<meta property=\"article:modified_time\" content=\"2026-03-10T09:05:27+00:00\" \/>\n<meta property=\"og:image\" content=\"https:\/\/legandgo.com\/wp-content\/uploads\/2021\/02\/legandgo-leggo-balance-bike-full-set-bundle.jpg\" \/>\n\t<meta property=\"og:image:width\" content=\"800\" \/>\n\t<meta property=\"og:image:height\" content=\"800\" \/>\n\t<meta property=\"og:image:type\" content=\"image\/jpeg\" \/>\n<meta name=\"twitter:card\" content=\"summary_large_image\" \/>\n<script type=\"application\/ld+json\" class=\"yoast-schema-graph\">{\"@context\":\"https:\/\/schema.org\",\"@graph\":[{\"@type\":\"WebPage\",\"@id\":\"https:\/\/legandgo.com\/de\/shop\/laufrad3in1\/complete-riding-set\/\",\"url\":\"https:\/\/legandgo.com\/de\/shop\/laufrad3in1\/complete-riding-set\/\",\"name\":\"Balance Bike 3in1 Komplettes Fahrset &#183; leg&amp;go\",\"isPartOf\":{\"@id\":\"https:\/\/legandgo.com\/de\/#website\"},\"primaryImageOfPage\":{\"@id\":\"https:\/\/legandgo.com\/de\/shop\/laufrad3in1\/complete-riding-set\/#primaryimage\"},\"image\":{\"@id\":\"https:\/\/legandgo.com\/de\/shop\/laufrad3in1\/complete-riding-set\/#primaryimage\"},\"thumbnailUrl\":\"https:\/\/legandgo.com\/wp-content\/uploads\/2021\/02\/legandgo-leggo-balance-bike-full-set-bundle.jpg\",\"datePublished\":\"2026-02-09T10:39:13+00:00\",\"dateModified\":\"2026-03-10T09:05:27+00:00\",\"description\":\"leg&go Balance Bike 3in1 Complete Riding Set, transform the bike as your child grows to adapt to their needs.\",\"breadcrumb\":{\"@id\":\"https:\/\/legandgo.com\/de\/shop\/laufrad3in1\/complete-riding-set\/#breadcrumb\"},\"inLanguage\":\"de-DE\",\"potentialAction\":[{\"@type\":\"ReadAction\",\"target\":[\"https:\/\/legandgo.com\/de\/shop\/laufrad3in1\/complete-riding-set\/\"]}]},{\"@type\":\"ImageObject\",\"inLanguage\":\"de-DE\",\"@id\":\"https:\/\/legandgo.com\/de\/shop\/laufrad3in1\/complete-riding-set\/#primaryimage\",\"url\":\"https:\/\/legandgo.com\/wp-content\/uploads\/2021\/02\/legandgo-leggo-balance-bike-full-set-bundle.jpg\",\"contentUrl\":\"https:\/\/legandgo.com\/wp-content\/uploads\/2021\/02\/legandgo-leggo-balance-bike-full-set-bundle.jpg\",\"width\":800,\"height\":800},{\"@type\":\"BreadcrumbList\",\"@id\":\"https:\/\/legandgo.com\/de\/shop\/laufrad3in1\/complete-riding-set\/#breadcrumb\",\"itemListElement\":[{\"@type\":\"ListItem\",\"position\":1,\"name\":\"Home\",\"item\":\"https:\/\/legandgo.com\/de\/\"},{\"@type\":\"ListItem\",\"position\":2,\"name\":\"Shop\",\"item\":\"https:\/\/legandgo.com\/de\/shop\/\"},{\"@type\":\"ListItem\",\"position\":3,\"name\":\"Balance Bike 3in1 Komplettes Fahrset\"}]},{\"@type\":\"WebSite\",\"@id\":\"https:\/\/legandgo.com\/de\/#website\",\"url\":\"https:\/\/legandgo.com\/de\/\",\"name\":\"leg&amp;go\",\"description\":\"\",\"publisher\":{\"@id\":\"https:\/\/legandgo.com\/de\/#organization\"},\"potentialAction\":[{\"@type\":\"SearchAction\",\"target\":{\"@type\":\"EntryPoint\",\"urlTemplate\":\"https:\/\/legandgo.com\/de\/?s={search_term_string}\"},\"query-input\":{\"@type\":\"PropertyValueSpecification\",\"valueRequired\":true,\"valueName\":\"search_term_string\"}}],\"inLanguage\":\"de-DE\"},{\"@type\":\"Organization\",\"@id\":\"https:\/\/legandgo.com\/de\/#organization\",\"name\":\"leg&go bike\",\"url\":\"https:\/\/legandgo.com\/de\/\",\"logo\":{\"@type\":\"ImageObject\",\"inLanguage\":\"de-DE\",\"@id\":\"https:\/\/legandgo.com\/de\/#\/schema\/logo\/image\/\",\"url\":\"https:\/\/legandgo.com\/wp-content\/uploads\/2021\/03\/logorf.png\",\"contentUrl\":\"https:\/\/legandgo.com\/wp-content\/uploads\/2021\/03\/logorf.png\",\"width\":675,\"height\":216,\"caption\":\"leg&go bike\"},\"image\":{\"@id\":\"https:\/\/legandgo.com\/de\/#\/schema\/logo\/image\/\"},\"sameAs\":[\"https:\/\/www.facebook.com\/legandgo\",\"https:\/\/www.instagram.com\/legandgo\/\",\"https:\/\/www.linkedin.com\/company\/legandgo\/\",\"https:\/\/www.pinterest.com\/legandgo\/\",\"https:\/\/www.youtube.com\/channel\/UC_FBzWPmKWE0g7fcR4Xdfuw\/\"]}]}<\/script>\n<!-- \/ Yoast SEO plugin. -->","yoast_head_json":{"title":"Balance Bike 3in1 Komplettes Fahrset &#183; leg&amp;go","description":"leg&go Balance Bike 3in1 Complete Riding Set, transform the bike as your child grows to adapt to their needs.","robots":{"index":"index","follow":"follow","max-snippet":"max-snippet:-1","max-image-preview":"max-image-preview:large","max-video-preview":"max-video-preview:-1"},"canonical":"https:\/\/legandgo.com\/de\/shop\/laufrad3in1\/complete-riding-set\/","og_locale":"de_DE","og_type":"article","og_title":"Balance Bike 3in1 Komplettes Fahrset &#183; leg&amp;go","og_description":"leg&go Balance Bike 3in1 Complete Riding Set, transform the bike as your child grows to adapt to their needs.","og_url":"https:\/\/legandgo.com\/de\/shop\/laufrad3in1\/complete-riding-set\/","og_site_name":"leg&amp;go","article_publisher":"https:\/\/www.facebook.com\/legandgo","article_modified_time":"2026-03-10T09:05:27+00:00","og_image":[{"width":800,"height":800,"url":"https:\/\/legandgo.com\/wp-content\/uploads\/2021\/02\/legandgo-leggo-balance-bike-full-set-bundle.jpg","type":"image\/jpeg"}],"twitter_card":"summary_large_image","schema":{"@context":"https:\/\/schema.org","@graph":[{"@type":"WebPage","@id":"https:\/\/legandgo.com\/de\/shop\/laufrad3in1\/complete-riding-set\/","url":"https:\/\/legandgo.com\/de\/shop\/laufrad3in1\/complete-riding-set\/","name":"Balance Bike 3in1 Komplettes Fahrset &#183; leg&amp;go","isPartOf":{"@id":"https:\/\/legandgo.com\/de\/#website"},"primaryImageOfPage":{"@id":"https:\/\/legandgo.com\/de\/shop\/laufrad3in1\/complete-riding-set\/#primaryimage"},"image":{"@id":"https:\/\/legandgo.com\/de\/shop\/laufrad3in1\/complete-riding-set\/#primaryimage"},"thumbnailUrl":"https:\/\/legandgo.com\/wp-content\/uploads\/2021\/02\/legandgo-leggo-balance-bike-full-set-bundle.jpg","datePublished":"2026-02-09T10:39:13+00:00","dateModified":"2026-03-10T09:05:27+00:00","description":"leg&go Balance Bike 3in1 Complete Riding Set, transform the bike as your child grows to adapt to their needs.","breadcrumb":{"@id":"https:\/\/legandgo.com\/de\/shop\/laufrad3in1\/complete-riding-set\/#breadcrumb"},"inLanguage":"de-DE","potentialAction":[{"@type":"ReadAction","target":["https:\/\/legandgo.com\/de\/shop\/laufrad3in1\/complete-riding-set\/"]}]},{"@type":"ImageObject","inLanguage":"de-DE","@id":"https:\/\/legandgo.com\/de\/shop\/laufrad3in1\/complete-riding-set\/#primaryimage","url":"https:\/\/legandgo.com\/wp-content\/uploads\/2021\/02\/legandgo-leggo-balance-bike-full-set-bundle.jpg","contentUrl":"https:\/\/legandgo.com\/wp-content\/uploads\/2021\/02\/legandgo-leggo-balance-bike-full-set-bundle.jpg","width":800,"height":800},{"@type":"BreadcrumbList","@id":"https:\/\/legandgo.com\/de\/shop\/laufrad3in1\/complete-riding-set\/#breadcrumb","itemListElement":[{"@type":"ListItem","position":1,"name":"Home","item":"https:\/\/legandgo.com\/de\/"},{"@type":"ListItem","position":2,"name":"Shop","item":"https:\/\/legandgo.com\/de\/shop\/"},{"@type":"ListItem","position":3,"name":"Balance Bike 3in1 Komplettes Fahrset"}]},{"@type":"WebSite","@id":"https:\/\/legandgo.com\/de\/#website","url":"https:\/\/legandgo.com\/de\/","name":"leg&amp;go","description":"","publisher":{"@id":"https:\/\/legandgo.com\/de\/#organization"},"potentialAction":[{"@type":"SearchAction","target":{"@type":"EntryPoint","urlTemplate":"https:\/\/legandgo.com\/de\/?s={search_term_string}"},"query-input":{"@type":"PropertyValueSpecification","valueRequired":true,"valueName":"search_term_string"}}],"inLanguage":"de-DE"},{"@type":"Organization","@id":"https:\/\/legandgo.com\/de\/#organization","name":"leg&go bike","url":"https:\/\/legandgo.com\/de\/","logo":{"@type":"ImageObject","inLanguage":"de-DE","@id":"https:\/\/legandgo.com\/de\/#\/schema\/logo\/image\/","url":"https:\/\/legandgo.com\/wp-content\/uploads\/2021\/03\/logorf.png","contentUrl":"https:\/\/legandgo.com\/wp-content\/uploads\/2021\/03\/logorf.png","width":675,"height":216,"caption":"leg&go bike"},"image":{"@id":"https:\/\/legandgo.com\/de\/#\/schema\/logo\/image\/"},"sameAs":["https:\/\/www.facebook.com\/legandgo","https:\/\/www.instagram.com\/legandgo\/","https:\/\/www.linkedin.com\/company\/legandgo\/","https:\/\/www.pinterest.com\/legandgo\/","https:\/\/www.youtube.com\/channel\/UC_FBzWPmKWE0g7fcR4Xdfuw\/"]}]}},"_links":{"self":[{"href":"https:\/\/legandgo.com\/de\/wp-json\/wp\/v2\/product\/50832","targetHints":{"allow":["GET"]}}],"collection":[{"href":"https:\/\/legandgo.com\/de\/wp-json\/wp\/v2\/product"}],"about":[{"href":"https:\/\/legandgo.com\/de\/wp-json\/wp\/v2\/types\/product"}],"replies":[{"embeddable":true,"href":"https:\/\/legandgo.com\/de\/wp-json\/wp\/v2\/comments?post=50832"}],"version-history":[{"count":4,"href":"https:\/\/legandgo.com\/de\/wp-json\/wp\/v2\/product\/50832\/revisions"}],"predecessor-version":[{"id":54017,"href":"https:\/\/legandgo.com\/de\/wp-json\/wp\/v2\/product\/50832\/revisions\/54017"}],"wp:featuredmedia":[{"embeddable":true,"href":"https:\/\/legandgo.com\/de\/wp-json\/wp\/v2\/media\/11017"}],"wp:attachment":[{"href":"https:\/\/legandgo.com\/de\/wp-json\/wp\/v2\/media?parent=50832"}],"wp:term":[{"taxonomy":"product_brand","embeddable":true,"href":"https:\/\/legandgo.com\/de\/wp-json\/wp\/v2\/product_brand?post=50832"},{"taxonomy":"product_cat","embeddable":true,"href":"https:\/\/legandgo.com\/de\/wp-json\/wp\/v2\/product_cat?post=50832"},{"taxonomy":"product_tag","embeddable":true,"href":"https:\/\/legandgo.com\/de\/wp-json\/wp\/v2\/product_tag?post=50832"}],"curies":[{"name":"wp","href":"https:\/\/api.w.org\/{rel}","templated":true}]}}