{"id":51454,"date":"2026-02-12T14:23:26","date_gmt":"2026-02-12T12:23:26","guid":{"rendered":"https:\/\/legandgo.com\/shop\/unkategorisiert\/oval-exercise-balance-board\/"},"modified":"2026-03-09T11:22:41","modified_gmt":"2026-03-09T09:22:41","slug":"oval-exercise-balance-board","status":"publish","type":"product","link":"https:\/\/legandgo.com\/de\/shop\/toys-de\/oval-exercise-balance-board\/","title":{"rendered":"Ovales Balance Board f\u00fcr \u00dcbungen"},"content":{"rendered":"<p style=\"font-weight: 400;\">Frei bewegen. Dynamisch trainieren.<\/p>\n<p style=\"font-weight: 400;\">Unser ovales Balance Board mit Rolle verwandelt Workouts in ein spielerisches Erlebnis f\u00fcr die ganze Familie. Entwickelt, um die Rumpfmuskulatur zu st\u00e4rken, Muskeln zu straffen und die Koordination zu verbessern, unterst\u00fctzt es einen ges\u00fcnderen, aktiveren Lebensstil.<\/p>\n<p style=\"font-weight: 400;\">Die nat\u00fcrliche Korkrolle dient gleichzeitig als Faszienrolle zum Dehnen, w\u00e4hrend das Board selbst auch als praktischer Tisch f\u00fcr Ihr Bett oder Sofa genutzt werden kann.<\/p>\n<p style=\"font-weight: 400;\"><strong>Entdecken Sie unten mehr.<\/strong><\/p>\n","protected":false},"excerpt":{"rendered":"<p>Frei bewegen. Dynamisch trainieren. Unser ovales Balance Board mit Rolle verwandelt Workouts in ein spielerisches Erlebnis f\u00fcr die ganze Familie. Entwickelt, um die Rumpfmuskulatur zu st\u00e4rken, Muskeln zu straffen und die Koordination zu verbessern, unterst\u00fctzt es einen ges\u00fcnderen, aktiveren Lebensstil. Die nat\u00fcrliche Korkrolle dient gleichzeitig als Faszienrolle zum Dehnen, w\u00e4hrend das Board selbst auch als<a class=\"excerpt-read-more\" href=\"https:\/\/legandgo.com\/de\/shop\/toys-de\/oval-exercise-balance-board\/\" title=\"ReadOvales Balance Board f\u00fcr \u00dcbungen\">&#8230; Read more &raquo;<\/a><\/p>\n","protected":false},"featured_media":61718,"comment_status":"closed","ping_status":"closed","template":"","meta":{"_acf_changed":false,"inline_featured_image":false,"footnotes":""},"product_brand":[],"product_cat":[56,538],"product_tag":[513,1783,1788,1786,1785,1784,1727,1719,1723,1715,1711,1787],"class_list":{"0":"post-51454","1":"product","2":"type-product","3":"status-publish","4":"has-post-thumbnail","6":"product_cat-toys-de","7":"product_cat-balance-board-de","8":"product_tag-balance-board-de","9":"product_tag-balance-board-for-kids","10":"product_tag-balance-boards-deals","11":"product_tag-balance-boards-for-kids","12":"product_tag-balance-boards-sale","13":"product_tag-balanceboard","14":"product_tag-leg-go-2","15":"product_tag-leg-and-go","16":"product_tag-leg-go","17":"product_tag-leggo","18":"product_tag-legandgo","19":"product_tag-value-balance-boards","20":"product_shipping_class-balance-board-w-roll","22":"first","23":"instock","24":"sale","25":"purchasable","26":"product-type-variable","27":"has-default-attributes"},"bundled_by":[],"bundle_stock_status":"instock","bundle_stock_quantity":null,"bundle_virtual":false,"bundle_layout":"","bundle_add_to_cart_form_location":"","bundle_editable_in_cart":false,"bundle_sold_individually_context":"","bundle_item_grouping":"","bundle_min_size":"","bundle_max_size":"","bundle_price":[],"bundled_items":[],"bundle_sell_ids":[],"acf":[],"yoast_head":"<!-- This site is optimized with the Yoast SEO plugin v25.9 - https:\/\/yoast.com\/wordpress\/plugins\/seo\/ -->\n<title>Ovales Balance Board f\u00fcr \u00dcbungen &#183; leg&amp;go<\/title>\n<meta name=\"description\" content=\"leg&amp;go Oval Exercise Balance Board is perfect for training core strength and mobility for adults and kids alike. Doubles as foam roller.\" \/>\n<meta name=\"robots\" content=\"index, follow, max-snippet:-1, max-image-preview:large, max-video-preview:-1\" \/>\n<link rel=\"canonical\" href=\"https:\/\/legandgo.com\/de\/shop\/toys-de\/oval-exercise-balance-board\/\" \/>\n<meta property=\"og:locale\" content=\"de_DE\" \/>\n<meta property=\"og:type\" content=\"article\" \/>\n<meta property=\"og:title\" content=\"Ovales Balance Board f\u00fcr \u00dcbungen &#183; leg&amp;go\" \/>\n<meta property=\"og:description\" content=\"leg&amp;go Oval Exercise Balance Board is perfect for training core strength and mobility for adults and kids alike. Doubles as foam roller.\" \/>\n<meta property=\"og:url\" content=\"https:\/\/legandgo.com\/de\/shop\/toys-de\/oval-exercise-balance-board\/\" \/>\n<meta property=\"og:site_name\" content=\"leg&amp;go\" \/>\n<meta property=\"article:publisher\" content=\"https:\/\/www.facebook.com\/legandgo\" \/>\n<meta property=\"article:modified_time\" content=\"2026-03-09T09:22:41+00:00\" \/>\n<meta property=\"og:image\" content=\"https:\/\/legandgo.com\/wp-content\/uploads\/2026\/02\/legandgo-balance-board-roll-wobble-excersise-5.jpg\" \/>\n\t<meta property=\"og:image:width\" content=\"2560\" \/>\n\t<meta property=\"og:image:height\" content=\"1707\" \/>\n\t<meta property=\"og:image:type\" content=\"image\/jpeg\" \/>\n<meta name=\"twitter:card\" content=\"summary_large_image\" \/>\n<script type=\"application\/ld+json\" class=\"yoast-schema-graph\">{\"@context\":\"https:\/\/schema.org\",\"@graph\":[{\"@type\":\"WebPage\",\"@id\":\"https:\/\/legandgo.com\/de\/shop\/toys-de\/oval-exercise-balance-board\/\",\"url\":\"https:\/\/legandgo.com\/de\/shop\/toys-de\/oval-exercise-balance-board\/\",\"name\":\"Ovales Balance Board f\u00fcr \u00dcbungen &#183; leg&amp;go\",\"isPartOf\":{\"@id\":\"https:\/\/legandgo.com\/de\/#website\"},\"primaryImageOfPage\":{\"@id\":\"https:\/\/legandgo.com\/de\/shop\/toys-de\/oval-exercise-balance-board\/#primaryimage\"},\"image\":{\"@id\":\"https:\/\/legandgo.com\/de\/shop\/toys-de\/oval-exercise-balance-board\/#primaryimage\"},\"thumbnailUrl\":\"https:\/\/legandgo.com\/wp-content\/uploads\/2026\/02\/1legandgo-balance-board-roll-wobble-excersise-6-square-1.jpg\",\"datePublished\":\"2026-02-12T12:23:26+00:00\",\"dateModified\":\"2026-03-09T09:22:41+00:00\",\"description\":\"leg&go Oval Exercise Balance Board is perfect for training core strength and mobility for adults and kids alike. Doubles as foam roller.\",\"breadcrumb\":{\"@id\":\"https:\/\/legandgo.com\/de\/shop\/toys-de\/oval-exercise-balance-board\/#breadcrumb\"},\"inLanguage\":\"de-DE\",\"potentialAction\":[{\"@type\":\"ReadAction\",\"target\":[\"https:\/\/legandgo.com\/de\/shop\/toys-de\/oval-exercise-balance-board\/\"]}]},{\"@type\":\"ImageObject\",\"inLanguage\":\"de-DE\",\"@id\":\"https:\/\/legandgo.com\/de\/shop\/toys-de\/oval-exercise-balance-board\/#primaryimage\",\"url\":\"https:\/\/legandgo.com\/wp-content\/uploads\/2026\/02\/1legandgo-balance-board-roll-wobble-excersise-6-square-1.jpg\",\"contentUrl\":\"https:\/\/legandgo.com\/wp-content\/uploads\/2026\/02\/1legandgo-balance-board-roll-wobble-excersise-6-square-1.jpg\",\"width\":2560,\"height\":2560},{\"@type\":\"BreadcrumbList\",\"@id\":\"https:\/\/legandgo.com\/de\/shop\/toys-de\/oval-exercise-balance-board\/#breadcrumb\",\"itemListElement\":[{\"@type\":\"ListItem\",\"position\":1,\"name\":\"Home\",\"item\":\"https:\/\/legandgo.com\/de\/\"},{\"@type\":\"ListItem\",\"position\":2,\"name\":\"Shop\",\"item\":\"https:\/\/legandgo.com\/de\/shop\/\"},{\"@type\":\"ListItem\",\"position\":3,\"name\":\"Ovales Balance Board f\u00fcr \u00dcbungen\"}]},{\"@type\":\"WebSite\",\"@id\":\"https:\/\/legandgo.com\/de\/#website\",\"url\":\"https:\/\/legandgo.com\/de\/\",\"name\":\"leg&amp;go\",\"description\":\"\",\"publisher\":{\"@id\":\"https:\/\/legandgo.com\/de\/#organization\"},\"potentialAction\":[{\"@type\":\"SearchAction\",\"target\":{\"@type\":\"EntryPoint\",\"urlTemplate\":\"https:\/\/legandgo.com\/de\/?s={search_term_string}\"},\"query-input\":{\"@type\":\"PropertyValueSpecification\",\"valueRequired\":true,\"valueName\":\"search_term_string\"}}],\"inLanguage\":\"de-DE\"},{\"@type\":\"Organization\",\"@id\":\"https:\/\/legandgo.com\/de\/#organization\",\"name\":\"leg&go bike\",\"url\":\"https:\/\/legandgo.com\/de\/\",\"logo\":{\"@type\":\"ImageObject\",\"inLanguage\":\"de-DE\",\"@id\":\"https:\/\/legandgo.com\/de\/#\/schema\/logo\/image\/\",\"url\":\"https:\/\/legandgo.com\/wp-content\/uploads\/2021\/03\/logorf.png\",\"contentUrl\":\"https:\/\/legandgo.com\/wp-content\/uploads\/2021\/03\/logorf.png\",\"width\":675,\"height\":216,\"caption\":\"leg&go bike\"},\"image\":{\"@id\":\"https:\/\/legandgo.com\/de\/#\/schema\/logo\/image\/\"},\"sameAs\":[\"https:\/\/www.facebook.com\/legandgo\",\"https:\/\/www.instagram.com\/legandgo\/\",\"https:\/\/www.linkedin.com\/company\/legandgo\/\",\"https:\/\/www.pinterest.com\/legandgo\/\",\"https:\/\/www.youtube.com\/channel\/UC_FBzWPmKWE0g7fcR4Xdfuw\/\"]}]}<\/script>\n<!-- \/ Yoast SEO plugin. -->","yoast_head_json":{"title":"Ovales Balance Board f\u00fcr \u00dcbungen &#183; leg&amp;go","description":"leg&go Oval Exercise Balance Board is perfect for training core strength and mobility for adults and kids alike. Doubles as foam roller.","robots":{"index":"index","follow":"follow","max-snippet":"max-snippet:-1","max-image-preview":"max-image-preview:large","max-video-preview":"max-video-preview:-1"},"canonical":"https:\/\/legandgo.com\/de\/shop\/toys-de\/oval-exercise-balance-board\/","og_locale":"de_DE","og_type":"article","og_title":"Ovales Balance Board f\u00fcr \u00dcbungen &#183; leg&amp;go","og_description":"leg&go Oval Exercise Balance Board is perfect for training core strength and mobility for adults and kids alike. Doubles as foam roller.","og_url":"https:\/\/legandgo.com\/de\/shop\/toys-de\/oval-exercise-balance-board\/","og_site_name":"leg&amp;go","article_publisher":"https:\/\/www.facebook.com\/legandgo","article_modified_time":"2026-03-09T09:22:41+00:00","og_image":[{"width":2560,"height":1707,"url":"https:\/\/legandgo.com\/wp-content\/uploads\/2026\/02\/legandgo-balance-board-roll-wobble-excersise-5.jpg","type":"image\/jpeg"}],"twitter_card":"summary_large_image","schema":{"@context":"https:\/\/schema.org","@graph":[{"@type":"WebPage","@id":"https:\/\/legandgo.com\/de\/shop\/toys-de\/oval-exercise-balance-board\/","url":"https:\/\/legandgo.com\/de\/shop\/toys-de\/oval-exercise-balance-board\/","name":"Ovales Balance Board f\u00fcr \u00dcbungen &#183; leg&amp;go","isPartOf":{"@id":"https:\/\/legandgo.com\/de\/#website"},"primaryImageOfPage":{"@id":"https:\/\/legandgo.com\/de\/shop\/toys-de\/oval-exercise-balance-board\/#primaryimage"},"image":{"@id":"https:\/\/legandgo.com\/de\/shop\/toys-de\/oval-exercise-balance-board\/#primaryimage"},"thumbnailUrl":"https:\/\/legandgo.com\/wp-content\/uploads\/2026\/02\/1legandgo-balance-board-roll-wobble-excersise-6-square-1.jpg","datePublished":"2026-02-12T12:23:26+00:00","dateModified":"2026-03-09T09:22:41+00:00","description":"leg&go Oval Exercise Balance Board is perfect for training core strength and mobility for adults and kids alike. Doubles as foam roller.","breadcrumb":{"@id":"https:\/\/legandgo.com\/de\/shop\/toys-de\/oval-exercise-balance-board\/#breadcrumb"},"inLanguage":"de-DE","potentialAction":[{"@type":"ReadAction","target":["https:\/\/legandgo.com\/de\/shop\/toys-de\/oval-exercise-balance-board\/"]}]},{"@type":"ImageObject","inLanguage":"de-DE","@id":"https:\/\/legandgo.com\/de\/shop\/toys-de\/oval-exercise-balance-board\/#primaryimage","url":"https:\/\/legandgo.com\/wp-content\/uploads\/2026\/02\/1legandgo-balance-board-roll-wobble-excersise-6-square-1.jpg","contentUrl":"https:\/\/legandgo.com\/wp-content\/uploads\/2026\/02\/1legandgo-balance-board-roll-wobble-excersise-6-square-1.jpg","width":2560,"height":2560},{"@type":"BreadcrumbList","@id":"https:\/\/legandgo.com\/de\/shop\/toys-de\/oval-exercise-balance-board\/#breadcrumb","itemListElement":[{"@type":"ListItem","position":1,"name":"Home","item":"https:\/\/legandgo.com\/de\/"},{"@type":"ListItem","position":2,"name":"Shop","item":"https:\/\/legandgo.com\/de\/shop\/"},{"@type":"ListItem","position":3,"name":"Ovales Balance Board f\u00fcr \u00dcbungen"}]},{"@type":"WebSite","@id":"https:\/\/legandgo.com\/de\/#website","url":"https:\/\/legandgo.com\/de\/","name":"leg&amp;go","description":"","publisher":{"@id":"https:\/\/legandgo.com\/de\/#organization"},"potentialAction":[{"@type":"SearchAction","target":{"@type":"EntryPoint","urlTemplate":"https:\/\/legandgo.com\/de\/?s={search_term_string}"},"query-input":{"@type":"PropertyValueSpecification","valueRequired":true,"valueName":"search_term_string"}}],"inLanguage":"de-DE"},{"@type":"Organization","@id":"https:\/\/legandgo.com\/de\/#organization","name":"leg&go bike","url":"https:\/\/legandgo.com\/de\/","logo":{"@type":"ImageObject","inLanguage":"de-DE","@id":"https:\/\/legandgo.com\/de\/#\/schema\/logo\/image\/","url":"https:\/\/legandgo.com\/wp-content\/uploads\/2021\/03\/logorf.png","contentUrl":"https:\/\/legandgo.com\/wp-content\/uploads\/2021\/03\/logorf.png","width":675,"height":216,"caption":"leg&go bike"},"image":{"@id":"https:\/\/legandgo.com\/de\/#\/schema\/logo\/image\/"},"sameAs":["https:\/\/www.facebook.com\/legandgo","https:\/\/www.instagram.com\/legandgo\/","https:\/\/www.linkedin.com\/company\/legandgo\/","https:\/\/www.pinterest.com\/legandgo\/","https:\/\/www.youtube.com\/channel\/UC_FBzWPmKWE0g7fcR4Xdfuw\/"]}]}},"_links":{"self":[{"href":"https:\/\/legandgo.com\/de\/wp-json\/wp\/v2\/product\/51454","targetHints":{"allow":["GET"]}}],"collection":[{"href":"https:\/\/legandgo.com\/de\/wp-json\/wp\/v2\/product"}],"about":[{"href":"https:\/\/legandgo.com\/de\/wp-json\/wp\/v2\/types\/product"}],"replies":[{"embeddable":true,"href":"https:\/\/legandgo.com\/de\/wp-json\/wp\/v2\/comments?post=51454"}],"version-history":[{"count":4,"href":"https:\/\/legandgo.com\/de\/wp-json\/wp\/v2\/product\/51454\/revisions"}],"predecessor-version":[{"id":53874,"href":"https:\/\/legandgo.com\/de\/wp-json\/wp\/v2\/product\/51454\/revisions\/53874"}],"wp:featuredmedia":[{"embeddable":true,"href":"https:\/\/legandgo.com\/de\/wp-json\/wp\/v2\/media\/61718"}],"wp:attachment":[{"href":"https:\/\/legandgo.com\/de\/wp-json\/wp\/v2\/media?parent=51454"}],"wp:term":[{"taxonomy":"product_brand","embeddable":true,"href":"https:\/\/legandgo.com\/de\/wp-json\/wp\/v2\/product_brand?post=51454"},{"taxonomy":"product_cat","embeddable":true,"href":"https:\/\/legandgo.com\/de\/wp-json\/wp\/v2\/product_cat?post=51454"},{"taxonomy":"product_tag","embeddable":true,"href":"https:\/\/legandgo.com\/de\/wp-json\/wp\/v2\/product_tag?post=51454"}],"curies":[{"name":"wp","href":"https:\/\/api.w.org\/{rel}","templated":true}]}}