{"id":52051,"date":"2026-02-16T17:02:38","date_gmt":"2026-02-16T15:02:38","guid":{"rendered":"https:\/\/legandgo.com\/shop\/unkategorisiert\/verstellbarer-lernturm-modustep\/"},"modified":"2026-03-05T17:46:38","modified_gmt":"2026-03-05T15:46:38","slug":"verstellbarer-lernturm-modustep","status":"publish","type":"product","link":"https:\/\/legandgo.com\/de\/shop\/faltbarer-lernturm\/verstellbarer-lernturm-modustep\/","title":{"rendered":"Verstellbarer Lernturm Modustep"},"content":{"rendered":"<p>Der verstellbare Lernturm Modustep ist ein multifunktionaler Lernturm, der mit Ihrem Kind mitw\u00e4chst. Es l\u00e4sst sich m\u00fchelos von einem stehenden K\u00fcchenturm in ein Tisch- und Stuhlset f\u00fcr Kleinkinder verwandeln und unterst\u00fctzt allt\u00e4gliche Aktivit\u00e4ten wie Helfen, Spielen und selbstst\u00e4ndiges Lernen.<\/p>\n<p><strong>Entdecken Sie unten weitere Funktionen.<\/strong><\/p>\n","protected":false},"excerpt":{"rendered":"<p>Der verstellbare Lernturm Modustep ist ein multifunktionaler Lernturm, der mit Ihrem Kind mitw\u00e4chst. Es l\u00e4sst sich m\u00fchelos von einem stehenden K\u00fcchenturm in ein Tisch- und Stuhlset f\u00fcr Kleinkinder verwandeln und unterst\u00fctzt allt\u00e4gliche Aktivit\u00e4ten wie Helfen, Spielen und selbstst\u00e4ndiges Lernen. Entdecken Sie unten weitere Funktionen.<\/p>\n","protected":false},"featured_media":51886,"comment_status":"closed","ping_status":"closed","template":"","meta":{"_acf_changed":false,"inline_featured_image":false,"footnotes":""},"product_brand":[],"product_cat":[1315,246],"product_tag":[883,882,1741,1740,1727,1719,1723,1715,1711,874,887,884],"class_list":{"0":"post-52051","1":"product","2":"type-product","3":"status-publish","4":"has-post-thumbnail","6":"product_cat-mobel","7":"product_cat-faltbarer-lernturm","8":"product_tag-faltbarer-lernturm-de","9":"product_tag-faltbarer-lernturm","10":"product_tag-faltbarer-turm-fur-kleinkinder","11":"product_tag-hilfsturm","12":"product_tag-leg-go-2","13":"product_tag-leg-and-go","14":"product_tag-leg-go","15":"product_tag-leggo","16":"product_tag-legandgo","17":"product_tag-lernturm","18":"product_tag-lernturm-faltbar","19":"product_tag-zusammenklappbarer-lernturm","21":"first","22":"instock","23":"sale","24":"purchasable","25":"product-type-variable","26":"has-default-attributes"},"bundled_by":[],"bundle_stock_status":"instock","bundle_stock_quantity":null,"bundle_virtual":false,"bundle_layout":"","bundle_add_to_cart_form_location":"","bundle_editable_in_cart":false,"bundle_sold_individually_context":"","bundle_item_grouping":"","bundle_min_size":"","bundle_max_size":"","bundle_price":[],"bundled_items":[],"bundle_sell_ids":[],"acf":[],"yoast_head":"<!-- This site is optimized with the Yoast SEO plugin v25.9 - https:\/\/yoast.com\/wordpress\/plugins\/seo\/ -->\n<title>Verstellbarer 2-in-1 Lernturm Modustep f\u00fcr Kinder &#183; leg&amp;go<\/title>\n<meta name=\"description\" content=\"Verstellbarer Lernturm, der sich in Tisch und Stuhl f\u00fcr Kleinkinder verwandeln l\u00e4sst. H\u00f6henverstellbares 2-in-1 Design aus Holz f\u00fcr sicheres Mithelfen in der K\u00fcche, Spielen und Lernen.\" \/>\n<meta name=\"robots\" content=\"index, follow, max-snippet:-1, max-image-preview:large, max-video-preview:-1\" \/>\n<link rel=\"canonical\" href=\"https:\/\/legandgo.com\/de\/shop\/faltbarer-lernturm\/verstellbarer-lernturm-modustep\/\" \/>\n<meta property=\"og:locale\" content=\"de_DE\" \/>\n<meta property=\"og:type\" content=\"article\" \/>\n<meta property=\"og:title\" content=\"Verstellbarer 2-in-1 Lernturm Modustep f\u00fcr Kinder &#183; leg&amp;go\" \/>\n<meta property=\"og:description\" content=\"Verstellbarer Lernturm, der sich in Tisch und Stuhl f\u00fcr Kleinkinder verwandeln l\u00e4sst. H\u00f6henverstellbares 2-in-1 Design aus Holz f\u00fcr sicheres Mithelfen in der K\u00fcche, Spielen und Lernen.\" \/>\n<meta property=\"og:url\" content=\"https:\/\/legandgo.com\/de\/shop\/faltbarer-lernturm\/verstellbarer-lernturm-modustep\/\" \/>\n<meta property=\"og:site_name\" content=\"leg&amp;go\" \/>\n<meta property=\"article:publisher\" content=\"https:\/\/www.facebook.com\/legandgo\" \/>\n<meta property=\"article:modified_time\" content=\"2026-03-05T15:46:38+00:00\" \/>\n<meta property=\"og:image\" content=\"https:\/\/legandgo.com\/wp-content\/uploads\/2026\/02\/TKT-03-BK-_white-background.jpg\" \/>\n\t<meta property=\"og:image:width\" content=\"2048\" \/>\n\t<meta property=\"og:image:height\" content=\"2048\" \/>\n\t<meta property=\"og:image:type\" content=\"image\/jpeg\" \/>\n<meta name=\"twitter:card\" content=\"summary_large_image\" \/>\n<script type=\"application\/ld+json\" class=\"yoast-schema-graph\">{\"@context\":\"https:\/\/schema.org\",\"@graph\":[{\"@type\":\"WebPage\",\"@id\":\"https:\/\/legandgo.com\/de\/shop\/faltbarer-lernturm\/verstellbarer-lernturm-modustep\/\",\"url\":\"https:\/\/legandgo.com\/de\/shop\/faltbarer-lernturm\/verstellbarer-lernturm-modustep\/\",\"name\":\"Verstellbarer 2-in-1 Lernturm Modustep f\u00fcr Kinder &#183; leg&amp;go\",\"isPartOf\":{\"@id\":\"https:\/\/legandgo.com\/de\/#website\"},\"primaryImageOfPage\":{\"@id\":\"https:\/\/legandgo.com\/de\/shop\/faltbarer-lernturm\/verstellbarer-lernturm-modustep\/#primaryimage\"},\"image\":{\"@id\":\"https:\/\/legandgo.com\/de\/shop\/faltbarer-lernturm\/verstellbarer-lernturm-modustep\/#primaryimage\"},\"thumbnailUrl\":\"https:\/\/legandgo.com\/wp-content\/uploads\/2026\/02\/TKT-03-BK-_white-background.jpg\",\"datePublished\":\"2026-02-16T15:02:38+00:00\",\"dateModified\":\"2026-03-05T15:46:38+00:00\",\"description\":\"Verstellbarer Lernturm, der sich in Tisch und Stuhl f\u00fcr Kleinkinder verwandeln l\u00e4sst. H\u00f6henverstellbares 2-in-1 Design aus Holz f\u00fcr sicheres Mithelfen in der K\u00fcche, Spielen und Lernen.\",\"breadcrumb\":{\"@id\":\"https:\/\/legandgo.com\/de\/shop\/faltbarer-lernturm\/verstellbarer-lernturm-modustep\/#breadcrumb\"},\"inLanguage\":\"de-DE\",\"potentialAction\":[{\"@type\":\"ReadAction\",\"target\":[\"https:\/\/legandgo.com\/de\/shop\/faltbarer-lernturm\/verstellbarer-lernturm-modustep\/\"]}]},{\"@type\":\"ImageObject\",\"inLanguage\":\"de-DE\",\"@id\":\"https:\/\/legandgo.com\/de\/shop\/faltbarer-lernturm\/verstellbarer-lernturm-modustep\/#primaryimage\",\"url\":\"https:\/\/legandgo.com\/wp-content\/uploads\/2026\/02\/TKT-03-BK-_white-background.jpg\",\"contentUrl\":\"https:\/\/legandgo.com\/wp-content\/uploads\/2026\/02\/TKT-03-BK-_white-background.jpg\",\"width\":2048,\"height\":2048,\"caption\":\"Verstellbarer Lernturm Modustep auf wei\u00dfem Hintergrund\"},{\"@type\":\"BreadcrumbList\",\"@id\":\"https:\/\/legandgo.com\/de\/shop\/faltbarer-lernturm\/verstellbarer-lernturm-modustep\/#breadcrumb\",\"itemListElement\":[{\"@type\":\"ListItem\",\"position\":1,\"name\":\"Home\",\"item\":\"https:\/\/legandgo.com\/de\/\"},{\"@type\":\"ListItem\",\"position\":2,\"name\":\"Shop\",\"item\":\"https:\/\/legandgo.com\/de\/shop\/\"},{\"@type\":\"ListItem\",\"position\":3,\"name\":\"Verstellbarer Lernturm Modustep\"}]},{\"@type\":\"WebSite\",\"@id\":\"https:\/\/legandgo.com\/de\/#website\",\"url\":\"https:\/\/legandgo.com\/de\/\",\"name\":\"leg&amp;go\",\"description\":\"\",\"publisher\":{\"@id\":\"https:\/\/legandgo.com\/de\/#organization\"},\"potentialAction\":[{\"@type\":\"SearchAction\",\"target\":{\"@type\":\"EntryPoint\",\"urlTemplate\":\"https:\/\/legandgo.com\/de\/?s={search_term_string}\"},\"query-input\":{\"@type\":\"PropertyValueSpecification\",\"valueRequired\":true,\"valueName\":\"search_term_string\"}}],\"inLanguage\":\"de-DE\"},{\"@type\":\"Organization\",\"@id\":\"https:\/\/legandgo.com\/de\/#organization\",\"name\":\"leg&go bike\",\"url\":\"https:\/\/legandgo.com\/de\/\",\"logo\":{\"@type\":\"ImageObject\",\"inLanguage\":\"de-DE\",\"@id\":\"https:\/\/legandgo.com\/de\/#\/schema\/logo\/image\/\",\"url\":\"https:\/\/legandgo.com\/wp-content\/uploads\/2021\/03\/logorf.png\",\"contentUrl\":\"https:\/\/legandgo.com\/wp-content\/uploads\/2021\/03\/logorf.png\",\"width\":675,\"height\":216,\"caption\":\"leg&go bike\"},\"image\":{\"@id\":\"https:\/\/legandgo.com\/de\/#\/schema\/logo\/image\/\"},\"sameAs\":[\"https:\/\/www.facebook.com\/legandgo\",\"https:\/\/www.instagram.com\/legandgo\/\",\"https:\/\/www.linkedin.com\/company\/legandgo\/\",\"https:\/\/www.pinterest.com\/legandgo\/\",\"https:\/\/www.youtube.com\/channel\/UC_FBzWPmKWE0g7fcR4Xdfuw\/\"]}]}<\/script>\n<!-- \/ Yoast SEO plugin. -->","yoast_head_json":{"title":"Verstellbarer 2-in-1 Lernturm Modustep f\u00fcr Kinder &#183; leg&amp;go","description":"Verstellbarer Lernturm, der sich in Tisch und Stuhl f\u00fcr Kleinkinder verwandeln l\u00e4sst. H\u00f6henverstellbares 2-in-1 Design aus Holz f\u00fcr sicheres Mithelfen in der K\u00fcche, Spielen und Lernen.","robots":{"index":"index","follow":"follow","max-snippet":"max-snippet:-1","max-image-preview":"max-image-preview:large","max-video-preview":"max-video-preview:-1"},"canonical":"https:\/\/legandgo.com\/de\/shop\/faltbarer-lernturm\/verstellbarer-lernturm-modustep\/","og_locale":"de_DE","og_type":"article","og_title":"Verstellbarer 2-in-1 Lernturm Modustep f\u00fcr Kinder &#183; leg&amp;go","og_description":"Verstellbarer Lernturm, der sich in Tisch und Stuhl f\u00fcr Kleinkinder verwandeln l\u00e4sst. H\u00f6henverstellbares 2-in-1 Design aus Holz f\u00fcr sicheres Mithelfen in der K\u00fcche, Spielen und Lernen.","og_url":"https:\/\/legandgo.com\/de\/shop\/faltbarer-lernturm\/verstellbarer-lernturm-modustep\/","og_site_name":"leg&amp;go","article_publisher":"https:\/\/www.facebook.com\/legandgo","article_modified_time":"2026-03-05T15:46:38+00:00","og_image":[{"width":2048,"height":2048,"url":"https:\/\/legandgo.com\/wp-content\/uploads\/2026\/02\/TKT-03-BK-_white-background.jpg","type":"image\/jpeg"}],"twitter_card":"summary_large_image","schema":{"@context":"https:\/\/schema.org","@graph":[{"@type":"WebPage","@id":"https:\/\/legandgo.com\/de\/shop\/faltbarer-lernturm\/verstellbarer-lernturm-modustep\/","url":"https:\/\/legandgo.com\/de\/shop\/faltbarer-lernturm\/verstellbarer-lernturm-modustep\/","name":"Verstellbarer 2-in-1 Lernturm Modustep f\u00fcr Kinder &#183; leg&amp;go","isPartOf":{"@id":"https:\/\/legandgo.com\/de\/#website"},"primaryImageOfPage":{"@id":"https:\/\/legandgo.com\/de\/shop\/faltbarer-lernturm\/verstellbarer-lernturm-modustep\/#primaryimage"},"image":{"@id":"https:\/\/legandgo.com\/de\/shop\/faltbarer-lernturm\/verstellbarer-lernturm-modustep\/#primaryimage"},"thumbnailUrl":"https:\/\/legandgo.com\/wp-content\/uploads\/2026\/02\/TKT-03-BK-_white-background.jpg","datePublished":"2026-02-16T15:02:38+00:00","dateModified":"2026-03-05T15:46:38+00:00","description":"Verstellbarer Lernturm, der sich in Tisch und Stuhl f\u00fcr Kleinkinder verwandeln l\u00e4sst. H\u00f6henverstellbares 2-in-1 Design aus Holz f\u00fcr sicheres Mithelfen in der K\u00fcche, Spielen und Lernen.","breadcrumb":{"@id":"https:\/\/legandgo.com\/de\/shop\/faltbarer-lernturm\/verstellbarer-lernturm-modustep\/#breadcrumb"},"inLanguage":"de-DE","potentialAction":[{"@type":"ReadAction","target":["https:\/\/legandgo.com\/de\/shop\/faltbarer-lernturm\/verstellbarer-lernturm-modustep\/"]}]},{"@type":"ImageObject","inLanguage":"de-DE","@id":"https:\/\/legandgo.com\/de\/shop\/faltbarer-lernturm\/verstellbarer-lernturm-modustep\/#primaryimage","url":"https:\/\/legandgo.com\/wp-content\/uploads\/2026\/02\/TKT-03-BK-_white-background.jpg","contentUrl":"https:\/\/legandgo.com\/wp-content\/uploads\/2026\/02\/TKT-03-BK-_white-background.jpg","width":2048,"height":2048,"caption":"Verstellbarer Lernturm Modustep auf wei\u00dfem Hintergrund"},{"@type":"BreadcrumbList","@id":"https:\/\/legandgo.com\/de\/shop\/faltbarer-lernturm\/verstellbarer-lernturm-modustep\/#breadcrumb","itemListElement":[{"@type":"ListItem","position":1,"name":"Home","item":"https:\/\/legandgo.com\/de\/"},{"@type":"ListItem","position":2,"name":"Shop","item":"https:\/\/legandgo.com\/de\/shop\/"},{"@type":"ListItem","position":3,"name":"Verstellbarer Lernturm Modustep"}]},{"@type":"WebSite","@id":"https:\/\/legandgo.com\/de\/#website","url":"https:\/\/legandgo.com\/de\/","name":"leg&amp;go","description":"","publisher":{"@id":"https:\/\/legandgo.com\/de\/#organization"},"potentialAction":[{"@type":"SearchAction","target":{"@type":"EntryPoint","urlTemplate":"https:\/\/legandgo.com\/de\/?s={search_term_string}"},"query-input":{"@type":"PropertyValueSpecification","valueRequired":true,"valueName":"search_term_string"}}],"inLanguage":"de-DE"},{"@type":"Organization","@id":"https:\/\/legandgo.com\/de\/#organization","name":"leg&go bike","url":"https:\/\/legandgo.com\/de\/","logo":{"@type":"ImageObject","inLanguage":"de-DE","@id":"https:\/\/legandgo.com\/de\/#\/schema\/logo\/image\/","url":"https:\/\/legandgo.com\/wp-content\/uploads\/2021\/03\/logorf.png","contentUrl":"https:\/\/legandgo.com\/wp-content\/uploads\/2021\/03\/logorf.png","width":675,"height":216,"caption":"leg&go bike"},"image":{"@id":"https:\/\/legandgo.com\/de\/#\/schema\/logo\/image\/"},"sameAs":["https:\/\/www.facebook.com\/legandgo","https:\/\/www.instagram.com\/legandgo\/","https:\/\/www.linkedin.com\/company\/legandgo\/","https:\/\/www.pinterest.com\/legandgo\/","https:\/\/www.youtube.com\/channel\/UC_FBzWPmKWE0g7fcR4Xdfuw\/"]}]}},"_links":{"self":[{"href":"https:\/\/legandgo.com\/de\/wp-json\/wp\/v2\/product\/52051","targetHints":{"allow":["GET"]}}],"collection":[{"href":"https:\/\/legandgo.com\/de\/wp-json\/wp\/v2\/product"}],"about":[{"href":"https:\/\/legandgo.com\/de\/wp-json\/wp\/v2\/types\/product"}],"replies":[{"embeddable":true,"href":"https:\/\/legandgo.com\/de\/wp-json\/wp\/v2\/comments?post=52051"}],"version-history":[{"count":7,"href":"https:\/\/legandgo.com\/de\/wp-json\/wp\/v2\/product\/52051\/revisions"}],"predecessor-version":[{"id":53603,"href":"https:\/\/legandgo.com\/de\/wp-json\/wp\/v2\/product\/52051\/revisions\/53603"}],"wp:featuredmedia":[{"embeddable":true,"href":"https:\/\/legandgo.com\/de\/wp-json\/wp\/v2\/media\/51886"}],"wp:attachment":[{"href":"https:\/\/legandgo.com\/de\/wp-json\/wp\/v2\/media?parent=52051"}],"wp:term":[{"taxonomy":"product_brand","embeddable":true,"href":"https:\/\/legandgo.com\/de\/wp-json\/wp\/v2\/product_brand?post=52051"},{"taxonomy":"product_cat","embeddable":true,"href":"https:\/\/legandgo.com\/de\/wp-json\/wp\/v2\/product_cat?post=52051"},{"taxonomy":"product_tag","embeddable":true,"href":"https:\/\/legandgo.com\/de\/wp-json\/wp\/v2\/product_tag?post=52051"}],"curies":[{"name":"wp","href":"https:\/\/api.w.org\/{rel}","templated":true}]}}