{"id":52573,"date":"2026-02-19T11:12:06","date_gmt":"2026-02-19T09:12:06","guid":{"rendered":"https:\/\/legandgo.com\/shop\/unkategorisiert\/ballebad-spielballe-500-stuck\/"},"modified":"2026-02-19T13:13:10","modified_gmt":"2026-02-19T11:13:10","slug":"ballebad-spielballe-500-stuck","status":"publish","type":"product","link":"https:\/\/legandgo.com\/de\/shop\/softbausteine\/ballebad-spielballe-500-stuck\/","title":{"rendered":"B\u00e4llebad Spielb\u00e4lle (500 St\u00fcck)"},"content":{"rendered":"<p>Schaffen Sie das perfekte Soft-Play-Erlebnis mit unserem 500er-Ballset.<\/p>\n<p>Diese weichen und zugleich robusten Kunststoffb\u00e4lle sind ideal, um das B\u00e4llebad Ihres Kindes perfekt zu f\u00fcllen und jeden Raum in einen sicheren und anregenden Spielbereich zu verwandeln.<\/p>\n<p><strong>Entdecken Sie unten mehr.<\/strong> <\/p>\n","protected":false},"excerpt":{"rendered":"<p>Schaffen Sie das perfekte Soft-Play-Erlebnis mit unserem 500er-Ballset. Diese weichen und zugleich robusten Kunststoffb\u00e4lle sind ideal, um das B\u00e4llebad Ihres Kindes perfekt zu f\u00fcllen und jeden Raum in einen sicheren und anregenden Spielbereich zu verwandeln. Entdecken Sie unten mehr.<\/p>\n","protected":false},"featured_media":52498,"comment_status":"closed","ping_status":"closed","template":"","meta":{"_acf_changed":false,"inline_featured_image":false,"footnotes":""},"product_brand":[],"product_cat":[1319,555],"product_tag":[],"class_list":{"0":"post-52573","1":"product","2":"type-product","3":"status-publish","4":"has-post-thumbnail","6":"product_cat-kategorie-spielzeug","7":"product_cat-softbausteine","8":"product_shipping_class-soft-blocks-de","10":"first","11":"outofstock","12":"purchasable","13":"product-type-variable"},"bundled_by":[],"bundle_stock_status":"outofstock","bundle_stock_quantity":null,"bundle_virtual":false,"bundle_layout":"","bundle_add_to_cart_form_location":"","bundle_editable_in_cart":false,"bundle_sold_individually_context":"","bundle_item_grouping":"","bundle_min_size":"","bundle_max_size":"","bundle_price":[],"bundled_items":[],"bundle_sell_ids":[],"acf":[],"yoast_head":"<!-- This site is optimized with the Yoast SEO plugin v25.9 - https:\/\/yoast.com\/wordpress\/plugins\/seo\/ -->\n<title>B\u00e4llebad Spielb\u00e4lle (500 St\u00fcck) f\u00fcr Kinder<\/title>\n<meta name=\"description\" content=\"Set mit 500 weichen B\u00e4llebad Spielb\u00e4llen. Sicher, langlebig und ideal zum Bef\u00fcllen von B\u00e4lleb\u00e4dern oder f\u00fcr einen stilvollen sensorischen Spielbereich.\" \/>\n<meta name=\"robots\" content=\"index, follow, max-snippet:-1, max-image-preview:large, max-video-preview:-1\" \/>\n<link rel=\"canonical\" href=\"https:\/\/legandgo.com\/de\/shop\/softbausteine\/ballebad-spielballe-500-stuck\/\" \/>\n<meta property=\"og:locale\" content=\"de_DE\" \/>\n<meta property=\"og:type\" content=\"article\" \/>\n<meta property=\"og:title\" content=\"B\u00e4llebad Spielb\u00e4lle (500 St\u00fcck) f\u00fcr Kinder\" \/>\n<meta property=\"og:description\" content=\"Set mit 500 weichen B\u00e4llebad Spielb\u00e4llen. Sicher, langlebig und ideal zum Bef\u00fcllen von B\u00e4lleb\u00e4dern oder f\u00fcr einen stilvollen sensorischen Spielbereich.\" \/>\n<meta property=\"og:url\" content=\"https:\/\/legandgo.com\/de\/shop\/softbausteine\/ballebad-spielballe-500-stuck\/\" \/>\n<meta property=\"og:site_name\" content=\"leg&amp;go\" \/>\n<meta property=\"article:publisher\" content=\"https:\/\/www.facebook.com\/legandgo\" \/>\n<meta property=\"article:modified_time\" content=\"2026-02-19T11:13:10+00:00\" \/>\n<meta property=\"og:image\" content=\"https:\/\/legandgo.com\/wp-content\/uploads\/2026\/02\/White-soft-ball-set-1.jpg\" \/>\n\t<meta property=\"og:image:width\" content=\"2048\" \/>\n\t<meta property=\"og:image:height\" content=\"2048\" \/>\n\t<meta property=\"og:image:type\" content=\"image\/jpeg\" \/>\n<meta name=\"twitter:card\" content=\"summary_large_image\" \/>\n<script type=\"application\/ld+json\" class=\"yoast-schema-graph\">{\"@context\":\"https:\/\/schema.org\",\"@graph\":[{\"@type\":\"WebPage\",\"@id\":\"https:\/\/legandgo.com\/de\/shop\/softbausteine\/ballebad-spielballe-500-stuck\/\",\"url\":\"https:\/\/legandgo.com\/de\/shop\/softbausteine\/ballebad-spielballe-500-stuck\/\",\"name\":\"B\u00e4llebad Spielb\u00e4lle (500 St\u00fcck) f\u00fcr Kinder\",\"isPartOf\":{\"@id\":\"https:\/\/legandgo.com\/de\/#website\"},\"primaryImageOfPage\":{\"@id\":\"https:\/\/legandgo.com\/de\/shop\/softbausteine\/ballebad-spielballe-500-stuck\/#primaryimage\"},\"image\":{\"@id\":\"https:\/\/legandgo.com\/de\/shop\/softbausteine\/ballebad-spielballe-500-stuck\/#primaryimage\"},\"thumbnailUrl\":\"https:\/\/legandgo.com\/wp-content\/uploads\/2026\/02\/White-soft-ball-set-1.jpg\",\"datePublished\":\"2026-02-19T09:12:06+00:00\",\"dateModified\":\"2026-02-19T11:13:10+00:00\",\"description\":\"Set mit 500 weichen B\u00e4llebad Spielb\u00e4llen. Sicher, langlebig und ideal zum Bef\u00fcllen von B\u00e4lleb\u00e4dern oder f\u00fcr einen stilvollen sensorischen Spielbereich.\",\"breadcrumb\":{\"@id\":\"https:\/\/legandgo.com\/de\/shop\/softbausteine\/ballebad-spielballe-500-stuck\/#breadcrumb\"},\"inLanguage\":\"de-DE\",\"potentialAction\":[{\"@type\":\"ReadAction\",\"target\":[\"https:\/\/legandgo.com\/de\/shop\/softbausteine\/ballebad-spielballe-500-stuck\/\"]}]},{\"@type\":\"ImageObject\",\"inLanguage\":\"de-DE\",\"@id\":\"https:\/\/legandgo.com\/de\/shop\/softbausteine\/ballebad-spielballe-500-stuck\/#primaryimage\",\"url\":\"https:\/\/legandgo.com\/wp-content\/uploads\/2026\/02\/White-soft-ball-set-1.jpg\",\"contentUrl\":\"https:\/\/legandgo.com\/wp-content\/uploads\/2026\/02\/White-soft-ball-set-1.jpg\",\"width\":2048,\"height\":2048},{\"@type\":\"BreadcrumbList\",\"@id\":\"https:\/\/legandgo.com\/de\/shop\/softbausteine\/ballebad-spielballe-500-stuck\/#breadcrumb\",\"itemListElement\":[{\"@type\":\"ListItem\",\"position\":1,\"name\":\"Home\",\"item\":\"https:\/\/legandgo.com\/de\/\"},{\"@type\":\"ListItem\",\"position\":2,\"name\":\"Shop\",\"item\":\"https:\/\/legandgo.com\/de\/shop\/\"},{\"@type\":\"ListItem\",\"position\":3,\"name\":\"B\u00e4llebad Spielb\u00e4lle (500 St\u00fcck)\"}]},{\"@type\":\"WebSite\",\"@id\":\"https:\/\/legandgo.com\/de\/#website\",\"url\":\"https:\/\/legandgo.com\/de\/\",\"name\":\"leg&amp;go\",\"description\":\"\",\"publisher\":{\"@id\":\"https:\/\/legandgo.com\/de\/#organization\"},\"potentialAction\":[{\"@type\":\"SearchAction\",\"target\":{\"@type\":\"EntryPoint\",\"urlTemplate\":\"https:\/\/legandgo.com\/de\/?s={search_term_string}\"},\"query-input\":{\"@type\":\"PropertyValueSpecification\",\"valueRequired\":true,\"valueName\":\"search_term_string\"}}],\"inLanguage\":\"de-DE\"},{\"@type\":\"Organization\",\"@id\":\"https:\/\/legandgo.com\/de\/#organization\",\"name\":\"leg&go bike\",\"url\":\"https:\/\/legandgo.com\/de\/\",\"logo\":{\"@type\":\"ImageObject\",\"inLanguage\":\"de-DE\",\"@id\":\"https:\/\/legandgo.com\/de\/#\/schema\/logo\/image\/\",\"url\":\"https:\/\/legandgo.com\/wp-content\/uploads\/2021\/03\/logorf.png\",\"contentUrl\":\"https:\/\/legandgo.com\/wp-content\/uploads\/2021\/03\/logorf.png\",\"width\":675,\"height\":216,\"caption\":\"leg&go bike\"},\"image\":{\"@id\":\"https:\/\/legandgo.com\/de\/#\/schema\/logo\/image\/\"},\"sameAs\":[\"https:\/\/www.facebook.com\/legandgo\",\"https:\/\/www.instagram.com\/legandgo\/\",\"https:\/\/www.linkedin.com\/company\/legandgo\/\",\"https:\/\/www.pinterest.com\/legandgo\/\",\"https:\/\/www.youtube.com\/channel\/UC_FBzWPmKWE0g7fcR4Xdfuw\/\"]}]}<\/script>\n<!-- \/ Yoast SEO plugin. -->","yoast_head_json":{"title":"B\u00e4llebad Spielb\u00e4lle (500 St\u00fcck) f\u00fcr Kinder","description":"Set mit 500 weichen B\u00e4llebad Spielb\u00e4llen. Sicher, langlebig und ideal zum Bef\u00fcllen von B\u00e4lleb\u00e4dern oder f\u00fcr einen stilvollen sensorischen Spielbereich.","robots":{"index":"index","follow":"follow","max-snippet":"max-snippet:-1","max-image-preview":"max-image-preview:large","max-video-preview":"max-video-preview:-1"},"canonical":"https:\/\/legandgo.com\/de\/shop\/softbausteine\/ballebad-spielballe-500-stuck\/","og_locale":"de_DE","og_type":"article","og_title":"B\u00e4llebad Spielb\u00e4lle (500 St\u00fcck) f\u00fcr Kinder","og_description":"Set mit 500 weichen B\u00e4llebad Spielb\u00e4llen. Sicher, langlebig und ideal zum Bef\u00fcllen von B\u00e4lleb\u00e4dern oder f\u00fcr einen stilvollen sensorischen Spielbereich.","og_url":"https:\/\/legandgo.com\/de\/shop\/softbausteine\/ballebad-spielballe-500-stuck\/","og_site_name":"leg&amp;go","article_publisher":"https:\/\/www.facebook.com\/legandgo","article_modified_time":"2026-02-19T11:13:10+00:00","og_image":[{"width":2048,"height":2048,"url":"https:\/\/legandgo.com\/wp-content\/uploads\/2026\/02\/White-soft-ball-set-1.jpg","type":"image\/jpeg"}],"twitter_card":"summary_large_image","schema":{"@context":"https:\/\/schema.org","@graph":[{"@type":"WebPage","@id":"https:\/\/legandgo.com\/de\/shop\/softbausteine\/ballebad-spielballe-500-stuck\/","url":"https:\/\/legandgo.com\/de\/shop\/softbausteine\/ballebad-spielballe-500-stuck\/","name":"B\u00e4llebad Spielb\u00e4lle (500 St\u00fcck) f\u00fcr Kinder","isPartOf":{"@id":"https:\/\/legandgo.com\/de\/#website"},"primaryImageOfPage":{"@id":"https:\/\/legandgo.com\/de\/shop\/softbausteine\/ballebad-spielballe-500-stuck\/#primaryimage"},"image":{"@id":"https:\/\/legandgo.com\/de\/shop\/softbausteine\/ballebad-spielballe-500-stuck\/#primaryimage"},"thumbnailUrl":"https:\/\/legandgo.com\/wp-content\/uploads\/2026\/02\/White-soft-ball-set-1.jpg","datePublished":"2026-02-19T09:12:06+00:00","dateModified":"2026-02-19T11:13:10+00:00","description":"Set mit 500 weichen B\u00e4llebad Spielb\u00e4llen. Sicher, langlebig und ideal zum Bef\u00fcllen von B\u00e4lleb\u00e4dern oder f\u00fcr einen stilvollen sensorischen Spielbereich.","breadcrumb":{"@id":"https:\/\/legandgo.com\/de\/shop\/softbausteine\/ballebad-spielballe-500-stuck\/#breadcrumb"},"inLanguage":"de-DE","potentialAction":[{"@type":"ReadAction","target":["https:\/\/legandgo.com\/de\/shop\/softbausteine\/ballebad-spielballe-500-stuck\/"]}]},{"@type":"ImageObject","inLanguage":"de-DE","@id":"https:\/\/legandgo.com\/de\/shop\/softbausteine\/ballebad-spielballe-500-stuck\/#primaryimage","url":"https:\/\/legandgo.com\/wp-content\/uploads\/2026\/02\/White-soft-ball-set-1.jpg","contentUrl":"https:\/\/legandgo.com\/wp-content\/uploads\/2026\/02\/White-soft-ball-set-1.jpg","width":2048,"height":2048},{"@type":"BreadcrumbList","@id":"https:\/\/legandgo.com\/de\/shop\/softbausteine\/ballebad-spielballe-500-stuck\/#breadcrumb","itemListElement":[{"@type":"ListItem","position":1,"name":"Home","item":"https:\/\/legandgo.com\/de\/"},{"@type":"ListItem","position":2,"name":"Shop","item":"https:\/\/legandgo.com\/de\/shop\/"},{"@type":"ListItem","position":3,"name":"B\u00e4llebad Spielb\u00e4lle (500 St\u00fcck)"}]},{"@type":"WebSite","@id":"https:\/\/legandgo.com\/de\/#website","url":"https:\/\/legandgo.com\/de\/","name":"leg&amp;go","description":"","publisher":{"@id":"https:\/\/legandgo.com\/de\/#organization"},"potentialAction":[{"@type":"SearchAction","target":{"@type":"EntryPoint","urlTemplate":"https:\/\/legandgo.com\/de\/?s={search_term_string}"},"query-input":{"@type":"PropertyValueSpecification","valueRequired":true,"valueName":"search_term_string"}}],"inLanguage":"de-DE"},{"@type":"Organization","@id":"https:\/\/legandgo.com\/de\/#organization","name":"leg&go bike","url":"https:\/\/legandgo.com\/de\/","logo":{"@type":"ImageObject","inLanguage":"de-DE","@id":"https:\/\/legandgo.com\/de\/#\/schema\/logo\/image\/","url":"https:\/\/legandgo.com\/wp-content\/uploads\/2021\/03\/logorf.png","contentUrl":"https:\/\/legandgo.com\/wp-content\/uploads\/2021\/03\/logorf.png","width":675,"height":216,"caption":"leg&go bike"},"image":{"@id":"https:\/\/legandgo.com\/de\/#\/schema\/logo\/image\/"},"sameAs":["https:\/\/www.facebook.com\/legandgo","https:\/\/www.instagram.com\/legandgo\/","https:\/\/www.linkedin.com\/company\/legandgo\/","https:\/\/www.pinterest.com\/legandgo\/","https:\/\/www.youtube.com\/channel\/UC_FBzWPmKWE0g7fcR4Xdfuw\/"]}]}},"_links":{"self":[{"href":"https:\/\/legandgo.com\/de\/wp-json\/wp\/v2\/product\/52573","targetHints":{"allow":["GET"]}}],"collection":[{"href":"https:\/\/legandgo.com\/de\/wp-json\/wp\/v2\/product"}],"about":[{"href":"https:\/\/legandgo.com\/de\/wp-json\/wp\/v2\/types\/product"}],"replies":[{"embeddable":true,"href":"https:\/\/legandgo.com\/de\/wp-json\/wp\/v2\/comments?post=52573"}],"version-history":[{"count":3,"href":"https:\/\/legandgo.com\/de\/wp-json\/wp\/v2\/product\/52573\/revisions"}],"predecessor-version":[{"id":52591,"href":"https:\/\/legandgo.com\/de\/wp-json\/wp\/v2\/product\/52573\/revisions\/52591"}],"wp:featuredmedia":[{"embeddable":true,"href":"https:\/\/legandgo.com\/de\/wp-json\/wp\/v2\/media\/52498"}],"wp:attachment":[{"href":"https:\/\/legandgo.com\/de\/wp-json\/wp\/v2\/media?parent=52573"}],"wp:term":[{"taxonomy":"product_brand","embeddable":true,"href":"https:\/\/legandgo.com\/de\/wp-json\/wp\/v2\/product_brand?post=52573"},{"taxonomy":"product_cat","embeddable":true,"href":"https:\/\/legandgo.com\/de\/wp-json\/wp\/v2\/product_cat?post=52573"},{"taxonomy":"product_tag","embeddable":true,"href":"https:\/\/legandgo.com\/de\/wp-json\/wp\/v2\/product_tag?post=52573"}],"curies":[{"name":"wp","href":"https:\/\/api.w.org\/{rel}","templated":true}]}}