{"id":52771,"date":"2026-02-20T09:48:33","date_gmt":"2026-02-20T07:48:33","guid":{"rendered":"https:\/\/legandgo.com\/shop\/unkategorisiert\/ballebad-aus-schaumstoff-mit-500-spielballen-komplettset\/"},"modified":"2026-02-20T12:03:38","modified_gmt":"2026-02-20T10:03:38","slug":"ballebad-aus-schaumstoff-mit-500-spielballen-komplettset","status":"publish","type":"product","link":"https:\/\/legandgo.com\/de\/shop\/softbausteine\/ballebad-aus-schaumstoff-mit-500-spielballen-komplettset\/","title":{"rendered":"B\u00e4llebad aus Schaumstoff mit 500 Spielb\u00e4llen &#8211; Komplettset"},"content":{"rendered":"<p>Ein Kinder-B\u00e4llebad, das durch Anregen der Sinne f\u00fcr Tasten, Sehen und K\u00f6rperbewusstsein die sensorische Entwicklung von Kindern unterst\u00fctzt.<\/p>\n<p>Konzipiert f\u00fcr 500 B\u00e4lle, um ein einzigartiges und aufregendes Spielerlebnis f\u00fcr Babys, Kleinkinder und \u00e4ltere Kinder zu schaffen.<\/p>\n<p>Das B\u00e4llebad ist f\u00fcr Kinder ab 1 Jahr geeignet. Die niedrigen Seitenw\u00e4nde erm\u00f6glichen es Ihrem Baby, selbstst\u00e4ndig hineinzuklettern<strong>.<\/p>\n<p>Entdecken Sie unten mehr<\/strong>.<\/p>\n","protected":false},"excerpt":{"rendered":"<p>Ein Kinder-B\u00e4llebad, das durch Anregen der Sinne f\u00fcr Tasten, Sehen und K\u00f6rperbewusstsein die sensorische Entwicklung von Kindern unterst\u00fctzt. Konzipiert f\u00fcr 500 B\u00e4lle, um ein einzigartiges und aufregendes Spielerlebnis f\u00fcr Babys, Kleinkinder und \u00e4ltere Kinder zu schaffen. Das B\u00e4llebad ist f\u00fcr Kinder ab 1 Jahr geeignet. Die niedrigen Seitenw\u00e4nde erm\u00f6glichen es Ihrem Baby, selbstst\u00e4ndig hineinzuklettern. Entdecken<a class=\"excerpt-read-more\" href=\"https:\/\/legandgo.com\/de\/shop\/softbausteine\/ballebad-aus-schaumstoff-mit-500-spielballen-komplettset\/\" title=\"ReadB\u00e4llebad aus Schaumstoff mit 500 Spielb\u00e4llen &#8211; Komplettset\">&#8230; Read more &raquo;<\/a><\/p>\n","protected":false},"featured_media":52736,"comment_status":"closed","ping_status":"closed","template":"","meta":{"_acf_changed":false,"inline_featured_image":false,"footnotes":""},"product_brand":[],"product_cat":[1319,555],"product_tag":[],"class_list":{"0":"post-52771","1":"product","2":"type-product","3":"status-publish","4":"has-post-thumbnail","6":"product_cat-kategorie-spielzeug","7":"product_cat-softbausteine","8":"product_shipping_class-soft-blocks-de","10":"first","11":"instock","12":"purchasable","13":"product-type-woosb"},"bundled_by":[],"bundle_stock_status":"instock","bundle_stock_quantity":null,"bundle_virtual":false,"bundle_layout":"","bundle_add_to_cart_form_location":"","bundle_editable_in_cart":false,"bundle_sold_individually_context":"","bundle_item_grouping":"","bundle_min_size":"","bundle_max_size":"","bundle_price":[],"bundled_items":[],"bundle_sell_ids":[],"acf":[],"yoast_head":"<!-- This site is optimized with the Yoast SEO plugin v25.9 - https:\/\/yoast.com\/wordpress\/plugins\/seo\/ -->\n<title>B\u00e4llebad aus Schaumstoff mit 500 Spielb\u00e4llen - Komplettset<\/title>\n<meta name=\"description\" content=\"Komplettes B\u00e4llebad-Set mit 500 Spielb\u00e4llen. Sicherer Indoor-Spielbereich f\u00fcr Kinder mit F\u00f6rderung von Spielspa\u00df und sensorischer Entwicklung.\" \/>\n<meta name=\"robots\" content=\"index, follow, max-snippet:-1, max-image-preview:large, max-video-preview:-1\" \/>\n<link rel=\"canonical\" href=\"https:\/\/legandgo.com\/de\/shop\/softbausteine\/ballebad-aus-schaumstoff-mit-500-spielballen-komplettset\/\" \/>\n<meta property=\"og:locale\" content=\"de_DE\" \/>\n<meta property=\"og:type\" content=\"article\" \/>\n<meta property=\"og:title\" content=\"B\u00e4llebad aus Schaumstoff mit 500 Spielb\u00e4llen - Komplettset\" \/>\n<meta property=\"og:description\" content=\"Komplettes B\u00e4llebad-Set mit 500 Spielb\u00e4llen. Sicherer Indoor-Spielbereich f\u00fcr Kinder mit F\u00f6rderung von Spielspa\u00df und sensorischer Entwicklung.\" \/>\n<meta property=\"og:url\" content=\"https:\/\/legandgo.com\/de\/shop\/softbausteine\/ballebad-aus-schaumstoff-mit-500-spielballen-komplettset\/\" \/>\n<meta property=\"og:site_name\" content=\"leg&amp;go\" \/>\n<meta property=\"article:publisher\" content=\"https:\/\/www.facebook.com\/legandgo\" \/>\n<meta property=\"article:modified_time\" content=\"2026-02-20T10:03:38+00:00\" \/>\n<meta property=\"og:image\" content=\"https:\/\/legandgo.com\/wp-content\/uploads\/2026\/02\/white-ball-pit-with-balls.webp\" \/>\n\t<meta property=\"og:image:width\" content=\"1024\" \/>\n\t<meta property=\"og:image:height\" content=\"1024\" \/>\n\t<meta property=\"og:image:type\" content=\"image\/webp\" \/>\n<meta name=\"twitter:card\" content=\"summary_large_image\" \/>\n<script type=\"application\/ld+json\" class=\"yoast-schema-graph\">{\"@context\":\"https:\/\/schema.org\",\"@graph\":[{\"@type\":\"WebPage\",\"@id\":\"https:\/\/legandgo.com\/de\/shop\/softbausteine\/ballebad-aus-schaumstoff-mit-500-spielballen-komplettset\/\",\"url\":\"https:\/\/legandgo.com\/de\/shop\/softbausteine\/ballebad-aus-schaumstoff-mit-500-spielballen-komplettset\/\",\"name\":\"B\u00e4llebad aus Schaumstoff mit 500 Spielb\u00e4llen - Komplettset\",\"isPartOf\":{\"@id\":\"https:\/\/legandgo.com\/de\/#website\"},\"primaryImageOfPage\":{\"@id\":\"https:\/\/legandgo.com\/de\/shop\/softbausteine\/ballebad-aus-schaumstoff-mit-500-spielballen-komplettset\/#primaryimage\"},\"image\":{\"@id\":\"https:\/\/legandgo.com\/de\/shop\/softbausteine\/ballebad-aus-schaumstoff-mit-500-spielballen-komplettset\/#primaryimage\"},\"thumbnailUrl\":\"https:\/\/legandgo.com\/wp-content\/uploads\/2026\/02\/white-ball-pit-with-balls.webp\",\"datePublished\":\"2026-02-20T07:48:33+00:00\",\"dateModified\":\"2026-02-20T10:03:38+00:00\",\"description\":\"Komplettes B\u00e4llebad-Set mit 500 Spielb\u00e4llen. Sicherer Indoor-Spielbereich f\u00fcr Kinder mit F\u00f6rderung von Spielspa\u00df und sensorischer Entwicklung.\",\"breadcrumb\":{\"@id\":\"https:\/\/legandgo.com\/de\/shop\/softbausteine\/ballebad-aus-schaumstoff-mit-500-spielballen-komplettset\/#breadcrumb\"},\"inLanguage\":\"de-DE\",\"potentialAction\":[{\"@type\":\"ReadAction\",\"target\":[\"https:\/\/legandgo.com\/de\/shop\/softbausteine\/ballebad-aus-schaumstoff-mit-500-spielballen-komplettset\/\"]}]},{\"@type\":\"ImageObject\",\"inLanguage\":\"de-DE\",\"@id\":\"https:\/\/legandgo.com\/de\/shop\/softbausteine\/ballebad-aus-schaumstoff-mit-500-spielballen-komplettset\/#primaryimage\",\"url\":\"https:\/\/legandgo.com\/wp-content\/uploads\/2026\/02\/white-ball-pit-with-balls.webp\",\"contentUrl\":\"https:\/\/legandgo.com\/wp-content\/uploads\/2026\/02\/white-ball-pit-with-balls.webp\",\"width\":1024,\"height\":1024,\"caption\":\"Soft Play B\u00e4llebad mit 500 Spielb\u00e4llen inklusive\"},{\"@type\":\"BreadcrumbList\",\"@id\":\"https:\/\/legandgo.com\/de\/shop\/softbausteine\/ballebad-aus-schaumstoff-mit-500-spielballen-komplettset\/#breadcrumb\",\"itemListElement\":[{\"@type\":\"ListItem\",\"position\":1,\"name\":\"Home\",\"item\":\"https:\/\/legandgo.com\/de\/\"},{\"@type\":\"ListItem\",\"position\":2,\"name\":\"Shop\",\"item\":\"https:\/\/legandgo.com\/de\/shop\/\"},{\"@type\":\"ListItem\",\"position\":3,\"name\":\"B\u00e4llebad aus Schaumstoff mit 500 Spielb\u00e4llen &#8211; Komplettset\"}]},{\"@type\":\"WebSite\",\"@id\":\"https:\/\/legandgo.com\/de\/#website\",\"url\":\"https:\/\/legandgo.com\/de\/\",\"name\":\"leg&amp;go\",\"description\":\"\",\"publisher\":{\"@id\":\"https:\/\/legandgo.com\/de\/#organization\"},\"potentialAction\":[{\"@type\":\"SearchAction\",\"target\":{\"@type\":\"EntryPoint\",\"urlTemplate\":\"https:\/\/legandgo.com\/de\/?s={search_term_string}\"},\"query-input\":{\"@type\":\"PropertyValueSpecification\",\"valueRequired\":true,\"valueName\":\"search_term_string\"}}],\"inLanguage\":\"de-DE\"},{\"@type\":\"Organization\",\"@id\":\"https:\/\/legandgo.com\/de\/#organization\",\"name\":\"leg&go bike\",\"url\":\"https:\/\/legandgo.com\/de\/\",\"logo\":{\"@type\":\"ImageObject\",\"inLanguage\":\"de-DE\",\"@id\":\"https:\/\/legandgo.com\/de\/#\/schema\/logo\/image\/\",\"url\":\"https:\/\/legandgo.com\/wp-content\/uploads\/2021\/03\/logorf.png\",\"contentUrl\":\"https:\/\/legandgo.com\/wp-content\/uploads\/2021\/03\/logorf.png\",\"width\":675,\"height\":216,\"caption\":\"leg&go bike\"},\"image\":{\"@id\":\"https:\/\/legandgo.com\/de\/#\/schema\/logo\/image\/\"},\"sameAs\":[\"https:\/\/www.facebook.com\/legandgo\",\"https:\/\/www.instagram.com\/legandgo\/\",\"https:\/\/www.linkedin.com\/company\/legandgo\/\",\"https:\/\/www.pinterest.com\/legandgo\/\",\"https:\/\/www.youtube.com\/channel\/UC_FBzWPmKWE0g7fcR4Xdfuw\/\"]}]}<\/script>\n<!-- \/ Yoast SEO plugin. -->","yoast_head_json":{"title":"B\u00e4llebad aus Schaumstoff mit 500 Spielb\u00e4llen - Komplettset","description":"Komplettes B\u00e4llebad-Set mit 500 Spielb\u00e4llen. Sicherer Indoor-Spielbereich f\u00fcr Kinder mit F\u00f6rderung von Spielspa\u00df und sensorischer Entwicklung.","robots":{"index":"index","follow":"follow","max-snippet":"max-snippet:-1","max-image-preview":"max-image-preview:large","max-video-preview":"max-video-preview:-1"},"canonical":"https:\/\/legandgo.com\/de\/shop\/softbausteine\/ballebad-aus-schaumstoff-mit-500-spielballen-komplettset\/","og_locale":"de_DE","og_type":"article","og_title":"B\u00e4llebad aus Schaumstoff mit 500 Spielb\u00e4llen - Komplettset","og_description":"Komplettes B\u00e4llebad-Set mit 500 Spielb\u00e4llen. Sicherer Indoor-Spielbereich f\u00fcr Kinder mit F\u00f6rderung von Spielspa\u00df und sensorischer Entwicklung.","og_url":"https:\/\/legandgo.com\/de\/shop\/softbausteine\/ballebad-aus-schaumstoff-mit-500-spielballen-komplettset\/","og_site_name":"leg&amp;go","article_publisher":"https:\/\/www.facebook.com\/legandgo","article_modified_time":"2026-02-20T10:03:38+00:00","og_image":[{"width":1024,"height":1024,"url":"https:\/\/legandgo.com\/wp-content\/uploads\/2026\/02\/white-ball-pit-with-balls.webp","type":"image\/webp"}],"twitter_card":"summary_large_image","schema":{"@context":"https:\/\/schema.org","@graph":[{"@type":"WebPage","@id":"https:\/\/legandgo.com\/de\/shop\/softbausteine\/ballebad-aus-schaumstoff-mit-500-spielballen-komplettset\/","url":"https:\/\/legandgo.com\/de\/shop\/softbausteine\/ballebad-aus-schaumstoff-mit-500-spielballen-komplettset\/","name":"B\u00e4llebad aus Schaumstoff mit 500 Spielb\u00e4llen - Komplettset","isPartOf":{"@id":"https:\/\/legandgo.com\/de\/#website"},"primaryImageOfPage":{"@id":"https:\/\/legandgo.com\/de\/shop\/softbausteine\/ballebad-aus-schaumstoff-mit-500-spielballen-komplettset\/#primaryimage"},"image":{"@id":"https:\/\/legandgo.com\/de\/shop\/softbausteine\/ballebad-aus-schaumstoff-mit-500-spielballen-komplettset\/#primaryimage"},"thumbnailUrl":"https:\/\/legandgo.com\/wp-content\/uploads\/2026\/02\/white-ball-pit-with-balls.webp","datePublished":"2026-02-20T07:48:33+00:00","dateModified":"2026-02-20T10:03:38+00:00","description":"Komplettes B\u00e4llebad-Set mit 500 Spielb\u00e4llen. Sicherer Indoor-Spielbereich f\u00fcr Kinder mit F\u00f6rderung von Spielspa\u00df und sensorischer Entwicklung.","breadcrumb":{"@id":"https:\/\/legandgo.com\/de\/shop\/softbausteine\/ballebad-aus-schaumstoff-mit-500-spielballen-komplettset\/#breadcrumb"},"inLanguage":"de-DE","potentialAction":[{"@type":"ReadAction","target":["https:\/\/legandgo.com\/de\/shop\/softbausteine\/ballebad-aus-schaumstoff-mit-500-spielballen-komplettset\/"]}]},{"@type":"ImageObject","inLanguage":"de-DE","@id":"https:\/\/legandgo.com\/de\/shop\/softbausteine\/ballebad-aus-schaumstoff-mit-500-spielballen-komplettset\/#primaryimage","url":"https:\/\/legandgo.com\/wp-content\/uploads\/2026\/02\/white-ball-pit-with-balls.webp","contentUrl":"https:\/\/legandgo.com\/wp-content\/uploads\/2026\/02\/white-ball-pit-with-balls.webp","width":1024,"height":1024,"caption":"Soft Play B\u00e4llebad mit 500 Spielb\u00e4llen inklusive"},{"@type":"BreadcrumbList","@id":"https:\/\/legandgo.com\/de\/shop\/softbausteine\/ballebad-aus-schaumstoff-mit-500-spielballen-komplettset\/#breadcrumb","itemListElement":[{"@type":"ListItem","position":1,"name":"Home","item":"https:\/\/legandgo.com\/de\/"},{"@type":"ListItem","position":2,"name":"Shop","item":"https:\/\/legandgo.com\/de\/shop\/"},{"@type":"ListItem","position":3,"name":"B\u00e4llebad aus Schaumstoff mit 500 Spielb\u00e4llen &#8211; Komplettset"}]},{"@type":"WebSite","@id":"https:\/\/legandgo.com\/de\/#website","url":"https:\/\/legandgo.com\/de\/","name":"leg&amp;go","description":"","publisher":{"@id":"https:\/\/legandgo.com\/de\/#organization"},"potentialAction":[{"@type":"SearchAction","target":{"@type":"EntryPoint","urlTemplate":"https:\/\/legandgo.com\/de\/?s={search_term_string}"},"query-input":{"@type":"PropertyValueSpecification","valueRequired":true,"valueName":"search_term_string"}}],"inLanguage":"de-DE"},{"@type":"Organization","@id":"https:\/\/legandgo.com\/de\/#organization","name":"leg&go bike","url":"https:\/\/legandgo.com\/de\/","logo":{"@type":"ImageObject","inLanguage":"de-DE","@id":"https:\/\/legandgo.com\/de\/#\/schema\/logo\/image\/","url":"https:\/\/legandgo.com\/wp-content\/uploads\/2021\/03\/logorf.png","contentUrl":"https:\/\/legandgo.com\/wp-content\/uploads\/2021\/03\/logorf.png","width":675,"height":216,"caption":"leg&go bike"},"image":{"@id":"https:\/\/legandgo.com\/de\/#\/schema\/logo\/image\/"},"sameAs":["https:\/\/www.facebook.com\/legandgo","https:\/\/www.instagram.com\/legandgo\/","https:\/\/www.linkedin.com\/company\/legandgo\/","https:\/\/www.pinterest.com\/legandgo\/","https:\/\/www.youtube.com\/channel\/UC_FBzWPmKWE0g7fcR4Xdfuw\/"]}]}},"_links":{"self":[{"href":"https:\/\/legandgo.com\/de\/wp-json\/wp\/v2\/product\/52771","targetHints":{"allow":["GET"]}}],"collection":[{"href":"https:\/\/legandgo.com\/de\/wp-json\/wp\/v2\/product"}],"about":[{"href":"https:\/\/legandgo.com\/de\/wp-json\/wp\/v2\/types\/product"}],"replies":[{"embeddable":true,"href":"https:\/\/legandgo.com\/de\/wp-json\/wp\/v2\/comments?post=52771"}],"version-history":[{"count":3,"href":"https:\/\/legandgo.com\/de\/wp-json\/wp\/v2\/product\/52771\/revisions"}],"predecessor-version":[{"id":52772,"href":"https:\/\/legandgo.com\/de\/wp-json\/wp\/v2\/product\/52771\/revisions\/52772"}],"wp:featuredmedia":[{"embeddable":true,"href":"https:\/\/legandgo.com\/de\/wp-json\/wp\/v2\/media\/52736"}],"wp:attachment":[{"href":"https:\/\/legandgo.com\/de\/wp-json\/wp\/v2\/media?parent=52771"}],"wp:term":[{"taxonomy":"product_brand","embeddable":true,"href":"https:\/\/legandgo.com\/de\/wp-json\/wp\/v2\/product_brand?post=52771"},{"taxonomy":"product_cat","embeddable":true,"href":"https:\/\/legandgo.com\/de\/wp-json\/wp\/v2\/product_cat?post=52771"},{"taxonomy":"product_tag","embeddable":true,"href":"https:\/\/legandgo.com\/de\/wp-json\/wp\/v2\/product_tag?post=52771"}],"curies":[{"name":"wp","href":"https:\/\/api.w.org\/{rel}","templated":true}]}}