{"id":53274,"date":"2026-02-23T16:45:33","date_gmt":"2026-02-23T14:45:33","guid":{"rendered":"https:\/\/legandgo.com\/shop\/unkategorisiert\/verstellbarer-lernturm-modustep-fuetterungsstuhl-set\/"},"modified":"2026-03-05T17:46:29","modified_gmt":"2026-03-05T15:46:29","slug":"verstellbarer-lernturm-modustep-fuetterungsstuhl-set","status":"publish","type":"product","link":"https:\/\/legandgo.com\/de\/shop\/faltbarer-lernturm\/verstellbarer-lernturm-modustep-fuetterungsstuhl-set\/","title":{"rendered":"Verstellbarer Lernturm Modustep &amp; F\u00fctterungsstuhl Set"},"content":{"rendered":"<p>Der Verstellbare Lernturm Modustep ist ein multifunktionaler Lernturm, der als All-in-One-L\u00f6sung f\u00fcr den t\u00e4glichen Gebrauch konzipiert wurde. Von stehenden Aktivit\u00e4ten und Tischspielen bis hin zu Mahlzeiten und kreativen Momenten mit optionalem Zubeh\u00f6r passt er sich flexibel an das Wachstum Ihres Kindes an \u2013 und ersetzt so mehrere separate M\u00f6belst\u00fccke.<\/p>\n<p>Entdecken Sie unten weitere Funktionen.<\/p>\n","protected":false},"excerpt":{"rendered":"<p>Der Verstellbare Lernturm Modustep ist ein multifunktionaler Lernturm, der als All-in-One-L\u00f6sung f\u00fcr den t\u00e4glichen Gebrauch konzipiert wurde. Von stehenden Aktivit\u00e4ten und Tischspielen bis hin zu Mahlzeiten und kreativen Momenten mit optionalem Zubeh\u00f6r passt er sich flexibel an das Wachstum Ihres Kindes an \u2013 und ersetzt so mehrere separate M\u00f6belst\u00fccke. Entdecken Sie unten weitere Funktionen.<\/p>\n","protected":false},"featured_media":53229,"comment_status":"closed","ping_status":"closed","template":"","meta":{"_acf_changed":false,"inline_featured_image":false,"footnotes":""},"product_brand":[],"product_cat":[1315,246],"product_tag":[882,883,1741,1740,1727,1719,1723,1715,1711,874,887,884],"class_list":{"0":"post-53274","1":"product","2":"type-product","3":"status-publish","4":"has-post-thumbnail","6":"product_cat-mobel","7":"product_cat-faltbarer-lernturm","8":"product_tag-faltbarer-lernturm","9":"product_tag-faltbarer-lernturm-de","10":"product_tag-faltbarer-turm-fur-kleinkinder","11":"product_tag-hilfsturm","12":"product_tag-leg-go-2","13":"product_tag-leg-and-go","14":"product_tag-leg-go","15":"product_tag-leggo","16":"product_tag-legandgo","17":"product_tag-lernturm","18":"product_tag-lernturm-faltbar","19":"product_tag-zusammenklappbarer-lernturm","20":"product_shipping_class-learning-tower-shipping-de","22":"first","23":"instock","24":"purchasable","25":"product-type-woosb"},"bundled_by":[],"bundle_stock_status":"instock","bundle_stock_quantity":null,"bundle_virtual":false,"bundle_layout":"","bundle_add_to_cart_form_location":"","bundle_editable_in_cart":false,"bundle_sold_individually_context":"","bundle_item_grouping":"","bundle_min_size":"","bundle_max_size":"","bundle_price":[],"bundled_items":[],"bundle_sell_ids":[],"acf":[],"yoast_head":"<!-- This site is optimized with the Yoast SEO plugin v25.9 - https:\/\/yoast.com\/wordpress\/plugins\/seo\/ -->\n<title>Verstellbarer Lernturm Modustep &amp; F\u00fctterungsstuhl Set &#183; leg&amp;go<\/title>\n<meta name=\"description\" content=\"Verstellbarer Lernturm mit Hochstuhl-Kombination f\u00fcr Kleinkinder. Ideal f\u00fcr K\u00fcchenhilfe, Essen und Spielen, mit optionalem F\u00fctterungsstuhl und Tablett.\" \/>\n<meta name=\"robots\" content=\"index, follow, max-snippet:-1, max-image-preview:large, max-video-preview:-1\" \/>\n<link rel=\"canonical\" href=\"https:\/\/legandgo.com\/de\/shop\/faltbarer-lernturm\/verstellbarer-lernturm-modustep-fuetterungsstuhl-set\/\" \/>\n<meta property=\"og:locale\" content=\"de_DE\" \/>\n<meta property=\"og:type\" content=\"article\" \/>\n<meta property=\"og:title\" content=\"Verstellbarer Lernturm Modustep &amp; F\u00fctterungsstuhl Set &#183; leg&amp;go\" \/>\n<meta property=\"og:description\" content=\"Verstellbarer Lernturm mit Hochstuhl-Kombination f\u00fcr Kleinkinder. Ideal f\u00fcr K\u00fcchenhilfe, Essen und Spielen, mit optionalem F\u00fctterungsstuhl und Tablett.\" \/>\n<meta property=\"og:url\" content=\"https:\/\/legandgo.com\/de\/shop\/faltbarer-lernturm\/verstellbarer-lernturm-modustep-fuetterungsstuhl-set\/\" \/>\n<meta property=\"og:site_name\" content=\"leg&amp;go\" \/>\n<meta property=\"article:publisher\" content=\"https:\/\/www.facebook.com\/legandgo\" \/>\n<meta property=\"article:modified_time\" content=\"2026-03-05T15:46:29+00:00\" \/>\n<meta property=\"og:image\" content=\"https:\/\/legandgo.com\/wp-content\/uploads\/2026\/02\/Transformable-Kitchen-Tower-Modustep-combo-1.jpg\" \/>\n\t<meta property=\"og:image:width\" content=\"2048\" \/>\n\t<meta property=\"og:image:height\" content=\"2048\" \/>\n\t<meta property=\"og:image:type\" content=\"image\/jpeg\" \/>\n<meta name=\"twitter:card\" content=\"summary_large_image\" \/>\n<script type=\"application\/ld+json\" class=\"yoast-schema-graph\">{\"@context\":\"https:\/\/schema.org\",\"@graph\":[{\"@type\":\"WebPage\",\"@id\":\"https:\/\/legandgo.com\/de\/shop\/faltbarer-lernturm\/verstellbarer-lernturm-modustep-fuetterungsstuhl-set\/\",\"url\":\"https:\/\/legandgo.com\/de\/shop\/faltbarer-lernturm\/verstellbarer-lernturm-modustep-fuetterungsstuhl-set\/\",\"name\":\"Verstellbarer Lernturm Modustep &amp; F\u00fctterungsstuhl Set &#183; leg&amp;go\",\"isPartOf\":{\"@id\":\"https:\/\/legandgo.com\/de\/#website\"},\"primaryImageOfPage\":{\"@id\":\"https:\/\/legandgo.com\/de\/shop\/faltbarer-lernturm\/verstellbarer-lernturm-modustep-fuetterungsstuhl-set\/#primaryimage\"},\"image\":{\"@id\":\"https:\/\/legandgo.com\/de\/shop\/faltbarer-lernturm\/verstellbarer-lernturm-modustep-fuetterungsstuhl-set\/#primaryimage\"},\"thumbnailUrl\":\"https:\/\/legandgo.com\/wp-content\/uploads\/2026\/02\/Transformable-Kitchen-Tower-Modustep-combo-1.jpg\",\"datePublished\":\"2026-02-23T14:45:33+00:00\",\"dateModified\":\"2026-03-05T15:46:29+00:00\",\"description\":\"Verstellbarer Lernturm mit Hochstuhl-Kombination f\u00fcr Kleinkinder. Ideal f\u00fcr K\u00fcchenhilfe, Essen und Spielen, mit optionalem F\u00fctterungsstuhl und Tablett.\",\"breadcrumb\":{\"@id\":\"https:\/\/legandgo.com\/de\/shop\/faltbarer-lernturm\/verstellbarer-lernturm-modustep-fuetterungsstuhl-set\/#breadcrumb\"},\"inLanguage\":\"de-DE\",\"potentialAction\":[{\"@type\":\"ReadAction\",\"target\":[\"https:\/\/legandgo.com\/de\/shop\/faltbarer-lernturm\/verstellbarer-lernturm-modustep-fuetterungsstuhl-set\/\"]}]},{\"@type\":\"ImageObject\",\"inLanguage\":\"de-DE\",\"@id\":\"https:\/\/legandgo.com\/de\/shop\/faltbarer-lernturm\/verstellbarer-lernturm-modustep-fuetterungsstuhl-set\/#primaryimage\",\"url\":\"https:\/\/legandgo.com\/wp-content\/uploads\/2026\/02\/Transformable-Kitchen-Tower-Modustep-combo-1.jpg\",\"contentUrl\":\"https:\/\/legandgo.com\/wp-content\/uploads\/2026\/02\/Transformable-Kitchen-Tower-Modustep-combo-1.jpg\",\"width\":2048,\"height\":2048},{\"@type\":\"BreadcrumbList\",\"@id\":\"https:\/\/legandgo.com\/de\/shop\/faltbarer-lernturm\/verstellbarer-lernturm-modustep-fuetterungsstuhl-set\/#breadcrumb\",\"itemListElement\":[{\"@type\":\"ListItem\",\"position\":1,\"name\":\"Home\",\"item\":\"https:\/\/legandgo.com\/de\/\"},{\"@type\":\"ListItem\",\"position\":2,\"name\":\"Shop\",\"item\":\"https:\/\/legandgo.com\/de\/shop\/\"},{\"@type\":\"ListItem\",\"position\":3,\"name\":\"Verstellbarer Lernturm Modustep &amp; F\u00fctterungsstuhl Set\"}]},{\"@type\":\"WebSite\",\"@id\":\"https:\/\/legandgo.com\/de\/#website\",\"url\":\"https:\/\/legandgo.com\/de\/\",\"name\":\"leg&amp;go\",\"description\":\"\",\"publisher\":{\"@id\":\"https:\/\/legandgo.com\/de\/#organization\"},\"potentialAction\":[{\"@type\":\"SearchAction\",\"target\":{\"@type\":\"EntryPoint\",\"urlTemplate\":\"https:\/\/legandgo.com\/de\/?s={search_term_string}\"},\"query-input\":{\"@type\":\"PropertyValueSpecification\",\"valueRequired\":true,\"valueName\":\"search_term_string\"}}],\"inLanguage\":\"de-DE\"},{\"@type\":\"Organization\",\"@id\":\"https:\/\/legandgo.com\/de\/#organization\",\"name\":\"leg&go bike\",\"url\":\"https:\/\/legandgo.com\/de\/\",\"logo\":{\"@type\":\"ImageObject\",\"inLanguage\":\"de-DE\",\"@id\":\"https:\/\/legandgo.com\/de\/#\/schema\/logo\/image\/\",\"url\":\"https:\/\/legandgo.com\/wp-content\/uploads\/2021\/03\/logorf.png\",\"contentUrl\":\"https:\/\/legandgo.com\/wp-content\/uploads\/2021\/03\/logorf.png\",\"width\":675,\"height\":216,\"caption\":\"leg&go bike\"},\"image\":{\"@id\":\"https:\/\/legandgo.com\/de\/#\/schema\/logo\/image\/\"},\"sameAs\":[\"https:\/\/www.facebook.com\/legandgo\",\"https:\/\/www.instagram.com\/legandgo\/\",\"https:\/\/www.linkedin.com\/company\/legandgo\/\",\"https:\/\/www.pinterest.com\/legandgo\/\",\"https:\/\/www.youtube.com\/channel\/UC_FBzWPmKWE0g7fcR4Xdfuw\/\"]}]}<\/script>\n<!-- \/ Yoast SEO plugin. -->","yoast_head_json":{"title":"Verstellbarer Lernturm Modustep &amp; F\u00fctterungsstuhl Set &#183; leg&amp;go","description":"Verstellbarer Lernturm mit Hochstuhl-Kombination f\u00fcr Kleinkinder. Ideal f\u00fcr K\u00fcchenhilfe, Essen und Spielen, mit optionalem F\u00fctterungsstuhl und Tablett.","robots":{"index":"index","follow":"follow","max-snippet":"max-snippet:-1","max-image-preview":"max-image-preview:large","max-video-preview":"max-video-preview:-1"},"canonical":"https:\/\/legandgo.com\/de\/shop\/faltbarer-lernturm\/verstellbarer-lernturm-modustep-fuetterungsstuhl-set\/","og_locale":"de_DE","og_type":"article","og_title":"Verstellbarer Lernturm Modustep &amp; F\u00fctterungsstuhl Set &#183; leg&amp;go","og_description":"Verstellbarer Lernturm mit Hochstuhl-Kombination f\u00fcr Kleinkinder. Ideal f\u00fcr K\u00fcchenhilfe, Essen und Spielen, mit optionalem F\u00fctterungsstuhl und Tablett.","og_url":"https:\/\/legandgo.com\/de\/shop\/faltbarer-lernturm\/verstellbarer-lernturm-modustep-fuetterungsstuhl-set\/","og_site_name":"leg&amp;go","article_publisher":"https:\/\/www.facebook.com\/legandgo","article_modified_time":"2026-03-05T15:46:29+00:00","og_image":[{"width":2048,"height":2048,"url":"https:\/\/legandgo.com\/wp-content\/uploads\/2026\/02\/Transformable-Kitchen-Tower-Modustep-combo-1.jpg","type":"image\/jpeg"}],"twitter_card":"summary_large_image","schema":{"@context":"https:\/\/schema.org","@graph":[{"@type":"WebPage","@id":"https:\/\/legandgo.com\/de\/shop\/faltbarer-lernturm\/verstellbarer-lernturm-modustep-fuetterungsstuhl-set\/","url":"https:\/\/legandgo.com\/de\/shop\/faltbarer-lernturm\/verstellbarer-lernturm-modustep-fuetterungsstuhl-set\/","name":"Verstellbarer Lernturm Modustep &amp; F\u00fctterungsstuhl Set &#183; leg&amp;go","isPartOf":{"@id":"https:\/\/legandgo.com\/de\/#website"},"primaryImageOfPage":{"@id":"https:\/\/legandgo.com\/de\/shop\/faltbarer-lernturm\/verstellbarer-lernturm-modustep-fuetterungsstuhl-set\/#primaryimage"},"image":{"@id":"https:\/\/legandgo.com\/de\/shop\/faltbarer-lernturm\/verstellbarer-lernturm-modustep-fuetterungsstuhl-set\/#primaryimage"},"thumbnailUrl":"https:\/\/legandgo.com\/wp-content\/uploads\/2026\/02\/Transformable-Kitchen-Tower-Modustep-combo-1.jpg","datePublished":"2026-02-23T14:45:33+00:00","dateModified":"2026-03-05T15:46:29+00:00","description":"Verstellbarer Lernturm mit Hochstuhl-Kombination f\u00fcr Kleinkinder. Ideal f\u00fcr K\u00fcchenhilfe, Essen und Spielen, mit optionalem F\u00fctterungsstuhl und Tablett.","breadcrumb":{"@id":"https:\/\/legandgo.com\/de\/shop\/faltbarer-lernturm\/verstellbarer-lernturm-modustep-fuetterungsstuhl-set\/#breadcrumb"},"inLanguage":"de-DE","potentialAction":[{"@type":"ReadAction","target":["https:\/\/legandgo.com\/de\/shop\/faltbarer-lernturm\/verstellbarer-lernturm-modustep-fuetterungsstuhl-set\/"]}]},{"@type":"ImageObject","inLanguage":"de-DE","@id":"https:\/\/legandgo.com\/de\/shop\/faltbarer-lernturm\/verstellbarer-lernturm-modustep-fuetterungsstuhl-set\/#primaryimage","url":"https:\/\/legandgo.com\/wp-content\/uploads\/2026\/02\/Transformable-Kitchen-Tower-Modustep-combo-1.jpg","contentUrl":"https:\/\/legandgo.com\/wp-content\/uploads\/2026\/02\/Transformable-Kitchen-Tower-Modustep-combo-1.jpg","width":2048,"height":2048},{"@type":"BreadcrumbList","@id":"https:\/\/legandgo.com\/de\/shop\/faltbarer-lernturm\/verstellbarer-lernturm-modustep-fuetterungsstuhl-set\/#breadcrumb","itemListElement":[{"@type":"ListItem","position":1,"name":"Home","item":"https:\/\/legandgo.com\/de\/"},{"@type":"ListItem","position":2,"name":"Shop","item":"https:\/\/legandgo.com\/de\/shop\/"},{"@type":"ListItem","position":3,"name":"Verstellbarer Lernturm Modustep &amp; F\u00fctterungsstuhl Set"}]},{"@type":"WebSite","@id":"https:\/\/legandgo.com\/de\/#website","url":"https:\/\/legandgo.com\/de\/","name":"leg&amp;go","description":"","publisher":{"@id":"https:\/\/legandgo.com\/de\/#organization"},"potentialAction":[{"@type":"SearchAction","target":{"@type":"EntryPoint","urlTemplate":"https:\/\/legandgo.com\/de\/?s={search_term_string}"},"query-input":{"@type":"PropertyValueSpecification","valueRequired":true,"valueName":"search_term_string"}}],"inLanguage":"de-DE"},{"@type":"Organization","@id":"https:\/\/legandgo.com\/de\/#organization","name":"leg&go bike","url":"https:\/\/legandgo.com\/de\/","logo":{"@type":"ImageObject","inLanguage":"de-DE","@id":"https:\/\/legandgo.com\/de\/#\/schema\/logo\/image\/","url":"https:\/\/legandgo.com\/wp-content\/uploads\/2021\/03\/logorf.png","contentUrl":"https:\/\/legandgo.com\/wp-content\/uploads\/2021\/03\/logorf.png","width":675,"height":216,"caption":"leg&go bike"},"image":{"@id":"https:\/\/legandgo.com\/de\/#\/schema\/logo\/image\/"},"sameAs":["https:\/\/www.facebook.com\/legandgo","https:\/\/www.instagram.com\/legandgo\/","https:\/\/www.linkedin.com\/company\/legandgo\/","https:\/\/www.pinterest.com\/legandgo\/","https:\/\/www.youtube.com\/channel\/UC_FBzWPmKWE0g7fcR4Xdfuw\/"]}]}},"_links":{"self":[{"href":"https:\/\/legandgo.com\/de\/wp-json\/wp\/v2\/product\/53274","targetHints":{"allow":["GET"]}}],"collection":[{"href":"https:\/\/legandgo.com\/de\/wp-json\/wp\/v2\/product"}],"about":[{"href":"https:\/\/legandgo.com\/de\/wp-json\/wp\/v2\/types\/product"}],"replies":[{"embeddable":true,"href":"https:\/\/legandgo.com\/de\/wp-json\/wp\/v2\/comments?post=53274"}],"version-history":[{"count":5,"href":"https:\/\/legandgo.com\/de\/wp-json\/wp\/v2\/product\/53274\/revisions"}],"predecessor-version":[{"id":53602,"href":"https:\/\/legandgo.com\/de\/wp-json\/wp\/v2\/product\/53274\/revisions\/53602"}],"wp:featuredmedia":[{"embeddable":true,"href":"https:\/\/legandgo.com\/de\/wp-json\/wp\/v2\/media\/53229"}],"wp:attachment":[{"href":"https:\/\/legandgo.com\/de\/wp-json\/wp\/v2\/media?parent=53274"}],"wp:term":[{"taxonomy":"product_brand","embeddable":true,"href":"https:\/\/legandgo.com\/de\/wp-json\/wp\/v2\/product_brand?post=53274"},{"taxonomy":"product_cat","embeddable":true,"href":"https:\/\/legandgo.com\/de\/wp-json\/wp\/v2\/product_cat?post=53274"},{"taxonomy":"product_tag","embeddable":true,"href":"https:\/\/legandgo.com\/de\/wp-json\/wp\/v2\/product_tag?post=53274"}],"curies":[{"name":"wp","href":"https:\/\/api.w.org\/{rel}","templated":true}]}}