{"id":62616,"date":"2026-03-24T11:14:54","date_gmt":"2026-03-24T09:14:54","guid":{"rendered":"https:\/\/legandgo.com\/shop\/unkategorisiert\/soft-surf-babyrutscher\/"},"modified":"2026-04-17T08:54:49","modified_gmt":"2026-04-17T06:54:49","slug":"soft-surf-babyrutscher","status":"publish","type":"product","link":"https:\/\/legandgo.com\/de\/shop\/softbausteine\/soft-surf-babyrutscher\/","title":{"rendered":"Soft Surf Babyrutscher"},"content":{"rendered":"<p>Der Surf Babyrutscher auf R\u00e4dern ist f\u00fcr Indoor-Spiel, Bewegung und jede Menge Spa\u00df konzipiert.<\/p>\n<p>Dieses Soft-Rutschfahrzeug f\u00fcr den Innenbereich ist mit leichtg\u00e4ngigen, bodenschonenden R\u00e4dern ausgestattet, die den Boden nicht zerkratzen. So k\u00f6nnen Kinder sicher fahren, schieben und sich drinnen bewegen und dabei spielerisch Gleichgewicht, Koordination und motorische F\u00e4higkeiten entwickeln.<\/p>\n<p><strong>Mehr entdecken unten.<\/strong><\/p>\n","protected":false},"excerpt":{"rendered":"<p>Der Surf Babyrutscher auf R\u00e4dern ist f\u00fcr Indoor-Spiel, Bewegung und jede Menge Spa\u00df konzipiert. Dieses Soft-Rutschfahrzeug f\u00fcr den Innenbereich ist mit leichtg\u00e4ngigen, bodenschonenden R\u00e4dern ausgestattet, die den Boden nicht zerkratzen. So k\u00f6nnen Kinder sicher fahren, schieben und sich drinnen bewegen und dabei spielerisch Gleichgewicht, Koordination und motorische F\u00e4higkeiten entwickeln. Mehr entdecken unten.<\/p>\n","protected":false},"featured_media":62400,"comment_status":"closed","ping_status":"closed","template":"","meta":{"_acf_changed":false,"inline_featured_image":false,"footnotes":""},"product_brand":[],"product_cat":[1319,555],"product_tag":[],"class_list":{"0":"post-62616","1":"product","2":"type-product","3":"status-publish","4":"has-post-thumbnail","6":"product_cat-kategorie-spielzeug","7":"product_cat-softbausteine","8":"product_shipping_class-soft-surf-babyrutscher","9":"pa_surf-rider-color-blau","10":"pa_surf-rider-color-grun","11":"pa_surf-rider-color-rosa","12":"pa_surf-rider-color-weis","14":"first","15":"instock","16":"purchasable","17":"product-type-variable"},"bundled_by":[],"bundle_stock_status":"instock","bundle_stock_quantity":null,"bundle_virtual":false,"bundle_layout":"","bundle_add_to_cart_form_location":"","bundle_editable_in_cart":false,"bundle_sold_individually_context":"","bundle_item_grouping":"","bundle_min_size":"","bundle_max_size":"","bundle_price":[],"bundled_items":[],"bundle_sell_ids":[],"acf":[],"yoast_head":"<!-- This site is optimized with the Yoast SEO plugin v25.9 - https:\/\/yoast.com\/wordpress\/plugins\/seo\/ -->\n<title>Soft Surf Babyrutscher mit R\u00e4dern f\u00fcr Kinder<\/title>\n<meta name=\"description\" content=\"Soft Surf Babyrutscher mit R\u00e4dern f\u00fcr Indoor-Spiel. F\u00f6rdert Gleichgewicht, Koordination und Motorik durch sicheres und aktives Spielen zu Hause.\" \/>\n<meta name=\"robots\" content=\"index, follow, max-snippet:-1, max-image-preview:large, max-video-preview:-1\" \/>\n<link rel=\"canonical\" href=\"https:\/\/legandgo.com\/de\/shop\/softbausteine\/soft-surf-babyrutscher\/\" \/>\n<meta property=\"og:locale\" content=\"de_DE\" \/>\n<meta property=\"og:type\" content=\"article\" \/>\n<meta property=\"og:title\" content=\"Soft Surf Babyrutscher mit R\u00e4dern f\u00fcr Kinder\" \/>\n<meta property=\"og:description\" content=\"Soft Surf Babyrutscher mit R\u00e4dern f\u00fcr Indoor-Spiel. F\u00f6rdert Gleichgewicht, Koordination und Motorik durch sicheres und aktives Spielen zu Hause.\" \/>\n<meta property=\"og:url\" content=\"https:\/\/legandgo.com\/de\/shop\/softbausteine\/soft-surf-babyrutscher\/\" \/>\n<meta property=\"og:site_name\" content=\"leg&amp;go\" \/>\n<meta property=\"article:publisher\" content=\"https:\/\/www.facebook.com\/legandgo\" \/>\n<meta property=\"article:modified_time\" content=\"2026-04-17T06:54:49+00:00\" \/>\n<meta property=\"og:image\" content=\"https:\/\/legandgo.com\/wp-content\/uploads\/2026\/03\/soft-rider-blue.jpg\" \/>\n\t<meta property=\"og:image:width\" content=\"2048\" \/>\n\t<meta property=\"og:image:height\" content=\"2048\" \/>\n\t<meta property=\"og:image:type\" content=\"image\/jpeg\" \/>\n<meta name=\"twitter:card\" content=\"summary_large_image\" \/>\n<script type=\"application\/ld+json\" class=\"yoast-schema-graph\">{\"@context\":\"https:\/\/schema.org\",\"@graph\":[{\"@type\":\"WebPage\",\"@id\":\"https:\/\/legandgo.com\/de\/shop\/softbausteine\/soft-surf-babyrutscher\/\",\"url\":\"https:\/\/legandgo.com\/de\/shop\/softbausteine\/soft-surf-babyrutscher\/\",\"name\":\"Soft Surf Babyrutscher mit R\u00e4dern f\u00fcr Kinder\",\"isPartOf\":{\"@id\":\"https:\/\/legandgo.com\/de\/#website\"},\"primaryImageOfPage\":{\"@id\":\"https:\/\/legandgo.com\/de\/shop\/softbausteine\/soft-surf-babyrutscher\/#primaryimage\"},\"image\":{\"@id\":\"https:\/\/legandgo.com\/de\/shop\/softbausteine\/soft-surf-babyrutscher\/#primaryimage\"},\"thumbnailUrl\":\"https:\/\/legandgo.com\/wp-content\/uploads\/2026\/03\/soft-rider-blue.jpg\",\"datePublished\":\"2026-03-24T09:14:54+00:00\",\"dateModified\":\"2026-04-17T06:54:49+00:00\",\"description\":\"Soft Surf Babyrutscher mit R\u00e4dern f\u00fcr Indoor-Spiel. F\u00f6rdert Gleichgewicht, Koordination und Motorik durch sicheres und aktives Spielen zu Hause.\",\"breadcrumb\":{\"@id\":\"https:\/\/legandgo.com\/de\/shop\/softbausteine\/soft-surf-babyrutscher\/#breadcrumb\"},\"inLanguage\":\"de-DE\",\"potentialAction\":[{\"@type\":\"ReadAction\",\"target\":[\"https:\/\/legandgo.com\/de\/shop\/softbausteine\/soft-surf-babyrutscher\/\"]}]},{\"@type\":\"ImageObject\",\"inLanguage\":\"de-DE\",\"@id\":\"https:\/\/legandgo.com\/de\/shop\/softbausteine\/soft-surf-babyrutscher\/#primaryimage\",\"url\":\"https:\/\/legandgo.com\/wp-content\/uploads\/2026\/03\/soft-rider-blue.jpg\",\"contentUrl\":\"https:\/\/legandgo.com\/wp-content\/uploads\/2026\/03\/soft-rider-blue.jpg\",\"width\":2048,\"height\":2048,\"caption\":\"Soft Play Surf Rider auf R\u00e4dern in Blau, weiches Ride-On Balance Spielzeug f\u00fcr Kinder f\u00fcr Indoor-Bewegung und Spiel.\"},{\"@type\":\"BreadcrumbList\",\"@id\":\"https:\/\/legandgo.com\/de\/shop\/softbausteine\/soft-surf-babyrutscher\/#breadcrumb\",\"itemListElement\":[{\"@type\":\"ListItem\",\"position\":1,\"name\":\"Home\",\"item\":\"https:\/\/legandgo.com\/de\/\"},{\"@type\":\"ListItem\",\"position\":2,\"name\":\"Shop\",\"item\":\"https:\/\/legandgo.com\/de\/shop\/\"},{\"@type\":\"ListItem\",\"position\":3,\"name\":\"Soft Surf Babyrutscher\"}]},{\"@type\":\"WebSite\",\"@id\":\"https:\/\/legandgo.com\/de\/#website\",\"url\":\"https:\/\/legandgo.com\/de\/\",\"name\":\"leg&amp;go\",\"description\":\"\",\"publisher\":{\"@id\":\"https:\/\/legandgo.com\/de\/#organization\"},\"potentialAction\":[{\"@type\":\"SearchAction\",\"target\":{\"@type\":\"EntryPoint\",\"urlTemplate\":\"https:\/\/legandgo.com\/de\/?s={search_term_string}\"},\"query-input\":{\"@type\":\"PropertyValueSpecification\",\"valueRequired\":true,\"valueName\":\"search_term_string\"}}],\"inLanguage\":\"de-DE\"},{\"@type\":\"Organization\",\"@id\":\"https:\/\/legandgo.com\/de\/#organization\",\"name\":\"leg&go bike\",\"url\":\"https:\/\/legandgo.com\/de\/\",\"logo\":{\"@type\":\"ImageObject\",\"inLanguage\":\"de-DE\",\"@id\":\"https:\/\/legandgo.com\/de\/#\/schema\/logo\/image\/\",\"url\":\"https:\/\/legandgo.com\/wp-content\/uploads\/2021\/03\/logorf.png\",\"contentUrl\":\"https:\/\/legandgo.com\/wp-content\/uploads\/2021\/03\/logorf.png\",\"width\":675,\"height\":216,\"caption\":\"leg&go bike\"},\"image\":{\"@id\":\"https:\/\/legandgo.com\/de\/#\/schema\/logo\/image\/\"},\"sameAs\":[\"https:\/\/www.facebook.com\/legandgo\",\"https:\/\/www.instagram.com\/legandgo\/\",\"https:\/\/www.linkedin.com\/company\/legandgo\/\",\"https:\/\/www.pinterest.com\/legandgo\/\",\"https:\/\/www.youtube.com\/channel\/UC_FBzWPmKWE0g7fcR4Xdfuw\/\"]}]}<\/script>\n<!-- \/ Yoast SEO plugin. -->","yoast_head_json":{"title":"Soft Surf Babyrutscher mit R\u00e4dern f\u00fcr Kinder","description":"Soft Surf Babyrutscher mit R\u00e4dern f\u00fcr Indoor-Spiel. F\u00f6rdert Gleichgewicht, Koordination und Motorik durch sicheres und aktives Spielen zu Hause.","robots":{"index":"index","follow":"follow","max-snippet":"max-snippet:-1","max-image-preview":"max-image-preview:large","max-video-preview":"max-video-preview:-1"},"canonical":"https:\/\/legandgo.com\/de\/shop\/softbausteine\/soft-surf-babyrutscher\/","og_locale":"de_DE","og_type":"article","og_title":"Soft Surf Babyrutscher mit R\u00e4dern f\u00fcr Kinder","og_description":"Soft Surf Babyrutscher mit R\u00e4dern f\u00fcr Indoor-Spiel. F\u00f6rdert Gleichgewicht, Koordination und Motorik durch sicheres und aktives Spielen zu Hause.","og_url":"https:\/\/legandgo.com\/de\/shop\/softbausteine\/soft-surf-babyrutscher\/","og_site_name":"leg&amp;go","article_publisher":"https:\/\/www.facebook.com\/legandgo","article_modified_time":"2026-04-17T06:54:49+00:00","og_image":[{"width":2048,"height":2048,"url":"https:\/\/legandgo.com\/wp-content\/uploads\/2026\/03\/soft-rider-blue.jpg","type":"image\/jpeg"}],"twitter_card":"summary_large_image","schema":{"@context":"https:\/\/schema.org","@graph":[{"@type":"WebPage","@id":"https:\/\/legandgo.com\/de\/shop\/softbausteine\/soft-surf-babyrutscher\/","url":"https:\/\/legandgo.com\/de\/shop\/softbausteine\/soft-surf-babyrutscher\/","name":"Soft Surf Babyrutscher mit R\u00e4dern f\u00fcr Kinder","isPartOf":{"@id":"https:\/\/legandgo.com\/de\/#website"},"primaryImageOfPage":{"@id":"https:\/\/legandgo.com\/de\/shop\/softbausteine\/soft-surf-babyrutscher\/#primaryimage"},"image":{"@id":"https:\/\/legandgo.com\/de\/shop\/softbausteine\/soft-surf-babyrutscher\/#primaryimage"},"thumbnailUrl":"https:\/\/legandgo.com\/wp-content\/uploads\/2026\/03\/soft-rider-blue.jpg","datePublished":"2026-03-24T09:14:54+00:00","dateModified":"2026-04-17T06:54:49+00:00","description":"Soft Surf Babyrutscher mit R\u00e4dern f\u00fcr Indoor-Spiel. F\u00f6rdert Gleichgewicht, Koordination und Motorik durch sicheres und aktives Spielen zu Hause.","breadcrumb":{"@id":"https:\/\/legandgo.com\/de\/shop\/softbausteine\/soft-surf-babyrutscher\/#breadcrumb"},"inLanguage":"de-DE","potentialAction":[{"@type":"ReadAction","target":["https:\/\/legandgo.com\/de\/shop\/softbausteine\/soft-surf-babyrutscher\/"]}]},{"@type":"ImageObject","inLanguage":"de-DE","@id":"https:\/\/legandgo.com\/de\/shop\/softbausteine\/soft-surf-babyrutscher\/#primaryimage","url":"https:\/\/legandgo.com\/wp-content\/uploads\/2026\/03\/soft-rider-blue.jpg","contentUrl":"https:\/\/legandgo.com\/wp-content\/uploads\/2026\/03\/soft-rider-blue.jpg","width":2048,"height":2048,"caption":"Soft Play Surf Rider auf R\u00e4dern in Blau, weiches Ride-On Balance Spielzeug f\u00fcr Kinder f\u00fcr Indoor-Bewegung und Spiel."},{"@type":"BreadcrumbList","@id":"https:\/\/legandgo.com\/de\/shop\/softbausteine\/soft-surf-babyrutscher\/#breadcrumb","itemListElement":[{"@type":"ListItem","position":1,"name":"Home","item":"https:\/\/legandgo.com\/de\/"},{"@type":"ListItem","position":2,"name":"Shop","item":"https:\/\/legandgo.com\/de\/shop\/"},{"@type":"ListItem","position":3,"name":"Soft Surf Babyrutscher"}]},{"@type":"WebSite","@id":"https:\/\/legandgo.com\/de\/#website","url":"https:\/\/legandgo.com\/de\/","name":"leg&amp;go","description":"","publisher":{"@id":"https:\/\/legandgo.com\/de\/#organization"},"potentialAction":[{"@type":"SearchAction","target":{"@type":"EntryPoint","urlTemplate":"https:\/\/legandgo.com\/de\/?s={search_term_string}"},"query-input":{"@type":"PropertyValueSpecification","valueRequired":true,"valueName":"search_term_string"}}],"inLanguage":"de-DE"},{"@type":"Organization","@id":"https:\/\/legandgo.com\/de\/#organization","name":"leg&go bike","url":"https:\/\/legandgo.com\/de\/","logo":{"@type":"ImageObject","inLanguage":"de-DE","@id":"https:\/\/legandgo.com\/de\/#\/schema\/logo\/image\/","url":"https:\/\/legandgo.com\/wp-content\/uploads\/2021\/03\/logorf.png","contentUrl":"https:\/\/legandgo.com\/wp-content\/uploads\/2021\/03\/logorf.png","width":675,"height":216,"caption":"leg&go bike"},"image":{"@id":"https:\/\/legandgo.com\/de\/#\/schema\/logo\/image\/"},"sameAs":["https:\/\/www.facebook.com\/legandgo","https:\/\/www.instagram.com\/legandgo\/","https:\/\/www.linkedin.com\/company\/legandgo\/","https:\/\/www.pinterest.com\/legandgo\/","https:\/\/www.youtube.com\/channel\/UC_FBzWPmKWE0g7fcR4Xdfuw\/"]}]}},"_links":{"self":[{"href":"https:\/\/legandgo.com\/de\/wp-json\/wp\/v2\/product\/62616","targetHints":{"allow":["GET"]}}],"collection":[{"href":"https:\/\/legandgo.com\/de\/wp-json\/wp\/v2\/product"}],"about":[{"href":"https:\/\/legandgo.com\/de\/wp-json\/wp\/v2\/types\/product"}],"replies":[{"embeddable":true,"href":"https:\/\/legandgo.com\/de\/wp-json\/wp\/v2\/comments?post=62616"}],"version-history":[{"count":2,"href":"https:\/\/legandgo.com\/de\/wp-json\/wp\/v2\/product\/62616\/revisions"}],"predecessor-version":[{"id":62622,"href":"https:\/\/legandgo.com\/de\/wp-json\/wp\/v2\/product\/62616\/revisions\/62622"}],"wp:featuredmedia":[{"embeddable":true,"href":"https:\/\/legandgo.com\/de\/wp-json\/wp\/v2\/media\/62400"}],"wp:attachment":[{"href":"https:\/\/legandgo.com\/de\/wp-json\/wp\/v2\/media?parent=62616"}],"wp:term":[{"taxonomy":"product_brand","embeddable":true,"href":"https:\/\/legandgo.com\/de\/wp-json\/wp\/v2\/product_brand?post=62616"},{"taxonomy":"product_cat","embeddable":true,"href":"https:\/\/legandgo.com\/de\/wp-json\/wp\/v2\/product_cat?post=62616"},{"taxonomy":"product_tag","embeddable":true,"href":"https:\/\/legandgo.com\/de\/wp-json\/wp\/v2\/product_tag?post=62616"}],"curies":[{"name":"wp","href":"https:\/\/api.w.org\/{rel}","templated":true}]}}