{"id":63860,"date":"2026-04-24T18:33:27","date_gmt":"2026-04-24T16:33:27","guid":{"rendered":"https:\/\/legandgo.com\/shop\/unkategorisiert\/elephino-schaukel\/"},"modified":"2026-04-24T18:41:52","modified_gmt":"2026-04-24T16:41:52","slug":"elephino-schaukel","status":"publish","type":"product","link":"https:\/\/legandgo.com\/de\/shop\/toys-de\/elephino-schaukel\/","title":{"rendered":"Elephino Schaukel"},"content":{"rendered":"<p style=\"font-weight: 400;\">Der Elephino Rocker ist ein wundersch\u00f6n gearbeiteter Schaukelstuhl f\u00fcr Babys, der das Gleichgewicht und die Koordination f\u00f6rdert, sobald Ihr Baby sich aufsetzen kann.<\/p>\n<p style=\"font-weight: 400;\">Mit seiner sorgf\u00e4ltig ausgearbeiteten Geometrie und der nat\u00fcrlichen Holzkonstruktion bietet es ein ruhiges, stabiles Schaukelerlebnis, das die fr\u00fche Entwicklung durch intuitive Bewegungen unterst\u00fctzt.<\/p>\n<p style=\"font-weight: 400;\"><strong>Entdecken Sie unten mehr.<\/strong><\/p>\n","protected":false},"excerpt":{"rendered":"<p>Der Elephino Rocker ist ein wundersch\u00f6n gearbeiteter Schaukelstuhl f\u00fcr Babys, der das Gleichgewicht und die Koordination f\u00f6rdert, sobald Ihr Baby sich aufsetzen kann. Mit seiner sorgf\u00e4ltig ausgearbeiteten Geometrie und der nat\u00fcrlichen Holzkonstruktion bietet es ein ruhiges, stabiles Schaukelerlebnis, das die fr\u00fche Entwicklung durch intuitive Bewegungen unterst\u00fctzt. Entdecken Sie unten mehr.<\/p>\n","protected":false},"featured_media":49681,"comment_status":"closed","ping_status":"closed","template":"","meta":{"_acf_changed":false,"inline_featured_image":false,"footnotes":""},"product_brand":[],"product_cat":[1319,56],"product_tag":[1822,1821,1823],"class_list":{"0":"post-63860","1":"product","2":"type-product","3":"status-publish","4":"has-post-thumbnail","6":"product_cat-kategorie-spielzeug","7":"product_cat-toys-de","8":"product_tag-rocking-elephant","9":"product_tag-schaukelstuhl","10":"product_tag-wippe-fur-kleinkinder","11":"product_shipping_class-bike-bundle-shipping-de","12":"pa_color-white-de","13":"pa_color-gray-de","15":"first","16":"instock","17":"sale","18":"purchasable","19":"product-type-variable"},"bundled_by":[],"bundle_stock_status":"instock","bundle_stock_quantity":null,"bundle_virtual":false,"bundle_layout":"","bundle_add_to_cart_form_location":"","bundle_editable_in_cart":false,"bundle_sold_individually_context":"","bundle_item_grouping":"","bundle_min_size":"","bundle_max_size":"","bundle_price":[],"bundled_items":[],"bundle_sell_ids":[],"acf":[],"yoast_head":"<!-- This site is optimized with the Yoast SEO plugin v25.9 - https:\/\/yoast.com\/wordpress\/plugins\/seo\/ -->\n<title>Elephino Schaukel &#183; leg&amp;go<\/title>\n<meta name=\"description\" content=\"Schaukelstuhl f\u00fcr Babys ab 6 Monaten. Das stilvolle Elefanten-Design erm\u00f6glicht es Kindern, das Gleichgewicht zu erlernen, noch bevor sie zu laufen beginnen.\" \/>\n<meta name=\"robots\" content=\"index, follow, max-snippet:-1, max-image-preview:large, max-video-preview:-1\" \/>\n<link rel=\"canonical\" href=\"https:\/\/legandgo.com\/de\/shop\/toys-de\/elephino-schaukel\/\" \/>\n<meta property=\"og:locale\" content=\"de_DE\" \/>\n<meta property=\"og:type\" content=\"article\" \/>\n<meta property=\"og:title\" content=\"Elephino Schaukel &#183; leg&amp;go\" \/>\n<meta property=\"og:description\" content=\"Schaukelstuhl f\u00fcr Babys ab 6 Monaten. Das stilvolle Elefanten-Design erm\u00f6glicht es Kindern, das Gleichgewicht zu erlernen, noch bevor sie zu laufen beginnen.\" \/>\n<meta property=\"og:url\" content=\"https:\/\/legandgo.com\/de\/shop\/toys-de\/elephino-schaukel\/\" \/>\n<meta property=\"og:site_name\" content=\"leg&amp;go\" \/>\n<meta property=\"article:publisher\" content=\"https:\/\/www.facebook.com\/legandgo\" \/>\n<meta property=\"article:modified_time\" content=\"2026-04-24T16:41:52+00:00\" \/>\n<meta property=\"og:image\" content=\"https:\/\/legandgo.com\/wp-content\/uploads\/2020\/08\/legandgo-rocking-elephant-add-on-1.png\" \/>\n\t<meta property=\"og:image:width\" content=\"750\" \/>\n\t<meta property=\"og:image:height\" content=\"550\" \/>\n\t<meta property=\"og:image:type\" content=\"image\/png\" \/>\n<meta name=\"twitter:card\" content=\"summary_large_image\" \/>\n<script type=\"application\/ld+json\" class=\"yoast-schema-graph\">{\"@context\":\"https:\/\/schema.org\",\"@graph\":[{\"@type\":\"WebPage\",\"@id\":\"https:\/\/legandgo.com\/de\/shop\/toys-de\/elephino-schaukel\/\",\"url\":\"https:\/\/legandgo.com\/de\/shop\/toys-de\/elephino-schaukel\/\",\"name\":\"Elephino Schaukel &#183; leg&amp;go\",\"isPartOf\":{\"@id\":\"https:\/\/legandgo.com\/de\/#website\"},\"primaryImageOfPage\":{\"@id\":\"https:\/\/legandgo.com\/de\/shop\/toys-de\/elephino-schaukel\/#primaryimage\"},\"image\":{\"@id\":\"https:\/\/legandgo.com\/de\/shop\/toys-de\/elephino-schaukel\/#primaryimage\"},\"thumbnailUrl\":\"https:\/\/legandgo.com\/wp-content\/uploads\/2020\/08\/legandgo-rocking-elephant-add-on-1.png\",\"datePublished\":\"2026-04-24T16:33:27+00:00\",\"dateModified\":\"2026-04-24T16:41:52+00:00\",\"description\":\"Schaukelstuhl f\u00fcr Babys ab 6 Monaten. Das stilvolle Elefanten-Design erm\u00f6glicht es Kindern, das Gleichgewicht zu erlernen, noch bevor sie zu laufen beginnen.\",\"breadcrumb\":{\"@id\":\"https:\/\/legandgo.com\/de\/shop\/toys-de\/elephino-schaukel\/#breadcrumb\"},\"inLanguage\":\"de-DE\",\"potentialAction\":[{\"@type\":\"ReadAction\",\"target\":[\"https:\/\/legandgo.com\/de\/shop\/toys-de\/elephino-schaukel\/\"]}]},{\"@type\":\"ImageObject\",\"inLanguage\":\"de-DE\",\"@id\":\"https:\/\/legandgo.com\/de\/shop\/toys-de\/elephino-schaukel\/#primaryimage\",\"url\":\"https:\/\/legandgo.com\/wp-content\/uploads\/2020\/08\/legandgo-rocking-elephant-add-on-1.png\",\"contentUrl\":\"https:\/\/legandgo.com\/wp-content\/uploads\/2020\/08\/legandgo-rocking-elephant-add-on-1.png\",\"width\":750,\"height\":550},{\"@type\":\"BreadcrumbList\",\"@id\":\"https:\/\/legandgo.com\/de\/shop\/toys-de\/elephino-schaukel\/#breadcrumb\",\"itemListElement\":[{\"@type\":\"ListItem\",\"position\":1,\"name\":\"Home\",\"item\":\"https:\/\/legandgo.com\/de\/\"},{\"@type\":\"ListItem\",\"position\":2,\"name\":\"Shop\",\"item\":\"https:\/\/legandgo.com\/de\/shop\/\"},{\"@type\":\"ListItem\",\"position\":3,\"name\":\"Elephino Schaukel\"}]},{\"@type\":\"WebSite\",\"@id\":\"https:\/\/legandgo.com\/de\/#website\",\"url\":\"https:\/\/legandgo.com\/de\/\",\"name\":\"leg&amp;go\",\"description\":\"\",\"publisher\":{\"@id\":\"https:\/\/legandgo.com\/de\/#organization\"},\"potentialAction\":[{\"@type\":\"SearchAction\",\"target\":{\"@type\":\"EntryPoint\",\"urlTemplate\":\"https:\/\/legandgo.com\/de\/?s={search_term_string}\"},\"query-input\":{\"@type\":\"PropertyValueSpecification\",\"valueRequired\":true,\"valueName\":\"search_term_string\"}}],\"inLanguage\":\"de-DE\"},{\"@type\":\"Organization\",\"@id\":\"https:\/\/legandgo.com\/de\/#organization\",\"name\":\"leg&go bike\",\"url\":\"https:\/\/legandgo.com\/de\/\",\"logo\":{\"@type\":\"ImageObject\",\"inLanguage\":\"de-DE\",\"@id\":\"https:\/\/legandgo.com\/de\/#\/schema\/logo\/image\/\",\"url\":\"https:\/\/legandgo.com\/wp-content\/uploads\/2021\/03\/logorf.png\",\"contentUrl\":\"https:\/\/legandgo.com\/wp-content\/uploads\/2021\/03\/logorf.png\",\"width\":675,\"height\":216,\"caption\":\"leg&go bike\"},\"image\":{\"@id\":\"https:\/\/legandgo.com\/de\/#\/schema\/logo\/image\/\"},\"sameAs\":[\"https:\/\/www.facebook.com\/legandgo\",\"https:\/\/www.instagram.com\/legandgo\/\",\"https:\/\/www.linkedin.com\/company\/legandgo\/\",\"https:\/\/www.pinterest.com\/legandgo\/\",\"https:\/\/www.youtube.com\/channel\/UC_FBzWPmKWE0g7fcR4Xdfuw\/\"]}]}<\/script>\n<!-- \/ Yoast SEO plugin. -->","yoast_head_json":{"title":"Elephino Schaukel &#183; leg&amp;go","description":"Schaukelstuhl f\u00fcr Babys ab 6 Monaten. Das stilvolle Elefanten-Design erm\u00f6glicht es Kindern, das Gleichgewicht zu erlernen, noch bevor sie zu laufen beginnen.","robots":{"index":"index","follow":"follow","max-snippet":"max-snippet:-1","max-image-preview":"max-image-preview:large","max-video-preview":"max-video-preview:-1"},"canonical":"https:\/\/legandgo.com\/de\/shop\/toys-de\/elephino-schaukel\/","og_locale":"de_DE","og_type":"article","og_title":"Elephino Schaukel &#183; leg&amp;go","og_description":"Schaukelstuhl f\u00fcr Babys ab 6 Monaten. Das stilvolle Elefanten-Design erm\u00f6glicht es Kindern, das Gleichgewicht zu erlernen, noch bevor sie zu laufen beginnen.","og_url":"https:\/\/legandgo.com\/de\/shop\/toys-de\/elephino-schaukel\/","og_site_name":"leg&amp;go","article_publisher":"https:\/\/www.facebook.com\/legandgo","article_modified_time":"2026-04-24T16:41:52+00:00","og_image":[{"width":750,"height":550,"url":"https:\/\/legandgo.com\/wp-content\/uploads\/2020\/08\/legandgo-rocking-elephant-add-on-1.png","type":"image\/png"}],"twitter_card":"summary_large_image","schema":{"@context":"https:\/\/schema.org","@graph":[{"@type":"WebPage","@id":"https:\/\/legandgo.com\/de\/shop\/toys-de\/elephino-schaukel\/","url":"https:\/\/legandgo.com\/de\/shop\/toys-de\/elephino-schaukel\/","name":"Elephino Schaukel &#183; leg&amp;go","isPartOf":{"@id":"https:\/\/legandgo.com\/de\/#website"},"primaryImageOfPage":{"@id":"https:\/\/legandgo.com\/de\/shop\/toys-de\/elephino-schaukel\/#primaryimage"},"image":{"@id":"https:\/\/legandgo.com\/de\/shop\/toys-de\/elephino-schaukel\/#primaryimage"},"thumbnailUrl":"https:\/\/legandgo.com\/wp-content\/uploads\/2020\/08\/legandgo-rocking-elephant-add-on-1.png","datePublished":"2026-04-24T16:33:27+00:00","dateModified":"2026-04-24T16:41:52+00:00","description":"Schaukelstuhl f\u00fcr Babys ab 6 Monaten. Das stilvolle Elefanten-Design erm\u00f6glicht es Kindern, das Gleichgewicht zu erlernen, noch bevor sie zu laufen beginnen.","breadcrumb":{"@id":"https:\/\/legandgo.com\/de\/shop\/toys-de\/elephino-schaukel\/#breadcrumb"},"inLanguage":"de-DE","potentialAction":[{"@type":"ReadAction","target":["https:\/\/legandgo.com\/de\/shop\/toys-de\/elephino-schaukel\/"]}]},{"@type":"ImageObject","inLanguage":"de-DE","@id":"https:\/\/legandgo.com\/de\/shop\/toys-de\/elephino-schaukel\/#primaryimage","url":"https:\/\/legandgo.com\/wp-content\/uploads\/2020\/08\/legandgo-rocking-elephant-add-on-1.png","contentUrl":"https:\/\/legandgo.com\/wp-content\/uploads\/2020\/08\/legandgo-rocking-elephant-add-on-1.png","width":750,"height":550},{"@type":"BreadcrumbList","@id":"https:\/\/legandgo.com\/de\/shop\/toys-de\/elephino-schaukel\/#breadcrumb","itemListElement":[{"@type":"ListItem","position":1,"name":"Home","item":"https:\/\/legandgo.com\/de\/"},{"@type":"ListItem","position":2,"name":"Shop","item":"https:\/\/legandgo.com\/de\/shop\/"},{"@type":"ListItem","position":3,"name":"Elephino Schaukel"}]},{"@type":"WebSite","@id":"https:\/\/legandgo.com\/de\/#website","url":"https:\/\/legandgo.com\/de\/","name":"leg&amp;go","description":"","publisher":{"@id":"https:\/\/legandgo.com\/de\/#organization"},"potentialAction":[{"@type":"SearchAction","target":{"@type":"EntryPoint","urlTemplate":"https:\/\/legandgo.com\/de\/?s={search_term_string}"},"query-input":{"@type":"PropertyValueSpecification","valueRequired":true,"valueName":"search_term_string"}}],"inLanguage":"de-DE"},{"@type":"Organization","@id":"https:\/\/legandgo.com\/de\/#organization","name":"leg&go bike","url":"https:\/\/legandgo.com\/de\/","logo":{"@type":"ImageObject","inLanguage":"de-DE","@id":"https:\/\/legandgo.com\/de\/#\/schema\/logo\/image\/","url":"https:\/\/legandgo.com\/wp-content\/uploads\/2021\/03\/logorf.png","contentUrl":"https:\/\/legandgo.com\/wp-content\/uploads\/2021\/03\/logorf.png","width":675,"height":216,"caption":"leg&go bike"},"image":{"@id":"https:\/\/legandgo.com\/de\/#\/schema\/logo\/image\/"},"sameAs":["https:\/\/www.facebook.com\/legandgo","https:\/\/www.instagram.com\/legandgo\/","https:\/\/www.linkedin.com\/company\/legandgo\/","https:\/\/www.pinterest.com\/legandgo\/","https:\/\/www.youtube.com\/channel\/UC_FBzWPmKWE0g7fcR4Xdfuw\/"]}]}},"_links":{"self":[{"href":"https:\/\/legandgo.com\/de\/wp-json\/wp\/v2\/product\/63860","targetHints":{"allow":["GET"]}}],"collection":[{"href":"https:\/\/legandgo.com\/de\/wp-json\/wp\/v2\/product"}],"about":[{"href":"https:\/\/legandgo.com\/de\/wp-json\/wp\/v2\/types\/product"}],"replies":[{"embeddable":true,"href":"https:\/\/legandgo.com\/de\/wp-json\/wp\/v2\/comments?post=63860"}],"version-history":[{"count":0,"href":"https:\/\/legandgo.com\/de\/wp-json\/wp\/v2\/product\/63860\/revisions"}],"wp:featuredmedia":[{"embeddable":true,"href":"https:\/\/legandgo.com\/de\/wp-json\/wp\/v2\/media\/49681"}],"wp:attachment":[{"href":"https:\/\/legandgo.com\/de\/wp-json\/wp\/v2\/media?parent=63860"}],"wp:term":[{"taxonomy":"product_brand","embeddable":true,"href":"https:\/\/legandgo.com\/de\/wp-json\/wp\/v2\/product_brand?post=63860"},{"taxonomy":"product_cat","embeddable":true,"href":"https:\/\/legandgo.com\/de\/wp-json\/wp\/v2\/product_cat?post=63860"},{"taxonomy":"product_tag","embeddable":true,"href":"https:\/\/legandgo.com\/de\/wp-json\/wp\/v2\/product_tag?post=63860"}],"curies":[{"name":"wp","href":"https:\/\/api.w.org\/{rel}","templated":true}]}}