{"id":66639,"date":"2026-05-07T12:32:05","date_gmt":"2026-05-07T10:32:05","guid":{"rendered":"https:\/\/legandgo.com\/shop\/unkategorisiert\/klappbarer-lernturm-zigzag\/"},"modified":"2026-05-08T08:23:51","modified_gmt":"2026-05-08T06:23:51","slug":"klappbarer-lernturm-zigzag","status":"publish","type":"product","link":"https:\/\/legandgo.com\/de\/shop\/faltbarer-lernturm\/klappbarer-lernturm-zigzag\/","title":{"rendered":"Klappbarer Lernturm ZigZag"},"content":{"rendered":"<p>Der klappbare Lernturm ZigZag wurde entwickelt, um die Selbstst\u00e4ndigkeit Ihres Kindes zu f\u00f6rdern und gleichzeitig den Alltag f\u00fcr Eltern zu erleichtern.<\/p>\n<p>Mit einer integrierten Sicherheitsstange f\u00fcr zus\u00e4tzliche Stabilit\u00e4t und Sicherheit bietet er Eltern ein beruhigendes Gef\u00fchl, w\u00e4hrend Kinder entdecken und aktiv am Alltag teilnehmen.<\/p>\n<p>Das klappbare, platzsparende Design erm\u00f6glicht eine einfache Aufbewahrung, wenn er nicht in Gebrauch ist.<\/p>\n<p><strong>Entdecken Sie unten weitere Funktionen.<\/strong><\/p>\n","protected":false},"excerpt":{"rendered":"<p>Der klappbare Lernturm ZigZag wurde entwickelt, um die Selbstst\u00e4ndigkeit Ihres Kindes zu f\u00f6rdern und gleichzeitig den Alltag f\u00fcr Eltern zu erleichtern. Mit einer integrierten Sicherheitsstange f\u00fcr zus\u00e4tzliche Stabilit\u00e4t und Sicherheit bietet er Eltern ein beruhigendes Gef\u00fchl, w\u00e4hrend Kinder entdecken und aktiv am Alltag teilnehmen. Das klappbare, platzsparende Design erm\u00f6glicht eine einfache Aufbewahrung, wenn er nicht<a class=\"excerpt-read-more\" href=\"https:\/\/legandgo.com\/de\/shop\/faltbarer-lernturm\/klappbarer-lernturm-zigzag\/\" title=\"ReadKlappbarer Lernturm ZigZag\">&#8230; Read more &raquo;<\/a><\/p>\n","protected":false},"featured_media":66421,"comment_status":"closed","ping_status":"closed","template":"","meta":{"_acf_changed":false,"inline_featured_image":false,"footnotes":""},"product_brand":[],"product_cat":[1315,246],"product_tag":[],"class_list":{"0":"post-66639","1":"product","2":"type-product","3":"status-publish","4":"has-post-thumbnail","6":"product_cat-mobel","7":"product_cat-faltbarer-lernturm","8":"product_shipping_class-learning-tower-shipping-de","10":"first","11":"instock","12":"sale","13":"purchasable","14":"product-type-variable","15":"has-default-attributes"},"bundled_by":[],"bundle_stock_status":"instock","bundle_stock_quantity":null,"bundle_virtual":false,"bundle_layout":"","bundle_add_to_cart_form_location":"","bundle_editable_in_cart":false,"bundle_sold_individually_context":"","bundle_item_grouping":"","bundle_min_size":"","bundle_max_size":"","bundle_price":[],"bundled_items":[],"bundle_sell_ids":[],"acf":[],"yoast_head":"<!-- This site is optimized with the Yoast SEO plugin v25.9 - https:\/\/yoast.com\/wordpress\/plugins\/seo\/ -->\n<title>Klappbarer Lernturm ZigZag &#183; leg&amp;go<\/title>\n<meta name=\"description\" content=\"Klappbarer Lernturm mit Sicherheitsstange und kompaktem Design. Erm\u00f6glicht Ihrem Kind, Arbeitsfl\u00e4chen sicher zu erreichen und am Alltag teilzunehmen.\" \/>\n<meta name=\"robots\" content=\"index, follow, max-snippet:-1, max-image-preview:large, max-video-preview:-1\" \/>\n<link rel=\"canonical\" href=\"https:\/\/legandgo.com\/de\/shop\/faltbarer-lernturm\/klappbarer-lernturm-zigzag\/\" \/>\n<meta property=\"og:locale\" content=\"de_DE\" \/>\n<meta property=\"og:type\" content=\"article\" \/>\n<meta property=\"og:title\" content=\"Klappbarer Lernturm ZigZag &#183; leg&amp;go\" \/>\n<meta property=\"og:description\" content=\"Klappbarer Lernturm mit Sicherheitsstange und kompaktem Design. Erm\u00f6glicht Ihrem Kind, Arbeitsfl\u00e4chen sicher zu erreichen und am Alltag teilzunehmen.\" \/>\n<meta property=\"og:url\" content=\"https:\/\/legandgo.com\/de\/shop\/faltbarer-lernturm\/klappbarer-lernturm-zigzag\/\" \/>\n<meta property=\"og:site_name\" content=\"leg&amp;go\" \/>\n<meta property=\"article:publisher\" content=\"https:\/\/www.facebook.com\/legandgo\" \/>\n<meta property=\"article:modified_time\" content=\"2026-05-08T06:23:51+00:00\" \/>\n<meta property=\"og:image\" content=\"https:\/\/legandgo.com\/wp-content\/uploads\/2026\/05\/HTF-05-NT.jpg\" \/>\n\t<meta property=\"og:image:width\" content=\"2048\" \/>\n\t<meta property=\"og:image:height\" content=\"2048\" \/>\n\t<meta property=\"og:image:type\" content=\"image\/jpeg\" \/>\n<meta name=\"twitter:card\" content=\"summary_large_image\" \/>\n<script type=\"application\/ld+json\" class=\"yoast-schema-graph\">{\"@context\":\"https:\/\/schema.org\",\"@graph\":[{\"@type\":\"WebPage\",\"@id\":\"https:\/\/legandgo.com\/de\/shop\/faltbarer-lernturm\/klappbarer-lernturm-zigzag\/\",\"url\":\"https:\/\/legandgo.com\/de\/shop\/faltbarer-lernturm\/klappbarer-lernturm-zigzag\/\",\"name\":\"Klappbarer Lernturm ZigZag &#183; leg&amp;go\",\"isPartOf\":{\"@id\":\"https:\/\/legandgo.com\/de\/#website\"},\"primaryImageOfPage\":{\"@id\":\"https:\/\/legandgo.com\/de\/shop\/faltbarer-lernturm\/klappbarer-lernturm-zigzag\/#primaryimage\"},\"image\":{\"@id\":\"https:\/\/legandgo.com\/de\/shop\/faltbarer-lernturm\/klappbarer-lernturm-zigzag\/#primaryimage\"},\"thumbnailUrl\":\"https:\/\/legandgo.com\/wp-content\/uploads\/2026\/05\/HTF-05-NT.jpg\",\"datePublished\":\"2026-05-07T10:32:05+00:00\",\"dateModified\":\"2026-05-08T06:23:51+00:00\",\"description\":\"Klappbarer Lernturm mit Sicherheitsstange und kompaktem Design. Erm\u00f6glicht Ihrem Kind, Arbeitsfl\u00e4chen sicher zu erreichen und am Alltag teilzunehmen.\",\"breadcrumb\":{\"@id\":\"https:\/\/legandgo.com\/de\/shop\/faltbarer-lernturm\/klappbarer-lernturm-zigzag\/#breadcrumb\"},\"inLanguage\":\"de-DE\",\"potentialAction\":[{\"@type\":\"ReadAction\",\"target\":[\"https:\/\/legandgo.com\/de\/shop\/faltbarer-lernturm\/klappbarer-lernturm-zigzag\/\"]}]},{\"@type\":\"ImageObject\",\"inLanguage\":\"de-DE\",\"@id\":\"https:\/\/legandgo.com\/de\/shop\/faltbarer-lernturm\/klappbarer-lernturm-zigzag\/#primaryimage\",\"url\":\"https:\/\/legandgo.com\/wp-content\/uploads\/2026\/05\/HTF-05-NT.jpg\",\"contentUrl\":\"https:\/\/legandgo.com\/wp-content\/uploads\/2026\/05\/HTF-05-NT.jpg\",\"width\":2048,\"height\":2048,\"caption\":\"Klappbarer Lernturm aus Holz ZigZag, Produktansicht\"},{\"@type\":\"BreadcrumbList\",\"@id\":\"https:\/\/legandgo.com\/de\/shop\/faltbarer-lernturm\/klappbarer-lernturm-zigzag\/#breadcrumb\",\"itemListElement\":[{\"@type\":\"ListItem\",\"position\":1,\"name\":\"Home\",\"item\":\"https:\/\/legandgo.com\/de\/\"},{\"@type\":\"ListItem\",\"position\":2,\"name\":\"Shop\",\"item\":\"https:\/\/legandgo.com\/de\/shop\/\"},{\"@type\":\"ListItem\",\"position\":3,\"name\":\"Klappbarer Lernturm ZigZag\"}]},{\"@type\":\"WebSite\",\"@id\":\"https:\/\/legandgo.com\/de\/#website\",\"url\":\"https:\/\/legandgo.com\/de\/\",\"name\":\"leg&amp;go\",\"description\":\"\",\"publisher\":{\"@id\":\"https:\/\/legandgo.com\/de\/#organization\"},\"potentialAction\":[{\"@type\":\"SearchAction\",\"target\":{\"@type\":\"EntryPoint\",\"urlTemplate\":\"https:\/\/legandgo.com\/de\/?s={search_term_string}\"},\"query-input\":{\"@type\":\"PropertyValueSpecification\",\"valueRequired\":true,\"valueName\":\"search_term_string\"}}],\"inLanguage\":\"de-DE\"},{\"@type\":\"Organization\",\"@id\":\"https:\/\/legandgo.com\/de\/#organization\",\"name\":\"leg&go bike\",\"url\":\"https:\/\/legandgo.com\/de\/\",\"logo\":{\"@type\":\"ImageObject\",\"inLanguage\":\"de-DE\",\"@id\":\"https:\/\/legandgo.com\/de\/#\/schema\/logo\/image\/\",\"url\":\"https:\/\/legandgo.com\/wp-content\/uploads\/2021\/03\/logorf.png\",\"contentUrl\":\"https:\/\/legandgo.com\/wp-content\/uploads\/2021\/03\/logorf.png\",\"width\":675,\"height\":216,\"caption\":\"leg&go bike\"},\"image\":{\"@id\":\"https:\/\/legandgo.com\/de\/#\/schema\/logo\/image\/\"},\"sameAs\":[\"https:\/\/www.facebook.com\/legandgo\",\"https:\/\/www.instagram.com\/legandgo\/\",\"https:\/\/www.linkedin.com\/company\/legandgo\/\",\"https:\/\/www.pinterest.com\/legandgo\/\",\"https:\/\/www.youtube.com\/channel\/UC_FBzWPmKWE0g7fcR4Xdfuw\/\"]}]}<\/script>\n<!-- \/ Yoast SEO plugin. -->","yoast_head_json":{"title":"Klappbarer Lernturm ZigZag &#183; leg&amp;go","description":"Klappbarer Lernturm mit Sicherheitsstange und kompaktem Design. Erm\u00f6glicht Ihrem Kind, Arbeitsfl\u00e4chen sicher zu erreichen und am Alltag teilzunehmen.","robots":{"index":"index","follow":"follow","max-snippet":"max-snippet:-1","max-image-preview":"max-image-preview:large","max-video-preview":"max-video-preview:-1"},"canonical":"https:\/\/legandgo.com\/de\/shop\/faltbarer-lernturm\/klappbarer-lernturm-zigzag\/","og_locale":"de_DE","og_type":"article","og_title":"Klappbarer Lernturm ZigZag &#183; leg&amp;go","og_description":"Klappbarer Lernturm mit Sicherheitsstange und kompaktem Design. Erm\u00f6glicht Ihrem Kind, Arbeitsfl\u00e4chen sicher zu erreichen und am Alltag teilzunehmen.","og_url":"https:\/\/legandgo.com\/de\/shop\/faltbarer-lernturm\/klappbarer-lernturm-zigzag\/","og_site_name":"leg&amp;go","article_publisher":"https:\/\/www.facebook.com\/legandgo","article_modified_time":"2026-05-08T06:23:51+00:00","og_image":[{"width":2048,"height":2048,"url":"https:\/\/legandgo.com\/wp-content\/uploads\/2026\/05\/HTF-05-NT.jpg","type":"image\/jpeg"}],"twitter_card":"summary_large_image","schema":{"@context":"https:\/\/schema.org","@graph":[{"@type":"WebPage","@id":"https:\/\/legandgo.com\/de\/shop\/faltbarer-lernturm\/klappbarer-lernturm-zigzag\/","url":"https:\/\/legandgo.com\/de\/shop\/faltbarer-lernturm\/klappbarer-lernturm-zigzag\/","name":"Klappbarer Lernturm ZigZag &#183; leg&amp;go","isPartOf":{"@id":"https:\/\/legandgo.com\/de\/#website"},"primaryImageOfPage":{"@id":"https:\/\/legandgo.com\/de\/shop\/faltbarer-lernturm\/klappbarer-lernturm-zigzag\/#primaryimage"},"image":{"@id":"https:\/\/legandgo.com\/de\/shop\/faltbarer-lernturm\/klappbarer-lernturm-zigzag\/#primaryimage"},"thumbnailUrl":"https:\/\/legandgo.com\/wp-content\/uploads\/2026\/05\/HTF-05-NT.jpg","datePublished":"2026-05-07T10:32:05+00:00","dateModified":"2026-05-08T06:23:51+00:00","description":"Klappbarer Lernturm mit Sicherheitsstange und kompaktem Design. Erm\u00f6glicht Ihrem Kind, Arbeitsfl\u00e4chen sicher zu erreichen und am Alltag teilzunehmen.","breadcrumb":{"@id":"https:\/\/legandgo.com\/de\/shop\/faltbarer-lernturm\/klappbarer-lernturm-zigzag\/#breadcrumb"},"inLanguage":"de-DE","potentialAction":[{"@type":"ReadAction","target":["https:\/\/legandgo.com\/de\/shop\/faltbarer-lernturm\/klappbarer-lernturm-zigzag\/"]}]},{"@type":"ImageObject","inLanguage":"de-DE","@id":"https:\/\/legandgo.com\/de\/shop\/faltbarer-lernturm\/klappbarer-lernturm-zigzag\/#primaryimage","url":"https:\/\/legandgo.com\/wp-content\/uploads\/2026\/05\/HTF-05-NT.jpg","contentUrl":"https:\/\/legandgo.com\/wp-content\/uploads\/2026\/05\/HTF-05-NT.jpg","width":2048,"height":2048,"caption":"Klappbarer Lernturm aus Holz ZigZag, Produktansicht"},{"@type":"BreadcrumbList","@id":"https:\/\/legandgo.com\/de\/shop\/faltbarer-lernturm\/klappbarer-lernturm-zigzag\/#breadcrumb","itemListElement":[{"@type":"ListItem","position":1,"name":"Home","item":"https:\/\/legandgo.com\/de\/"},{"@type":"ListItem","position":2,"name":"Shop","item":"https:\/\/legandgo.com\/de\/shop\/"},{"@type":"ListItem","position":3,"name":"Klappbarer Lernturm ZigZag"}]},{"@type":"WebSite","@id":"https:\/\/legandgo.com\/de\/#website","url":"https:\/\/legandgo.com\/de\/","name":"leg&amp;go","description":"","publisher":{"@id":"https:\/\/legandgo.com\/de\/#organization"},"potentialAction":[{"@type":"SearchAction","target":{"@type":"EntryPoint","urlTemplate":"https:\/\/legandgo.com\/de\/?s={search_term_string}"},"query-input":{"@type":"PropertyValueSpecification","valueRequired":true,"valueName":"search_term_string"}}],"inLanguage":"de-DE"},{"@type":"Organization","@id":"https:\/\/legandgo.com\/de\/#organization","name":"leg&go bike","url":"https:\/\/legandgo.com\/de\/","logo":{"@type":"ImageObject","inLanguage":"de-DE","@id":"https:\/\/legandgo.com\/de\/#\/schema\/logo\/image\/","url":"https:\/\/legandgo.com\/wp-content\/uploads\/2021\/03\/logorf.png","contentUrl":"https:\/\/legandgo.com\/wp-content\/uploads\/2021\/03\/logorf.png","width":675,"height":216,"caption":"leg&go bike"},"image":{"@id":"https:\/\/legandgo.com\/de\/#\/schema\/logo\/image\/"},"sameAs":["https:\/\/www.facebook.com\/legandgo","https:\/\/www.instagram.com\/legandgo\/","https:\/\/www.linkedin.com\/company\/legandgo\/","https:\/\/www.pinterest.com\/legandgo\/","https:\/\/www.youtube.com\/channel\/UC_FBzWPmKWE0g7fcR4Xdfuw\/"]}]}},"_links":{"self":[{"href":"https:\/\/legandgo.com\/de\/wp-json\/wp\/v2\/product\/66639","targetHints":{"allow":["GET"]}}],"collection":[{"href":"https:\/\/legandgo.com\/de\/wp-json\/wp\/v2\/product"}],"about":[{"href":"https:\/\/legandgo.com\/de\/wp-json\/wp\/v2\/types\/product"}],"replies":[{"embeddable":true,"href":"https:\/\/legandgo.com\/de\/wp-json\/wp\/v2\/comments?post=66639"}],"version-history":[{"count":1,"href":"https:\/\/legandgo.com\/de\/wp-json\/wp\/v2\/product\/66639\/revisions"}],"predecessor-version":[{"id":66646,"href":"https:\/\/legandgo.com\/de\/wp-json\/wp\/v2\/product\/66639\/revisions\/66646"}],"wp:featuredmedia":[{"embeddable":true,"href":"https:\/\/legandgo.com\/de\/wp-json\/wp\/v2\/media\/66421"}],"wp:attachment":[{"href":"https:\/\/legandgo.com\/de\/wp-json\/wp\/v2\/media?parent=66639"}],"wp:term":[{"taxonomy":"product_brand","embeddable":true,"href":"https:\/\/legandgo.com\/de\/wp-json\/wp\/v2\/product_brand?post=66639"},{"taxonomy":"product_cat","embeddable":true,"href":"https:\/\/legandgo.com\/de\/wp-json\/wp\/v2\/product_cat?post=66639"},{"taxonomy":"product_tag","embeddable":true,"href":"https:\/\/legandgo.com\/de\/wp-json\/wp\/v2\/product_tag?post=66639"}],"curies":[{"name":"wp","href":"https:\/\/api.w.org\/{rel}","templated":true}]}}